{"id":20955,"date":"2025-01-13T15:48:35","date_gmt":"2025-01-13T15:48:35","guid":{"rendered":"https:\/\/aivlisoft.com\/?post_type=product&#038;p=20955"},"modified":"2025-01-14T11:53:36","modified_gmt":"2025-01-14T11:53:36","slug":"d-link-dis-100g-5w-switch-industrial-5xgb","status":"publish","type":"product","link":"https:\/\/aivlisoft.net\/shop\/producto\/d-link-dis-100g-5w-switch-industrial-5xgb\/","title":{"rendered":"D-Link DIS-100G-5W Switch Industrial 5xGB"},"content":{"rendered":"<p>&nbsp;<\/p>\n<table class=\"tabla_caracteristicas k-table\" width=\"100%\">\n<tbody>\n<tr>\n<td valign=\"top\"><strong>Marca<\/strong><\/td>\n<td>D-Link<\/td>\n<\/tr>\n<tr>\n<td valign=\"top\"><strong>Modelo<\/strong><\/td>\n<td><strong>DIS-100G-5W<\/strong><\/td>\n<\/tr>\n<tr>\n<td valign=\"top\">\n<div><strong>Caracter&iacute;sticas <\/strong><\/div>\n<div><strong><br type=\"_moz\" \/><\/strong><\/div>\n<\/td>\n<td><strong>General <\/strong><br \/>&#8211; Tipo de dispositivo: Conmutador &#8211; 5 puertos &#8211; sin gestionar<br \/>&#8211; Tipo de caja: Montaje en riel DIN,montaje en pared<br \/>&#8211; Subtipo: Gigabit Ethernet<br \/>&#8211; Puertos: 5 x 10\/100\/1000<br \/>&#8211; Capacidad: Colas por puerto:4<br \/>&#8211; Tama&ntilde;o de tabla de direcci&oacute;n MAC: 2K de entradas<br \/>&#8211; Admite carcasa Jumbo: 9KB<br \/>&#8211; Caracter&iacute;sticas: Se&ntilde;al ascendente autom&aacute;tica (MDI\/MDI-X autom&aacute;tico),limitaci&oacute;n de tr&aacute;fico,store and forward,Broadcast Storm Control,mitad modo d&uacute;plex,modo d&uacute;plex completo,Multicast Storm Control,sin ventilador,resistente,Flooding Storm Control<br \/>&#8211; Cumplimiento de normas: IEEE 802.1p,IEEE 802.3x<br \/>&#8211; Indicadores de estado: Alimentaci&oacute;n,enlace\/velocidad<br \/><strong>Interfaces<\/strong><br \/>&#8211; 5 x 1000Base-T RJ-45<br \/><strong>Alimentaci&oacute;n <\/strong><br \/>&#8211; Cantidad instalada: 2 (m&aacute;x.)<br \/>&#8211; Redundancia de alimentaci&oacute;n: S&iacute;<br \/><strong>Diverso <\/strong><br \/>&#8211; MTBF (tiempo medio entre errores): 25 a&ntilde;os<br \/>&#8211; Cumplimiento de normas: Plug and Play,EN 61000-4-4,EN 61000-4-2,EN 61000-4-3,EN 61000-4-6,EN 61000-4-5,EN 61000-6-2,RoHS,EN 61000-6-4,WEEE,IEC 60068-2-27,IEC 60068-2-32,IEC 60068-2-6,IP30<br \/><strong>Dimensiones y peso <\/strong><br \/>&#8211; Anchura: 11.22 cm<br \/>&#8211; Profundidad: 2.91 cm<br \/>&#8211; Altura: 8.94 cm<br \/>&#8211; Peso: 295 g<br \/><strong>Par&aacute;metros de entorno <\/strong><br \/>&#8211; Temperatura m&iacute;nima de funcionamiento: -40 &deg;C<br \/>&#8211; Temperatura m&aacute;xima de funcionamiento: 75 &deg;C<br \/>&#8211; &Aacute;mbito de humedad de funcionamiento: 5 &#8211; 95%<br \/>&#8211; Temperatura m&iacute;nima de almacenamiento: -40 &deg;C<br \/>&#8211; Temperatura m&aacute;xima de almacenamiento: 85 &deg;C<br \/>&#8211; &Aacute;mbito de humedad de almacenamiento: 5 &#8211; 95% <\/td>\n<\/tr>\n<tr>\n<td valign=\"top\"><strong>Fecha de revisi&oacute;n<\/strong><\/td>\n<td>17-09-2018 por AVN<\/td>\n<\/tr>\n<\/tbody>\n<\/table>\n","protected":false},"excerpt":{"rendered":"<p>&nbsp; Marca D-Link Modelo DIS-100G-5W Caracter&iacute;sticas General &#8211; Tipo de dispositivo: Conmutador &#8211; 5 puertos &#8211; sin gestionar&#8211; Tipo de caja: Montaje en riel DIN,montaje en pared&#8211; Subtipo: Gigabit Ethernet&#8211; Puertos: 5 x 10\/100\/1000&#8211; Capacidad: Colas por puerto:4&#8211; Tama&ntilde;o de tabla de direcci&oacute;n MAC: 2K de entradas&#8211; Admite carcasa Jumbo: 9KB&#8211; Caracter&iacute;sticas: Se&ntilde;al ascendente autom&aacute;tica&hellip;&nbsp;<a href=\"https:\/\/aivlisoft.net\/shop\/producto\/d-link-dis-100g-5w-switch-industrial-5xgb\/\" rel=\"bookmark\"><span class=\"screen-reader-text\">D-Link DIS-100G-5W Switch Industrial 5xGB<\/span><\/a><\/p>\n","protected":false},"featured_media":20956,"template":"","meta":{"neve_meta_sidebar":"","neve_meta_container":"","neve_meta_enable_content_width":"","neve_meta_content_width":0,"neve_meta_title_alignment":"","neve_meta_author_avatar":"","neve_post_elements_order":"","neve_meta_disable_header":"","neve_meta_disable_footer":"","neve_meta_disable_title":""},"product_brand":[],"product_cat":[8772],"product_tag":[7441],"class_list":{"0":"post-20955","1":"product","2":"type-product","3":"status-publish","4":"has-post-thumbnail","6":"product_cat-switches-industriales","7":"product_tag-dis-100g-5w","9":"first","10":"instock","11":"taxable","12":"shipping-taxable","13":"purchasable","14":"product-type-simple"},"yoast_head":"<!-- This site is optimized with the Yoast SEO plugin v26.0 - https:\/\/yoast.com\/wordpress\/plugins\/seo\/ -->\n<title>D-Link DIS-100G-5W Switch Industrial 5xGB - Aivlisoft Inform\u00e1tica<\/title>\n<meta name=\"robots\" content=\"index, follow, max-snippet:-1, max-image-preview:large, max-video-preview:-1\" \/>\n<link rel=\"canonical\" href=\"https:\/\/aivlisoft.net\/shop\/producto\/d-link-dis-100g-5w-switch-industrial-5xgb\/\" \/>\n<meta property=\"og:locale\" content=\"es_ES\" \/>\n<meta property=\"og:type\" content=\"article\" \/>\n<meta property=\"og:title\" content=\"D-Link DIS-100G-5W Switch Industrial 5xGB - Aivlisoft Inform\u00e1tica\" \/>\n<meta property=\"og:description\" content=\"&nbsp; Marca D-Link Modelo DIS-100G-5W Caracter&iacute;sticas General &#8211; Tipo de dispositivo: Conmutador &#8211; 5 puertos &#8211; sin gestionar&#8211; Tipo de caja: Montaje en riel DIN,montaje en pared&#8211; Subtipo: Gigabit Ethernet&#8211; Puertos: 5 x 10\/100\/1000&#8211; Capacidad: Colas por puerto:4&#8211; Tama&ntilde;o de tabla de direcci&oacute;n MAC: 2K de entradas&#8211; Admite carcasa Jumbo: 9KB&#8211; Caracter&iacute;sticas: Se&ntilde;al ascendente autom&aacute;tica&hellip;&nbsp;D-Link DIS-100G-5W Switch Industrial 5xGB\" \/>\n<meta property=\"og:url\" content=\"https:\/\/aivlisoft.net\/shop\/producto\/d-link-dis-100g-5w-switch-industrial-5xgb\/\" \/>\n<meta property=\"og:site_name\" content=\"Aivlisoft Inform\u00e1tica\" \/>\n<meta property=\"article:modified_time\" content=\"2025-01-14T11:53:36+00:00\" \/>\n<meta property=\"og:image\" content=\"https:\/\/aivlisoft.net\/shop\/wp-content\/uploads\/2025\/01\/NSWSID0008_800.jpg\" \/>\n\t<meta property=\"og:image:width\" content=\"800\" \/>\n\t<meta property=\"og:image:height\" content=\"800\" \/>\n\t<meta property=\"og:image:type\" content=\"image\/jpeg\" \/>\n<meta name=\"twitter:card\" content=\"summary_large_image\" \/>\n<meta name=\"twitter:label1\" content=\"Tiempo de lectura\" \/>\n\t<meta name=\"twitter:data1\" content=\"1 minuto\" \/>\n<script type=\"application\/ld+json\" class=\"yoast-schema-graph\">{\"@context\":\"https:\/\/schema.org\",\"@graph\":[{\"@type\":\"WebPage\",\"@id\":\"https:\/\/aivlisoft.net\/shop\/producto\/d-link-dis-100g-5w-switch-industrial-5xgb\/\",\"url\":\"https:\/\/aivlisoft.net\/shop\/producto\/d-link-dis-100g-5w-switch-industrial-5xgb\/\",\"name\":\"D-Link DIS-100G-5W Switch Industrial 5xGB - Aivlisoft Inform\u00e1tica\",\"isPartOf\":{\"@id\":\"https:\/\/aivlisoft.net\/shop\/#website\"},\"primaryImageOfPage\":{\"@id\":\"https:\/\/aivlisoft.net\/shop\/producto\/d-link-dis-100g-5w-switch-industrial-5xgb\/#primaryimage\"},\"image\":{\"@id\":\"https:\/\/aivlisoft.net\/shop\/producto\/d-link-dis-100g-5w-switch-industrial-5xgb\/#primaryimage\"},\"thumbnailUrl\":\"https:\/\/aivlisoft.net\/shop\/wp-content\/uploads\/2025\/01\/NSWSID0008_800.jpg\",\"datePublished\":\"2025-01-13T15:48:35+00:00\",\"dateModified\":\"2025-01-14T11:53:36+00:00\",\"breadcrumb\":{\"@id\":\"https:\/\/aivlisoft.net\/shop\/producto\/d-link-dis-100g-5w-switch-industrial-5xgb\/#breadcrumb\"},\"inLanguage\":\"es\",\"potentialAction\":[{\"@type\":\"ReadAction\",\"target\":[\"https:\/\/aivlisoft.net\/shop\/producto\/d-link-dis-100g-5w-switch-industrial-5xgb\/\"]}]},{\"@type\":\"ImageObject\",\"inLanguage\":\"es\",\"@id\":\"https:\/\/aivlisoft.net\/shop\/producto\/d-link-dis-100g-5w-switch-industrial-5xgb\/#primaryimage\",\"url\":\"https:\/\/aivlisoft.net\/shop\/wp-content\/uploads\/2025\/01\/NSWSID0008_800.jpg\",\"contentUrl\":\"https:\/\/aivlisoft.net\/shop\/wp-content\/uploads\/2025\/01\/NSWSID0008_800.jpg\",\"width\":800,\"height\":800},{\"@type\":\"BreadcrumbList\",\"@id\":\"https:\/\/aivlisoft.net\/shop\/producto\/d-link-dis-100g-5w-switch-industrial-5xgb\/#breadcrumb\",\"itemListElement\":[{\"@type\":\"ListItem\",\"position\":1,\"name\":\"Portada\",\"item\":\"https:\/\/aivlisoft.net\/shop\/\"},{\"@type\":\"ListItem\",\"position\":2,\"name\":\"Tienda\",\"item\":\"https:\/\/aivlisoft.net\/shop\/tienda\/\"},{\"@type\":\"ListItem\",\"position\":3,\"name\":\"D-Link DIS-100G-5W Switch Industrial 5xGB\"}]},{\"@type\":\"WebSite\",\"@id\":\"https:\/\/aivlisoft.net\/shop\/#website\",\"url\":\"https:\/\/aivlisoft.net\/shop\/\",\"name\":\"Aivlisoft Inform\u00e1tica\",\"description\":\"En Aivlisoft Inform\u00e1tica ofrecemos soluciones tecnol\u00f3gicas para empresas: venta de ordenadores, consumibles, perif\u00e9ricos y m\u00e1s. Calidad, atenci\u00f3n personalizada y los mejores precios para tu negocio.\",\"publisher\":{\"@id\":\"https:\/\/aivlisoft.net\/shop\/#organization\"},\"potentialAction\":[{\"@type\":\"SearchAction\",\"target\":{\"@type\":\"EntryPoint\",\"urlTemplate\":\"https:\/\/aivlisoft.net\/shop\/?s={search_term_string}\"},\"query-input\":{\"@type\":\"PropertyValueSpecification\",\"valueRequired\":true,\"valueName\":\"search_term_string\"}}],\"inLanguage\":\"es\"},{\"@type\":\"Organization\",\"@id\":\"https:\/\/aivlisoft.net\/shop\/#organization\",\"name\":\"Aivlisoft Inform\u00e1tica\",\"url\":\"https:\/\/aivlisoft.net\/shop\/\",\"logo\":{\"@type\":\"ImageObject\",\"inLanguage\":\"es\",\"@id\":\"https:\/\/aivlisoft.net\/shop\/#\/schema\/logo\/image\/\",\"url\":\"https:\/\/aivlisoft.net\/shop\/wp-content\/uploads\/2024\/12\/removal.ai_5b848c54-0cdf-4140-95c5-c5536bb7573b-logodef.png\",\"contentUrl\":\"https:\/\/aivlisoft.net\/shop\/wp-content\/uploads\/2024\/12\/removal.ai_5b848c54-0cdf-4140-95c5-c5536bb7573b-logodef.png\",\"width\":484,\"height\":182,\"caption\":\"Aivlisoft Inform\u00e1tica\"},\"image\":{\"@id\":\"https:\/\/aivlisoft.net\/shop\/#\/schema\/logo\/image\/\"}}]}<\/script>\n<!-- \/ Yoast SEO plugin. -->","yoast_head_json":{"title":"D-Link DIS-100G-5W Switch Industrial 5xGB - Aivlisoft Inform\u00e1tica","robots":{"index":"index","follow":"follow","max-snippet":"max-snippet:-1","max-image-preview":"max-image-preview:large","max-video-preview":"max-video-preview:-1"},"canonical":"https:\/\/aivlisoft.net\/shop\/producto\/d-link-dis-100g-5w-switch-industrial-5xgb\/","og_locale":"es_ES","og_type":"article","og_title":"D-Link DIS-100G-5W Switch Industrial 5xGB - Aivlisoft Inform\u00e1tica","og_description":"&nbsp; Marca D-Link Modelo DIS-100G-5W Caracter&iacute;sticas General &#8211; Tipo de dispositivo: Conmutador &#8211; 5 puertos &#8211; sin gestionar&#8211; Tipo de caja: Montaje en riel DIN,montaje en pared&#8211; Subtipo: Gigabit Ethernet&#8211; Puertos: 5 x 10\/100\/1000&#8211; Capacidad: Colas por puerto:4&#8211; Tama&ntilde;o de tabla de direcci&oacute;n MAC: 2K de entradas&#8211; Admite carcasa Jumbo: 9KB&#8211; Caracter&iacute;sticas: Se&ntilde;al ascendente autom&aacute;tica&hellip;&nbsp;D-Link DIS-100G-5W Switch Industrial 5xGB","og_url":"https:\/\/aivlisoft.net\/shop\/producto\/d-link-dis-100g-5w-switch-industrial-5xgb\/","og_site_name":"Aivlisoft Inform\u00e1tica","article_modified_time":"2025-01-14T11:53:36+00:00","og_image":[{"width":800,"height":800,"url":"https:\/\/aivlisoft.net\/shop\/wp-content\/uploads\/2025\/01\/NSWSID0008_800.jpg","type":"image\/jpeg"}],"twitter_card":"summary_large_image","twitter_misc":{"Tiempo de lectura":"1 minuto"},"schema":{"@context":"https:\/\/schema.org","@graph":[{"@type":"WebPage","@id":"https:\/\/aivlisoft.net\/shop\/producto\/d-link-dis-100g-5w-switch-industrial-5xgb\/","url":"https:\/\/aivlisoft.net\/shop\/producto\/d-link-dis-100g-5w-switch-industrial-5xgb\/","name":"D-Link DIS-100G-5W Switch Industrial 5xGB - Aivlisoft Inform\u00e1tica","isPartOf":{"@id":"https:\/\/aivlisoft.net\/shop\/#website"},"primaryImageOfPage":{"@id":"https:\/\/aivlisoft.net\/shop\/producto\/d-link-dis-100g-5w-switch-industrial-5xgb\/#primaryimage"},"image":{"@id":"https:\/\/aivlisoft.net\/shop\/producto\/d-link-dis-100g-5w-switch-industrial-5xgb\/#primaryimage"},"thumbnailUrl":"https:\/\/aivlisoft.net\/shop\/wp-content\/uploads\/2025\/01\/NSWSID0008_800.jpg","datePublished":"2025-01-13T15:48:35+00:00","dateModified":"2025-01-14T11:53:36+00:00","breadcrumb":{"@id":"https:\/\/aivlisoft.net\/shop\/producto\/d-link-dis-100g-5w-switch-industrial-5xgb\/#breadcrumb"},"inLanguage":"es","potentialAction":[{"@type":"ReadAction","target":["https:\/\/aivlisoft.net\/shop\/producto\/d-link-dis-100g-5w-switch-industrial-5xgb\/"]}]},{"@type":"ImageObject","inLanguage":"es","@id":"https:\/\/aivlisoft.net\/shop\/producto\/d-link-dis-100g-5w-switch-industrial-5xgb\/#primaryimage","url":"https:\/\/aivlisoft.net\/shop\/wp-content\/uploads\/2025\/01\/NSWSID0008_800.jpg","contentUrl":"https:\/\/aivlisoft.net\/shop\/wp-content\/uploads\/2025\/01\/NSWSID0008_800.jpg","width":800,"height":800},{"@type":"BreadcrumbList","@id":"https:\/\/aivlisoft.net\/shop\/producto\/d-link-dis-100g-5w-switch-industrial-5xgb\/#breadcrumb","itemListElement":[{"@type":"ListItem","position":1,"name":"Portada","item":"https:\/\/aivlisoft.net\/shop\/"},{"@type":"ListItem","position":2,"name":"Tienda","item":"https:\/\/aivlisoft.net\/shop\/tienda\/"},{"@type":"ListItem","position":3,"name":"D-Link DIS-100G-5W Switch Industrial 5xGB"}]},{"@type":"WebSite","@id":"https:\/\/aivlisoft.net\/shop\/#website","url":"https:\/\/aivlisoft.net\/shop\/","name":"Aivlisoft Inform\u00e1tica","description":"En Aivlisoft Inform\u00e1tica ofrecemos soluciones tecnol\u00f3gicas para empresas: venta de ordenadores, consumibles, perif\u00e9ricos y m\u00e1s. Calidad, atenci\u00f3n personalizada y los mejores precios para tu negocio.","publisher":{"@id":"https:\/\/aivlisoft.net\/shop\/#organization"},"potentialAction":[{"@type":"SearchAction","target":{"@type":"EntryPoint","urlTemplate":"https:\/\/aivlisoft.net\/shop\/?s={search_term_string}"},"query-input":{"@type":"PropertyValueSpecification","valueRequired":true,"valueName":"search_term_string"}}],"inLanguage":"es"},{"@type":"Organization","@id":"https:\/\/aivlisoft.net\/shop\/#organization","name":"Aivlisoft Inform\u00e1tica","url":"https:\/\/aivlisoft.net\/shop\/","logo":{"@type":"ImageObject","inLanguage":"es","@id":"https:\/\/aivlisoft.net\/shop\/#\/schema\/logo\/image\/","url":"https:\/\/aivlisoft.net\/shop\/wp-content\/uploads\/2024\/12\/removal.ai_5b848c54-0cdf-4140-95c5-c5536bb7573b-logodef.png","contentUrl":"https:\/\/aivlisoft.net\/shop\/wp-content\/uploads\/2024\/12\/removal.ai_5b848c54-0cdf-4140-95c5-c5536bb7573b-logodef.png","width":484,"height":182,"caption":"Aivlisoft Inform\u00e1tica"},"image":{"@id":"https:\/\/aivlisoft.net\/shop\/#\/schema\/logo\/image\/"}}]}},"_links":{"self":[{"href":"https:\/\/aivlisoft.net\/shop\/wp-json\/wp\/v2\/product\/20955","targetHints":{"allow":["GET"]}}],"collection":[{"href":"https:\/\/aivlisoft.net\/shop\/wp-json\/wp\/v2\/product"}],"about":[{"href":"https:\/\/aivlisoft.net\/shop\/wp-json\/wp\/v2\/types\/product"}],"wp:featuredmedia":[{"embeddable":true,"href":"https:\/\/aivlisoft.net\/shop\/wp-json\/wp\/v2\/media\/20956"}],"wp:attachment":[{"href":"https:\/\/aivlisoft.net\/shop\/wp-json\/wp\/v2\/media?parent=20955"}],"wp:term":[{"taxonomy":"product_brand","embeddable":true,"href":"https:\/\/aivlisoft.net\/shop\/wp-json\/wp\/v2\/product_brand?post=20955"},{"taxonomy":"product_cat","embeddable":true,"href":"https:\/\/aivlisoft.net\/shop\/wp-json\/wp\/v2\/product_cat?post=20955"},{"taxonomy":"product_tag","embeddable":true,"href":"https:\/\/aivlisoft.net\/shop\/wp-json\/wp\/v2\/product_tag?post=20955"}],"curies":[{"name":"wp","href":"https:\/\/api.w.org\/{rel}","templated":true}]}}