{"id":20944,"date":"2025-01-13T15:48:25","date_gmt":"2025-01-13T15:48:25","guid":{"rendered":"https:\/\/aivlisoft.com\/?post_type=product&#038;p=20944"},"modified":"2025-01-14T11:53:29","modified_gmt":"2025-01-14T11:53:29","slug":"d-link-dis-100e-8w-switch-industrial-8x10-100mbps","status":"publish","type":"product","link":"https:\/\/aivlisoft.net\/shop\/producto\/d-link-dis-100e-8w-switch-industrial-8x10-100mbps\/","title":{"rendered":"D-Link DIS-100E-8W Switch Industrial 8&#215;10\/100Mbps"},"content":{"rendered":"<p><\/p>\n<table class=\"tabla_caracteristicas k-table\" width=\"100%\">\n<tbody>\n<tr>\n<td valign=\"top\"><strong>Marca<\/strong><\/td>\n<td>D-Link<\/td>\n<\/tr>\n<tr>\n<td valign=\"top\"><strong>Modelo<\/strong><\/td>\n<td><strong>DIS-100E-8W<\/strong><\/td>\n<\/tr>\n<tr>\n<td valign=\"top\">\n<div><strong>Caracter&iacute;sticas <\/strong><\/div>\n<div><strong><br \/><\/strong><\/div>\n<\/td>\n<td><strong>Interfaces<\/strong><br \/>&#8211; 8 x 10 puertos \/ 100BaseT (X)<br \/>&#8211; Modo de funcionamiento: almacenar y reenviar, motor de conmutaci&oacute;n L2 de velocidad de cable \/ sin bloqueo<br \/>&#8211; Direcciones MAC: 1K<br \/>&#8211; Control de flujo: IEEE 802.3x (Full Duplex) y Back-Pressure (Half Duplex)<br \/>&#8211; Contacto de falla: Salida de rel&eacute; de alarma de alimentaci&oacute;n<br \/>&#8211; Interruptores DIP: activar \/ desactivar la protecci&oacute;n contra tormentas de difusi&oacute;n<br \/>&nbsp; Activar \/ desactivar la alarma de encendido<br \/><strong>Puertos de cobre RJ45<\/strong><br \/>&#8211; Velocidad: 10\/100 Mbps<br \/>&#8211; Crossover autom&aacute;tico MDI \/ MDIX: admite cables con cables rectos o cruzados<br \/>&#8211; Negociaci&oacute;n autom&aacute;tica: autonegociaci&oacute;n de velocidad de 10\/100 Mbps; Full y half duplex<br \/><strong>Energ&iacute;a<\/strong><br \/>&#8211; Entrada de energ&iacute;a: Terminales de entrada redundantes<br \/>&nbsp; Protecci&oacute;n de potencia inversa<br \/>&#8211; Rango de voltaje de entrada: 12-58 VDC<br \/>&#8211; Consumo de energ&iacute;a: potencia de reserva: 1.41W<br \/>&nbsp; Max. potencia: 1.64W<br \/>&#8211; Fuentes de alimentaci&oacute;n compatibles: DIS-H30-24<br \/>&nbsp; DIS-H60-24<br \/>&nbsp; DIS-N240-48<br \/>&nbsp; DIS-N480-48<br \/><strong>Idicadores<\/strong><br \/>&#8211; Estado de energ&iacute;a: Indicaci&oacute;n del estado de entrada de energ&iacute;a<br \/>&#8211; Puerto Ethernet: enlace y velocidad<br \/><strong>Ambientales y cumplidos<\/strong><br \/>&#8211; Rango de temperatura de funcionamiento: -40 a + 75 &deg; C<br \/>&#8211; Rango de temperatura de almacenamiento: -40 a + 85 &deg; C<br \/>&#8211; Humedad (sin condensaci&oacute;n): 5 a 95% de HR<br \/>&#8211; Vibraci&oacute;n, golpes y ca&iacute;da libre: vibraci&oacute;n: IEC60068-2-6<br \/>&nbsp; Choque: IEC60068-2-27<br \/>&nbsp; Ca&iacute;da libre: IEC60068-2-32<br \/>&#8211; Cumplimiento de la certificaci&oacute;n: conformidad UL 60950-1<br \/>&nbsp; CE<br \/>&nbsp; FCC<br \/>&#8211; Seguridad el&eacute;ctrica: CSA C22<br \/>&nbsp; CE<br \/>&#8211; EMC: FCC, parte 15, EN 61000-6-2, EN 61000-6-4, EN 61000-4-2, -3, -4, -5, -6 (nivel 3)<br \/>&#8211; RoHS y WEEE: RoHS (sin Pb) y RAEE.<br \/>&#8211; MTBF:&gt; 25 a&ntilde;os<br \/><strong>Mec&aacute;nico<\/strong><br \/>&#8211; Protecci&oacute;n de ingreso: IP30<br \/>&#8211; Opciones de instalaci&oacute;n: montaje en riel DIN<br \/>&nbsp; Montaje en pared<br \/>&#8211; Dimensiones: 117.8 x 39 x 96.9 mm<br \/>&#8211; Peso: 405 g<\/td>\n<\/tr>\n<tr>\n<td valign=\"top\"><strong>Fecha de revisi&oacute;n<\/strong><\/td>\n<td>17-09-2018 por MSB<\/td>\n<\/tr>\n<\/tbody>\n<\/table>\n","protected":false},"excerpt":{"rendered":"<p>Marca D-Link Modelo DIS-100E-8W Caracter&iacute;sticas Interfaces&#8211; 8 x 10 puertos \/ 100BaseT (X)&#8211; Modo de funcionamiento: almacenar y reenviar, motor de conmutaci&oacute;n L2 de velocidad de cable \/ sin bloqueo&#8211; Direcciones MAC: 1K&#8211; Control de flujo: IEEE 802.3x (Full Duplex) y Back-Pressure (Half Duplex)&#8211; Contacto de falla: Salida de rel&eacute; de alarma de alimentaci&oacute;n&#8211; Interruptores&hellip;&nbsp;<a href=\"https:\/\/aivlisoft.net\/shop\/producto\/d-link-dis-100e-8w-switch-industrial-8x10-100mbps\/\" rel=\"bookmark\"><span class=\"screen-reader-text\">D-Link DIS-100E-8W Switch Industrial 8&#215;10\/100Mbps<\/span><\/a><\/p>\n","protected":false},"featured_media":20945,"template":"","meta":{"neve_meta_sidebar":"","neve_meta_container":"","neve_meta_enable_content_width":"","neve_meta_content_width":0,"neve_meta_title_alignment":"","neve_meta_author_avatar":"","neve_post_elements_order":"","neve_meta_disable_header":"","neve_meta_disable_footer":"","neve_meta_disable_title":""},"product_brand":[],"product_cat":[8772],"product_tag":[7436],"class_list":{"0":"post-20944","1":"product","2":"type-product","3":"status-publish","4":"has-post-thumbnail","6":"product_cat-switches-industriales","7":"product_tag-dis-100e-8w","9":"first","10":"instock","11":"taxable","12":"shipping-taxable","13":"purchasable","14":"product-type-simple"},"yoast_head":"<!-- This site is optimized with the Yoast SEO plugin v26.0 - https:\/\/yoast.com\/wordpress\/plugins\/seo\/ -->\n<title>D-Link DIS-100E-8W Switch Industrial 8x10\/100Mbps - Aivlisoft Inform\u00e1tica<\/title>\n<meta name=\"robots\" content=\"index, follow, max-snippet:-1, max-image-preview:large, max-video-preview:-1\" \/>\n<link rel=\"canonical\" href=\"https:\/\/aivlisoft.net\/shop\/producto\/d-link-dis-100e-8w-switch-industrial-8x10-100mbps\/\" \/>\n<meta property=\"og:locale\" content=\"es_ES\" \/>\n<meta property=\"og:type\" content=\"article\" \/>\n<meta property=\"og:title\" content=\"D-Link DIS-100E-8W Switch Industrial 8x10\/100Mbps - Aivlisoft Inform\u00e1tica\" \/>\n<meta property=\"og:description\" content=\"Marca D-Link Modelo DIS-100E-8W Caracter&iacute;sticas Interfaces&#8211; 8 x 10 puertos \/ 100BaseT (X)&#8211; Modo de funcionamiento: almacenar y reenviar, motor de conmutaci&oacute;n L2 de velocidad de cable \/ sin bloqueo&#8211; Direcciones MAC: 1K&#8211; Control de flujo: IEEE 802.3x (Full Duplex) y Back-Pressure (Half Duplex)&#8211; Contacto de falla: Salida de rel&eacute; de alarma de alimentaci&oacute;n&#8211; Interruptores&hellip;&nbsp;D-Link DIS-100E-8W Switch Industrial 8&#215;10\/100Mbps\" \/>\n<meta property=\"og:url\" content=\"https:\/\/aivlisoft.net\/shop\/producto\/d-link-dis-100e-8w-switch-industrial-8x10-100mbps\/\" \/>\n<meta property=\"og:site_name\" content=\"Aivlisoft Inform\u00e1tica\" \/>\n<meta property=\"article:modified_time\" content=\"2025-01-14T11:53:29+00:00\" \/>\n<meta property=\"og:image\" content=\"https:\/\/aivlisoft.net\/shop\/wp-content\/uploads\/2025\/01\/NSWSID0003_800.jpg\" \/>\n\t<meta property=\"og:image:width\" content=\"800\" \/>\n\t<meta property=\"og:image:height\" content=\"800\" \/>\n\t<meta property=\"og:image:type\" content=\"image\/jpeg\" \/>\n<meta name=\"twitter:card\" content=\"summary_large_image\" \/>\n<meta name=\"twitter:label1\" content=\"Tiempo de lectura\" \/>\n\t<meta name=\"twitter:data1\" content=\"2 minutos\" \/>\n<script type=\"application\/ld+json\" class=\"yoast-schema-graph\">{\"@context\":\"https:\/\/schema.org\",\"@graph\":[{\"@type\":\"WebPage\",\"@id\":\"https:\/\/aivlisoft.net\/shop\/producto\/d-link-dis-100e-8w-switch-industrial-8x10-100mbps\/\",\"url\":\"https:\/\/aivlisoft.net\/shop\/producto\/d-link-dis-100e-8w-switch-industrial-8x10-100mbps\/\",\"name\":\"D-Link DIS-100E-8W Switch Industrial 8x10\/100Mbps - Aivlisoft Inform\u00e1tica\",\"isPartOf\":{\"@id\":\"https:\/\/aivlisoft.net\/shop\/#website\"},\"primaryImageOfPage\":{\"@id\":\"https:\/\/aivlisoft.net\/shop\/producto\/d-link-dis-100e-8w-switch-industrial-8x10-100mbps\/#primaryimage\"},\"image\":{\"@id\":\"https:\/\/aivlisoft.net\/shop\/producto\/d-link-dis-100e-8w-switch-industrial-8x10-100mbps\/#primaryimage\"},\"thumbnailUrl\":\"https:\/\/aivlisoft.net\/shop\/wp-content\/uploads\/2025\/01\/NSWSID0003_800.jpg\",\"datePublished\":\"2025-01-13T15:48:25+00:00\",\"dateModified\":\"2025-01-14T11:53:29+00:00\",\"breadcrumb\":{\"@id\":\"https:\/\/aivlisoft.net\/shop\/producto\/d-link-dis-100e-8w-switch-industrial-8x10-100mbps\/#breadcrumb\"},\"inLanguage\":\"es\",\"potentialAction\":[{\"@type\":\"ReadAction\",\"target\":[\"https:\/\/aivlisoft.net\/shop\/producto\/d-link-dis-100e-8w-switch-industrial-8x10-100mbps\/\"]}]},{\"@type\":\"ImageObject\",\"inLanguage\":\"es\",\"@id\":\"https:\/\/aivlisoft.net\/shop\/producto\/d-link-dis-100e-8w-switch-industrial-8x10-100mbps\/#primaryimage\",\"url\":\"https:\/\/aivlisoft.net\/shop\/wp-content\/uploads\/2025\/01\/NSWSID0003_800.jpg\",\"contentUrl\":\"https:\/\/aivlisoft.net\/shop\/wp-content\/uploads\/2025\/01\/NSWSID0003_800.jpg\",\"width\":800,\"height\":800},{\"@type\":\"BreadcrumbList\",\"@id\":\"https:\/\/aivlisoft.net\/shop\/producto\/d-link-dis-100e-8w-switch-industrial-8x10-100mbps\/#breadcrumb\",\"itemListElement\":[{\"@type\":\"ListItem\",\"position\":1,\"name\":\"Portada\",\"item\":\"https:\/\/aivlisoft.net\/shop\/\"},{\"@type\":\"ListItem\",\"position\":2,\"name\":\"Tienda\",\"item\":\"https:\/\/aivlisoft.net\/shop\/tienda\/\"},{\"@type\":\"ListItem\",\"position\":3,\"name\":\"D-Link DIS-100E-8W Switch Industrial 8&#215;10\/100Mbps\"}]},{\"@type\":\"WebSite\",\"@id\":\"https:\/\/aivlisoft.net\/shop\/#website\",\"url\":\"https:\/\/aivlisoft.net\/shop\/\",\"name\":\"Aivlisoft Inform\u00e1tica\",\"description\":\"En Aivlisoft Inform\u00e1tica ofrecemos soluciones tecnol\u00f3gicas para empresas: venta de ordenadores, consumibles, perif\u00e9ricos y m\u00e1s. Calidad, atenci\u00f3n personalizada y los mejores precios para tu negocio.\",\"publisher\":{\"@id\":\"https:\/\/aivlisoft.net\/shop\/#organization\"},\"potentialAction\":[{\"@type\":\"SearchAction\",\"target\":{\"@type\":\"EntryPoint\",\"urlTemplate\":\"https:\/\/aivlisoft.net\/shop\/?s={search_term_string}\"},\"query-input\":{\"@type\":\"PropertyValueSpecification\",\"valueRequired\":true,\"valueName\":\"search_term_string\"}}],\"inLanguage\":\"es\"},{\"@type\":\"Organization\",\"@id\":\"https:\/\/aivlisoft.net\/shop\/#organization\",\"name\":\"Aivlisoft Inform\u00e1tica\",\"url\":\"https:\/\/aivlisoft.net\/shop\/\",\"logo\":{\"@type\":\"ImageObject\",\"inLanguage\":\"es\",\"@id\":\"https:\/\/aivlisoft.net\/shop\/#\/schema\/logo\/image\/\",\"url\":\"https:\/\/aivlisoft.net\/shop\/wp-content\/uploads\/2024\/12\/removal.ai_5b848c54-0cdf-4140-95c5-c5536bb7573b-logodef.png\",\"contentUrl\":\"https:\/\/aivlisoft.net\/shop\/wp-content\/uploads\/2024\/12\/removal.ai_5b848c54-0cdf-4140-95c5-c5536bb7573b-logodef.png\",\"width\":484,\"height\":182,\"caption\":\"Aivlisoft Inform\u00e1tica\"},\"image\":{\"@id\":\"https:\/\/aivlisoft.net\/shop\/#\/schema\/logo\/image\/\"}}]}<\/script>\n<!-- \/ Yoast SEO plugin. -->","yoast_head_json":{"title":"D-Link DIS-100E-8W Switch Industrial 8x10\/100Mbps - Aivlisoft Inform\u00e1tica","robots":{"index":"index","follow":"follow","max-snippet":"max-snippet:-1","max-image-preview":"max-image-preview:large","max-video-preview":"max-video-preview:-1"},"canonical":"https:\/\/aivlisoft.net\/shop\/producto\/d-link-dis-100e-8w-switch-industrial-8x10-100mbps\/","og_locale":"es_ES","og_type":"article","og_title":"D-Link DIS-100E-8W Switch Industrial 8x10\/100Mbps - Aivlisoft Inform\u00e1tica","og_description":"Marca D-Link Modelo DIS-100E-8W Caracter&iacute;sticas Interfaces&#8211; 8 x 10 puertos \/ 100BaseT (X)&#8211; Modo de funcionamiento: almacenar y reenviar, motor de conmutaci&oacute;n L2 de velocidad de cable \/ sin bloqueo&#8211; Direcciones MAC: 1K&#8211; Control de flujo: IEEE 802.3x (Full Duplex) y Back-Pressure (Half Duplex)&#8211; Contacto de falla: Salida de rel&eacute; de alarma de alimentaci&oacute;n&#8211; Interruptores&hellip;&nbsp;D-Link DIS-100E-8W Switch Industrial 8&#215;10\/100Mbps","og_url":"https:\/\/aivlisoft.net\/shop\/producto\/d-link-dis-100e-8w-switch-industrial-8x10-100mbps\/","og_site_name":"Aivlisoft Inform\u00e1tica","article_modified_time":"2025-01-14T11:53:29+00:00","og_image":[{"width":800,"height":800,"url":"https:\/\/aivlisoft.net\/shop\/wp-content\/uploads\/2025\/01\/NSWSID0003_800.jpg","type":"image\/jpeg"}],"twitter_card":"summary_large_image","twitter_misc":{"Tiempo de lectura":"2 minutos"},"schema":{"@context":"https:\/\/schema.org","@graph":[{"@type":"WebPage","@id":"https:\/\/aivlisoft.net\/shop\/producto\/d-link-dis-100e-8w-switch-industrial-8x10-100mbps\/","url":"https:\/\/aivlisoft.net\/shop\/producto\/d-link-dis-100e-8w-switch-industrial-8x10-100mbps\/","name":"D-Link DIS-100E-8W Switch Industrial 8x10\/100Mbps - Aivlisoft Inform\u00e1tica","isPartOf":{"@id":"https:\/\/aivlisoft.net\/shop\/#website"},"primaryImageOfPage":{"@id":"https:\/\/aivlisoft.net\/shop\/producto\/d-link-dis-100e-8w-switch-industrial-8x10-100mbps\/#primaryimage"},"image":{"@id":"https:\/\/aivlisoft.net\/shop\/producto\/d-link-dis-100e-8w-switch-industrial-8x10-100mbps\/#primaryimage"},"thumbnailUrl":"https:\/\/aivlisoft.net\/shop\/wp-content\/uploads\/2025\/01\/NSWSID0003_800.jpg","datePublished":"2025-01-13T15:48:25+00:00","dateModified":"2025-01-14T11:53:29+00:00","breadcrumb":{"@id":"https:\/\/aivlisoft.net\/shop\/producto\/d-link-dis-100e-8w-switch-industrial-8x10-100mbps\/#breadcrumb"},"inLanguage":"es","potentialAction":[{"@type":"ReadAction","target":["https:\/\/aivlisoft.net\/shop\/producto\/d-link-dis-100e-8w-switch-industrial-8x10-100mbps\/"]}]},{"@type":"ImageObject","inLanguage":"es","@id":"https:\/\/aivlisoft.net\/shop\/producto\/d-link-dis-100e-8w-switch-industrial-8x10-100mbps\/#primaryimage","url":"https:\/\/aivlisoft.net\/shop\/wp-content\/uploads\/2025\/01\/NSWSID0003_800.jpg","contentUrl":"https:\/\/aivlisoft.net\/shop\/wp-content\/uploads\/2025\/01\/NSWSID0003_800.jpg","width":800,"height":800},{"@type":"BreadcrumbList","@id":"https:\/\/aivlisoft.net\/shop\/producto\/d-link-dis-100e-8w-switch-industrial-8x10-100mbps\/#breadcrumb","itemListElement":[{"@type":"ListItem","position":1,"name":"Portada","item":"https:\/\/aivlisoft.net\/shop\/"},{"@type":"ListItem","position":2,"name":"Tienda","item":"https:\/\/aivlisoft.net\/shop\/tienda\/"},{"@type":"ListItem","position":3,"name":"D-Link DIS-100E-8W Switch Industrial 8&#215;10\/100Mbps"}]},{"@type":"WebSite","@id":"https:\/\/aivlisoft.net\/shop\/#website","url":"https:\/\/aivlisoft.net\/shop\/","name":"Aivlisoft Inform\u00e1tica","description":"En Aivlisoft Inform\u00e1tica ofrecemos soluciones tecnol\u00f3gicas para empresas: venta de ordenadores, consumibles, perif\u00e9ricos y m\u00e1s. Calidad, atenci\u00f3n personalizada y los mejores precios para tu negocio.","publisher":{"@id":"https:\/\/aivlisoft.net\/shop\/#organization"},"potentialAction":[{"@type":"SearchAction","target":{"@type":"EntryPoint","urlTemplate":"https:\/\/aivlisoft.net\/shop\/?s={search_term_string}"},"query-input":{"@type":"PropertyValueSpecification","valueRequired":true,"valueName":"search_term_string"}}],"inLanguage":"es"},{"@type":"Organization","@id":"https:\/\/aivlisoft.net\/shop\/#organization","name":"Aivlisoft Inform\u00e1tica","url":"https:\/\/aivlisoft.net\/shop\/","logo":{"@type":"ImageObject","inLanguage":"es","@id":"https:\/\/aivlisoft.net\/shop\/#\/schema\/logo\/image\/","url":"https:\/\/aivlisoft.net\/shop\/wp-content\/uploads\/2024\/12\/removal.ai_5b848c54-0cdf-4140-95c5-c5536bb7573b-logodef.png","contentUrl":"https:\/\/aivlisoft.net\/shop\/wp-content\/uploads\/2024\/12\/removal.ai_5b848c54-0cdf-4140-95c5-c5536bb7573b-logodef.png","width":484,"height":182,"caption":"Aivlisoft Inform\u00e1tica"},"image":{"@id":"https:\/\/aivlisoft.net\/shop\/#\/schema\/logo\/image\/"}}]}},"_links":{"self":[{"href":"https:\/\/aivlisoft.net\/shop\/wp-json\/wp\/v2\/product\/20944","targetHints":{"allow":["GET"]}}],"collection":[{"href":"https:\/\/aivlisoft.net\/shop\/wp-json\/wp\/v2\/product"}],"about":[{"href":"https:\/\/aivlisoft.net\/shop\/wp-json\/wp\/v2\/types\/product"}],"wp:featuredmedia":[{"embeddable":true,"href":"https:\/\/aivlisoft.net\/shop\/wp-json\/wp\/v2\/media\/20945"}],"wp:attachment":[{"href":"https:\/\/aivlisoft.net\/shop\/wp-json\/wp\/v2\/media?parent=20944"}],"wp:term":[{"taxonomy":"product_brand","embeddable":true,"href":"https:\/\/aivlisoft.net\/shop\/wp-json\/wp\/v2\/product_brand?post=20944"},{"taxonomy":"product_cat","embeddable":true,"href":"https:\/\/aivlisoft.net\/shop\/wp-json\/wp\/v2\/product_cat?post=20944"},{"taxonomy":"product_tag","embeddable":true,"href":"https:\/\/aivlisoft.net\/shop\/wp-json\/wp\/v2\/product_tag?post=20944"}],"curies":[{"name":"wp","href":"https:\/\/api.w.org\/{rel}","templated":true}]}}