{"id":20937,"date":"2025-01-13T15:48:21","date_gmt":"2025-01-13T15:48:21","guid":{"rendered":"https:\/\/aivlisoft.com\/?post_type=product&#038;p=20937"},"modified":"2025-01-14T11:53:27","modified_gmt":"2025-01-14T11:53:27","slug":"zyxel-xgs2220-54-switch-l3-48xgb-2xmgb-4xsfp-sfp","status":"publish","type":"product","link":"https:\/\/aivlisoft.net\/shop\/producto\/zyxel-xgs2220-54-switch-l3-48xgb-2xmgb-4xsfp-sfp\/","title":{"rendered":"Zyxel XGS2220-54 Switch L3 48xGb 2xmGb 4xSFP\/SFP+"},"content":{"rendered":"<p><\/p>\n<table class=\"tabla_caracteristicas k-table\" width=\"100%\">\n<tr>\n<td valign=\"top\" width=\"35%\"><strong>Marca<\/strong><\/td>\n<td valign=\"top\">ZyXEL<\/td>\n<\/tr>\n<tr>\n<td valign=\"top\" width=\"35%\"><strong>Modelo<\/strong><\/td>\n<td valign=\"top\"><strong>XGS2220-54-EU0101F<\/strong><\/td>\n<\/tr>\n<tr>\n<td valign=\"top\"><strong>Interfaces<\/strong><\/td>\n<td valign=\"top\">&#8211; 48 x puertos GbE 100\/1000 Mbps<br \/>\t\t\t&#8211; 2 x puertos 1G\/2.5G\/5G\/10G Ethernet (RJ-45)<br \/>\t\t\t&#8211; 4 x puertos 1G SFP\/10G SFP+<br \/>\t\t\t<strong>Rendimiento<\/strong><br \/>\t\t\t&#8211; Capacidad de conmutaci&oacute;n (Gbps): 216<br \/>\t\t\t&#8211; Velocidad de reenv&iacute;o (Mbps): 161<br \/>\t\t\t&#8211; B&uacute;fer de paquetes (byte): 2M<br \/>\t\t\t&#8211; Tabla de direcciones MAC: 32 mil<br \/>\t\t\t&#8211; Trama gigante (byte): 9K<br \/>\t\t\t&#8211; Tabla de reenv&iacute;o L3:<br \/>\t\t\t&nbsp; M&aacute;x. 1K entradas IPv4<br \/>\t\t\t&nbsp; M&aacute;x. 512 entradas IPv6<br \/>\t\t\t&#8211; Tabla de enrutamiento: 64<br \/>\t\t\t&#8211; Enrutamiento VLAN<br \/>\t\t\t&#8211; Interfaz IP: 32<br \/>\t\t\t&#8211; Flash\/RAM (MB): 64 MB\/1 GB<\/td>\n<\/tr>\n<tr>\n<td valign=\"top\"><strong>Especificaciones<\/strong><\/td>\n<td valign=\"top\"><strong>ESD\/protecci&oacute;n contra sobretensiones<\/strong><br \/>\t\t\t&#8211; Protecci&oacute;n contra sobretensiones del puerto Ethernet: 2 kilovoltios<br \/>\t\t\t&#8211; Protecci&oacute;n contra sobretensiones de la fuente de alimentaci&oacute;n<br \/>\t\t\t&nbsp; L&iacute;nea-GND: 2 KV<br \/>\t\t\t&nbsp; L&iacute;nea-L&iacute;nea: 1 KV<br \/>\t\t\t&#8211; Puerto Ethernet Protecci&oacute;n ESD (aire\/contacto): 8 kilovoltios\/6 kilovoltios<br \/>\t\t\t<strong>Otras<\/strong><br \/>\t\t\t&#8211; MTBF (h): 298,735<br \/>\t\t\t&#8211; Disipaci&oacute;n de calor (BTU\/h): 566<br \/>\t\t\t&#8211; Ruido: 27.0\/49.95<br \/>\t\t\t<strong>Entorno<\/strong><br \/>\t\t\t&#8211; Temperatura de funcionamiento: -20&deg;C to 50&deg;C\/-40&deg;F to 122&deg;F<br \/>\t\t\t&#8211; Temperatura de almacenamiento: 40&deg;C to 70&deg;C\/-40&deg;F to 158&deg;F<br \/>\t\t\t&#8211; Humedad de funcionamiento: 10% to 95%(non-condensing)<br \/>\t\t\t&#8211; Humedad de almacenamiento: 10% to 90%(non-condensing)<br \/>\t\t\t<strong>Alimentaci&oacute;n<\/strong><br \/>\t\t\t&#8211; Entrada de alimentaci&oacute;n Entrada de CA: 100 &#8211; 240 V AC, 50\/60 H<br \/>\t\t\t&#8211; Consumo m&aacute;ximo de energ&iacute;a: 57.31<br \/>\t\t\t<strong>Dimensiones y peso<\/strong><br \/>\t\t\t&#8211; 441 x 270 x 44 mm<br \/>\t\t\t&#8211; 3,85 kg<br \/>\t\t\t<strong>Contiene<\/strong><br \/>\t\t\t&#8211; Cable de alimentaci&oacute;n<br \/>\t\t\t&#8211; Kit de montaje en bastidor<\/td>\n<\/tr>\n<tr>\n<td valign=\"top\"><strong>Fecha de revisi&oacute;n<\/strong><\/td>\n<td valign=\"top\">14-11-2024 por RTY<\/td>\n<\/tr>\n<\/table>\n","protected":false},"excerpt":{"rendered":"<p>Marca ZyXEL Modelo XGS2220-54-EU0101F Interfaces &#8211; 48 x puertos GbE 100\/1000 Mbps &#8211; 2 x puertos 1G\/2.5G\/5G\/10G Ethernet (RJ-45) &#8211; 4 x puertos 1G SFP\/10G SFP+ Rendimiento &#8211; Capacidad de conmutaci&oacute;n (Gbps): 216 &#8211; Velocidad de reenv&iacute;o (Mbps): 161 &#8211; B&uacute;fer de paquetes (byte): 2M &#8211; Tabla de direcciones MAC: 32 mil &#8211; Trama gigante&hellip;&nbsp;<a href=\"https:\/\/aivlisoft.net\/shop\/producto\/zyxel-xgs2220-54-switch-l3-48xgb-2xmgb-4xsfp-sfp\/\" rel=\"bookmark\"><span class=\"screen-reader-text\">Zyxel XGS2220-54 Switch L3 48xGb 2xmGb 4xSFP\/SFP+<\/span><\/a><\/p>\n","protected":false},"featured_media":20938,"template":"","meta":{"neve_meta_sidebar":"","neve_meta_container":"","neve_meta_enable_content_width":"","neve_meta_content_width":0,"neve_meta_title_alignment":"","neve_meta_author_avatar":"","neve_post_elements_order":"","neve_meta_disable_header":"","neve_meta_disable_footer":"","neve_meta_disable_title":""},"product_brand":[],"product_cat":[8771],"product_tag":[7433],"class_list":{"0":"post-20937","1":"product","2":"type-product","3":"status-publish","4":"has-post-thumbnail","6":"product_cat-switches-armario","7":"product_tag-xgs2220-54-eu0101f","9":"first","10":"instock","11":"taxable","12":"shipping-taxable","13":"purchasable","14":"product-type-simple"},"yoast_head":"<!-- This site is optimized with the Yoast SEO plugin v26.0 - https:\/\/yoast.com\/wordpress\/plugins\/seo\/ -->\n<title>Zyxel XGS2220-54 Switch L3 48xGb 2xmGb 4xSFP\/SFP+ - Aivlisoft Inform\u00e1tica<\/title>\n<meta name=\"robots\" content=\"index, follow, max-snippet:-1, max-image-preview:large, max-video-preview:-1\" \/>\n<link rel=\"canonical\" href=\"https:\/\/aivlisoft.net\/shop\/producto\/zyxel-xgs2220-54-switch-l3-48xgb-2xmgb-4xsfp-sfp\/\" \/>\n<meta property=\"og:locale\" content=\"es_ES\" \/>\n<meta property=\"og:type\" content=\"article\" \/>\n<meta property=\"og:title\" content=\"Zyxel XGS2220-54 Switch L3 48xGb 2xmGb 4xSFP\/SFP+ - Aivlisoft Inform\u00e1tica\" \/>\n<meta property=\"og:description\" content=\"Marca ZyXEL Modelo XGS2220-54-EU0101F Interfaces &#8211; 48 x puertos GbE 100\/1000 Mbps &#8211; 2 x puertos 1G\/2.5G\/5G\/10G Ethernet (RJ-45) &#8211; 4 x puertos 1G SFP\/10G SFP+ Rendimiento &#8211; Capacidad de conmutaci&oacute;n (Gbps): 216 &#8211; Velocidad de reenv&iacute;o (Mbps): 161 &#8211; B&uacute;fer de paquetes (byte): 2M &#8211; Tabla de direcciones MAC: 32 mil &#8211; Trama gigante&hellip;&nbsp;Zyxel XGS2220-54 Switch L3 48xGb 2xmGb 4xSFP\/SFP+\" \/>\n<meta property=\"og:url\" content=\"https:\/\/aivlisoft.net\/shop\/producto\/zyxel-xgs2220-54-switch-l3-48xgb-2xmgb-4xsfp-sfp\/\" \/>\n<meta property=\"og:site_name\" content=\"Aivlisoft Inform\u00e1tica\" \/>\n<meta property=\"article:modified_time\" content=\"2025-01-14T11:53:27+00:00\" \/>\n<meta property=\"og:image\" content=\"https:\/\/aivlisoft.net\/shop\/wp-content\/uploads\/2025\/01\/NSWSAR0433_800.jpg\" \/>\n\t<meta property=\"og:image:width\" content=\"800\" \/>\n\t<meta property=\"og:image:height\" content=\"800\" \/>\n\t<meta property=\"og:image:type\" content=\"image\/jpeg\" \/>\n<meta name=\"twitter:card\" content=\"summary_large_image\" \/>\n<meta name=\"twitter:label1\" content=\"Tiempo de lectura\" \/>\n\t<meta name=\"twitter:data1\" content=\"1 minuto\" \/>\n<script type=\"application\/ld+json\" class=\"yoast-schema-graph\">{\"@context\":\"https:\/\/schema.org\",\"@graph\":[{\"@type\":\"WebPage\",\"@id\":\"https:\/\/aivlisoft.net\/shop\/producto\/zyxel-xgs2220-54-switch-l3-48xgb-2xmgb-4xsfp-sfp\/\",\"url\":\"https:\/\/aivlisoft.net\/shop\/producto\/zyxel-xgs2220-54-switch-l3-48xgb-2xmgb-4xsfp-sfp\/\",\"name\":\"Zyxel XGS2220-54 Switch L3 48xGb 2xmGb 4xSFP\/SFP+ - Aivlisoft Inform\u00e1tica\",\"isPartOf\":{\"@id\":\"https:\/\/aivlisoft.net\/shop\/#website\"},\"primaryImageOfPage\":{\"@id\":\"https:\/\/aivlisoft.net\/shop\/producto\/zyxel-xgs2220-54-switch-l3-48xgb-2xmgb-4xsfp-sfp\/#primaryimage\"},\"image\":{\"@id\":\"https:\/\/aivlisoft.net\/shop\/producto\/zyxel-xgs2220-54-switch-l3-48xgb-2xmgb-4xsfp-sfp\/#primaryimage\"},\"thumbnailUrl\":\"https:\/\/aivlisoft.net\/shop\/wp-content\/uploads\/2025\/01\/NSWSAR0433_800.jpg\",\"datePublished\":\"2025-01-13T15:48:21+00:00\",\"dateModified\":\"2025-01-14T11:53:27+00:00\",\"breadcrumb\":{\"@id\":\"https:\/\/aivlisoft.net\/shop\/producto\/zyxel-xgs2220-54-switch-l3-48xgb-2xmgb-4xsfp-sfp\/#breadcrumb\"},\"inLanguage\":\"es\",\"potentialAction\":[{\"@type\":\"ReadAction\",\"target\":[\"https:\/\/aivlisoft.net\/shop\/producto\/zyxel-xgs2220-54-switch-l3-48xgb-2xmgb-4xsfp-sfp\/\"]}]},{\"@type\":\"ImageObject\",\"inLanguage\":\"es\",\"@id\":\"https:\/\/aivlisoft.net\/shop\/producto\/zyxel-xgs2220-54-switch-l3-48xgb-2xmgb-4xsfp-sfp\/#primaryimage\",\"url\":\"https:\/\/aivlisoft.net\/shop\/wp-content\/uploads\/2025\/01\/NSWSAR0433_800.jpg\",\"contentUrl\":\"https:\/\/aivlisoft.net\/shop\/wp-content\/uploads\/2025\/01\/NSWSAR0433_800.jpg\",\"width\":800,\"height\":800},{\"@type\":\"BreadcrumbList\",\"@id\":\"https:\/\/aivlisoft.net\/shop\/producto\/zyxel-xgs2220-54-switch-l3-48xgb-2xmgb-4xsfp-sfp\/#breadcrumb\",\"itemListElement\":[{\"@type\":\"ListItem\",\"position\":1,\"name\":\"Portada\",\"item\":\"https:\/\/aivlisoft.net\/shop\/\"},{\"@type\":\"ListItem\",\"position\":2,\"name\":\"Tienda\",\"item\":\"https:\/\/aivlisoft.net\/shop\/tienda\/\"},{\"@type\":\"ListItem\",\"position\":3,\"name\":\"Zyxel XGS2220-54 Switch L3 48xGb 2xmGb 4xSFP\/SFP+\"}]},{\"@type\":\"WebSite\",\"@id\":\"https:\/\/aivlisoft.net\/shop\/#website\",\"url\":\"https:\/\/aivlisoft.net\/shop\/\",\"name\":\"Aivlisoft Inform\u00e1tica\",\"description\":\"En Aivlisoft Inform\u00e1tica ofrecemos soluciones tecnol\u00f3gicas para empresas: venta de ordenadores, consumibles, perif\u00e9ricos y m\u00e1s. Calidad, atenci\u00f3n personalizada y los mejores precios para tu negocio.\",\"publisher\":{\"@id\":\"https:\/\/aivlisoft.net\/shop\/#organization\"},\"potentialAction\":[{\"@type\":\"SearchAction\",\"target\":{\"@type\":\"EntryPoint\",\"urlTemplate\":\"https:\/\/aivlisoft.net\/shop\/?s={search_term_string}\"},\"query-input\":{\"@type\":\"PropertyValueSpecification\",\"valueRequired\":true,\"valueName\":\"search_term_string\"}}],\"inLanguage\":\"es\"},{\"@type\":\"Organization\",\"@id\":\"https:\/\/aivlisoft.net\/shop\/#organization\",\"name\":\"Aivlisoft Inform\u00e1tica\",\"url\":\"https:\/\/aivlisoft.net\/shop\/\",\"logo\":{\"@type\":\"ImageObject\",\"inLanguage\":\"es\",\"@id\":\"https:\/\/aivlisoft.net\/shop\/#\/schema\/logo\/image\/\",\"url\":\"https:\/\/aivlisoft.net\/shop\/wp-content\/uploads\/2024\/12\/removal.ai_5b848c54-0cdf-4140-95c5-c5536bb7573b-logodef.png\",\"contentUrl\":\"https:\/\/aivlisoft.net\/shop\/wp-content\/uploads\/2024\/12\/removal.ai_5b848c54-0cdf-4140-95c5-c5536bb7573b-logodef.png\",\"width\":484,\"height\":182,\"caption\":\"Aivlisoft Inform\u00e1tica\"},\"image\":{\"@id\":\"https:\/\/aivlisoft.net\/shop\/#\/schema\/logo\/image\/\"}}]}<\/script>\n<!-- \/ Yoast SEO plugin. -->","yoast_head_json":{"title":"Zyxel XGS2220-54 Switch L3 48xGb 2xmGb 4xSFP\/SFP+ - Aivlisoft Inform\u00e1tica","robots":{"index":"index","follow":"follow","max-snippet":"max-snippet:-1","max-image-preview":"max-image-preview:large","max-video-preview":"max-video-preview:-1"},"canonical":"https:\/\/aivlisoft.net\/shop\/producto\/zyxel-xgs2220-54-switch-l3-48xgb-2xmgb-4xsfp-sfp\/","og_locale":"es_ES","og_type":"article","og_title":"Zyxel XGS2220-54 Switch L3 48xGb 2xmGb 4xSFP\/SFP+ - Aivlisoft Inform\u00e1tica","og_description":"Marca ZyXEL Modelo XGS2220-54-EU0101F Interfaces &#8211; 48 x puertos GbE 100\/1000 Mbps &#8211; 2 x puertos 1G\/2.5G\/5G\/10G Ethernet (RJ-45) &#8211; 4 x puertos 1G SFP\/10G SFP+ Rendimiento &#8211; Capacidad de conmutaci&oacute;n (Gbps): 216 &#8211; Velocidad de reenv&iacute;o (Mbps): 161 &#8211; B&uacute;fer de paquetes (byte): 2M &#8211; Tabla de direcciones MAC: 32 mil &#8211; Trama gigante&hellip;&nbsp;Zyxel XGS2220-54 Switch L3 48xGb 2xmGb 4xSFP\/SFP+","og_url":"https:\/\/aivlisoft.net\/shop\/producto\/zyxel-xgs2220-54-switch-l3-48xgb-2xmgb-4xsfp-sfp\/","og_site_name":"Aivlisoft Inform\u00e1tica","article_modified_time":"2025-01-14T11:53:27+00:00","og_image":[{"width":800,"height":800,"url":"https:\/\/aivlisoft.net\/shop\/wp-content\/uploads\/2025\/01\/NSWSAR0433_800.jpg","type":"image\/jpeg"}],"twitter_card":"summary_large_image","twitter_misc":{"Tiempo de lectura":"1 minuto"},"schema":{"@context":"https:\/\/schema.org","@graph":[{"@type":"WebPage","@id":"https:\/\/aivlisoft.net\/shop\/producto\/zyxel-xgs2220-54-switch-l3-48xgb-2xmgb-4xsfp-sfp\/","url":"https:\/\/aivlisoft.net\/shop\/producto\/zyxel-xgs2220-54-switch-l3-48xgb-2xmgb-4xsfp-sfp\/","name":"Zyxel XGS2220-54 Switch L3 48xGb 2xmGb 4xSFP\/SFP+ - Aivlisoft Inform\u00e1tica","isPartOf":{"@id":"https:\/\/aivlisoft.net\/shop\/#website"},"primaryImageOfPage":{"@id":"https:\/\/aivlisoft.net\/shop\/producto\/zyxel-xgs2220-54-switch-l3-48xgb-2xmgb-4xsfp-sfp\/#primaryimage"},"image":{"@id":"https:\/\/aivlisoft.net\/shop\/producto\/zyxel-xgs2220-54-switch-l3-48xgb-2xmgb-4xsfp-sfp\/#primaryimage"},"thumbnailUrl":"https:\/\/aivlisoft.net\/shop\/wp-content\/uploads\/2025\/01\/NSWSAR0433_800.jpg","datePublished":"2025-01-13T15:48:21+00:00","dateModified":"2025-01-14T11:53:27+00:00","breadcrumb":{"@id":"https:\/\/aivlisoft.net\/shop\/producto\/zyxel-xgs2220-54-switch-l3-48xgb-2xmgb-4xsfp-sfp\/#breadcrumb"},"inLanguage":"es","potentialAction":[{"@type":"ReadAction","target":["https:\/\/aivlisoft.net\/shop\/producto\/zyxel-xgs2220-54-switch-l3-48xgb-2xmgb-4xsfp-sfp\/"]}]},{"@type":"ImageObject","inLanguage":"es","@id":"https:\/\/aivlisoft.net\/shop\/producto\/zyxel-xgs2220-54-switch-l3-48xgb-2xmgb-4xsfp-sfp\/#primaryimage","url":"https:\/\/aivlisoft.net\/shop\/wp-content\/uploads\/2025\/01\/NSWSAR0433_800.jpg","contentUrl":"https:\/\/aivlisoft.net\/shop\/wp-content\/uploads\/2025\/01\/NSWSAR0433_800.jpg","width":800,"height":800},{"@type":"BreadcrumbList","@id":"https:\/\/aivlisoft.net\/shop\/producto\/zyxel-xgs2220-54-switch-l3-48xgb-2xmgb-4xsfp-sfp\/#breadcrumb","itemListElement":[{"@type":"ListItem","position":1,"name":"Portada","item":"https:\/\/aivlisoft.net\/shop\/"},{"@type":"ListItem","position":2,"name":"Tienda","item":"https:\/\/aivlisoft.net\/shop\/tienda\/"},{"@type":"ListItem","position":3,"name":"Zyxel XGS2220-54 Switch L3 48xGb 2xmGb 4xSFP\/SFP+"}]},{"@type":"WebSite","@id":"https:\/\/aivlisoft.net\/shop\/#website","url":"https:\/\/aivlisoft.net\/shop\/","name":"Aivlisoft Inform\u00e1tica","description":"En Aivlisoft Inform\u00e1tica ofrecemos soluciones tecnol\u00f3gicas para empresas: venta de ordenadores, consumibles, perif\u00e9ricos y m\u00e1s. Calidad, atenci\u00f3n personalizada y los mejores precios para tu negocio.","publisher":{"@id":"https:\/\/aivlisoft.net\/shop\/#organization"},"potentialAction":[{"@type":"SearchAction","target":{"@type":"EntryPoint","urlTemplate":"https:\/\/aivlisoft.net\/shop\/?s={search_term_string}"},"query-input":{"@type":"PropertyValueSpecification","valueRequired":true,"valueName":"search_term_string"}}],"inLanguage":"es"},{"@type":"Organization","@id":"https:\/\/aivlisoft.net\/shop\/#organization","name":"Aivlisoft Inform\u00e1tica","url":"https:\/\/aivlisoft.net\/shop\/","logo":{"@type":"ImageObject","inLanguage":"es","@id":"https:\/\/aivlisoft.net\/shop\/#\/schema\/logo\/image\/","url":"https:\/\/aivlisoft.net\/shop\/wp-content\/uploads\/2024\/12\/removal.ai_5b848c54-0cdf-4140-95c5-c5536bb7573b-logodef.png","contentUrl":"https:\/\/aivlisoft.net\/shop\/wp-content\/uploads\/2024\/12\/removal.ai_5b848c54-0cdf-4140-95c5-c5536bb7573b-logodef.png","width":484,"height":182,"caption":"Aivlisoft Inform\u00e1tica"},"image":{"@id":"https:\/\/aivlisoft.net\/shop\/#\/schema\/logo\/image\/"}}]}},"_links":{"self":[{"href":"https:\/\/aivlisoft.net\/shop\/wp-json\/wp\/v2\/product\/20937","targetHints":{"allow":["GET"]}}],"collection":[{"href":"https:\/\/aivlisoft.net\/shop\/wp-json\/wp\/v2\/product"}],"about":[{"href":"https:\/\/aivlisoft.net\/shop\/wp-json\/wp\/v2\/types\/product"}],"wp:featuredmedia":[{"embeddable":true,"href":"https:\/\/aivlisoft.net\/shop\/wp-json\/wp\/v2\/media\/20938"}],"wp:attachment":[{"href":"https:\/\/aivlisoft.net\/shop\/wp-json\/wp\/v2\/media?parent=20937"}],"wp:term":[{"taxonomy":"product_brand","embeddable":true,"href":"https:\/\/aivlisoft.net\/shop\/wp-json\/wp\/v2\/product_brand?post=20937"},{"taxonomy":"product_cat","embeddable":true,"href":"https:\/\/aivlisoft.net\/shop\/wp-json\/wp\/v2\/product_cat?post=20937"},{"taxonomy":"product_tag","embeddable":true,"href":"https:\/\/aivlisoft.net\/shop\/wp-json\/wp\/v2\/product_tag?post=20937"}],"curies":[{"name":"wp","href":"https:\/\/api.w.org\/{rel}","templated":true}]}}