{"id":20934,"date":"2025-01-13T15:48:20","date_gmt":"2025-01-13T15:48:20","guid":{"rendered":"https:\/\/aivlisoft.com\/?post_type=product&#038;p=20934"},"modified":"2025-01-14T11:53:26","modified_gmt":"2025-01-14T11:53:26","slug":"ubiquiti-usw-pro-max-16-poe-switch-l3-4x2gbe-poe","status":"publish","type":"product","link":"https:\/\/aivlisoft.net\/shop\/producto\/ubiquiti-usw-pro-max-16-poe-switch-l3-4x2gbe-poe\/","title":{"rendered":"Ubiquiti USW-Pro-Max-16-PoE Switch L3 4x2GbE PoE++"},"content":{"rendered":"<p><\/p>\n<table class=\"tabla_caracteristicas k-table\" width=\"100%\">\n<tr>\n<td><strong>Marca<\/strong><\/td>\n<td>Ubiquiti<\/td>\n<\/tr>\n<tr>\n<td><strong>Modelo<\/strong><\/td>\n<td>\n<div><strong>USW-Pro-Max-16-PoE<\/strong><\/div>\n<\/td>\n<\/tr>\n<tr>\n<td valign=\"top\"><strong>Interfaces<\/strong><\/td>\n<td>&#8211; Interfaz de red<br \/>\t\t\t&nbsp; 12 x puertos GbE RJ45<br \/>\t\t\t&nbsp; 4 x puertos RJ45 de 1\/2,5 GbE<br \/>\t\t\t&nbsp; 2 x puertos 10G SFP+<br \/>\t\t\t&#8211; Interfaz PoE<br \/>\t\t\t&nbsp; 12 x PoE\/PoE+ (Pines 1, 2+; 3, 6-)<br \/>\t\t\t&nbsp; 4 x 60W PoE++ (Par A 1, 2+; 3, 6-) (Par B 4, 5+; 7, \ud83d\ude0e<\/td>\n<\/tr>\n<tr>\n<td valign=\"top\"><strong>Hardware<\/strong><\/td>\n<td>&#8211; Rendimiento total sin bloqueo: 42 Gbps<br \/>\t\t\t&#8211; Capacidad de conmutaci&oacute;n: 84 Gbps<br \/>\t\t\t&#8211; Tasa de reenv&iacute;o: 62.496 Mpps<br \/>\t\t\t&#8211; M&eacute;todo de alimentaci&oacute;n: adaptador CC<br \/>\t\t\t&#8211; Fuente de alimentaci&oacute;n: 54V, 210W<br \/>\t\t\t&#8211; M&aacute;x. consumo de energ&iacute;a: 30W (excluyendo salida PoE)<br \/>\t\t\t&#8211; PoE total disponible: 180W<br \/>\t\t\t&#8211; M&aacute;x. Potencia PoE por puerto por PSE&nbsp;&nbsp; &nbsp;<br \/>\t\t\t&nbsp; PoE: 15,4W<br \/>\t\t\t&nbsp; PoE+: 30W<br \/>\t\t\t&nbsp; PoE++: 60W<br \/>\t\t\t&#8211; Rango de voltaje modo PoE&nbsp;&nbsp; &nbsp;<br \/>\t\t\t&nbsp; PoE: 44&mdash;57V<br \/>\t\t\t&nbsp; PoE+\/PoE++: 50&mdash;57V<br \/>\t\t\t&#8211; Pantalla LCM: (1) pantalla t&aacute;ctil de 1,3&#8243;<br \/>\t\t\t&#8211; Bot&oacute;n: Restablecer valores de f&aacute;brica<br \/>\t\t\t&#8211; Temperatura ambiente de funcionamiento: -5 a 40&deg; C (23 a 104&deg; F)<br \/>\t\t\t&#8211; Humedad ambiente de funcionamiento: del 10 al 90% sin condensaci&oacute;n<br \/>\t\t\t&#8211; Certificaciones: CE, FCC, IC<\/td>\n<\/tr>\n<tr>\n<td valign=\"top\"><strong>Otras caracter&iacute;sticas<\/strong><\/td>\n<td>\n<div><strong>Funciones de conmutaci&oacute;n<\/strong><br \/>\t\t\t&#8211; Caracter&iacute;stica de capa 2<br \/>\t\t\t&nbsp; Espionaje IGMP<br \/>\t\t\t&nbsp; STP\/RSTP con prioridades y desactivaci&oacute;n a nivel de puerto<br \/>\t\t\t&nbsp; Aislamiento de puertos<br \/>\t\t\t&nbsp; control de tormentas<br \/>\t\t\t&nbsp; VLAN de voz<br \/>\t\t\t&nbsp; Duplicaci&oacute;n de puertos<br \/>\t\t\t&nbsp; Agregaci&oacute;n de puertos LACP<br \/>\t\t\t&nbsp; Limitaci&oacute;n de velocidad de multidifusi&oacute;n\/difusi&oacute;n<br \/>\t\t\t&nbsp; bloqueo de direcciones MAC<br \/>\t\t\t&nbsp; control de flujo<br \/>\t\t\t&nbsp; control 802.1X<br \/>\t\t\t&nbsp; Marcos gigantes<br \/>\t\t\t&nbsp; Protecci&oacute;n de bucle patentada<br \/>\t\t\t&nbsp; Vigilancia\/vigilancia de DHCP<br \/>\t\t\t&nbsp; L&iacute;mite de tasa de salida<br \/>\t\t\t&nbsp; LLDP-MED<br \/>\t\t\t&nbsp; Puerto restringido por MAC<br \/>\t\t\t&nbsp; Aislamiento de dispositivos con ACL<br \/>\t\t\t&#8211; Funciones de capa 3<br \/>\t\t\t&nbsp; DHCP para redes administradas localmente<br \/>\t\t\t&nbsp; Retransmisi&oacute;n DHCP<br \/>\t\t\t&nbsp; Enrutamiento entre VLAN entre redes en el mismo conmutador<br \/>\t\t\t&nbsp; Enrutamiento est&aacute;tico entre redes locales<br \/>\t\t\t&nbsp; Aislamiento de red con ACL<br \/>\t\t\t<strong>Etherlighting<\/strong><br \/>\t\t\t&#8211; Ethernet<br \/>\t\t\t&nbsp; Localizando<br \/>\t\t\t&nbsp; Velocidad\/enlace<br \/>\t\t\t&nbsp; VLAN\/red nativa<br \/>\t\t\t&#8211; SFP+<br \/>\t\t\t&nbsp; Localizaci&oacute;n<br \/>\t\t\t&nbsp; Velocidad\/enlace<br \/>\t\t\t&nbsp; VLAN\/red nativa<br \/>\t\t\t<strong>Dimensiones y peso<br \/>\t\t\t&#8211; <\/strong>325,1 x 160 x 43,7 mm<br \/>\t\t\t&#8211; 2,1 kg<\/div>\n<\/td>\n<\/tr>\n<tr>\n<td><strong>Fecha Revisi&oacute;n<\/strong><\/td>\n<td>14-11-2024 por RTY<\/td>\n<\/tr>\n<\/table>\n","protected":false},"excerpt":{"rendered":"<p>Marca Ubiquiti Modelo USW-Pro-Max-16-PoE Interfaces &#8211; Interfaz de red &nbsp; 12 x puertos GbE RJ45 &nbsp; 4 x puertos RJ45 de 1\/2,5 GbE &nbsp; 2 x puertos 10G SFP+ &#8211; Interfaz PoE &nbsp; 12 x PoE\/PoE+ (Pines 1, 2+; 3, 6-) &nbsp; 4 x 60W PoE++ (Par A 1, 2+; 3, 6-) (Par B 4,&hellip;&nbsp;<a href=\"https:\/\/aivlisoft.net\/shop\/producto\/ubiquiti-usw-pro-max-16-poe-switch-l3-4x2gbe-poe\/\" rel=\"bookmark\"><span class=\"screen-reader-text\">Ubiquiti USW-Pro-Max-16-PoE Switch L3 4x2GbE PoE++<\/span><\/a><\/p>\n","protected":false},"featured_media":20935,"template":"","meta":{"neve_meta_sidebar":"","neve_meta_container":"","neve_meta_enable_content_width":"","neve_meta_content_width":0,"neve_meta_title_alignment":"","neve_meta_author_avatar":"","neve_post_elements_order":"","neve_meta_disable_header":"","neve_meta_disable_footer":"","neve_meta_disable_title":""},"product_brand":[],"product_cat":[8771],"product_tag":[7432],"class_list":{"0":"post-20934","1":"product","2":"type-product","3":"status-publish","4":"has-post-thumbnail","6":"product_cat-switches-armario","7":"product_tag-usw-pro-max-16-poe","9":"first","10":"instock","11":"taxable","12":"shipping-taxable","13":"purchasable","14":"product-type-simple"},"yoast_head":"<!-- This site is optimized with the Yoast SEO plugin v26.0 - https:\/\/yoast.com\/wordpress\/plugins\/seo\/ -->\n<title>Ubiquiti USW-Pro-Max-16-PoE Switch L3 4x2GbE PoE++ - Aivlisoft Inform\u00e1tica<\/title>\n<meta name=\"robots\" content=\"index, follow, max-snippet:-1, max-image-preview:large, max-video-preview:-1\" \/>\n<link rel=\"canonical\" href=\"https:\/\/aivlisoft.net\/shop\/producto\/ubiquiti-usw-pro-max-16-poe-switch-l3-4x2gbe-poe\/\" \/>\n<meta property=\"og:locale\" content=\"es_ES\" \/>\n<meta property=\"og:type\" content=\"article\" \/>\n<meta property=\"og:title\" content=\"Ubiquiti USW-Pro-Max-16-PoE Switch L3 4x2GbE PoE++ - Aivlisoft Inform\u00e1tica\" \/>\n<meta property=\"og:description\" content=\"Marca Ubiquiti Modelo USW-Pro-Max-16-PoE Interfaces &#8211; Interfaz de red &nbsp; 12 x puertos GbE RJ45 &nbsp; 4 x puertos RJ45 de 1\/2,5 GbE &nbsp; 2 x puertos 10G SFP+ &#8211; Interfaz PoE &nbsp; 12 x PoE\/PoE+ (Pines 1, 2+; 3, 6-) &nbsp; 4 x 60W PoE++ (Par A 1, 2+; 3, 6-) (Par B 4,&hellip;&nbsp;Ubiquiti USW-Pro-Max-16-PoE Switch L3 4x2GbE PoE++\" \/>\n<meta property=\"og:url\" content=\"https:\/\/aivlisoft.net\/shop\/producto\/ubiquiti-usw-pro-max-16-poe-switch-l3-4x2gbe-poe\/\" \/>\n<meta property=\"og:site_name\" content=\"Aivlisoft Inform\u00e1tica\" \/>\n<meta property=\"article:modified_time\" content=\"2025-01-14T11:53:26+00:00\" \/>\n<meta property=\"og:image\" content=\"https:\/\/aivlisoft.net\/shop\/wp-content\/uploads\/2025\/01\/NSWSAR0432_800.jpg\" \/>\n\t<meta property=\"og:image:width\" content=\"800\" \/>\n\t<meta property=\"og:image:height\" content=\"800\" \/>\n\t<meta property=\"og:image:type\" content=\"image\/jpeg\" \/>\n<meta name=\"twitter:card\" content=\"summary_large_image\" \/>\n<meta name=\"twitter:label1\" content=\"Tiempo de lectura\" \/>\n\t<meta name=\"twitter:data1\" content=\"2 minutos\" \/>\n<script type=\"application\/ld+json\" class=\"yoast-schema-graph\">{\"@context\":\"https:\/\/schema.org\",\"@graph\":[{\"@type\":\"WebPage\",\"@id\":\"https:\/\/aivlisoft.net\/shop\/producto\/ubiquiti-usw-pro-max-16-poe-switch-l3-4x2gbe-poe\/\",\"url\":\"https:\/\/aivlisoft.net\/shop\/producto\/ubiquiti-usw-pro-max-16-poe-switch-l3-4x2gbe-poe\/\",\"name\":\"Ubiquiti USW-Pro-Max-16-PoE Switch L3 4x2GbE PoE++ - Aivlisoft Inform\u00e1tica\",\"isPartOf\":{\"@id\":\"https:\/\/aivlisoft.net\/shop\/#website\"},\"primaryImageOfPage\":{\"@id\":\"https:\/\/aivlisoft.net\/shop\/producto\/ubiquiti-usw-pro-max-16-poe-switch-l3-4x2gbe-poe\/#primaryimage\"},\"image\":{\"@id\":\"https:\/\/aivlisoft.net\/shop\/producto\/ubiquiti-usw-pro-max-16-poe-switch-l3-4x2gbe-poe\/#primaryimage\"},\"thumbnailUrl\":\"https:\/\/aivlisoft.net\/shop\/wp-content\/uploads\/2025\/01\/NSWSAR0432_800.jpg\",\"datePublished\":\"2025-01-13T15:48:20+00:00\",\"dateModified\":\"2025-01-14T11:53:26+00:00\",\"breadcrumb\":{\"@id\":\"https:\/\/aivlisoft.net\/shop\/producto\/ubiquiti-usw-pro-max-16-poe-switch-l3-4x2gbe-poe\/#breadcrumb\"},\"inLanguage\":\"es\",\"potentialAction\":[{\"@type\":\"ReadAction\",\"target\":[\"https:\/\/aivlisoft.net\/shop\/producto\/ubiquiti-usw-pro-max-16-poe-switch-l3-4x2gbe-poe\/\"]}]},{\"@type\":\"ImageObject\",\"inLanguage\":\"es\",\"@id\":\"https:\/\/aivlisoft.net\/shop\/producto\/ubiquiti-usw-pro-max-16-poe-switch-l3-4x2gbe-poe\/#primaryimage\",\"url\":\"https:\/\/aivlisoft.net\/shop\/wp-content\/uploads\/2025\/01\/NSWSAR0432_800.jpg\",\"contentUrl\":\"https:\/\/aivlisoft.net\/shop\/wp-content\/uploads\/2025\/01\/NSWSAR0432_800.jpg\",\"width\":800,\"height\":800},{\"@type\":\"BreadcrumbList\",\"@id\":\"https:\/\/aivlisoft.net\/shop\/producto\/ubiquiti-usw-pro-max-16-poe-switch-l3-4x2gbe-poe\/#breadcrumb\",\"itemListElement\":[{\"@type\":\"ListItem\",\"position\":1,\"name\":\"Portada\",\"item\":\"https:\/\/aivlisoft.net\/shop\/\"},{\"@type\":\"ListItem\",\"position\":2,\"name\":\"Tienda\",\"item\":\"https:\/\/aivlisoft.net\/shop\/tienda\/\"},{\"@type\":\"ListItem\",\"position\":3,\"name\":\"Ubiquiti USW-Pro-Max-16-PoE Switch L3 4x2GbE PoE++\"}]},{\"@type\":\"WebSite\",\"@id\":\"https:\/\/aivlisoft.net\/shop\/#website\",\"url\":\"https:\/\/aivlisoft.net\/shop\/\",\"name\":\"Aivlisoft Inform\u00e1tica\",\"description\":\"En Aivlisoft Inform\u00e1tica ofrecemos soluciones tecnol\u00f3gicas para empresas: venta de ordenadores, consumibles, perif\u00e9ricos y m\u00e1s. Calidad, atenci\u00f3n personalizada y los mejores precios para tu negocio.\",\"publisher\":{\"@id\":\"https:\/\/aivlisoft.net\/shop\/#organization\"},\"potentialAction\":[{\"@type\":\"SearchAction\",\"target\":{\"@type\":\"EntryPoint\",\"urlTemplate\":\"https:\/\/aivlisoft.net\/shop\/?s={search_term_string}\"},\"query-input\":{\"@type\":\"PropertyValueSpecification\",\"valueRequired\":true,\"valueName\":\"search_term_string\"}}],\"inLanguage\":\"es\"},{\"@type\":\"Organization\",\"@id\":\"https:\/\/aivlisoft.net\/shop\/#organization\",\"name\":\"Aivlisoft Inform\u00e1tica\",\"url\":\"https:\/\/aivlisoft.net\/shop\/\",\"logo\":{\"@type\":\"ImageObject\",\"inLanguage\":\"es\",\"@id\":\"https:\/\/aivlisoft.net\/shop\/#\/schema\/logo\/image\/\",\"url\":\"https:\/\/aivlisoft.net\/shop\/wp-content\/uploads\/2024\/12\/removal.ai_5b848c54-0cdf-4140-95c5-c5536bb7573b-logodef.png\",\"contentUrl\":\"https:\/\/aivlisoft.net\/shop\/wp-content\/uploads\/2024\/12\/removal.ai_5b848c54-0cdf-4140-95c5-c5536bb7573b-logodef.png\",\"width\":484,\"height\":182,\"caption\":\"Aivlisoft Inform\u00e1tica\"},\"image\":{\"@id\":\"https:\/\/aivlisoft.net\/shop\/#\/schema\/logo\/image\/\"}}]}<\/script>\n<!-- \/ Yoast SEO plugin. -->","yoast_head_json":{"title":"Ubiquiti USW-Pro-Max-16-PoE Switch L3 4x2GbE PoE++ - Aivlisoft Inform\u00e1tica","robots":{"index":"index","follow":"follow","max-snippet":"max-snippet:-1","max-image-preview":"max-image-preview:large","max-video-preview":"max-video-preview:-1"},"canonical":"https:\/\/aivlisoft.net\/shop\/producto\/ubiquiti-usw-pro-max-16-poe-switch-l3-4x2gbe-poe\/","og_locale":"es_ES","og_type":"article","og_title":"Ubiquiti USW-Pro-Max-16-PoE Switch L3 4x2GbE PoE++ - Aivlisoft Inform\u00e1tica","og_description":"Marca Ubiquiti Modelo USW-Pro-Max-16-PoE Interfaces &#8211; Interfaz de red &nbsp; 12 x puertos GbE RJ45 &nbsp; 4 x puertos RJ45 de 1\/2,5 GbE &nbsp; 2 x puertos 10G SFP+ &#8211; Interfaz PoE &nbsp; 12 x PoE\/PoE+ (Pines 1, 2+; 3, 6-) &nbsp; 4 x 60W PoE++ (Par A 1, 2+; 3, 6-) (Par B 4,&hellip;&nbsp;Ubiquiti USW-Pro-Max-16-PoE Switch L3 4x2GbE PoE++","og_url":"https:\/\/aivlisoft.net\/shop\/producto\/ubiquiti-usw-pro-max-16-poe-switch-l3-4x2gbe-poe\/","og_site_name":"Aivlisoft Inform\u00e1tica","article_modified_time":"2025-01-14T11:53:26+00:00","og_image":[{"width":800,"height":800,"url":"https:\/\/aivlisoft.net\/shop\/wp-content\/uploads\/2025\/01\/NSWSAR0432_800.jpg","type":"image\/jpeg"}],"twitter_card":"summary_large_image","twitter_misc":{"Tiempo de lectura":"2 minutos"},"schema":{"@context":"https:\/\/schema.org","@graph":[{"@type":"WebPage","@id":"https:\/\/aivlisoft.net\/shop\/producto\/ubiquiti-usw-pro-max-16-poe-switch-l3-4x2gbe-poe\/","url":"https:\/\/aivlisoft.net\/shop\/producto\/ubiquiti-usw-pro-max-16-poe-switch-l3-4x2gbe-poe\/","name":"Ubiquiti USW-Pro-Max-16-PoE Switch L3 4x2GbE PoE++ - Aivlisoft Inform\u00e1tica","isPartOf":{"@id":"https:\/\/aivlisoft.net\/shop\/#website"},"primaryImageOfPage":{"@id":"https:\/\/aivlisoft.net\/shop\/producto\/ubiquiti-usw-pro-max-16-poe-switch-l3-4x2gbe-poe\/#primaryimage"},"image":{"@id":"https:\/\/aivlisoft.net\/shop\/producto\/ubiquiti-usw-pro-max-16-poe-switch-l3-4x2gbe-poe\/#primaryimage"},"thumbnailUrl":"https:\/\/aivlisoft.net\/shop\/wp-content\/uploads\/2025\/01\/NSWSAR0432_800.jpg","datePublished":"2025-01-13T15:48:20+00:00","dateModified":"2025-01-14T11:53:26+00:00","breadcrumb":{"@id":"https:\/\/aivlisoft.net\/shop\/producto\/ubiquiti-usw-pro-max-16-poe-switch-l3-4x2gbe-poe\/#breadcrumb"},"inLanguage":"es","potentialAction":[{"@type":"ReadAction","target":["https:\/\/aivlisoft.net\/shop\/producto\/ubiquiti-usw-pro-max-16-poe-switch-l3-4x2gbe-poe\/"]}]},{"@type":"ImageObject","inLanguage":"es","@id":"https:\/\/aivlisoft.net\/shop\/producto\/ubiquiti-usw-pro-max-16-poe-switch-l3-4x2gbe-poe\/#primaryimage","url":"https:\/\/aivlisoft.net\/shop\/wp-content\/uploads\/2025\/01\/NSWSAR0432_800.jpg","contentUrl":"https:\/\/aivlisoft.net\/shop\/wp-content\/uploads\/2025\/01\/NSWSAR0432_800.jpg","width":800,"height":800},{"@type":"BreadcrumbList","@id":"https:\/\/aivlisoft.net\/shop\/producto\/ubiquiti-usw-pro-max-16-poe-switch-l3-4x2gbe-poe\/#breadcrumb","itemListElement":[{"@type":"ListItem","position":1,"name":"Portada","item":"https:\/\/aivlisoft.net\/shop\/"},{"@type":"ListItem","position":2,"name":"Tienda","item":"https:\/\/aivlisoft.net\/shop\/tienda\/"},{"@type":"ListItem","position":3,"name":"Ubiquiti USW-Pro-Max-16-PoE Switch L3 4x2GbE PoE++"}]},{"@type":"WebSite","@id":"https:\/\/aivlisoft.net\/shop\/#website","url":"https:\/\/aivlisoft.net\/shop\/","name":"Aivlisoft Inform\u00e1tica","description":"En Aivlisoft Inform\u00e1tica ofrecemos soluciones tecnol\u00f3gicas para empresas: venta de ordenadores, consumibles, perif\u00e9ricos y m\u00e1s. Calidad, atenci\u00f3n personalizada y los mejores precios para tu negocio.","publisher":{"@id":"https:\/\/aivlisoft.net\/shop\/#organization"},"potentialAction":[{"@type":"SearchAction","target":{"@type":"EntryPoint","urlTemplate":"https:\/\/aivlisoft.net\/shop\/?s={search_term_string}"},"query-input":{"@type":"PropertyValueSpecification","valueRequired":true,"valueName":"search_term_string"}}],"inLanguage":"es"},{"@type":"Organization","@id":"https:\/\/aivlisoft.net\/shop\/#organization","name":"Aivlisoft Inform\u00e1tica","url":"https:\/\/aivlisoft.net\/shop\/","logo":{"@type":"ImageObject","inLanguage":"es","@id":"https:\/\/aivlisoft.net\/shop\/#\/schema\/logo\/image\/","url":"https:\/\/aivlisoft.net\/shop\/wp-content\/uploads\/2024\/12\/removal.ai_5b848c54-0cdf-4140-95c5-c5536bb7573b-logodef.png","contentUrl":"https:\/\/aivlisoft.net\/shop\/wp-content\/uploads\/2024\/12\/removal.ai_5b848c54-0cdf-4140-95c5-c5536bb7573b-logodef.png","width":484,"height":182,"caption":"Aivlisoft Inform\u00e1tica"},"image":{"@id":"https:\/\/aivlisoft.net\/shop\/#\/schema\/logo\/image\/"}}]}},"_links":{"self":[{"href":"https:\/\/aivlisoft.net\/shop\/wp-json\/wp\/v2\/product\/20934","targetHints":{"allow":["GET"]}}],"collection":[{"href":"https:\/\/aivlisoft.net\/shop\/wp-json\/wp\/v2\/product"}],"about":[{"href":"https:\/\/aivlisoft.net\/shop\/wp-json\/wp\/v2\/types\/product"}],"wp:featuredmedia":[{"embeddable":true,"href":"https:\/\/aivlisoft.net\/shop\/wp-json\/wp\/v2\/media\/20935"}],"wp:attachment":[{"href":"https:\/\/aivlisoft.net\/shop\/wp-json\/wp\/v2\/media?parent=20934"}],"wp:term":[{"taxonomy":"product_brand","embeddable":true,"href":"https:\/\/aivlisoft.net\/shop\/wp-json\/wp\/v2\/product_brand?post=20934"},{"taxonomy":"product_cat","embeddable":true,"href":"https:\/\/aivlisoft.net\/shop\/wp-json\/wp\/v2\/product_cat?post=20934"},{"taxonomy":"product_tag","embeddable":true,"href":"https:\/\/aivlisoft.net\/shop\/wp-json\/wp\/v2\/product_tag?post=20934"}],"curies":[{"name":"wp","href":"https:\/\/api.w.org\/{rel}","templated":true}]}}