{"id":20932,"date":"2025-01-13T15:48:19","date_gmt":"2025-01-13T15:48:19","guid":{"rendered":"https:\/\/aivlisoft.com\/?post_type=product&#038;p=20932"},"modified":"2025-01-14T11:53:25","modified_gmt":"2025-01-14T11:53:25","slug":"d-link-dgs-3130-54ts-e-switch-l3-48xgb-4x10-sfp","status":"publish","type":"product","link":"https:\/\/aivlisoft.net\/shop\/producto\/d-link-dgs-3130-54ts-e-switch-l3-48xgb-4x10-sfp\/","title":{"rendered":"D-Link DGS-3130-54TS\/E Switch L3 48xGB 4&#215;10 SFP+"},"content":{"rendered":"<p><\/p>\n<table class=\"tabla_caracteristicas k-table\" width=\"100%\">\n<tr>\n<td><strong>Marca<\/strong><\/td>\n<td>D-Link<\/td>\n<\/tr>\n<tr>\n<td><strong>Modelo<\/strong><\/td>\n<td><strong>DGS-3130-54TS\/E<\/strong><\/td>\n<\/tr>\n<tr>\n<td valign=\"top\"><strong>Hardware <\/strong><\/td>\n<td>&#8211; Puertos:<br \/>\t\t\t&nbsp; 48 x 10\/100\/1000BASE-T ports<br \/>\t\t\t&nbsp; 2 x 10GBASE-T ports<br \/>\t\t\t&nbsp; 4 x 10G SFP+ ports<br \/>\t\t\t&#8211; Puerto 10\/100\/1000BASE-T RJ-45 para gesti&oacute;n CLI fuera de banda<br \/>\t\t\t&#8211; Puerto 10\/100\/1000BASE-T RJ-45 para gesti&oacute;n de IP fuera de banda<br \/>\t\t\t&#8211; Puertos de apilado (stacking): 4<br \/>\t\t\t&#8211; Coste de apilado: 2<br \/>\t\t\t&#8211; Puertos USB: 1 x puerto USB 2.0 de tipo A<br \/>\t\t\t<strong>Rendimiento<\/strong><br \/>\t\t\t&#8211; Capacidad de conmutaci&oacute;n: 216 Gbps<br \/>\t\t\t&#8211; Velocidad de env&iacute;o de paquetes de 64 bytes: 161 Mpps<br \/>\t\t\t&#8211; Memoria b&uacute;fer de paquetes: 4 MB<\/td>\n<\/tr>\n<tr>\n<td valign=\"top\"><strong>Otras caracter&iacute;sticas<\/strong><\/td>\n<td><strong>&#8211;<\/strong> 2 x ventiladores inteligentes<br \/>\t\t\t&#8211; MTBF (horas): 273,037 horas<br \/>\t\t\t&#8211; Ac&uacute;stica:<br \/>\t\t\t&nbsp; M&aacute;x.: 46,19 W<br \/>\t\t\t&nbsp; En espera: 25,67 W<br \/>\t\t\t&#8211; Disipaci&oacute;n del calor: 157.60 BTU\/h<br \/>\t\t\t<strong>Alimentaci&oacute;n<\/strong><br \/>\t\t\t&#8211; Entrada de alimentaci&oacute;n: 100 a 240 VAC, 50 a 60 Hz<br \/>\t\t\t&#8211; Consumo m&aacute;ximo:<br \/>\t\t\t&nbsp; 487.26 W (with 370 W PoE load)<br \/>\t\t\t&nbsp; 907.71 W (with 740 W PoE load)<br \/>\t\t\t&nbsp; 51.97 W (PoE Off)<br \/>\t\t\t<strong>Dimensiones y peso<\/strong><br \/>\t\t\t&#8211; 440 x 310 x 44 mm<br \/>\t\t\t&#8211; 4,2 kg<\/td>\n<\/tr>\n<tr>\n<td><strong>Fecha Revisi&oacute;n<\/strong><\/td>\n<td>14-11-2024 por RTY<\/td>\n<\/tr>\n<\/table>\n","protected":false},"excerpt":{"rendered":"<p>Marca D-Link Modelo DGS-3130-54TS\/E Hardware &#8211; Puertos: &nbsp; 48 x 10\/100\/1000BASE-T ports &nbsp; 2 x 10GBASE-T ports &nbsp; 4 x 10G SFP+ ports &#8211; Puerto 10\/100\/1000BASE-T RJ-45 para gesti&oacute;n CLI fuera de banda &#8211; Puerto 10\/100\/1000BASE-T RJ-45 para gesti&oacute;n de IP fuera de banda &#8211; Puertos de apilado (stacking): 4 &#8211; Coste de apilado: 2&hellip;&nbsp;<a href=\"https:\/\/aivlisoft.net\/shop\/producto\/d-link-dgs-3130-54ts-e-switch-l3-48xgb-4x10-sfp\/\" rel=\"bookmark\"><span class=\"screen-reader-text\">D-Link DGS-3130-54TS\/E Switch L3 48xGB 4&#215;10 SFP+<\/span><\/a><\/p>\n","protected":false},"featured_media":20933,"template":"","meta":{"neve_meta_sidebar":"","neve_meta_container":"","neve_meta_enable_content_width":"","neve_meta_content_width":0,"neve_meta_title_alignment":"","neve_meta_author_avatar":"","neve_post_elements_order":"","neve_meta_disable_header":"","neve_meta_disable_footer":"","neve_meta_disable_title":""},"product_brand":[],"product_cat":[8771],"product_tag":[7431],"class_list":{"0":"post-20932","1":"product","2":"type-product","3":"status-publish","4":"has-post-thumbnail","6":"product_cat-switches-armario","7":"product_tag-dgs-3130-54ts-e","9":"first","10":"instock","11":"taxable","12":"shipping-taxable","13":"purchasable","14":"product-type-simple"},"yoast_head":"<!-- This site is optimized with the Yoast SEO plugin v26.0 - https:\/\/yoast.com\/wordpress\/plugins\/seo\/ -->\n<title>D-Link DGS-3130-54TS\/E Switch L3 48xGB 4x10 SFP+ - Aivlisoft Inform\u00e1tica<\/title>\n<meta name=\"robots\" content=\"index, follow, max-snippet:-1, max-image-preview:large, max-video-preview:-1\" \/>\n<link rel=\"canonical\" href=\"https:\/\/aivlisoft.net\/shop\/producto\/d-link-dgs-3130-54ts-e-switch-l3-48xgb-4x10-sfp\/\" \/>\n<meta property=\"og:locale\" content=\"es_ES\" \/>\n<meta property=\"og:type\" content=\"article\" \/>\n<meta property=\"og:title\" content=\"D-Link DGS-3130-54TS\/E Switch L3 48xGB 4x10 SFP+ - Aivlisoft Inform\u00e1tica\" \/>\n<meta property=\"og:description\" content=\"Marca D-Link Modelo DGS-3130-54TS\/E Hardware &#8211; Puertos: &nbsp; 48 x 10\/100\/1000BASE-T ports &nbsp; 2 x 10GBASE-T ports &nbsp; 4 x 10G SFP+ ports &#8211; Puerto 10\/100\/1000BASE-T RJ-45 para gesti&oacute;n CLI fuera de banda &#8211; Puerto 10\/100\/1000BASE-T RJ-45 para gesti&oacute;n de IP fuera de banda &#8211; Puertos de apilado (stacking): 4 &#8211; Coste de apilado: 2&hellip;&nbsp;D-Link DGS-3130-54TS\/E Switch L3 48xGB 4&#215;10 SFP+\" \/>\n<meta property=\"og:url\" content=\"https:\/\/aivlisoft.net\/shop\/producto\/d-link-dgs-3130-54ts-e-switch-l3-48xgb-4x10-sfp\/\" \/>\n<meta property=\"og:site_name\" content=\"Aivlisoft Inform\u00e1tica\" \/>\n<meta property=\"article:modified_time\" content=\"2025-01-14T11:53:25+00:00\" \/>\n<meta property=\"og:image\" content=\"https:\/\/aivlisoft.net\/shop\/wp-content\/uploads\/2025\/01\/NSWSAR0431_800.jpg\" \/>\n\t<meta property=\"og:image:width\" content=\"800\" \/>\n\t<meta property=\"og:image:height\" content=\"800\" \/>\n\t<meta property=\"og:image:type\" content=\"image\/jpeg\" \/>\n<meta name=\"twitter:card\" content=\"summary_large_image\" \/>\n<meta name=\"twitter:label1\" content=\"Tiempo de lectura\" \/>\n\t<meta name=\"twitter:data1\" content=\"1 minuto\" \/>\n<script type=\"application\/ld+json\" class=\"yoast-schema-graph\">{\"@context\":\"https:\/\/schema.org\",\"@graph\":[{\"@type\":\"WebPage\",\"@id\":\"https:\/\/aivlisoft.net\/shop\/producto\/d-link-dgs-3130-54ts-e-switch-l3-48xgb-4x10-sfp\/\",\"url\":\"https:\/\/aivlisoft.net\/shop\/producto\/d-link-dgs-3130-54ts-e-switch-l3-48xgb-4x10-sfp\/\",\"name\":\"D-Link DGS-3130-54TS\/E Switch L3 48xGB 4x10 SFP+ - Aivlisoft Inform\u00e1tica\",\"isPartOf\":{\"@id\":\"https:\/\/aivlisoft.net\/shop\/#website\"},\"primaryImageOfPage\":{\"@id\":\"https:\/\/aivlisoft.net\/shop\/producto\/d-link-dgs-3130-54ts-e-switch-l3-48xgb-4x10-sfp\/#primaryimage\"},\"image\":{\"@id\":\"https:\/\/aivlisoft.net\/shop\/producto\/d-link-dgs-3130-54ts-e-switch-l3-48xgb-4x10-sfp\/#primaryimage\"},\"thumbnailUrl\":\"https:\/\/aivlisoft.net\/shop\/wp-content\/uploads\/2025\/01\/NSWSAR0431_800.jpg\",\"datePublished\":\"2025-01-13T15:48:19+00:00\",\"dateModified\":\"2025-01-14T11:53:25+00:00\",\"breadcrumb\":{\"@id\":\"https:\/\/aivlisoft.net\/shop\/producto\/d-link-dgs-3130-54ts-e-switch-l3-48xgb-4x10-sfp\/#breadcrumb\"},\"inLanguage\":\"es\",\"potentialAction\":[{\"@type\":\"ReadAction\",\"target\":[\"https:\/\/aivlisoft.net\/shop\/producto\/d-link-dgs-3130-54ts-e-switch-l3-48xgb-4x10-sfp\/\"]}]},{\"@type\":\"ImageObject\",\"inLanguage\":\"es\",\"@id\":\"https:\/\/aivlisoft.net\/shop\/producto\/d-link-dgs-3130-54ts-e-switch-l3-48xgb-4x10-sfp\/#primaryimage\",\"url\":\"https:\/\/aivlisoft.net\/shop\/wp-content\/uploads\/2025\/01\/NSWSAR0431_800.jpg\",\"contentUrl\":\"https:\/\/aivlisoft.net\/shop\/wp-content\/uploads\/2025\/01\/NSWSAR0431_800.jpg\",\"width\":800,\"height\":800},{\"@type\":\"BreadcrumbList\",\"@id\":\"https:\/\/aivlisoft.net\/shop\/producto\/d-link-dgs-3130-54ts-e-switch-l3-48xgb-4x10-sfp\/#breadcrumb\",\"itemListElement\":[{\"@type\":\"ListItem\",\"position\":1,\"name\":\"Portada\",\"item\":\"https:\/\/aivlisoft.net\/shop\/\"},{\"@type\":\"ListItem\",\"position\":2,\"name\":\"Tienda\",\"item\":\"https:\/\/aivlisoft.net\/shop\/tienda\/\"},{\"@type\":\"ListItem\",\"position\":3,\"name\":\"D-Link DGS-3130-54TS\/E Switch L3 48xGB 4&#215;10 SFP+\"}]},{\"@type\":\"WebSite\",\"@id\":\"https:\/\/aivlisoft.net\/shop\/#website\",\"url\":\"https:\/\/aivlisoft.net\/shop\/\",\"name\":\"Aivlisoft Inform\u00e1tica\",\"description\":\"En Aivlisoft Inform\u00e1tica ofrecemos soluciones tecnol\u00f3gicas para empresas: venta de ordenadores, consumibles, perif\u00e9ricos y m\u00e1s. Calidad, atenci\u00f3n personalizada y los mejores precios para tu negocio.\",\"publisher\":{\"@id\":\"https:\/\/aivlisoft.net\/shop\/#organization\"},\"potentialAction\":[{\"@type\":\"SearchAction\",\"target\":{\"@type\":\"EntryPoint\",\"urlTemplate\":\"https:\/\/aivlisoft.net\/shop\/?s={search_term_string}\"},\"query-input\":{\"@type\":\"PropertyValueSpecification\",\"valueRequired\":true,\"valueName\":\"search_term_string\"}}],\"inLanguage\":\"es\"},{\"@type\":\"Organization\",\"@id\":\"https:\/\/aivlisoft.net\/shop\/#organization\",\"name\":\"Aivlisoft Inform\u00e1tica\",\"url\":\"https:\/\/aivlisoft.net\/shop\/\",\"logo\":{\"@type\":\"ImageObject\",\"inLanguage\":\"es\",\"@id\":\"https:\/\/aivlisoft.net\/shop\/#\/schema\/logo\/image\/\",\"url\":\"https:\/\/aivlisoft.net\/shop\/wp-content\/uploads\/2024\/12\/removal.ai_5b848c54-0cdf-4140-95c5-c5536bb7573b-logodef.png\",\"contentUrl\":\"https:\/\/aivlisoft.net\/shop\/wp-content\/uploads\/2024\/12\/removal.ai_5b848c54-0cdf-4140-95c5-c5536bb7573b-logodef.png\",\"width\":484,\"height\":182,\"caption\":\"Aivlisoft Inform\u00e1tica\"},\"image\":{\"@id\":\"https:\/\/aivlisoft.net\/shop\/#\/schema\/logo\/image\/\"}}]}<\/script>\n<!-- \/ Yoast SEO plugin. -->","yoast_head_json":{"title":"D-Link DGS-3130-54TS\/E Switch L3 48xGB 4x10 SFP+ - Aivlisoft Inform\u00e1tica","robots":{"index":"index","follow":"follow","max-snippet":"max-snippet:-1","max-image-preview":"max-image-preview:large","max-video-preview":"max-video-preview:-1"},"canonical":"https:\/\/aivlisoft.net\/shop\/producto\/d-link-dgs-3130-54ts-e-switch-l3-48xgb-4x10-sfp\/","og_locale":"es_ES","og_type":"article","og_title":"D-Link DGS-3130-54TS\/E Switch L3 48xGB 4x10 SFP+ - Aivlisoft Inform\u00e1tica","og_description":"Marca D-Link Modelo DGS-3130-54TS\/E Hardware &#8211; Puertos: &nbsp; 48 x 10\/100\/1000BASE-T ports &nbsp; 2 x 10GBASE-T ports &nbsp; 4 x 10G SFP+ ports &#8211; Puerto 10\/100\/1000BASE-T RJ-45 para gesti&oacute;n CLI fuera de banda &#8211; Puerto 10\/100\/1000BASE-T RJ-45 para gesti&oacute;n de IP fuera de banda &#8211; Puertos de apilado (stacking): 4 &#8211; Coste de apilado: 2&hellip;&nbsp;D-Link DGS-3130-54TS\/E Switch L3 48xGB 4&#215;10 SFP+","og_url":"https:\/\/aivlisoft.net\/shop\/producto\/d-link-dgs-3130-54ts-e-switch-l3-48xgb-4x10-sfp\/","og_site_name":"Aivlisoft Inform\u00e1tica","article_modified_time":"2025-01-14T11:53:25+00:00","og_image":[{"width":800,"height":800,"url":"https:\/\/aivlisoft.net\/shop\/wp-content\/uploads\/2025\/01\/NSWSAR0431_800.jpg","type":"image\/jpeg"}],"twitter_card":"summary_large_image","twitter_misc":{"Tiempo de lectura":"1 minuto"},"schema":{"@context":"https:\/\/schema.org","@graph":[{"@type":"WebPage","@id":"https:\/\/aivlisoft.net\/shop\/producto\/d-link-dgs-3130-54ts-e-switch-l3-48xgb-4x10-sfp\/","url":"https:\/\/aivlisoft.net\/shop\/producto\/d-link-dgs-3130-54ts-e-switch-l3-48xgb-4x10-sfp\/","name":"D-Link DGS-3130-54TS\/E Switch L3 48xGB 4x10 SFP+ - Aivlisoft Inform\u00e1tica","isPartOf":{"@id":"https:\/\/aivlisoft.net\/shop\/#website"},"primaryImageOfPage":{"@id":"https:\/\/aivlisoft.net\/shop\/producto\/d-link-dgs-3130-54ts-e-switch-l3-48xgb-4x10-sfp\/#primaryimage"},"image":{"@id":"https:\/\/aivlisoft.net\/shop\/producto\/d-link-dgs-3130-54ts-e-switch-l3-48xgb-4x10-sfp\/#primaryimage"},"thumbnailUrl":"https:\/\/aivlisoft.net\/shop\/wp-content\/uploads\/2025\/01\/NSWSAR0431_800.jpg","datePublished":"2025-01-13T15:48:19+00:00","dateModified":"2025-01-14T11:53:25+00:00","breadcrumb":{"@id":"https:\/\/aivlisoft.net\/shop\/producto\/d-link-dgs-3130-54ts-e-switch-l3-48xgb-4x10-sfp\/#breadcrumb"},"inLanguage":"es","potentialAction":[{"@type":"ReadAction","target":["https:\/\/aivlisoft.net\/shop\/producto\/d-link-dgs-3130-54ts-e-switch-l3-48xgb-4x10-sfp\/"]}]},{"@type":"ImageObject","inLanguage":"es","@id":"https:\/\/aivlisoft.net\/shop\/producto\/d-link-dgs-3130-54ts-e-switch-l3-48xgb-4x10-sfp\/#primaryimage","url":"https:\/\/aivlisoft.net\/shop\/wp-content\/uploads\/2025\/01\/NSWSAR0431_800.jpg","contentUrl":"https:\/\/aivlisoft.net\/shop\/wp-content\/uploads\/2025\/01\/NSWSAR0431_800.jpg","width":800,"height":800},{"@type":"BreadcrumbList","@id":"https:\/\/aivlisoft.net\/shop\/producto\/d-link-dgs-3130-54ts-e-switch-l3-48xgb-4x10-sfp\/#breadcrumb","itemListElement":[{"@type":"ListItem","position":1,"name":"Portada","item":"https:\/\/aivlisoft.net\/shop\/"},{"@type":"ListItem","position":2,"name":"Tienda","item":"https:\/\/aivlisoft.net\/shop\/tienda\/"},{"@type":"ListItem","position":3,"name":"D-Link DGS-3130-54TS\/E Switch L3 48xGB 4&#215;10 SFP+"}]},{"@type":"WebSite","@id":"https:\/\/aivlisoft.net\/shop\/#website","url":"https:\/\/aivlisoft.net\/shop\/","name":"Aivlisoft Inform\u00e1tica","description":"En Aivlisoft Inform\u00e1tica ofrecemos soluciones tecnol\u00f3gicas para empresas: venta de ordenadores, consumibles, perif\u00e9ricos y m\u00e1s. Calidad, atenci\u00f3n personalizada y los mejores precios para tu negocio.","publisher":{"@id":"https:\/\/aivlisoft.net\/shop\/#organization"},"potentialAction":[{"@type":"SearchAction","target":{"@type":"EntryPoint","urlTemplate":"https:\/\/aivlisoft.net\/shop\/?s={search_term_string}"},"query-input":{"@type":"PropertyValueSpecification","valueRequired":true,"valueName":"search_term_string"}}],"inLanguage":"es"},{"@type":"Organization","@id":"https:\/\/aivlisoft.net\/shop\/#organization","name":"Aivlisoft Inform\u00e1tica","url":"https:\/\/aivlisoft.net\/shop\/","logo":{"@type":"ImageObject","inLanguage":"es","@id":"https:\/\/aivlisoft.net\/shop\/#\/schema\/logo\/image\/","url":"https:\/\/aivlisoft.net\/shop\/wp-content\/uploads\/2024\/12\/removal.ai_5b848c54-0cdf-4140-95c5-c5536bb7573b-logodef.png","contentUrl":"https:\/\/aivlisoft.net\/shop\/wp-content\/uploads\/2024\/12\/removal.ai_5b848c54-0cdf-4140-95c5-c5536bb7573b-logodef.png","width":484,"height":182,"caption":"Aivlisoft Inform\u00e1tica"},"image":{"@id":"https:\/\/aivlisoft.net\/shop\/#\/schema\/logo\/image\/"}}]}},"_links":{"self":[{"href":"https:\/\/aivlisoft.net\/shop\/wp-json\/wp\/v2\/product\/20932","targetHints":{"allow":["GET"]}}],"collection":[{"href":"https:\/\/aivlisoft.net\/shop\/wp-json\/wp\/v2\/product"}],"about":[{"href":"https:\/\/aivlisoft.net\/shop\/wp-json\/wp\/v2\/types\/product"}],"wp:featuredmedia":[{"embeddable":true,"href":"https:\/\/aivlisoft.net\/shop\/wp-json\/wp\/v2\/media\/20933"}],"wp:attachment":[{"href":"https:\/\/aivlisoft.net\/shop\/wp-json\/wp\/v2\/media?parent=20932"}],"wp:term":[{"taxonomy":"product_brand","embeddable":true,"href":"https:\/\/aivlisoft.net\/shop\/wp-json\/wp\/v2\/product_brand?post=20932"},{"taxonomy":"product_cat","embeddable":true,"href":"https:\/\/aivlisoft.net\/shop\/wp-json\/wp\/v2\/product_cat?post=20932"},{"taxonomy":"product_tag","embeddable":true,"href":"https:\/\/aivlisoft.net\/shop\/wp-json\/wp\/v2\/product_tag?post=20932"}],"curies":[{"name":"wp","href":"https:\/\/api.w.org\/{rel}","templated":true}]}}