{"id":20926,"date":"2025-01-13T15:48:13","date_gmt":"2025-01-13T15:48:13","guid":{"rendered":"https:\/\/aivlisoft.com\/?post_type=product&#038;p=20926"},"modified":"2025-01-14T11:53:20","modified_gmt":"2025-01-14T11:53:20","slug":"aruba-cx6000-switch-24xgb-4xsfp-poe-370w","status":"publish","type":"product","link":"https:\/\/aivlisoft.net\/shop\/producto\/aruba-cx6000-switch-24xgb-4xsfp-poe-370w\/","title":{"rendered":"Aruba CX6000 Switch 24xGb 4xSFP PoE 370W"},"content":{"rendered":"<p>Switches de acceso Ethernet gigabit de nivel de entrada en los que puede confiar para una conectividad simple, fiable y segura.<\/p>\n<p><strong>Conectividad Ethernet de capa 2 de categor&iacute;a empresarial<\/strong><br \/>Este switch de capa 2 de alto rendimiento con compatibilidad con ACL, calidad de servicio (QoS) s&oacute;lida, enrutamiento est&aacute;tico e IPv6 est&aacute; preparado para conectar usuarios y dispositivos.<\/p>\n<p><strong>PoE y enlaces ascendentes integrados<\/strong><br \/>Pr&aacute;cticos enlaces ascendentes de 1 GbE integrados y hasta 740 W de PoE de clase 4 para alimentar dispositivos IoT y puntos de acceso inal&aacute;mbricos.<\/p>\n<p><strong>Modelo silencioso y compacto de 12 puertos<\/strong><br \/>El modelo de 12 puertos sin ventilador con cuatro enlaces ascendentes de 1 GbE y PoE de 139 W est&aacute; listo para una implementaci&oacute;n silenciosa en &aacute;reas con limitaciones de espacio.<\/p>\n<p><strong>Flexibilidad de gesti&oacute;n<\/strong><br \/>La serie CX 6000 es completamente programable y admite varias opciones de gesti&oacute;n, entre las que se incluyen Aruba Central local y en la nube (el soporte estar&aacute; disponible pr&oacute;ximamente), NetEdit, interfaz de l&iacute;nea de comandos, interfaz gr&aacute;fica de usuario web del switch y programabilidad con sistema operativo AOS-CX y API REST.<\/p>\n<p><strong>Seguridad integrada<\/strong><br \/>El m&oacute;dulo de plataforma fiable integrado (TPM) garantiza que el proceso de arranque comience con switches AOS-CX fiables.<\/p>\n<p><strong>Valor duradero<\/strong><br \/>Aporta valor duradero y simplifica la propiedad sin licencia de software de switch y garant&iacute;a limitada de por vida.<\/p>\n<table class=\"tabla_caracteristicas\" width=\"100%\">\n<tr>\n<td valign=\"top\"><strong>Marca<\/strong><\/td>\n<td>Aruba<\/td>\n<\/tr>\n<tr>\n<td valign=\"top\"><strong>Modelo<\/strong><\/td>\n<td><strong>R8N87A<\/strong><\/td>\n<\/tr>\n<tr>\n<td valign=\"top\"><strong>Puertos<\/strong><\/td>\n<td>&#8211; 24 x puertos 10\/100\/1000Base-T<br \/>\t\t\t&#8211; 4 x puertos SFP 1G<br \/>\t\t\t&#8211; Puertos de gesti&oacute;n:<br \/>\t\t\t&nbsp; 1 x puerto de consola USB-C<br \/>\t\t\t&nbsp; 1 x puerto de host USB de tipo A<\/td>\n<\/tr>\n<tr>\n<td valign=\"top\"><strong>Otras caracter&iacute;sticas<\/strong><\/td>\n<td>&#8211; Rendimiento:<br \/>\t\t\t&nbsp; Capacidad de conmutaci&oacute;n del sistema: hasta 104 Gbps<br \/>\t\t\t&nbsp; Capacidad de rendimiento del sistema: hasta 77,3 Mpps<br \/>\t\t\t&#8211; Alimetaci&oacute;n PoE: 370 W de clase 4<br \/>\t\t\t&#8211; Montaje: Se instala en un rack Telco de 19&#8243; o en un armario de equipamiento. Solo montaje en superficie horizontal. Kit de racks de 2 postes incluido.<br \/>\t\t\t&#8211; Fuente de alimentaci&oacute;n interna (fija), ventiladores fijos<br \/>\t\t\t<strong>Alimentaci&oacute;n<\/strong><br \/>\t\t\t&#8211; Rango de frecuencia: 50-60 Hz<br \/>\t\t\t&#8211; Tensi&oacute;n de CA: 100-240 voltios<br \/>\t\t\t&#8211; Rango de corriente m&aacute;ximo: 4,91-0,5 A<br \/>\t\t\t<strong>Dimensiones y peso<\/strong><br \/>\t\t\t&#8211; 4,39 x 44,2 x 26,82 cm<br \/>\t\t\t&#8211; 4,19 kg<\/td>\n<\/tr>\n<tr>\n<td valign=\"top\"><strong>Fecha de revisi&oacute;n<\/strong><\/td>\n<td>12-11-2024 por RTY<\/td>\n<\/tr>\n<\/table>\n","protected":false},"excerpt":{"rendered":"<p>Switches de acceso Ethernet gigabit de nivel de entrada en los que puede confiar para una conectividad simple, fiable y segura. Conectividad Ethernet de capa 2 de categor&iacute;a empresarialEste switch de capa 2 de alto rendimiento con compatibilidad con ACL, calidad de servicio (QoS) s&oacute;lida, enrutamiento est&aacute;tico e IPv6 est&aacute; preparado para conectar usuarios y&hellip;&nbsp;<a href=\"https:\/\/aivlisoft.net\/shop\/producto\/aruba-cx6000-switch-24xgb-4xsfp-poe-370w\/\" rel=\"bookmark\"><span class=\"screen-reader-text\">Aruba CX6000 Switch 24xGb 4xSFP PoE 370W<\/span><\/a><\/p>\n","protected":false},"featured_media":20927,"template":"","meta":{"neve_meta_sidebar":"","neve_meta_container":"","neve_meta_enable_content_width":"","neve_meta_content_width":0,"neve_meta_title_alignment":"","neve_meta_author_avatar":"","neve_post_elements_order":"","neve_meta_disable_header":"","neve_meta_disable_footer":"","neve_meta_disable_title":""},"product_brand":[],"product_cat":[8771],"product_tag":[7429],"class_list":{"0":"post-20926","1":"product","2":"type-product","3":"status-publish","4":"has-post-thumbnail","6":"product_cat-switches-armario","7":"product_tag-r8n87a","9":"first","10":"instock","11":"taxable","12":"shipping-taxable","13":"purchasable","14":"product-type-simple"},"yoast_head":"<!-- This site is optimized with the Yoast SEO plugin v26.0 - https:\/\/yoast.com\/wordpress\/plugins\/seo\/ -->\n<title>Aruba CX6000 Switch 24xGb 4xSFP PoE 370W - Aivlisoft Inform\u00e1tica<\/title>\n<meta name=\"robots\" content=\"index, follow, max-snippet:-1, max-image-preview:large, max-video-preview:-1\" \/>\n<link rel=\"canonical\" href=\"https:\/\/aivlisoft.net\/shop\/producto\/aruba-cx6000-switch-24xgb-4xsfp-poe-370w\/\" \/>\n<meta property=\"og:locale\" content=\"es_ES\" \/>\n<meta property=\"og:type\" content=\"article\" \/>\n<meta property=\"og:title\" content=\"Aruba CX6000 Switch 24xGb 4xSFP PoE 370W - Aivlisoft Inform\u00e1tica\" \/>\n<meta property=\"og:description\" content=\"Switches de acceso Ethernet gigabit de nivel de entrada en los que puede confiar para una conectividad simple, fiable y segura. Conectividad Ethernet de capa 2 de categor&iacute;a empresarialEste switch de capa 2 de alto rendimiento con compatibilidad con ACL, calidad de servicio (QoS) s&oacute;lida, enrutamiento est&aacute;tico e IPv6 est&aacute; preparado para conectar usuarios y&hellip;&nbsp;Aruba CX6000 Switch 24xGb 4xSFP PoE 370W\" \/>\n<meta property=\"og:url\" content=\"https:\/\/aivlisoft.net\/shop\/producto\/aruba-cx6000-switch-24xgb-4xsfp-poe-370w\/\" \/>\n<meta property=\"og:site_name\" content=\"Aivlisoft Inform\u00e1tica\" \/>\n<meta property=\"article:modified_time\" content=\"2025-01-14T11:53:20+00:00\" \/>\n<meta property=\"og:image\" content=\"https:\/\/aivlisoft.net\/shop\/wp-content\/uploads\/2025\/01\/NSWSAR0429_800.jpg\" \/>\n\t<meta property=\"og:image:width\" content=\"800\" \/>\n\t<meta property=\"og:image:height\" content=\"800\" \/>\n\t<meta property=\"og:image:type\" content=\"image\/jpeg\" \/>\n<meta name=\"twitter:card\" content=\"summary_large_image\" \/>\n<meta name=\"twitter:label1\" content=\"Tiempo de lectura\" \/>\n\t<meta name=\"twitter:data1\" content=\"2 minutos\" \/>\n<script type=\"application\/ld+json\" class=\"yoast-schema-graph\">{\"@context\":\"https:\/\/schema.org\",\"@graph\":[{\"@type\":\"WebPage\",\"@id\":\"https:\/\/aivlisoft.net\/shop\/producto\/aruba-cx6000-switch-24xgb-4xsfp-poe-370w\/\",\"url\":\"https:\/\/aivlisoft.net\/shop\/producto\/aruba-cx6000-switch-24xgb-4xsfp-poe-370w\/\",\"name\":\"Aruba CX6000 Switch 24xGb 4xSFP PoE 370W - Aivlisoft Inform\u00e1tica\",\"isPartOf\":{\"@id\":\"https:\/\/aivlisoft.net\/shop\/#website\"},\"primaryImageOfPage\":{\"@id\":\"https:\/\/aivlisoft.net\/shop\/producto\/aruba-cx6000-switch-24xgb-4xsfp-poe-370w\/#primaryimage\"},\"image\":{\"@id\":\"https:\/\/aivlisoft.net\/shop\/producto\/aruba-cx6000-switch-24xgb-4xsfp-poe-370w\/#primaryimage\"},\"thumbnailUrl\":\"https:\/\/aivlisoft.net\/shop\/wp-content\/uploads\/2025\/01\/NSWSAR0429_800.jpg\",\"datePublished\":\"2025-01-13T15:48:13+00:00\",\"dateModified\":\"2025-01-14T11:53:20+00:00\",\"breadcrumb\":{\"@id\":\"https:\/\/aivlisoft.net\/shop\/producto\/aruba-cx6000-switch-24xgb-4xsfp-poe-370w\/#breadcrumb\"},\"inLanguage\":\"es\",\"potentialAction\":[{\"@type\":\"ReadAction\",\"target\":[\"https:\/\/aivlisoft.net\/shop\/producto\/aruba-cx6000-switch-24xgb-4xsfp-poe-370w\/\"]}]},{\"@type\":\"ImageObject\",\"inLanguage\":\"es\",\"@id\":\"https:\/\/aivlisoft.net\/shop\/producto\/aruba-cx6000-switch-24xgb-4xsfp-poe-370w\/#primaryimage\",\"url\":\"https:\/\/aivlisoft.net\/shop\/wp-content\/uploads\/2025\/01\/NSWSAR0429_800.jpg\",\"contentUrl\":\"https:\/\/aivlisoft.net\/shop\/wp-content\/uploads\/2025\/01\/NSWSAR0429_800.jpg\",\"width\":800,\"height\":800},{\"@type\":\"BreadcrumbList\",\"@id\":\"https:\/\/aivlisoft.net\/shop\/producto\/aruba-cx6000-switch-24xgb-4xsfp-poe-370w\/#breadcrumb\",\"itemListElement\":[{\"@type\":\"ListItem\",\"position\":1,\"name\":\"Portada\",\"item\":\"https:\/\/aivlisoft.net\/shop\/\"},{\"@type\":\"ListItem\",\"position\":2,\"name\":\"Tienda\",\"item\":\"https:\/\/aivlisoft.net\/shop\/tienda\/\"},{\"@type\":\"ListItem\",\"position\":3,\"name\":\"Aruba CX6000 Switch 24xGb 4xSFP PoE 370W\"}]},{\"@type\":\"WebSite\",\"@id\":\"https:\/\/aivlisoft.net\/shop\/#website\",\"url\":\"https:\/\/aivlisoft.net\/shop\/\",\"name\":\"Aivlisoft Inform\u00e1tica\",\"description\":\"En Aivlisoft Inform\u00e1tica ofrecemos soluciones tecnol\u00f3gicas para empresas: venta de ordenadores, consumibles, perif\u00e9ricos y m\u00e1s. Calidad, atenci\u00f3n personalizada y los mejores precios para tu negocio.\",\"publisher\":{\"@id\":\"https:\/\/aivlisoft.net\/shop\/#organization\"},\"potentialAction\":[{\"@type\":\"SearchAction\",\"target\":{\"@type\":\"EntryPoint\",\"urlTemplate\":\"https:\/\/aivlisoft.net\/shop\/?s={search_term_string}\"},\"query-input\":{\"@type\":\"PropertyValueSpecification\",\"valueRequired\":true,\"valueName\":\"search_term_string\"}}],\"inLanguage\":\"es\"},{\"@type\":\"Organization\",\"@id\":\"https:\/\/aivlisoft.net\/shop\/#organization\",\"name\":\"Aivlisoft Inform\u00e1tica\",\"url\":\"https:\/\/aivlisoft.net\/shop\/\",\"logo\":{\"@type\":\"ImageObject\",\"inLanguage\":\"es\",\"@id\":\"https:\/\/aivlisoft.net\/shop\/#\/schema\/logo\/image\/\",\"url\":\"https:\/\/aivlisoft.net\/shop\/wp-content\/uploads\/2024\/12\/removal.ai_5b848c54-0cdf-4140-95c5-c5536bb7573b-logodef.png\",\"contentUrl\":\"https:\/\/aivlisoft.net\/shop\/wp-content\/uploads\/2024\/12\/removal.ai_5b848c54-0cdf-4140-95c5-c5536bb7573b-logodef.png\",\"width\":484,\"height\":182,\"caption\":\"Aivlisoft Inform\u00e1tica\"},\"image\":{\"@id\":\"https:\/\/aivlisoft.net\/shop\/#\/schema\/logo\/image\/\"}}]}<\/script>\n<!-- \/ Yoast SEO plugin. -->","yoast_head_json":{"title":"Aruba CX6000 Switch 24xGb 4xSFP PoE 370W - Aivlisoft Inform\u00e1tica","robots":{"index":"index","follow":"follow","max-snippet":"max-snippet:-1","max-image-preview":"max-image-preview:large","max-video-preview":"max-video-preview:-1"},"canonical":"https:\/\/aivlisoft.net\/shop\/producto\/aruba-cx6000-switch-24xgb-4xsfp-poe-370w\/","og_locale":"es_ES","og_type":"article","og_title":"Aruba CX6000 Switch 24xGb 4xSFP PoE 370W - Aivlisoft Inform\u00e1tica","og_description":"Switches de acceso Ethernet gigabit de nivel de entrada en los que puede confiar para una conectividad simple, fiable y segura. Conectividad Ethernet de capa 2 de categor&iacute;a empresarialEste switch de capa 2 de alto rendimiento con compatibilidad con ACL, calidad de servicio (QoS) s&oacute;lida, enrutamiento est&aacute;tico e IPv6 est&aacute; preparado para conectar usuarios y&hellip;&nbsp;Aruba CX6000 Switch 24xGb 4xSFP PoE 370W","og_url":"https:\/\/aivlisoft.net\/shop\/producto\/aruba-cx6000-switch-24xgb-4xsfp-poe-370w\/","og_site_name":"Aivlisoft Inform\u00e1tica","article_modified_time":"2025-01-14T11:53:20+00:00","og_image":[{"width":800,"height":800,"url":"https:\/\/aivlisoft.net\/shop\/wp-content\/uploads\/2025\/01\/NSWSAR0429_800.jpg","type":"image\/jpeg"}],"twitter_card":"summary_large_image","twitter_misc":{"Tiempo de lectura":"2 minutos"},"schema":{"@context":"https:\/\/schema.org","@graph":[{"@type":"WebPage","@id":"https:\/\/aivlisoft.net\/shop\/producto\/aruba-cx6000-switch-24xgb-4xsfp-poe-370w\/","url":"https:\/\/aivlisoft.net\/shop\/producto\/aruba-cx6000-switch-24xgb-4xsfp-poe-370w\/","name":"Aruba CX6000 Switch 24xGb 4xSFP PoE 370W - Aivlisoft Inform\u00e1tica","isPartOf":{"@id":"https:\/\/aivlisoft.net\/shop\/#website"},"primaryImageOfPage":{"@id":"https:\/\/aivlisoft.net\/shop\/producto\/aruba-cx6000-switch-24xgb-4xsfp-poe-370w\/#primaryimage"},"image":{"@id":"https:\/\/aivlisoft.net\/shop\/producto\/aruba-cx6000-switch-24xgb-4xsfp-poe-370w\/#primaryimage"},"thumbnailUrl":"https:\/\/aivlisoft.net\/shop\/wp-content\/uploads\/2025\/01\/NSWSAR0429_800.jpg","datePublished":"2025-01-13T15:48:13+00:00","dateModified":"2025-01-14T11:53:20+00:00","breadcrumb":{"@id":"https:\/\/aivlisoft.net\/shop\/producto\/aruba-cx6000-switch-24xgb-4xsfp-poe-370w\/#breadcrumb"},"inLanguage":"es","potentialAction":[{"@type":"ReadAction","target":["https:\/\/aivlisoft.net\/shop\/producto\/aruba-cx6000-switch-24xgb-4xsfp-poe-370w\/"]}]},{"@type":"ImageObject","inLanguage":"es","@id":"https:\/\/aivlisoft.net\/shop\/producto\/aruba-cx6000-switch-24xgb-4xsfp-poe-370w\/#primaryimage","url":"https:\/\/aivlisoft.net\/shop\/wp-content\/uploads\/2025\/01\/NSWSAR0429_800.jpg","contentUrl":"https:\/\/aivlisoft.net\/shop\/wp-content\/uploads\/2025\/01\/NSWSAR0429_800.jpg","width":800,"height":800},{"@type":"BreadcrumbList","@id":"https:\/\/aivlisoft.net\/shop\/producto\/aruba-cx6000-switch-24xgb-4xsfp-poe-370w\/#breadcrumb","itemListElement":[{"@type":"ListItem","position":1,"name":"Portada","item":"https:\/\/aivlisoft.net\/shop\/"},{"@type":"ListItem","position":2,"name":"Tienda","item":"https:\/\/aivlisoft.net\/shop\/tienda\/"},{"@type":"ListItem","position":3,"name":"Aruba CX6000 Switch 24xGb 4xSFP PoE 370W"}]},{"@type":"WebSite","@id":"https:\/\/aivlisoft.net\/shop\/#website","url":"https:\/\/aivlisoft.net\/shop\/","name":"Aivlisoft Inform\u00e1tica","description":"En Aivlisoft Inform\u00e1tica ofrecemos soluciones tecnol\u00f3gicas para empresas: venta de ordenadores, consumibles, perif\u00e9ricos y m\u00e1s. Calidad, atenci\u00f3n personalizada y los mejores precios para tu negocio.","publisher":{"@id":"https:\/\/aivlisoft.net\/shop\/#organization"},"potentialAction":[{"@type":"SearchAction","target":{"@type":"EntryPoint","urlTemplate":"https:\/\/aivlisoft.net\/shop\/?s={search_term_string}"},"query-input":{"@type":"PropertyValueSpecification","valueRequired":true,"valueName":"search_term_string"}}],"inLanguage":"es"},{"@type":"Organization","@id":"https:\/\/aivlisoft.net\/shop\/#organization","name":"Aivlisoft Inform\u00e1tica","url":"https:\/\/aivlisoft.net\/shop\/","logo":{"@type":"ImageObject","inLanguage":"es","@id":"https:\/\/aivlisoft.net\/shop\/#\/schema\/logo\/image\/","url":"https:\/\/aivlisoft.net\/shop\/wp-content\/uploads\/2024\/12\/removal.ai_5b848c54-0cdf-4140-95c5-c5536bb7573b-logodef.png","contentUrl":"https:\/\/aivlisoft.net\/shop\/wp-content\/uploads\/2024\/12\/removal.ai_5b848c54-0cdf-4140-95c5-c5536bb7573b-logodef.png","width":484,"height":182,"caption":"Aivlisoft Inform\u00e1tica"},"image":{"@id":"https:\/\/aivlisoft.net\/shop\/#\/schema\/logo\/image\/"}}]}},"_links":{"self":[{"href":"https:\/\/aivlisoft.net\/shop\/wp-json\/wp\/v2\/product\/20926","targetHints":{"allow":["GET"]}}],"collection":[{"href":"https:\/\/aivlisoft.net\/shop\/wp-json\/wp\/v2\/product"}],"about":[{"href":"https:\/\/aivlisoft.net\/shop\/wp-json\/wp\/v2\/types\/product"}],"wp:featuredmedia":[{"embeddable":true,"href":"https:\/\/aivlisoft.net\/shop\/wp-json\/wp\/v2\/media\/20927"}],"wp:attachment":[{"href":"https:\/\/aivlisoft.net\/shop\/wp-json\/wp\/v2\/media?parent=20926"}],"wp:term":[{"taxonomy":"product_brand","embeddable":true,"href":"https:\/\/aivlisoft.net\/shop\/wp-json\/wp\/v2\/product_brand?post=20926"},{"taxonomy":"product_cat","embeddable":true,"href":"https:\/\/aivlisoft.net\/shop\/wp-json\/wp\/v2\/product_cat?post=20926"},{"taxonomy":"product_tag","embeddable":true,"href":"https:\/\/aivlisoft.net\/shop\/wp-json\/wp\/v2\/product_tag?post=20926"}],"curies":[{"name":"wp","href":"https:\/\/api.w.org\/{rel}","templated":true}]}}