{"id":20857,"date":"2025-01-13T15:47:30","date_gmt":"2025-01-13T15:47:30","guid":{"rendered":"https:\/\/aivlisoft.com\/?post_type=product&#038;p=20857"},"modified":"2025-01-14T11:53:00","modified_gmt":"2025-01-14T11:53:00","slug":"tp-link-sg3428xf-switch-l2-20xgb-4xc-4x10gbe-sfp","status":"publish","type":"product","link":"https:\/\/aivlisoft.net\/shop\/producto\/tp-link-sg3428xf-switch-l2-20xgb-4xc-4x10gbe-sfp\/","title":{"rendered":"TP-Link SG3428XF Switch L2 20xGb 4xC 4x10GbE SFP+"},"content":{"rendered":"<p><\/p>\n<table class=\"tabla_caracteristicas\" width=\"100%\">\n<tr>\n<td valign=\"top\"><strong>Marca<\/strong><\/td>\n<td>TP-Link<\/td>\n<\/tr>\n<tr>\n<td valign=\"top\"><strong>Modelo<\/strong><\/td>\n<td><strong>SG3428XF<\/strong><\/td>\n<\/tr>\n<tr>\n<td valign=\"top\"><strong>Interfaz<\/strong><\/td>\n<td>&#8211; 20 &times; ranuras SFP Gigabit<br \/>\t\t\t&#8211; 4 x puertos Gigabit combinados SFP\/RJ45<br \/>\t\t\t&#8211; 4 x ranuras SFP+ 10G<br \/>\t\t\t&#8211; 1 &times; puerto de consola RJ45<br \/>\t\t\t&#8211; 1 &times; puerto de consola micro-USB<\/td>\n<\/tr>\n<tr>\n<td valign=\"top\"><strong>Caracter&iacute;sticas de Software<\/strong><br \/>\t\t\t&nbsp;<\/td>\n<td>&#8211; Descubrimiento autom&aacute;tico de dispositivos<br \/>\t\t\t&#8211; Configuraci&oacute;n por lotes<br \/>\t\t\t&#8211; Actualizaci&oacute;n del firmware por lotes<br \/>\t\t\t&#8211; Monitoreo de red inteligente<br \/>\t\t\t&#8211; Advertencias de eventos anormales<br \/>\t\t\t&#8211; Configuraci&oacute;n unificada<br \/>\t\t\t&#8211; Programaci&oacute;n de reinicio<br \/>\t\t\t<strong>Calidad de Servicio&nbsp;&nbsp; &nbsp;<\/strong><br \/>\t\t\t&#8211; 8 priority queues<br \/>\t\t\t&#8211; 802.1p CoS\/DSCP priority<br \/>\t\t\t&#8211; Queue scheduling: SP (Strict Priority), WRR (Weighted Round Robin), SP+WRR<br \/>\t\t\t&#8211; Bandwidth Control: Port\/Flow-based Rating Limiting<br \/>\t\t\t&#8211; Smoother Performance<br \/>\t\t\t&#8211; Action for Flows: QoS remark (802.1P Remark, DSCP Remark)<br \/>\t\t\t<strong>Caracter&iacute;sticas L2 y L2+<\/strong><br \/>\t\t\t&#8211; 128 IP Interfaces: Support IPv4\/IPv6 Interface<br \/>\t\t\t&#8211; Static Routing: 48 IPv4\/IPv6 Static Routes<br \/>\t\t\t&#8211; Static ARP: 128 static entries<br \/>\t\t\t&#8211; 512 ARP Entries<br \/>\t\t\t&#8211; Proxy ARP<br \/>\t\t\t&#8211; Gratuitous ARP<br \/>\t\t\t&#8211; DHCP Server<br \/>\t\t\t&#8211; DHCP Relay: DHCP Interface Relay, DHCP VLAN Relay<br \/>\t\t\t&#8211; DHCP L2 Relay<br \/>\t\t\t&#8211; Link Aggregation<br \/>\t\t\t&#8211; Spanning Tree Protocol<br \/>\t\t\t&#8211; Loopback Detection<br \/>\t\t\t&#8211; 802.3x Flow Control<br \/>\t\t\t&#8211; Mirroring<br \/>\t\t\t<strong>Multicast L2&nbsp;&nbsp; <\/strong><br \/>\t\t\t&#8211; Supports 1000 (IPv4, IPv6) IGMP groups<br \/>\t\t\t&#8211; IGMP Snooping<br \/>\t\t\t&#8211; IGMP Authentication<br \/>\t\t\t&#8211; Multicast VLAN Registration (MVR)<br \/>\t\t\t&#8211; MLD Snooping<br \/>\t\t\t&#8211; Multicast Filtering: 256 profiles and 16 entries per profile<br \/>\t\t\t<strong>Funciones del ISP<\/strong><br \/>\t\t\t&#8211; L2PT (Layer 2 Protocol Tunneling)<br \/>\t\t\t&#8211; Device Link Detect Protocol (DLDP)<br \/>\t\t\t&#8211; PPPoE ID Insertion<br \/>\t\t\t&#8211; ERPS<br \/>\t\t\t&#8211; 802.3ah Ethernet Link OAM<br \/>\t\t\t&#8211; DDM<br \/>\t\t\t&#8211; sFlow<br \/>\t\t\t<strong>VLAN&nbsp;&nbsp;&nbsp; &nbsp;<\/strong><br \/>\t\t\t&#8211; VLAN Group: Max 4K VLAN Groups<br \/>\t\t\t&#8211; 802.1q Tagged VLAN<br \/>\t\t\t&#8211; MAC VLAN: 30 Entries<br \/>\t\t\t&#8211; Protocol VLAN: Protocol Template 16, Protocol VLAN 16<br \/>\t\t\t&#8211; Private VLAN<br \/>\t\t\t&#8211; GVRP<br \/>\t\t\t&#8211; VLAN VPN: VLAN Mapping, VLAN Replace<br \/>\t\t\t&#8211; Voice VLAN<br \/>\t\t\t<strong>Lista de Control de Acceso<\/strong><br \/>\t\t\t&#8211; Time-based ACL<br \/>\t\t\t&#8211; MAC ACL: Source MAC, Destination MAC, VLAN ID, User Priority, Ether Type<br \/>\t\t\t&#8211; IP ACL: Source IP, Destination IP, Fragment, IP Protocol, TCP Flag, TCP\/UDP Port, DSCP\/IP TOS<br \/>\t\t\t&#8211; Combined ACL<br \/>\t\t\t&#8211; Packet Content ACL<br \/>\t\t\t&#8211; IPv6 ACL<br \/>\t\t\t&#8211; Policy: Mirroring, Redirect, Rate Limit, QoS Remark<br \/>\t\t\t&#8211; ACL applies to Port\/VLAN<br \/>\t\t\t<strong>Seguridad&nbsp;&nbsp;&nbsp; &nbsp;<\/strong><br \/>\t\t\t&#8211; IP-MAC-Port Binding<br \/>\t\t\t&nbsp; 512 Entries<br \/>\t\t\t&nbsp; DHCP Snooping<br \/>\t\t\t&nbsp; ARP Inspection<br \/>\t\t\t&nbsp; IPv4 Source Guard<br \/>\t\t\t&#8211; IPv6-MAC-Port Binding<br \/>\t\t\t&nbsp; 512 Entries<br \/>\t\t\t&nbsp; DHCPv6 Snooping<br \/>\t\t\t&nbsp; ND Detection<br \/>\t\t\t&nbsp; ND Snooping<br \/>\t\t\t&nbsp; IPv6 Source Guard<br \/>\t\t\t&#8211; DoS Defend<br \/>\t\t\t&#8211; Static\/Dynamic Port Security: Up to 64 MAC addresses per port<br \/>\t\t\t&#8211; Broadcast\/Multicast\/Unicast Storm Control: kbps\/ratio control mode<br \/>\t\t\t&#8211; 802.1X<br \/>\t\t\t&nbsp; Port base authentication<br \/>\t\t\t&nbsp; MAC-based authentication<br \/>\t\t\t&nbsp; VLAN Assignment<br \/>\t\t\t&nbsp; MAB<br \/>\t\t\t&nbsp; Guest VLAN<br \/>\t\t\t&nbsp; Radius authentication and accountability support<br \/>\t\t\t&#8211; AAA (including TACACS+)<br \/>\t\t\t&#8211; Port Isolation<br \/>\t\t\t&#8211; Secure web management through HTTPS with SSLv3\/TLS 1.2<br \/>\t\t\t&#8211; Secure Command Line Interface (CLI) management with SSHv1\/SSHv2<br \/>\t\t\t&#8211; IP\/Port\/MAC-based access control<br \/>\t\t\t<strong>IPv6&nbsp;&nbsp;&nbsp; &nbsp;<\/strong><br \/>\t\t\t&#8211; IPv6 Dual IPv4\/IPv6<br \/>\t\t\t&#8211; Multicast Listener Discovery (MLD) Snooping<br \/>\t\t\t&#8211; IPv6 ACL<br \/>\t\t\t&#8211; IPv6 Interface<br \/>\t\t\t&#8211; Static IPv6 Routing<br \/>\t\t\t&#8211; IPv6 neighbor discovery (ND)<br \/>\t\t\t&#8211; Path maximum transmission unit (MTU) discovery<br \/>\t\t\t&#8211; Internet Control Message Protocol (ICMP) version 6<br \/>\t\t\t&#8211; TCPv6\/UDPv6<br \/>\t\t\t&#8211; IPv6 applications: DHCPv6 Client, Ping6, Tracert6, Telnet (v6), IPv6 SNMP, IPv6 SSH, IPv6 SSL, Http\/Https, IPv6 TFTP<br \/>\t\t\t<strong>MIBs<\/strong><br \/>\t\t\t&#8211; MIB II (RFC1213)<br \/>\t\t\t&#8211; Interface MIB (RFC2233)<br \/>\t\t\t&#8211; Ethernet Interface MIB (RFC1643)<br \/>\t\t\t&#8211; Bridge MIB (RFC1493)<br \/>\t\t\t&#8211; P\/Q-Bridge MIB (RFC2674)<br \/>\t\t\t&#8211; RMON MIB (RFC2819)<br \/>\t\t\t&#8211; RMON2 MIB (RFC2021)<br \/>\t\t\t&#8211; Radius Accounting Client MIB (RFC2620)<br \/>\t\t\t&#8211; Radius Authentication Client MIB (RFC2618)<br \/>\t\t\t&#8211; Remote Ping, Traceroute MIB (RFC2925)<br \/>\t\t\t&#8211; Support TP-Link private MIB<\/td>\n<\/tr>\n<tr>\n<td valign=\"top\"><strong>Caracter&iacute;sticas<\/strong><\/td>\n<td>&#8211; Cantidad de Ventiladores: 1 x ventilador<br \/>\t\t\t&#8211; Bloqueo de Seguridad F&iacute;sico<br \/>\t\t\t&#8211; Fuente de Alimentaci&oacute;n<br \/>\t\t\t&nbsp; Dual Redundant Power Supplies<br \/>\t\t\t&nbsp; 100-240 V AC~50\/60 Hz<br \/>\t\t\t&#8211; Montaje: Rack Mountable<br \/>\t\t\t&#8211; Consumo de Potencia M&aacute;ximo: 35.7 W (110 V\/60 Hz)<br \/>\t\t\t&#8211; Disipaci&oacute;n m&aacute;xima de calor: 121.81 BTU\/hr (110 V\/60 Hz)<br \/>\t\t\t&#8211; Capacidad de Conmutaci&oacute;n: 128 Gbps<br \/>\t\t\t&#8211; Tasa de Reenv&iacute;o de Paquetes: 95.23 Mpps<br \/>\t\t\t&#8211; Tabla de Direcciones MAC: 16 K<br \/>\t\t\t&#8211; Memoria del Buffer de Paquete: 12 Mbit<br \/>\t\t\t&#8211; Jumbo Frame: 9 KB<br \/>\t\t\t&#8211; Requisitos del sistema: Microsoft Windows 98SE, NT, 2000, XP, Vista or Windows 7\/8\/10\/11, MAC OS, NetWare, UNIX or Linux.<br \/>\t\t\t&#8211; Omada Ap: Requiere el uso de Omada Hardware Controller, Omada Cloud-Based Controller o Omada Software Controller<br \/>\t\t\t&#8211; Gesti&oacute;n Centralizada:<br \/>\t\t\t&nbsp; Controlador basado en la nube Omada<br \/>\t\t\t&nbsp; Controlador de hardware Omada<br \/>\t\t\t&nbsp; Controlador de software Omada<br \/>\t\t\t&#8211; Acceso a la nube: Requiriendo el uso de Omada Hardware Controller, Omada Cloud-Based Controller o Omada Software Controller<br \/>\t\t\t&#8211; Aprovisionamiento sin contacto: Requiere el uso de Omada Cloud-Based Controller<br \/>\t\t\t<strong>Funciones de gesti&oacute;n<\/strong><br \/>\t\t\t&#8211; Web-based GUI<br \/>\t\t\t&#8211; Command Line Interface (CLI) through the console port, telnet<br \/>\t\t\t&#8211; SNMP v1\/v2c\/v3: Trap\/Inform, RMON (1,2,3,9 groups)<br \/>\t\t\t&#8211; SDM Template<br \/>\t\t\t&#8211; DHCP\/BOOTP Client<br \/>\t\t\t&#8211; 802.1ab LLDP\/LLDP-MED<br \/>\t\t\t&#8211; DHCP AutoInstall<br \/>\t\t\t&#8211; Dual Image, Dual Configuration<br \/>\t\t\t&#8211; CPU Monitoring<br \/>\t\t\t&#8211; Cable Diagnostics<br \/>\t\t\t&#8211; EEE<br \/>\t\t\t&#8211; Password Recovery<br \/>\t\t\t&#8211; SNTP<br \/>\t\t\t&#8211; System Log<br \/>\t\t\t<strong>Certificaciones<\/strong><br \/>\t\t\t&#8211; CE, FCC, RoHS<br \/>\t\t\t<strong>Dimensiones<\/strong><br \/>\t\t\t&#8211; 440 &times; 220 &times; 44 mm<br \/>\t\t\t<strong>Contenido<\/strong><br \/>\t\t\t&#8211; SG3428XF Switch<br \/>\t\t\t&#8211; Power Cord<br \/>\t\t\t&#8211; Quick Installation Guide<br \/>\t\t\t&#8211; Rackmount Kit<br \/>\t\t\t&#8211; Rubber Feet<\/td>\n<\/tr>\n<tr>\n<td valign=\"top\"><strong>Fecha de revisi&oacute;n<\/strong><\/td>\n<td>19-08-2024 por RTY<\/td>\n<\/tr>\n<\/table>\n","protected":false},"excerpt":{"rendered":"<p>Marca TP-Link Modelo SG3428XF Interfaz &#8211; 20 &times; ranuras SFP Gigabit &#8211; 4 x puertos Gigabit combinados SFP\/RJ45 &#8211; 4 x ranuras SFP+ 10G &#8211; 1 &times; puerto de consola RJ45 &#8211; 1 &times; puerto de consola micro-USB Caracter&iacute;sticas de Software &nbsp; &#8211; Descubrimiento autom&aacute;tico de dispositivos &#8211; Configuraci&oacute;n por lotes &#8211; Actualizaci&oacute;n del firmware&hellip;&nbsp;<a href=\"https:\/\/aivlisoft.net\/shop\/producto\/tp-link-sg3428xf-switch-l2-20xgb-4xc-4x10gbe-sfp\/\" rel=\"bookmark\"><span class=\"screen-reader-text\">TP-Link SG3428XF Switch L2 20xGb 4xC 4x10GbE SFP+<\/span><\/a><\/p>\n","protected":false},"featured_media":20858,"template":"","meta":{"neve_meta_sidebar":"","neve_meta_container":"","neve_meta_enable_content_width":"","neve_meta_content_width":0,"neve_meta_title_alignment":"","neve_meta_author_avatar":"","neve_post_elements_order":"","neve_meta_disable_header":"","neve_meta_disable_footer":"","neve_meta_disable_title":""},"product_brand":[],"product_cat":[8771],"product_tag":[7413],"class_list":{"0":"post-20857","1":"product","2":"type-product","3":"status-publish","4":"has-post-thumbnail","6":"product_cat-switches-armario","7":"product_tag-sg3428xf","9":"first","10":"instock","11":"taxable","12":"shipping-taxable","13":"purchasable","14":"product-type-simple"},"yoast_head":"<!-- This site is optimized with the Yoast SEO plugin v26.0 - https:\/\/yoast.com\/wordpress\/plugins\/seo\/ -->\n<title>TP-Link SG3428XF Switch L2 20xGb 4xC 4x10GbE SFP+ - Aivlisoft Inform\u00e1tica<\/title>\n<meta name=\"robots\" content=\"index, follow, max-snippet:-1, max-image-preview:large, max-video-preview:-1\" \/>\n<link rel=\"canonical\" href=\"https:\/\/aivlisoft.net\/shop\/producto\/tp-link-sg3428xf-switch-l2-20xgb-4xc-4x10gbe-sfp\/\" \/>\n<meta property=\"og:locale\" content=\"es_ES\" \/>\n<meta property=\"og:type\" content=\"article\" \/>\n<meta property=\"og:title\" content=\"TP-Link SG3428XF Switch L2 20xGb 4xC 4x10GbE SFP+ - Aivlisoft Inform\u00e1tica\" \/>\n<meta property=\"og:description\" content=\"Marca TP-Link Modelo SG3428XF Interfaz &#8211; 20 &times; ranuras SFP Gigabit &#8211; 4 x puertos Gigabit combinados SFP\/RJ45 &#8211; 4 x ranuras SFP+ 10G &#8211; 1 &times; puerto de consola RJ45 &#8211; 1 &times; puerto de consola micro-USB Caracter&iacute;sticas de Software &nbsp; &#8211; Descubrimiento autom&aacute;tico de dispositivos &#8211; Configuraci&oacute;n por lotes &#8211; Actualizaci&oacute;n del firmware&hellip;&nbsp;TP-Link SG3428XF Switch L2 20xGb 4xC 4x10GbE SFP+\" \/>\n<meta property=\"og:url\" content=\"https:\/\/aivlisoft.net\/shop\/producto\/tp-link-sg3428xf-switch-l2-20xgb-4xc-4x10gbe-sfp\/\" \/>\n<meta property=\"og:site_name\" content=\"Aivlisoft Inform\u00e1tica\" \/>\n<meta property=\"article:modified_time\" content=\"2025-01-14T11:53:00+00:00\" \/>\n<meta property=\"og:image\" content=\"https:\/\/aivlisoft.net\/shop\/wp-content\/uploads\/2025\/01\/NSWSAR0412_800.jpg\" \/>\n\t<meta property=\"og:image:width\" content=\"800\" \/>\n\t<meta property=\"og:image:height\" content=\"800\" \/>\n\t<meta property=\"og:image:type\" content=\"image\/jpeg\" \/>\n<meta name=\"twitter:card\" content=\"summary_large_image\" \/>\n<meta name=\"twitter:label1\" content=\"Tiempo de lectura\" \/>\n\t<meta name=\"twitter:data1\" content=\"4 minutos\" \/>\n<script type=\"application\/ld+json\" class=\"yoast-schema-graph\">{\"@context\":\"https:\/\/schema.org\",\"@graph\":[{\"@type\":\"WebPage\",\"@id\":\"https:\/\/aivlisoft.net\/shop\/producto\/tp-link-sg3428xf-switch-l2-20xgb-4xc-4x10gbe-sfp\/\",\"url\":\"https:\/\/aivlisoft.net\/shop\/producto\/tp-link-sg3428xf-switch-l2-20xgb-4xc-4x10gbe-sfp\/\",\"name\":\"TP-Link SG3428XF Switch L2 20xGb 4xC 4x10GbE SFP+ - Aivlisoft Inform\u00e1tica\",\"isPartOf\":{\"@id\":\"https:\/\/aivlisoft.net\/shop\/#website\"},\"primaryImageOfPage\":{\"@id\":\"https:\/\/aivlisoft.net\/shop\/producto\/tp-link-sg3428xf-switch-l2-20xgb-4xc-4x10gbe-sfp\/#primaryimage\"},\"image\":{\"@id\":\"https:\/\/aivlisoft.net\/shop\/producto\/tp-link-sg3428xf-switch-l2-20xgb-4xc-4x10gbe-sfp\/#primaryimage\"},\"thumbnailUrl\":\"https:\/\/aivlisoft.net\/shop\/wp-content\/uploads\/2025\/01\/NSWSAR0412_800.jpg\",\"datePublished\":\"2025-01-13T15:47:30+00:00\",\"dateModified\":\"2025-01-14T11:53:00+00:00\",\"breadcrumb\":{\"@id\":\"https:\/\/aivlisoft.net\/shop\/producto\/tp-link-sg3428xf-switch-l2-20xgb-4xc-4x10gbe-sfp\/#breadcrumb\"},\"inLanguage\":\"es\",\"potentialAction\":[{\"@type\":\"ReadAction\",\"target\":[\"https:\/\/aivlisoft.net\/shop\/producto\/tp-link-sg3428xf-switch-l2-20xgb-4xc-4x10gbe-sfp\/\"]}]},{\"@type\":\"ImageObject\",\"inLanguage\":\"es\",\"@id\":\"https:\/\/aivlisoft.net\/shop\/producto\/tp-link-sg3428xf-switch-l2-20xgb-4xc-4x10gbe-sfp\/#primaryimage\",\"url\":\"https:\/\/aivlisoft.net\/shop\/wp-content\/uploads\/2025\/01\/NSWSAR0412_800.jpg\",\"contentUrl\":\"https:\/\/aivlisoft.net\/shop\/wp-content\/uploads\/2025\/01\/NSWSAR0412_800.jpg\",\"width\":800,\"height\":800},{\"@type\":\"BreadcrumbList\",\"@id\":\"https:\/\/aivlisoft.net\/shop\/producto\/tp-link-sg3428xf-switch-l2-20xgb-4xc-4x10gbe-sfp\/#breadcrumb\",\"itemListElement\":[{\"@type\":\"ListItem\",\"position\":1,\"name\":\"Portada\",\"item\":\"https:\/\/aivlisoft.net\/shop\/\"},{\"@type\":\"ListItem\",\"position\":2,\"name\":\"Tienda\",\"item\":\"https:\/\/aivlisoft.net\/shop\/tienda\/\"},{\"@type\":\"ListItem\",\"position\":3,\"name\":\"TP-Link SG3428XF Switch L2 20xGb 4xC 4x10GbE SFP+\"}]},{\"@type\":\"WebSite\",\"@id\":\"https:\/\/aivlisoft.net\/shop\/#website\",\"url\":\"https:\/\/aivlisoft.net\/shop\/\",\"name\":\"Aivlisoft Inform\u00e1tica\",\"description\":\"En Aivlisoft Inform\u00e1tica ofrecemos soluciones tecnol\u00f3gicas para empresas: venta de ordenadores, consumibles, perif\u00e9ricos y m\u00e1s. Calidad, atenci\u00f3n personalizada y los mejores precios para tu negocio.\",\"publisher\":{\"@id\":\"https:\/\/aivlisoft.net\/shop\/#organization\"},\"potentialAction\":[{\"@type\":\"SearchAction\",\"target\":{\"@type\":\"EntryPoint\",\"urlTemplate\":\"https:\/\/aivlisoft.net\/shop\/?s={search_term_string}\"},\"query-input\":{\"@type\":\"PropertyValueSpecification\",\"valueRequired\":true,\"valueName\":\"search_term_string\"}}],\"inLanguage\":\"es\"},{\"@type\":\"Organization\",\"@id\":\"https:\/\/aivlisoft.net\/shop\/#organization\",\"name\":\"Aivlisoft Inform\u00e1tica\",\"url\":\"https:\/\/aivlisoft.net\/shop\/\",\"logo\":{\"@type\":\"ImageObject\",\"inLanguage\":\"es\",\"@id\":\"https:\/\/aivlisoft.net\/shop\/#\/schema\/logo\/image\/\",\"url\":\"https:\/\/aivlisoft.net\/shop\/wp-content\/uploads\/2024\/12\/removal.ai_5b848c54-0cdf-4140-95c5-c5536bb7573b-logodef.png\",\"contentUrl\":\"https:\/\/aivlisoft.net\/shop\/wp-content\/uploads\/2024\/12\/removal.ai_5b848c54-0cdf-4140-95c5-c5536bb7573b-logodef.png\",\"width\":484,\"height\":182,\"caption\":\"Aivlisoft Inform\u00e1tica\"},\"image\":{\"@id\":\"https:\/\/aivlisoft.net\/shop\/#\/schema\/logo\/image\/\"}}]}<\/script>\n<!-- \/ Yoast SEO plugin. -->","yoast_head_json":{"title":"TP-Link SG3428XF Switch L2 20xGb 4xC 4x10GbE SFP+ - Aivlisoft Inform\u00e1tica","robots":{"index":"index","follow":"follow","max-snippet":"max-snippet:-1","max-image-preview":"max-image-preview:large","max-video-preview":"max-video-preview:-1"},"canonical":"https:\/\/aivlisoft.net\/shop\/producto\/tp-link-sg3428xf-switch-l2-20xgb-4xc-4x10gbe-sfp\/","og_locale":"es_ES","og_type":"article","og_title":"TP-Link SG3428XF Switch L2 20xGb 4xC 4x10GbE SFP+ - Aivlisoft Inform\u00e1tica","og_description":"Marca TP-Link Modelo SG3428XF Interfaz &#8211; 20 &times; ranuras SFP Gigabit &#8211; 4 x puertos Gigabit combinados SFP\/RJ45 &#8211; 4 x ranuras SFP+ 10G &#8211; 1 &times; puerto de consola RJ45 &#8211; 1 &times; puerto de consola micro-USB Caracter&iacute;sticas de Software &nbsp; &#8211; Descubrimiento autom&aacute;tico de dispositivos &#8211; Configuraci&oacute;n por lotes &#8211; Actualizaci&oacute;n del firmware&hellip;&nbsp;TP-Link SG3428XF Switch L2 20xGb 4xC 4x10GbE SFP+","og_url":"https:\/\/aivlisoft.net\/shop\/producto\/tp-link-sg3428xf-switch-l2-20xgb-4xc-4x10gbe-sfp\/","og_site_name":"Aivlisoft Inform\u00e1tica","article_modified_time":"2025-01-14T11:53:00+00:00","og_image":[{"width":800,"height":800,"url":"https:\/\/aivlisoft.net\/shop\/wp-content\/uploads\/2025\/01\/NSWSAR0412_800.jpg","type":"image\/jpeg"}],"twitter_card":"summary_large_image","twitter_misc":{"Tiempo de lectura":"4 minutos"},"schema":{"@context":"https:\/\/schema.org","@graph":[{"@type":"WebPage","@id":"https:\/\/aivlisoft.net\/shop\/producto\/tp-link-sg3428xf-switch-l2-20xgb-4xc-4x10gbe-sfp\/","url":"https:\/\/aivlisoft.net\/shop\/producto\/tp-link-sg3428xf-switch-l2-20xgb-4xc-4x10gbe-sfp\/","name":"TP-Link SG3428XF Switch L2 20xGb 4xC 4x10GbE SFP+ - Aivlisoft Inform\u00e1tica","isPartOf":{"@id":"https:\/\/aivlisoft.net\/shop\/#website"},"primaryImageOfPage":{"@id":"https:\/\/aivlisoft.net\/shop\/producto\/tp-link-sg3428xf-switch-l2-20xgb-4xc-4x10gbe-sfp\/#primaryimage"},"image":{"@id":"https:\/\/aivlisoft.net\/shop\/producto\/tp-link-sg3428xf-switch-l2-20xgb-4xc-4x10gbe-sfp\/#primaryimage"},"thumbnailUrl":"https:\/\/aivlisoft.net\/shop\/wp-content\/uploads\/2025\/01\/NSWSAR0412_800.jpg","datePublished":"2025-01-13T15:47:30+00:00","dateModified":"2025-01-14T11:53:00+00:00","breadcrumb":{"@id":"https:\/\/aivlisoft.net\/shop\/producto\/tp-link-sg3428xf-switch-l2-20xgb-4xc-4x10gbe-sfp\/#breadcrumb"},"inLanguage":"es","potentialAction":[{"@type":"ReadAction","target":["https:\/\/aivlisoft.net\/shop\/producto\/tp-link-sg3428xf-switch-l2-20xgb-4xc-4x10gbe-sfp\/"]}]},{"@type":"ImageObject","inLanguage":"es","@id":"https:\/\/aivlisoft.net\/shop\/producto\/tp-link-sg3428xf-switch-l2-20xgb-4xc-4x10gbe-sfp\/#primaryimage","url":"https:\/\/aivlisoft.net\/shop\/wp-content\/uploads\/2025\/01\/NSWSAR0412_800.jpg","contentUrl":"https:\/\/aivlisoft.net\/shop\/wp-content\/uploads\/2025\/01\/NSWSAR0412_800.jpg","width":800,"height":800},{"@type":"BreadcrumbList","@id":"https:\/\/aivlisoft.net\/shop\/producto\/tp-link-sg3428xf-switch-l2-20xgb-4xc-4x10gbe-sfp\/#breadcrumb","itemListElement":[{"@type":"ListItem","position":1,"name":"Portada","item":"https:\/\/aivlisoft.net\/shop\/"},{"@type":"ListItem","position":2,"name":"Tienda","item":"https:\/\/aivlisoft.net\/shop\/tienda\/"},{"@type":"ListItem","position":3,"name":"TP-Link SG3428XF Switch L2 20xGb 4xC 4x10GbE SFP+"}]},{"@type":"WebSite","@id":"https:\/\/aivlisoft.net\/shop\/#website","url":"https:\/\/aivlisoft.net\/shop\/","name":"Aivlisoft Inform\u00e1tica","description":"En Aivlisoft Inform\u00e1tica ofrecemos soluciones tecnol\u00f3gicas para empresas: venta de ordenadores, consumibles, perif\u00e9ricos y m\u00e1s. Calidad, atenci\u00f3n personalizada y los mejores precios para tu negocio.","publisher":{"@id":"https:\/\/aivlisoft.net\/shop\/#organization"},"potentialAction":[{"@type":"SearchAction","target":{"@type":"EntryPoint","urlTemplate":"https:\/\/aivlisoft.net\/shop\/?s={search_term_string}"},"query-input":{"@type":"PropertyValueSpecification","valueRequired":true,"valueName":"search_term_string"}}],"inLanguage":"es"},{"@type":"Organization","@id":"https:\/\/aivlisoft.net\/shop\/#organization","name":"Aivlisoft Inform\u00e1tica","url":"https:\/\/aivlisoft.net\/shop\/","logo":{"@type":"ImageObject","inLanguage":"es","@id":"https:\/\/aivlisoft.net\/shop\/#\/schema\/logo\/image\/","url":"https:\/\/aivlisoft.net\/shop\/wp-content\/uploads\/2024\/12\/removal.ai_5b848c54-0cdf-4140-95c5-c5536bb7573b-logodef.png","contentUrl":"https:\/\/aivlisoft.net\/shop\/wp-content\/uploads\/2024\/12\/removal.ai_5b848c54-0cdf-4140-95c5-c5536bb7573b-logodef.png","width":484,"height":182,"caption":"Aivlisoft Inform\u00e1tica"},"image":{"@id":"https:\/\/aivlisoft.net\/shop\/#\/schema\/logo\/image\/"}}]}},"_links":{"self":[{"href":"https:\/\/aivlisoft.net\/shop\/wp-json\/wp\/v2\/product\/20857","targetHints":{"allow":["GET"]}}],"collection":[{"href":"https:\/\/aivlisoft.net\/shop\/wp-json\/wp\/v2\/product"}],"about":[{"href":"https:\/\/aivlisoft.net\/shop\/wp-json\/wp\/v2\/types\/product"}],"wp:featuredmedia":[{"embeddable":true,"href":"https:\/\/aivlisoft.net\/shop\/wp-json\/wp\/v2\/media\/20858"}],"wp:attachment":[{"href":"https:\/\/aivlisoft.net\/shop\/wp-json\/wp\/v2\/media?parent=20857"}],"wp:term":[{"taxonomy":"product_brand","embeddable":true,"href":"https:\/\/aivlisoft.net\/shop\/wp-json\/wp\/v2\/product_brand?post=20857"},{"taxonomy":"product_cat","embeddable":true,"href":"https:\/\/aivlisoft.net\/shop\/wp-json\/wp\/v2\/product_cat?post=20857"},{"taxonomy":"product_tag","embeddable":true,"href":"https:\/\/aivlisoft.net\/shop\/wp-json\/wp\/v2\/product_tag?post=20857"}],"curies":[{"name":"wp","href":"https:\/\/api.w.org\/{rel}","templated":true}]}}