{"id":20816,"date":"2025-01-13T15:47:03","date_gmt":"2025-01-13T15:47:03","guid":{"rendered":"https:\/\/aivlisoft.com\/?post_type=product&#038;p=20816"},"modified":"2025-01-14T11:52:50","modified_gmt":"2025-01-14T11:52:50","slug":"ruijie-switch-l2-24-gbe-poe-poe-4-sfp-370w","status":"publish","type":"product","link":"https:\/\/aivlisoft.net\/shop\/producto\/ruijie-switch-l2-24-gbe-poe-poe-4-sfp-370w\/","title":{"rendered":"Ruijie Switch L2 24 GbE POE\/POE+ 4 SFP 370W"},"content":{"rendered":"<p><\/p>\n<table class=\"tabla_caracteristicas\" width=\"100%\">\n<tr>\n<td valign=\"top\"><strong>Marca<\/strong><\/td>\n<td>Ruijie<\/td>\n<\/tr>\n<tr>\n<td valign=\"top\"><strong>Modelo<\/strong><\/td>\n<td><strong>RGNBS310024GT4SFPP<\/strong><\/td>\n<\/tr>\n<tr>\n<td valign=\"top\"><strong>Caracter&iacute;sticas<\/strong><\/td>\n<td>&#8211; Puertos: <strong>24 x puertos PoE+ 10\/100\/1000Base-T, 4 enlaces ascendentes SFP<br \/>\t\t\t&#8211; <\/strong>PoE(802.3af)\/PoE+(802.3at): 370 W<br \/>\t\t\t&#8211; Capacidad de conmutaci&oacute;n: 56 Gbps<br \/>\t\t\t&#8211; Tasa de reenv&iacute;o: 41,67 Mpps<br \/>\t\t\t&#8211; Tabla de direcciones MAC: 16000<br \/>\t\t\t&#8211; VLAN m&aacute;xima: 4094<br \/>\t\t\t&#8211; Ventilador: &Uacute;nico, flujo de aire de izquierda a derecha<br \/>\t\t\t&#8211; Sobretensi&oacute;n de puerto: 6kV<br \/>\t\t\t&#8211; MTBF: &gt; 200.000<br \/>\t\t\t<strong>Dimensiones y peso<\/strong><br \/>\t\t\t&#8211; 440 x 293 x 44 mm<br \/>\t\t\t&#8211; 4,5 kg<\/td>\n<\/tr>\n<tr>\n<td valign=\"top\"><strong>Fecha de revisi&oacute;n<\/strong><\/td>\n<td>29-02-2024 por RTY<\/td>\n<\/tr>\n<\/table>\n","protected":false},"excerpt":{"rendered":"<p>Marca Ruijie Modelo RGNBS310024GT4SFPP Caracter&iacute;sticas &#8211; Puertos: 24 x puertos PoE+ 10\/100\/1000Base-T, 4 enlaces ascendentes SFP &#8211; PoE(802.3af)\/PoE+(802.3at): 370 W &#8211; Capacidad de conmutaci&oacute;n: 56 Gbps &#8211; Tasa de reenv&iacute;o: 41,67 Mpps &#8211; Tabla de direcciones MAC: 16000 &#8211; VLAN m&aacute;xima: 4094 &#8211; Ventilador: &Uacute;nico, flujo de aire de izquierda a derecha &#8211; Sobretensi&oacute;n de&hellip;&nbsp;<a href=\"https:\/\/aivlisoft.net\/shop\/producto\/ruijie-switch-l2-24-gbe-poe-poe-4-sfp-370w\/\" rel=\"bookmark\"><span class=\"screen-reader-text\">Ruijie Switch L2 24 GbE POE\/POE+ 4 SFP 370W<\/span><\/a><\/p>\n","protected":false},"featured_media":20817,"template":"","meta":{"neve_meta_sidebar":"","neve_meta_container":"","neve_meta_enable_content_width":"","neve_meta_content_width":0,"neve_meta_title_alignment":"","neve_meta_author_avatar":"","neve_post_elements_order":"","neve_meta_disable_header":"","neve_meta_disable_footer":"","neve_meta_disable_title":""},"product_brand":[],"product_cat":[8771],"product_tag":[7403],"class_list":{"0":"post-20816","1":"product","2":"type-product","3":"status-publish","4":"has-post-thumbnail","6":"product_cat-switches-armario","7":"product_tag-rg-nbs3100-24gt4sfp-p","9":"first","10":"instock","11":"taxable","12":"shipping-taxable","13":"purchasable","14":"product-type-simple"},"yoast_head":"<!-- This site is optimized with the Yoast SEO plugin v26.0 - https:\/\/yoast.com\/wordpress\/plugins\/seo\/ -->\n<title>Ruijie Switch L2 24 GbE POE\/POE+ 4 SFP 370W - Aivlisoft Inform\u00e1tica<\/title>\n<meta name=\"robots\" content=\"index, follow, max-snippet:-1, max-image-preview:large, max-video-preview:-1\" \/>\n<link rel=\"canonical\" href=\"https:\/\/aivlisoft.net\/shop\/producto\/ruijie-switch-l2-24-gbe-poe-poe-4-sfp-370w\/\" \/>\n<meta property=\"og:locale\" content=\"es_ES\" \/>\n<meta property=\"og:type\" content=\"article\" \/>\n<meta property=\"og:title\" content=\"Ruijie Switch L2 24 GbE POE\/POE+ 4 SFP 370W - Aivlisoft Inform\u00e1tica\" \/>\n<meta property=\"og:description\" content=\"Marca Ruijie Modelo RGNBS310024GT4SFPP Caracter&iacute;sticas &#8211; Puertos: 24 x puertos PoE+ 10\/100\/1000Base-T, 4 enlaces ascendentes SFP &#8211; PoE(802.3af)\/PoE+(802.3at): 370 W &#8211; Capacidad de conmutaci&oacute;n: 56 Gbps &#8211; Tasa de reenv&iacute;o: 41,67 Mpps &#8211; Tabla de direcciones MAC: 16000 &#8211; VLAN m&aacute;xima: 4094 &#8211; Ventilador: &Uacute;nico, flujo de aire de izquierda a derecha &#8211; Sobretensi&oacute;n de&hellip;&nbsp;Ruijie Switch L2 24 GbE POE\/POE+ 4 SFP 370W\" \/>\n<meta property=\"og:url\" content=\"https:\/\/aivlisoft.net\/shop\/producto\/ruijie-switch-l2-24-gbe-poe-poe-4-sfp-370w\/\" \/>\n<meta property=\"og:site_name\" content=\"Aivlisoft Inform\u00e1tica\" \/>\n<meta property=\"article:modified_time\" content=\"2025-01-14T11:52:50+00:00\" \/>\n<meta property=\"og:image\" content=\"https:\/\/aivlisoft.net\/shop\/wp-content\/uploads\/2025\/01\/NSWSAR0402_800.jpg\" \/>\n\t<meta property=\"og:image:width\" content=\"800\" \/>\n\t<meta property=\"og:image:height\" content=\"800\" \/>\n\t<meta property=\"og:image:type\" content=\"image\/jpeg\" \/>\n<meta name=\"twitter:card\" content=\"summary_large_image\" \/>\n<script type=\"application\/ld+json\" class=\"yoast-schema-graph\">{\"@context\":\"https:\/\/schema.org\",\"@graph\":[{\"@type\":\"WebPage\",\"@id\":\"https:\/\/aivlisoft.net\/shop\/producto\/ruijie-switch-l2-24-gbe-poe-poe-4-sfp-370w\/\",\"url\":\"https:\/\/aivlisoft.net\/shop\/producto\/ruijie-switch-l2-24-gbe-poe-poe-4-sfp-370w\/\",\"name\":\"Ruijie Switch L2 24 GbE POE\/POE+ 4 SFP 370W - Aivlisoft Inform\u00e1tica\",\"isPartOf\":{\"@id\":\"https:\/\/aivlisoft.net\/shop\/#website\"},\"primaryImageOfPage\":{\"@id\":\"https:\/\/aivlisoft.net\/shop\/producto\/ruijie-switch-l2-24-gbe-poe-poe-4-sfp-370w\/#primaryimage\"},\"image\":{\"@id\":\"https:\/\/aivlisoft.net\/shop\/producto\/ruijie-switch-l2-24-gbe-poe-poe-4-sfp-370w\/#primaryimage\"},\"thumbnailUrl\":\"https:\/\/aivlisoft.net\/shop\/wp-content\/uploads\/2025\/01\/NSWSAR0402_800.jpg\",\"datePublished\":\"2025-01-13T15:47:03+00:00\",\"dateModified\":\"2025-01-14T11:52:50+00:00\",\"breadcrumb\":{\"@id\":\"https:\/\/aivlisoft.net\/shop\/producto\/ruijie-switch-l2-24-gbe-poe-poe-4-sfp-370w\/#breadcrumb\"},\"inLanguage\":\"es\",\"potentialAction\":[{\"@type\":\"ReadAction\",\"target\":[\"https:\/\/aivlisoft.net\/shop\/producto\/ruijie-switch-l2-24-gbe-poe-poe-4-sfp-370w\/\"]}]},{\"@type\":\"ImageObject\",\"inLanguage\":\"es\",\"@id\":\"https:\/\/aivlisoft.net\/shop\/producto\/ruijie-switch-l2-24-gbe-poe-poe-4-sfp-370w\/#primaryimage\",\"url\":\"https:\/\/aivlisoft.net\/shop\/wp-content\/uploads\/2025\/01\/NSWSAR0402_800.jpg\",\"contentUrl\":\"https:\/\/aivlisoft.net\/shop\/wp-content\/uploads\/2025\/01\/NSWSAR0402_800.jpg\",\"width\":800,\"height\":800},{\"@type\":\"BreadcrumbList\",\"@id\":\"https:\/\/aivlisoft.net\/shop\/producto\/ruijie-switch-l2-24-gbe-poe-poe-4-sfp-370w\/#breadcrumb\",\"itemListElement\":[{\"@type\":\"ListItem\",\"position\":1,\"name\":\"Portada\",\"item\":\"https:\/\/aivlisoft.net\/shop\/\"},{\"@type\":\"ListItem\",\"position\":2,\"name\":\"Tienda\",\"item\":\"https:\/\/aivlisoft.net\/shop\/tienda\/\"},{\"@type\":\"ListItem\",\"position\":3,\"name\":\"Ruijie Switch L2 24 GbE POE\/POE+ 4 SFP 370W\"}]},{\"@type\":\"WebSite\",\"@id\":\"https:\/\/aivlisoft.net\/shop\/#website\",\"url\":\"https:\/\/aivlisoft.net\/shop\/\",\"name\":\"Aivlisoft Inform\u00e1tica\",\"description\":\"En Aivlisoft Inform\u00e1tica ofrecemos soluciones tecnol\u00f3gicas para empresas: venta de ordenadores, consumibles, perif\u00e9ricos y m\u00e1s. Calidad, atenci\u00f3n personalizada y los mejores precios para tu negocio.\",\"publisher\":{\"@id\":\"https:\/\/aivlisoft.net\/shop\/#organization\"},\"potentialAction\":[{\"@type\":\"SearchAction\",\"target\":{\"@type\":\"EntryPoint\",\"urlTemplate\":\"https:\/\/aivlisoft.net\/shop\/?s={search_term_string}\"},\"query-input\":{\"@type\":\"PropertyValueSpecification\",\"valueRequired\":true,\"valueName\":\"search_term_string\"}}],\"inLanguage\":\"es\"},{\"@type\":\"Organization\",\"@id\":\"https:\/\/aivlisoft.net\/shop\/#organization\",\"name\":\"Aivlisoft Inform\u00e1tica\",\"url\":\"https:\/\/aivlisoft.net\/shop\/\",\"logo\":{\"@type\":\"ImageObject\",\"inLanguage\":\"es\",\"@id\":\"https:\/\/aivlisoft.net\/shop\/#\/schema\/logo\/image\/\",\"url\":\"https:\/\/aivlisoft.net\/shop\/wp-content\/uploads\/2024\/12\/removal.ai_5b848c54-0cdf-4140-95c5-c5536bb7573b-logodef.png\",\"contentUrl\":\"https:\/\/aivlisoft.net\/shop\/wp-content\/uploads\/2024\/12\/removal.ai_5b848c54-0cdf-4140-95c5-c5536bb7573b-logodef.png\",\"width\":484,\"height\":182,\"caption\":\"Aivlisoft Inform\u00e1tica\"},\"image\":{\"@id\":\"https:\/\/aivlisoft.net\/shop\/#\/schema\/logo\/image\/\"}}]}<\/script>\n<!-- \/ Yoast SEO plugin. -->","yoast_head_json":{"title":"Ruijie Switch L2 24 GbE POE\/POE+ 4 SFP 370W - Aivlisoft Inform\u00e1tica","robots":{"index":"index","follow":"follow","max-snippet":"max-snippet:-1","max-image-preview":"max-image-preview:large","max-video-preview":"max-video-preview:-1"},"canonical":"https:\/\/aivlisoft.net\/shop\/producto\/ruijie-switch-l2-24-gbe-poe-poe-4-sfp-370w\/","og_locale":"es_ES","og_type":"article","og_title":"Ruijie Switch L2 24 GbE POE\/POE+ 4 SFP 370W - Aivlisoft Inform\u00e1tica","og_description":"Marca Ruijie Modelo RGNBS310024GT4SFPP Caracter&iacute;sticas &#8211; Puertos: 24 x puertos PoE+ 10\/100\/1000Base-T, 4 enlaces ascendentes SFP &#8211; PoE(802.3af)\/PoE+(802.3at): 370 W &#8211; Capacidad de conmutaci&oacute;n: 56 Gbps &#8211; Tasa de reenv&iacute;o: 41,67 Mpps &#8211; Tabla de direcciones MAC: 16000 &#8211; VLAN m&aacute;xima: 4094 &#8211; Ventilador: &Uacute;nico, flujo de aire de izquierda a derecha &#8211; Sobretensi&oacute;n de&hellip;&nbsp;Ruijie Switch L2 24 GbE POE\/POE+ 4 SFP 370W","og_url":"https:\/\/aivlisoft.net\/shop\/producto\/ruijie-switch-l2-24-gbe-poe-poe-4-sfp-370w\/","og_site_name":"Aivlisoft Inform\u00e1tica","article_modified_time":"2025-01-14T11:52:50+00:00","og_image":[{"width":800,"height":800,"url":"https:\/\/aivlisoft.net\/shop\/wp-content\/uploads\/2025\/01\/NSWSAR0402_800.jpg","type":"image\/jpeg"}],"twitter_card":"summary_large_image","schema":{"@context":"https:\/\/schema.org","@graph":[{"@type":"WebPage","@id":"https:\/\/aivlisoft.net\/shop\/producto\/ruijie-switch-l2-24-gbe-poe-poe-4-sfp-370w\/","url":"https:\/\/aivlisoft.net\/shop\/producto\/ruijie-switch-l2-24-gbe-poe-poe-4-sfp-370w\/","name":"Ruijie Switch L2 24 GbE POE\/POE+ 4 SFP 370W - Aivlisoft Inform\u00e1tica","isPartOf":{"@id":"https:\/\/aivlisoft.net\/shop\/#website"},"primaryImageOfPage":{"@id":"https:\/\/aivlisoft.net\/shop\/producto\/ruijie-switch-l2-24-gbe-poe-poe-4-sfp-370w\/#primaryimage"},"image":{"@id":"https:\/\/aivlisoft.net\/shop\/producto\/ruijie-switch-l2-24-gbe-poe-poe-4-sfp-370w\/#primaryimage"},"thumbnailUrl":"https:\/\/aivlisoft.net\/shop\/wp-content\/uploads\/2025\/01\/NSWSAR0402_800.jpg","datePublished":"2025-01-13T15:47:03+00:00","dateModified":"2025-01-14T11:52:50+00:00","breadcrumb":{"@id":"https:\/\/aivlisoft.net\/shop\/producto\/ruijie-switch-l2-24-gbe-poe-poe-4-sfp-370w\/#breadcrumb"},"inLanguage":"es","potentialAction":[{"@type":"ReadAction","target":["https:\/\/aivlisoft.net\/shop\/producto\/ruijie-switch-l2-24-gbe-poe-poe-4-sfp-370w\/"]}]},{"@type":"ImageObject","inLanguage":"es","@id":"https:\/\/aivlisoft.net\/shop\/producto\/ruijie-switch-l2-24-gbe-poe-poe-4-sfp-370w\/#primaryimage","url":"https:\/\/aivlisoft.net\/shop\/wp-content\/uploads\/2025\/01\/NSWSAR0402_800.jpg","contentUrl":"https:\/\/aivlisoft.net\/shop\/wp-content\/uploads\/2025\/01\/NSWSAR0402_800.jpg","width":800,"height":800},{"@type":"BreadcrumbList","@id":"https:\/\/aivlisoft.net\/shop\/producto\/ruijie-switch-l2-24-gbe-poe-poe-4-sfp-370w\/#breadcrumb","itemListElement":[{"@type":"ListItem","position":1,"name":"Portada","item":"https:\/\/aivlisoft.net\/shop\/"},{"@type":"ListItem","position":2,"name":"Tienda","item":"https:\/\/aivlisoft.net\/shop\/tienda\/"},{"@type":"ListItem","position":3,"name":"Ruijie Switch L2 24 GbE POE\/POE+ 4 SFP 370W"}]},{"@type":"WebSite","@id":"https:\/\/aivlisoft.net\/shop\/#website","url":"https:\/\/aivlisoft.net\/shop\/","name":"Aivlisoft Inform\u00e1tica","description":"En Aivlisoft Inform\u00e1tica ofrecemos soluciones tecnol\u00f3gicas para empresas: venta de ordenadores, consumibles, perif\u00e9ricos y m\u00e1s. Calidad, atenci\u00f3n personalizada y los mejores precios para tu negocio.","publisher":{"@id":"https:\/\/aivlisoft.net\/shop\/#organization"},"potentialAction":[{"@type":"SearchAction","target":{"@type":"EntryPoint","urlTemplate":"https:\/\/aivlisoft.net\/shop\/?s={search_term_string}"},"query-input":{"@type":"PropertyValueSpecification","valueRequired":true,"valueName":"search_term_string"}}],"inLanguage":"es"},{"@type":"Organization","@id":"https:\/\/aivlisoft.net\/shop\/#organization","name":"Aivlisoft Inform\u00e1tica","url":"https:\/\/aivlisoft.net\/shop\/","logo":{"@type":"ImageObject","inLanguage":"es","@id":"https:\/\/aivlisoft.net\/shop\/#\/schema\/logo\/image\/","url":"https:\/\/aivlisoft.net\/shop\/wp-content\/uploads\/2024\/12\/removal.ai_5b848c54-0cdf-4140-95c5-c5536bb7573b-logodef.png","contentUrl":"https:\/\/aivlisoft.net\/shop\/wp-content\/uploads\/2024\/12\/removal.ai_5b848c54-0cdf-4140-95c5-c5536bb7573b-logodef.png","width":484,"height":182,"caption":"Aivlisoft Inform\u00e1tica"},"image":{"@id":"https:\/\/aivlisoft.net\/shop\/#\/schema\/logo\/image\/"}}]}},"_links":{"self":[{"href":"https:\/\/aivlisoft.net\/shop\/wp-json\/wp\/v2\/product\/20816","targetHints":{"allow":["GET"]}}],"collection":[{"href":"https:\/\/aivlisoft.net\/shop\/wp-json\/wp\/v2\/product"}],"about":[{"href":"https:\/\/aivlisoft.net\/shop\/wp-json\/wp\/v2\/types\/product"}],"wp:featuredmedia":[{"embeddable":true,"href":"https:\/\/aivlisoft.net\/shop\/wp-json\/wp\/v2\/media\/20817"}],"wp:attachment":[{"href":"https:\/\/aivlisoft.net\/shop\/wp-json\/wp\/v2\/media?parent=20816"}],"wp:term":[{"taxonomy":"product_brand","embeddable":true,"href":"https:\/\/aivlisoft.net\/shop\/wp-json\/wp\/v2\/product_brand?post=20816"},{"taxonomy":"product_cat","embeddable":true,"href":"https:\/\/aivlisoft.net\/shop\/wp-json\/wp\/v2\/product_cat?post=20816"},{"taxonomy":"product_tag","embeddable":true,"href":"https:\/\/aivlisoft.net\/shop\/wp-json\/wp\/v2\/product_tag?post=20816"}],"curies":[{"name":"wp","href":"https:\/\/api.w.org\/{rel}","templated":true}]}}