{"id":20759,"date":"2025-01-13T15:46:20","date_gmt":"2025-01-13T15:46:20","guid":{"rendered":"https:\/\/aivlisoft.com\/?post_type=product&#038;p=20759"},"modified":"2025-01-14T11:52:30","modified_gmt":"2025-01-14T11:52:30","slug":"tp-link-sg2218p-switch-16xgbe-2xsfp-150w","status":"publish","type":"product","link":"https:\/\/aivlisoft.net\/shop\/producto\/tp-link-sg2218p-switch-16xgbe-2xsfp-150w\/","title":{"rendered":"TP-Link SG2218P Switch 16xGbE 2xSFP 150W"},"content":{"rendered":"<p><strong>Conmutador inteligente JetStream Gigabit de 18 puertos con PoE+ de 16 puertos<\/strong><\/p>\n<p>Presupuesto PoE de 150 W: 16 puertos PoE+ compatibles con 802.3at\/af con una fuente de alimentaci&oacute;n total de 150 W*.<\/p>\n<p>Puertos Gigabit completos: 16 puertos Gigabit PoE+ y 2 ranuras SFP Gigabit proporcionan conexiones de alta velocidad.<\/p>\n<p>Integrado en Omada SDN: Zero-Touch Provisioning (ZTP)**, gesti&oacute;n centralizada de la nube y supervisi&oacute;n inteligente.<\/p>\n<p>Administraci&oacute;n centralizada: acceso a la nube y aplicaci&oacute;n Omada para una administraci&oacute;n ultra conveniente y f&aacute;cil.<\/p>\n<p>Enrutamiento est&aacute;tico: ayuda a enrutar el tr&aacute;fico interno para un uso m&aacute;s eficiente de los recursos de la red.<\/p>\n<p>Estrategias de seguridad s&oacute;lidas: vinculaci&oacute;n de puertos IP-MAC, ACL, seguridad de puertos, defensa DoS, control de tormentas, indagaci&oacute;n DHCP, 802.1X, autenticaci&oacute;n Radius y m&aacute;s.<\/p>\n<p>Optimice las aplicaciones de voz y video: L2\/L3\/L4 QoS e IGMP snooping.<\/p>\n<p>IPv6: Compatibilidad con IPv6 con pila dual IPv4\/IPv6, indagaci&oacute;n MLD, detecci&oacute;n de vecinos IPv6.<\/p>\n<p>&nbsp;<\/p>\n<p>&nbsp;<\/p>\n<table class=\"tabla_caracteristicas k-table\" width=\"100%\">\n<tr>\n<td><strong>Marca<\/strong><\/td>\n<td>TP-Link<\/td>\n<\/tr>\n<tr>\n<td><strong>Modelo<\/strong><\/td>\n<td><strong>SG2218P<\/strong><\/td>\n<\/tr>\n<tr>\n<td><strong>Caracter&iacute;sticas hardware<\/strong><\/td>\n<td>&#8211; Est&aacute;ndares y Protocolos: IEEE 802.3i, IEEE 802.3u, IEEE 802.3ab, IEEE802.3z, IEEE 802.3ad, IEEE 802.3x, IEEE 802.3az, IEEE 802.1d, IEEE 802.1s, IEEE 802.1w, IEEE 802.1q, IEEE 802.1p, IEEE 802.1x<br \/>\t\t\t&#8211; Interfaz: 16 puertos RJ45 de 10\/100\/1000 Mbps (negociaci&oacute;n autom&aacute;tica\/MDI autom&aacute;tico\/MDIX)<br \/>\t\t\t&#8211; 2 ranuras Gigabit SFP<br \/>\t\t\t<strong>Medios de Red<\/strong><br \/>\t\t\t&nbsp; &#8211; 10BASE-T: cable UTP categor&iacute;a 3, 4, 5 (m&aacute;ximo 100 m)<br \/>\t\t\t&nbsp; &#8211; 100BASE-TX\/1000Base-T: cable UTP categor&iacute;a 5, 5e o superior (m&aacute;ximo 100 m)<br \/>\t\t\t&nbsp; &#8211; 1000BASE-X: MMF, SMF<br \/>\t\t\t&#8211; Cantidad de ventiladores: 1<br \/>\t\t\t&#8211; Fuente alimentaci&oacute;n: 100-240V AC, 50\/60Hz<br \/>\t\t\t<strong>Puertos PoE(RJ45)<\/strong><br \/>\t\t\t&nbsp; &#8211; Est&aacute;ndar: compatible con 802.3at\/af<br \/>\t\t\t&nbsp; &#8211; Puertos PoE+: 16 puertos<br \/>\t\t\t&nbsp; &#8211; Presupuesto de energ&iacute;a PoE: 150 W*<\/td>\n<\/tr>\n<tr>\n<td><strong>Caracter&iacute;sticas software<\/strong><\/td>\n<td><strong>Calidad de Servicio<\/strong><br \/>\t\t\t&#8211; Prioridad 802.1p CoS\/DSCP<br \/>\t\t\t&#8211; 8 colas de prioridad<br \/>\t\t\t&#8211; Modo de programaci&oacute;n prioritaria: SP (prioridad estricta), WRR (Round Robin Ponderado)<br \/>\t\t\t&#8211; Configuraci&oacute;n de peso de cola<br \/>\t\t\t&#8211; Control de Ancho de Banda: L&iacute;mite de clasificaci&oacute;n basado en puerto\/flujo<br \/>\t\t\t&#8211; Rendimiento m&aacute;s fluido<br \/>\t\t\t&#8211; Control de tormentas: M&uacute;ltiples modos de control (kbps\/relaci&oacute;n), Control de difusi&oacute;n\/multidifusi&oacute;n\/desconocido-unidifusi&oacute;n<br \/>\t\t\t<strong>Caracter&iacute;sticas L2 y L2+<\/strong><br \/>\t\t\t&#8211; 16 interfaces IP: Admite interfaz IPv4\/IPv6<br \/>\t\t\t&#8211; Enrutamiento estatico: 32 rutas est&aacute;ticas IPv4\/IPv6<br \/>\t\t\t&#8211; Servidor DHCP<br \/>\t\t\t&#8211; Retransmisi&oacute;n DHCP:<br \/>\t\t\t&nbsp; Rel&eacute; de interfaz DHCP<br \/>\t\t\t&nbsp; Retransmisi&oacute;n DHCP VLAN<br \/>\t\t\t&#8211; Retransmisi&oacute;n DHCP L2<br \/>\t\t\t&#8211; ARP est&aacute;tico<br \/>\t\t\t&#8211; Proxy ARP<br \/>\t\t\t&#8211; ARP gratuito<br \/>\t\t\t&#8211; Agregar un link: Agregaci&oacute;n de enlaces est&aacute;ticos, 802.3ad LACP, Hasta 8 grupos de agregaci&oacute;n y hasta 8 puertos por grupo<br \/>\t\t\t&#8211; Protocolo de &aacute;rbol de expansi&oacute;n: 802.1D STP, RSTP 802.1w, MSTP 802.1s, Seguridad STP: Protecci&oacute;n TC, Filtro\/Protecci&oacute;n BPDU, Proteger la ra&iacute;z<br \/>\t\t\t&#8211; Detecci&oacute;n de bucle invertido<br \/>\t\t\t&#8211; Control de flujo<br \/>\t\t\t&#8211; Control de flujo 802.3x<br \/>\t\t\t&#8211; Duplicaci&oacute;n: Duplicaci&oacute;n de puertos, duplicaci&oacute;n de CPU, cara a cara, muchos a uno, basado en flujo, entrada\/salida\/ambos<br \/>\t\t\t&#8211; Protocolo de detecci&oacute;n de enlace de dispositivo (DLDP)<br \/>\t\t\t&#8211; 802.1ab LLDP\/ LLDP-MED<br \/>\t\t\t<strong>Lista de Control de Acceso (ACL)<\/strong><br \/>\t\t\t&#8211; Admite hasta 230 entradas<br \/>\t\t\t&#8211; Intervalo de tiempo: Porci&oacute;n de tiempo, Rango de tiempo de la semana, Rango de tiempo absolutoD&iacute;a festivo<br \/>\t\t\t&#8211; ACL basada en el tiempo<br \/>\t\t\t&#8211; LCA MAC:<br \/>\t\t\t&nbsp; Fuente MAC<br \/>\t\t\t&nbsp; MAC de destino<br \/>\t\t\t&nbsp; ID de VLAN<br \/>\t\t\t&nbsp; Prioridad de usuario<br \/>\t\t\t&nbsp; Tipo de &eacute;ter<br \/>\t\t\t&#8211; IP ACL:<br \/>\t\t\t&nbsp; IP de origen<br \/>\t\t\t&nbsp; IP de destino<br \/>\t\t\t&nbsp; Protocolo IP<br \/>\t\t\t&nbsp; Indicador TCP<br \/>\t\t\t&nbsp; Puerto de origen TCP\/UDP<br \/>\t\t\t&nbsp; Puerto de destino TCP\/UDP<br \/>\t\t\t&nbsp; Condiciones de servicio de DSCP\/IP<br \/>\t\t\t&#8211; LCA de IPv6<br \/>\t\t\t&#8211; LCA combinada<br \/>\t\t\t&#8211; Operaci&oacute;n de reglas:<br \/>\t\t\t&nbsp; Permitir\/Denegar<br \/>\t\t\t&#8211; Acci&oacute;n de pol&iacute;tica:<br \/>\t\t\t&nbsp; Espejo<br \/>\t\t\t&nbsp; L&iacute;mite de tarifa<br \/>\t\t\t&nbsp; Redirigir<br \/>\t\t\t&nbsp; Observaci&oacute;n de QoS<br \/>\t\t\t&#8211; Vinculaci&oacute;n de reglas de ACL:<br \/>\t\t\t&nbsp; Enlace de puerto<br \/>\t\t\t&nbsp; Enlace VLAN<br \/>\t\t\t&#8211; Acciones para flujos:<br \/>\t\t\t&nbsp; Espejo (a la interfaz compatible)<br \/>\t\t\t&nbsp; Redirigir (a la interfaz compatible)<br \/>\t\t\t&nbsp; L&iacute;mite de tarifa<br \/>\t\t\t&nbsp; Observaci&oacute;n de QoS<br \/>\t\t\t<strong>Seguridad<\/strong><br \/>\t\t\t&#8211; AAA<br \/>\t\t\t&#8211; 802.1X<br \/>\t\t\t&nbsp; Autenticaci&oacute;n basada en puerto<br \/>\t\t\t&nbsp; Autenticaci&oacute;n basada en MAC (Host)<br \/>\t\t\t&nbsp; El m&eacute;todo de autenticaci&oacute;n incluye PAP\/EAP MD5<br \/>\t\t\t&nbsp; MAB<br \/>\t\t\t&nbsp; VLAN invitada<br \/>\t\t\t&nbsp; Admite la autenticaci&oacute;n Radius y responsabilidad<br \/>\t\t\t&#8211; Enlace IP\/IPv6 MAC<br \/>\t\t\t&nbsp; 512 entradas vinculantes<br \/>\t\t\t&nbsp; Indagaci&oacute;n DHCP<br \/>\t\t\t&nbsp; Indagaci&oacute;n DHCPv6<br \/>\t\t\t&nbsp; Inspecci&oacute;n ARP<br \/>\t\t\t&nbsp; Detecci&oacute;n de ND<br \/>\t\t\t&#8211; Protecci&oacute;n de fuente de IP<br \/>\t\t\t&nbsp; 253 Entradas<br \/>\t\t\t&nbsp; IP de origen+MAC de origen<br \/>\t\t\t&#8211; Protecci&oacute;n de fuente IPv6<br \/>\t\t\t&nbsp; 183 Entradas<br \/>\t\t\t&nbsp; Direcci&oacute;n IPv6 de origen+MAC de origen<br \/>\t\t\t&#8211; Defensa DoS<br \/>\t\t\t&#8211; Seguridad Portuaria Est&aacute;tica\/Din&aacute;mica\/Permanente: Hasta 64 direcciones MAC por puerto<br \/>\t\t\t&#8211; Control de tormentas de difusi&oacute;n\/multidifusi&oacute;n\/unidifusi&oacute;n: modo de control de kbps\/relaci&oacute;n<br \/>\t\t\t&#8211; Aislamiento de puertos<br \/>\t\t\t&#8211; Gesti&oacute;n web segura a trav&eacute;s de HTTPS con SSLv3\/TLS 1.2<br \/>\t\t\t&#8211; Interfaz de l&iacute;nea de comandos segura (CLI) gesti&oacute;n con SSHv1\/SSHv2<br \/>\t\t\t&#8211; Control de acceso basado en IP\/Puerto\/MAC<br \/>\t\t\t<strong>IPv6<\/strong><br \/>\t\t\t&#8211; Enrutamiento est&aacute;tico IPv6 y ACL<br \/>\t\t\t&#8211; IPv6 Doble IPv4\/IPv6<br \/>\t\t\t&#8211; Interfaz IPv6<br \/>\t\t\t&#8211; Descubrimiento de oyentes de multidifusi&oacute;n (MLD) Snooping<br \/>\t\t\t&#8211; Descubrimiento de vecinos IPv6 (ND)<br \/>\t\t\t&#8211; Descubrimiento de la unidad m&aacute;xima de transmisi&oacute;n (MTU) de la ruta<br \/>\t\t\t&#8211; Protocolo de mensajes de control de Internet (ICMP) versi&oacute;n 6<br \/>\t\t\t&#8211; TCPv6\/UDPv6<br \/>\t\t\t&#8211; Aplicaciones IPv6:<br \/>\t\t\t&nbsp; Cliente DHCPv6<br \/>\t\t\t&nbsp; Ping6<br \/>\t\t\t&nbsp; Tracert6<br \/>\t\t\t&nbsp; Telnet (v6)<br \/>\t\t\t&nbsp; IPv6 SNMP<br \/>\t\t\t&nbsp; IPv6 SSH<br \/>\t\t\t&nbsp; SSL IPv6<br \/>\t\t\t&nbsp; Http\/Https<br \/>\t\t\t&nbsp; IPv6 TFTP<br \/>\t\t\t<strong>Gesti&oacute;n<br \/>\t\t\t&nbsp; <\/strong>&#8211; GUI basada en web<br \/>\t\t\t&nbsp; &#8211; Utilidad de configuraci&oacute;n inteligente f&aacute;cil<br \/>\t\t\t&nbsp; &#8211; M&eacute;todo de Transmisi&oacute;n: Almacenamiento y reenvio<br \/>\t\t\t<strong>Caracter&iacute;sticas avanzadas<\/strong><br \/>\t\t\t&nbsp; &#8211; Detecci&oacute;n autom&aacute;tica de dispositivos<br \/>\t\t\t&nbsp; &#8211; Configuraci&oacute;n por lotes<br \/>\t\t\t&nbsp; &#8211; Actualizaci&oacute;n de firmware por lotes<br \/>\t\t\t&nbsp; &#8211; Supervisi&oacute;n de red inteligente<br \/>\t\t\t&nbsp; &#8211; Advertencias de eventos anormales<br \/>\t\t\t&nbsp; &#8211; Configuraci&oacute;n unificada<br \/>\t\t\t&nbsp; &#8211; Horario de reinicio<br \/>\t\t\t<strong>MIBs <\/strong><br \/>\t\t\t&nbsp; &#8211; MIB II (RFC1213)<br \/>\t\t\t&nbsp; &#8211; Puente MIB (RFC1493)<br \/>\t\t\t&nbsp; &#8211; MIB de puente P\/Q (RFC2674)<br \/>\t\t\t&nbsp; &#8211; MIB de cliente de contabilidad Radius (RFC2620)<br \/>\t\t\t&nbsp; &#8211; MIB de cliente de autenticaci&oacute;n Radius (RFC2618)<br \/>\t\t\t&nbsp; &#8211; Ping remoto, Traceroute MIB (RFC2925)<br \/>\t\t\t&nbsp; &#8211; Admite MIB privadas de TP-Link<br \/>\t\t\t&nbsp; &#8211; RMON MIB (RFC1757, rmon 1,2,3,9)<\/td>\n<\/tr>\n<tr>\n<td><strong>Rendimiento<\/strong><\/td>\n<td>&#8211; Capacidad de Conmutaci&oacute;n: 36 Gbps<br \/>\t\t\t&#8211; Tasa de Reenv&iacute;o de Paquetes: 26.78 Mpps<br \/>\t\t\t&#8211; Tabla de Direcciones MAC: 8K<br \/>\t\t\t&#8211; Memoria del Buffer de Paquete: 4.1 Mbit<br \/>\t\t\t&#8211; Jumbo Frame: 9 KB<\/td>\n<\/tr>\n<tr>\n<td><strong>Otras caracter&iacute;sticas<\/strong><\/td>\n<td>&#8211; Certificaciones: CE, FCC, RoHS<br \/>\t\t\t&#8211; Dimensiones: 440 &times; 180 &times; 44 mm<br \/>\t\t\t&#8211; Montaje: Montable en bastidor<br \/>\t\t\t&#8211; Consumo de Potencia M&aacute;ximo: 181,4 W (110 V\/60 Hz) (con PD de 150 W conectado) || 178,3 W (220 V\/50 Hz) (con PD de 150 W conectado)<br \/>\t\t\t&#8211; Max Heat Dissipation: 619,06 BTU\/h (110 V\/60 Hz) (con PD de 150 W conectado) || 608,52 BTU\/h (220 V\/50 Hz) (con PD de 150 W conectado)<br \/>\t\t\t&#8211; Requisitos del sistema: Microsoft&reg; Windows&reg; XP, Vista&trade; o Windows 7\/8\/10\/11, MAC&reg; OS, NetWare&reg;, UNIX&reg; o Linux.<br \/>\t\t\t<strong>Contenido<\/strong><br \/>\t\t\t&nbsp;&#8211; TL-SG2218P<br \/>\t\t\t&nbsp;&#8211; Cable de alimentaci&oacute;n<br \/>\t\t\t&nbsp;&#8211; Gu&iacute;a de instalaci&oacute;n<br \/>\t\t\t&nbsp;&#8211; Juego de montaje en bastidor<br \/>\t\t\t&nbsp;&#8211; Patas de goma<\/td>\n<\/tr>\n<tr>\n<td><strong>Fecha de revisi&oacute;n<\/strong><\/td>\n<td>09-04-2024 por RTY<\/td>\n<\/tr>\n<\/table>\n","protected":false},"excerpt":{"rendered":"<p>Conmutador inteligente JetStream Gigabit de 18 puertos con PoE+ de 16 puertos Presupuesto PoE de 150 W: 16 puertos PoE+ compatibles con 802.3at\/af con una fuente de alimentaci&oacute;n total de 150 W*. Puertos Gigabit completos: 16 puertos Gigabit PoE+ y 2 ranuras SFP Gigabit proporcionan conexiones de alta velocidad. Integrado en Omada SDN: Zero-Touch Provisioning&hellip;&nbsp;<a href=\"https:\/\/aivlisoft.net\/shop\/producto\/tp-link-sg2218p-switch-16xgbe-2xsfp-150w\/\" rel=\"bookmark\"><span class=\"screen-reader-text\">TP-Link SG2218P Switch 16xGbE 2xSFP 150W<\/span><\/a><\/p>\n","protected":false},"featured_media":20760,"template":"","meta":{"neve_meta_sidebar":"","neve_meta_container":"","neve_meta_enable_content_width":"","neve_meta_content_width":0,"neve_meta_title_alignment":"","neve_meta_author_avatar":"","neve_post_elements_order":"","neve_meta_disable_header":"","neve_meta_disable_footer":"","neve_meta_disable_title":""},"product_brand":[],"product_cat":[8771],"product_tag":[7388],"class_list":{"0":"post-20759","1":"product","2":"type-product","3":"status-publish","4":"has-post-thumbnail","6":"product_cat-switches-armario","7":"product_tag-sg2218p","9":"first","10":"instock","11":"taxable","12":"shipping-taxable","13":"purchasable","14":"product-type-simple"},"yoast_head":"<!-- This site is optimized with the Yoast SEO plugin v26.0 - https:\/\/yoast.com\/wordpress\/plugins\/seo\/ -->\n<title>TP-Link SG2218P Switch 16xGbE 2xSFP 150W - Aivlisoft Inform\u00e1tica<\/title>\n<meta name=\"robots\" content=\"index, follow, max-snippet:-1, max-image-preview:large, max-video-preview:-1\" \/>\n<link rel=\"canonical\" href=\"https:\/\/aivlisoft.net\/shop\/producto\/tp-link-sg2218p-switch-16xgbe-2xsfp-150w\/\" \/>\n<meta property=\"og:locale\" content=\"es_ES\" \/>\n<meta property=\"og:type\" content=\"article\" \/>\n<meta property=\"og:title\" content=\"TP-Link SG2218P Switch 16xGbE 2xSFP 150W - Aivlisoft Inform\u00e1tica\" \/>\n<meta property=\"og:description\" content=\"Conmutador inteligente JetStream Gigabit de 18 puertos con PoE+ de 16 puertos Presupuesto PoE de 150 W: 16 puertos PoE+ compatibles con 802.3at\/af con una fuente de alimentaci&oacute;n total de 150 W*. Puertos Gigabit completos: 16 puertos Gigabit PoE+ y 2 ranuras SFP Gigabit proporcionan conexiones de alta velocidad. Integrado en Omada SDN: Zero-Touch Provisioning&hellip;&nbsp;TP-Link SG2218P Switch 16xGbE 2xSFP 150W\" \/>\n<meta property=\"og:url\" content=\"https:\/\/aivlisoft.net\/shop\/producto\/tp-link-sg2218p-switch-16xgbe-2xsfp-150w\/\" \/>\n<meta property=\"og:site_name\" content=\"Aivlisoft Inform\u00e1tica\" \/>\n<meta property=\"article:modified_time\" content=\"2025-01-14T11:52:30+00:00\" \/>\n<meta property=\"og:image\" content=\"https:\/\/aivlisoft.net\/shop\/wp-content\/uploads\/2025\/01\/NSWSAR0384_800.jpg\" \/>\n\t<meta property=\"og:image:width\" content=\"800\" \/>\n\t<meta property=\"og:image:height\" content=\"800\" \/>\n\t<meta property=\"og:image:type\" content=\"image\/jpeg\" \/>\n<meta name=\"twitter:card\" content=\"summary_large_image\" \/>\n<meta name=\"twitter:label1\" content=\"Tiempo de lectura\" \/>\n\t<meta name=\"twitter:data1\" content=\"7 minutos\" \/>\n<script type=\"application\/ld+json\" class=\"yoast-schema-graph\">{\"@context\":\"https:\/\/schema.org\",\"@graph\":[{\"@type\":\"WebPage\",\"@id\":\"https:\/\/aivlisoft.net\/shop\/producto\/tp-link-sg2218p-switch-16xgbe-2xsfp-150w\/\",\"url\":\"https:\/\/aivlisoft.net\/shop\/producto\/tp-link-sg2218p-switch-16xgbe-2xsfp-150w\/\",\"name\":\"TP-Link SG2218P Switch 16xGbE 2xSFP 150W - Aivlisoft Inform\u00e1tica\",\"isPartOf\":{\"@id\":\"https:\/\/aivlisoft.net\/shop\/#website\"},\"primaryImageOfPage\":{\"@id\":\"https:\/\/aivlisoft.net\/shop\/producto\/tp-link-sg2218p-switch-16xgbe-2xsfp-150w\/#primaryimage\"},\"image\":{\"@id\":\"https:\/\/aivlisoft.net\/shop\/producto\/tp-link-sg2218p-switch-16xgbe-2xsfp-150w\/#primaryimage\"},\"thumbnailUrl\":\"https:\/\/aivlisoft.net\/shop\/wp-content\/uploads\/2025\/01\/NSWSAR0384_800.jpg\",\"datePublished\":\"2025-01-13T15:46:20+00:00\",\"dateModified\":\"2025-01-14T11:52:30+00:00\",\"breadcrumb\":{\"@id\":\"https:\/\/aivlisoft.net\/shop\/producto\/tp-link-sg2218p-switch-16xgbe-2xsfp-150w\/#breadcrumb\"},\"inLanguage\":\"es\",\"potentialAction\":[{\"@type\":\"ReadAction\",\"target\":[\"https:\/\/aivlisoft.net\/shop\/producto\/tp-link-sg2218p-switch-16xgbe-2xsfp-150w\/\"]}]},{\"@type\":\"ImageObject\",\"inLanguage\":\"es\",\"@id\":\"https:\/\/aivlisoft.net\/shop\/producto\/tp-link-sg2218p-switch-16xgbe-2xsfp-150w\/#primaryimage\",\"url\":\"https:\/\/aivlisoft.net\/shop\/wp-content\/uploads\/2025\/01\/NSWSAR0384_800.jpg\",\"contentUrl\":\"https:\/\/aivlisoft.net\/shop\/wp-content\/uploads\/2025\/01\/NSWSAR0384_800.jpg\",\"width\":800,\"height\":800},{\"@type\":\"BreadcrumbList\",\"@id\":\"https:\/\/aivlisoft.net\/shop\/producto\/tp-link-sg2218p-switch-16xgbe-2xsfp-150w\/#breadcrumb\",\"itemListElement\":[{\"@type\":\"ListItem\",\"position\":1,\"name\":\"Portada\",\"item\":\"https:\/\/aivlisoft.net\/shop\/\"},{\"@type\":\"ListItem\",\"position\":2,\"name\":\"Tienda\",\"item\":\"https:\/\/aivlisoft.net\/shop\/tienda\/\"},{\"@type\":\"ListItem\",\"position\":3,\"name\":\"TP-Link SG2218P Switch 16xGbE 2xSFP 150W\"}]},{\"@type\":\"WebSite\",\"@id\":\"https:\/\/aivlisoft.net\/shop\/#website\",\"url\":\"https:\/\/aivlisoft.net\/shop\/\",\"name\":\"Aivlisoft Inform\u00e1tica\",\"description\":\"En Aivlisoft Inform\u00e1tica ofrecemos soluciones tecnol\u00f3gicas para empresas: venta de ordenadores, consumibles, perif\u00e9ricos y m\u00e1s. Calidad, atenci\u00f3n personalizada y los mejores precios para tu negocio.\",\"publisher\":{\"@id\":\"https:\/\/aivlisoft.net\/shop\/#organization\"},\"potentialAction\":[{\"@type\":\"SearchAction\",\"target\":{\"@type\":\"EntryPoint\",\"urlTemplate\":\"https:\/\/aivlisoft.net\/shop\/?s={search_term_string}\"},\"query-input\":{\"@type\":\"PropertyValueSpecification\",\"valueRequired\":true,\"valueName\":\"search_term_string\"}}],\"inLanguage\":\"es\"},{\"@type\":\"Organization\",\"@id\":\"https:\/\/aivlisoft.net\/shop\/#organization\",\"name\":\"Aivlisoft Inform\u00e1tica\",\"url\":\"https:\/\/aivlisoft.net\/shop\/\",\"logo\":{\"@type\":\"ImageObject\",\"inLanguage\":\"es\",\"@id\":\"https:\/\/aivlisoft.net\/shop\/#\/schema\/logo\/image\/\",\"url\":\"https:\/\/aivlisoft.net\/shop\/wp-content\/uploads\/2024\/12\/removal.ai_5b848c54-0cdf-4140-95c5-c5536bb7573b-logodef.png\",\"contentUrl\":\"https:\/\/aivlisoft.net\/shop\/wp-content\/uploads\/2024\/12\/removal.ai_5b848c54-0cdf-4140-95c5-c5536bb7573b-logodef.png\",\"width\":484,\"height\":182,\"caption\":\"Aivlisoft Inform\u00e1tica\"},\"image\":{\"@id\":\"https:\/\/aivlisoft.net\/shop\/#\/schema\/logo\/image\/\"}}]}<\/script>\n<!-- \/ Yoast SEO plugin. -->","yoast_head_json":{"title":"TP-Link SG2218P Switch 16xGbE 2xSFP 150W - Aivlisoft Inform\u00e1tica","robots":{"index":"index","follow":"follow","max-snippet":"max-snippet:-1","max-image-preview":"max-image-preview:large","max-video-preview":"max-video-preview:-1"},"canonical":"https:\/\/aivlisoft.net\/shop\/producto\/tp-link-sg2218p-switch-16xgbe-2xsfp-150w\/","og_locale":"es_ES","og_type":"article","og_title":"TP-Link SG2218P Switch 16xGbE 2xSFP 150W - Aivlisoft Inform\u00e1tica","og_description":"Conmutador inteligente JetStream Gigabit de 18 puertos con PoE+ de 16 puertos Presupuesto PoE de 150 W: 16 puertos PoE+ compatibles con 802.3at\/af con una fuente de alimentaci&oacute;n total de 150 W*. Puertos Gigabit completos: 16 puertos Gigabit PoE+ y 2 ranuras SFP Gigabit proporcionan conexiones de alta velocidad. Integrado en Omada SDN: Zero-Touch Provisioning&hellip;&nbsp;TP-Link SG2218P Switch 16xGbE 2xSFP 150W","og_url":"https:\/\/aivlisoft.net\/shop\/producto\/tp-link-sg2218p-switch-16xgbe-2xsfp-150w\/","og_site_name":"Aivlisoft Inform\u00e1tica","article_modified_time":"2025-01-14T11:52:30+00:00","og_image":[{"width":800,"height":800,"url":"https:\/\/aivlisoft.net\/shop\/wp-content\/uploads\/2025\/01\/NSWSAR0384_800.jpg","type":"image\/jpeg"}],"twitter_card":"summary_large_image","twitter_misc":{"Tiempo de lectura":"7 minutos"},"schema":{"@context":"https:\/\/schema.org","@graph":[{"@type":"WebPage","@id":"https:\/\/aivlisoft.net\/shop\/producto\/tp-link-sg2218p-switch-16xgbe-2xsfp-150w\/","url":"https:\/\/aivlisoft.net\/shop\/producto\/tp-link-sg2218p-switch-16xgbe-2xsfp-150w\/","name":"TP-Link SG2218P Switch 16xGbE 2xSFP 150W - Aivlisoft Inform\u00e1tica","isPartOf":{"@id":"https:\/\/aivlisoft.net\/shop\/#website"},"primaryImageOfPage":{"@id":"https:\/\/aivlisoft.net\/shop\/producto\/tp-link-sg2218p-switch-16xgbe-2xsfp-150w\/#primaryimage"},"image":{"@id":"https:\/\/aivlisoft.net\/shop\/producto\/tp-link-sg2218p-switch-16xgbe-2xsfp-150w\/#primaryimage"},"thumbnailUrl":"https:\/\/aivlisoft.net\/shop\/wp-content\/uploads\/2025\/01\/NSWSAR0384_800.jpg","datePublished":"2025-01-13T15:46:20+00:00","dateModified":"2025-01-14T11:52:30+00:00","breadcrumb":{"@id":"https:\/\/aivlisoft.net\/shop\/producto\/tp-link-sg2218p-switch-16xgbe-2xsfp-150w\/#breadcrumb"},"inLanguage":"es","potentialAction":[{"@type":"ReadAction","target":["https:\/\/aivlisoft.net\/shop\/producto\/tp-link-sg2218p-switch-16xgbe-2xsfp-150w\/"]}]},{"@type":"ImageObject","inLanguage":"es","@id":"https:\/\/aivlisoft.net\/shop\/producto\/tp-link-sg2218p-switch-16xgbe-2xsfp-150w\/#primaryimage","url":"https:\/\/aivlisoft.net\/shop\/wp-content\/uploads\/2025\/01\/NSWSAR0384_800.jpg","contentUrl":"https:\/\/aivlisoft.net\/shop\/wp-content\/uploads\/2025\/01\/NSWSAR0384_800.jpg","width":800,"height":800},{"@type":"BreadcrumbList","@id":"https:\/\/aivlisoft.net\/shop\/producto\/tp-link-sg2218p-switch-16xgbe-2xsfp-150w\/#breadcrumb","itemListElement":[{"@type":"ListItem","position":1,"name":"Portada","item":"https:\/\/aivlisoft.net\/shop\/"},{"@type":"ListItem","position":2,"name":"Tienda","item":"https:\/\/aivlisoft.net\/shop\/tienda\/"},{"@type":"ListItem","position":3,"name":"TP-Link SG2218P Switch 16xGbE 2xSFP 150W"}]},{"@type":"WebSite","@id":"https:\/\/aivlisoft.net\/shop\/#website","url":"https:\/\/aivlisoft.net\/shop\/","name":"Aivlisoft Inform\u00e1tica","description":"En Aivlisoft Inform\u00e1tica ofrecemos soluciones tecnol\u00f3gicas para empresas: venta de ordenadores, consumibles, perif\u00e9ricos y m\u00e1s. Calidad, atenci\u00f3n personalizada y los mejores precios para tu negocio.","publisher":{"@id":"https:\/\/aivlisoft.net\/shop\/#organization"},"potentialAction":[{"@type":"SearchAction","target":{"@type":"EntryPoint","urlTemplate":"https:\/\/aivlisoft.net\/shop\/?s={search_term_string}"},"query-input":{"@type":"PropertyValueSpecification","valueRequired":true,"valueName":"search_term_string"}}],"inLanguage":"es"},{"@type":"Organization","@id":"https:\/\/aivlisoft.net\/shop\/#organization","name":"Aivlisoft Inform\u00e1tica","url":"https:\/\/aivlisoft.net\/shop\/","logo":{"@type":"ImageObject","inLanguage":"es","@id":"https:\/\/aivlisoft.net\/shop\/#\/schema\/logo\/image\/","url":"https:\/\/aivlisoft.net\/shop\/wp-content\/uploads\/2024\/12\/removal.ai_5b848c54-0cdf-4140-95c5-c5536bb7573b-logodef.png","contentUrl":"https:\/\/aivlisoft.net\/shop\/wp-content\/uploads\/2024\/12\/removal.ai_5b848c54-0cdf-4140-95c5-c5536bb7573b-logodef.png","width":484,"height":182,"caption":"Aivlisoft Inform\u00e1tica"},"image":{"@id":"https:\/\/aivlisoft.net\/shop\/#\/schema\/logo\/image\/"}}]}},"_links":{"self":[{"href":"https:\/\/aivlisoft.net\/shop\/wp-json\/wp\/v2\/product\/20759","targetHints":{"allow":["GET"]}}],"collection":[{"href":"https:\/\/aivlisoft.net\/shop\/wp-json\/wp\/v2\/product"}],"about":[{"href":"https:\/\/aivlisoft.net\/shop\/wp-json\/wp\/v2\/types\/product"}],"wp:featuredmedia":[{"embeddable":true,"href":"https:\/\/aivlisoft.net\/shop\/wp-json\/wp\/v2\/media\/20760"}],"wp:attachment":[{"href":"https:\/\/aivlisoft.net\/shop\/wp-json\/wp\/v2\/media?parent=20759"}],"wp:term":[{"taxonomy":"product_brand","embeddable":true,"href":"https:\/\/aivlisoft.net\/shop\/wp-json\/wp\/v2\/product_brand?post=20759"},{"taxonomy":"product_cat","embeddable":true,"href":"https:\/\/aivlisoft.net\/shop\/wp-json\/wp\/v2\/product_cat?post=20759"},{"taxonomy":"product_tag","embeddable":true,"href":"https:\/\/aivlisoft.net\/shop\/wp-json\/wp\/v2\/product_tag?post=20759"}],"curies":[{"name":"wp","href":"https:\/\/api.w.org\/{rel}","templated":true}]}}