{"id":20751,"date":"2025-01-13T15:46:16","date_gmt":"2025-01-13T15:46:16","guid":{"rendered":"https:\/\/aivlisoft.com\/?post_type=product&#038;p=20751"},"modified":"2025-01-14T11:52:28","modified_gmt":"2025-01-14T11:52:28","slug":"mikrotik-crs510-8xs-2xq-in-switch-2xqsfp28-8xsfp28","status":"publish","type":"product","link":"https:\/\/aivlisoft.net\/shop\/producto\/mikrotik-crs510-8xs-2xq-in-switch-2xqsfp28-8xsfp28\/","title":{"rendered":"MikroTik CRS510-8XS-2XQ-IN Switch 2xQSFP28 8xSFP28"},"content":{"rendered":"<p><\/p>\n<table class=\"tabla_caracteristicas\" width=\"100%\">\n<tr>\n<td valign=\"top\"><strong>Marca<\/strong><\/td>\n<td>MikroTik<\/td>\n<\/tr>\n<tr>\n<td valign=\"top\"><strong>Modelo<\/strong><\/td>\n<td><strong>CRS510-8XS-2XQ-IN<\/strong><\/td>\n<\/tr>\n<tr>\n<td valign=\"top\"><strong>Caracter&iacute;sticas<\/strong><\/td>\n<td>&#8211; CPU: QCA9531 650 MHz<br \/>\t\t\t&#8211; Arquitectura de CPU: MIPSBE<br \/>\t\t\t&#8211; Recuento de n&uacute;cleos de CPU: 1<br \/>\t\t\t&#8211; Tama&ntilde;o de RAM: 128 MB<br \/>\t\t\t&#8211; Almacenamiento: 32 MB, Flash<br \/>\t\t\t&#8211; N&uacute;mero de puertos Ethernet de 100M: 1<br \/>\t\t\t&#8211; N&uacute;mero de puertos 25G SFP28: 8<br \/>\t\t\t&#8211; N&uacute;mero de puertos 100G QSFP28: 2<br \/>\t\t\t&#8211; Cambiar chip modelo: 98DX4310<br \/>\t\t\t&#8211; Dimensiones: 320 x 185 x 44 mm<br \/>\t\t\t&#8211; Sistema operativo: RouterOS v7, nivel de licencia 5<br \/>\t\t\t&#8211; Temperatura de funcionamiento: -40&deg;C a +70&deg;C<br \/>\t\t\t&#8211; N&uacute;mero de entradas de DC: 3 (PoE-in, conector de CC, terminal de 2 pines)<br \/>\t\t\t&#8211; Entrada PoE Voltaje: 43-57 V PoE pasivo o 802.3bt Clase 6<br \/>\t\t\t&#8211; Voltaje de entrada del conector de DC: 36-57 V<br \/>\t\t\t&#8211; Entrada de terminal de 2 pines Voltaje: 36-57 V<br \/>\t\t\t&#8211; N&uacute;mero de entradas de CA: 2<br \/>\t\t\t&#8211; Rango de entrada de CA: 100-240 V<br \/>\t\t\t&#8211; Frecuencia: 47-63 Hz<br \/>\t\t\t&#8211; Consumo m&aacute;ximo de energ&iacute;a sin accesorios: 27 W<br \/>\t\t\t&#8211; Consumo m&aacute;ximo de energ&iacute;a: 45 W<\/td>\n<\/tr>\n<tr>\n<td valign=\"top\"><strong>Fecha de revisi&oacute;n<\/strong><\/td>\n<td>07-03-2023 por RTY<\/td>\n<\/tr>\n<\/table>\n","protected":false},"excerpt":{"rendered":"<p>Marca MikroTik Modelo CRS510-8XS-2XQ-IN Caracter&iacute;sticas &#8211; CPU: QCA9531 650 MHz &#8211; Arquitectura de CPU: MIPSBE &#8211; Recuento de n&uacute;cleos de CPU: 1 &#8211; Tama&ntilde;o de RAM: 128 MB &#8211; Almacenamiento: 32 MB, Flash &#8211; N&uacute;mero de puertos Ethernet de 100M: 1 &#8211; N&uacute;mero de puertos 25G SFP28: 8 &#8211; N&uacute;mero de puertos 100G QSFP28: 2&hellip;&nbsp;<a href=\"https:\/\/aivlisoft.net\/shop\/producto\/mikrotik-crs510-8xs-2xq-in-switch-2xqsfp28-8xsfp28\/\" rel=\"bookmark\"><span class=\"screen-reader-text\">MikroTik CRS510-8XS-2XQ-IN Switch 2xQSFP28 8xSFP28<\/span><\/a><\/p>\n","protected":false},"featured_media":20752,"template":"","meta":{"neve_meta_sidebar":"","neve_meta_container":"","neve_meta_enable_content_width":"","neve_meta_content_width":0,"neve_meta_title_alignment":"","neve_meta_author_avatar":"","neve_post_elements_order":"","neve_meta_disable_header":"","neve_meta_disable_footer":"","neve_meta_disable_title":""},"product_brand":[],"product_cat":[8771],"product_tag":[7386],"class_list":{"0":"post-20751","1":"product","2":"type-product","3":"status-publish","4":"has-post-thumbnail","6":"product_cat-switches-armario","7":"product_tag-crs510-8xs-2xq-in","9":"first","10":"instock","11":"taxable","12":"shipping-taxable","13":"purchasable","14":"product-type-simple"},"yoast_head":"<!-- This site is optimized with the Yoast SEO plugin v26.0 - https:\/\/yoast.com\/wordpress\/plugins\/seo\/ -->\n<title>MikroTik CRS510-8XS-2XQ-IN Switch 2xQSFP28 8xSFP28 - Aivlisoft Inform\u00e1tica<\/title>\n<meta name=\"robots\" content=\"index, follow, max-snippet:-1, max-image-preview:large, max-video-preview:-1\" \/>\n<link rel=\"canonical\" href=\"https:\/\/aivlisoft.net\/shop\/producto\/mikrotik-crs510-8xs-2xq-in-switch-2xqsfp28-8xsfp28\/\" \/>\n<meta property=\"og:locale\" content=\"es_ES\" \/>\n<meta property=\"og:type\" content=\"article\" \/>\n<meta property=\"og:title\" content=\"MikroTik CRS510-8XS-2XQ-IN Switch 2xQSFP28 8xSFP28 - Aivlisoft Inform\u00e1tica\" \/>\n<meta property=\"og:description\" content=\"Marca MikroTik Modelo CRS510-8XS-2XQ-IN Caracter&iacute;sticas &#8211; CPU: QCA9531 650 MHz &#8211; Arquitectura de CPU: MIPSBE &#8211; Recuento de n&uacute;cleos de CPU: 1 &#8211; Tama&ntilde;o de RAM: 128 MB &#8211; Almacenamiento: 32 MB, Flash &#8211; N&uacute;mero de puertos Ethernet de 100M: 1 &#8211; N&uacute;mero de puertos 25G SFP28: 8 &#8211; N&uacute;mero de puertos 100G QSFP28: 2&hellip;&nbsp;MikroTik CRS510-8XS-2XQ-IN Switch 2xQSFP28 8xSFP28\" \/>\n<meta property=\"og:url\" content=\"https:\/\/aivlisoft.net\/shop\/producto\/mikrotik-crs510-8xs-2xq-in-switch-2xqsfp28-8xsfp28\/\" \/>\n<meta property=\"og:site_name\" content=\"Aivlisoft Inform\u00e1tica\" \/>\n<meta property=\"article:modified_time\" content=\"2025-01-14T11:52:28+00:00\" \/>\n<meta property=\"og:image\" content=\"https:\/\/aivlisoft.net\/shop\/wp-content\/uploads\/2025\/01\/NSWSAR0382_800.jpg\" \/>\n\t<meta property=\"og:image:width\" content=\"800\" \/>\n\t<meta property=\"og:image:height\" content=\"800\" \/>\n\t<meta property=\"og:image:type\" content=\"image\/jpeg\" \/>\n<meta name=\"twitter:card\" content=\"summary_large_image\" \/>\n<meta name=\"twitter:label1\" content=\"Tiempo de lectura\" \/>\n\t<meta name=\"twitter:data1\" content=\"1 minuto\" \/>\n<script type=\"application\/ld+json\" class=\"yoast-schema-graph\">{\"@context\":\"https:\/\/schema.org\",\"@graph\":[{\"@type\":\"WebPage\",\"@id\":\"https:\/\/aivlisoft.net\/shop\/producto\/mikrotik-crs510-8xs-2xq-in-switch-2xqsfp28-8xsfp28\/\",\"url\":\"https:\/\/aivlisoft.net\/shop\/producto\/mikrotik-crs510-8xs-2xq-in-switch-2xqsfp28-8xsfp28\/\",\"name\":\"MikroTik CRS510-8XS-2XQ-IN Switch 2xQSFP28 8xSFP28 - Aivlisoft Inform\u00e1tica\",\"isPartOf\":{\"@id\":\"https:\/\/aivlisoft.net\/shop\/#website\"},\"primaryImageOfPage\":{\"@id\":\"https:\/\/aivlisoft.net\/shop\/producto\/mikrotik-crs510-8xs-2xq-in-switch-2xqsfp28-8xsfp28\/#primaryimage\"},\"image\":{\"@id\":\"https:\/\/aivlisoft.net\/shop\/producto\/mikrotik-crs510-8xs-2xq-in-switch-2xqsfp28-8xsfp28\/#primaryimage\"},\"thumbnailUrl\":\"https:\/\/aivlisoft.net\/shop\/wp-content\/uploads\/2025\/01\/NSWSAR0382_800.jpg\",\"datePublished\":\"2025-01-13T15:46:16+00:00\",\"dateModified\":\"2025-01-14T11:52:28+00:00\",\"breadcrumb\":{\"@id\":\"https:\/\/aivlisoft.net\/shop\/producto\/mikrotik-crs510-8xs-2xq-in-switch-2xqsfp28-8xsfp28\/#breadcrumb\"},\"inLanguage\":\"es\",\"potentialAction\":[{\"@type\":\"ReadAction\",\"target\":[\"https:\/\/aivlisoft.net\/shop\/producto\/mikrotik-crs510-8xs-2xq-in-switch-2xqsfp28-8xsfp28\/\"]}]},{\"@type\":\"ImageObject\",\"inLanguage\":\"es\",\"@id\":\"https:\/\/aivlisoft.net\/shop\/producto\/mikrotik-crs510-8xs-2xq-in-switch-2xqsfp28-8xsfp28\/#primaryimage\",\"url\":\"https:\/\/aivlisoft.net\/shop\/wp-content\/uploads\/2025\/01\/NSWSAR0382_800.jpg\",\"contentUrl\":\"https:\/\/aivlisoft.net\/shop\/wp-content\/uploads\/2025\/01\/NSWSAR0382_800.jpg\",\"width\":800,\"height\":800},{\"@type\":\"BreadcrumbList\",\"@id\":\"https:\/\/aivlisoft.net\/shop\/producto\/mikrotik-crs510-8xs-2xq-in-switch-2xqsfp28-8xsfp28\/#breadcrumb\",\"itemListElement\":[{\"@type\":\"ListItem\",\"position\":1,\"name\":\"Portada\",\"item\":\"https:\/\/aivlisoft.net\/shop\/\"},{\"@type\":\"ListItem\",\"position\":2,\"name\":\"Tienda\",\"item\":\"https:\/\/aivlisoft.net\/shop\/tienda\/\"},{\"@type\":\"ListItem\",\"position\":3,\"name\":\"MikroTik CRS510-8XS-2XQ-IN Switch 2xQSFP28 8xSFP28\"}]},{\"@type\":\"WebSite\",\"@id\":\"https:\/\/aivlisoft.net\/shop\/#website\",\"url\":\"https:\/\/aivlisoft.net\/shop\/\",\"name\":\"Aivlisoft Inform\u00e1tica\",\"description\":\"En Aivlisoft Inform\u00e1tica ofrecemos soluciones tecnol\u00f3gicas para empresas: venta de ordenadores, consumibles, perif\u00e9ricos y m\u00e1s. Calidad, atenci\u00f3n personalizada y los mejores precios para tu negocio.\",\"publisher\":{\"@id\":\"https:\/\/aivlisoft.net\/shop\/#organization\"},\"potentialAction\":[{\"@type\":\"SearchAction\",\"target\":{\"@type\":\"EntryPoint\",\"urlTemplate\":\"https:\/\/aivlisoft.net\/shop\/?s={search_term_string}\"},\"query-input\":{\"@type\":\"PropertyValueSpecification\",\"valueRequired\":true,\"valueName\":\"search_term_string\"}}],\"inLanguage\":\"es\"},{\"@type\":\"Organization\",\"@id\":\"https:\/\/aivlisoft.net\/shop\/#organization\",\"name\":\"Aivlisoft Inform\u00e1tica\",\"url\":\"https:\/\/aivlisoft.net\/shop\/\",\"logo\":{\"@type\":\"ImageObject\",\"inLanguage\":\"es\",\"@id\":\"https:\/\/aivlisoft.net\/shop\/#\/schema\/logo\/image\/\",\"url\":\"https:\/\/aivlisoft.net\/shop\/wp-content\/uploads\/2024\/12\/removal.ai_5b848c54-0cdf-4140-95c5-c5536bb7573b-logodef.png\",\"contentUrl\":\"https:\/\/aivlisoft.net\/shop\/wp-content\/uploads\/2024\/12\/removal.ai_5b848c54-0cdf-4140-95c5-c5536bb7573b-logodef.png\",\"width\":484,\"height\":182,\"caption\":\"Aivlisoft Inform\u00e1tica\"},\"image\":{\"@id\":\"https:\/\/aivlisoft.net\/shop\/#\/schema\/logo\/image\/\"}}]}<\/script>\n<!-- \/ Yoast SEO plugin. -->","yoast_head_json":{"title":"MikroTik CRS510-8XS-2XQ-IN Switch 2xQSFP28 8xSFP28 - Aivlisoft Inform\u00e1tica","robots":{"index":"index","follow":"follow","max-snippet":"max-snippet:-1","max-image-preview":"max-image-preview:large","max-video-preview":"max-video-preview:-1"},"canonical":"https:\/\/aivlisoft.net\/shop\/producto\/mikrotik-crs510-8xs-2xq-in-switch-2xqsfp28-8xsfp28\/","og_locale":"es_ES","og_type":"article","og_title":"MikroTik CRS510-8XS-2XQ-IN Switch 2xQSFP28 8xSFP28 - Aivlisoft Inform\u00e1tica","og_description":"Marca MikroTik Modelo CRS510-8XS-2XQ-IN Caracter&iacute;sticas &#8211; CPU: QCA9531 650 MHz &#8211; Arquitectura de CPU: MIPSBE &#8211; Recuento de n&uacute;cleos de CPU: 1 &#8211; Tama&ntilde;o de RAM: 128 MB &#8211; Almacenamiento: 32 MB, Flash &#8211; N&uacute;mero de puertos Ethernet de 100M: 1 &#8211; N&uacute;mero de puertos 25G SFP28: 8 &#8211; N&uacute;mero de puertos 100G QSFP28: 2&hellip;&nbsp;MikroTik CRS510-8XS-2XQ-IN Switch 2xQSFP28 8xSFP28","og_url":"https:\/\/aivlisoft.net\/shop\/producto\/mikrotik-crs510-8xs-2xq-in-switch-2xqsfp28-8xsfp28\/","og_site_name":"Aivlisoft Inform\u00e1tica","article_modified_time":"2025-01-14T11:52:28+00:00","og_image":[{"width":800,"height":800,"url":"https:\/\/aivlisoft.net\/shop\/wp-content\/uploads\/2025\/01\/NSWSAR0382_800.jpg","type":"image\/jpeg"}],"twitter_card":"summary_large_image","twitter_misc":{"Tiempo de lectura":"1 minuto"},"schema":{"@context":"https:\/\/schema.org","@graph":[{"@type":"WebPage","@id":"https:\/\/aivlisoft.net\/shop\/producto\/mikrotik-crs510-8xs-2xq-in-switch-2xqsfp28-8xsfp28\/","url":"https:\/\/aivlisoft.net\/shop\/producto\/mikrotik-crs510-8xs-2xq-in-switch-2xqsfp28-8xsfp28\/","name":"MikroTik CRS510-8XS-2XQ-IN Switch 2xQSFP28 8xSFP28 - Aivlisoft Inform\u00e1tica","isPartOf":{"@id":"https:\/\/aivlisoft.net\/shop\/#website"},"primaryImageOfPage":{"@id":"https:\/\/aivlisoft.net\/shop\/producto\/mikrotik-crs510-8xs-2xq-in-switch-2xqsfp28-8xsfp28\/#primaryimage"},"image":{"@id":"https:\/\/aivlisoft.net\/shop\/producto\/mikrotik-crs510-8xs-2xq-in-switch-2xqsfp28-8xsfp28\/#primaryimage"},"thumbnailUrl":"https:\/\/aivlisoft.net\/shop\/wp-content\/uploads\/2025\/01\/NSWSAR0382_800.jpg","datePublished":"2025-01-13T15:46:16+00:00","dateModified":"2025-01-14T11:52:28+00:00","breadcrumb":{"@id":"https:\/\/aivlisoft.net\/shop\/producto\/mikrotik-crs510-8xs-2xq-in-switch-2xqsfp28-8xsfp28\/#breadcrumb"},"inLanguage":"es","potentialAction":[{"@type":"ReadAction","target":["https:\/\/aivlisoft.net\/shop\/producto\/mikrotik-crs510-8xs-2xq-in-switch-2xqsfp28-8xsfp28\/"]}]},{"@type":"ImageObject","inLanguage":"es","@id":"https:\/\/aivlisoft.net\/shop\/producto\/mikrotik-crs510-8xs-2xq-in-switch-2xqsfp28-8xsfp28\/#primaryimage","url":"https:\/\/aivlisoft.net\/shop\/wp-content\/uploads\/2025\/01\/NSWSAR0382_800.jpg","contentUrl":"https:\/\/aivlisoft.net\/shop\/wp-content\/uploads\/2025\/01\/NSWSAR0382_800.jpg","width":800,"height":800},{"@type":"BreadcrumbList","@id":"https:\/\/aivlisoft.net\/shop\/producto\/mikrotik-crs510-8xs-2xq-in-switch-2xqsfp28-8xsfp28\/#breadcrumb","itemListElement":[{"@type":"ListItem","position":1,"name":"Portada","item":"https:\/\/aivlisoft.net\/shop\/"},{"@type":"ListItem","position":2,"name":"Tienda","item":"https:\/\/aivlisoft.net\/shop\/tienda\/"},{"@type":"ListItem","position":3,"name":"MikroTik CRS510-8XS-2XQ-IN Switch 2xQSFP28 8xSFP28"}]},{"@type":"WebSite","@id":"https:\/\/aivlisoft.net\/shop\/#website","url":"https:\/\/aivlisoft.net\/shop\/","name":"Aivlisoft Inform\u00e1tica","description":"En Aivlisoft Inform\u00e1tica ofrecemos soluciones tecnol\u00f3gicas para empresas: venta de ordenadores, consumibles, perif\u00e9ricos y m\u00e1s. Calidad, atenci\u00f3n personalizada y los mejores precios para tu negocio.","publisher":{"@id":"https:\/\/aivlisoft.net\/shop\/#organization"},"potentialAction":[{"@type":"SearchAction","target":{"@type":"EntryPoint","urlTemplate":"https:\/\/aivlisoft.net\/shop\/?s={search_term_string}"},"query-input":{"@type":"PropertyValueSpecification","valueRequired":true,"valueName":"search_term_string"}}],"inLanguage":"es"},{"@type":"Organization","@id":"https:\/\/aivlisoft.net\/shop\/#organization","name":"Aivlisoft Inform\u00e1tica","url":"https:\/\/aivlisoft.net\/shop\/","logo":{"@type":"ImageObject","inLanguage":"es","@id":"https:\/\/aivlisoft.net\/shop\/#\/schema\/logo\/image\/","url":"https:\/\/aivlisoft.net\/shop\/wp-content\/uploads\/2024\/12\/removal.ai_5b848c54-0cdf-4140-95c5-c5536bb7573b-logodef.png","contentUrl":"https:\/\/aivlisoft.net\/shop\/wp-content\/uploads\/2024\/12\/removal.ai_5b848c54-0cdf-4140-95c5-c5536bb7573b-logodef.png","width":484,"height":182,"caption":"Aivlisoft Inform\u00e1tica"},"image":{"@id":"https:\/\/aivlisoft.net\/shop\/#\/schema\/logo\/image\/"}}]}},"_links":{"self":[{"href":"https:\/\/aivlisoft.net\/shop\/wp-json\/wp\/v2\/product\/20751","targetHints":{"allow":["GET"]}}],"collection":[{"href":"https:\/\/aivlisoft.net\/shop\/wp-json\/wp\/v2\/product"}],"about":[{"href":"https:\/\/aivlisoft.net\/shop\/wp-json\/wp\/v2\/types\/product"}],"wp:featuredmedia":[{"embeddable":true,"href":"https:\/\/aivlisoft.net\/shop\/wp-json\/wp\/v2\/media\/20752"}],"wp:attachment":[{"href":"https:\/\/aivlisoft.net\/shop\/wp-json\/wp\/v2\/media?parent=20751"}],"wp:term":[{"taxonomy":"product_brand","embeddable":true,"href":"https:\/\/aivlisoft.net\/shop\/wp-json\/wp\/v2\/product_brand?post=20751"},{"taxonomy":"product_cat","embeddable":true,"href":"https:\/\/aivlisoft.net\/shop\/wp-json\/wp\/v2\/product_cat?post=20751"},{"taxonomy":"product_tag","embeddable":true,"href":"https:\/\/aivlisoft.net\/shop\/wp-json\/wp\/v2\/product_tag?post=20751"}],"curies":[{"name":"wp","href":"https:\/\/api.w.org\/{rel}","templated":true}]}}