{"id":20718,"date":"2025-01-13T15:45:52","date_gmt":"2025-01-13T15:45:52","guid":{"rendered":"https:\/\/aivlisoft.com\/?post_type=product&#038;p=20718"},"modified":"2025-01-14T11:52:17","modified_gmt":"2025-01-14T11:52:17","slug":"d-link-dbs-2000-52mp-e-52xgb-poe-switch-4xc-370w","status":"publish","type":"product","link":"https:\/\/aivlisoft.net\/shop\/producto\/d-link-dbs-2000-52mp-e-52xgb-poe-switch-4xc-370w\/","title":{"rendered":"D-Link DBS-2000-52MP\/E 52xGb PoE+ Switch 4xC 370W"},"content":{"rendered":"<p>&nbsp;<\/p>\n<table class=\"tabla_caracteristicas k-table\" width=\"100%\">\n<tr>\n<td><strong>Marca<\/strong><\/td>\n<td>D-Link<\/td>\n<\/tr>\n<tr>\n<td><strong>Modelo<\/strong><\/td>\n<td><strong>DBS-2000-52MP\/E<\/strong><\/td>\n<\/tr>\n<tr>\n<td valign=\"top\"><strong>Caracter&iacute;sticas Hardware<\/strong><\/td>\n<td><strong>General<\/strong><br \/>\t\t\t&#8211; N&ordm; de puertos: <strong>48<\/strong><br \/>\t\t\t&#8211; Combo: 2<br \/>\t\t\t&#8211; Funciones de los puertos:<br \/>\t\t\t&nbsp; Conforme con IEEE 802.3<br \/>\t\t\t&nbsp; Conforme con IEEE 802.3u\/802.3z<br \/>\t\t\t&nbsp; Conforme con IEEE 802.3ab<br \/>\t\t\t&nbsp; Conforme con IEEE 802.3af\/802.3at<br \/>\t\t\t&nbsp; Control de flujo IEEE 802.3x<br \/>\t\t\t&nbsp; Admite configuraci&oacute;n manual, auto MDI y MDIX<br \/>\t\t\t&nbsp; Funcionamiento d&uacute;plex parcial o completo<br \/>\t\t\t&nbsp; Conforme con IEEE 802.3az<br \/>\t\t\t<strong>Rendimiento<\/strong><br \/>\t\t\t&#8211; Capacidad de conmutaci&oacute;n: 104 Gbps<br \/>\t\t\t&#8211; Velocidad m&aacute;xima de env&iacute;o: 77,4 Mpps<br \/>\t\t\t&#8211; Tama&ntilde;o de la tabla de direcciones MAC: 16K entradas<br \/>\t\t\t&#8211; B&uacute;fer de paquetes: 12 Mbits<br \/>\t\t\t&#8211; Memoria flash: 32 MB<br \/>\t\t\t<strong>PoE<\/strong><br \/>\t\t\t&#8211; PoE est&aacute;ndar: IEEE 802.3af\/atf<br \/>\t\t\t&#8211; Puertos compatibles PoE: Puertos 1 a 48<br \/>\t\t\t&#8211; PoE Power Budget: 370 W<br \/>\t\t\t<strong>Alimentaci&oacute;n<\/strong><br \/>\t\t\t&#8211; Modo de espera: 31,6 W<br \/>\t\t\t&#8211; Consumo m&aacute;ximo de energ&iacute;a:<br \/>\t\t\t&nbsp; 478,9 W (PoE activado)<br \/>\t\t\t&nbsp; 54,4 W (PoE desactivado)<br \/>\t\t\t<strong>F&iacute;sicas<\/strong><br \/>\t\t\t&#8211; Entrada de alimentaci&oacute;n:<br \/>\t\t\t&nbsp; 100 a 240 V CA<br \/>\t\t\t&nbsp; Fuente de alimentaci&oacute;n interna de 50 a 60 Hz<br \/>\t\t\t&#8211; MTBF: 236,406 horas<br \/>\t\t\t&#8211; Ac&uacute;stica: 52,4 dB(A)<br \/>\t\t\t&#8211; Disipaci&oacute;n del calor : 1634,01 BTU\/h<br \/>\t\t\t&#8211; 3 x ventiladores<br \/>\t\t\t&#8211; Temperatura Funcionamiento: -5 a 50 &deg;C (23 a 122 &deg;F)<br \/>\t\t\t&#8211; Almacenamiento: -20 a 70 &deg;C<br \/>\t\t\t&#8211; Humedad Funcionamiento: 0% a 95% sin condensaci&oacute;n<br \/>\t\t\t&#8211; Almacenamiento: 0% a 95% sin condensaci&oacute;n<br \/>\t\t\t&#8211; EMI: E, FCC, VCCI, BSMI<br \/>\t\t\t&#8211; Seguridad: UL, CB, LVD, BSMI, CCC<br \/>\t\t\t<strong>Dimensiones y peso<\/strong><br \/>\t\t\t&#8211; Dimensiones: 440 x 430 x 44 mm<br \/>\t\t\t&#8211; Peso: 6,26 kg<\/td>\n<\/tr>\n<tr>\n<td valign=\"top\"><strong>Caracter&iacute;sticas Software<\/strong><\/td>\n<td>&#8211; VLAN:<br \/>\t\t\t&nbsp; 802.1Q VLAN Tagged<br \/>\t\t\t&nbsp; Administraci&oacute;n de VLAN<br \/>\t\t\t&nbsp; AutoVoice VLAN<br \/>\t\t\t&nbsp; Grupo de VLAN<br \/>\t\t\t&nbsp; Admite 256 grupos de VLAN est&aacute;ticas<br \/>\t\t\t&#8211; Caracter&iacute;sticas L2:<br \/>\t\t\t&nbsp; Control del flujo<br \/>\t\t\t&nbsp; Control 802.3x del flujo<br \/>\t\t\t&nbsp; Prevenci&oacute;n de bloqueo HOL<br \/>\t\t\t&nbsp; Jumbo Frames<br \/>\t\t\t&nbsp; IGMP Snooping<br \/>\t\t\t&nbsp; IGMP v1\/v2\/v3 awareness Snooping<br \/>\t\t\t&nbsp; Admite 256 grupos<br \/>\t\t\t&nbsp; Diagn&oacute;stico de los cables<br \/>\t\t\t&nbsp; LLDP<br \/>\t\t\t&nbsp; Protocolo Spanning Tree<br \/>\t\t\t&nbsp; 802.1D STP<br \/>\t\t\t&nbsp; 802.1w RSTP<br \/>\t\t\t&nbsp; 802.3ad Link Aggregation<br \/>\t\t\t&#8211; Seguridad:<br \/>\t\t\t&nbsp; SSL<br \/>\t\t\t&nbsp; DHCP Server Screening<br \/>\t\t\t&nbsp; Protecci&oacute;n de los puertos<br \/>\t\t\t&nbsp; Lista de control de acceso (ACL)<br \/>\t\t\t&nbsp; N&ordm; m&aacute;ximo de entradas: 768<br \/>\t\t\t&#8211; Administraci&oacute;n:<br \/>\t\t\t&nbsp; Networks Cloud Managed a trav&eacute;s de Nuclias1<br \/>\t\t\t&nbsp; Aplicaci&oacute;n m&oacute;vil Nuclias<br \/>\t\t\t&#8211; Green: Cumple con RoHS 6<\/td>\n<\/tr>\n<tr>\n<td><strong>Fecha Revisi&oacute;n<\/strong><\/td>\n<td>02-01-2023 por RTY<\/td>\n<\/tr>\n<\/table>\n","protected":false},"excerpt":{"rendered":"<p>&nbsp; Marca D-Link Modelo DBS-2000-52MP\/E Caracter&iacute;sticas Hardware General &#8211; N&ordm; de puertos: 48 &#8211; Combo: 2 &#8211; Funciones de los puertos: &nbsp; Conforme con IEEE 802.3 &nbsp; Conforme con IEEE 802.3u\/802.3z &nbsp; Conforme con IEEE 802.3ab &nbsp; Conforme con IEEE 802.3af\/802.3at &nbsp; Control de flujo IEEE 802.3x &nbsp; Admite configuraci&oacute;n manual, auto MDI y MDIX&hellip;&nbsp;<a href=\"https:\/\/aivlisoft.net\/shop\/producto\/d-link-dbs-2000-52mp-e-52xgb-poe-switch-4xc-370w\/\" rel=\"bookmark\"><span class=\"screen-reader-text\">D-Link DBS-2000-52MP\/E 52xGb PoE+ Switch 4xC 370W<\/span><\/a><\/p>\n","protected":false},"featured_media":20719,"template":"","meta":{"neve_meta_sidebar":"","neve_meta_container":"","neve_meta_enable_content_width":"","neve_meta_content_width":0,"neve_meta_title_alignment":"","neve_meta_author_avatar":"","neve_post_elements_order":"","neve_meta_disable_header":"","neve_meta_disable_footer":"","neve_meta_disable_title":""},"product_brand":[],"product_cat":[8771],"product_tag":[7378],"class_list":{"0":"post-20718","1":"product","2":"type-product","3":"status-publish","4":"has-post-thumbnail","6":"product_cat-switches-armario","7":"product_tag-dbs-2000-52mp-e","9":"first","10":"instock","11":"taxable","12":"shipping-taxable","13":"purchasable","14":"product-type-simple"},"yoast_head":"<!-- This site is optimized with the Yoast SEO plugin v26.0 - https:\/\/yoast.com\/wordpress\/plugins\/seo\/ -->\n<title>D-Link DBS-2000-52MP\/E 52xGb PoE+ Switch 4xC 370W - Aivlisoft Inform\u00e1tica<\/title>\n<meta name=\"robots\" content=\"index, follow, max-snippet:-1, max-image-preview:large, max-video-preview:-1\" \/>\n<link rel=\"canonical\" href=\"https:\/\/aivlisoft.net\/shop\/producto\/d-link-dbs-2000-52mp-e-52xgb-poe-switch-4xc-370w\/\" \/>\n<meta property=\"og:locale\" content=\"es_ES\" \/>\n<meta property=\"og:type\" content=\"article\" \/>\n<meta property=\"og:title\" content=\"D-Link DBS-2000-52MP\/E 52xGb PoE+ Switch 4xC 370W - Aivlisoft Inform\u00e1tica\" \/>\n<meta property=\"og:description\" content=\"&nbsp; Marca D-Link Modelo DBS-2000-52MP\/E Caracter&iacute;sticas Hardware General &#8211; N&ordm; de puertos: 48 &#8211; Combo: 2 &#8211; Funciones de los puertos: &nbsp; Conforme con IEEE 802.3 &nbsp; Conforme con IEEE 802.3u\/802.3z &nbsp; Conforme con IEEE 802.3ab &nbsp; Conforme con IEEE 802.3af\/802.3at &nbsp; Control de flujo IEEE 802.3x &nbsp; Admite configuraci&oacute;n manual, auto MDI y MDIX&hellip;&nbsp;D-Link DBS-2000-52MP\/E 52xGb PoE+ Switch 4xC 370W\" \/>\n<meta property=\"og:url\" content=\"https:\/\/aivlisoft.net\/shop\/producto\/d-link-dbs-2000-52mp-e-52xgb-poe-switch-4xc-370w\/\" \/>\n<meta property=\"og:site_name\" content=\"Aivlisoft Inform\u00e1tica\" \/>\n<meta property=\"article:modified_time\" content=\"2025-01-14T11:52:17+00:00\" \/>\n<meta property=\"og:image\" content=\"https:\/\/aivlisoft.net\/shop\/wp-content\/uploads\/2025\/01\/NSWSAR0373_800.jpg\" \/>\n\t<meta property=\"og:image:width\" content=\"800\" \/>\n\t<meta property=\"og:image:height\" content=\"800\" \/>\n\t<meta property=\"og:image:type\" content=\"image\/jpeg\" \/>\n<meta name=\"twitter:card\" content=\"summary_large_image\" \/>\n<meta name=\"twitter:label1\" content=\"Tiempo de lectura\" \/>\n\t<meta name=\"twitter:data1\" content=\"2 minutos\" \/>\n<script type=\"application\/ld+json\" class=\"yoast-schema-graph\">{\"@context\":\"https:\/\/schema.org\",\"@graph\":[{\"@type\":\"WebPage\",\"@id\":\"https:\/\/aivlisoft.net\/shop\/producto\/d-link-dbs-2000-52mp-e-52xgb-poe-switch-4xc-370w\/\",\"url\":\"https:\/\/aivlisoft.net\/shop\/producto\/d-link-dbs-2000-52mp-e-52xgb-poe-switch-4xc-370w\/\",\"name\":\"D-Link DBS-2000-52MP\/E 52xGb PoE+ Switch 4xC 370W - Aivlisoft Inform\u00e1tica\",\"isPartOf\":{\"@id\":\"https:\/\/aivlisoft.net\/shop\/#website\"},\"primaryImageOfPage\":{\"@id\":\"https:\/\/aivlisoft.net\/shop\/producto\/d-link-dbs-2000-52mp-e-52xgb-poe-switch-4xc-370w\/#primaryimage\"},\"image\":{\"@id\":\"https:\/\/aivlisoft.net\/shop\/producto\/d-link-dbs-2000-52mp-e-52xgb-poe-switch-4xc-370w\/#primaryimage\"},\"thumbnailUrl\":\"https:\/\/aivlisoft.net\/shop\/wp-content\/uploads\/2025\/01\/NSWSAR0373_800.jpg\",\"datePublished\":\"2025-01-13T15:45:52+00:00\",\"dateModified\":\"2025-01-14T11:52:17+00:00\",\"breadcrumb\":{\"@id\":\"https:\/\/aivlisoft.net\/shop\/producto\/d-link-dbs-2000-52mp-e-52xgb-poe-switch-4xc-370w\/#breadcrumb\"},\"inLanguage\":\"es\",\"potentialAction\":[{\"@type\":\"ReadAction\",\"target\":[\"https:\/\/aivlisoft.net\/shop\/producto\/d-link-dbs-2000-52mp-e-52xgb-poe-switch-4xc-370w\/\"]}]},{\"@type\":\"ImageObject\",\"inLanguage\":\"es\",\"@id\":\"https:\/\/aivlisoft.net\/shop\/producto\/d-link-dbs-2000-52mp-e-52xgb-poe-switch-4xc-370w\/#primaryimage\",\"url\":\"https:\/\/aivlisoft.net\/shop\/wp-content\/uploads\/2025\/01\/NSWSAR0373_800.jpg\",\"contentUrl\":\"https:\/\/aivlisoft.net\/shop\/wp-content\/uploads\/2025\/01\/NSWSAR0373_800.jpg\",\"width\":800,\"height\":800},{\"@type\":\"BreadcrumbList\",\"@id\":\"https:\/\/aivlisoft.net\/shop\/producto\/d-link-dbs-2000-52mp-e-52xgb-poe-switch-4xc-370w\/#breadcrumb\",\"itemListElement\":[{\"@type\":\"ListItem\",\"position\":1,\"name\":\"Portada\",\"item\":\"https:\/\/aivlisoft.net\/shop\/\"},{\"@type\":\"ListItem\",\"position\":2,\"name\":\"Tienda\",\"item\":\"https:\/\/aivlisoft.net\/shop\/tienda\/\"},{\"@type\":\"ListItem\",\"position\":3,\"name\":\"D-Link DBS-2000-52MP\/E 52xGb PoE+ Switch 4xC 370W\"}]},{\"@type\":\"WebSite\",\"@id\":\"https:\/\/aivlisoft.net\/shop\/#website\",\"url\":\"https:\/\/aivlisoft.net\/shop\/\",\"name\":\"Aivlisoft Inform\u00e1tica\",\"description\":\"En Aivlisoft Inform\u00e1tica ofrecemos soluciones tecnol\u00f3gicas para empresas: venta de ordenadores, consumibles, perif\u00e9ricos y m\u00e1s. Calidad, atenci\u00f3n personalizada y los mejores precios para tu negocio.\",\"publisher\":{\"@id\":\"https:\/\/aivlisoft.net\/shop\/#organization\"},\"potentialAction\":[{\"@type\":\"SearchAction\",\"target\":{\"@type\":\"EntryPoint\",\"urlTemplate\":\"https:\/\/aivlisoft.net\/shop\/?s={search_term_string}\"},\"query-input\":{\"@type\":\"PropertyValueSpecification\",\"valueRequired\":true,\"valueName\":\"search_term_string\"}}],\"inLanguage\":\"es\"},{\"@type\":\"Organization\",\"@id\":\"https:\/\/aivlisoft.net\/shop\/#organization\",\"name\":\"Aivlisoft Inform\u00e1tica\",\"url\":\"https:\/\/aivlisoft.net\/shop\/\",\"logo\":{\"@type\":\"ImageObject\",\"inLanguage\":\"es\",\"@id\":\"https:\/\/aivlisoft.net\/shop\/#\/schema\/logo\/image\/\",\"url\":\"https:\/\/aivlisoft.net\/shop\/wp-content\/uploads\/2024\/12\/removal.ai_5b848c54-0cdf-4140-95c5-c5536bb7573b-logodef.png\",\"contentUrl\":\"https:\/\/aivlisoft.net\/shop\/wp-content\/uploads\/2024\/12\/removal.ai_5b848c54-0cdf-4140-95c5-c5536bb7573b-logodef.png\",\"width\":484,\"height\":182,\"caption\":\"Aivlisoft Inform\u00e1tica\"},\"image\":{\"@id\":\"https:\/\/aivlisoft.net\/shop\/#\/schema\/logo\/image\/\"}}]}<\/script>\n<!-- \/ Yoast SEO plugin. -->","yoast_head_json":{"title":"D-Link DBS-2000-52MP\/E 52xGb PoE+ Switch 4xC 370W - Aivlisoft Inform\u00e1tica","robots":{"index":"index","follow":"follow","max-snippet":"max-snippet:-1","max-image-preview":"max-image-preview:large","max-video-preview":"max-video-preview:-1"},"canonical":"https:\/\/aivlisoft.net\/shop\/producto\/d-link-dbs-2000-52mp-e-52xgb-poe-switch-4xc-370w\/","og_locale":"es_ES","og_type":"article","og_title":"D-Link DBS-2000-52MP\/E 52xGb PoE+ Switch 4xC 370W - Aivlisoft Inform\u00e1tica","og_description":"&nbsp; Marca D-Link Modelo DBS-2000-52MP\/E Caracter&iacute;sticas Hardware General &#8211; N&ordm; de puertos: 48 &#8211; Combo: 2 &#8211; Funciones de los puertos: &nbsp; Conforme con IEEE 802.3 &nbsp; Conforme con IEEE 802.3u\/802.3z &nbsp; Conforme con IEEE 802.3ab &nbsp; Conforme con IEEE 802.3af\/802.3at &nbsp; Control de flujo IEEE 802.3x &nbsp; Admite configuraci&oacute;n manual, auto MDI y MDIX&hellip;&nbsp;D-Link DBS-2000-52MP\/E 52xGb PoE+ Switch 4xC 370W","og_url":"https:\/\/aivlisoft.net\/shop\/producto\/d-link-dbs-2000-52mp-e-52xgb-poe-switch-4xc-370w\/","og_site_name":"Aivlisoft Inform\u00e1tica","article_modified_time":"2025-01-14T11:52:17+00:00","og_image":[{"width":800,"height":800,"url":"https:\/\/aivlisoft.net\/shop\/wp-content\/uploads\/2025\/01\/NSWSAR0373_800.jpg","type":"image\/jpeg"}],"twitter_card":"summary_large_image","twitter_misc":{"Tiempo de lectura":"2 minutos"},"schema":{"@context":"https:\/\/schema.org","@graph":[{"@type":"WebPage","@id":"https:\/\/aivlisoft.net\/shop\/producto\/d-link-dbs-2000-52mp-e-52xgb-poe-switch-4xc-370w\/","url":"https:\/\/aivlisoft.net\/shop\/producto\/d-link-dbs-2000-52mp-e-52xgb-poe-switch-4xc-370w\/","name":"D-Link DBS-2000-52MP\/E 52xGb PoE+ Switch 4xC 370W - Aivlisoft Inform\u00e1tica","isPartOf":{"@id":"https:\/\/aivlisoft.net\/shop\/#website"},"primaryImageOfPage":{"@id":"https:\/\/aivlisoft.net\/shop\/producto\/d-link-dbs-2000-52mp-e-52xgb-poe-switch-4xc-370w\/#primaryimage"},"image":{"@id":"https:\/\/aivlisoft.net\/shop\/producto\/d-link-dbs-2000-52mp-e-52xgb-poe-switch-4xc-370w\/#primaryimage"},"thumbnailUrl":"https:\/\/aivlisoft.net\/shop\/wp-content\/uploads\/2025\/01\/NSWSAR0373_800.jpg","datePublished":"2025-01-13T15:45:52+00:00","dateModified":"2025-01-14T11:52:17+00:00","breadcrumb":{"@id":"https:\/\/aivlisoft.net\/shop\/producto\/d-link-dbs-2000-52mp-e-52xgb-poe-switch-4xc-370w\/#breadcrumb"},"inLanguage":"es","potentialAction":[{"@type":"ReadAction","target":["https:\/\/aivlisoft.net\/shop\/producto\/d-link-dbs-2000-52mp-e-52xgb-poe-switch-4xc-370w\/"]}]},{"@type":"ImageObject","inLanguage":"es","@id":"https:\/\/aivlisoft.net\/shop\/producto\/d-link-dbs-2000-52mp-e-52xgb-poe-switch-4xc-370w\/#primaryimage","url":"https:\/\/aivlisoft.net\/shop\/wp-content\/uploads\/2025\/01\/NSWSAR0373_800.jpg","contentUrl":"https:\/\/aivlisoft.net\/shop\/wp-content\/uploads\/2025\/01\/NSWSAR0373_800.jpg","width":800,"height":800},{"@type":"BreadcrumbList","@id":"https:\/\/aivlisoft.net\/shop\/producto\/d-link-dbs-2000-52mp-e-52xgb-poe-switch-4xc-370w\/#breadcrumb","itemListElement":[{"@type":"ListItem","position":1,"name":"Portada","item":"https:\/\/aivlisoft.net\/shop\/"},{"@type":"ListItem","position":2,"name":"Tienda","item":"https:\/\/aivlisoft.net\/shop\/tienda\/"},{"@type":"ListItem","position":3,"name":"D-Link DBS-2000-52MP\/E 52xGb PoE+ Switch 4xC 370W"}]},{"@type":"WebSite","@id":"https:\/\/aivlisoft.net\/shop\/#website","url":"https:\/\/aivlisoft.net\/shop\/","name":"Aivlisoft Inform\u00e1tica","description":"En Aivlisoft Inform\u00e1tica ofrecemos soluciones tecnol\u00f3gicas para empresas: venta de ordenadores, consumibles, perif\u00e9ricos y m\u00e1s. Calidad, atenci\u00f3n personalizada y los mejores precios para tu negocio.","publisher":{"@id":"https:\/\/aivlisoft.net\/shop\/#organization"},"potentialAction":[{"@type":"SearchAction","target":{"@type":"EntryPoint","urlTemplate":"https:\/\/aivlisoft.net\/shop\/?s={search_term_string}"},"query-input":{"@type":"PropertyValueSpecification","valueRequired":true,"valueName":"search_term_string"}}],"inLanguage":"es"},{"@type":"Organization","@id":"https:\/\/aivlisoft.net\/shop\/#organization","name":"Aivlisoft Inform\u00e1tica","url":"https:\/\/aivlisoft.net\/shop\/","logo":{"@type":"ImageObject","inLanguage":"es","@id":"https:\/\/aivlisoft.net\/shop\/#\/schema\/logo\/image\/","url":"https:\/\/aivlisoft.net\/shop\/wp-content\/uploads\/2024\/12\/removal.ai_5b848c54-0cdf-4140-95c5-c5536bb7573b-logodef.png","contentUrl":"https:\/\/aivlisoft.net\/shop\/wp-content\/uploads\/2024\/12\/removal.ai_5b848c54-0cdf-4140-95c5-c5536bb7573b-logodef.png","width":484,"height":182,"caption":"Aivlisoft Inform\u00e1tica"},"image":{"@id":"https:\/\/aivlisoft.net\/shop\/#\/schema\/logo\/image\/"}}]}},"_links":{"self":[{"href":"https:\/\/aivlisoft.net\/shop\/wp-json\/wp\/v2\/product\/20718","targetHints":{"allow":["GET"]}}],"collection":[{"href":"https:\/\/aivlisoft.net\/shop\/wp-json\/wp\/v2\/product"}],"about":[{"href":"https:\/\/aivlisoft.net\/shop\/wp-json\/wp\/v2\/types\/product"}],"wp:featuredmedia":[{"embeddable":true,"href":"https:\/\/aivlisoft.net\/shop\/wp-json\/wp\/v2\/media\/20719"}],"wp:attachment":[{"href":"https:\/\/aivlisoft.net\/shop\/wp-json\/wp\/v2\/media?parent=20718"}],"wp:term":[{"taxonomy":"product_brand","embeddable":true,"href":"https:\/\/aivlisoft.net\/shop\/wp-json\/wp\/v2\/product_brand?post=20718"},{"taxonomy":"product_cat","embeddable":true,"href":"https:\/\/aivlisoft.net\/shop\/wp-json\/wp\/v2\/product_cat?post=20718"},{"taxonomy":"product_tag","embeddable":true,"href":"https:\/\/aivlisoft.net\/shop\/wp-json\/wp\/v2\/product_tag?post=20718"}],"curies":[{"name":"wp","href":"https:\/\/api.w.org\/{rel}","templated":true}]}}