{"id":20693,"date":"2025-01-13T15:45:40","date_gmt":"2025-01-13T15:45:40","guid":{"rendered":"https:\/\/aivlisoft.com\/?post_type=product&#038;p=20693"},"modified":"2025-01-14T11:52:11","modified_gmt":"2025-01-14T11:52:11","slug":"d-link-dxs-1210-12sc-e-switch-10x10-sfp-2xc-10g","status":"publish","type":"product","link":"https:\/\/aivlisoft.net\/shop\/producto\/d-link-dxs-1210-12sc-e-switch-10x10-sfp-2xc-10g\/","title":{"rendered":"D-Link DXS-1210-12SC\/E Switch 10&#215;10 SFP+ 2xC 10G"},"content":{"rendered":"<p>&nbsp;<\/p>\n<table class=\"tabla_caracteristicas k-table\" width=\"100%\">\n<tr>\n<td><strong>Marca<\/strong><\/td>\n<td>D-Link<\/td>\n<\/tr>\n<tr>\n<td><strong>Modelo<\/strong><\/td>\n<td><strong>DXS-1210-12SC\/E<\/strong><\/td>\n<\/tr>\n<tr>\n<td valign=\"top\"><strong>Caracter&iacute;sticas Hardware<\/strong><\/td>\n<td><strong>General<\/strong><br \/>\t\t\t&#8211; N&ordm; de puertos: <strong>10<\/strong><br \/>\t\t\t&#8211; Puertos 10 G SFP+: 10<br \/>\t\t\t&#8211; Puerto de consola<br \/>\t\t\t<strong>Rendimiento<\/strong><br \/>\t\t\t&#8211; Capacidad de conmutaci&oacute;n: 240 Gbps<br \/>\t\t\t&#8211; Velocidad m&aacute;xima de reenv&iacute;o: 178,56 Mpps<br \/>\t\t\t&#8211; Tama&ntilde;o de DRAM: 256 MB<br \/>\t\t\t&#8211; Tama&ntilde;o de la memoria flash: 64 MB<br \/>\t\t\t&#8211; Tama&ntilde;o del b&uacute;fer de paquetes: 2 MB<br \/>\t\t\t&#8211; Velocidad de CPU: 1 GHz<br \/>\t\t\t<strong>Alimentaci&oacute;n<\/strong><br \/>\t\t\t&#8211; Consumo t&iacute;pico: 25,22 W<br \/>\t\t\t&#8211; Consumo m&aacute;ximo: 43,81 W<br \/>\t\t\t<strong>F&iacute;sicas<\/strong><br \/>\t\t\t&#8211; MAC Address Table: 16K<br \/>\t\t\t&#8211; Entrada de energ&iacute;a: 100 a 240 V CA<br \/>\t\t\t&#8211; Peso: 2,73 kg<br \/>\t\t\t&#8211; Dimensiones: 440mm x 210mm x 44mm<br \/>\t\t\t&#8211; Ventilaci&oacute;n: con ventilador<\/td>\n<\/tr>\n<tr>\n<td valign=\"top\"><strong>Caracter&iacute;sticas Software<\/strong><\/td>\n<td><strong>VLAN<\/strong><br \/>\t\t\t&#8211; VLAN 802.1Q<br \/>\t\t\t&#8211; Grupos de VLAN<br \/>\t\t\t&#8211; VLAN basada en puerto<br \/>\t\t\t&#8211; VLAN basada en protocolo 802.1v<br \/>\t\t\t&#8211; VLAN basada en MAC<br \/>\t\t\t&#8211; VLAN basada en subred<br \/>\t\t\t&#8211; VLAN de voz<br \/>\t\t\t&#8211; VLAN de vigilancia autom&aacute;tica<br \/>\t\t\t&#8211; VLAN de vigilancia<br \/>\t\t\t&#8211; GVRP<br \/>\t\t\t&#8211; ISM VLAN (VLAN de multidifusi&oacute;n)<br \/>\t\t\t&#8211; VLAN asim&eacute;trica<br \/>\t\t\t&#8211; VLAN privada<br \/>\t\t\t<strong>Seguridad<\/strong><br \/>\t\t\t&#8211; D-Link Safeguard<br \/>\t\t\t&#8211; Traffic Segmentation<br \/>\t\t\t&#8211; Broadcast\/Multicast\/Unknown Unicast Storm Control<br \/>\t\t\t&#8211; DoS Attack Prevention<br \/>\t\t\t&#8211; SSL<\/td>\n<\/tr>\n<tr>\n<td><strong>Fecha Revisi&oacute;n<\/strong><\/td>\n<td>28-12-2022 por RTY<\/td>\n<\/tr>\n<\/table>\n","protected":false},"excerpt":{"rendered":"<p>&nbsp; Marca D-Link Modelo DXS-1210-12SC\/E Caracter&iacute;sticas Hardware General &#8211; N&ordm; de puertos: 10 &#8211; Puertos 10 G SFP+: 10 &#8211; Puerto de consola Rendimiento &#8211; Capacidad de conmutaci&oacute;n: 240 Gbps &#8211; Velocidad m&aacute;xima de reenv&iacute;o: 178,56 Mpps &#8211; Tama&ntilde;o de DRAM: 256 MB &#8211; Tama&ntilde;o de la memoria flash: 64 MB &#8211; Tama&ntilde;o del b&uacute;fer&hellip;&nbsp;<a href=\"https:\/\/aivlisoft.net\/shop\/producto\/d-link-dxs-1210-12sc-e-switch-10x10-sfp-2xc-10g\/\" rel=\"bookmark\"><span class=\"screen-reader-text\">D-Link DXS-1210-12SC\/E Switch 10&#215;10 SFP+ 2xC 10G<\/span><\/a><\/p>\n","protected":false},"featured_media":20694,"template":"","meta":{"neve_meta_sidebar":"","neve_meta_container":"","neve_meta_enable_content_width":"","neve_meta_content_width":0,"neve_meta_title_alignment":"","neve_meta_author_avatar":"","neve_post_elements_order":"","neve_meta_disable_header":"","neve_meta_disable_footer":"","neve_meta_disable_title":""},"product_brand":[],"product_cat":[8771],"product_tag":[7371],"class_list":{"0":"post-20693","1":"product","2":"type-product","3":"status-publish","4":"has-post-thumbnail","6":"product_cat-switches-armario","7":"product_tag-dxs-1210-12sc-e","9":"first","10":"instock","11":"taxable","12":"shipping-taxable","13":"purchasable","14":"product-type-simple"},"yoast_head":"<!-- This site is optimized with the Yoast SEO plugin v26.0 - https:\/\/yoast.com\/wordpress\/plugins\/seo\/ -->\n<title>D-Link DXS-1210-12SC\/E Switch 10x10 SFP+ 2xC 10G - Aivlisoft Inform\u00e1tica<\/title>\n<meta name=\"robots\" content=\"index, follow, max-snippet:-1, max-image-preview:large, max-video-preview:-1\" \/>\n<link rel=\"canonical\" href=\"https:\/\/aivlisoft.net\/shop\/producto\/d-link-dxs-1210-12sc-e-switch-10x10-sfp-2xc-10g\/\" \/>\n<meta property=\"og:locale\" content=\"es_ES\" \/>\n<meta property=\"og:type\" content=\"article\" \/>\n<meta property=\"og:title\" content=\"D-Link DXS-1210-12SC\/E Switch 10x10 SFP+ 2xC 10G - Aivlisoft Inform\u00e1tica\" \/>\n<meta property=\"og:description\" content=\"&nbsp; Marca D-Link Modelo DXS-1210-12SC\/E Caracter&iacute;sticas Hardware General &#8211; N&ordm; de puertos: 10 &#8211; Puertos 10 G SFP+: 10 &#8211; Puerto de consola Rendimiento &#8211; Capacidad de conmutaci&oacute;n: 240 Gbps &#8211; Velocidad m&aacute;xima de reenv&iacute;o: 178,56 Mpps &#8211; Tama&ntilde;o de DRAM: 256 MB &#8211; Tama&ntilde;o de la memoria flash: 64 MB &#8211; Tama&ntilde;o del b&uacute;fer&hellip;&nbsp;D-Link DXS-1210-12SC\/E Switch 10&#215;10 SFP+ 2xC 10G\" \/>\n<meta property=\"og:url\" content=\"https:\/\/aivlisoft.net\/shop\/producto\/d-link-dxs-1210-12sc-e-switch-10x10-sfp-2xc-10g\/\" \/>\n<meta property=\"og:site_name\" content=\"Aivlisoft Inform\u00e1tica\" \/>\n<meta property=\"article:modified_time\" content=\"2025-01-14T11:52:11+00:00\" \/>\n<meta property=\"og:image\" content=\"https:\/\/aivlisoft.net\/shop\/wp-content\/uploads\/2025\/01\/NSWSAR0366_800.jpg\" \/>\n\t<meta property=\"og:image:width\" content=\"800\" \/>\n\t<meta property=\"og:image:height\" content=\"800\" \/>\n\t<meta property=\"og:image:type\" content=\"image\/jpeg\" \/>\n<meta name=\"twitter:card\" content=\"summary_large_image\" \/>\n<meta name=\"twitter:label1\" content=\"Tiempo de lectura\" \/>\n\t<meta name=\"twitter:data1\" content=\"1 minuto\" \/>\n<script type=\"application\/ld+json\" class=\"yoast-schema-graph\">{\"@context\":\"https:\/\/schema.org\",\"@graph\":[{\"@type\":\"WebPage\",\"@id\":\"https:\/\/aivlisoft.net\/shop\/producto\/d-link-dxs-1210-12sc-e-switch-10x10-sfp-2xc-10g\/\",\"url\":\"https:\/\/aivlisoft.net\/shop\/producto\/d-link-dxs-1210-12sc-e-switch-10x10-sfp-2xc-10g\/\",\"name\":\"D-Link DXS-1210-12SC\/E Switch 10x10 SFP+ 2xC 10G - Aivlisoft Inform\u00e1tica\",\"isPartOf\":{\"@id\":\"https:\/\/aivlisoft.net\/shop\/#website\"},\"primaryImageOfPage\":{\"@id\":\"https:\/\/aivlisoft.net\/shop\/producto\/d-link-dxs-1210-12sc-e-switch-10x10-sfp-2xc-10g\/#primaryimage\"},\"image\":{\"@id\":\"https:\/\/aivlisoft.net\/shop\/producto\/d-link-dxs-1210-12sc-e-switch-10x10-sfp-2xc-10g\/#primaryimage\"},\"thumbnailUrl\":\"https:\/\/aivlisoft.net\/shop\/wp-content\/uploads\/2025\/01\/NSWSAR0366_800.jpg\",\"datePublished\":\"2025-01-13T15:45:40+00:00\",\"dateModified\":\"2025-01-14T11:52:11+00:00\",\"breadcrumb\":{\"@id\":\"https:\/\/aivlisoft.net\/shop\/producto\/d-link-dxs-1210-12sc-e-switch-10x10-sfp-2xc-10g\/#breadcrumb\"},\"inLanguage\":\"es\",\"potentialAction\":[{\"@type\":\"ReadAction\",\"target\":[\"https:\/\/aivlisoft.net\/shop\/producto\/d-link-dxs-1210-12sc-e-switch-10x10-sfp-2xc-10g\/\"]}]},{\"@type\":\"ImageObject\",\"inLanguage\":\"es\",\"@id\":\"https:\/\/aivlisoft.net\/shop\/producto\/d-link-dxs-1210-12sc-e-switch-10x10-sfp-2xc-10g\/#primaryimage\",\"url\":\"https:\/\/aivlisoft.net\/shop\/wp-content\/uploads\/2025\/01\/NSWSAR0366_800.jpg\",\"contentUrl\":\"https:\/\/aivlisoft.net\/shop\/wp-content\/uploads\/2025\/01\/NSWSAR0366_800.jpg\",\"width\":800,\"height\":800},{\"@type\":\"BreadcrumbList\",\"@id\":\"https:\/\/aivlisoft.net\/shop\/producto\/d-link-dxs-1210-12sc-e-switch-10x10-sfp-2xc-10g\/#breadcrumb\",\"itemListElement\":[{\"@type\":\"ListItem\",\"position\":1,\"name\":\"Portada\",\"item\":\"https:\/\/aivlisoft.net\/shop\/\"},{\"@type\":\"ListItem\",\"position\":2,\"name\":\"Tienda\",\"item\":\"https:\/\/aivlisoft.net\/shop\/tienda\/\"},{\"@type\":\"ListItem\",\"position\":3,\"name\":\"D-Link DXS-1210-12SC\/E Switch 10&#215;10 SFP+ 2xC 10G\"}]},{\"@type\":\"WebSite\",\"@id\":\"https:\/\/aivlisoft.net\/shop\/#website\",\"url\":\"https:\/\/aivlisoft.net\/shop\/\",\"name\":\"Aivlisoft Inform\u00e1tica\",\"description\":\"En Aivlisoft Inform\u00e1tica ofrecemos soluciones tecnol\u00f3gicas para empresas: venta de ordenadores, consumibles, perif\u00e9ricos y m\u00e1s. Calidad, atenci\u00f3n personalizada y los mejores precios para tu negocio.\",\"publisher\":{\"@id\":\"https:\/\/aivlisoft.net\/shop\/#organization\"},\"potentialAction\":[{\"@type\":\"SearchAction\",\"target\":{\"@type\":\"EntryPoint\",\"urlTemplate\":\"https:\/\/aivlisoft.net\/shop\/?s={search_term_string}\"},\"query-input\":{\"@type\":\"PropertyValueSpecification\",\"valueRequired\":true,\"valueName\":\"search_term_string\"}}],\"inLanguage\":\"es\"},{\"@type\":\"Organization\",\"@id\":\"https:\/\/aivlisoft.net\/shop\/#organization\",\"name\":\"Aivlisoft Inform\u00e1tica\",\"url\":\"https:\/\/aivlisoft.net\/shop\/\",\"logo\":{\"@type\":\"ImageObject\",\"inLanguage\":\"es\",\"@id\":\"https:\/\/aivlisoft.net\/shop\/#\/schema\/logo\/image\/\",\"url\":\"https:\/\/aivlisoft.net\/shop\/wp-content\/uploads\/2024\/12\/removal.ai_5b848c54-0cdf-4140-95c5-c5536bb7573b-logodef.png\",\"contentUrl\":\"https:\/\/aivlisoft.net\/shop\/wp-content\/uploads\/2024\/12\/removal.ai_5b848c54-0cdf-4140-95c5-c5536bb7573b-logodef.png\",\"width\":484,\"height\":182,\"caption\":\"Aivlisoft Inform\u00e1tica\"},\"image\":{\"@id\":\"https:\/\/aivlisoft.net\/shop\/#\/schema\/logo\/image\/\"}}]}<\/script>\n<!-- \/ Yoast SEO plugin. -->","yoast_head_json":{"title":"D-Link DXS-1210-12SC\/E Switch 10x10 SFP+ 2xC 10G - Aivlisoft Inform\u00e1tica","robots":{"index":"index","follow":"follow","max-snippet":"max-snippet:-1","max-image-preview":"max-image-preview:large","max-video-preview":"max-video-preview:-1"},"canonical":"https:\/\/aivlisoft.net\/shop\/producto\/d-link-dxs-1210-12sc-e-switch-10x10-sfp-2xc-10g\/","og_locale":"es_ES","og_type":"article","og_title":"D-Link DXS-1210-12SC\/E Switch 10x10 SFP+ 2xC 10G - Aivlisoft Inform\u00e1tica","og_description":"&nbsp; Marca D-Link Modelo DXS-1210-12SC\/E Caracter&iacute;sticas Hardware General &#8211; N&ordm; de puertos: 10 &#8211; Puertos 10 G SFP+: 10 &#8211; Puerto de consola Rendimiento &#8211; Capacidad de conmutaci&oacute;n: 240 Gbps &#8211; Velocidad m&aacute;xima de reenv&iacute;o: 178,56 Mpps &#8211; Tama&ntilde;o de DRAM: 256 MB &#8211; Tama&ntilde;o de la memoria flash: 64 MB &#8211; Tama&ntilde;o del b&uacute;fer&hellip;&nbsp;D-Link DXS-1210-12SC\/E Switch 10&#215;10 SFP+ 2xC 10G","og_url":"https:\/\/aivlisoft.net\/shop\/producto\/d-link-dxs-1210-12sc-e-switch-10x10-sfp-2xc-10g\/","og_site_name":"Aivlisoft Inform\u00e1tica","article_modified_time":"2025-01-14T11:52:11+00:00","og_image":[{"width":800,"height":800,"url":"https:\/\/aivlisoft.net\/shop\/wp-content\/uploads\/2025\/01\/NSWSAR0366_800.jpg","type":"image\/jpeg"}],"twitter_card":"summary_large_image","twitter_misc":{"Tiempo de lectura":"1 minuto"},"schema":{"@context":"https:\/\/schema.org","@graph":[{"@type":"WebPage","@id":"https:\/\/aivlisoft.net\/shop\/producto\/d-link-dxs-1210-12sc-e-switch-10x10-sfp-2xc-10g\/","url":"https:\/\/aivlisoft.net\/shop\/producto\/d-link-dxs-1210-12sc-e-switch-10x10-sfp-2xc-10g\/","name":"D-Link DXS-1210-12SC\/E Switch 10x10 SFP+ 2xC 10G - Aivlisoft Inform\u00e1tica","isPartOf":{"@id":"https:\/\/aivlisoft.net\/shop\/#website"},"primaryImageOfPage":{"@id":"https:\/\/aivlisoft.net\/shop\/producto\/d-link-dxs-1210-12sc-e-switch-10x10-sfp-2xc-10g\/#primaryimage"},"image":{"@id":"https:\/\/aivlisoft.net\/shop\/producto\/d-link-dxs-1210-12sc-e-switch-10x10-sfp-2xc-10g\/#primaryimage"},"thumbnailUrl":"https:\/\/aivlisoft.net\/shop\/wp-content\/uploads\/2025\/01\/NSWSAR0366_800.jpg","datePublished":"2025-01-13T15:45:40+00:00","dateModified":"2025-01-14T11:52:11+00:00","breadcrumb":{"@id":"https:\/\/aivlisoft.net\/shop\/producto\/d-link-dxs-1210-12sc-e-switch-10x10-sfp-2xc-10g\/#breadcrumb"},"inLanguage":"es","potentialAction":[{"@type":"ReadAction","target":["https:\/\/aivlisoft.net\/shop\/producto\/d-link-dxs-1210-12sc-e-switch-10x10-sfp-2xc-10g\/"]}]},{"@type":"ImageObject","inLanguage":"es","@id":"https:\/\/aivlisoft.net\/shop\/producto\/d-link-dxs-1210-12sc-e-switch-10x10-sfp-2xc-10g\/#primaryimage","url":"https:\/\/aivlisoft.net\/shop\/wp-content\/uploads\/2025\/01\/NSWSAR0366_800.jpg","contentUrl":"https:\/\/aivlisoft.net\/shop\/wp-content\/uploads\/2025\/01\/NSWSAR0366_800.jpg","width":800,"height":800},{"@type":"BreadcrumbList","@id":"https:\/\/aivlisoft.net\/shop\/producto\/d-link-dxs-1210-12sc-e-switch-10x10-sfp-2xc-10g\/#breadcrumb","itemListElement":[{"@type":"ListItem","position":1,"name":"Portada","item":"https:\/\/aivlisoft.net\/shop\/"},{"@type":"ListItem","position":2,"name":"Tienda","item":"https:\/\/aivlisoft.net\/shop\/tienda\/"},{"@type":"ListItem","position":3,"name":"D-Link DXS-1210-12SC\/E Switch 10&#215;10 SFP+ 2xC 10G"}]},{"@type":"WebSite","@id":"https:\/\/aivlisoft.net\/shop\/#website","url":"https:\/\/aivlisoft.net\/shop\/","name":"Aivlisoft Inform\u00e1tica","description":"En Aivlisoft Inform\u00e1tica ofrecemos soluciones tecnol\u00f3gicas para empresas: venta de ordenadores, consumibles, perif\u00e9ricos y m\u00e1s. Calidad, atenci\u00f3n personalizada y los mejores precios para tu negocio.","publisher":{"@id":"https:\/\/aivlisoft.net\/shop\/#organization"},"potentialAction":[{"@type":"SearchAction","target":{"@type":"EntryPoint","urlTemplate":"https:\/\/aivlisoft.net\/shop\/?s={search_term_string}"},"query-input":{"@type":"PropertyValueSpecification","valueRequired":true,"valueName":"search_term_string"}}],"inLanguage":"es"},{"@type":"Organization","@id":"https:\/\/aivlisoft.net\/shop\/#organization","name":"Aivlisoft Inform\u00e1tica","url":"https:\/\/aivlisoft.net\/shop\/","logo":{"@type":"ImageObject","inLanguage":"es","@id":"https:\/\/aivlisoft.net\/shop\/#\/schema\/logo\/image\/","url":"https:\/\/aivlisoft.net\/shop\/wp-content\/uploads\/2024\/12\/removal.ai_5b848c54-0cdf-4140-95c5-c5536bb7573b-logodef.png","contentUrl":"https:\/\/aivlisoft.net\/shop\/wp-content\/uploads\/2024\/12\/removal.ai_5b848c54-0cdf-4140-95c5-c5536bb7573b-logodef.png","width":484,"height":182,"caption":"Aivlisoft Inform\u00e1tica"},"image":{"@id":"https:\/\/aivlisoft.net\/shop\/#\/schema\/logo\/image\/"}}]}},"_links":{"self":[{"href":"https:\/\/aivlisoft.net\/shop\/wp-json\/wp\/v2\/product\/20693","targetHints":{"allow":["GET"]}}],"collection":[{"href":"https:\/\/aivlisoft.net\/shop\/wp-json\/wp\/v2\/product"}],"about":[{"href":"https:\/\/aivlisoft.net\/shop\/wp-json\/wp\/v2\/types\/product"}],"wp:featuredmedia":[{"embeddable":true,"href":"https:\/\/aivlisoft.net\/shop\/wp-json\/wp\/v2\/media\/20694"}],"wp:attachment":[{"href":"https:\/\/aivlisoft.net\/shop\/wp-json\/wp\/v2\/media?parent=20693"}],"wp:term":[{"taxonomy":"product_brand","embeddable":true,"href":"https:\/\/aivlisoft.net\/shop\/wp-json\/wp\/v2\/product_brand?post=20693"},{"taxonomy":"product_cat","embeddable":true,"href":"https:\/\/aivlisoft.net\/shop\/wp-json\/wp\/v2\/product_cat?post=20693"},{"taxonomy":"product_tag","embeddable":true,"href":"https:\/\/aivlisoft.net\/shop\/wp-json\/wp\/v2\/product_tag?post=20693"}],"curies":[{"name":"wp","href":"https:\/\/api.w.org\/{rel}","templated":true}]}}