{"id":20671,"date":"2025-01-13T15:45:25","date_gmt":"2025-01-13T15:45:25","guid":{"rendered":"https:\/\/aivlisoft.com\/?post_type=product&#038;p=20671"},"modified":"2025-01-14T11:52:03","modified_gmt":"2025-01-14T11:52:03","slug":"d-link-dgs-1210-26-e-switch-26xgb-2xsfp","status":"publish","type":"product","link":"https:\/\/aivlisoft.net\/shop\/producto\/d-link-dgs-1210-26-e-switch-26xgb-2xsfp\/","title":{"rendered":"D-Link DGS-1210-26\/E Switch 26xGB 2xSFP"},"content":{"rendered":"<p>&nbsp;<\/p>\n<table class=\"tabla_caracteristicas k-table\" width=\"100%\">\n<tr>\n<td><strong>Marca<\/strong><\/td>\n<td>D-Link<\/td>\n<\/tr>\n<tr>\n<td><strong>Modelo<\/strong><\/td>\n<td><strong>DGS-1210-26\/E<\/strong><\/td>\n<\/tr>\n<tr>\n<td valign=\"top\"><strong>Interfaz<\/strong><\/td>\n<td>&#8211; 24 x Puertos 10\/100\/1000BASE-TX<br \/>\t\t\t&#8211; 2 x Puertos SFP<\/td>\n<\/tr>\n<tr>\n<td valign=\"top\"><strong>Rendimiento<\/strong><\/td>\n<td>&#8211; Capacidad del switch: 52 Gbps<br \/>\t\t\t&#8211; 64-Byte Packet Forwarding Rate: 38.7 Mpps<br \/>\t\t\t&#8211; MAC Address Table Size: 8K<br \/>\t\t\t&#8211; Packet Buffer:&nbsp; 0.5 MB por dispositivo<br \/>\t\t\t&#8211; Jumbo Frame: hasta 9,216 Bytes<\/td>\n<\/tr>\n<tr>\n<td valign=\"top\"><strong>Caracteristicas<\/strong><\/td>\n<td><strong>Funcionalidades L2<\/strong><br \/>\t\t\t&#8211; MAC Address Table: 16K entries<br \/>\t\t\t&#8211; IGMP Snooping:<br \/>\t\t\t&nbsp; IGMP v1\/v2 Snooping<br \/>\t\t\t&nbsp; Supports 256 IGMP groups<br \/>\t\t\t&nbsp; Supports at least 64 static multicast addresses<br \/>\t\t\t&nbsp; IGMP per VLAN<br \/>\t\t\t&nbsp; Supports IGMP Snooping Querier<br \/>\t\t\t&#8211; Loopback Detection<br \/>\t\t\t&#8211; 802.3ad Link Aggregation:<br \/>\t\t\t&nbsp; Maximum of 26 groups\/8 ports per group<br \/>\t\t\t&#8211; LLDP<br \/>\t\t\t&#8211; LLDP-MED<br \/>\t\t\t&#8211; Jumbo Frame: Up to 9,216 bytes<br \/>\t\t\t&#8211; Spanning Tree Protocol: 802.1D STP<br \/>\t\t\t&nbsp; 802.1w RSTP<br \/>\t\t\t&#8211; Flow Control: 802.3x Flow Control<br \/>\t\t\t&nbsp; HOL Blocking Prevention<br \/>\t\t\t&#8211; Port Mirroring: One-to-One<br \/>\t\t\t&nbsp; Many-to-One<br \/>\t\t\t&nbsp; Supports Mirroring for Tx\/Rx\/Both<br \/>\t\t\t&#8211; Multicast Filtering:<br \/>\t\t\t&nbsp; Forwards all unregistered groups<br \/>\t\t\t&nbsp; Filters all unregistered groups<br \/>\t\t\t&#8211; Configurable MDI\/MDIX:<br \/>\t\t\t&nbsp; MLD snooping v1\/v2 (256 groups)<br \/>\t\t\t<strong>VLAN<\/strong><br \/>\t\t\t&#8211; 802.1Q<br \/>\t\t\t&#8211; VLAN Group<br \/>\t\t\t&nbsp; Max. 256 static VLAN groups<br \/>\t\t\t&#8211; Configurable VID from 1 &#8211; 4094<br \/>\t\t\t&#8211; Asymmetric VLAN<br \/>\t\t\t&#8211; Auto Voice VLAN<br \/>\t\t\t&nbsp; Max. 10 user-defined OUI<br \/>\t\t\t&nbsp; Max. 8 default OUI<br \/>\t\t\t&#8211; Auto Surveillance VLAN<br \/>\t\t\t<strong>Calidad de servicios (QoS)<\/strong><br \/>\t\t\t&#8211; 802.1p Quality of Service<br \/>\t\t\t&#8211; 8 queues per port<br \/>\t\t\t&#8211; Queue Handling<br \/>\t\t\t&nbsp; Strict<br \/>\t\t\t&nbsp; Weighted Round Robin (WRR)<br \/>\t\t\t&#8211; Bandwidth Control<br \/>\t\t\t&nbsp; Port-based (Ingress\/Egress, min granularity 10\/100\/1000 is 64 Kbps)<br \/>\t\t\t&#8211; QoS based on:<br \/>\t\t\t&nbsp; 802.1p Priority Queues<br \/>\t\t\t&nbsp; DSCP<br \/>\t\t\t&nbsp; ToS<br \/>\t\t\t&nbsp; IPv6 Traffic Class<br \/>\t\t\t&nbsp; TCP\/UDP port<br \/>\t\t\t<strong>Funcionalidades L3<\/strong><br \/>\t\t\t&#8211; IP Interface<br \/>\t\t\t&nbsp; Supports 1 interface<br \/>\t\t\t&#8211; IPv6 Neighbor Discovery (ND)<br \/>\t\t\t<strong>Lista de conrol de acceso (ACL)<\/strong><br \/>\t\t\t&#8211; Max. 50 access list<br \/>\t\t\t&#8211; Max. 768 rules shared by IPv4, MAC and IPv6<br \/>\t\t\t&#8211; Each rule can only be associated with a single port<br \/>\t\t\t&#8211; ACL based on<br \/>\t\t\t&nbsp; 802.1p priority<br \/>\t\t\t&nbsp; VLAN<br \/>\t\t\t&nbsp; MAC address<br \/>\t\t\t&#8211; Ether type<br \/>\t\t\t&#8211; IP address<br \/>\t\t\t&#8211; DSCP<br \/>\t\t\t&#8211; Protocol type<br \/>\t\t\t&#8211; TCP\/UDP port number<br \/>\t\t\t&#8211; IPv6 Traffic Class<br \/>\t\t\t<strong>Seguridad<\/strong><br \/>\t\t\t&#8211; Broadcast\/Multicast\/Unicast Storm Control<br \/>\t\t\t&#8211; D-Link Safeguard Engine<br \/>\t\t\t&#8211; DHCP Server Screening<br \/>\t\t\t&#8211; IP-MAC-Port Binding (Smart Binding)<br \/>\t\t\t&nbsp; Supports 512 address binding entries<br \/>\t\t\t&nbsp; ARP Inspection<br \/>\t\t\t&nbsp; ARP + IP Inspection<br \/>\t\t\t&nbsp; Supports DHCP Snooping<br \/>\t\t\t&#8211; 802.1X Port-based Access Control<br \/>\t\t\t&#8211; ARP Spoofing Prevention<br \/>\t\t\t&nbsp; Max. 64 entries<br \/>\t\t\t&#8211; Traffic Segmentation<br \/>\t\t\t&#8211; SSH v2<br \/>\t\t\t&#8211; SSL<br \/>\t\t\t&nbsp; Supports v1\/v2\/v3<br \/>\t\t\t&#8211; Port Security<br \/>\t\t\t&nbsp; Supports up to 64 MAC addresses per port<br \/>\t\t\t&#8211; Duplicate address detection<br \/>\t\t\t<strong>AAA<\/strong><br \/>\t\t\t&#8211; 802.1X Authentication<br \/>\t\t\t&nbsp; Supports local\/RADIUS database<br \/>\t\t\t&nbsp; Supports port-based access control<br \/>\t\t\t&nbsp; Supports EAP, OTP, TLS, TTLS, PEAP<br \/>\t\t\t&#8211; IPv6 RADIUS Server<br \/>\t\t\t&#8211; Support MD5 authentication<br \/>\t\t\t<strong>Gesti&oacute;n<\/strong><br \/>\t\t\t&#8211; Web-based GUI<br \/>\t\t\t&#8211; D-Link Network Assistant Utility<br \/>\t\t\t&#8211; Compact CLI<br \/>\t\t\t&#8211; Telnet Server<br \/>\t\t\t&#8211; TFTP Client<br \/>\t\t\t&#8211; Configurable MDI\/MDIX<br \/>\t\t\t&#8211; SNMP<br \/>\t\t\t&nbsp; Supports v1\/v2c\/v3<br \/>\t\t\t&#8211; SNMP Trap<br \/>\t\t\t&#8211; Backup\/Upgrade firmware<br \/>\t\t\t&#8211; Smart Wizard<br \/>\t\t\t&#8211; Upload\/Download Configuration file<br \/>\t\t\t&#8211; System Log<br \/>\t\t\t&nbsp; Max. 500 log entries<br \/>\t\t\t&#8211; BootP\/DHCP Client<br \/>\t\t\t&#8211; SNTP<br \/>\t\t\t&#8211; ICMP v6<br \/>\t\t\t&#8211; IPv4\/v6 Dual Stack<br \/>\t\t\t&#8211; DHCP Auto Configuration<br \/>\t\t\t&#8211; Time Setting<br \/>\t\t\t&nbsp; SNTP<br \/>\t\t\t&#8211; RMONv1<br \/>\t\t\t&#8211; Trusted Host<\/td>\n<\/tr>\n<tr>\n<td valign=\"top\"><strong>Fisicas<\/strong><\/td>\n<td>&#8211; Consumo (Standby\/Max.): 5.06W \/ 15.11W<br \/>\t\t\t&#8211; Alimentaci&oacute;n: 10 a 240 VAC, 50\/60HZ fuente de alimentaci&oacute;n interna<br \/>\t\t\t&#8211; Dimensiones (An x Prof x Alt): 440 x 140 x 44 mm<br \/>\t\t\t&#8211; Peso: 2.06 kg<br \/>\t\t\t&#8211; Ventilaci&oacute;n: Sin Ventiladores<br \/>\t\t\t&#8211; No incluye enchufe ingl&eacute;s<\/td>\n<\/tr>\n<tr>\n<td><strong>Fecha Revisi&oacute;n<\/strong><\/td>\n<td>24-10-2022 por MPM<\/td>\n<\/tr>\n<\/table>\n","protected":false},"excerpt":{"rendered":"<p>&nbsp; Marca D-Link Modelo DGS-1210-26\/E Interfaz &#8211; 24 x Puertos 10\/100\/1000BASE-TX &#8211; 2 x Puertos SFP Rendimiento &#8211; Capacidad del switch: 52 Gbps &#8211; 64-Byte Packet Forwarding Rate: 38.7 Mpps &#8211; MAC Address Table Size: 8K &#8211; Packet Buffer:&nbsp; 0.5 MB por dispositivo &#8211; Jumbo Frame: hasta 9,216 Bytes Caracteristicas Funcionalidades L2 &#8211; MAC Address&hellip;&nbsp;<a href=\"https:\/\/aivlisoft.net\/shop\/producto\/d-link-dgs-1210-26-e-switch-26xgb-2xsfp\/\" rel=\"bookmark\"><span class=\"screen-reader-text\">D-Link DGS-1210-26\/E Switch 26xGB 2xSFP<\/span><\/a><\/p>\n","protected":false},"featured_media":20672,"template":"","meta":{"neve_meta_sidebar":"","neve_meta_container":"","neve_meta_enable_content_width":"","neve_meta_content_width":0,"neve_meta_title_alignment":"","neve_meta_author_avatar":"","neve_post_elements_order":"","neve_meta_disable_header":"","neve_meta_disable_footer":"","neve_meta_disable_title":""},"product_brand":[],"product_cat":[8771],"product_tag":[7365],"class_list":{"0":"post-20671","1":"product","2":"type-product","3":"status-publish","4":"has-post-thumbnail","6":"product_cat-switches-armario","7":"product_tag-dgs-1210-26-e","9":"first","10":"instock","11":"taxable","12":"shipping-taxable","13":"purchasable","14":"product-type-simple"},"yoast_head":"<!-- This site is optimized with the Yoast SEO plugin v26.0 - https:\/\/yoast.com\/wordpress\/plugins\/seo\/ -->\n<title>D-Link DGS-1210-26\/E Switch 26xGB 2xSFP - Aivlisoft Inform\u00e1tica<\/title>\n<meta name=\"robots\" content=\"index, follow, max-snippet:-1, max-image-preview:large, max-video-preview:-1\" \/>\n<link rel=\"canonical\" href=\"https:\/\/aivlisoft.net\/shop\/producto\/d-link-dgs-1210-26-e-switch-26xgb-2xsfp\/\" \/>\n<meta property=\"og:locale\" content=\"es_ES\" \/>\n<meta property=\"og:type\" content=\"article\" \/>\n<meta property=\"og:title\" content=\"D-Link DGS-1210-26\/E Switch 26xGB 2xSFP - Aivlisoft Inform\u00e1tica\" \/>\n<meta property=\"og:description\" content=\"&nbsp; Marca D-Link Modelo DGS-1210-26\/E Interfaz &#8211; 24 x Puertos 10\/100\/1000BASE-TX &#8211; 2 x Puertos SFP Rendimiento &#8211; Capacidad del switch: 52 Gbps &#8211; 64-Byte Packet Forwarding Rate: 38.7 Mpps &#8211; MAC Address Table Size: 8K &#8211; Packet Buffer:&nbsp; 0.5 MB por dispositivo &#8211; Jumbo Frame: hasta 9,216 Bytes Caracteristicas Funcionalidades L2 &#8211; MAC Address&hellip;&nbsp;D-Link DGS-1210-26\/E Switch 26xGB 2xSFP\" \/>\n<meta property=\"og:url\" content=\"https:\/\/aivlisoft.net\/shop\/producto\/d-link-dgs-1210-26-e-switch-26xgb-2xsfp\/\" \/>\n<meta property=\"og:site_name\" content=\"Aivlisoft Inform\u00e1tica\" \/>\n<meta property=\"article:modified_time\" content=\"2025-01-14T11:52:03+00:00\" \/>\n<meta property=\"og:image\" content=\"https:\/\/aivlisoft.net\/shop\/wp-content\/uploads\/2025\/01\/NSWSAR0357_800.jpg\" \/>\n\t<meta property=\"og:image:width\" content=\"800\" \/>\n\t<meta property=\"og:image:height\" content=\"800\" \/>\n\t<meta property=\"og:image:type\" content=\"image\/jpeg\" \/>\n<meta name=\"twitter:card\" content=\"summary_large_image\" \/>\n<meta name=\"twitter:label1\" content=\"Tiempo de lectura\" \/>\n\t<meta name=\"twitter:data1\" content=\"3 minutos\" \/>\n<script type=\"application\/ld+json\" class=\"yoast-schema-graph\">{\"@context\":\"https:\/\/schema.org\",\"@graph\":[{\"@type\":\"WebPage\",\"@id\":\"https:\/\/aivlisoft.net\/shop\/producto\/d-link-dgs-1210-26-e-switch-26xgb-2xsfp\/\",\"url\":\"https:\/\/aivlisoft.net\/shop\/producto\/d-link-dgs-1210-26-e-switch-26xgb-2xsfp\/\",\"name\":\"D-Link DGS-1210-26\/E Switch 26xGB 2xSFP - Aivlisoft Inform\u00e1tica\",\"isPartOf\":{\"@id\":\"https:\/\/aivlisoft.net\/shop\/#website\"},\"primaryImageOfPage\":{\"@id\":\"https:\/\/aivlisoft.net\/shop\/producto\/d-link-dgs-1210-26-e-switch-26xgb-2xsfp\/#primaryimage\"},\"image\":{\"@id\":\"https:\/\/aivlisoft.net\/shop\/producto\/d-link-dgs-1210-26-e-switch-26xgb-2xsfp\/#primaryimage\"},\"thumbnailUrl\":\"https:\/\/aivlisoft.net\/shop\/wp-content\/uploads\/2025\/01\/NSWSAR0357_800.jpg\",\"datePublished\":\"2025-01-13T15:45:25+00:00\",\"dateModified\":\"2025-01-14T11:52:03+00:00\",\"breadcrumb\":{\"@id\":\"https:\/\/aivlisoft.net\/shop\/producto\/d-link-dgs-1210-26-e-switch-26xgb-2xsfp\/#breadcrumb\"},\"inLanguage\":\"es\",\"potentialAction\":[{\"@type\":\"ReadAction\",\"target\":[\"https:\/\/aivlisoft.net\/shop\/producto\/d-link-dgs-1210-26-e-switch-26xgb-2xsfp\/\"]}]},{\"@type\":\"ImageObject\",\"inLanguage\":\"es\",\"@id\":\"https:\/\/aivlisoft.net\/shop\/producto\/d-link-dgs-1210-26-e-switch-26xgb-2xsfp\/#primaryimage\",\"url\":\"https:\/\/aivlisoft.net\/shop\/wp-content\/uploads\/2025\/01\/NSWSAR0357_800.jpg\",\"contentUrl\":\"https:\/\/aivlisoft.net\/shop\/wp-content\/uploads\/2025\/01\/NSWSAR0357_800.jpg\",\"width\":800,\"height\":800},{\"@type\":\"BreadcrumbList\",\"@id\":\"https:\/\/aivlisoft.net\/shop\/producto\/d-link-dgs-1210-26-e-switch-26xgb-2xsfp\/#breadcrumb\",\"itemListElement\":[{\"@type\":\"ListItem\",\"position\":1,\"name\":\"Portada\",\"item\":\"https:\/\/aivlisoft.net\/shop\/\"},{\"@type\":\"ListItem\",\"position\":2,\"name\":\"Tienda\",\"item\":\"https:\/\/aivlisoft.net\/shop\/tienda\/\"},{\"@type\":\"ListItem\",\"position\":3,\"name\":\"D-Link DGS-1210-26\/E Switch 26xGB 2xSFP\"}]},{\"@type\":\"WebSite\",\"@id\":\"https:\/\/aivlisoft.net\/shop\/#website\",\"url\":\"https:\/\/aivlisoft.net\/shop\/\",\"name\":\"Aivlisoft Inform\u00e1tica\",\"description\":\"En Aivlisoft Inform\u00e1tica ofrecemos soluciones tecnol\u00f3gicas para empresas: venta de ordenadores, consumibles, perif\u00e9ricos y m\u00e1s. Calidad, atenci\u00f3n personalizada y los mejores precios para tu negocio.\",\"publisher\":{\"@id\":\"https:\/\/aivlisoft.net\/shop\/#organization\"},\"potentialAction\":[{\"@type\":\"SearchAction\",\"target\":{\"@type\":\"EntryPoint\",\"urlTemplate\":\"https:\/\/aivlisoft.net\/shop\/?s={search_term_string}\"},\"query-input\":{\"@type\":\"PropertyValueSpecification\",\"valueRequired\":true,\"valueName\":\"search_term_string\"}}],\"inLanguage\":\"es\"},{\"@type\":\"Organization\",\"@id\":\"https:\/\/aivlisoft.net\/shop\/#organization\",\"name\":\"Aivlisoft Inform\u00e1tica\",\"url\":\"https:\/\/aivlisoft.net\/shop\/\",\"logo\":{\"@type\":\"ImageObject\",\"inLanguage\":\"es\",\"@id\":\"https:\/\/aivlisoft.net\/shop\/#\/schema\/logo\/image\/\",\"url\":\"https:\/\/aivlisoft.net\/shop\/wp-content\/uploads\/2024\/12\/removal.ai_5b848c54-0cdf-4140-95c5-c5536bb7573b-logodef.png\",\"contentUrl\":\"https:\/\/aivlisoft.net\/shop\/wp-content\/uploads\/2024\/12\/removal.ai_5b848c54-0cdf-4140-95c5-c5536bb7573b-logodef.png\",\"width\":484,\"height\":182,\"caption\":\"Aivlisoft Inform\u00e1tica\"},\"image\":{\"@id\":\"https:\/\/aivlisoft.net\/shop\/#\/schema\/logo\/image\/\"}}]}<\/script>\n<!-- \/ Yoast SEO plugin. -->","yoast_head_json":{"title":"D-Link DGS-1210-26\/E Switch 26xGB 2xSFP - Aivlisoft Inform\u00e1tica","robots":{"index":"index","follow":"follow","max-snippet":"max-snippet:-1","max-image-preview":"max-image-preview:large","max-video-preview":"max-video-preview:-1"},"canonical":"https:\/\/aivlisoft.net\/shop\/producto\/d-link-dgs-1210-26-e-switch-26xgb-2xsfp\/","og_locale":"es_ES","og_type":"article","og_title":"D-Link DGS-1210-26\/E Switch 26xGB 2xSFP - Aivlisoft Inform\u00e1tica","og_description":"&nbsp; Marca D-Link Modelo DGS-1210-26\/E Interfaz &#8211; 24 x Puertos 10\/100\/1000BASE-TX &#8211; 2 x Puertos SFP Rendimiento &#8211; Capacidad del switch: 52 Gbps &#8211; 64-Byte Packet Forwarding Rate: 38.7 Mpps &#8211; MAC Address Table Size: 8K &#8211; Packet Buffer:&nbsp; 0.5 MB por dispositivo &#8211; Jumbo Frame: hasta 9,216 Bytes Caracteristicas Funcionalidades L2 &#8211; MAC Address&hellip;&nbsp;D-Link DGS-1210-26\/E Switch 26xGB 2xSFP","og_url":"https:\/\/aivlisoft.net\/shop\/producto\/d-link-dgs-1210-26-e-switch-26xgb-2xsfp\/","og_site_name":"Aivlisoft Inform\u00e1tica","article_modified_time":"2025-01-14T11:52:03+00:00","og_image":[{"width":800,"height":800,"url":"https:\/\/aivlisoft.net\/shop\/wp-content\/uploads\/2025\/01\/NSWSAR0357_800.jpg","type":"image\/jpeg"}],"twitter_card":"summary_large_image","twitter_misc":{"Tiempo de lectura":"3 minutos"},"schema":{"@context":"https:\/\/schema.org","@graph":[{"@type":"WebPage","@id":"https:\/\/aivlisoft.net\/shop\/producto\/d-link-dgs-1210-26-e-switch-26xgb-2xsfp\/","url":"https:\/\/aivlisoft.net\/shop\/producto\/d-link-dgs-1210-26-e-switch-26xgb-2xsfp\/","name":"D-Link DGS-1210-26\/E Switch 26xGB 2xSFP - Aivlisoft Inform\u00e1tica","isPartOf":{"@id":"https:\/\/aivlisoft.net\/shop\/#website"},"primaryImageOfPage":{"@id":"https:\/\/aivlisoft.net\/shop\/producto\/d-link-dgs-1210-26-e-switch-26xgb-2xsfp\/#primaryimage"},"image":{"@id":"https:\/\/aivlisoft.net\/shop\/producto\/d-link-dgs-1210-26-e-switch-26xgb-2xsfp\/#primaryimage"},"thumbnailUrl":"https:\/\/aivlisoft.net\/shop\/wp-content\/uploads\/2025\/01\/NSWSAR0357_800.jpg","datePublished":"2025-01-13T15:45:25+00:00","dateModified":"2025-01-14T11:52:03+00:00","breadcrumb":{"@id":"https:\/\/aivlisoft.net\/shop\/producto\/d-link-dgs-1210-26-e-switch-26xgb-2xsfp\/#breadcrumb"},"inLanguage":"es","potentialAction":[{"@type":"ReadAction","target":["https:\/\/aivlisoft.net\/shop\/producto\/d-link-dgs-1210-26-e-switch-26xgb-2xsfp\/"]}]},{"@type":"ImageObject","inLanguage":"es","@id":"https:\/\/aivlisoft.net\/shop\/producto\/d-link-dgs-1210-26-e-switch-26xgb-2xsfp\/#primaryimage","url":"https:\/\/aivlisoft.net\/shop\/wp-content\/uploads\/2025\/01\/NSWSAR0357_800.jpg","contentUrl":"https:\/\/aivlisoft.net\/shop\/wp-content\/uploads\/2025\/01\/NSWSAR0357_800.jpg","width":800,"height":800},{"@type":"BreadcrumbList","@id":"https:\/\/aivlisoft.net\/shop\/producto\/d-link-dgs-1210-26-e-switch-26xgb-2xsfp\/#breadcrumb","itemListElement":[{"@type":"ListItem","position":1,"name":"Portada","item":"https:\/\/aivlisoft.net\/shop\/"},{"@type":"ListItem","position":2,"name":"Tienda","item":"https:\/\/aivlisoft.net\/shop\/tienda\/"},{"@type":"ListItem","position":3,"name":"D-Link DGS-1210-26\/E Switch 26xGB 2xSFP"}]},{"@type":"WebSite","@id":"https:\/\/aivlisoft.net\/shop\/#website","url":"https:\/\/aivlisoft.net\/shop\/","name":"Aivlisoft Inform\u00e1tica","description":"En Aivlisoft Inform\u00e1tica ofrecemos soluciones tecnol\u00f3gicas para empresas: venta de ordenadores, consumibles, perif\u00e9ricos y m\u00e1s. Calidad, atenci\u00f3n personalizada y los mejores precios para tu negocio.","publisher":{"@id":"https:\/\/aivlisoft.net\/shop\/#organization"},"potentialAction":[{"@type":"SearchAction","target":{"@type":"EntryPoint","urlTemplate":"https:\/\/aivlisoft.net\/shop\/?s={search_term_string}"},"query-input":{"@type":"PropertyValueSpecification","valueRequired":true,"valueName":"search_term_string"}}],"inLanguage":"es"},{"@type":"Organization","@id":"https:\/\/aivlisoft.net\/shop\/#organization","name":"Aivlisoft Inform\u00e1tica","url":"https:\/\/aivlisoft.net\/shop\/","logo":{"@type":"ImageObject","inLanguage":"es","@id":"https:\/\/aivlisoft.net\/shop\/#\/schema\/logo\/image\/","url":"https:\/\/aivlisoft.net\/shop\/wp-content\/uploads\/2024\/12\/removal.ai_5b848c54-0cdf-4140-95c5-c5536bb7573b-logodef.png","contentUrl":"https:\/\/aivlisoft.net\/shop\/wp-content\/uploads\/2024\/12\/removal.ai_5b848c54-0cdf-4140-95c5-c5536bb7573b-logodef.png","width":484,"height":182,"caption":"Aivlisoft Inform\u00e1tica"},"image":{"@id":"https:\/\/aivlisoft.net\/shop\/#\/schema\/logo\/image\/"}}]}},"_links":{"self":[{"href":"https:\/\/aivlisoft.net\/shop\/wp-json\/wp\/v2\/product\/20671","targetHints":{"allow":["GET"]}}],"collection":[{"href":"https:\/\/aivlisoft.net\/shop\/wp-json\/wp\/v2\/product"}],"about":[{"href":"https:\/\/aivlisoft.net\/shop\/wp-json\/wp\/v2\/types\/product"}],"wp:featuredmedia":[{"embeddable":true,"href":"https:\/\/aivlisoft.net\/shop\/wp-json\/wp\/v2\/media\/20672"}],"wp:attachment":[{"href":"https:\/\/aivlisoft.net\/shop\/wp-json\/wp\/v2\/media?parent=20671"}],"wp:term":[{"taxonomy":"product_brand","embeddable":true,"href":"https:\/\/aivlisoft.net\/shop\/wp-json\/wp\/v2\/product_brand?post=20671"},{"taxonomy":"product_cat","embeddable":true,"href":"https:\/\/aivlisoft.net\/shop\/wp-json\/wp\/v2\/product_cat?post=20671"},{"taxonomy":"product_tag","embeddable":true,"href":"https:\/\/aivlisoft.net\/shop\/wp-json\/wp\/v2\/product_tag?post=20671"}],"curies":[{"name":"wp","href":"https:\/\/api.w.org\/{rel}","templated":true}]}}