{"id":20655,"date":"2025-01-13T15:45:12","date_gmt":"2025-01-13T15:45:12","guid":{"rendered":"https:\/\/aivlisoft.com\/?post_type=product&#038;p=20655"},"modified":"2025-01-14T11:51:56","modified_gmt":"2025-01-14T11:51:56","slug":"d-link-dgs-1210-48-e-switch-48xgb-4xsfp","status":"publish","type":"product","link":"https:\/\/aivlisoft.net\/shop\/producto\/d-link-dgs-1210-48-e-switch-48xgb-4xsfp\/","title":{"rendered":"D-Link DGS-1210-48\/E Switch 48xGB 4xSFP"},"content":{"rendered":"<p>&nbsp;<\/p>\n<table class=\"tabla_caracteristicas k-table\" width=\"100%\">\n<tr>\n<td valign=\"top\" width=\"35%\"><strong>Marca<\/strong><\/td>\n<td valign=\"top\">D-Link<\/td>\n<\/tr>\n<tr>\n<td valign=\"top\" width=\"35%\"><strong>Modelo<\/strong><\/td>\n<td valign=\"top\"><strong>DGS-1210-48\/E<\/strong><\/td>\n<\/tr>\n<tr>\n<td valign=\"top\"><strong>Interfaces<\/strong><\/td>\n<td valign=\"top\">&#8211; 48 x 10\/100\/1000BASE-T ports<br \/>\t\t\t&#8211; 4 x Combo 10\/100\/1000BASE-T\/SFP ports<br \/>\t\t\t<strong>Rendimiento<\/strong><br \/>\t\t\t&#8211; MDI\/MDIX autom&aacute;tico<br \/>\t\t\t&#8211; Capacidad de conmutaci&oacute;n: 104 Gbps<br \/>\t\t\t&#8211; M&eacute;todo de transmisi&oacute;n: almacenar y reenviar<br \/>\t\t\t&#8211; Tabla de direcciones MAC: 16K entradas por dispositivo<br \/>\t\t\t&#8211; Actualizaci&oacute;n de la direcci&oacute;n MAC:<br \/>\t\t\t&nbsp; Hasta 256 entradas MAC est&aacute;ticas<br \/>\t\t\t&nbsp; Habilitar\/deshabilitar el aprendizaje autom&aacute;tico de direcciones MAC<br \/>\t\t\t&#8211; Velocidad m&aacute;xima de reenv&iacute;o de paquetes de 64 bytes: 77,4 Mpps<br \/>\t\t\t&#8211; Memoria de b&uacute;fer de paquetes: 12 Mbits<\/td>\n<\/tr>\n<tr>\n<td valign=\"top\"><strong>Especificaciones<\/strong><\/td>\n<td valign=\"top\">&#8211; MTBF: 400.667 Hours<br \/>\t\t\t&#8211; Disipaci&oacute;n de calor: 116.7 BTU\/hr<br \/>\t\t\t<strong>Otras<\/strong><br \/>\t\t\t&#8211; Leds:&nbsp;<br \/>\t\t\t&nbsp; Alimentaci&oacute;n (por dispositivo)<br \/>\t\t\t&nbsp; Enlace\/Actividad\/Velocidad (por puerto de 10\/100\/1000 Mbps)<br \/>\t\t\t&nbsp; Enlace\/Actividad\/Velocidad (por puerto combinado)<br \/>\t\t\t<strong>Medidas y peso <\/strong><br \/>\t\t\t&#8211; Dimensiones: 440 x 210 x 44 mm<br \/>\t\t\t&#8211; Peso: 3.43 Kg<br \/>\t\t\t<strong>Entorno<\/strong><br \/>\t\t\t&#8211; Temperatura de funcionamiento: -5 a 50 &deg;C (23 a 122 &deg;F)<br \/>\t\t\t&#8211; Temperatura de almacenamiento: -20 a 70 &deg;C (-4 a 158 &deg;F)<br \/>\t\t\t&#8211; Humedad de funcionamiento: 0% ~ 95% RH sin condensaci&oacute;n<br \/>\t\t\t&#8211; Humedad de almacenamiento: 0% ~ 95% RH sin condensaci&oacute;n<br \/>\t\t\t<strong>Alimentaci&oacute;n<\/strong><br \/>\t\t\t&#8211; Entrada de alimentaci&oacute;n Entrada de CA: 100 a 240 V CA, 50\/60 Hz<br \/>\t\t\t&#8211; Consumo m&aacute;ximo de energ&iacute;a: 34.2W<br \/>\t\t\t&#8211; Consumo de energ&iacute;a en espera: 13.9W<br \/>\t\t\t&#8211; No incluye enchufe brit&aacute;nico<\/td>\n<\/tr>\n<tr>\n<td valign=\"top\"><strong>Fecha de revisi&oacute;n<\/strong><\/td>\n<td valign=\"top\">30-09-2022 por MPM<\/td>\n<\/tr>\n<\/table>\n","protected":false},"excerpt":{"rendered":"<p>&nbsp; Marca D-Link Modelo DGS-1210-48\/E Interfaces &#8211; 48 x 10\/100\/1000BASE-T ports &#8211; 4 x Combo 10\/100\/1000BASE-T\/SFP ports Rendimiento &#8211; MDI\/MDIX autom&aacute;tico &#8211; Capacidad de conmutaci&oacute;n: 104 Gbps &#8211; M&eacute;todo de transmisi&oacute;n: almacenar y reenviar &#8211; Tabla de direcciones MAC: 16K entradas por dispositivo &#8211; Actualizaci&oacute;n de la direcci&oacute;n MAC: &nbsp; Hasta 256 entradas MAC est&aacute;ticas&hellip;&nbsp;<a href=\"https:\/\/aivlisoft.net\/shop\/producto\/d-link-dgs-1210-48-e-switch-48xgb-4xsfp\/\" rel=\"bookmark\"><span class=\"screen-reader-text\">D-Link DGS-1210-48\/E Switch 48xGB 4xSFP<\/span><\/a><\/p>\n","protected":false},"featured_media":20656,"template":"","meta":{"neve_meta_sidebar":"","neve_meta_container":"","neve_meta_enable_content_width":"","neve_meta_content_width":0,"neve_meta_title_alignment":"","neve_meta_author_avatar":"","neve_post_elements_order":"","neve_meta_disable_header":"","neve_meta_disable_footer":"","neve_meta_disable_title":""},"product_brand":[],"product_cat":[8771],"product_tag":[7359],"class_list":{"0":"post-20655","1":"product","2":"type-product","3":"status-publish","4":"has-post-thumbnail","6":"product_cat-switches-armario","7":"product_tag-dgs-1210-48-e","9":"first","10":"instock","11":"taxable","12":"shipping-taxable","13":"purchasable","14":"product-type-simple"},"yoast_head":"<!-- This site is optimized with the Yoast SEO plugin v26.0 - https:\/\/yoast.com\/wordpress\/plugins\/seo\/ -->\n<title>D-Link DGS-1210-48\/E Switch 48xGB 4xSFP - Aivlisoft Inform\u00e1tica<\/title>\n<meta name=\"robots\" content=\"index, follow, max-snippet:-1, max-image-preview:large, max-video-preview:-1\" \/>\n<link rel=\"canonical\" href=\"https:\/\/aivlisoft.net\/shop\/producto\/d-link-dgs-1210-48-e-switch-48xgb-4xsfp\/\" \/>\n<meta property=\"og:locale\" content=\"es_ES\" \/>\n<meta property=\"og:type\" content=\"article\" \/>\n<meta property=\"og:title\" content=\"D-Link DGS-1210-48\/E Switch 48xGB 4xSFP - Aivlisoft Inform\u00e1tica\" \/>\n<meta property=\"og:description\" content=\"&nbsp; Marca D-Link Modelo DGS-1210-48\/E Interfaces &#8211; 48 x 10\/100\/1000BASE-T ports &#8211; 4 x Combo 10\/100\/1000BASE-T\/SFP ports Rendimiento &#8211; MDI\/MDIX autom&aacute;tico &#8211; Capacidad de conmutaci&oacute;n: 104 Gbps &#8211; M&eacute;todo de transmisi&oacute;n: almacenar y reenviar &#8211; Tabla de direcciones MAC: 16K entradas por dispositivo &#8211; Actualizaci&oacute;n de la direcci&oacute;n MAC: &nbsp; Hasta 256 entradas MAC est&aacute;ticas&hellip;&nbsp;D-Link DGS-1210-48\/E Switch 48xGB 4xSFP\" \/>\n<meta property=\"og:url\" content=\"https:\/\/aivlisoft.net\/shop\/producto\/d-link-dgs-1210-48-e-switch-48xgb-4xsfp\/\" \/>\n<meta property=\"og:site_name\" content=\"Aivlisoft Inform\u00e1tica\" \/>\n<meta property=\"article:modified_time\" content=\"2025-01-14T11:51:56+00:00\" \/>\n<meta property=\"og:image\" content=\"https:\/\/aivlisoft.net\/shop\/wp-content\/uploads\/2025\/01\/NSWSAR0351_800.jpg\" \/>\n\t<meta property=\"og:image:width\" content=\"800\" \/>\n\t<meta property=\"og:image:height\" content=\"800\" \/>\n\t<meta property=\"og:image:type\" content=\"image\/jpeg\" \/>\n<meta name=\"twitter:card\" content=\"summary_large_image\" \/>\n<meta name=\"twitter:label1\" content=\"Tiempo de lectura\" \/>\n\t<meta name=\"twitter:data1\" content=\"1 minuto\" \/>\n<script type=\"application\/ld+json\" class=\"yoast-schema-graph\">{\"@context\":\"https:\/\/schema.org\",\"@graph\":[{\"@type\":\"WebPage\",\"@id\":\"https:\/\/aivlisoft.net\/shop\/producto\/d-link-dgs-1210-48-e-switch-48xgb-4xsfp\/\",\"url\":\"https:\/\/aivlisoft.net\/shop\/producto\/d-link-dgs-1210-48-e-switch-48xgb-4xsfp\/\",\"name\":\"D-Link DGS-1210-48\/E Switch 48xGB 4xSFP - Aivlisoft Inform\u00e1tica\",\"isPartOf\":{\"@id\":\"https:\/\/aivlisoft.net\/shop\/#website\"},\"primaryImageOfPage\":{\"@id\":\"https:\/\/aivlisoft.net\/shop\/producto\/d-link-dgs-1210-48-e-switch-48xgb-4xsfp\/#primaryimage\"},\"image\":{\"@id\":\"https:\/\/aivlisoft.net\/shop\/producto\/d-link-dgs-1210-48-e-switch-48xgb-4xsfp\/#primaryimage\"},\"thumbnailUrl\":\"https:\/\/aivlisoft.net\/shop\/wp-content\/uploads\/2025\/01\/NSWSAR0351_800.jpg\",\"datePublished\":\"2025-01-13T15:45:12+00:00\",\"dateModified\":\"2025-01-14T11:51:56+00:00\",\"breadcrumb\":{\"@id\":\"https:\/\/aivlisoft.net\/shop\/producto\/d-link-dgs-1210-48-e-switch-48xgb-4xsfp\/#breadcrumb\"},\"inLanguage\":\"es\",\"potentialAction\":[{\"@type\":\"ReadAction\",\"target\":[\"https:\/\/aivlisoft.net\/shop\/producto\/d-link-dgs-1210-48-e-switch-48xgb-4xsfp\/\"]}]},{\"@type\":\"ImageObject\",\"inLanguage\":\"es\",\"@id\":\"https:\/\/aivlisoft.net\/shop\/producto\/d-link-dgs-1210-48-e-switch-48xgb-4xsfp\/#primaryimage\",\"url\":\"https:\/\/aivlisoft.net\/shop\/wp-content\/uploads\/2025\/01\/NSWSAR0351_800.jpg\",\"contentUrl\":\"https:\/\/aivlisoft.net\/shop\/wp-content\/uploads\/2025\/01\/NSWSAR0351_800.jpg\",\"width\":800,\"height\":800},{\"@type\":\"BreadcrumbList\",\"@id\":\"https:\/\/aivlisoft.net\/shop\/producto\/d-link-dgs-1210-48-e-switch-48xgb-4xsfp\/#breadcrumb\",\"itemListElement\":[{\"@type\":\"ListItem\",\"position\":1,\"name\":\"Portada\",\"item\":\"https:\/\/aivlisoft.net\/shop\/\"},{\"@type\":\"ListItem\",\"position\":2,\"name\":\"Tienda\",\"item\":\"https:\/\/aivlisoft.net\/shop\/tienda\/\"},{\"@type\":\"ListItem\",\"position\":3,\"name\":\"D-Link DGS-1210-48\/E Switch 48xGB 4xSFP\"}]},{\"@type\":\"WebSite\",\"@id\":\"https:\/\/aivlisoft.net\/shop\/#website\",\"url\":\"https:\/\/aivlisoft.net\/shop\/\",\"name\":\"Aivlisoft Inform\u00e1tica\",\"description\":\"En Aivlisoft Inform\u00e1tica ofrecemos soluciones tecnol\u00f3gicas para empresas: venta de ordenadores, consumibles, perif\u00e9ricos y m\u00e1s. Calidad, atenci\u00f3n personalizada y los mejores precios para tu negocio.\",\"publisher\":{\"@id\":\"https:\/\/aivlisoft.net\/shop\/#organization\"},\"potentialAction\":[{\"@type\":\"SearchAction\",\"target\":{\"@type\":\"EntryPoint\",\"urlTemplate\":\"https:\/\/aivlisoft.net\/shop\/?s={search_term_string}\"},\"query-input\":{\"@type\":\"PropertyValueSpecification\",\"valueRequired\":true,\"valueName\":\"search_term_string\"}}],\"inLanguage\":\"es\"},{\"@type\":\"Organization\",\"@id\":\"https:\/\/aivlisoft.net\/shop\/#organization\",\"name\":\"Aivlisoft Inform\u00e1tica\",\"url\":\"https:\/\/aivlisoft.net\/shop\/\",\"logo\":{\"@type\":\"ImageObject\",\"inLanguage\":\"es\",\"@id\":\"https:\/\/aivlisoft.net\/shop\/#\/schema\/logo\/image\/\",\"url\":\"https:\/\/aivlisoft.net\/shop\/wp-content\/uploads\/2024\/12\/removal.ai_5b848c54-0cdf-4140-95c5-c5536bb7573b-logodef.png\",\"contentUrl\":\"https:\/\/aivlisoft.net\/shop\/wp-content\/uploads\/2024\/12\/removal.ai_5b848c54-0cdf-4140-95c5-c5536bb7573b-logodef.png\",\"width\":484,\"height\":182,\"caption\":\"Aivlisoft Inform\u00e1tica\"},\"image\":{\"@id\":\"https:\/\/aivlisoft.net\/shop\/#\/schema\/logo\/image\/\"}}]}<\/script>\n<!-- \/ Yoast SEO plugin. -->","yoast_head_json":{"title":"D-Link DGS-1210-48\/E Switch 48xGB 4xSFP - Aivlisoft Inform\u00e1tica","robots":{"index":"index","follow":"follow","max-snippet":"max-snippet:-1","max-image-preview":"max-image-preview:large","max-video-preview":"max-video-preview:-1"},"canonical":"https:\/\/aivlisoft.net\/shop\/producto\/d-link-dgs-1210-48-e-switch-48xgb-4xsfp\/","og_locale":"es_ES","og_type":"article","og_title":"D-Link DGS-1210-48\/E Switch 48xGB 4xSFP - Aivlisoft Inform\u00e1tica","og_description":"&nbsp; Marca D-Link Modelo DGS-1210-48\/E Interfaces &#8211; 48 x 10\/100\/1000BASE-T ports &#8211; 4 x Combo 10\/100\/1000BASE-T\/SFP ports Rendimiento &#8211; MDI\/MDIX autom&aacute;tico &#8211; Capacidad de conmutaci&oacute;n: 104 Gbps &#8211; M&eacute;todo de transmisi&oacute;n: almacenar y reenviar &#8211; Tabla de direcciones MAC: 16K entradas por dispositivo &#8211; Actualizaci&oacute;n de la direcci&oacute;n MAC: &nbsp; Hasta 256 entradas MAC est&aacute;ticas&hellip;&nbsp;D-Link DGS-1210-48\/E Switch 48xGB 4xSFP","og_url":"https:\/\/aivlisoft.net\/shop\/producto\/d-link-dgs-1210-48-e-switch-48xgb-4xsfp\/","og_site_name":"Aivlisoft Inform\u00e1tica","article_modified_time":"2025-01-14T11:51:56+00:00","og_image":[{"width":800,"height":800,"url":"https:\/\/aivlisoft.net\/shop\/wp-content\/uploads\/2025\/01\/NSWSAR0351_800.jpg","type":"image\/jpeg"}],"twitter_card":"summary_large_image","twitter_misc":{"Tiempo de lectura":"1 minuto"},"schema":{"@context":"https:\/\/schema.org","@graph":[{"@type":"WebPage","@id":"https:\/\/aivlisoft.net\/shop\/producto\/d-link-dgs-1210-48-e-switch-48xgb-4xsfp\/","url":"https:\/\/aivlisoft.net\/shop\/producto\/d-link-dgs-1210-48-e-switch-48xgb-4xsfp\/","name":"D-Link DGS-1210-48\/E Switch 48xGB 4xSFP - Aivlisoft Inform\u00e1tica","isPartOf":{"@id":"https:\/\/aivlisoft.net\/shop\/#website"},"primaryImageOfPage":{"@id":"https:\/\/aivlisoft.net\/shop\/producto\/d-link-dgs-1210-48-e-switch-48xgb-4xsfp\/#primaryimage"},"image":{"@id":"https:\/\/aivlisoft.net\/shop\/producto\/d-link-dgs-1210-48-e-switch-48xgb-4xsfp\/#primaryimage"},"thumbnailUrl":"https:\/\/aivlisoft.net\/shop\/wp-content\/uploads\/2025\/01\/NSWSAR0351_800.jpg","datePublished":"2025-01-13T15:45:12+00:00","dateModified":"2025-01-14T11:51:56+00:00","breadcrumb":{"@id":"https:\/\/aivlisoft.net\/shop\/producto\/d-link-dgs-1210-48-e-switch-48xgb-4xsfp\/#breadcrumb"},"inLanguage":"es","potentialAction":[{"@type":"ReadAction","target":["https:\/\/aivlisoft.net\/shop\/producto\/d-link-dgs-1210-48-e-switch-48xgb-4xsfp\/"]}]},{"@type":"ImageObject","inLanguage":"es","@id":"https:\/\/aivlisoft.net\/shop\/producto\/d-link-dgs-1210-48-e-switch-48xgb-4xsfp\/#primaryimage","url":"https:\/\/aivlisoft.net\/shop\/wp-content\/uploads\/2025\/01\/NSWSAR0351_800.jpg","contentUrl":"https:\/\/aivlisoft.net\/shop\/wp-content\/uploads\/2025\/01\/NSWSAR0351_800.jpg","width":800,"height":800},{"@type":"BreadcrumbList","@id":"https:\/\/aivlisoft.net\/shop\/producto\/d-link-dgs-1210-48-e-switch-48xgb-4xsfp\/#breadcrumb","itemListElement":[{"@type":"ListItem","position":1,"name":"Portada","item":"https:\/\/aivlisoft.net\/shop\/"},{"@type":"ListItem","position":2,"name":"Tienda","item":"https:\/\/aivlisoft.net\/shop\/tienda\/"},{"@type":"ListItem","position":3,"name":"D-Link DGS-1210-48\/E Switch 48xGB 4xSFP"}]},{"@type":"WebSite","@id":"https:\/\/aivlisoft.net\/shop\/#website","url":"https:\/\/aivlisoft.net\/shop\/","name":"Aivlisoft Inform\u00e1tica","description":"En Aivlisoft Inform\u00e1tica ofrecemos soluciones tecnol\u00f3gicas para empresas: venta de ordenadores, consumibles, perif\u00e9ricos y m\u00e1s. Calidad, atenci\u00f3n personalizada y los mejores precios para tu negocio.","publisher":{"@id":"https:\/\/aivlisoft.net\/shop\/#organization"},"potentialAction":[{"@type":"SearchAction","target":{"@type":"EntryPoint","urlTemplate":"https:\/\/aivlisoft.net\/shop\/?s={search_term_string}"},"query-input":{"@type":"PropertyValueSpecification","valueRequired":true,"valueName":"search_term_string"}}],"inLanguage":"es"},{"@type":"Organization","@id":"https:\/\/aivlisoft.net\/shop\/#organization","name":"Aivlisoft Inform\u00e1tica","url":"https:\/\/aivlisoft.net\/shop\/","logo":{"@type":"ImageObject","inLanguage":"es","@id":"https:\/\/aivlisoft.net\/shop\/#\/schema\/logo\/image\/","url":"https:\/\/aivlisoft.net\/shop\/wp-content\/uploads\/2024\/12\/removal.ai_5b848c54-0cdf-4140-95c5-c5536bb7573b-logodef.png","contentUrl":"https:\/\/aivlisoft.net\/shop\/wp-content\/uploads\/2024\/12\/removal.ai_5b848c54-0cdf-4140-95c5-c5536bb7573b-logodef.png","width":484,"height":182,"caption":"Aivlisoft Inform\u00e1tica"},"image":{"@id":"https:\/\/aivlisoft.net\/shop\/#\/schema\/logo\/image\/"}}]}},"_links":{"self":[{"href":"https:\/\/aivlisoft.net\/shop\/wp-json\/wp\/v2\/product\/20655","targetHints":{"allow":["GET"]}}],"collection":[{"href":"https:\/\/aivlisoft.net\/shop\/wp-json\/wp\/v2\/product"}],"about":[{"href":"https:\/\/aivlisoft.net\/shop\/wp-json\/wp\/v2\/types\/product"}],"wp:featuredmedia":[{"embeddable":true,"href":"https:\/\/aivlisoft.net\/shop\/wp-json\/wp\/v2\/media\/20656"}],"wp:attachment":[{"href":"https:\/\/aivlisoft.net\/shop\/wp-json\/wp\/v2\/media?parent=20655"}],"wp:term":[{"taxonomy":"product_brand","embeddable":true,"href":"https:\/\/aivlisoft.net\/shop\/wp-json\/wp\/v2\/product_brand?post=20655"},{"taxonomy":"product_cat","embeddable":true,"href":"https:\/\/aivlisoft.net\/shop\/wp-json\/wp\/v2\/product_cat?post=20655"},{"taxonomy":"product_tag","embeddable":true,"href":"https:\/\/aivlisoft.net\/shop\/wp-json\/wp\/v2\/product_tag?post=20655"}],"curies":[{"name":"wp","href":"https:\/\/api.w.org\/{rel}","templated":true}]}}