{"id":20638,"date":"2025-01-13T15:45:03","date_gmt":"2025-01-13T15:45:03","guid":{"rendered":"https:\/\/aivlisoft.com\/?post_type=product&#038;p=20638"},"modified":"2025-01-14T11:51:52","modified_gmt":"2025-01-14T11:51:52","slug":"d-link-dgs-1100-26mpv2-e-switch-24xpoe-2xsfp-comb","status":"publish","type":"product","link":"https:\/\/aivlisoft.net\/shop\/producto\/d-link-dgs-1100-26mpv2-e-switch-24xpoe-2xsfp-comb\/","title":{"rendered":"D-Link DGS-1100-26MPV2\/E Switch 24xPoE+ 2xSFP Comb"},"content":{"rendered":"<p>&nbsp;<\/p>\n<table class=\"tabla_caracteristicas k-table\" width=\"100%\">\n<tr>\n<td><strong>Marca<\/strong><\/td>\n<td>D-Link<\/td>\n<\/tr>\n<tr>\n<td><strong>Modelo<\/strong><\/td>\n<td><strong>DGS-1100-26MPV2\/E<\/strong><\/td>\n<\/tr>\n<tr>\n<td valign=\"top\"><strong>Caracter&iacute;sticas<\/strong><\/td>\n<td><strong>Optimizado para videovigilancia<\/strong><br \/>\t\t\t&#8211; Interfaz web optimizada para la vigilancia<br \/>\t\t\t&#8211; Alto presupuesto PoE y puertos PoE +<br \/>\t\t\t&#8211; Protecci&oacute;n contra sobretensiones de 6 kV por puerto<br \/>\t\t\t&#8211; Soporte ONVIF<br \/>\t\t\t&#8211; VLAN de vigilancia autom&aacute;tica<br \/>\t\t\t<strong>Caracter&iacute;sticas avanzadas<\/strong><br \/>\t\t\t&#8211; Control de Ancho de Banda<br \/>\t\t\t&#8211; Segregaci&oacute;n de tr&aacute;fico VLAN IEEE 802.1Q<br \/>\t\t\t&#8211; VLAN basada en puerto<br \/>\t\t\t&#8211; QoS de IEEE 802.1p<br \/>\t\t\t&#8211; VLAN de voz<br \/>\t\t\t<strong>Tecnolog&iacute;a verde<\/strong><br \/>\t\t\t&#8211; Detecci&oacute;n de estado de enlace<br \/>\t\t\t&#8211; Compatible con IEEE 802.3az<br \/>\t\t\t&#8211; PoE basada en el tiempo<br \/>\t\t\t<strong>Funciones de administraci&oacute;n<\/strong><br \/>\t\t\t&#8211; Utilidad basada en cliente o GUI basada en web<br \/>\t\t\t&#8211; MIB SNMP incorporado<br \/>\t\t\t<strong>Interfaz<\/strong><br \/>\t\t\t&#8211; N&uacute;mero de 10\/100 \/ 1000BASE-TX: 24 puertos<br \/>\t\t\t&#8211; N&uacute;mero de puertos combinados: 2 puertos<br \/>\t\t\t<strong>Capacidad del conmutador<\/strong><br \/>\t\t\t&#8211; 52 Gbps<br \/>\t\t\t<strong>Tasa m&aacute;xima de reenv&iacute;o<\/strong><br \/>\t\t\t&#8211; 38,69 Mpps<br \/>\t\t\t<strong>Tama&ntilde;o de la tabla de direcciones MAC<\/strong><br \/>\t\t\t&#8211; 16K<br \/>\t\t\t<strong>Tamp&oacute;n de paquetes<\/strong><br \/>\t\t\t&#8211; 1,5 Mbits<br \/>\t\t\t<strong>Memoria flash<\/strong><br \/>\t\t\t&#8211; 16 Mbytes<br \/>\t\t\t<strong>Indicadores LED de diagn&oacute;stico<\/strong><br \/>\t\t\t&#8211; Potencia (por dispositivo)<br \/>\t\t\t&#8211; Link \/ Actividad \/ Velocidad (por puerto)<br \/>\t\t\t<strong>Consumo de energ&iacute;a (M&aacute;ximo)<\/strong><br \/>\t\t\t&#8211; 370W (PoE encendido)<br \/>\t\t\t<strong>Entrada de alimentaci&oacute;n<\/strong><br \/>\t\t\t&#8211; Fuente de alimentaci&oacute;n universal interna de 100 a 240 V CA, de 50 a 60 Hz<br \/>\t\t\t<strong>Dimensiones (ancho x alto x alto)<\/strong><br \/>\t\t\t&#8211; 440 x 285 x 44 mm<br \/>\t\t\t<strong>Peso<\/strong><br \/>\t\t\t&#8211; 3,81 kg<br \/>\t\t\t<strong>Ventilaci&oacute;n<\/strong><br \/>\t\t\t&#8211; 2 Ventiladores<br \/>\t\t\t<strong>Disipaci&oacute;n de calor<\/strong><br \/>\t\t\t&#8211; 1470,46 BTU por hora<br \/>\t\t\t<strong>MTBF<\/strong><br \/>\t\t\t&#8211; 269.291 horas<br \/>\t\t\t<strong>Temperatura<\/strong><br \/>\t\t\t&#8211; Funcionamiento: -5 &deg; a 50 &deg; C (23 &deg; a 122 &deg; F)<br \/>\t\t\t&#8211; Almacenamiento: -40 &deg; a 70 &deg; C (-40 &deg; a 158 &deg; F)<br \/>\t\t\t<strong>Humedad<\/strong><br \/>\t\t\t&#8211; Funcionamiento: 0% ~ 95% Sin condensaci&oacute;n<br \/>\t\t\t&#8211; Almacenamiento: 0% ~ 95% Sin condensaci&oacute;n<br \/>\t\t\t<strong>EMI \/ EMC<\/strong><br \/>\t\t\t&#8211; FCC \/ IC, CE, VCCI, RCM, BSMI<br \/>\t\t\t<strong>Seguridad<\/strong><br \/>\t\t\t&#8211; cUL, UL, GS, CB<br \/>\t\t\t<strong>VLAN<\/strong><br \/>\t\t\t&#8211; VLAN basada en puerto<br \/>\t\t\t&#8211; 802.1Q ha etiquetado a VLAN<br \/>\t\t\t&#8211; VLAN de vigilancia autom&aacute;tica<br \/>\t\t\t&#8211; VLAN de voz<br \/>\t\t\t&#8211; VLAN de administraci&oacute;n<br \/>\t\t\t&#8211; VLAN asim&eacute;trica<br \/>\t\t\t&#8211; Grupo VLAN<br \/>\t\t\t&nbsp; Soporta 128 grupos est&aacute;ticos de VLAN<br \/>\t\t\t&nbsp; Max. 4094 VIDs<br \/>\t\t\t<strong>L2 Caracter&iacute;sticas<\/strong><br \/>\t\t\t&#8211; Control de flujo<br \/>\t\t\t&nbsp; 802.3x Control de flujo<br \/>\t\t\t&nbsp; Prevenci&oacute;n del bloqueo de HOL<br \/>\t\t\t&#8211; Cuadros Jumbo hasta 9216 bytes<br \/>\t\t\t&#8211; IGMP Snooping<br \/>\t\t\t&nbsp; IGMP v1 \/ v2 \/ v3 conciencia Snooping<br \/>\t\t\t&nbsp; Soporta 64 Grupos<br \/>\t\t\t&nbsp; IGMP Snooping Querier<br \/>\t\t\t&#8211; Agregaci&oacute;n de enlaces 802.3ad:<br \/>\t\t\t&nbsp; DGS-1100-26MP: Soporta 13 grupos por dispositivo y 8 puertos por grupo<br \/>\t\t\t&#8211; Detecci&oacute;n de bucle de retorno de conmutaci&oacute;n de protecci&oacute;n de anillo Ethernet<br \/>\t\t\t&nbsp; G.8032 ERPS<br \/>\t\t\t&#8211; Diagn&oacute;stico de cables<br \/>\t\t\t&#8211; LLDP<br \/>\t\t\t&#8211; Espejo de puertos<br \/>\t\t\t&nbsp; Doce y cincuenta y nueve de la noche<br \/>\t\t\t&nbsp; Muchos a uno<br \/>\t\t\t&#8211; Estad&iacute;sticas<br \/>\t\t\t&nbsp; Esta bien<br \/>\t\t\t&nbsp; Error de Tx<br \/>\t\t\t&nbsp; Ok ok<br \/>\t\t\t&nbsp; Error de Rx<br \/>\t\t\t&#8211; Protocolo Spanning Tree<br \/>\t\t\t&nbsp; 802.1D STP<br \/>\t\t\t&nbsp; 802.1w RSTP<br \/>\t\t\t<strong>Calidad de Servicio (QoS)<\/strong><br \/>\t\t\t&#8211; 802.1p Calidad de Servicio<br \/>\t\t\t&#8211; 4 colas por puerto<br \/>\t\t\t&#8211; Manejo de colas<br \/>\t\t\t&nbsp; Estricto<br \/>\t\t\t&nbsp; Robo Redondeado Ponderado (WRR)<br \/>\t\t\t&#8211; Control de ancho de banda basado en puertos (limitaci&oacute;n de velocidad)<br \/>\t\t\t&nbsp; Ingreso: 8 Kbps<br \/>\t\t\t&nbsp; Salida: 64 Kbps<br \/>\t\t\t<strong>Seguridad<\/strong><br \/>\t\t\t&#8211; Salvaguardia de D-Link<br \/>\t\t\t&#8211; Segmentaci&oacute;n del tr&aacute;fico<br \/>\t\t\t&#8211; Control de tormenta unicast de difusi&oacute;n \/ multicast \/ desconocido<br \/>\t\t\t&#8211; Prevenci&oacute;n de ataques de DoS<br \/>\t\t\t&#8211; SSL<br \/>\t\t\t<strong>Administraci&oacute;n<\/strong><br \/>\t\t\t&#8211; GUI basada en web (soporta IPv4 \/ IPv6)<br \/>\t\t\t&#8211; Modo de conmutaci&oacute;n de vigilancia<br \/>\t\t\t&#8211; Utilidad del Asistente de red D-Link<br \/>\t\t\t<strong>Tecnolog&iacute;a verde<\/strong><br \/>\t\t\t&#8211; Ahorro de energ&iacute;a por<br \/>\t\t\t&nbsp; Estado del enlace<br \/>\t\t\t&nbsp; LED apagado<br \/>\t\t\t&nbsp; Apagado del puerto<br \/>\t\t\t&nbsp; Hibernaci&oacute;n del sistema<br \/>\t\t\t&#8211; Compatible con IEEE 802.3az Energy Efficient Ethernet<br \/>\t\t\t<strong>Est&aacute;ndares MIB \/ RFC<\/strong><br \/>\t\t\t&#8211; RFC 768 UDP<br \/>\t\t\t&#8211; RFC 791 IP<br \/>\t\t\t&#8211; RFC 792 ICMP<br \/>\t\t\t&#8211; RFC 793 TCP<br \/>\t\t\t&#8211; RFC 826 ARP<br \/>\t\t\t&#8211; RFC 1213 MIB II<br \/>\t\t\t&#8211; RFC1493 Bridage MIB<br \/>\t\t\t&#8211; RFC1907 SNMPv2 MIB<br \/>\t\t\t&#8211; RFC1215 MIB trampas Convenci&oacute;n<br \/>\t\t\t&#8211; MIB de grupo de interfaz RFC2233<br \/>\t\t\t&#8211; RFC2665 Ether-como MIB<br \/>\t\t\t&#8211; 802.1p MIB RFC4363<br \/>\t\t\t&#8211; ZoneDefense MIB<br \/>\t\t\t&#8211; MIB Privada<br \/>\t\t\t&#8211; cliente RFC 951 BootP<br \/>\t\t\t&#8211; cliente RFC 1542 BootP \/ DHCP<br \/>\t\t\t&#8211; RFC 4363 802.1p<br \/>\t\t\t&#8211; RFC 2236 IGMP Snooping<\/td>\n<\/tr>\n<tr>\n<td><strong>Fecha Revisi&oacute;n<\/strong><\/td>\n<td>13-06-2022 por MPM<\/td>\n<\/tr>\n<\/table>\n","protected":false},"excerpt":{"rendered":"<p>&nbsp; Marca D-Link Modelo DGS-1100-26MPV2\/E Caracter&iacute;sticas Optimizado para videovigilancia &#8211; Interfaz web optimizada para la vigilancia &#8211; Alto presupuesto PoE y puertos PoE + &#8211; Protecci&oacute;n contra sobretensiones de 6 kV por puerto &#8211; Soporte ONVIF &#8211; VLAN de vigilancia autom&aacute;tica Caracter&iacute;sticas avanzadas &#8211; Control de Ancho de Banda &#8211; Segregaci&oacute;n de tr&aacute;fico VLAN IEEE&hellip;&nbsp;<a href=\"https:\/\/aivlisoft.net\/shop\/producto\/d-link-dgs-1100-26mpv2-e-switch-24xpoe-2xsfp-comb\/\" rel=\"bookmark\"><span class=\"screen-reader-text\">D-Link DGS-1100-26MPV2\/E Switch 24xPoE+ 2xSFP Comb<\/span><\/a><\/p>\n","protected":false},"featured_media":20639,"template":"","meta":{"neve_meta_sidebar":"","neve_meta_container":"","neve_meta_enable_content_width":"","neve_meta_content_width":0,"neve_meta_title_alignment":"","neve_meta_author_avatar":"","neve_post_elements_order":"","neve_meta_disable_header":"","neve_meta_disable_footer":"","neve_meta_disable_title":""},"product_brand":[],"product_cat":[8771],"product_tag":[7354],"class_list":{"0":"post-20638","1":"product","2":"type-product","3":"status-publish","4":"has-post-thumbnail","6":"product_cat-switches-armario","7":"product_tag-dgs-1100-26mpv2-e","9":"first","10":"instock","11":"taxable","12":"shipping-taxable","13":"purchasable","14":"product-type-simple"},"yoast_head":"<!-- This site is optimized with the Yoast SEO plugin v26.0 - https:\/\/yoast.com\/wordpress\/plugins\/seo\/ -->\n<title>D-Link DGS-1100-26MPV2\/E Switch 24xPoE+ 2xSFP Comb - Aivlisoft Inform\u00e1tica<\/title>\n<meta name=\"robots\" content=\"index, follow, max-snippet:-1, max-image-preview:large, max-video-preview:-1\" \/>\n<link rel=\"canonical\" href=\"https:\/\/aivlisoft.net\/shop\/producto\/d-link-dgs-1100-26mpv2-e-switch-24xpoe-2xsfp-comb\/\" \/>\n<meta property=\"og:locale\" content=\"es_ES\" \/>\n<meta property=\"og:type\" content=\"article\" \/>\n<meta property=\"og:title\" content=\"D-Link DGS-1100-26MPV2\/E Switch 24xPoE+ 2xSFP Comb - Aivlisoft Inform\u00e1tica\" \/>\n<meta property=\"og:description\" content=\"&nbsp; Marca D-Link Modelo DGS-1100-26MPV2\/E Caracter&iacute;sticas Optimizado para videovigilancia &#8211; Interfaz web optimizada para la vigilancia &#8211; Alto presupuesto PoE y puertos PoE + &#8211; Protecci&oacute;n contra sobretensiones de 6 kV por puerto &#8211; Soporte ONVIF &#8211; VLAN de vigilancia autom&aacute;tica Caracter&iacute;sticas avanzadas &#8211; Control de Ancho de Banda &#8211; Segregaci&oacute;n de tr&aacute;fico VLAN IEEE&hellip;&nbsp;D-Link DGS-1100-26MPV2\/E Switch 24xPoE+ 2xSFP Comb\" \/>\n<meta property=\"og:url\" content=\"https:\/\/aivlisoft.net\/shop\/producto\/d-link-dgs-1100-26mpv2-e-switch-24xpoe-2xsfp-comb\/\" \/>\n<meta property=\"og:site_name\" content=\"Aivlisoft Inform\u00e1tica\" \/>\n<meta property=\"article:modified_time\" content=\"2025-01-14T11:51:52+00:00\" \/>\n<meta property=\"og:image\" content=\"https:\/\/aivlisoft.net\/shop\/wp-content\/uploads\/2025\/01\/NSWSAR0345_800.jpg\" \/>\n\t<meta property=\"og:image:width\" content=\"800\" \/>\n\t<meta property=\"og:image:height\" content=\"800\" \/>\n\t<meta property=\"og:image:type\" content=\"image\/jpeg\" \/>\n<meta name=\"twitter:card\" content=\"summary_large_image\" \/>\n<meta name=\"twitter:label1\" content=\"Tiempo de lectura\" \/>\n\t<meta name=\"twitter:data1\" content=\"4 minutos\" \/>\n<script type=\"application\/ld+json\" class=\"yoast-schema-graph\">{\"@context\":\"https:\/\/schema.org\",\"@graph\":[{\"@type\":\"WebPage\",\"@id\":\"https:\/\/aivlisoft.net\/shop\/producto\/d-link-dgs-1100-26mpv2-e-switch-24xpoe-2xsfp-comb\/\",\"url\":\"https:\/\/aivlisoft.net\/shop\/producto\/d-link-dgs-1100-26mpv2-e-switch-24xpoe-2xsfp-comb\/\",\"name\":\"D-Link DGS-1100-26MPV2\/E Switch 24xPoE+ 2xSFP Comb - Aivlisoft Inform\u00e1tica\",\"isPartOf\":{\"@id\":\"https:\/\/aivlisoft.net\/shop\/#website\"},\"primaryImageOfPage\":{\"@id\":\"https:\/\/aivlisoft.net\/shop\/producto\/d-link-dgs-1100-26mpv2-e-switch-24xpoe-2xsfp-comb\/#primaryimage\"},\"image\":{\"@id\":\"https:\/\/aivlisoft.net\/shop\/producto\/d-link-dgs-1100-26mpv2-e-switch-24xpoe-2xsfp-comb\/#primaryimage\"},\"thumbnailUrl\":\"https:\/\/aivlisoft.net\/shop\/wp-content\/uploads\/2025\/01\/NSWSAR0345_800.jpg\",\"datePublished\":\"2025-01-13T15:45:03+00:00\",\"dateModified\":\"2025-01-14T11:51:52+00:00\",\"breadcrumb\":{\"@id\":\"https:\/\/aivlisoft.net\/shop\/producto\/d-link-dgs-1100-26mpv2-e-switch-24xpoe-2xsfp-comb\/#breadcrumb\"},\"inLanguage\":\"es\",\"potentialAction\":[{\"@type\":\"ReadAction\",\"target\":[\"https:\/\/aivlisoft.net\/shop\/producto\/d-link-dgs-1100-26mpv2-e-switch-24xpoe-2xsfp-comb\/\"]}]},{\"@type\":\"ImageObject\",\"inLanguage\":\"es\",\"@id\":\"https:\/\/aivlisoft.net\/shop\/producto\/d-link-dgs-1100-26mpv2-e-switch-24xpoe-2xsfp-comb\/#primaryimage\",\"url\":\"https:\/\/aivlisoft.net\/shop\/wp-content\/uploads\/2025\/01\/NSWSAR0345_800.jpg\",\"contentUrl\":\"https:\/\/aivlisoft.net\/shop\/wp-content\/uploads\/2025\/01\/NSWSAR0345_800.jpg\",\"width\":800,\"height\":800},{\"@type\":\"BreadcrumbList\",\"@id\":\"https:\/\/aivlisoft.net\/shop\/producto\/d-link-dgs-1100-26mpv2-e-switch-24xpoe-2xsfp-comb\/#breadcrumb\",\"itemListElement\":[{\"@type\":\"ListItem\",\"position\":1,\"name\":\"Portada\",\"item\":\"https:\/\/aivlisoft.net\/shop\/\"},{\"@type\":\"ListItem\",\"position\":2,\"name\":\"Tienda\",\"item\":\"https:\/\/aivlisoft.net\/shop\/tienda\/\"},{\"@type\":\"ListItem\",\"position\":3,\"name\":\"D-Link DGS-1100-26MPV2\/E Switch 24xPoE+ 2xSFP Comb\"}]},{\"@type\":\"WebSite\",\"@id\":\"https:\/\/aivlisoft.net\/shop\/#website\",\"url\":\"https:\/\/aivlisoft.net\/shop\/\",\"name\":\"Aivlisoft Inform\u00e1tica\",\"description\":\"En Aivlisoft Inform\u00e1tica ofrecemos soluciones tecnol\u00f3gicas para empresas: venta de ordenadores, consumibles, perif\u00e9ricos y m\u00e1s. Calidad, atenci\u00f3n personalizada y los mejores precios para tu negocio.\",\"publisher\":{\"@id\":\"https:\/\/aivlisoft.net\/shop\/#organization\"},\"potentialAction\":[{\"@type\":\"SearchAction\",\"target\":{\"@type\":\"EntryPoint\",\"urlTemplate\":\"https:\/\/aivlisoft.net\/shop\/?s={search_term_string}\"},\"query-input\":{\"@type\":\"PropertyValueSpecification\",\"valueRequired\":true,\"valueName\":\"search_term_string\"}}],\"inLanguage\":\"es\"},{\"@type\":\"Organization\",\"@id\":\"https:\/\/aivlisoft.net\/shop\/#organization\",\"name\":\"Aivlisoft Inform\u00e1tica\",\"url\":\"https:\/\/aivlisoft.net\/shop\/\",\"logo\":{\"@type\":\"ImageObject\",\"inLanguage\":\"es\",\"@id\":\"https:\/\/aivlisoft.net\/shop\/#\/schema\/logo\/image\/\",\"url\":\"https:\/\/aivlisoft.net\/shop\/wp-content\/uploads\/2024\/12\/removal.ai_5b848c54-0cdf-4140-95c5-c5536bb7573b-logodef.png\",\"contentUrl\":\"https:\/\/aivlisoft.net\/shop\/wp-content\/uploads\/2024\/12\/removal.ai_5b848c54-0cdf-4140-95c5-c5536bb7573b-logodef.png\",\"width\":484,\"height\":182,\"caption\":\"Aivlisoft Inform\u00e1tica\"},\"image\":{\"@id\":\"https:\/\/aivlisoft.net\/shop\/#\/schema\/logo\/image\/\"}}]}<\/script>\n<!-- \/ Yoast SEO plugin. -->","yoast_head_json":{"title":"D-Link DGS-1100-26MPV2\/E Switch 24xPoE+ 2xSFP Comb - Aivlisoft Inform\u00e1tica","robots":{"index":"index","follow":"follow","max-snippet":"max-snippet:-1","max-image-preview":"max-image-preview:large","max-video-preview":"max-video-preview:-1"},"canonical":"https:\/\/aivlisoft.net\/shop\/producto\/d-link-dgs-1100-26mpv2-e-switch-24xpoe-2xsfp-comb\/","og_locale":"es_ES","og_type":"article","og_title":"D-Link DGS-1100-26MPV2\/E Switch 24xPoE+ 2xSFP Comb - Aivlisoft Inform\u00e1tica","og_description":"&nbsp; Marca D-Link Modelo DGS-1100-26MPV2\/E Caracter&iacute;sticas Optimizado para videovigilancia &#8211; Interfaz web optimizada para la vigilancia &#8211; Alto presupuesto PoE y puertos PoE + &#8211; Protecci&oacute;n contra sobretensiones de 6 kV por puerto &#8211; Soporte ONVIF &#8211; VLAN de vigilancia autom&aacute;tica Caracter&iacute;sticas avanzadas &#8211; Control de Ancho de Banda &#8211; Segregaci&oacute;n de tr&aacute;fico VLAN IEEE&hellip;&nbsp;D-Link DGS-1100-26MPV2\/E Switch 24xPoE+ 2xSFP Comb","og_url":"https:\/\/aivlisoft.net\/shop\/producto\/d-link-dgs-1100-26mpv2-e-switch-24xpoe-2xsfp-comb\/","og_site_name":"Aivlisoft Inform\u00e1tica","article_modified_time":"2025-01-14T11:51:52+00:00","og_image":[{"width":800,"height":800,"url":"https:\/\/aivlisoft.net\/shop\/wp-content\/uploads\/2025\/01\/NSWSAR0345_800.jpg","type":"image\/jpeg"}],"twitter_card":"summary_large_image","twitter_misc":{"Tiempo de lectura":"4 minutos"},"schema":{"@context":"https:\/\/schema.org","@graph":[{"@type":"WebPage","@id":"https:\/\/aivlisoft.net\/shop\/producto\/d-link-dgs-1100-26mpv2-e-switch-24xpoe-2xsfp-comb\/","url":"https:\/\/aivlisoft.net\/shop\/producto\/d-link-dgs-1100-26mpv2-e-switch-24xpoe-2xsfp-comb\/","name":"D-Link DGS-1100-26MPV2\/E Switch 24xPoE+ 2xSFP Comb - Aivlisoft Inform\u00e1tica","isPartOf":{"@id":"https:\/\/aivlisoft.net\/shop\/#website"},"primaryImageOfPage":{"@id":"https:\/\/aivlisoft.net\/shop\/producto\/d-link-dgs-1100-26mpv2-e-switch-24xpoe-2xsfp-comb\/#primaryimage"},"image":{"@id":"https:\/\/aivlisoft.net\/shop\/producto\/d-link-dgs-1100-26mpv2-e-switch-24xpoe-2xsfp-comb\/#primaryimage"},"thumbnailUrl":"https:\/\/aivlisoft.net\/shop\/wp-content\/uploads\/2025\/01\/NSWSAR0345_800.jpg","datePublished":"2025-01-13T15:45:03+00:00","dateModified":"2025-01-14T11:51:52+00:00","breadcrumb":{"@id":"https:\/\/aivlisoft.net\/shop\/producto\/d-link-dgs-1100-26mpv2-e-switch-24xpoe-2xsfp-comb\/#breadcrumb"},"inLanguage":"es","potentialAction":[{"@type":"ReadAction","target":["https:\/\/aivlisoft.net\/shop\/producto\/d-link-dgs-1100-26mpv2-e-switch-24xpoe-2xsfp-comb\/"]}]},{"@type":"ImageObject","inLanguage":"es","@id":"https:\/\/aivlisoft.net\/shop\/producto\/d-link-dgs-1100-26mpv2-e-switch-24xpoe-2xsfp-comb\/#primaryimage","url":"https:\/\/aivlisoft.net\/shop\/wp-content\/uploads\/2025\/01\/NSWSAR0345_800.jpg","contentUrl":"https:\/\/aivlisoft.net\/shop\/wp-content\/uploads\/2025\/01\/NSWSAR0345_800.jpg","width":800,"height":800},{"@type":"BreadcrumbList","@id":"https:\/\/aivlisoft.net\/shop\/producto\/d-link-dgs-1100-26mpv2-e-switch-24xpoe-2xsfp-comb\/#breadcrumb","itemListElement":[{"@type":"ListItem","position":1,"name":"Portada","item":"https:\/\/aivlisoft.net\/shop\/"},{"@type":"ListItem","position":2,"name":"Tienda","item":"https:\/\/aivlisoft.net\/shop\/tienda\/"},{"@type":"ListItem","position":3,"name":"D-Link DGS-1100-26MPV2\/E Switch 24xPoE+ 2xSFP Comb"}]},{"@type":"WebSite","@id":"https:\/\/aivlisoft.net\/shop\/#website","url":"https:\/\/aivlisoft.net\/shop\/","name":"Aivlisoft Inform\u00e1tica","description":"En Aivlisoft Inform\u00e1tica ofrecemos soluciones tecnol\u00f3gicas para empresas: venta de ordenadores, consumibles, perif\u00e9ricos y m\u00e1s. Calidad, atenci\u00f3n personalizada y los mejores precios para tu negocio.","publisher":{"@id":"https:\/\/aivlisoft.net\/shop\/#organization"},"potentialAction":[{"@type":"SearchAction","target":{"@type":"EntryPoint","urlTemplate":"https:\/\/aivlisoft.net\/shop\/?s={search_term_string}"},"query-input":{"@type":"PropertyValueSpecification","valueRequired":true,"valueName":"search_term_string"}}],"inLanguage":"es"},{"@type":"Organization","@id":"https:\/\/aivlisoft.net\/shop\/#organization","name":"Aivlisoft Inform\u00e1tica","url":"https:\/\/aivlisoft.net\/shop\/","logo":{"@type":"ImageObject","inLanguage":"es","@id":"https:\/\/aivlisoft.net\/shop\/#\/schema\/logo\/image\/","url":"https:\/\/aivlisoft.net\/shop\/wp-content\/uploads\/2024\/12\/removal.ai_5b848c54-0cdf-4140-95c5-c5536bb7573b-logodef.png","contentUrl":"https:\/\/aivlisoft.net\/shop\/wp-content\/uploads\/2024\/12\/removal.ai_5b848c54-0cdf-4140-95c5-c5536bb7573b-logodef.png","width":484,"height":182,"caption":"Aivlisoft Inform\u00e1tica"},"image":{"@id":"https:\/\/aivlisoft.net\/shop\/#\/schema\/logo\/image\/"}}]}},"_links":{"self":[{"href":"https:\/\/aivlisoft.net\/shop\/wp-json\/wp\/v2\/product\/20638","targetHints":{"allow":["GET"]}}],"collection":[{"href":"https:\/\/aivlisoft.net\/shop\/wp-json\/wp\/v2\/product"}],"about":[{"href":"https:\/\/aivlisoft.net\/shop\/wp-json\/wp\/v2\/types\/product"}],"wp:featuredmedia":[{"embeddable":true,"href":"https:\/\/aivlisoft.net\/shop\/wp-json\/wp\/v2\/media\/20639"}],"wp:attachment":[{"href":"https:\/\/aivlisoft.net\/shop\/wp-json\/wp\/v2\/media?parent=20638"}],"wp:term":[{"taxonomy":"product_brand","embeddable":true,"href":"https:\/\/aivlisoft.net\/shop\/wp-json\/wp\/v2\/product_brand?post=20638"},{"taxonomy":"product_cat","embeddable":true,"href":"https:\/\/aivlisoft.net\/shop\/wp-json\/wp\/v2\/product_cat?post=20638"},{"taxonomy":"product_tag","embeddable":true,"href":"https:\/\/aivlisoft.net\/shop\/wp-json\/wp\/v2\/product_tag?post=20638"}],"curies":[{"name":"wp","href":"https:\/\/api.w.org\/{rel}","templated":true}]}}