{"id":20635,"date":"2025-01-13T15:45:01","date_gmt":"2025-01-13T15:45:01","guid":{"rendered":"https:\/\/aivlisoft.com\/?post_type=product&#038;p=20635"},"modified":"2025-01-14T11:51:51","modified_gmt":"2025-01-14T11:51:51","slug":"d-link-dgs-1100-10mpv2-e-switch-8xgb-poe-2xsfp","status":"publish","type":"product","link":"https:\/\/aivlisoft.net\/shop\/producto\/d-link-dgs-1100-10mpv2-e-switch-8xgb-poe-2xsfp\/","title":{"rendered":"D-Link DGS-1100-10MPV2\/E Switch 8xGb PoE+ 2xSFP"},"content":{"rendered":"<p>&nbsp;<\/p>\n<table class=\"tabla_caracteristicas k-table\" width=\"100%\">\n<tr>\n<td><strong>Marca<\/strong><\/td>\n<td>D-Link<\/td>\n<\/tr>\n<tr>\n<td><strong>Modelo<\/strong><\/td>\n<td><strong>DGS-1100-10MPV2\/E<\/strong><\/td>\n<\/tr>\n<tr>\n<td valign=\"top\"><strong>Caracter&iacute;sticas<\/strong><\/td>\n<td>\n<div>&#8211; Puertos 10 \/ 100 \/ 1000 BASE-TX: 8 puertos<br \/>\t\t\t&#8211; Puertos SFP: 2 Puertos<br \/>\t\t\t&#8211; PoE: (802.3af\/802.3at\/8 ports\/130W)<br \/>\t\t\t&#8211; Interruptor de Capacidad: 20 Gbps<br \/>\t\t\t&#8211; M&aacute;xima velocidad de env&iacute;o: 14.88 Mpps<br \/>\t\t\t&#8211; Tabla de direcciones MAC Tama&ntilde;o: 16K<br \/>\t\t\t&#8211; Buffer de Paquetes: 1.5 Mbits<br \/>\t\t\t&#8211; Memoria Flash: 16 MB<br \/>\t\t\t&#8211; Enlace \/ Actividad (por puerto): S&iacute;<br \/>\t\t\t<strong>F&iacute;sica y Ambiental<\/strong><br \/>\t\t\t&#8211; Consumo de energ&iacute;a (Max): 141.4 W (PoE on)<br \/>\t\t\t&#8211; Entrada de energ&iacute;a: 100 a 240 VCA, 50 a 60Hz<br \/>\t\t\t&#8211; Dimensiones (W x D x H): 280 x 180 mm x 44 mm<br \/>\t\t\t&#8211; Peso: 1,83 kg<br \/>\t\t\t&#8211; MTBF: 291.575 horas<br \/>\t\t\t&#8211; Temperatura<br \/>\t\t\t&nbsp; De funcionamiento: -5 &deg; a 50 &deg; C<br \/>\t\t\t&nbsp; Almacenamiento: -40 &deg; a 70 &deg; C<br \/>\t\t\t&#8211; Humedad<br \/>\t\t\t&nbsp; De funcionamiento: 0% ~ 95% sin condensaci&oacute;n<br \/>\t\t\t&nbsp; Almacenamiento: 0% ~ 95% sin condensaci&oacute;n<br \/>\t\t\t&#8211; EMI \/ EMC: FCC\/IC, CE, VCCI, RCM, BSMI<br \/>\t\t\t&#8211; Seguridad: cUL, UL, GS, CB<br \/>\t\t\t<strong>Caracter&iacute;sticas L2<\/strong><br \/>\t\t\t&#8211; Control de flujo<br \/>\t\t\t&nbsp; 802.3x Control de flujo<br \/>\t\t\t&nbsp; Prevenci&oacute;n del bloqueo de HOL<br \/>\t\t\t&#8211; Cuadros Jumbo hasta 9216 bytes<br \/>\t\t\t&#8211; IGMP Snooping<br \/>\t\t\t&nbsp; IGMP v1 \/ v2 \/ v3 conciencia Snooping<br \/>\t\t\t&nbsp; Soporta 64 Grupos<br \/>\t\t\t&nbsp; IGMP Snooping Querier<br \/>\t\t\t&#8211; Agregaci&oacute;n de enlaces 802.3ad:<br \/>\t\t\t&nbsp; DGS-1100-10MP: Soporta 5 grupos por dispositivo y 8 puertos por grupo<br \/>\t\t\t&#8211; Detecci&oacute;n de bucle inverso Protecci&oacute;n de anillo de conmutaci&oacute;n<br \/>\t\t\t&nbsp; G.8032 ERPS<br \/>\t\t\t&#8211; Diagn&oacute;stico de cables<br \/>\t\t\t&#8211; LLDP<br \/>\t\t\t&#8211; Espejo de puertos<br \/>\t\t\t&nbsp; Doce y cincuenta y nueve de la noche<br \/>\t\t\t&nbsp; Muchos a uno<br \/>\t\t\t&#8211; Estad&iacute;sticas<br \/>\t\t\t&nbsp; Esta bien<br \/>\t\t\t&nbsp; Error de Tx<br \/>\t\t\t&nbsp; Ok ok<br \/>\t\t\t&nbsp; Error de Rx<br \/>\t\t\t&#8211; Protocolo Spanning Tree<br \/>\t\t\t&nbsp; 802.1D STP<br \/>\t\t\t&nbsp; 802.1w RSTP<br \/>\t\t\t<strong>VLAN<\/strong><br \/>\t\t\t&#8211; VLAN basada en puertos<br \/>\t\t\t&#8211; 802.1Q ha etiquetado a VLAN<br \/>\t\t\t&#8211; VLAN de vigilancia autom&aacute;tica<br \/>\t\t\t&#8211; VLAN de voz<br \/>\t\t\t&#8211; VLAN de administraci&oacute;n<br \/>\t\t\t&#8211; VLAN asim&eacute;trica<br \/>\t\t\t&#8211; Grupo VLAN<br \/>\t\t\t&nbsp; Soporta 128 grupos est&aacute;ticos de VLAN<br \/>\t\t\t&nbsp; Max. 4094 VIDs<br \/>\t\t\t<strong>Calidad de Servicio (QoS)<\/strong><br \/>\t\t\t&#8211; 802.1p Calidad de Servicio<br \/>\t\t\t&#8211; 4 colas por puerto<br \/>\t\t\t&#8211; Manejo de colas<br \/>\t\t\t&nbsp; Estricto<br \/>\t\t\t&nbsp; Robo Redondeado Ponderado (WRR)<br \/>\t\t\t&#8211; Control de ancho de banda basado en puertos (limitaci&oacute;n de velocidad)<br \/>\t\t\t&nbsp; Ingreso: 8 Kbps<br \/>\t\t\t&nbsp; Salida: 64 Kbps<br \/>\t\t\t<strong>Gesti&oacute;n<\/strong><br \/>\t\t\t&#8211; GUI basada en web (soporta IPv4 \/ IPv6)<br \/>\t\t\t&#8211; Modo de conmutaci&oacute;n de vigilancia<br \/>\t\t\t&#8211; Utilidad del Asistente de red D-Link<br \/>\t\t\t<strong>Seguridad<\/strong><br \/>\t\t\t&#8211; Salvaguardia de D-Link<br \/>\t\t\t&#8211; Segmentaci&oacute;n del tr&aacute;fico<br \/>\t\t\t&#8211; Control de tormenta unicast de difusi&oacute;n \/ multicast \/ desconocido<br \/>\t\t\t&#8211; Prevenci&oacute;n de ataque de DoS<br \/>\t\t\t&#8211; SSL<br \/>\t\t\t<strong>D-Link Green<\/strong><br \/>\t\t\t&#8211; Ahorro de energ&iacute;a por<br \/>\t\t\t&nbsp; Estado del enlace<br \/>\t\t\t&nbsp; LED apagado<br \/>\t\t\t&nbsp; Apagado del puerto<br \/>\t\t\t&nbsp; Hibernaci&oacute;n del sistema<br \/>\t\t\t&#8211; Compatible con IEEE 802.3az Energy Efficient Ethernet<br \/>\t\t\t<strong>RFC Lista Est&aacute;ndar<\/strong><\/div>\n<p>\t\t\t&#8211; RFC 768 UDP<br \/>\t\t\t&#8211; RFC 791 IP<br \/>\t\t\t&#8211; RFC 792 ICMP<br \/>\t\t\t&#8211; RFC 793 TCP<br \/>\t\t\t&#8211; RFC 826 ARP<br \/>\t\t\t&#8211; RFC 1213 MIB II<br \/>\t\t\t&#8211; RFC1493 Bridage MIB<br \/>\t\t\t&#8211; RFC1907 SNMPv2 MIB<br \/>\t\t\t&#8211; RFC1215 MIB trampas Convenci&oacute;n<br \/>\t\t\t&#8211; MIB de grupo de interfaz RFC2233<br \/>\t\t\t&#8211; RFC2665 Ether-como MIB<br \/>\t\t\t&#8211; 802.1p MIB RFC4363<br \/>\t\t\t&#8211; ZoneDefense MIB<br \/>\t\t\t&#8211; MIB Privada<br \/>\t\t\t&#8211; Cliente RFC 951 BootP<br \/>\t\t\t&#8211; cliente RFC 1542 BootP \/ DHCP<br \/>\t\t\t&#8211; RFC 4363 802.1p<br \/>\t\t\t&#8211; RFC 2236 IGMP Snooping<\/td>\n<\/tr>\n<tr>\n<td><strong>Fecha Revisi&oacute;n<\/strong><\/td>\n<td>13-06-2022 por MPM<\/td>\n<\/tr>\n<\/table>\n","protected":false},"excerpt":{"rendered":"<p>&nbsp; Marca D-Link Modelo DGS-1100-10MPV2\/E Caracter&iacute;sticas &#8211; Puertos 10 \/ 100 \/ 1000 BASE-TX: 8 puertos &#8211; Puertos SFP: 2 Puertos &#8211; PoE: (802.3af\/802.3at\/8 ports\/130W) &#8211; Interruptor de Capacidad: 20 Gbps &#8211; M&aacute;xima velocidad de env&iacute;o: 14.88 Mpps &#8211; Tabla de direcciones MAC Tama&ntilde;o: 16K &#8211; Buffer de Paquetes: 1.5 Mbits &#8211; Memoria Flash: 16&hellip;&nbsp;<a href=\"https:\/\/aivlisoft.net\/shop\/producto\/d-link-dgs-1100-10mpv2-e-switch-8xgb-poe-2xsfp\/\" rel=\"bookmark\"><span class=\"screen-reader-text\">D-Link DGS-1100-10MPV2\/E Switch 8xGb PoE+ 2xSFP<\/span><\/a><\/p>\n","protected":false},"featured_media":20636,"template":"","meta":{"neve_meta_sidebar":"","neve_meta_container":"","neve_meta_enable_content_width":"","neve_meta_content_width":0,"neve_meta_title_alignment":"","neve_meta_author_avatar":"","neve_post_elements_order":"","neve_meta_disable_header":"","neve_meta_disable_footer":"","neve_meta_disable_title":""},"product_brand":[],"product_cat":[8771],"product_tag":[7353],"class_list":{"0":"post-20635","1":"product","2":"type-product","3":"status-publish","4":"has-post-thumbnail","6":"product_cat-switches-armario","7":"product_tag-dgs-1100-10mpv2-e","9":"first","10":"instock","11":"taxable","12":"shipping-taxable","13":"purchasable","14":"product-type-simple"},"yoast_head":"<!-- This site is optimized with the Yoast SEO plugin v26.0 - https:\/\/yoast.com\/wordpress\/plugins\/seo\/ -->\n<title>D-Link DGS-1100-10MPV2\/E Switch 8xGb PoE+ 2xSFP - Aivlisoft Inform\u00e1tica<\/title>\n<meta name=\"robots\" content=\"index, follow, max-snippet:-1, max-image-preview:large, max-video-preview:-1\" \/>\n<link rel=\"canonical\" href=\"https:\/\/aivlisoft.net\/shop\/producto\/d-link-dgs-1100-10mpv2-e-switch-8xgb-poe-2xsfp\/\" \/>\n<meta property=\"og:locale\" content=\"es_ES\" \/>\n<meta property=\"og:type\" content=\"article\" \/>\n<meta property=\"og:title\" content=\"D-Link DGS-1100-10MPV2\/E Switch 8xGb PoE+ 2xSFP - Aivlisoft Inform\u00e1tica\" \/>\n<meta property=\"og:description\" content=\"&nbsp; Marca D-Link Modelo DGS-1100-10MPV2\/E Caracter&iacute;sticas &#8211; Puertos 10 \/ 100 \/ 1000 BASE-TX: 8 puertos &#8211; Puertos SFP: 2 Puertos &#8211; PoE: (802.3af\/802.3at\/8 ports\/130W) &#8211; Interruptor de Capacidad: 20 Gbps &#8211; M&aacute;xima velocidad de env&iacute;o: 14.88 Mpps &#8211; Tabla de direcciones MAC Tama&ntilde;o: 16K &#8211; Buffer de Paquetes: 1.5 Mbits &#8211; Memoria Flash: 16&hellip;&nbsp;D-Link DGS-1100-10MPV2\/E Switch 8xGb PoE+ 2xSFP\" \/>\n<meta property=\"og:url\" content=\"https:\/\/aivlisoft.net\/shop\/producto\/d-link-dgs-1100-10mpv2-e-switch-8xgb-poe-2xsfp\/\" \/>\n<meta property=\"og:site_name\" content=\"Aivlisoft Inform\u00e1tica\" \/>\n<meta property=\"article:modified_time\" content=\"2025-01-14T11:51:51+00:00\" \/>\n<meta property=\"og:image\" content=\"https:\/\/aivlisoft.net\/shop\/wp-content\/uploads\/2025\/01\/NSWSAR0344_800.jpg\" \/>\n\t<meta property=\"og:image:width\" content=\"800\" \/>\n\t<meta property=\"og:image:height\" content=\"800\" \/>\n\t<meta property=\"og:image:type\" content=\"image\/jpeg\" \/>\n<meta name=\"twitter:card\" content=\"summary_large_image\" \/>\n<meta name=\"twitter:label1\" content=\"Tiempo de lectura\" \/>\n\t<meta name=\"twitter:data1\" content=\"3 minutos\" \/>\n<script type=\"application\/ld+json\" class=\"yoast-schema-graph\">{\"@context\":\"https:\/\/schema.org\",\"@graph\":[{\"@type\":\"WebPage\",\"@id\":\"https:\/\/aivlisoft.net\/shop\/producto\/d-link-dgs-1100-10mpv2-e-switch-8xgb-poe-2xsfp\/\",\"url\":\"https:\/\/aivlisoft.net\/shop\/producto\/d-link-dgs-1100-10mpv2-e-switch-8xgb-poe-2xsfp\/\",\"name\":\"D-Link DGS-1100-10MPV2\/E Switch 8xGb PoE+ 2xSFP - Aivlisoft Inform\u00e1tica\",\"isPartOf\":{\"@id\":\"https:\/\/aivlisoft.net\/shop\/#website\"},\"primaryImageOfPage\":{\"@id\":\"https:\/\/aivlisoft.net\/shop\/producto\/d-link-dgs-1100-10mpv2-e-switch-8xgb-poe-2xsfp\/#primaryimage\"},\"image\":{\"@id\":\"https:\/\/aivlisoft.net\/shop\/producto\/d-link-dgs-1100-10mpv2-e-switch-8xgb-poe-2xsfp\/#primaryimage\"},\"thumbnailUrl\":\"https:\/\/aivlisoft.net\/shop\/wp-content\/uploads\/2025\/01\/NSWSAR0344_800.jpg\",\"datePublished\":\"2025-01-13T15:45:01+00:00\",\"dateModified\":\"2025-01-14T11:51:51+00:00\",\"breadcrumb\":{\"@id\":\"https:\/\/aivlisoft.net\/shop\/producto\/d-link-dgs-1100-10mpv2-e-switch-8xgb-poe-2xsfp\/#breadcrumb\"},\"inLanguage\":\"es\",\"potentialAction\":[{\"@type\":\"ReadAction\",\"target\":[\"https:\/\/aivlisoft.net\/shop\/producto\/d-link-dgs-1100-10mpv2-e-switch-8xgb-poe-2xsfp\/\"]}]},{\"@type\":\"ImageObject\",\"inLanguage\":\"es\",\"@id\":\"https:\/\/aivlisoft.net\/shop\/producto\/d-link-dgs-1100-10mpv2-e-switch-8xgb-poe-2xsfp\/#primaryimage\",\"url\":\"https:\/\/aivlisoft.net\/shop\/wp-content\/uploads\/2025\/01\/NSWSAR0344_800.jpg\",\"contentUrl\":\"https:\/\/aivlisoft.net\/shop\/wp-content\/uploads\/2025\/01\/NSWSAR0344_800.jpg\",\"width\":800,\"height\":800},{\"@type\":\"BreadcrumbList\",\"@id\":\"https:\/\/aivlisoft.net\/shop\/producto\/d-link-dgs-1100-10mpv2-e-switch-8xgb-poe-2xsfp\/#breadcrumb\",\"itemListElement\":[{\"@type\":\"ListItem\",\"position\":1,\"name\":\"Portada\",\"item\":\"https:\/\/aivlisoft.net\/shop\/\"},{\"@type\":\"ListItem\",\"position\":2,\"name\":\"Tienda\",\"item\":\"https:\/\/aivlisoft.net\/shop\/tienda\/\"},{\"@type\":\"ListItem\",\"position\":3,\"name\":\"D-Link DGS-1100-10MPV2\/E Switch 8xGb PoE+ 2xSFP\"}]},{\"@type\":\"WebSite\",\"@id\":\"https:\/\/aivlisoft.net\/shop\/#website\",\"url\":\"https:\/\/aivlisoft.net\/shop\/\",\"name\":\"Aivlisoft Inform\u00e1tica\",\"description\":\"En Aivlisoft Inform\u00e1tica ofrecemos soluciones tecnol\u00f3gicas para empresas: venta de ordenadores, consumibles, perif\u00e9ricos y m\u00e1s. Calidad, atenci\u00f3n personalizada y los mejores precios para tu negocio.\",\"publisher\":{\"@id\":\"https:\/\/aivlisoft.net\/shop\/#organization\"},\"potentialAction\":[{\"@type\":\"SearchAction\",\"target\":{\"@type\":\"EntryPoint\",\"urlTemplate\":\"https:\/\/aivlisoft.net\/shop\/?s={search_term_string}\"},\"query-input\":{\"@type\":\"PropertyValueSpecification\",\"valueRequired\":true,\"valueName\":\"search_term_string\"}}],\"inLanguage\":\"es\"},{\"@type\":\"Organization\",\"@id\":\"https:\/\/aivlisoft.net\/shop\/#organization\",\"name\":\"Aivlisoft Inform\u00e1tica\",\"url\":\"https:\/\/aivlisoft.net\/shop\/\",\"logo\":{\"@type\":\"ImageObject\",\"inLanguage\":\"es\",\"@id\":\"https:\/\/aivlisoft.net\/shop\/#\/schema\/logo\/image\/\",\"url\":\"https:\/\/aivlisoft.net\/shop\/wp-content\/uploads\/2024\/12\/removal.ai_5b848c54-0cdf-4140-95c5-c5536bb7573b-logodef.png\",\"contentUrl\":\"https:\/\/aivlisoft.net\/shop\/wp-content\/uploads\/2024\/12\/removal.ai_5b848c54-0cdf-4140-95c5-c5536bb7573b-logodef.png\",\"width\":484,\"height\":182,\"caption\":\"Aivlisoft Inform\u00e1tica\"},\"image\":{\"@id\":\"https:\/\/aivlisoft.net\/shop\/#\/schema\/logo\/image\/\"}}]}<\/script>\n<!-- \/ Yoast SEO plugin. -->","yoast_head_json":{"title":"D-Link DGS-1100-10MPV2\/E Switch 8xGb PoE+ 2xSFP - Aivlisoft Inform\u00e1tica","robots":{"index":"index","follow":"follow","max-snippet":"max-snippet:-1","max-image-preview":"max-image-preview:large","max-video-preview":"max-video-preview:-1"},"canonical":"https:\/\/aivlisoft.net\/shop\/producto\/d-link-dgs-1100-10mpv2-e-switch-8xgb-poe-2xsfp\/","og_locale":"es_ES","og_type":"article","og_title":"D-Link DGS-1100-10MPV2\/E Switch 8xGb PoE+ 2xSFP - Aivlisoft Inform\u00e1tica","og_description":"&nbsp; Marca D-Link Modelo DGS-1100-10MPV2\/E Caracter&iacute;sticas &#8211; Puertos 10 \/ 100 \/ 1000 BASE-TX: 8 puertos &#8211; Puertos SFP: 2 Puertos &#8211; PoE: (802.3af\/802.3at\/8 ports\/130W) &#8211; Interruptor de Capacidad: 20 Gbps &#8211; M&aacute;xima velocidad de env&iacute;o: 14.88 Mpps &#8211; Tabla de direcciones MAC Tama&ntilde;o: 16K &#8211; Buffer de Paquetes: 1.5 Mbits &#8211; Memoria Flash: 16&hellip;&nbsp;D-Link DGS-1100-10MPV2\/E Switch 8xGb PoE+ 2xSFP","og_url":"https:\/\/aivlisoft.net\/shop\/producto\/d-link-dgs-1100-10mpv2-e-switch-8xgb-poe-2xsfp\/","og_site_name":"Aivlisoft Inform\u00e1tica","article_modified_time":"2025-01-14T11:51:51+00:00","og_image":[{"width":800,"height":800,"url":"https:\/\/aivlisoft.net\/shop\/wp-content\/uploads\/2025\/01\/NSWSAR0344_800.jpg","type":"image\/jpeg"}],"twitter_card":"summary_large_image","twitter_misc":{"Tiempo de lectura":"3 minutos"},"schema":{"@context":"https:\/\/schema.org","@graph":[{"@type":"WebPage","@id":"https:\/\/aivlisoft.net\/shop\/producto\/d-link-dgs-1100-10mpv2-e-switch-8xgb-poe-2xsfp\/","url":"https:\/\/aivlisoft.net\/shop\/producto\/d-link-dgs-1100-10mpv2-e-switch-8xgb-poe-2xsfp\/","name":"D-Link DGS-1100-10MPV2\/E Switch 8xGb PoE+ 2xSFP - Aivlisoft Inform\u00e1tica","isPartOf":{"@id":"https:\/\/aivlisoft.net\/shop\/#website"},"primaryImageOfPage":{"@id":"https:\/\/aivlisoft.net\/shop\/producto\/d-link-dgs-1100-10mpv2-e-switch-8xgb-poe-2xsfp\/#primaryimage"},"image":{"@id":"https:\/\/aivlisoft.net\/shop\/producto\/d-link-dgs-1100-10mpv2-e-switch-8xgb-poe-2xsfp\/#primaryimage"},"thumbnailUrl":"https:\/\/aivlisoft.net\/shop\/wp-content\/uploads\/2025\/01\/NSWSAR0344_800.jpg","datePublished":"2025-01-13T15:45:01+00:00","dateModified":"2025-01-14T11:51:51+00:00","breadcrumb":{"@id":"https:\/\/aivlisoft.net\/shop\/producto\/d-link-dgs-1100-10mpv2-e-switch-8xgb-poe-2xsfp\/#breadcrumb"},"inLanguage":"es","potentialAction":[{"@type":"ReadAction","target":["https:\/\/aivlisoft.net\/shop\/producto\/d-link-dgs-1100-10mpv2-e-switch-8xgb-poe-2xsfp\/"]}]},{"@type":"ImageObject","inLanguage":"es","@id":"https:\/\/aivlisoft.net\/shop\/producto\/d-link-dgs-1100-10mpv2-e-switch-8xgb-poe-2xsfp\/#primaryimage","url":"https:\/\/aivlisoft.net\/shop\/wp-content\/uploads\/2025\/01\/NSWSAR0344_800.jpg","contentUrl":"https:\/\/aivlisoft.net\/shop\/wp-content\/uploads\/2025\/01\/NSWSAR0344_800.jpg","width":800,"height":800},{"@type":"BreadcrumbList","@id":"https:\/\/aivlisoft.net\/shop\/producto\/d-link-dgs-1100-10mpv2-e-switch-8xgb-poe-2xsfp\/#breadcrumb","itemListElement":[{"@type":"ListItem","position":1,"name":"Portada","item":"https:\/\/aivlisoft.net\/shop\/"},{"@type":"ListItem","position":2,"name":"Tienda","item":"https:\/\/aivlisoft.net\/shop\/tienda\/"},{"@type":"ListItem","position":3,"name":"D-Link DGS-1100-10MPV2\/E Switch 8xGb PoE+ 2xSFP"}]},{"@type":"WebSite","@id":"https:\/\/aivlisoft.net\/shop\/#website","url":"https:\/\/aivlisoft.net\/shop\/","name":"Aivlisoft Inform\u00e1tica","description":"En Aivlisoft Inform\u00e1tica ofrecemos soluciones tecnol\u00f3gicas para empresas: venta de ordenadores, consumibles, perif\u00e9ricos y m\u00e1s. Calidad, atenci\u00f3n personalizada y los mejores precios para tu negocio.","publisher":{"@id":"https:\/\/aivlisoft.net\/shop\/#organization"},"potentialAction":[{"@type":"SearchAction","target":{"@type":"EntryPoint","urlTemplate":"https:\/\/aivlisoft.net\/shop\/?s={search_term_string}"},"query-input":{"@type":"PropertyValueSpecification","valueRequired":true,"valueName":"search_term_string"}}],"inLanguage":"es"},{"@type":"Organization","@id":"https:\/\/aivlisoft.net\/shop\/#organization","name":"Aivlisoft Inform\u00e1tica","url":"https:\/\/aivlisoft.net\/shop\/","logo":{"@type":"ImageObject","inLanguage":"es","@id":"https:\/\/aivlisoft.net\/shop\/#\/schema\/logo\/image\/","url":"https:\/\/aivlisoft.net\/shop\/wp-content\/uploads\/2024\/12\/removal.ai_5b848c54-0cdf-4140-95c5-c5536bb7573b-logodef.png","contentUrl":"https:\/\/aivlisoft.net\/shop\/wp-content\/uploads\/2024\/12\/removal.ai_5b848c54-0cdf-4140-95c5-c5536bb7573b-logodef.png","width":484,"height":182,"caption":"Aivlisoft Inform\u00e1tica"},"image":{"@id":"https:\/\/aivlisoft.net\/shop\/#\/schema\/logo\/image\/"}}]}},"_links":{"self":[{"href":"https:\/\/aivlisoft.net\/shop\/wp-json\/wp\/v2\/product\/20635","targetHints":{"allow":["GET"]}}],"collection":[{"href":"https:\/\/aivlisoft.net\/shop\/wp-json\/wp\/v2\/product"}],"about":[{"href":"https:\/\/aivlisoft.net\/shop\/wp-json\/wp\/v2\/types\/product"}],"wp:featuredmedia":[{"embeddable":true,"href":"https:\/\/aivlisoft.net\/shop\/wp-json\/wp\/v2\/media\/20636"}],"wp:attachment":[{"href":"https:\/\/aivlisoft.net\/shop\/wp-json\/wp\/v2\/media?parent=20635"}],"wp:term":[{"taxonomy":"product_brand","embeddable":true,"href":"https:\/\/aivlisoft.net\/shop\/wp-json\/wp\/v2\/product_brand?post=20635"},{"taxonomy":"product_cat","embeddable":true,"href":"https:\/\/aivlisoft.net\/shop\/wp-json\/wp\/v2\/product_cat?post=20635"},{"taxonomy":"product_tag","embeddable":true,"href":"https:\/\/aivlisoft.net\/shop\/wp-json\/wp\/v2\/product_tag?post=20635"}],"curies":[{"name":"wp","href":"https:\/\/api.w.org\/{rel}","templated":true}]}}