{"id":20630,"date":"2025-01-13T15:44:59","date_gmt":"2025-01-13T15:44:59","guid":{"rendered":"https:\/\/aivlisoft.com\/?post_type=product&#038;p=20630"},"modified":"2025-01-14T11:51:50","modified_gmt":"2025-01-14T11:51:50","slug":"d-link-dgs-1210-28mp-e-switch-24xgb-poe-4xsfp-com","status":"publish","type":"product","link":"https:\/\/aivlisoft.net\/shop\/producto\/d-link-dgs-1210-28mp-e-switch-24xgb-poe-4xsfp-com\/","title":{"rendered":"D-Link DGS-1210-28MP\/E Switch 24xGb PoE+ 4xSFP Com"},"content":{"rendered":"<p>&nbsp;<\/p>\n<table class=\"tabla_caracteristicas k-table\" width=\"100%\">\n<tr>\n<td valign=\"top\" width=\"35%\"><strong>Marca<\/strong><\/td>\n<td valign=\"top\">D-Link<\/td>\n<\/tr>\n<tr>\n<td valign=\"top\" width=\"35%\"><strong>Modelo<\/strong><\/td>\n<td valign=\"top\"><strong>DGS-1210-28MP\/E<\/strong><\/td>\n<\/tr>\n<tr>\n<td valign=\"top\"><strong>Conexiones<\/strong><\/td>\n<td valign=\"top\">&#8211; 24 x 10\/100\/1000 (PoE+) + 4 x Gigabit SFP<\/td>\n<\/tr>\n<tr>\n<td valign=\"top\" width=\"35%\"><strong>Funciones<\/strong><\/td>\n<td valign=\"top\">&#8211; Tama&ntilde;o de tabla de direcci&oacute;n MAC: 16K de entradas<br \/>\t\t\t&#8211; Admite carcasa Jumbo: 9216 bytes<br \/>\t\t\t&#8211; Protocolo de direccionamiento: IGMPv2,IGMP,IGMPv3,enrutamiento IPv4 est&aacute;tico,enrutamiento IPv6 est&aacute;tico,MLDv2,MLD<br \/>\t\t\t&#8211; Protocolo de gesti&oacute;n remota: SNMP 1,RMON 1,Telnet,SNMP 3,SNMP 2c,HTTP,CLI<br \/>\t\t\t&#8211; Algoritmo de cifrado: MD5,SSL,TLS,SSL 3.0,SSL 2.0,PEAP,TTLS<br \/>\t\t\t&#8211; M&eacute;todo de autentificaci&oacute;n: RADIUS,Secure Shell v.2 (SSH2),base de datos de usuarios internos,Extensible Authentication Protocol (EAP)<\/td>\n<\/tr>\n<tr>\n<td valign=\"top\"><strong>Especificaciones<\/strong><\/td>\n<td valign=\"top\">&#8211; Memoria RAM: 128 MB DDR3 SDRAM<br \/>\t\t\t&#8211; Memoria Flash: 32 MB<br \/>\t\t\t&#8211; Indicadores de estado: Velocidad de transmisi&oacute;n del puerto,alimentaci&oacute;n,PoE,enlace\/actividad,ventilador<br \/>\t\t\t&#8211; Dispositivo de alimentaci&oacute;n: Fuente de alimentaci&oacute;n el&eacute;ctrica<br \/>\t\t\t&#8211; Voltaje necesario: CA 120\/230 V (50\/60 Hz)<br \/>\t\t\t&#8211; Consumo el&eacute;ctrico en funcionamiento: 27.49 vatios<br \/>\t\t\t&#8211; MTBF (tiempo medio entre errores): 294,101 horas<br \/>\t\t\t<strong>Medidas y peso <\/strong><br \/>\t\t\t&#8211; Anchura: 44 cm<br \/>\t\t\t&#8211; Profundidad: 21 cm<br \/>\t\t\t&#8211; Altura: 4.4 cm<br \/>\t\t\t<strong>Alimentaci&oacute;n<\/strong><br \/>\t\t\t&#8211; Alimentaci&oacute;n por Ethernet (PoE): PoE+<br \/>\t\t\t<strong>Rendimiento<\/strong><br \/>\t\t\t&#8211; Capacidad de conmutaci&oacute;n: 56 Gbps<br \/>\t\t\t&#8211; Rendimiento de reenv&iacute;o (tama&ntilde;o de paquete de 64 bytes):41.7 Mpps<br \/>\t\t\t<strong>Capacidad<\/strong><br \/>\t\t\t&#8211; Grupos IGMP:256<br \/>\t\t\t&#8211; Colas de hardware QoS por puerto:8<br \/>\t\t\t&#8211; Normas ACL:256<br \/>\t\t\t&#8211; Entradas ARP:256<br \/>\t\t\t&#8211; Grupos de VLAN:4094<br \/>\t\t\t&#8211; Entradas de tabla de direccionamiento IPv4:32<br \/>\t\t\t&#8211; Entradas de tabla de direccionamiento IPv6:16<br \/>\t\t\t<strong>Normas<\/strong><br \/>\t\t\t&#8211; Cumplimiento de normas: IEEE 802.3,IEEE 802.3u,IEEE 802.1D,IEEE 802.1Q,IEEE 802.3ab,IEEE 802.1p,IEEE 802.3af,IEEE 802.3x,IEEE 802.3ad (LACP),IEEE 802.1w,IEEE 802.1x,IEEE 802.1ab (LLDP),IEEE 802.3at,IEEE 802.3az<\/td>\n<\/tr>\n<tr>\n<td valign=\"top\"><strong>Caracter&iacute;sticas<\/strong><\/td>\n<td valign=\"top\">&#8211; Control de flujo,&nbsp; capacidad duplex,&nbsp; negociaci&oacute;n autom&aacute;tica, soporte BOOTP, soporte VLAN, se&ntilde;al ascendente autom&aacute;tica (MDI\/MDI-X autom&aacute;tico), snooping IGMP, soporte para Syslog, copia de puertos, Cola Round Robin (WRR) ponderada, store and forward, Broadcast Storm Control, soporte IPv6, Multicast Storm Control, Unicast Storm Control, actualizable por firmware, soporte SNTP, admite Spanning Tree Protocol (STP), admite Rapid Spanning Tree Protocol (RSTP), snooping DHCP, soporte de Access Control List (ACL), Quality of Service (QoS), rastreador MLD, Dynamic ARP Inspection (DAI), Safeguard Engine, Cable Diagnostics Function, control de ancho de banda, D-Link Green Technology, Port Security, uni&oacute;n IP-MAC, banda SNMP, cliente DHCP, Strict Priority Queuing (SPQ), funci&oacute;n de filtrado multicapa, Class of Service (CoS), cliente TFTP, ranura de bloqueo de seguridad (el cable se vende por separado), autenticaci&oacute;n 802.1x, Type of Service (ToS), admite DiffServ Code Point (DSCP), b&uacute;fer de paquetes de 1,5 MB<\/td>\n<\/tr>\n<tr>\n<td valign=\"top\"><strong>Fecha de revisi&oacute;n<\/strong><\/td>\n<td valign=\"top\">13-06-2022 por MPM<\/td>\n<\/tr>\n<\/table>\n","protected":false},"excerpt":{"rendered":"<p>&nbsp; Marca D-Link Modelo DGS-1210-28MP\/E Conexiones &#8211; 24 x 10\/100\/1000 (PoE+) + 4 x Gigabit SFP Funciones &#8211; Tama&ntilde;o de tabla de direcci&oacute;n MAC: 16K de entradas &#8211; Admite carcasa Jumbo: 9216 bytes &#8211; Protocolo de direccionamiento: IGMPv2,IGMP,IGMPv3,enrutamiento IPv4 est&aacute;tico,enrutamiento IPv6 est&aacute;tico,MLDv2,MLD &#8211; Protocolo de gesti&oacute;n remota: SNMP 1,RMON 1,Telnet,SNMP 3,SNMP 2c,HTTP,CLI &#8211; Algoritmo de&hellip;&nbsp;<a href=\"https:\/\/aivlisoft.net\/shop\/producto\/d-link-dgs-1210-28mp-e-switch-24xgb-poe-4xsfp-com\/\" rel=\"bookmark\"><span class=\"screen-reader-text\">D-Link DGS-1210-28MP\/E Switch 24xGb PoE+ 4xSFP Com<\/span><\/a><\/p>\n","protected":false},"featured_media":20631,"template":"","meta":{"neve_meta_sidebar":"","neve_meta_container":"","neve_meta_enable_content_width":"","neve_meta_content_width":0,"neve_meta_title_alignment":"","neve_meta_author_avatar":"","neve_post_elements_order":"","neve_meta_disable_header":"","neve_meta_disable_footer":"","neve_meta_disable_title":""},"product_brand":[],"product_cat":[8771],"product_tag":[7351],"class_list":{"0":"post-20630","1":"product","2":"type-product","3":"status-publish","4":"has-post-thumbnail","6":"product_cat-switches-armario","7":"product_tag-dgs-1210-28mp-e","9":"first","10":"instock","11":"taxable","12":"shipping-taxable","13":"purchasable","14":"product-type-simple"},"yoast_head":"<!-- This site is optimized with the Yoast SEO plugin v26.0 - https:\/\/yoast.com\/wordpress\/plugins\/seo\/ -->\n<title>D-Link DGS-1210-28MP\/E Switch 24xGb PoE+ 4xSFP Com - Aivlisoft Inform\u00e1tica<\/title>\n<meta name=\"robots\" content=\"index, follow, max-snippet:-1, max-image-preview:large, max-video-preview:-1\" \/>\n<link rel=\"canonical\" href=\"https:\/\/aivlisoft.net\/shop\/producto\/d-link-dgs-1210-28mp-e-switch-24xgb-poe-4xsfp-com\/\" \/>\n<meta property=\"og:locale\" content=\"es_ES\" \/>\n<meta property=\"og:type\" content=\"article\" \/>\n<meta property=\"og:title\" content=\"D-Link DGS-1210-28MP\/E Switch 24xGb PoE+ 4xSFP Com - Aivlisoft Inform\u00e1tica\" \/>\n<meta property=\"og:description\" content=\"&nbsp; Marca D-Link Modelo DGS-1210-28MP\/E Conexiones &#8211; 24 x 10\/100\/1000 (PoE+) + 4 x Gigabit SFP Funciones &#8211; Tama&ntilde;o de tabla de direcci&oacute;n MAC: 16K de entradas &#8211; Admite carcasa Jumbo: 9216 bytes &#8211; Protocolo de direccionamiento: IGMPv2,IGMP,IGMPv3,enrutamiento IPv4 est&aacute;tico,enrutamiento IPv6 est&aacute;tico,MLDv2,MLD &#8211; Protocolo de gesti&oacute;n remota: SNMP 1,RMON 1,Telnet,SNMP 3,SNMP 2c,HTTP,CLI &#8211; Algoritmo de&hellip;&nbsp;D-Link DGS-1210-28MP\/E Switch 24xGb PoE+ 4xSFP Com\" \/>\n<meta property=\"og:url\" content=\"https:\/\/aivlisoft.net\/shop\/producto\/d-link-dgs-1210-28mp-e-switch-24xgb-poe-4xsfp-com\/\" \/>\n<meta property=\"og:site_name\" content=\"Aivlisoft Inform\u00e1tica\" \/>\n<meta property=\"article:modified_time\" content=\"2025-01-14T11:51:50+00:00\" \/>\n<meta property=\"og:image\" content=\"https:\/\/aivlisoft.net\/shop\/wp-content\/uploads\/2025\/01\/NSWSAR0342_800.jpg\" \/>\n\t<meta property=\"og:image:width\" content=\"800\" \/>\n\t<meta property=\"og:image:height\" content=\"800\" \/>\n\t<meta property=\"og:image:type\" content=\"image\/jpeg\" \/>\n<meta name=\"twitter:card\" content=\"summary_large_image\" \/>\n<meta name=\"twitter:label1\" content=\"Tiempo de lectura\" \/>\n\t<meta name=\"twitter:data1\" content=\"2 minutos\" \/>\n<script type=\"application\/ld+json\" class=\"yoast-schema-graph\">{\"@context\":\"https:\/\/schema.org\",\"@graph\":[{\"@type\":\"WebPage\",\"@id\":\"https:\/\/aivlisoft.net\/shop\/producto\/d-link-dgs-1210-28mp-e-switch-24xgb-poe-4xsfp-com\/\",\"url\":\"https:\/\/aivlisoft.net\/shop\/producto\/d-link-dgs-1210-28mp-e-switch-24xgb-poe-4xsfp-com\/\",\"name\":\"D-Link DGS-1210-28MP\/E Switch 24xGb PoE+ 4xSFP Com - Aivlisoft Inform\u00e1tica\",\"isPartOf\":{\"@id\":\"https:\/\/aivlisoft.net\/shop\/#website\"},\"primaryImageOfPage\":{\"@id\":\"https:\/\/aivlisoft.net\/shop\/producto\/d-link-dgs-1210-28mp-e-switch-24xgb-poe-4xsfp-com\/#primaryimage\"},\"image\":{\"@id\":\"https:\/\/aivlisoft.net\/shop\/producto\/d-link-dgs-1210-28mp-e-switch-24xgb-poe-4xsfp-com\/#primaryimage\"},\"thumbnailUrl\":\"https:\/\/aivlisoft.net\/shop\/wp-content\/uploads\/2025\/01\/NSWSAR0342_800.jpg\",\"datePublished\":\"2025-01-13T15:44:59+00:00\",\"dateModified\":\"2025-01-14T11:51:50+00:00\",\"breadcrumb\":{\"@id\":\"https:\/\/aivlisoft.net\/shop\/producto\/d-link-dgs-1210-28mp-e-switch-24xgb-poe-4xsfp-com\/#breadcrumb\"},\"inLanguage\":\"es\",\"potentialAction\":[{\"@type\":\"ReadAction\",\"target\":[\"https:\/\/aivlisoft.net\/shop\/producto\/d-link-dgs-1210-28mp-e-switch-24xgb-poe-4xsfp-com\/\"]}]},{\"@type\":\"ImageObject\",\"inLanguage\":\"es\",\"@id\":\"https:\/\/aivlisoft.net\/shop\/producto\/d-link-dgs-1210-28mp-e-switch-24xgb-poe-4xsfp-com\/#primaryimage\",\"url\":\"https:\/\/aivlisoft.net\/shop\/wp-content\/uploads\/2025\/01\/NSWSAR0342_800.jpg\",\"contentUrl\":\"https:\/\/aivlisoft.net\/shop\/wp-content\/uploads\/2025\/01\/NSWSAR0342_800.jpg\",\"width\":800,\"height\":800},{\"@type\":\"BreadcrumbList\",\"@id\":\"https:\/\/aivlisoft.net\/shop\/producto\/d-link-dgs-1210-28mp-e-switch-24xgb-poe-4xsfp-com\/#breadcrumb\",\"itemListElement\":[{\"@type\":\"ListItem\",\"position\":1,\"name\":\"Portada\",\"item\":\"https:\/\/aivlisoft.net\/shop\/\"},{\"@type\":\"ListItem\",\"position\":2,\"name\":\"Tienda\",\"item\":\"https:\/\/aivlisoft.net\/shop\/tienda\/\"},{\"@type\":\"ListItem\",\"position\":3,\"name\":\"D-Link DGS-1210-28MP\/E Switch 24xGb PoE+ 4xSFP Com\"}]},{\"@type\":\"WebSite\",\"@id\":\"https:\/\/aivlisoft.net\/shop\/#website\",\"url\":\"https:\/\/aivlisoft.net\/shop\/\",\"name\":\"Aivlisoft Inform\u00e1tica\",\"description\":\"En Aivlisoft Inform\u00e1tica ofrecemos soluciones tecnol\u00f3gicas para empresas: venta de ordenadores, consumibles, perif\u00e9ricos y m\u00e1s. Calidad, atenci\u00f3n personalizada y los mejores precios para tu negocio.\",\"publisher\":{\"@id\":\"https:\/\/aivlisoft.net\/shop\/#organization\"},\"potentialAction\":[{\"@type\":\"SearchAction\",\"target\":{\"@type\":\"EntryPoint\",\"urlTemplate\":\"https:\/\/aivlisoft.net\/shop\/?s={search_term_string}\"},\"query-input\":{\"@type\":\"PropertyValueSpecification\",\"valueRequired\":true,\"valueName\":\"search_term_string\"}}],\"inLanguage\":\"es\"},{\"@type\":\"Organization\",\"@id\":\"https:\/\/aivlisoft.net\/shop\/#organization\",\"name\":\"Aivlisoft Inform\u00e1tica\",\"url\":\"https:\/\/aivlisoft.net\/shop\/\",\"logo\":{\"@type\":\"ImageObject\",\"inLanguage\":\"es\",\"@id\":\"https:\/\/aivlisoft.net\/shop\/#\/schema\/logo\/image\/\",\"url\":\"https:\/\/aivlisoft.net\/shop\/wp-content\/uploads\/2024\/12\/removal.ai_5b848c54-0cdf-4140-95c5-c5536bb7573b-logodef.png\",\"contentUrl\":\"https:\/\/aivlisoft.net\/shop\/wp-content\/uploads\/2024\/12\/removal.ai_5b848c54-0cdf-4140-95c5-c5536bb7573b-logodef.png\",\"width\":484,\"height\":182,\"caption\":\"Aivlisoft Inform\u00e1tica\"},\"image\":{\"@id\":\"https:\/\/aivlisoft.net\/shop\/#\/schema\/logo\/image\/\"}}]}<\/script>\n<!-- \/ Yoast SEO plugin. -->","yoast_head_json":{"title":"D-Link DGS-1210-28MP\/E Switch 24xGb PoE+ 4xSFP Com - Aivlisoft Inform\u00e1tica","robots":{"index":"index","follow":"follow","max-snippet":"max-snippet:-1","max-image-preview":"max-image-preview:large","max-video-preview":"max-video-preview:-1"},"canonical":"https:\/\/aivlisoft.net\/shop\/producto\/d-link-dgs-1210-28mp-e-switch-24xgb-poe-4xsfp-com\/","og_locale":"es_ES","og_type":"article","og_title":"D-Link DGS-1210-28MP\/E Switch 24xGb PoE+ 4xSFP Com - Aivlisoft Inform\u00e1tica","og_description":"&nbsp; Marca D-Link Modelo DGS-1210-28MP\/E Conexiones &#8211; 24 x 10\/100\/1000 (PoE+) + 4 x Gigabit SFP Funciones &#8211; Tama&ntilde;o de tabla de direcci&oacute;n MAC: 16K de entradas &#8211; Admite carcasa Jumbo: 9216 bytes &#8211; Protocolo de direccionamiento: IGMPv2,IGMP,IGMPv3,enrutamiento IPv4 est&aacute;tico,enrutamiento IPv6 est&aacute;tico,MLDv2,MLD &#8211; Protocolo de gesti&oacute;n remota: SNMP 1,RMON 1,Telnet,SNMP 3,SNMP 2c,HTTP,CLI &#8211; Algoritmo de&hellip;&nbsp;D-Link DGS-1210-28MP\/E Switch 24xGb PoE+ 4xSFP Com","og_url":"https:\/\/aivlisoft.net\/shop\/producto\/d-link-dgs-1210-28mp-e-switch-24xgb-poe-4xsfp-com\/","og_site_name":"Aivlisoft Inform\u00e1tica","article_modified_time":"2025-01-14T11:51:50+00:00","og_image":[{"width":800,"height":800,"url":"https:\/\/aivlisoft.net\/shop\/wp-content\/uploads\/2025\/01\/NSWSAR0342_800.jpg","type":"image\/jpeg"}],"twitter_card":"summary_large_image","twitter_misc":{"Tiempo de lectura":"2 minutos"},"schema":{"@context":"https:\/\/schema.org","@graph":[{"@type":"WebPage","@id":"https:\/\/aivlisoft.net\/shop\/producto\/d-link-dgs-1210-28mp-e-switch-24xgb-poe-4xsfp-com\/","url":"https:\/\/aivlisoft.net\/shop\/producto\/d-link-dgs-1210-28mp-e-switch-24xgb-poe-4xsfp-com\/","name":"D-Link DGS-1210-28MP\/E Switch 24xGb PoE+ 4xSFP Com - Aivlisoft Inform\u00e1tica","isPartOf":{"@id":"https:\/\/aivlisoft.net\/shop\/#website"},"primaryImageOfPage":{"@id":"https:\/\/aivlisoft.net\/shop\/producto\/d-link-dgs-1210-28mp-e-switch-24xgb-poe-4xsfp-com\/#primaryimage"},"image":{"@id":"https:\/\/aivlisoft.net\/shop\/producto\/d-link-dgs-1210-28mp-e-switch-24xgb-poe-4xsfp-com\/#primaryimage"},"thumbnailUrl":"https:\/\/aivlisoft.net\/shop\/wp-content\/uploads\/2025\/01\/NSWSAR0342_800.jpg","datePublished":"2025-01-13T15:44:59+00:00","dateModified":"2025-01-14T11:51:50+00:00","breadcrumb":{"@id":"https:\/\/aivlisoft.net\/shop\/producto\/d-link-dgs-1210-28mp-e-switch-24xgb-poe-4xsfp-com\/#breadcrumb"},"inLanguage":"es","potentialAction":[{"@type":"ReadAction","target":["https:\/\/aivlisoft.net\/shop\/producto\/d-link-dgs-1210-28mp-e-switch-24xgb-poe-4xsfp-com\/"]}]},{"@type":"ImageObject","inLanguage":"es","@id":"https:\/\/aivlisoft.net\/shop\/producto\/d-link-dgs-1210-28mp-e-switch-24xgb-poe-4xsfp-com\/#primaryimage","url":"https:\/\/aivlisoft.net\/shop\/wp-content\/uploads\/2025\/01\/NSWSAR0342_800.jpg","contentUrl":"https:\/\/aivlisoft.net\/shop\/wp-content\/uploads\/2025\/01\/NSWSAR0342_800.jpg","width":800,"height":800},{"@type":"BreadcrumbList","@id":"https:\/\/aivlisoft.net\/shop\/producto\/d-link-dgs-1210-28mp-e-switch-24xgb-poe-4xsfp-com\/#breadcrumb","itemListElement":[{"@type":"ListItem","position":1,"name":"Portada","item":"https:\/\/aivlisoft.net\/shop\/"},{"@type":"ListItem","position":2,"name":"Tienda","item":"https:\/\/aivlisoft.net\/shop\/tienda\/"},{"@type":"ListItem","position":3,"name":"D-Link DGS-1210-28MP\/E Switch 24xGb PoE+ 4xSFP Com"}]},{"@type":"WebSite","@id":"https:\/\/aivlisoft.net\/shop\/#website","url":"https:\/\/aivlisoft.net\/shop\/","name":"Aivlisoft Inform\u00e1tica","description":"En Aivlisoft Inform\u00e1tica ofrecemos soluciones tecnol\u00f3gicas para empresas: venta de ordenadores, consumibles, perif\u00e9ricos y m\u00e1s. Calidad, atenci\u00f3n personalizada y los mejores precios para tu negocio.","publisher":{"@id":"https:\/\/aivlisoft.net\/shop\/#organization"},"potentialAction":[{"@type":"SearchAction","target":{"@type":"EntryPoint","urlTemplate":"https:\/\/aivlisoft.net\/shop\/?s={search_term_string}"},"query-input":{"@type":"PropertyValueSpecification","valueRequired":true,"valueName":"search_term_string"}}],"inLanguage":"es"},{"@type":"Organization","@id":"https:\/\/aivlisoft.net\/shop\/#organization","name":"Aivlisoft Inform\u00e1tica","url":"https:\/\/aivlisoft.net\/shop\/","logo":{"@type":"ImageObject","inLanguage":"es","@id":"https:\/\/aivlisoft.net\/shop\/#\/schema\/logo\/image\/","url":"https:\/\/aivlisoft.net\/shop\/wp-content\/uploads\/2024\/12\/removal.ai_5b848c54-0cdf-4140-95c5-c5536bb7573b-logodef.png","contentUrl":"https:\/\/aivlisoft.net\/shop\/wp-content\/uploads\/2024\/12\/removal.ai_5b848c54-0cdf-4140-95c5-c5536bb7573b-logodef.png","width":484,"height":182,"caption":"Aivlisoft Inform\u00e1tica"},"image":{"@id":"https:\/\/aivlisoft.net\/shop\/#\/schema\/logo\/image\/"}}]}},"_links":{"self":[{"href":"https:\/\/aivlisoft.net\/shop\/wp-json\/wp\/v2\/product\/20630","targetHints":{"allow":["GET"]}}],"collection":[{"href":"https:\/\/aivlisoft.net\/shop\/wp-json\/wp\/v2\/product"}],"about":[{"href":"https:\/\/aivlisoft.net\/shop\/wp-json\/wp\/v2\/types\/product"}],"wp:featuredmedia":[{"embeddable":true,"href":"https:\/\/aivlisoft.net\/shop\/wp-json\/wp\/v2\/media\/20631"}],"wp:attachment":[{"href":"https:\/\/aivlisoft.net\/shop\/wp-json\/wp\/v2\/media?parent=20630"}],"wp:term":[{"taxonomy":"product_brand","embeddable":true,"href":"https:\/\/aivlisoft.net\/shop\/wp-json\/wp\/v2\/product_brand?post=20630"},{"taxonomy":"product_cat","embeddable":true,"href":"https:\/\/aivlisoft.net\/shop\/wp-json\/wp\/v2\/product_cat?post=20630"},{"taxonomy":"product_tag","embeddable":true,"href":"https:\/\/aivlisoft.net\/shop\/wp-json\/wp\/v2\/product_tag?post=20630"}],"curies":[{"name":"wp","href":"https:\/\/api.w.org\/{rel}","templated":true}]}}