{"id":20628,"date":"2025-01-13T15:44:51","date_gmt":"2025-01-13T15:44:51","guid":{"rendered":"https:\/\/aivlisoft.com\/?post_type=product&#038;p=20628"},"modified":"2025-01-14T11:51:46","modified_gmt":"2025-01-14T11:51:46","slug":"d-link-dgs-1210-28p-e-switch-24xgb-poe-4xsfp-combo","status":"publish","type":"product","link":"https:\/\/aivlisoft.net\/shop\/producto\/d-link-dgs-1210-28p-e-switch-24xgb-poe-4xsfp-combo\/","title":{"rendered":"D-Link DGS-1210-28P\/E Switch 24xGb PoE 4xSFP Combo"},"content":{"rendered":"<p>&nbsp;<\/p>\n<table class=\"tabla_caracteristicas k-table\" width=\"100%\">\n<tr>\n<td valign=\"top\" width=\"35%\"><strong>Marca<\/strong><\/td>\n<td valign=\"top\">D-Link<\/td>\n<\/tr>\n<tr>\n<td valign=\"top\" width=\"35%\"><strong>Modelo<\/strong><\/td>\n<td valign=\"top\"><strong>DGS-1210-28P\/E<\/strong><\/td>\n<\/tr>\n<tr>\n<td valign=\"top\"><strong>Conexiones<\/strong><\/td>\n<td valign=\"top\"><strong>24 x 10\/100\/1000 PoE + 4 x SFP<\/strong><\/td>\n<\/tr>\n<tr>\n<td valign=\"top\" width=\"35%\"><strong>Funciones<\/strong><\/td>\n<td valign=\"top\">\n<div><strong>Funciones L2<\/strong><br \/>\t\t\tMAC Address Table: 8K<br \/>\t\t\tFlow Control<br \/>\t\t\tJumbo Frame up to 13,000 Bytes<br \/>\t\t\tIGMP Snooping<br \/>\t\t\tMLD Snooping<br \/>\t\t\tSpanning Tree Protocol<br \/>\t\t\tLoopback Detection<br \/>\t\t\t802.3ad Link Aggregation<br \/>\t\t\tPort Mirroring<br \/>\t\t\tMulticast Filtering<br \/>\t\t\t<strong>VLAN<\/strong><br \/>\t\t\t802.1Q Tagged VLAN<br \/>\t\t\tVLAN Group<br \/>\t\t\tManagement VLAN<br \/>\t\t\tAsymmetric VLAN<br \/>\t\t\tAuto Voice VLAN<br \/>\t\t\t<strong>Quality of Service (QoS)<\/strong><br \/>\t\t\t802.1p Quality of Service<br \/>\t\t\tQueue Handling<br \/>\t\t\t4 queues per port<br \/>\t\t\tBandwidth Control<\/div>\n<div><strong>Access Control List (ACL)<\/strong><br \/>\t\t\tMax. 50 profiles<br \/>\t\t\tMax. 200 rules shared by profiles<br \/>\t\t\tSingle or multiple ports (each rule)<\/div>\n<div><strong>Seguridad<\/strong><br \/>\t\t\tBroadcast\/Multicast\/Unicast Storm Control<br \/>\t\t\tStatic MAC<br \/>\t\t\tD-Link Safeguard Engine<br \/>\t\t\tDHCP Server Screening<br \/>\t\t\tTrusted Host<br \/>\t\t\tARP Spoofing Prevention<br \/>\t\t\tSSL 2<br \/>\t\t\tSmart Binding<\/div>\n<\/td>\n<\/tr>\n<tr>\n<td valign=\"top\"><strong>PoE<\/strong><\/td>\n<td valign=\"top\">\n<div>&#8211; Puerto 1~4: m&aacute;ximo power es de 30W y 15.4W por defecto<br \/>\t\t\t&#8211; Puerto 5~24 m&aacute;ximo power es de 15.4W y por defecto es 15.4W<\/div>\n<\/td>\n<\/tr>\n<tr>\n<td valign=\"top\"><strong>Otras caracter&iacute;sticas<\/strong><\/td>\n<td valign=\"top\">\n<div>&#8211; Capacidad de flujo: 12.8 Gbps<br \/>\t\t\t&#8211; Modo de reenv&iacute;o: Store and Forward<br \/>\t\t\t&#8211; Web-based GUI compatible con los siguientes navegadores: IE6\/7 or later version, Netscape 8 or later version Mozilla<br \/>\t\t\t&#8211; Firefox 1.5\/2.0 or later version<br \/>\t\t\t<strong>Consumo<\/strong><br \/>\t\t\t&#8211; M&aacute;ximo: 254&nbsp; Watts (PoE on),&nbsp; 26.4 Watts (PoE off)<br \/>\t\t\t&#8211; Standby : 17.6 W\/110V, 15.1 W\/240V<br \/>\t\t\t<strong>Fuente de Alimentaci&oacute;n<\/strong><br \/>\t\t\t&#8211; Internal universal power supply<br \/>\t\t\t&#8211; AC Input: 2.215A@115V, 1.293A@230V<br \/>\t\t\t&#8211; Dimensiones: 440 x 250 x 44 mm<br \/>\t\t\t&#8211; Peso: 3.69 kg<br \/>\t\t\t&#8211; N&uacute;mero de ventiladores: 3<br \/>\t\t\t&#8211; Disipaci&oacute;n de calor: 866.65 BTU\/hr<br \/>\t\t\t&#8211; Ruido:53.9 dB (A)<\/div>\n<\/td>\n<\/tr>\n<tr>\n<td valign=\"top\"><strong>Fecha Revisi&oacute;n<\/strong><\/td>\n<td valign=\"top\">13-06-2022 por MPM<\/td>\n<\/tr>\n<\/table>\n","protected":false},"excerpt":{"rendered":"<p>&nbsp; Marca D-Link Modelo DGS-1210-28P\/E Conexiones 24 x 10\/100\/1000 PoE + 4 x SFP Funciones Funciones L2 MAC Address Table: 8K Flow Control Jumbo Frame up to 13,000 Bytes IGMP Snooping MLD Snooping Spanning Tree Protocol Loopback Detection 802.3ad Link Aggregation Port Mirroring Multicast Filtering VLAN 802.1Q Tagged VLAN VLAN Group Management VLAN Asymmetric VLAN&hellip;&nbsp;<a href=\"https:\/\/aivlisoft.net\/shop\/producto\/d-link-dgs-1210-28p-e-switch-24xgb-poe-4xsfp-combo\/\" rel=\"bookmark\"><span class=\"screen-reader-text\">D-Link DGS-1210-28P\/E Switch 24xGb PoE 4xSFP Combo<\/span><\/a><\/p>\n","protected":false},"featured_media":20629,"template":"","meta":{"neve_meta_sidebar":"","neve_meta_container":"","neve_meta_enable_content_width":"","neve_meta_content_width":0,"neve_meta_title_alignment":"","neve_meta_author_avatar":"","neve_post_elements_order":"","neve_meta_disable_header":"","neve_meta_disable_footer":"","neve_meta_disable_title":""},"product_brand":[],"product_cat":[8771],"product_tag":[7350],"class_list":{"0":"post-20628","1":"product","2":"type-product","3":"status-publish","4":"has-post-thumbnail","6":"product_cat-switches-armario","7":"product_tag-dgs-1210-28p-e","9":"first","10":"instock","11":"taxable","12":"shipping-taxable","13":"purchasable","14":"product-type-simple"},"yoast_head":"<!-- This site is optimized with the Yoast SEO plugin v26.0 - https:\/\/yoast.com\/wordpress\/plugins\/seo\/ -->\n<title>D-Link DGS-1210-28P\/E Switch 24xGb PoE 4xSFP Combo - Aivlisoft Inform\u00e1tica<\/title>\n<meta name=\"robots\" content=\"index, follow, max-snippet:-1, max-image-preview:large, max-video-preview:-1\" \/>\n<link rel=\"canonical\" href=\"https:\/\/aivlisoft.net\/shop\/producto\/d-link-dgs-1210-28p-e-switch-24xgb-poe-4xsfp-combo\/\" \/>\n<meta property=\"og:locale\" content=\"es_ES\" \/>\n<meta property=\"og:type\" content=\"article\" \/>\n<meta property=\"og:title\" content=\"D-Link DGS-1210-28P\/E Switch 24xGb PoE 4xSFP Combo - Aivlisoft Inform\u00e1tica\" \/>\n<meta property=\"og:description\" content=\"&nbsp; Marca D-Link Modelo DGS-1210-28P\/E Conexiones 24 x 10\/100\/1000 PoE + 4 x SFP Funciones Funciones L2 MAC Address Table: 8K Flow Control Jumbo Frame up to 13,000 Bytes IGMP Snooping MLD Snooping Spanning Tree Protocol Loopback Detection 802.3ad Link Aggregation Port Mirroring Multicast Filtering VLAN 802.1Q Tagged VLAN VLAN Group Management VLAN Asymmetric VLAN&hellip;&nbsp;D-Link DGS-1210-28P\/E Switch 24xGb PoE 4xSFP Combo\" \/>\n<meta property=\"og:url\" content=\"https:\/\/aivlisoft.net\/shop\/producto\/d-link-dgs-1210-28p-e-switch-24xgb-poe-4xsfp-combo\/\" \/>\n<meta property=\"og:site_name\" content=\"Aivlisoft Inform\u00e1tica\" \/>\n<meta property=\"article:modified_time\" content=\"2025-01-14T11:51:46+00:00\" \/>\n<meta property=\"og:image\" content=\"https:\/\/aivlisoft.net\/shop\/wp-content\/uploads\/2025\/01\/NSWSAR0341_800.jpg\" \/>\n\t<meta property=\"og:image:width\" content=\"800\" \/>\n\t<meta property=\"og:image:height\" content=\"800\" \/>\n\t<meta property=\"og:image:type\" content=\"image\/jpeg\" \/>\n<meta name=\"twitter:card\" content=\"summary_large_image\" \/>\n<meta name=\"twitter:label1\" content=\"Tiempo de lectura\" \/>\n\t<meta name=\"twitter:data1\" content=\"1 minuto\" \/>\n<script type=\"application\/ld+json\" class=\"yoast-schema-graph\">{\"@context\":\"https:\/\/schema.org\",\"@graph\":[{\"@type\":\"WebPage\",\"@id\":\"https:\/\/aivlisoft.net\/shop\/producto\/d-link-dgs-1210-28p-e-switch-24xgb-poe-4xsfp-combo\/\",\"url\":\"https:\/\/aivlisoft.net\/shop\/producto\/d-link-dgs-1210-28p-e-switch-24xgb-poe-4xsfp-combo\/\",\"name\":\"D-Link DGS-1210-28P\/E Switch 24xGb PoE 4xSFP Combo - Aivlisoft Inform\u00e1tica\",\"isPartOf\":{\"@id\":\"https:\/\/aivlisoft.net\/shop\/#website\"},\"primaryImageOfPage\":{\"@id\":\"https:\/\/aivlisoft.net\/shop\/producto\/d-link-dgs-1210-28p-e-switch-24xgb-poe-4xsfp-combo\/#primaryimage\"},\"image\":{\"@id\":\"https:\/\/aivlisoft.net\/shop\/producto\/d-link-dgs-1210-28p-e-switch-24xgb-poe-4xsfp-combo\/#primaryimage\"},\"thumbnailUrl\":\"https:\/\/aivlisoft.net\/shop\/wp-content\/uploads\/2025\/01\/NSWSAR0341_800.jpg\",\"datePublished\":\"2025-01-13T15:44:51+00:00\",\"dateModified\":\"2025-01-14T11:51:46+00:00\",\"breadcrumb\":{\"@id\":\"https:\/\/aivlisoft.net\/shop\/producto\/d-link-dgs-1210-28p-e-switch-24xgb-poe-4xsfp-combo\/#breadcrumb\"},\"inLanguage\":\"es\",\"potentialAction\":[{\"@type\":\"ReadAction\",\"target\":[\"https:\/\/aivlisoft.net\/shop\/producto\/d-link-dgs-1210-28p-e-switch-24xgb-poe-4xsfp-combo\/\"]}]},{\"@type\":\"ImageObject\",\"inLanguage\":\"es\",\"@id\":\"https:\/\/aivlisoft.net\/shop\/producto\/d-link-dgs-1210-28p-e-switch-24xgb-poe-4xsfp-combo\/#primaryimage\",\"url\":\"https:\/\/aivlisoft.net\/shop\/wp-content\/uploads\/2025\/01\/NSWSAR0341_800.jpg\",\"contentUrl\":\"https:\/\/aivlisoft.net\/shop\/wp-content\/uploads\/2025\/01\/NSWSAR0341_800.jpg\",\"width\":800,\"height\":800},{\"@type\":\"BreadcrumbList\",\"@id\":\"https:\/\/aivlisoft.net\/shop\/producto\/d-link-dgs-1210-28p-e-switch-24xgb-poe-4xsfp-combo\/#breadcrumb\",\"itemListElement\":[{\"@type\":\"ListItem\",\"position\":1,\"name\":\"Portada\",\"item\":\"https:\/\/aivlisoft.net\/shop\/\"},{\"@type\":\"ListItem\",\"position\":2,\"name\":\"Tienda\",\"item\":\"https:\/\/aivlisoft.net\/shop\/tienda\/\"},{\"@type\":\"ListItem\",\"position\":3,\"name\":\"D-Link DGS-1210-28P\/E Switch 24xGb PoE 4xSFP Combo\"}]},{\"@type\":\"WebSite\",\"@id\":\"https:\/\/aivlisoft.net\/shop\/#website\",\"url\":\"https:\/\/aivlisoft.net\/shop\/\",\"name\":\"Aivlisoft Inform\u00e1tica\",\"description\":\"En Aivlisoft Inform\u00e1tica ofrecemos soluciones tecnol\u00f3gicas para empresas: venta de ordenadores, consumibles, perif\u00e9ricos y m\u00e1s. Calidad, atenci\u00f3n personalizada y los mejores precios para tu negocio.\",\"publisher\":{\"@id\":\"https:\/\/aivlisoft.net\/shop\/#organization\"},\"potentialAction\":[{\"@type\":\"SearchAction\",\"target\":{\"@type\":\"EntryPoint\",\"urlTemplate\":\"https:\/\/aivlisoft.net\/shop\/?s={search_term_string}\"},\"query-input\":{\"@type\":\"PropertyValueSpecification\",\"valueRequired\":true,\"valueName\":\"search_term_string\"}}],\"inLanguage\":\"es\"},{\"@type\":\"Organization\",\"@id\":\"https:\/\/aivlisoft.net\/shop\/#organization\",\"name\":\"Aivlisoft Inform\u00e1tica\",\"url\":\"https:\/\/aivlisoft.net\/shop\/\",\"logo\":{\"@type\":\"ImageObject\",\"inLanguage\":\"es\",\"@id\":\"https:\/\/aivlisoft.net\/shop\/#\/schema\/logo\/image\/\",\"url\":\"https:\/\/aivlisoft.net\/shop\/wp-content\/uploads\/2024\/12\/removal.ai_5b848c54-0cdf-4140-95c5-c5536bb7573b-logodef.png\",\"contentUrl\":\"https:\/\/aivlisoft.net\/shop\/wp-content\/uploads\/2024\/12\/removal.ai_5b848c54-0cdf-4140-95c5-c5536bb7573b-logodef.png\",\"width\":484,\"height\":182,\"caption\":\"Aivlisoft Inform\u00e1tica\"},\"image\":{\"@id\":\"https:\/\/aivlisoft.net\/shop\/#\/schema\/logo\/image\/\"}}]}<\/script>\n<!-- \/ Yoast SEO plugin. -->","yoast_head_json":{"title":"D-Link DGS-1210-28P\/E Switch 24xGb PoE 4xSFP Combo - Aivlisoft Inform\u00e1tica","robots":{"index":"index","follow":"follow","max-snippet":"max-snippet:-1","max-image-preview":"max-image-preview:large","max-video-preview":"max-video-preview:-1"},"canonical":"https:\/\/aivlisoft.net\/shop\/producto\/d-link-dgs-1210-28p-e-switch-24xgb-poe-4xsfp-combo\/","og_locale":"es_ES","og_type":"article","og_title":"D-Link DGS-1210-28P\/E Switch 24xGb PoE 4xSFP Combo - Aivlisoft Inform\u00e1tica","og_description":"&nbsp; Marca D-Link Modelo DGS-1210-28P\/E Conexiones 24 x 10\/100\/1000 PoE + 4 x SFP Funciones Funciones L2 MAC Address Table: 8K Flow Control Jumbo Frame up to 13,000 Bytes IGMP Snooping MLD Snooping Spanning Tree Protocol Loopback Detection 802.3ad Link Aggregation Port Mirroring Multicast Filtering VLAN 802.1Q Tagged VLAN VLAN Group Management VLAN Asymmetric VLAN&hellip;&nbsp;D-Link DGS-1210-28P\/E Switch 24xGb PoE 4xSFP Combo","og_url":"https:\/\/aivlisoft.net\/shop\/producto\/d-link-dgs-1210-28p-e-switch-24xgb-poe-4xsfp-combo\/","og_site_name":"Aivlisoft Inform\u00e1tica","article_modified_time":"2025-01-14T11:51:46+00:00","og_image":[{"width":800,"height":800,"url":"https:\/\/aivlisoft.net\/shop\/wp-content\/uploads\/2025\/01\/NSWSAR0341_800.jpg","type":"image\/jpeg"}],"twitter_card":"summary_large_image","twitter_misc":{"Tiempo de lectura":"1 minuto"},"schema":{"@context":"https:\/\/schema.org","@graph":[{"@type":"WebPage","@id":"https:\/\/aivlisoft.net\/shop\/producto\/d-link-dgs-1210-28p-e-switch-24xgb-poe-4xsfp-combo\/","url":"https:\/\/aivlisoft.net\/shop\/producto\/d-link-dgs-1210-28p-e-switch-24xgb-poe-4xsfp-combo\/","name":"D-Link DGS-1210-28P\/E Switch 24xGb PoE 4xSFP Combo - Aivlisoft Inform\u00e1tica","isPartOf":{"@id":"https:\/\/aivlisoft.net\/shop\/#website"},"primaryImageOfPage":{"@id":"https:\/\/aivlisoft.net\/shop\/producto\/d-link-dgs-1210-28p-e-switch-24xgb-poe-4xsfp-combo\/#primaryimage"},"image":{"@id":"https:\/\/aivlisoft.net\/shop\/producto\/d-link-dgs-1210-28p-e-switch-24xgb-poe-4xsfp-combo\/#primaryimage"},"thumbnailUrl":"https:\/\/aivlisoft.net\/shop\/wp-content\/uploads\/2025\/01\/NSWSAR0341_800.jpg","datePublished":"2025-01-13T15:44:51+00:00","dateModified":"2025-01-14T11:51:46+00:00","breadcrumb":{"@id":"https:\/\/aivlisoft.net\/shop\/producto\/d-link-dgs-1210-28p-e-switch-24xgb-poe-4xsfp-combo\/#breadcrumb"},"inLanguage":"es","potentialAction":[{"@type":"ReadAction","target":["https:\/\/aivlisoft.net\/shop\/producto\/d-link-dgs-1210-28p-e-switch-24xgb-poe-4xsfp-combo\/"]}]},{"@type":"ImageObject","inLanguage":"es","@id":"https:\/\/aivlisoft.net\/shop\/producto\/d-link-dgs-1210-28p-e-switch-24xgb-poe-4xsfp-combo\/#primaryimage","url":"https:\/\/aivlisoft.net\/shop\/wp-content\/uploads\/2025\/01\/NSWSAR0341_800.jpg","contentUrl":"https:\/\/aivlisoft.net\/shop\/wp-content\/uploads\/2025\/01\/NSWSAR0341_800.jpg","width":800,"height":800},{"@type":"BreadcrumbList","@id":"https:\/\/aivlisoft.net\/shop\/producto\/d-link-dgs-1210-28p-e-switch-24xgb-poe-4xsfp-combo\/#breadcrumb","itemListElement":[{"@type":"ListItem","position":1,"name":"Portada","item":"https:\/\/aivlisoft.net\/shop\/"},{"@type":"ListItem","position":2,"name":"Tienda","item":"https:\/\/aivlisoft.net\/shop\/tienda\/"},{"@type":"ListItem","position":3,"name":"D-Link DGS-1210-28P\/E Switch 24xGb PoE 4xSFP Combo"}]},{"@type":"WebSite","@id":"https:\/\/aivlisoft.net\/shop\/#website","url":"https:\/\/aivlisoft.net\/shop\/","name":"Aivlisoft Inform\u00e1tica","description":"En Aivlisoft Inform\u00e1tica ofrecemos soluciones tecnol\u00f3gicas para empresas: venta de ordenadores, consumibles, perif\u00e9ricos y m\u00e1s. Calidad, atenci\u00f3n personalizada y los mejores precios para tu negocio.","publisher":{"@id":"https:\/\/aivlisoft.net\/shop\/#organization"},"potentialAction":[{"@type":"SearchAction","target":{"@type":"EntryPoint","urlTemplate":"https:\/\/aivlisoft.net\/shop\/?s={search_term_string}"},"query-input":{"@type":"PropertyValueSpecification","valueRequired":true,"valueName":"search_term_string"}}],"inLanguage":"es"},{"@type":"Organization","@id":"https:\/\/aivlisoft.net\/shop\/#organization","name":"Aivlisoft Inform\u00e1tica","url":"https:\/\/aivlisoft.net\/shop\/","logo":{"@type":"ImageObject","inLanguage":"es","@id":"https:\/\/aivlisoft.net\/shop\/#\/schema\/logo\/image\/","url":"https:\/\/aivlisoft.net\/shop\/wp-content\/uploads\/2024\/12\/removal.ai_5b848c54-0cdf-4140-95c5-c5536bb7573b-logodef.png","contentUrl":"https:\/\/aivlisoft.net\/shop\/wp-content\/uploads\/2024\/12\/removal.ai_5b848c54-0cdf-4140-95c5-c5536bb7573b-logodef.png","width":484,"height":182,"caption":"Aivlisoft Inform\u00e1tica"},"image":{"@id":"https:\/\/aivlisoft.net\/shop\/#\/schema\/logo\/image\/"}}]}},"_links":{"self":[{"href":"https:\/\/aivlisoft.net\/shop\/wp-json\/wp\/v2\/product\/20628","targetHints":{"allow":["GET"]}}],"collection":[{"href":"https:\/\/aivlisoft.net\/shop\/wp-json\/wp\/v2\/product"}],"about":[{"href":"https:\/\/aivlisoft.net\/shop\/wp-json\/wp\/v2\/types\/product"}],"wp:featuredmedia":[{"embeddable":true,"href":"https:\/\/aivlisoft.net\/shop\/wp-json\/wp\/v2\/media\/20629"}],"wp:attachment":[{"href":"https:\/\/aivlisoft.net\/shop\/wp-json\/wp\/v2\/media?parent=20628"}],"wp:term":[{"taxonomy":"product_brand","embeddable":true,"href":"https:\/\/aivlisoft.net\/shop\/wp-json\/wp\/v2\/product_brand?post=20628"},{"taxonomy":"product_cat","embeddable":true,"href":"https:\/\/aivlisoft.net\/shop\/wp-json\/wp\/v2\/product_cat?post=20628"},{"taxonomy":"product_tag","embeddable":true,"href":"https:\/\/aivlisoft.net\/shop\/wp-json\/wp\/v2\/product_tag?post=20628"}],"curies":[{"name":"wp","href":"https:\/\/api.w.org\/{rel}","templated":true}]}}