{"id":20625,"date":"2025-01-13T15:44:49","date_gmt":"2025-01-13T15:44:49","guid":{"rendered":"https:\/\/aivlisoft.com\/?post_type=product&#038;p=20625"},"modified":"2025-01-14T11:51:46","modified_gmt":"2025-01-14T11:51:46","slug":"d-link-dgs-1210-10mp-e-switch-10gb-poe-2xsfp-130w","status":"publish","type":"product","link":"https:\/\/aivlisoft.net\/shop\/producto\/d-link-dgs-1210-10mp-e-switch-10gb-poe-2xsfp-130w\/","title":{"rendered":"D-Link DGS-1210-10MP\/E Switch 10Gb PoE+ 2xSFP 130W"},"content":{"rendered":"<p>&nbsp;<\/p>\n<table class=\"tabla_caracteristicas k-table\" width=\"100%\">\n<tr>\n<td><strong>Marca<\/strong><\/td>\n<td>D-Link<\/td>\n<\/tr>\n<tr>\n<td><strong>Modelo<\/strong><\/td>\n<td><strong>DGS-1210-10MP\/E<\/strong><\/td>\n<\/tr>\n<tr>\n<td valign=\"top\"><strong>Caracter&iacute;sticas Hardware<\/strong><\/td>\n<td><strong>General<\/strong><br \/>\t\t\t&#8211; Versi&oacute;n de hardware: F1<br \/>\t\t\t&#8211; Interfaces:<br \/>\t\t\t&nbsp; 8 x 10\/100\/1000BASE-T PoE<br \/>\t\t\t&nbsp; 2 x 100\/1000 Mbps SFP<br \/>\t\t\t&#8211; Est&aacute;ndares de los puertos:<br \/>\t\t\t&nbsp; IEEE 802.3 10BASE-T Ethernet (twisted-pair copper)<br \/>\t\t\t&nbsp; IEEE 802.3u 100BASE-TX Fast Ethernet (twisted-pair copper)<br \/>\t\t\t&nbsp; IEEE 802.3u 100BASE-FX 100 Mbps over fiber optic<br \/>\t\t\t&nbsp; IEEE 802.3ab 1000BASE-T Gigabit Ethernet (twisted- pair copper)<br \/>\t\t\t&nbsp; IEEE 802.3z 1000BASE-X 1 Gbps over fiber optic<br \/>\t\t\t&nbsp; IEEE 802.3az Energy Efficient Ethernet (EEE)<br \/>\t\t\t&nbsp; IEEE 802.3x Flow Control<br \/>\t\t\t&nbsp; IEEE 802.3af\/at compliance (for PoE ports)<br \/>\t\t\t&#8211; Network Cables: UTP Cat. 5, Cat. 5e (100 m max.)<br \/>\t\t\t&#8211; Duplex Mode<br \/>\t\t\t&nbsp; Full\/Half-duplex for 10\/100 Mbps<br \/>\t\t\t&nbsp; Full-duplex for 1000 Mbps<br \/>\t\t\t&#8211; Media Interface Exchange: Auto MDI\/MDIX adjustment for all twisted-pair ports<br \/>\t\t\t<strong>Rendimiento<\/strong><br \/>\t\t\t&#8211; Capacidad de conmutaci&oacute;n: 20 Gbps<br \/>\t\t\t&#8211; M&eacute;todo de transmisi&oacute;n: Guardar y enviar<br \/>\t\t\t&#8211; Velocidad m&aacute;xima de reenv&iacute;o: 14.88 Mpps<br \/>\t\t\t&#8211; Tama&ntilde;o de la tabla de direcciones MAC: 8K entradas<br \/>\t\t\t&#8211; Direcciones MAC est&aacute;ticas: 256 entradas<br \/>\t\t\t&#8211; B&uacute;fer de paquetes: 4.1 Mbits<br \/>\t\t\t&#8211; Memoria de la CPU: 128MB DDR3<br \/>\t\t\t&#8211; Memoria Flash: 32MB<br \/>\t\t\t<strong>PoE<\/strong><br \/>\t\t\t&#8211; Puertos compatibles PoE: 1 al 8<br \/>\t\t\t&#8211; PoE Power Budget: 130 W<br \/>\t\t\t<strong>Alimentaci&oacute;n<\/strong><br \/>\t\t\t&#8211; Entrada de energ&iacute;a: 100 a 240 V CA<br \/>\t\t\t&#8211; Consumo:<br \/>\t\t\t&nbsp; PoE activado: 148.7 W<br \/>\t\t\t&nbsp; PoE desactivado: 9.4 W<br \/>\t\t\t&#8211; Consumo en espera: 5.2 W<br \/>\t\t\t<strong>F&iacute;sicas<\/strong><br \/>\t\t\t&#8211; MTBF: 1,274,005 horas<br \/>\t\t\t&#8211; Disipaci&oacute;n de calor: 507.23 BTU\/hr<br \/>\t\t\t&#8211; Peso: 1.77kg<br \/>\t\t\t&#8211; Dimensiones: 330 x 180 x 44 mm<\/td>\n<\/tr>\n<tr>\n<td><strong>Fecha Revisi&oacute;n<\/strong><\/td>\n<td>13-06-2022 por MPM<\/td>\n<\/tr>\n<\/table>\n","protected":false},"excerpt":{"rendered":"<p>&nbsp; Marca D-Link Modelo DGS-1210-10MP\/E Caracter&iacute;sticas Hardware General &#8211; Versi&oacute;n de hardware: F1 &#8211; Interfaces: &nbsp; 8 x 10\/100\/1000BASE-T PoE &nbsp; 2 x 100\/1000 Mbps SFP &#8211; Est&aacute;ndares de los puertos: &nbsp; IEEE 802.3 10BASE-T Ethernet (twisted-pair copper) &nbsp; IEEE 802.3u 100BASE-TX Fast Ethernet (twisted-pair copper) &nbsp; IEEE 802.3u 100BASE-FX 100 Mbps over fiber optic&hellip;&nbsp;<a href=\"https:\/\/aivlisoft.net\/shop\/producto\/d-link-dgs-1210-10mp-e-switch-10gb-poe-2xsfp-130w\/\" rel=\"bookmark\"><span class=\"screen-reader-text\">D-Link DGS-1210-10MP\/E Switch 10Gb PoE+ 2xSFP 130W<\/span><\/a><\/p>\n","protected":false},"featured_media":20626,"template":"","meta":{"neve_meta_sidebar":"","neve_meta_container":"","neve_meta_enable_content_width":"","neve_meta_content_width":0,"neve_meta_title_alignment":"","neve_meta_author_avatar":"","neve_post_elements_order":"","neve_meta_disable_header":"","neve_meta_disable_footer":"","neve_meta_disable_title":""},"product_brand":[],"product_cat":[8771],"product_tag":[7349],"class_list":{"0":"post-20625","1":"product","2":"type-product","3":"status-publish","4":"has-post-thumbnail","6":"product_cat-switches-armario","7":"product_tag-dgs-1210-10mp-e","9":"first","10":"instock","11":"taxable","12":"shipping-taxable","13":"purchasable","14":"product-type-simple"},"yoast_head":"<!-- This site is optimized with the Yoast SEO plugin v26.0 - https:\/\/yoast.com\/wordpress\/plugins\/seo\/ -->\n<title>D-Link DGS-1210-10MP\/E Switch 10Gb PoE+ 2xSFP 130W - Aivlisoft Inform\u00e1tica<\/title>\n<meta name=\"robots\" content=\"index, follow, max-snippet:-1, max-image-preview:large, max-video-preview:-1\" \/>\n<link rel=\"canonical\" href=\"https:\/\/aivlisoft.net\/shop\/producto\/d-link-dgs-1210-10mp-e-switch-10gb-poe-2xsfp-130w\/\" \/>\n<meta property=\"og:locale\" content=\"es_ES\" \/>\n<meta property=\"og:type\" content=\"article\" \/>\n<meta property=\"og:title\" content=\"D-Link DGS-1210-10MP\/E Switch 10Gb PoE+ 2xSFP 130W - Aivlisoft Inform\u00e1tica\" \/>\n<meta property=\"og:description\" content=\"&nbsp; Marca D-Link Modelo DGS-1210-10MP\/E Caracter&iacute;sticas Hardware General &#8211; Versi&oacute;n de hardware: F1 &#8211; Interfaces: &nbsp; 8 x 10\/100\/1000BASE-T PoE &nbsp; 2 x 100\/1000 Mbps SFP &#8211; Est&aacute;ndares de los puertos: &nbsp; IEEE 802.3 10BASE-T Ethernet (twisted-pair copper) &nbsp; IEEE 802.3u 100BASE-TX Fast Ethernet (twisted-pair copper) &nbsp; IEEE 802.3u 100BASE-FX 100 Mbps over fiber optic&hellip;&nbsp;D-Link DGS-1210-10MP\/E Switch 10Gb PoE+ 2xSFP 130W\" \/>\n<meta property=\"og:url\" content=\"https:\/\/aivlisoft.net\/shop\/producto\/d-link-dgs-1210-10mp-e-switch-10gb-poe-2xsfp-130w\/\" \/>\n<meta property=\"og:site_name\" content=\"Aivlisoft Inform\u00e1tica\" \/>\n<meta property=\"article:modified_time\" content=\"2025-01-14T11:51:46+00:00\" \/>\n<meta property=\"og:image\" content=\"https:\/\/aivlisoft.net\/shop\/wp-content\/uploads\/2025\/01\/NSWSAR0340_800.jpg\" \/>\n\t<meta property=\"og:image:width\" content=\"800\" \/>\n\t<meta property=\"og:image:height\" content=\"800\" \/>\n\t<meta property=\"og:image:type\" content=\"image\/jpeg\" \/>\n<meta name=\"twitter:card\" content=\"summary_large_image\" \/>\n<meta name=\"twitter:label1\" content=\"Tiempo de lectura\" \/>\n\t<meta name=\"twitter:data1\" content=\"1 minuto\" \/>\n<script type=\"application\/ld+json\" class=\"yoast-schema-graph\">{\"@context\":\"https:\/\/schema.org\",\"@graph\":[{\"@type\":\"WebPage\",\"@id\":\"https:\/\/aivlisoft.net\/shop\/producto\/d-link-dgs-1210-10mp-e-switch-10gb-poe-2xsfp-130w\/\",\"url\":\"https:\/\/aivlisoft.net\/shop\/producto\/d-link-dgs-1210-10mp-e-switch-10gb-poe-2xsfp-130w\/\",\"name\":\"D-Link DGS-1210-10MP\/E Switch 10Gb PoE+ 2xSFP 130W - Aivlisoft Inform\u00e1tica\",\"isPartOf\":{\"@id\":\"https:\/\/aivlisoft.net\/shop\/#website\"},\"primaryImageOfPage\":{\"@id\":\"https:\/\/aivlisoft.net\/shop\/producto\/d-link-dgs-1210-10mp-e-switch-10gb-poe-2xsfp-130w\/#primaryimage\"},\"image\":{\"@id\":\"https:\/\/aivlisoft.net\/shop\/producto\/d-link-dgs-1210-10mp-e-switch-10gb-poe-2xsfp-130w\/#primaryimage\"},\"thumbnailUrl\":\"https:\/\/aivlisoft.net\/shop\/wp-content\/uploads\/2025\/01\/NSWSAR0340_800.jpg\",\"datePublished\":\"2025-01-13T15:44:49+00:00\",\"dateModified\":\"2025-01-14T11:51:46+00:00\",\"breadcrumb\":{\"@id\":\"https:\/\/aivlisoft.net\/shop\/producto\/d-link-dgs-1210-10mp-e-switch-10gb-poe-2xsfp-130w\/#breadcrumb\"},\"inLanguage\":\"es\",\"potentialAction\":[{\"@type\":\"ReadAction\",\"target\":[\"https:\/\/aivlisoft.net\/shop\/producto\/d-link-dgs-1210-10mp-e-switch-10gb-poe-2xsfp-130w\/\"]}]},{\"@type\":\"ImageObject\",\"inLanguage\":\"es\",\"@id\":\"https:\/\/aivlisoft.net\/shop\/producto\/d-link-dgs-1210-10mp-e-switch-10gb-poe-2xsfp-130w\/#primaryimage\",\"url\":\"https:\/\/aivlisoft.net\/shop\/wp-content\/uploads\/2025\/01\/NSWSAR0340_800.jpg\",\"contentUrl\":\"https:\/\/aivlisoft.net\/shop\/wp-content\/uploads\/2025\/01\/NSWSAR0340_800.jpg\",\"width\":800,\"height\":800},{\"@type\":\"BreadcrumbList\",\"@id\":\"https:\/\/aivlisoft.net\/shop\/producto\/d-link-dgs-1210-10mp-e-switch-10gb-poe-2xsfp-130w\/#breadcrumb\",\"itemListElement\":[{\"@type\":\"ListItem\",\"position\":1,\"name\":\"Portada\",\"item\":\"https:\/\/aivlisoft.net\/shop\/\"},{\"@type\":\"ListItem\",\"position\":2,\"name\":\"Tienda\",\"item\":\"https:\/\/aivlisoft.net\/shop\/tienda\/\"},{\"@type\":\"ListItem\",\"position\":3,\"name\":\"D-Link DGS-1210-10MP\/E Switch 10Gb PoE+ 2xSFP 130W\"}]},{\"@type\":\"WebSite\",\"@id\":\"https:\/\/aivlisoft.net\/shop\/#website\",\"url\":\"https:\/\/aivlisoft.net\/shop\/\",\"name\":\"Aivlisoft Inform\u00e1tica\",\"description\":\"En Aivlisoft Inform\u00e1tica ofrecemos soluciones tecnol\u00f3gicas para empresas: venta de ordenadores, consumibles, perif\u00e9ricos y m\u00e1s. Calidad, atenci\u00f3n personalizada y los mejores precios para tu negocio.\",\"publisher\":{\"@id\":\"https:\/\/aivlisoft.net\/shop\/#organization\"},\"potentialAction\":[{\"@type\":\"SearchAction\",\"target\":{\"@type\":\"EntryPoint\",\"urlTemplate\":\"https:\/\/aivlisoft.net\/shop\/?s={search_term_string}\"},\"query-input\":{\"@type\":\"PropertyValueSpecification\",\"valueRequired\":true,\"valueName\":\"search_term_string\"}}],\"inLanguage\":\"es\"},{\"@type\":\"Organization\",\"@id\":\"https:\/\/aivlisoft.net\/shop\/#organization\",\"name\":\"Aivlisoft Inform\u00e1tica\",\"url\":\"https:\/\/aivlisoft.net\/shop\/\",\"logo\":{\"@type\":\"ImageObject\",\"inLanguage\":\"es\",\"@id\":\"https:\/\/aivlisoft.net\/shop\/#\/schema\/logo\/image\/\",\"url\":\"https:\/\/aivlisoft.net\/shop\/wp-content\/uploads\/2024\/12\/removal.ai_5b848c54-0cdf-4140-95c5-c5536bb7573b-logodef.png\",\"contentUrl\":\"https:\/\/aivlisoft.net\/shop\/wp-content\/uploads\/2024\/12\/removal.ai_5b848c54-0cdf-4140-95c5-c5536bb7573b-logodef.png\",\"width\":484,\"height\":182,\"caption\":\"Aivlisoft Inform\u00e1tica\"},\"image\":{\"@id\":\"https:\/\/aivlisoft.net\/shop\/#\/schema\/logo\/image\/\"}}]}<\/script>\n<!-- \/ Yoast SEO plugin. -->","yoast_head_json":{"title":"D-Link DGS-1210-10MP\/E Switch 10Gb PoE+ 2xSFP 130W - Aivlisoft Inform\u00e1tica","robots":{"index":"index","follow":"follow","max-snippet":"max-snippet:-1","max-image-preview":"max-image-preview:large","max-video-preview":"max-video-preview:-1"},"canonical":"https:\/\/aivlisoft.net\/shop\/producto\/d-link-dgs-1210-10mp-e-switch-10gb-poe-2xsfp-130w\/","og_locale":"es_ES","og_type":"article","og_title":"D-Link DGS-1210-10MP\/E Switch 10Gb PoE+ 2xSFP 130W - Aivlisoft Inform\u00e1tica","og_description":"&nbsp; Marca D-Link Modelo DGS-1210-10MP\/E Caracter&iacute;sticas Hardware General &#8211; Versi&oacute;n de hardware: F1 &#8211; Interfaces: &nbsp; 8 x 10\/100\/1000BASE-T PoE &nbsp; 2 x 100\/1000 Mbps SFP &#8211; Est&aacute;ndares de los puertos: &nbsp; IEEE 802.3 10BASE-T Ethernet (twisted-pair copper) &nbsp; IEEE 802.3u 100BASE-TX Fast Ethernet (twisted-pair copper) &nbsp; IEEE 802.3u 100BASE-FX 100 Mbps over fiber optic&hellip;&nbsp;D-Link DGS-1210-10MP\/E Switch 10Gb PoE+ 2xSFP 130W","og_url":"https:\/\/aivlisoft.net\/shop\/producto\/d-link-dgs-1210-10mp-e-switch-10gb-poe-2xsfp-130w\/","og_site_name":"Aivlisoft Inform\u00e1tica","article_modified_time":"2025-01-14T11:51:46+00:00","og_image":[{"width":800,"height":800,"url":"https:\/\/aivlisoft.net\/shop\/wp-content\/uploads\/2025\/01\/NSWSAR0340_800.jpg","type":"image\/jpeg"}],"twitter_card":"summary_large_image","twitter_misc":{"Tiempo de lectura":"1 minuto"},"schema":{"@context":"https:\/\/schema.org","@graph":[{"@type":"WebPage","@id":"https:\/\/aivlisoft.net\/shop\/producto\/d-link-dgs-1210-10mp-e-switch-10gb-poe-2xsfp-130w\/","url":"https:\/\/aivlisoft.net\/shop\/producto\/d-link-dgs-1210-10mp-e-switch-10gb-poe-2xsfp-130w\/","name":"D-Link DGS-1210-10MP\/E Switch 10Gb PoE+ 2xSFP 130W - Aivlisoft Inform\u00e1tica","isPartOf":{"@id":"https:\/\/aivlisoft.net\/shop\/#website"},"primaryImageOfPage":{"@id":"https:\/\/aivlisoft.net\/shop\/producto\/d-link-dgs-1210-10mp-e-switch-10gb-poe-2xsfp-130w\/#primaryimage"},"image":{"@id":"https:\/\/aivlisoft.net\/shop\/producto\/d-link-dgs-1210-10mp-e-switch-10gb-poe-2xsfp-130w\/#primaryimage"},"thumbnailUrl":"https:\/\/aivlisoft.net\/shop\/wp-content\/uploads\/2025\/01\/NSWSAR0340_800.jpg","datePublished":"2025-01-13T15:44:49+00:00","dateModified":"2025-01-14T11:51:46+00:00","breadcrumb":{"@id":"https:\/\/aivlisoft.net\/shop\/producto\/d-link-dgs-1210-10mp-e-switch-10gb-poe-2xsfp-130w\/#breadcrumb"},"inLanguage":"es","potentialAction":[{"@type":"ReadAction","target":["https:\/\/aivlisoft.net\/shop\/producto\/d-link-dgs-1210-10mp-e-switch-10gb-poe-2xsfp-130w\/"]}]},{"@type":"ImageObject","inLanguage":"es","@id":"https:\/\/aivlisoft.net\/shop\/producto\/d-link-dgs-1210-10mp-e-switch-10gb-poe-2xsfp-130w\/#primaryimage","url":"https:\/\/aivlisoft.net\/shop\/wp-content\/uploads\/2025\/01\/NSWSAR0340_800.jpg","contentUrl":"https:\/\/aivlisoft.net\/shop\/wp-content\/uploads\/2025\/01\/NSWSAR0340_800.jpg","width":800,"height":800},{"@type":"BreadcrumbList","@id":"https:\/\/aivlisoft.net\/shop\/producto\/d-link-dgs-1210-10mp-e-switch-10gb-poe-2xsfp-130w\/#breadcrumb","itemListElement":[{"@type":"ListItem","position":1,"name":"Portada","item":"https:\/\/aivlisoft.net\/shop\/"},{"@type":"ListItem","position":2,"name":"Tienda","item":"https:\/\/aivlisoft.net\/shop\/tienda\/"},{"@type":"ListItem","position":3,"name":"D-Link DGS-1210-10MP\/E Switch 10Gb PoE+ 2xSFP 130W"}]},{"@type":"WebSite","@id":"https:\/\/aivlisoft.net\/shop\/#website","url":"https:\/\/aivlisoft.net\/shop\/","name":"Aivlisoft Inform\u00e1tica","description":"En Aivlisoft Inform\u00e1tica ofrecemos soluciones tecnol\u00f3gicas para empresas: venta de ordenadores, consumibles, perif\u00e9ricos y m\u00e1s. Calidad, atenci\u00f3n personalizada y los mejores precios para tu negocio.","publisher":{"@id":"https:\/\/aivlisoft.net\/shop\/#organization"},"potentialAction":[{"@type":"SearchAction","target":{"@type":"EntryPoint","urlTemplate":"https:\/\/aivlisoft.net\/shop\/?s={search_term_string}"},"query-input":{"@type":"PropertyValueSpecification","valueRequired":true,"valueName":"search_term_string"}}],"inLanguage":"es"},{"@type":"Organization","@id":"https:\/\/aivlisoft.net\/shop\/#organization","name":"Aivlisoft Inform\u00e1tica","url":"https:\/\/aivlisoft.net\/shop\/","logo":{"@type":"ImageObject","inLanguage":"es","@id":"https:\/\/aivlisoft.net\/shop\/#\/schema\/logo\/image\/","url":"https:\/\/aivlisoft.net\/shop\/wp-content\/uploads\/2024\/12\/removal.ai_5b848c54-0cdf-4140-95c5-c5536bb7573b-logodef.png","contentUrl":"https:\/\/aivlisoft.net\/shop\/wp-content\/uploads\/2024\/12\/removal.ai_5b848c54-0cdf-4140-95c5-c5536bb7573b-logodef.png","width":484,"height":182,"caption":"Aivlisoft Inform\u00e1tica"},"image":{"@id":"https:\/\/aivlisoft.net\/shop\/#\/schema\/logo\/image\/"}}]}},"_links":{"self":[{"href":"https:\/\/aivlisoft.net\/shop\/wp-json\/wp\/v2\/product\/20625","targetHints":{"allow":["GET"]}}],"collection":[{"href":"https:\/\/aivlisoft.net\/shop\/wp-json\/wp\/v2\/product"}],"about":[{"href":"https:\/\/aivlisoft.net\/shop\/wp-json\/wp\/v2\/types\/product"}],"wp:featuredmedia":[{"embeddable":true,"href":"https:\/\/aivlisoft.net\/shop\/wp-json\/wp\/v2\/media\/20626"}],"wp:attachment":[{"href":"https:\/\/aivlisoft.net\/shop\/wp-json\/wp\/v2\/media?parent=20625"}],"wp:term":[{"taxonomy":"product_brand","embeddable":true,"href":"https:\/\/aivlisoft.net\/shop\/wp-json\/wp\/v2\/product_brand?post=20625"},{"taxonomy":"product_cat","embeddable":true,"href":"https:\/\/aivlisoft.net\/shop\/wp-json\/wp\/v2\/product_cat?post=20625"},{"taxonomy":"product_tag","embeddable":true,"href":"https:\/\/aivlisoft.net\/shop\/wp-json\/wp\/v2\/product_tag?post=20625"}],"curies":[{"name":"wp","href":"https:\/\/api.w.org\/{rel}","templated":true}]}}