{"id":20621,"date":"2025-01-13T15:44:47","date_gmt":"2025-01-13T15:44:47","guid":{"rendered":"https:\/\/aivlisoft.com\/?post_type=product&#038;p=20621"},"modified":"2025-01-14T11:51:45","modified_gmt":"2025-01-14T11:51:45","slug":"d-link-dms-1100-10tp-switch-8x2-5gbe-poe-2xsfp","status":"publish","type":"product","link":"https:\/\/aivlisoft.net\/shop\/producto\/d-link-dms-1100-10tp-switch-8x2-5gbe-poe-2xsfp\/","title":{"rendered":"D-Link DMS-1100-10TP Switch 8&#215;2.5GbE PoE 2xSFP+"},"content":{"rendered":"<p>&nbsp;<\/p>\n<table class=\"tabla_caracteristicas k-table\" width=\"100%\">\n<tr>\n<td valign=\"top\" width=\"35%\"><strong>Marca<\/strong><\/td>\n<td valign=\"top\">D-Link<\/td>\n<\/tr>\n<tr>\n<td valign=\"top\" width=\"35%\"><strong>Modelo<\/strong><\/td>\n<td valign=\"top\"><strong>DMS-1100-10TP<\/strong><\/td>\n<\/tr>\n<tr>\n<td valign=\"top\"><strong>Interfaces<\/strong><\/td>\n<td valign=\"top\">&#8211; 8 x 2.5 Base-T PoE Interface<br \/>\t\t\t&#8211; 2 x 10G SFP+ Interface<br \/>\t\t\t<strong>Rendimiento<\/strong><br \/>\t\t\t&#8211; MDI\/MDIX autom&aacute;tico<br \/>\t\t\t&#8211; Capacidad de conmutaci&oacute;n: 80 Gbps<br \/>\t\t\t&#8211; m&aacute;x. Velocidad de reenv&iacute;o de paquetes: 59,52 Mpps<br \/>\t\t\t&#8211; Tama&ntilde;o de memoria: 256 MB<br \/>\t\t\t&#8211; Velocidad de la CPU: 800 MHz<br \/>\t\t\t&#8211; Tama&ntilde;o de la memoria flash: 128 MB<br \/>\t\t\t&#8211; Ventilador inteligente<br \/>\t\t\t&#8211; Tama&ntilde;o del b&uacute;fer de paquetes: 12 Mbit<br \/>\t\t\t&#8211; Cumple con RoHS 6<br \/>\t\t\t&#8211; Tama&ntilde;o de la tabla de direcciones MAC: 16K<\/td>\n<\/tr>\n<tr>\n<td valign=\"top\"><strong>Especificaciones<\/strong><\/td>\n<td valign=\"top\">&#8211; MTBF: 676,329.43 Hours<br \/>\t\t\t&#8211; Disipaci&oacute;n de calor: 1000.91 BTU\/hr (100V) 966.86 BTU\/hr (240V)<br \/>\t\t\t&#8211; Altitud operativa: 2000m<br \/>\t\t\t<strong>Otras<\/strong><br \/>\t\t\t&#8211; Ethernet de eficiencia energ&eacute;tica (EEE)<br \/>\t\t\t&#8211; PoE basado en el tiempo<br \/>\t\t\t&#8211; Control de flujo 802.3x<br \/>\t\t\t&#8211; Prevenci&oacute;n de bloqueo de cabeza de l&iacute;nea (HOL)<br \/>\t\t\t&#8211; &Aacute;rbol de expansi&oacute;n 802.1D (STP)<br \/>\t\t\t&#8211; &Aacute;rbol de expansi&oacute;n r&aacute;pida 802.1w (RSTP)<br \/>\t\t\t&#8211; G.8032 ERP<br \/>\t\t\t&#8211; Agregaci&oacute;n de enlaces 802.1AX<br \/>\t\t\t&#8211; Agregaci&oacute;n de enlaces 802.3ad<br \/>\t\t\t&#8211; Grupo de agregaci&oacute;n de puerto m&aacute;ximo por enlace: 8<br \/>\t\t\t&#8211; Duplicaci&oacute;n de puertos<br \/>\t\t\t&#8211; Detecci&oacute;n de bucle invertido (LBD)<br \/>\t\t\t&#8211; Trama gigante: 9KB<br \/>\t\t\t&#8211; Indagaci&oacute;n IGMP<br \/>\t\t\t&#8211; Grupos m&aacute;ximos de indagaci&oacute;n IGMP<br \/>\t\t\t&#8211; Licencia r&aacute;pida de indagaci&oacute;n IGMP<br \/>\t\t\t&#8211; Espionaje MLD<br \/>\t\t\t&#8211; Grupos de indagaci&oacute;n MLD<br \/>\t\t\t&#8211; Licencia r&aacute;pida de indagaci&oacute;n de MLD<br \/>\t\t\t&#8211; VLAN 802.1Q<br \/>\t\t\t&#8211; Grupos VLAN: 4094<br \/>\t\t\t&#8211; VLAN basada en puerto<br \/>\t\t\t&#8211; VLAN de voz<br \/>\t\t\t&#8211; VLAN de vigilancia autom&aacute;tica: V1.0<br \/>\t\t\t&#8211; VLAN asim&eacute;trica<br \/>\t\t\t&#8211; Interfaz IP<br \/>\t\t\t&#8211; N&uacute;mero de cola: 8<br \/>\t\t\t&#8211; Clase de servicio (CoS)<br \/>\t\t\t&#8211; Cola de prioridad estricta (SPQ)<br \/>\t\t\t&#8211; Round Robin Ponderado (WRR)<br \/>\t\t\t&#8211; D&eacute;ficit Round Robin (DRR)<br \/>\t\t\t&#8211; Control de ancho de banda basado en puerto<br \/>\t\t\t&#8211; SSL<br \/>\t\t\t&#8211; Control de tormentas de difusi&oacute;n\/multidifusi&oacute;n\/unidifusi&oacute;n<br \/>\t\t\t&#8211; Segmentaci&oacute;n del tr&aacute;fico<br \/>\t\t\t&#8211; Motor de protecci&oacute;n de D-Link<br \/>\t\t\t&#8211; Prevenci&oacute;n de ataques DoS<br \/>\t\t\t&#8211; Anfitri&oacute;n de confianza<br \/>\t\t\t&#8211; Diagn&oacute;stico de cables<br \/>\t\t\t&#8211; Protocolo de tiempo de red simple (SNTP)<br \/>\t\t\t&#8211; GUI basada en web<br \/>\t\t\t&#8211; SNMP<br \/>\t\t\t&#8211; Trampa SNMP<br \/>\t\t\t&#8211; Cliente TFTP<br \/>\t\t\t&#8211; Registro del sistema<br \/>\t\t\t&#8211; LLDP<br \/>\t\t\t&#8211; LLDP-MED<br \/>\t\t\t&#8211; Protocolo de descubrimiento de D-Link (DDP)<br \/>\t\t\t&#8211; Cliente DHCP\/BootP<br \/>\t\t\t&#8211; Im&aacute;genes duales<br \/>\t\t\t&#8211; Configuraciones duales<br \/>\t\t\t&#8211; Silbido<br \/>\t\t\t&#8211; Asistente de red D-Link<br \/>\t\t\t&#8211; Utilidad SmartConsole<br \/>\t\t\t&#8211; SSL<br \/>\t\t\t<strong>Medidas y peso <\/strong><br \/>\t\t\t&#8211; Dimensiones: 440 x 250 x 44 mm<br \/>\t\t\t&#8211; Peso: 3.43 Kg<br \/>\t\t\t<strong>Entorno<\/strong><br \/>\t\t\t&#8211; Temperatura de funcionamiento: -5 a 50 &deg;C (23 a 122 &deg;F)<br \/>\t\t\t&#8211; Temperatura de almacenamiento: -40 a 70 &deg;C (-40 a 158 &deg;F)<br \/>\t\t\t&#8211; Humedad de funcionamiento: 0% ~ 95% RH sin condensaci&oacute;n<br \/>\t\t\t&#8211; Humedad de almacenamiento: 0% ~ 95% RH sin condensaci&oacute;n<br \/>\t\t\t<strong>Alimentaci&oacute;n<\/strong><br \/>\t\t\t&#8211; Entrada de alimentaci&oacute;n Entrada de CA: 100 a 240 V CA, 50\/60 Hz<br \/>\t\t\t&#8211; Consumo m&aacute;ximo de energ&iacute;a: 293.4W(PoE Full Load) 38.1W(PoE off)<br \/>\t\t\t&#8211; Consumo de energ&iacute;a en espera: 27.3 W<br \/>\t\t\t&#8211; PoE Budget: 240W<\/td>\n<\/tr>\n<tr>\n<td valign=\"top\"><strong>Fecha de revisi&oacute;n<\/strong><\/td>\n<td valign=\"top\">10-06-2022 por MPM<\/td>\n<\/tr>\n<\/table>\n","protected":false},"excerpt":{"rendered":"<p>&nbsp; Marca D-Link Modelo DMS-1100-10TP Interfaces &#8211; 8 x 2.5 Base-T PoE Interface &#8211; 2 x 10G SFP+ Interface Rendimiento &#8211; MDI\/MDIX autom&aacute;tico &#8211; Capacidad de conmutaci&oacute;n: 80 Gbps &#8211; m&aacute;x. Velocidad de reenv&iacute;o de paquetes: 59,52 Mpps &#8211; Tama&ntilde;o de memoria: 256 MB &#8211; Velocidad de la CPU: 800 MHz &#8211; Tama&ntilde;o de la&hellip;&nbsp;<a href=\"https:\/\/aivlisoft.net\/shop\/producto\/d-link-dms-1100-10tp-switch-8x2-5gbe-poe-2xsfp\/\" rel=\"bookmark\"><span class=\"screen-reader-text\">D-Link DMS-1100-10TP Switch 8&#215;2.5GbE PoE 2xSFP+<\/span><\/a><\/p>\n","protected":false},"featured_media":20622,"template":"","meta":{"neve_meta_sidebar":"","neve_meta_container":"","neve_meta_enable_content_width":"","neve_meta_content_width":0,"neve_meta_title_alignment":"","neve_meta_author_avatar":"","neve_post_elements_order":"","neve_meta_disable_header":"","neve_meta_disable_footer":"","neve_meta_disable_title":""},"product_brand":[],"product_cat":[8771],"product_tag":[7348],"class_list":{"0":"post-20621","1":"product","2":"type-product","3":"status-publish","4":"has-post-thumbnail","6":"product_cat-switches-armario","7":"product_tag-dms-1100-10tp","9":"first","10":"instock","11":"taxable","12":"shipping-taxable","13":"purchasable","14":"product-type-simple"},"yoast_head":"<!-- This site is optimized with the Yoast SEO plugin v26.0 - https:\/\/yoast.com\/wordpress\/plugins\/seo\/ -->\n<title>D-Link DMS-1100-10TP Switch 8x2.5GbE PoE 2xSFP+ - Aivlisoft Inform\u00e1tica<\/title>\n<meta name=\"robots\" content=\"index, follow, max-snippet:-1, max-image-preview:large, max-video-preview:-1\" \/>\n<link rel=\"canonical\" href=\"https:\/\/aivlisoft.net\/shop\/producto\/d-link-dms-1100-10tp-switch-8x2-5gbe-poe-2xsfp\/\" \/>\n<meta property=\"og:locale\" content=\"es_ES\" \/>\n<meta property=\"og:type\" content=\"article\" \/>\n<meta property=\"og:title\" content=\"D-Link DMS-1100-10TP Switch 8x2.5GbE PoE 2xSFP+ - Aivlisoft Inform\u00e1tica\" \/>\n<meta property=\"og:description\" content=\"&nbsp; Marca D-Link Modelo DMS-1100-10TP Interfaces &#8211; 8 x 2.5 Base-T PoE Interface &#8211; 2 x 10G SFP+ Interface Rendimiento &#8211; MDI\/MDIX autom&aacute;tico &#8211; Capacidad de conmutaci&oacute;n: 80 Gbps &#8211; m&aacute;x. Velocidad de reenv&iacute;o de paquetes: 59,52 Mpps &#8211; Tama&ntilde;o de memoria: 256 MB &#8211; Velocidad de la CPU: 800 MHz &#8211; Tama&ntilde;o de la&hellip;&nbsp;D-Link DMS-1100-10TP Switch 8&#215;2.5GbE PoE 2xSFP+\" \/>\n<meta property=\"og:url\" content=\"https:\/\/aivlisoft.net\/shop\/producto\/d-link-dms-1100-10tp-switch-8x2-5gbe-poe-2xsfp\/\" \/>\n<meta property=\"og:site_name\" content=\"Aivlisoft Inform\u00e1tica\" \/>\n<meta property=\"article:modified_time\" content=\"2025-01-14T11:51:45+00:00\" \/>\n<meta property=\"og:image\" content=\"https:\/\/aivlisoft.net\/shop\/wp-content\/uploads\/2025\/01\/NSWSAR0339_800.jpg\" \/>\n\t<meta property=\"og:image:width\" content=\"800\" \/>\n\t<meta property=\"og:image:height\" content=\"800\" \/>\n\t<meta property=\"og:image:type\" content=\"image\/jpeg\" \/>\n<meta name=\"twitter:card\" content=\"summary_large_image\" \/>\n<meta name=\"twitter:label1\" content=\"Tiempo de lectura\" \/>\n\t<meta name=\"twitter:data1\" content=\"3 minutos\" \/>\n<script type=\"application\/ld+json\" class=\"yoast-schema-graph\">{\"@context\":\"https:\/\/schema.org\",\"@graph\":[{\"@type\":\"WebPage\",\"@id\":\"https:\/\/aivlisoft.net\/shop\/producto\/d-link-dms-1100-10tp-switch-8x2-5gbe-poe-2xsfp\/\",\"url\":\"https:\/\/aivlisoft.net\/shop\/producto\/d-link-dms-1100-10tp-switch-8x2-5gbe-poe-2xsfp\/\",\"name\":\"D-Link DMS-1100-10TP Switch 8x2.5GbE PoE 2xSFP+ - Aivlisoft Inform\u00e1tica\",\"isPartOf\":{\"@id\":\"https:\/\/aivlisoft.net\/shop\/#website\"},\"primaryImageOfPage\":{\"@id\":\"https:\/\/aivlisoft.net\/shop\/producto\/d-link-dms-1100-10tp-switch-8x2-5gbe-poe-2xsfp\/#primaryimage\"},\"image\":{\"@id\":\"https:\/\/aivlisoft.net\/shop\/producto\/d-link-dms-1100-10tp-switch-8x2-5gbe-poe-2xsfp\/#primaryimage\"},\"thumbnailUrl\":\"https:\/\/aivlisoft.net\/shop\/wp-content\/uploads\/2025\/01\/NSWSAR0339_800.jpg\",\"datePublished\":\"2025-01-13T15:44:47+00:00\",\"dateModified\":\"2025-01-14T11:51:45+00:00\",\"breadcrumb\":{\"@id\":\"https:\/\/aivlisoft.net\/shop\/producto\/d-link-dms-1100-10tp-switch-8x2-5gbe-poe-2xsfp\/#breadcrumb\"},\"inLanguage\":\"es\",\"potentialAction\":[{\"@type\":\"ReadAction\",\"target\":[\"https:\/\/aivlisoft.net\/shop\/producto\/d-link-dms-1100-10tp-switch-8x2-5gbe-poe-2xsfp\/\"]}]},{\"@type\":\"ImageObject\",\"inLanguage\":\"es\",\"@id\":\"https:\/\/aivlisoft.net\/shop\/producto\/d-link-dms-1100-10tp-switch-8x2-5gbe-poe-2xsfp\/#primaryimage\",\"url\":\"https:\/\/aivlisoft.net\/shop\/wp-content\/uploads\/2025\/01\/NSWSAR0339_800.jpg\",\"contentUrl\":\"https:\/\/aivlisoft.net\/shop\/wp-content\/uploads\/2025\/01\/NSWSAR0339_800.jpg\",\"width\":800,\"height\":800},{\"@type\":\"BreadcrumbList\",\"@id\":\"https:\/\/aivlisoft.net\/shop\/producto\/d-link-dms-1100-10tp-switch-8x2-5gbe-poe-2xsfp\/#breadcrumb\",\"itemListElement\":[{\"@type\":\"ListItem\",\"position\":1,\"name\":\"Portada\",\"item\":\"https:\/\/aivlisoft.net\/shop\/\"},{\"@type\":\"ListItem\",\"position\":2,\"name\":\"Tienda\",\"item\":\"https:\/\/aivlisoft.net\/shop\/tienda\/\"},{\"@type\":\"ListItem\",\"position\":3,\"name\":\"D-Link DMS-1100-10TP Switch 8&#215;2.5GbE PoE 2xSFP+\"}]},{\"@type\":\"WebSite\",\"@id\":\"https:\/\/aivlisoft.net\/shop\/#website\",\"url\":\"https:\/\/aivlisoft.net\/shop\/\",\"name\":\"Aivlisoft Inform\u00e1tica\",\"description\":\"En Aivlisoft Inform\u00e1tica ofrecemos soluciones tecnol\u00f3gicas para empresas: venta de ordenadores, consumibles, perif\u00e9ricos y m\u00e1s. Calidad, atenci\u00f3n personalizada y los mejores precios para tu negocio.\",\"publisher\":{\"@id\":\"https:\/\/aivlisoft.net\/shop\/#organization\"},\"potentialAction\":[{\"@type\":\"SearchAction\",\"target\":{\"@type\":\"EntryPoint\",\"urlTemplate\":\"https:\/\/aivlisoft.net\/shop\/?s={search_term_string}\"},\"query-input\":{\"@type\":\"PropertyValueSpecification\",\"valueRequired\":true,\"valueName\":\"search_term_string\"}}],\"inLanguage\":\"es\"},{\"@type\":\"Organization\",\"@id\":\"https:\/\/aivlisoft.net\/shop\/#organization\",\"name\":\"Aivlisoft Inform\u00e1tica\",\"url\":\"https:\/\/aivlisoft.net\/shop\/\",\"logo\":{\"@type\":\"ImageObject\",\"inLanguage\":\"es\",\"@id\":\"https:\/\/aivlisoft.net\/shop\/#\/schema\/logo\/image\/\",\"url\":\"https:\/\/aivlisoft.net\/shop\/wp-content\/uploads\/2024\/12\/removal.ai_5b848c54-0cdf-4140-95c5-c5536bb7573b-logodef.png\",\"contentUrl\":\"https:\/\/aivlisoft.net\/shop\/wp-content\/uploads\/2024\/12\/removal.ai_5b848c54-0cdf-4140-95c5-c5536bb7573b-logodef.png\",\"width\":484,\"height\":182,\"caption\":\"Aivlisoft Inform\u00e1tica\"},\"image\":{\"@id\":\"https:\/\/aivlisoft.net\/shop\/#\/schema\/logo\/image\/\"}}]}<\/script>\n<!-- \/ Yoast SEO plugin. -->","yoast_head_json":{"title":"D-Link DMS-1100-10TP Switch 8x2.5GbE PoE 2xSFP+ - Aivlisoft Inform\u00e1tica","robots":{"index":"index","follow":"follow","max-snippet":"max-snippet:-1","max-image-preview":"max-image-preview:large","max-video-preview":"max-video-preview:-1"},"canonical":"https:\/\/aivlisoft.net\/shop\/producto\/d-link-dms-1100-10tp-switch-8x2-5gbe-poe-2xsfp\/","og_locale":"es_ES","og_type":"article","og_title":"D-Link DMS-1100-10TP Switch 8x2.5GbE PoE 2xSFP+ - Aivlisoft Inform\u00e1tica","og_description":"&nbsp; Marca D-Link Modelo DMS-1100-10TP Interfaces &#8211; 8 x 2.5 Base-T PoE Interface &#8211; 2 x 10G SFP+ Interface Rendimiento &#8211; MDI\/MDIX autom&aacute;tico &#8211; Capacidad de conmutaci&oacute;n: 80 Gbps &#8211; m&aacute;x. Velocidad de reenv&iacute;o de paquetes: 59,52 Mpps &#8211; Tama&ntilde;o de memoria: 256 MB &#8211; Velocidad de la CPU: 800 MHz &#8211; Tama&ntilde;o de la&hellip;&nbsp;D-Link DMS-1100-10TP Switch 8&#215;2.5GbE PoE 2xSFP+","og_url":"https:\/\/aivlisoft.net\/shop\/producto\/d-link-dms-1100-10tp-switch-8x2-5gbe-poe-2xsfp\/","og_site_name":"Aivlisoft Inform\u00e1tica","article_modified_time":"2025-01-14T11:51:45+00:00","og_image":[{"width":800,"height":800,"url":"https:\/\/aivlisoft.net\/shop\/wp-content\/uploads\/2025\/01\/NSWSAR0339_800.jpg","type":"image\/jpeg"}],"twitter_card":"summary_large_image","twitter_misc":{"Tiempo de lectura":"3 minutos"},"schema":{"@context":"https:\/\/schema.org","@graph":[{"@type":"WebPage","@id":"https:\/\/aivlisoft.net\/shop\/producto\/d-link-dms-1100-10tp-switch-8x2-5gbe-poe-2xsfp\/","url":"https:\/\/aivlisoft.net\/shop\/producto\/d-link-dms-1100-10tp-switch-8x2-5gbe-poe-2xsfp\/","name":"D-Link DMS-1100-10TP Switch 8x2.5GbE PoE 2xSFP+ - Aivlisoft Inform\u00e1tica","isPartOf":{"@id":"https:\/\/aivlisoft.net\/shop\/#website"},"primaryImageOfPage":{"@id":"https:\/\/aivlisoft.net\/shop\/producto\/d-link-dms-1100-10tp-switch-8x2-5gbe-poe-2xsfp\/#primaryimage"},"image":{"@id":"https:\/\/aivlisoft.net\/shop\/producto\/d-link-dms-1100-10tp-switch-8x2-5gbe-poe-2xsfp\/#primaryimage"},"thumbnailUrl":"https:\/\/aivlisoft.net\/shop\/wp-content\/uploads\/2025\/01\/NSWSAR0339_800.jpg","datePublished":"2025-01-13T15:44:47+00:00","dateModified":"2025-01-14T11:51:45+00:00","breadcrumb":{"@id":"https:\/\/aivlisoft.net\/shop\/producto\/d-link-dms-1100-10tp-switch-8x2-5gbe-poe-2xsfp\/#breadcrumb"},"inLanguage":"es","potentialAction":[{"@type":"ReadAction","target":["https:\/\/aivlisoft.net\/shop\/producto\/d-link-dms-1100-10tp-switch-8x2-5gbe-poe-2xsfp\/"]}]},{"@type":"ImageObject","inLanguage":"es","@id":"https:\/\/aivlisoft.net\/shop\/producto\/d-link-dms-1100-10tp-switch-8x2-5gbe-poe-2xsfp\/#primaryimage","url":"https:\/\/aivlisoft.net\/shop\/wp-content\/uploads\/2025\/01\/NSWSAR0339_800.jpg","contentUrl":"https:\/\/aivlisoft.net\/shop\/wp-content\/uploads\/2025\/01\/NSWSAR0339_800.jpg","width":800,"height":800},{"@type":"BreadcrumbList","@id":"https:\/\/aivlisoft.net\/shop\/producto\/d-link-dms-1100-10tp-switch-8x2-5gbe-poe-2xsfp\/#breadcrumb","itemListElement":[{"@type":"ListItem","position":1,"name":"Portada","item":"https:\/\/aivlisoft.net\/shop\/"},{"@type":"ListItem","position":2,"name":"Tienda","item":"https:\/\/aivlisoft.net\/shop\/tienda\/"},{"@type":"ListItem","position":3,"name":"D-Link DMS-1100-10TP Switch 8&#215;2.5GbE PoE 2xSFP+"}]},{"@type":"WebSite","@id":"https:\/\/aivlisoft.net\/shop\/#website","url":"https:\/\/aivlisoft.net\/shop\/","name":"Aivlisoft Inform\u00e1tica","description":"En Aivlisoft Inform\u00e1tica ofrecemos soluciones tecnol\u00f3gicas para empresas: venta de ordenadores, consumibles, perif\u00e9ricos y m\u00e1s. Calidad, atenci\u00f3n personalizada y los mejores precios para tu negocio.","publisher":{"@id":"https:\/\/aivlisoft.net\/shop\/#organization"},"potentialAction":[{"@type":"SearchAction","target":{"@type":"EntryPoint","urlTemplate":"https:\/\/aivlisoft.net\/shop\/?s={search_term_string}"},"query-input":{"@type":"PropertyValueSpecification","valueRequired":true,"valueName":"search_term_string"}}],"inLanguage":"es"},{"@type":"Organization","@id":"https:\/\/aivlisoft.net\/shop\/#organization","name":"Aivlisoft Inform\u00e1tica","url":"https:\/\/aivlisoft.net\/shop\/","logo":{"@type":"ImageObject","inLanguage":"es","@id":"https:\/\/aivlisoft.net\/shop\/#\/schema\/logo\/image\/","url":"https:\/\/aivlisoft.net\/shop\/wp-content\/uploads\/2024\/12\/removal.ai_5b848c54-0cdf-4140-95c5-c5536bb7573b-logodef.png","contentUrl":"https:\/\/aivlisoft.net\/shop\/wp-content\/uploads\/2024\/12\/removal.ai_5b848c54-0cdf-4140-95c5-c5536bb7573b-logodef.png","width":484,"height":182,"caption":"Aivlisoft Inform\u00e1tica"},"image":{"@id":"https:\/\/aivlisoft.net\/shop\/#\/schema\/logo\/image\/"}}]}},"_links":{"self":[{"href":"https:\/\/aivlisoft.net\/shop\/wp-json\/wp\/v2\/product\/20621","targetHints":{"allow":["GET"]}}],"collection":[{"href":"https:\/\/aivlisoft.net\/shop\/wp-json\/wp\/v2\/product"}],"about":[{"href":"https:\/\/aivlisoft.net\/shop\/wp-json\/wp\/v2\/types\/product"}],"wp:featuredmedia":[{"embeddable":true,"href":"https:\/\/aivlisoft.net\/shop\/wp-json\/wp\/v2\/media\/20622"}],"wp:attachment":[{"href":"https:\/\/aivlisoft.net\/shop\/wp-json\/wp\/v2\/media?parent=20621"}],"wp:term":[{"taxonomy":"product_brand","embeddable":true,"href":"https:\/\/aivlisoft.net\/shop\/wp-json\/wp\/v2\/product_brand?post=20621"},{"taxonomy":"product_cat","embeddable":true,"href":"https:\/\/aivlisoft.net\/shop\/wp-json\/wp\/v2\/product_cat?post=20621"},{"taxonomy":"product_tag","embeddable":true,"href":"https:\/\/aivlisoft.net\/shop\/wp-json\/wp\/v2\/product_tag?post=20621"}],"curies":[{"name":"wp","href":"https:\/\/api.w.org\/{rel}","templated":true}]}}