{"id":20610,"date":"2025-01-13T15:44:41","date_gmt":"2025-01-13T15:44:41","guid":{"rendered":"https:\/\/aivlisoft.com\/?post_type=product&#038;p=20610"},"modified":"2025-01-14T11:51:42","modified_gmt":"2025-01-14T11:51:42","slug":"d-link-dgs-1210-08p-e-switch-8xgb-poe-2xsfp","status":"publish","type":"product","link":"https:\/\/aivlisoft.net\/shop\/producto\/d-link-dgs-1210-08p-e-switch-8xgb-poe-2xsfp\/","title":{"rendered":"D-Link DGS-1210-08P\/E Switch 8xGB PoE 2xSFP"},"content":{"rendered":"<p>&nbsp;<\/p>\n<table class=\"tabla_caracteristicas\" width=\"100%\">\n<tr>\n<td valign=\"top\" width=\"35%\"><b>Marca<\/b><\/td>\n<td valign=\"top\" width=\"65%\">D-Link<\/td>\n<\/tr>\n<tr>\n<td valign=\"top\" width=\"35%\"><b>Modelo<\/b><\/td>\n<td valign=\"top\" width=\"65%\"><strong>DGS-1210-08P\/E<\/strong><\/td>\n<\/tr>\n<tr>\n<td valign=\"top\" width=\"35%\"><b>Especificaciones<\/b><\/td>\n<td valign=\"top\" width=\"65%\">\n<div>&#8211; <strong>8 puertos 10\/100\/1000 Mbps<\/strong><\/div>\n<div><strong>&#8211; 2 Puertos SFP<\/strong><\/div>\n<div><strong>Standards<\/strong><br \/>\t\t\t&#8211; IEEE 802.3 compliant<br \/>\t\t\t&#8211; IEEE 802.3u compliant<br \/>\t\t\t&#8211; IEEE 802.3ab compliance<br \/>\t\t\t&#8211; Soporta Half\/Full-duplex operation at 10\/100Mbps<br \/>\t\t\t&#8211; Soporta Full-duplex operation at 1000Mbps<br \/>\t\t\t&#8211; Soporta Auto-Negotiation for each port<br \/>\t\t\t&#8211; Auto MDI\/MDIX<br \/>\t\t\t&#8211; IEEE 802.3x Flow Control support<br \/>\t\t\t&#8211; IEEE 802.3az compliant<\/div>\n<div><strong>Rendimiento<\/strong>:<br \/>\t\t\t&nbsp; 20Gbps<br \/>\t\t\t&#8211; Max.velocidad env&iacute;o<br \/>\t\t\t&nbsp; 14.9 Mpps<br \/>\t\t\t&#8211; Tama&ntilde;o tabla MAC<br \/>\t\t\t&nbsp; 16K Entries<br \/>\t\t\t&#8211; Packet Buffer<br \/>\t\t\t&nbsp; 6Mbits<\/div>\n<div>&#8211; Jumbo Frame<br \/>\t\t\t&nbsp; Hasta 13,000 Bytes<br \/>\t\t\t&#8211; <strong>Alimentaci&oacute;n<\/strong>:<br \/>\t\t\t&nbsp; 110 to 240 VAC, 50\/60HZ internal universal power supply<br \/>\t\t\t&#8211; Max.Consumo<br \/>\t\t\t&nbsp; 60 Watts<br \/>\t\t\t&#8211; Consumo Standy<br \/>\t\t\t&nbsp; 5.6 Watts<br \/>\t\t\t&#8211; Sin ventilador<br \/>\t\t\t&#8211; Nivel ac&uacute;stico:<br \/>\t\t\t&nbsp; 0 dBA<br \/>\t\t\t&#8211; Dimensions (W x D x H)<br \/>\t\t\t&nbsp; 280 x 180 x 44 mm<\/div>\n<div>&nbsp; 19-inch standard rack<br \/>\t\t\t&nbsp; 1U<br \/>\t\t\t&#8211; Peso:<br \/>\t\t\t&nbsp; 0.42kg<br \/>\t\t\t&#8211; LEDs<br \/>\t\t\t&nbsp; Power (per device)<br \/>\t\t\t&nbsp; Link\/Activity\/Speed\/PoE (per 10\/100\/1000 Mbps port)<br \/>\t\t\t&nbsp; Link\/Activity\/Speed (per SFP port)<br \/>\t\t\t&nbsp; Button to switch LED display mode between PoE and Link\/ActivityPower (per device)<br \/>\t\t\t&#8211; Certifications<br \/>\t\t\t&nbsp; CE Class A<br \/>\t\t\t&nbsp; cUL, LVD<br \/>\t\t\t&#8211; MTBF<br \/>\t\t\t&nbsp; 503,585 Hours (DGS-1100-08)<br \/>\t\t\t<strong>Funciones L2<\/strong><br \/>\t\t\t&#8211; MAC Address Table: 16K<br \/>\t\t\t&#8211; Flow Control<br \/>\t\t\t&nbsp;&nbsp;&nbsp; 802.3x Flow Control<br \/>\t\t\t&nbsp;&nbsp;&nbsp; HOL Blocking Prevention<br \/>\t\t\t&#8211; Jumbo Frame up to 13,000 Bytes<br \/>\t\t\t&#8211; IGMP Snooping<br \/>\t\t\t&nbsp;&nbsp;&nbsp; IGMP v1\/v2 Snooping<br \/>\t\t\t&nbsp;&nbsp;&nbsp; IGMP Snooping v3 Awareness<br \/>\t\t\t&nbsp;&nbsp;&nbsp; Supports 256 IGMP groups<br \/>\t\t\t&nbsp;&nbsp;&nbsp; Supports at least 64 static multicast addresses<br \/>\t\t\t&nbsp;&nbsp;&nbsp; IGMP per VLAN<br \/>\t\t\t&nbsp;&nbsp;&nbsp; Supports IGMP Snooping Querier<br \/>\t\t\t&#8211; MLD Snooping1<br \/>\t\t\t&nbsp;&nbsp;&nbsp; Supports MLD v1\/v2 awareness<br \/>\t\t\t&nbsp;&nbsp;&nbsp; Supports 256 groups<br \/>\t\t\t&nbsp;&nbsp;&nbsp; Fast Leave<br \/>\t\t\t&#8211; Spanning Tree Protocol<br \/>\t\t\t&nbsp;&nbsp;&nbsp; 802.1D STP<br \/>\t\t\t&nbsp;&nbsp;&nbsp; 802.1w RSTP<br \/>\t\t\t&#8211; Loopback Detection<br \/>\t\t\t&#8211; 802.3ad Link Aggregation<br \/>\t\t\t&nbsp;&nbsp;&nbsp; DGS-1210-10P: Max. 5 groups per device\/8 ports per group<br \/>\t\t\t&nbsp;&nbsp;&nbsp; DGS-1210-20: Max. 10 groups per device\/8 ports per group<br \/>\t\t\t&nbsp;&nbsp;&nbsp; DGS-1210-28\/28P: Max. 14 groups per device\/8 ports per group<br \/>\t\t\t&nbsp;&nbsp;&nbsp; DGS-1210-52: Max. 26 groups per device\/8 ports per group<br \/>\t\t\t&nbsp;&nbsp;&nbsp; DGS-1210-16\/24\/48: Max. 8 groups per device\/8 ports per group<br \/>\t\t\t&#8211; Port Mirroring<br \/>\t\t\t&nbsp;&nbsp;&nbsp; One-to-One, Many-to-One<br \/>\t\t\t&nbsp;&nbsp;&nbsp; Supports Mirroring for Tx\/Rx\/Both<br \/>\t\t\t&#8211; Multicast Filtering<br \/>\t\t\t&nbsp;&nbsp;&nbsp; Forwards all unregistered groups<br \/>\t\t\t&nbsp;&nbsp;&nbsp; Filters all unregistered groups<br \/>\t\t\t&nbsp;&nbsp;&nbsp; LLDP, LLDP-MED<br \/>\t\t\t<strong>VLAN<\/strong><br \/>\t\t\t&#8211; 802.1Q Tagged VLAN<br \/>\t\t\t&#8211; VLAN Group<br \/>\t\t\t&nbsp;&nbsp;&nbsp; Max. 256 static VLAN groups<br \/>\t\t\t&nbsp;&nbsp;&nbsp; Max. 4094 VIDs<br \/>\t\t\t&#8211; Management VLAN<br \/>\t\t\t&#8211; Asymmetric VLAN<br \/>\t\t\t&#8211; Auto Voice VLAN<br \/>\t\t\t&nbsp;&nbsp;&nbsp; Max. 10 user-defined OUI<br \/>\t\t\t&nbsp;&nbsp;&nbsp; Max. 8 default OUI<br \/>\t\t\t&#8211; Auto Surveillance VLAN<br \/>\t\t\t<strong>Quality of Service (QoS)<\/strong><br \/>\t\t\t&#8211; 802.1p Quality of Service<br \/>\t\t\t&#8211; Queue Handling<br \/>\t\t\t&nbsp;&nbsp;&nbsp; Strict<br \/>\t\t\t&nbsp;&nbsp;&nbsp; Weighted Round Robin (WRR)<br \/>\t\t\t&#8211; 8 queues per port<br \/>\t\t\t&#8211; Bandwidth Control<br \/>\t\t\t&nbsp;&nbsp;&nbsp; Port-based (Ingress\/Egress, min. granularity for 10\/100\/1000Base-T ports is 15 Kb\/s)<br \/>\t\t\t&#8211; CoS based on<br \/>\t\t\t&nbsp;&nbsp;&nbsp; 802.1p Priority Queues<br \/>\t\t\t&nbsp;&nbsp;&nbsp; DSCP<br \/>\t\t\t&nbsp;&nbsp;&nbsp; ToS<br \/>\t\t\t&nbsp;&nbsp;&nbsp; TCP\/UDP port number<br \/>\t\t\t&nbsp;&nbsp;&nbsp; IPv6 traffic class1<br \/>\t\t\t<strong>Access Control List (ACL)<\/strong><br \/>\t\t\t&#8211; Max. 50 profiles<br \/>\t\t\t&#8211; Max. 200 rules shared by profiles<br \/>\t\t\t&#8211; Single or multiple ports (each rule)<br \/>\t\t\t&#8211; ACL based on<br \/>\t\t\t&nbsp;&nbsp;&nbsp; MAC Address<br \/>\t\t\t&nbsp;&nbsp;&nbsp; IPv4 Address (ICMP\/IGMP\/TCP\/UDP)<br \/>\t\t\t&nbsp;&nbsp;&nbsp; IPv6 Address (ICMP\/TCP\/UDP)1<br \/>\t\t\t&nbsp;&nbsp;&nbsp; 802.1p<br \/>\t\t\t&nbsp;&nbsp;&nbsp; DSCP<br \/>\t\t\t&nbsp;&nbsp;&nbsp; Ether type<br \/>\t\t\t&nbsp;&nbsp;&nbsp; IPv6 traffic class1<br \/>\t\t\t&#8211; ACL Actions<br \/>\t\t\t&nbsp;&nbsp;&nbsp; Permit<br \/>\t\t\t&nbsp;&nbsp;&nbsp; Deny<br \/>\t\t\t<strong>Seguridad<\/strong><br \/>\t\t\t&#8211; Port Security<br \/>\t\t\t&nbsp;&nbsp;&nbsp; Supports up to 64 MAC addresses per port<br \/>\t\t\t&#8211; Broadcast\/Multicast\/Unicast Storm Control<br \/>\t\t\t&#8211; Static MAC<br \/>\t\t\t&#8211; D-Link Safeguard Engine<br \/>\t\t\t&#8211; DHCP Server Screening<br \/>\t\t\t&#8211; Trusted Host<br \/>\t\t\t&#8211; ARP Spoofing Prevention<br \/>\t\t\t&nbsp;&nbsp;&nbsp; Max. 64 entries<br \/>\t\t\t&#8211; SSL<br \/>\t\t\t&nbsp;&nbsp;&nbsp; Supports v1\/v2\/v3<br \/>\t\t\t&nbsp;&nbsp;&nbsp; Supports IPv4\/IPv6<br \/>\t\t\t&#8211; Traffic Segmentation<br \/>\t\t\t&#8211; Smart Binding1<br \/>\t\t\t&nbsp;&nbsp;&nbsp; Discover connected devices and click to bind<br \/>\t\t\t&nbsp;&nbsp;&nbsp; ARP Packet Inspection: 512 entries<br \/>\t\t\t&nbsp;&nbsp;&nbsp; IP Packet Inspection: 128 entries<br \/>\t\t\t&nbsp;&nbsp;&nbsp; Supports DHCP Snooping<br \/>\t\t\t<strong>AAA<\/strong><br \/>\t\t\t&#8211; 802.1X Port-based Authentication<br \/>\t\t\t&nbsp;&nbsp;&nbsp; Supports RADIUS Server<br \/>\t\t\t&nbsp;&nbsp;&nbsp; Supports EAP, OTP, TLS, TTLS, PEAP<br \/>\t\t\t<strong>OAM<\/strong><br \/>\t\t\t&#8211; Cable Diagnostics<br \/>\t\t\t&#8211; Factory Reset<br \/>\t\t\t<strong>MIB<\/strong><br \/>\t\t\t&#8211; 1213 MIB II<br \/>\t\t\t&#8211; 1493 Bridge MIB<br \/>\t\t\t&#8211; 1907 SNMP v2 MIB<br \/>\t\t\t&#8211; 1215 Trap Convention MIB<br \/>\t\t\t&#8211; 2233 Interface Group MIB<br \/>\t\t\t&#8211; D-Link Private MIB<br \/>\t\t\t&#8211; Power-Ethernet MIB<br \/>\t\t\t&#8211; LLDP MIB<br \/>\t\t\t&#8211; D-Link ZoneDefense MIB1<br \/>\t\t\t<strong>RFC Standard Compliance<\/strong><br \/>\t\t\t&#8211; RFC 783 TFTP<br \/>\t\t\t&#8211; RFC 854 Telnet Server<br \/>\t\t\t&#8211; RFC 951 BootP\/DHCP Client<br \/>\t\t\t&#8211; RFC 1157 SNMP v1, v2, v3<br \/>\t\t\t&#8211; RFC 1213 MIB II, IF MIB<br \/>\t\t\t&#8211; RFC 1215 MIB Traps Convention<br \/>\t\t\t&#8211; RFC 1350 TFTP<br \/>\t\t\t&#8211; RFC 1493 Bridge MIB<br \/>\t\t\t&#8211; RFC 1542 BootP\/DHCP Client<br \/>\t\t\t&#8211; RFC 1769 SNTP<br \/>\t\t\t&#8211; RFC 1901 SNMP v1, v2, v3<br \/>\t\t\t&#8211; RFC 1907 SNMP v2 MIB<br \/>\t\t\t&#8211; RFC 1908 SNMP v1, v2, v3<br \/>\t\t\t&#8211; RFC 2068 FCS<br \/>\t\t\t&#8211; RFC 2131 BootP\/DHCP Client<br \/>\t\t\t&#8211; RFC 2138 RADIUS Authentication<br \/>\t\t\t&#8211; RFC 2139 RADIUS Authentication<br \/>\t\t\t&#8211; RFC 2233 Interface Group MIB<br \/>\t\t\t&#8211; RFC 2246 SSL<br \/>\t\t\t&#8211; RFC 2475<br \/>\t\t\t&#8211; RFC 2570 SNMP v1, v2, v3<br \/>\t\t\t&#8211; RFC 2575 SNMP v1, v2, v3<br \/>\t\t\t&#8211; RFC 2598 CoS<br \/>\t\t\t&#8211; RFC 2616 FCS<br \/>\t\t\t&#8211; RFC 2618 RADIUS Authentication<br \/>\t\t\t&#8211; RFC 2819 RMON v1<br \/>\t\t\t&#8211; RFC 2865 RADIUS Authentication<br \/>\t\t\t&#8211; RFC 3164 System Log<br \/>\t\t\t&#8211; RFC 3195 System Log<br \/>\t\t\t&#8211; RFC 3411-17 SNMP<br \/>\t\t\t&#8211; RFC 3621 Power Ethernet MIB<br \/>\t\t\t<strong>Gesti&oacute;n<\/strong><br \/>\t\t\t&#8211; Multi-Language Web-based GUI<br \/>\t\t\t&nbsp;&nbsp;&nbsp; English (default)<br \/>\t\t\t&nbsp;&nbsp;&nbsp; Simplified Chinese1<br \/>\t\t\t&nbsp;&nbsp;&nbsp; Traditional Chinese1<br \/>\t\t\t&nbsp;&nbsp;&nbsp; French1<br \/>\t\t\t&nbsp;&nbsp;&nbsp; German1<br \/>\t\t\t&nbsp;&nbsp;&nbsp; Italian1<br \/>\t\t\t&nbsp;&nbsp;&nbsp; Japanese1<br \/>\t\t\t&nbsp;&nbsp;&nbsp; Portuguese1<br \/>\t\t\t&nbsp;&nbsp;&nbsp; Russian1<br \/>\t\t\t&nbsp;&nbsp;&nbsp; Spanish1<br \/>\t\t\t&#8211; SmartConsole Utility2<br \/>\t\t\t&#8211; Simplified CLI<br \/>\t\t\t&#8211; Telnet Server<br \/>\t\t\t&#8211; TFTP Client<br \/>\t\t\t&#8211; IPv6 Neighbor Discovery<br \/>\t\t\t&#8211; Configurable MDI\/MDIX<br \/>\t\t\t&#8211; SNMP<br \/>\t\t\t&nbsp;&nbsp;&nbsp; Supports v1, v2, v3<br \/>\t\t\t&#8211; SNMP Trap<br \/>\t\t\t&#8211; System Log<br \/>\t\t\t&nbsp;&nbsp;&nbsp; Max. 500 log entries<br \/>\t\t\t&#8211; BootP\/DHCP Client<br \/>\t\t\t&#8211; D-Link Network Assistant support1<br \/>\t\t\t&#8211; SNTP<br \/>\t\t\t&#8211; ICMPv6<br \/>\t\t\t&#8211; IPv4\/v6 Dual Stack1<br \/>\t\t\t&#8211; DHCP Auto Configuration<br \/>\t\t\t&#8211; RMON v1<br \/>\t\t\t<strong>D-Link Green 3.0 Technology<\/strong><br \/>\t\t\t&#8211; Power Saving by:<br \/>\t\t\t&nbsp;&nbsp;&nbsp; Link Status<br \/>\t\t\t&nbsp;&nbsp;&nbsp; Cable Length detection<br \/>\t\t\t&nbsp;&nbsp;&nbsp; LED or Port Shutoff<br \/>\t\t\t&nbsp;&nbsp;&nbsp; Port Standby mode<br \/>\t\t\t&nbsp;&nbsp;&nbsp; System Hibernation mode<br \/>\t\t\t&nbsp;&nbsp;&nbsp; Time-based PoE (PoE model only)<\/div>\n<\/td>\n<\/tr>\n<tr>\n<td valign=\"top\" width=\"35%\"><b>Fecha de revisi&oacute;n<\/b><\/td>\n<td valign=\"top\" width=\"65%\">13-06-2022 por MPM<\/td>\n<\/tr>\n<\/table>\n","protected":false},"excerpt":{"rendered":"<p>&nbsp; Marca D-Link Modelo DGS-1210-08P\/E Especificaciones &#8211; 8 puertos 10\/100\/1000 Mbps &#8211; 2 Puertos SFP Standards &#8211; IEEE 802.3 compliant &#8211; IEEE 802.3u compliant &#8211; IEEE 802.3ab compliance &#8211; Soporta Half\/Full-duplex operation at 10\/100Mbps &#8211; Soporta Full-duplex operation at 1000Mbps &#8211; Soporta Auto-Negotiation for each port &#8211; Auto MDI\/MDIX &#8211; IEEE 802.3x Flow Control support&hellip;&nbsp;<a href=\"https:\/\/aivlisoft.net\/shop\/producto\/d-link-dgs-1210-08p-e-switch-8xgb-poe-2xsfp\/\" rel=\"bookmark\"><span class=\"screen-reader-text\">D-Link DGS-1210-08P\/E Switch 8xGB PoE 2xSFP<\/span><\/a><\/p>\n","protected":false},"featured_media":20611,"template":"","meta":{"neve_meta_sidebar":"","neve_meta_container":"","neve_meta_enable_content_width":"","neve_meta_content_width":0,"neve_meta_title_alignment":"","neve_meta_author_avatar":"","neve_post_elements_order":"","neve_meta_disable_header":"","neve_meta_disable_footer":"","neve_meta_disable_title":""},"product_brand":[],"product_cat":[8771],"product_tag":[7344],"class_list":{"0":"post-20610","1":"product","2":"type-product","3":"status-publish","4":"has-post-thumbnail","6":"product_cat-switches-armario","7":"product_tag-dgs-1210-08p-e","9":"first","10":"instock","11":"taxable","12":"shipping-taxable","13":"purchasable","14":"product-type-simple"},"yoast_head":"<!-- This site is optimized with the Yoast SEO plugin v26.0 - https:\/\/yoast.com\/wordpress\/plugins\/seo\/ -->\n<title>D-Link DGS-1210-08P\/E Switch 8xGB PoE 2xSFP - Aivlisoft Inform\u00e1tica<\/title>\n<meta name=\"robots\" content=\"index, follow, max-snippet:-1, max-image-preview:large, max-video-preview:-1\" \/>\n<link rel=\"canonical\" href=\"https:\/\/aivlisoft.net\/shop\/producto\/d-link-dgs-1210-08p-e-switch-8xgb-poe-2xsfp\/\" \/>\n<meta property=\"og:locale\" content=\"es_ES\" \/>\n<meta property=\"og:type\" content=\"article\" \/>\n<meta property=\"og:title\" content=\"D-Link DGS-1210-08P\/E Switch 8xGB PoE 2xSFP - Aivlisoft Inform\u00e1tica\" \/>\n<meta property=\"og:description\" content=\"&nbsp; Marca D-Link Modelo DGS-1210-08P\/E Especificaciones &#8211; 8 puertos 10\/100\/1000 Mbps &#8211; 2 Puertos SFP Standards &#8211; IEEE 802.3 compliant &#8211; IEEE 802.3u compliant &#8211; IEEE 802.3ab compliance &#8211; Soporta Half\/Full-duplex operation at 10\/100Mbps &#8211; Soporta Full-duplex operation at 1000Mbps &#8211; Soporta Auto-Negotiation for each port &#8211; Auto MDI\/MDIX &#8211; IEEE 802.3x Flow Control support&hellip;&nbsp;D-Link DGS-1210-08P\/E Switch 8xGB PoE 2xSFP\" \/>\n<meta property=\"og:url\" content=\"https:\/\/aivlisoft.net\/shop\/producto\/d-link-dgs-1210-08p-e-switch-8xgb-poe-2xsfp\/\" \/>\n<meta property=\"og:site_name\" content=\"Aivlisoft Inform\u00e1tica\" \/>\n<meta property=\"article:modified_time\" content=\"2025-01-14T11:51:42+00:00\" \/>\n<meta property=\"og:image\" content=\"https:\/\/aivlisoft.net\/shop\/wp-content\/uploads\/2025\/01\/NSWSAR0335_800.jpg\" \/>\n\t<meta property=\"og:image:width\" content=\"800\" \/>\n\t<meta property=\"og:image:height\" content=\"800\" \/>\n\t<meta property=\"og:image:type\" content=\"image\/jpeg\" \/>\n<meta name=\"twitter:card\" content=\"summary_large_image\" \/>\n<meta name=\"twitter:label1\" content=\"Tiempo de lectura\" \/>\n\t<meta name=\"twitter:data1\" content=\"5 minutos\" \/>\n<script type=\"application\/ld+json\" class=\"yoast-schema-graph\">{\"@context\":\"https:\/\/schema.org\",\"@graph\":[{\"@type\":\"WebPage\",\"@id\":\"https:\/\/aivlisoft.net\/shop\/producto\/d-link-dgs-1210-08p-e-switch-8xgb-poe-2xsfp\/\",\"url\":\"https:\/\/aivlisoft.net\/shop\/producto\/d-link-dgs-1210-08p-e-switch-8xgb-poe-2xsfp\/\",\"name\":\"D-Link DGS-1210-08P\/E Switch 8xGB PoE 2xSFP - Aivlisoft Inform\u00e1tica\",\"isPartOf\":{\"@id\":\"https:\/\/aivlisoft.net\/shop\/#website\"},\"primaryImageOfPage\":{\"@id\":\"https:\/\/aivlisoft.net\/shop\/producto\/d-link-dgs-1210-08p-e-switch-8xgb-poe-2xsfp\/#primaryimage\"},\"image\":{\"@id\":\"https:\/\/aivlisoft.net\/shop\/producto\/d-link-dgs-1210-08p-e-switch-8xgb-poe-2xsfp\/#primaryimage\"},\"thumbnailUrl\":\"https:\/\/aivlisoft.net\/shop\/wp-content\/uploads\/2025\/01\/NSWSAR0335_800.jpg\",\"datePublished\":\"2025-01-13T15:44:41+00:00\",\"dateModified\":\"2025-01-14T11:51:42+00:00\",\"breadcrumb\":{\"@id\":\"https:\/\/aivlisoft.net\/shop\/producto\/d-link-dgs-1210-08p-e-switch-8xgb-poe-2xsfp\/#breadcrumb\"},\"inLanguage\":\"es\",\"potentialAction\":[{\"@type\":\"ReadAction\",\"target\":[\"https:\/\/aivlisoft.net\/shop\/producto\/d-link-dgs-1210-08p-e-switch-8xgb-poe-2xsfp\/\"]}]},{\"@type\":\"ImageObject\",\"inLanguage\":\"es\",\"@id\":\"https:\/\/aivlisoft.net\/shop\/producto\/d-link-dgs-1210-08p-e-switch-8xgb-poe-2xsfp\/#primaryimage\",\"url\":\"https:\/\/aivlisoft.net\/shop\/wp-content\/uploads\/2025\/01\/NSWSAR0335_800.jpg\",\"contentUrl\":\"https:\/\/aivlisoft.net\/shop\/wp-content\/uploads\/2025\/01\/NSWSAR0335_800.jpg\",\"width\":800,\"height\":800},{\"@type\":\"BreadcrumbList\",\"@id\":\"https:\/\/aivlisoft.net\/shop\/producto\/d-link-dgs-1210-08p-e-switch-8xgb-poe-2xsfp\/#breadcrumb\",\"itemListElement\":[{\"@type\":\"ListItem\",\"position\":1,\"name\":\"Portada\",\"item\":\"https:\/\/aivlisoft.net\/shop\/\"},{\"@type\":\"ListItem\",\"position\":2,\"name\":\"Tienda\",\"item\":\"https:\/\/aivlisoft.net\/shop\/tienda\/\"},{\"@type\":\"ListItem\",\"position\":3,\"name\":\"D-Link DGS-1210-08P\/E Switch 8xGB PoE 2xSFP\"}]},{\"@type\":\"WebSite\",\"@id\":\"https:\/\/aivlisoft.net\/shop\/#website\",\"url\":\"https:\/\/aivlisoft.net\/shop\/\",\"name\":\"Aivlisoft Inform\u00e1tica\",\"description\":\"En Aivlisoft Inform\u00e1tica ofrecemos soluciones tecnol\u00f3gicas para empresas: venta de ordenadores, consumibles, perif\u00e9ricos y m\u00e1s. Calidad, atenci\u00f3n personalizada y los mejores precios para tu negocio.\",\"publisher\":{\"@id\":\"https:\/\/aivlisoft.net\/shop\/#organization\"},\"potentialAction\":[{\"@type\":\"SearchAction\",\"target\":{\"@type\":\"EntryPoint\",\"urlTemplate\":\"https:\/\/aivlisoft.net\/shop\/?s={search_term_string}\"},\"query-input\":{\"@type\":\"PropertyValueSpecification\",\"valueRequired\":true,\"valueName\":\"search_term_string\"}}],\"inLanguage\":\"es\"},{\"@type\":\"Organization\",\"@id\":\"https:\/\/aivlisoft.net\/shop\/#organization\",\"name\":\"Aivlisoft Inform\u00e1tica\",\"url\":\"https:\/\/aivlisoft.net\/shop\/\",\"logo\":{\"@type\":\"ImageObject\",\"inLanguage\":\"es\",\"@id\":\"https:\/\/aivlisoft.net\/shop\/#\/schema\/logo\/image\/\",\"url\":\"https:\/\/aivlisoft.net\/shop\/wp-content\/uploads\/2024\/12\/removal.ai_5b848c54-0cdf-4140-95c5-c5536bb7573b-logodef.png\",\"contentUrl\":\"https:\/\/aivlisoft.net\/shop\/wp-content\/uploads\/2024\/12\/removal.ai_5b848c54-0cdf-4140-95c5-c5536bb7573b-logodef.png\",\"width\":484,\"height\":182,\"caption\":\"Aivlisoft Inform\u00e1tica\"},\"image\":{\"@id\":\"https:\/\/aivlisoft.net\/shop\/#\/schema\/logo\/image\/\"}}]}<\/script>\n<!-- \/ Yoast SEO plugin. -->","yoast_head_json":{"title":"D-Link DGS-1210-08P\/E Switch 8xGB PoE 2xSFP - Aivlisoft Inform\u00e1tica","robots":{"index":"index","follow":"follow","max-snippet":"max-snippet:-1","max-image-preview":"max-image-preview:large","max-video-preview":"max-video-preview:-1"},"canonical":"https:\/\/aivlisoft.net\/shop\/producto\/d-link-dgs-1210-08p-e-switch-8xgb-poe-2xsfp\/","og_locale":"es_ES","og_type":"article","og_title":"D-Link DGS-1210-08P\/E Switch 8xGB PoE 2xSFP - Aivlisoft Inform\u00e1tica","og_description":"&nbsp; Marca D-Link Modelo DGS-1210-08P\/E Especificaciones &#8211; 8 puertos 10\/100\/1000 Mbps &#8211; 2 Puertos SFP Standards &#8211; IEEE 802.3 compliant &#8211; IEEE 802.3u compliant &#8211; IEEE 802.3ab compliance &#8211; Soporta Half\/Full-duplex operation at 10\/100Mbps &#8211; Soporta Full-duplex operation at 1000Mbps &#8211; Soporta Auto-Negotiation for each port &#8211; Auto MDI\/MDIX &#8211; IEEE 802.3x Flow Control support&hellip;&nbsp;D-Link DGS-1210-08P\/E Switch 8xGB PoE 2xSFP","og_url":"https:\/\/aivlisoft.net\/shop\/producto\/d-link-dgs-1210-08p-e-switch-8xgb-poe-2xsfp\/","og_site_name":"Aivlisoft Inform\u00e1tica","article_modified_time":"2025-01-14T11:51:42+00:00","og_image":[{"width":800,"height":800,"url":"https:\/\/aivlisoft.net\/shop\/wp-content\/uploads\/2025\/01\/NSWSAR0335_800.jpg","type":"image\/jpeg"}],"twitter_card":"summary_large_image","twitter_misc":{"Tiempo de lectura":"5 minutos"},"schema":{"@context":"https:\/\/schema.org","@graph":[{"@type":"WebPage","@id":"https:\/\/aivlisoft.net\/shop\/producto\/d-link-dgs-1210-08p-e-switch-8xgb-poe-2xsfp\/","url":"https:\/\/aivlisoft.net\/shop\/producto\/d-link-dgs-1210-08p-e-switch-8xgb-poe-2xsfp\/","name":"D-Link DGS-1210-08P\/E Switch 8xGB PoE 2xSFP - Aivlisoft Inform\u00e1tica","isPartOf":{"@id":"https:\/\/aivlisoft.net\/shop\/#website"},"primaryImageOfPage":{"@id":"https:\/\/aivlisoft.net\/shop\/producto\/d-link-dgs-1210-08p-e-switch-8xgb-poe-2xsfp\/#primaryimage"},"image":{"@id":"https:\/\/aivlisoft.net\/shop\/producto\/d-link-dgs-1210-08p-e-switch-8xgb-poe-2xsfp\/#primaryimage"},"thumbnailUrl":"https:\/\/aivlisoft.net\/shop\/wp-content\/uploads\/2025\/01\/NSWSAR0335_800.jpg","datePublished":"2025-01-13T15:44:41+00:00","dateModified":"2025-01-14T11:51:42+00:00","breadcrumb":{"@id":"https:\/\/aivlisoft.net\/shop\/producto\/d-link-dgs-1210-08p-e-switch-8xgb-poe-2xsfp\/#breadcrumb"},"inLanguage":"es","potentialAction":[{"@type":"ReadAction","target":["https:\/\/aivlisoft.net\/shop\/producto\/d-link-dgs-1210-08p-e-switch-8xgb-poe-2xsfp\/"]}]},{"@type":"ImageObject","inLanguage":"es","@id":"https:\/\/aivlisoft.net\/shop\/producto\/d-link-dgs-1210-08p-e-switch-8xgb-poe-2xsfp\/#primaryimage","url":"https:\/\/aivlisoft.net\/shop\/wp-content\/uploads\/2025\/01\/NSWSAR0335_800.jpg","contentUrl":"https:\/\/aivlisoft.net\/shop\/wp-content\/uploads\/2025\/01\/NSWSAR0335_800.jpg","width":800,"height":800},{"@type":"BreadcrumbList","@id":"https:\/\/aivlisoft.net\/shop\/producto\/d-link-dgs-1210-08p-e-switch-8xgb-poe-2xsfp\/#breadcrumb","itemListElement":[{"@type":"ListItem","position":1,"name":"Portada","item":"https:\/\/aivlisoft.net\/shop\/"},{"@type":"ListItem","position":2,"name":"Tienda","item":"https:\/\/aivlisoft.net\/shop\/tienda\/"},{"@type":"ListItem","position":3,"name":"D-Link DGS-1210-08P\/E Switch 8xGB PoE 2xSFP"}]},{"@type":"WebSite","@id":"https:\/\/aivlisoft.net\/shop\/#website","url":"https:\/\/aivlisoft.net\/shop\/","name":"Aivlisoft Inform\u00e1tica","description":"En Aivlisoft Inform\u00e1tica ofrecemos soluciones tecnol\u00f3gicas para empresas: venta de ordenadores, consumibles, perif\u00e9ricos y m\u00e1s. Calidad, atenci\u00f3n personalizada y los mejores precios para tu negocio.","publisher":{"@id":"https:\/\/aivlisoft.net\/shop\/#organization"},"potentialAction":[{"@type":"SearchAction","target":{"@type":"EntryPoint","urlTemplate":"https:\/\/aivlisoft.net\/shop\/?s={search_term_string}"},"query-input":{"@type":"PropertyValueSpecification","valueRequired":true,"valueName":"search_term_string"}}],"inLanguage":"es"},{"@type":"Organization","@id":"https:\/\/aivlisoft.net\/shop\/#organization","name":"Aivlisoft Inform\u00e1tica","url":"https:\/\/aivlisoft.net\/shop\/","logo":{"@type":"ImageObject","inLanguage":"es","@id":"https:\/\/aivlisoft.net\/shop\/#\/schema\/logo\/image\/","url":"https:\/\/aivlisoft.net\/shop\/wp-content\/uploads\/2024\/12\/removal.ai_5b848c54-0cdf-4140-95c5-c5536bb7573b-logodef.png","contentUrl":"https:\/\/aivlisoft.net\/shop\/wp-content\/uploads\/2024\/12\/removal.ai_5b848c54-0cdf-4140-95c5-c5536bb7573b-logodef.png","width":484,"height":182,"caption":"Aivlisoft Inform\u00e1tica"},"image":{"@id":"https:\/\/aivlisoft.net\/shop\/#\/schema\/logo\/image\/"}}]}},"_links":{"self":[{"href":"https:\/\/aivlisoft.net\/shop\/wp-json\/wp\/v2\/product\/20610","targetHints":{"allow":["GET"]}}],"collection":[{"href":"https:\/\/aivlisoft.net\/shop\/wp-json\/wp\/v2\/product"}],"about":[{"href":"https:\/\/aivlisoft.net\/shop\/wp-json\/wp\/v2\/types\/product"}],"wp:featuredmedia":[{"embeddable":true,"href":"https:\/\/aivlisoft.net\/shop\/wp-json\/wp\/v2\/media\/20611"}],"wp:attachment":[{"href":"https:\/\/aivlisoft.net\/shop\/wp-json\/wp\/v2\/media?parent=20610"}],"wp:term":[{"taxonomy":"product_brand","embeddable":true,"href":"https:\/\/aivlisoft.net\/shop\/wp-json\/wp\/v2\/product_brand?post=20610"},{"taxonomy":"product_cat","embeddable":true,"href":"https:\/\/aivlisoft.net\/shop\/wp-json\/wp\/v2\/product_cat?post=20610"},{"taxonomy":"product_tag","embeddable":true,"href":"https:\/\/aivlisoft.net\/shop\/wp-json\/wp\/v2\/product_tag?post=20610"}],"curies":[{"name":"wp","href":"https:\/\/api.w.org\/{rel}","templated":true}]}}