{"id":20603,"date":"2025-01-13T15:44:36","date_gmt":"2025-01-13T15:44:36","guid":{"rendered":"https:\/\/aivlisoft.com\/?post_type=product&#038;p=20603"},"modified":"2025-01-14T11:51:41","modified_gmt":"2025-01-14T11:51:41","slug":"d-link-dgs-1250-52xmp-e-switch-48xg-poe4x10g-sfp","status":"publish","type":"product","link":"https:\/\/aivlisoft.net\/shop\/producto\/d-link-dgs-1250-52xmp-e-switch-48xg-poe4x10g-sfp\/","title":{"rendered":"D-Link DGS-1250-52XMP\/E Switch 48xG PoE+4x10G SFP+"},"content":{"rendered":"<p>&nbsp;<\/p>\n<table class=\"tabla_caracteristicas k-table\" width=\"100%\">\n<tr>\n<td><strong>Marca<\/strong><\/td>\n<td>D-Link<\/td>\n<\/tr>\n<tr>\n<td><strong>Modelo<\/strong><\/td>\n<td><strong>DGS-1250-52XMP\/E<\/strong><\/td>\n<\/tr>\n<tr>\n<td valign=\"top\"><strong>Caracter&iacute;sticas Hardware<\/strong><\/td>\n<td><strong>General<\/strong><br \/>\t\t\t&#8211; Versi&oacute;n de hardware: A1<br \/>\t\t\t&#8211; Interfaces:<br \/>\t\t\t&nbsp; 48 x 10\/100\/1000BASE-T PoE<br \/>\t\t\t&nbsp; 4 puertos 10G SFP+<br \/>\t\t\t&nbsp; Puerto de consola RJ-45 para la gesti&oacute;n de CLI<br \/>\t\t\t&#8211; Est&aacute;ndares de los puertos:<br \/>\t\t\t&nbsp; IEEE 802.3 10BASE-T Ethernet (cobre de par trenzado)<br \/>\t\t\t&nbsp; IEEE 802.3u 100BASE-TX Fast Ethernet (cobre de par trenzado)<br \/>\t\t\t&nbsp; IEEE 802.3u 100BASE-FX 100 Mbps sobre fibra &oacute;ptica<br \/>\t\t\t&nbsp; IEEE 802.3ab 1000BASE-T Gigabit Ethernet (cobre de par trenzado)<br \/>\t\t\t&nbsp; IEEE 802.3z 1000BASE-X 1 Gbps sobre fibra &oacute;ptica<br \/>\t\t\t&nbsp; IEEE 802.3az Ethernet de bajo consumo (EEE)<br \/>\t\t\t&nbsp; Control de flujo IEEE 802.3x<br \/>\t\t\t&nbsp; IEEE 802.3ae 10 Gigabit Ethernet<br \/>\t\t\t&nbsp; IEEE 802.3af\/at (solo modelos PoE)<br \/>\t\t\t&#8211; Cables de red:<br \/>\t\t\t&nbsp; UTP Cat. 5, Cat. 5e (100 m m&aacute;x.)<br \/>\t\t\t&#8211; Modo d&uacute;plex:<br \/>\t\t\t&nbsp; Completo \/ Medio-d&uacute;plex para 10\/100 Mbps<br \/>\t\t\t&nbsp; Completo-d&uacute;plex para 1000 Mbps<br \/>\t\t\t&#8211; Intercambio de la interfaz multimedia: Ajuste autom&aacute;tico de MDI\/MDIX en todos los puertos de par trenzado<br \/>\t\t\t<strong>Rendimiento<\/strong><br \/>\t\t\t&#8211; Capacidad de conmutaci&oacute;n: 176 Gbps<br \/>\t\t\t&#8211; M&eacute;todo de transmisi&oacute;n: Guardar y enviar<br \/>\t\t\t&#8211; Velocidad m&aacute;xima de reenv&iacute;o: 130.95 Mpps<br \/>\t\t\t&#8211; Tama&ntilde;o de la tabla de direcciones MAC: 32K<br \/>\t\t\t&#8211; Direcciones MACC est&aacute;ticas: 256 entradas<br \/>\t\t\t&#8211; B&uacute;fer de paquetes: 16 Mbits<br \/>\t\t\t&#8211; Memoria de la CPU: 2G DDR3<br \/>\t\t\t&#8211; Memoria Flash: 64MB<br \/>\t\t\t<strong>PoE<\/strong><br \/>\t\t\t&#8211; PoE est&aacute;ndar: IEEE 802.3af\/at: IEEE 802.3af\/at<br \/>\t\t\t&#8211; Puertos compatibles PoE: 24<br \/>\t\t\t&#8211; PoE Power Budget: 370 W<br \/>\t\t\t<strong>Alimentaci&oacute;n<\/strong><br \/>\t\t\t&#8211; Entrada de energ&iacute;a: 100 a 240 V CA<br \/>\t\t\t&#8211; Consumo:<br \/>\t\t\t&nbsp; PoE activado: 443.6 W<br \/>\t\t\t&nbsp; PoE desactivado: 57.2 W<br \/>\t\t\t&#8211; Consumo en espera: 28.4 W<br \/>\t\t\t<strong>F&iacute;sicas<\/strong><br \/>\t\t\t&#8211; MTBF: 309.053,10 horas<br \/>\t\t\t&#8211; Ac&uacute;stica:<br \/>\t\t\t&nbsp; M&aacute;x. 50,8 dB(A)<br \/>\t\t\t&nbsp; M&iacute;n.: 42,0 dB(A)<br \/>\t\t\t&#8211; Disipaci&oacute;n de calor:<br \/>\t\t\t&nbsp; PoE activado: 1471,415 BTU\/h<br \/>\t\t\t&nbsp; PoE desactivado: 133,331 BTU\/h<br \/>\t\t\t&#8211; Peso: 3.85kg<br \/>\t\t\t&#8211; Dimensiones: 440 x 430 x 44 mm<\/td>\n<\/tr>\n<tr>\n<td valign=\"top\"><strong>Caracter&iacute;sticas Software<\/strong><\/td>\n<td><strong>Caracter&iacute;sticas L2<\/strong><br \/>\t\t\t&#8211; Tabla de direcciones MAC<br \/>\t\t\t&nbsp; 16K entradas<br \/>\t\t\t&nbsp; 32K entradas (solo DGS-1250-52X\/52XMP)<br \/>\t\t\t&#8211; IGMP Snooping<br \/>\t\t\t&nbsp; IGMP v1\/v2\/v3 Snooping<br \/>\t\t\t&nbsp; Compatible con 256 grupos IGMP<br \/>\t\t\t&nbsp; Admite al menos 64 direcciones est&aacute;ticas de multidifusi&oacute;n<br \/>\t\t\t&nbsp; IGMP por VLAN<br \/>\t\t\t&nbsp; Admite la consulta IGMP Snooping Querier<br \/>\t\t\t&#8211; Detecci&oacute;n de loopback<br \/>\t\t\t&#8211; 802.3ad Link Aggregation:<br \/>\t\t\t&nbsp; Admite un m&aacute;ximo de 8 grupos por dispositivo y 8 puertos por grupo<br \/>\t\t\t&#8211; LLDP<br \/>\t\t\t&#8211; LLDP-MED<br \/>\t\t\t&#8211; Jumbo Frame<br \/>\t\t\t&nbsp; Hasta 12.000 bytes<br \/>\t\t\t&#8211; Protocolo Spanning Tree<br \/>\t\t\t&nbsp; 802.1D STP<br \/>\t\t\t&nbsp; 802.1W RSTP<br \/>\t\t\t&nbsp; 802.1s MSTP<br \/>\t\t\t&#8211; Control del flujo<br \/>\t\t\t&nbsp; Control 802.3x del flujo<br \/>\t\t\t&nbsp; Prevenci&oacute;n de bloqueo HOL<br \/>\t\t\t&#8211; Copia de puertos<br \/>\t\t\t&nbsp; De uno a uno<br \/>\t\t\t&nbsp; De muchos a uno<br \/>\t\t\t&nbsp; Compatible con copia para Tx\/Rx\/Both<br \/>\t\t\t&#8211; Filtrado multidifusi&oacute;n<br \/>\t\t\t&nbsp; Reenv&iacute;a todos los grupos registrados<br \/>\t\t\t&nbsp; Filtra todos los grupos no registrados<br \/>\t\t\t&#8211; MDI\/MDIX configurable<br \/>\t\t\t&nbsp; MLD snooping v1\/v2 sensibilizaci&oacute;n (256 grupos)<br \/>\t\t\t<strong>VLAN<\/strong><br \/>\t\t\t&#8211; 802.1Q<br \/>\t\t\t&#8211; Grupo de VLAN<br \/>\t\t\t&nbsp; M&aacute;x. 4094 grupos VLAN est&aacute;ticos<br \/>\t\t\t&#8211; VID configurable de 1 &#8211; 4094<br \/>\t\t\t&#8211; VLAN asim&eacute;trica<br \/>\t\t\t&#8211; Auto Voice VLAN<br \/>\t\t\t&nbsp; M&aacute;x. 10 OUI definidos por el usuario<br \/>\t\t\t&nbsp; M&aacute;x. 8 OUI predeterminados<br \/>\t\t\t<strong>Calidad de Servicio (QoS)<\/strong><br \/>\t\t\t&#8211; Calidad de servicio 802.1p<br \/>\t\t\t&#8211; 8 colas por puerto<br \/>\t\t\t&#8211; Gesti&oacute;n de colas<br \/>\t\t\t&nbsp; Estricto<br \/>\t\t\t&nbsp; Round Robin ponderado (WRR)<br \/>\t\t\t&#8211; Control del ancho de banda<br \/>\t\t\t&nbsp; Basado en puerto (entrada\/salida, granularidad m&iacute;nima 10\/100\/1000 a 16 Kbps)<br \/>\t\t\t&#8211; Basado en QoS:<br \/>\t\t\t&nbsp; Colas de prioridad 802.1p<br \/>\t\t\t&nbsp; DSCP<br \/>\t\t\t&nbsp; Direcci&oacute;n MAC<br \/>\t\t\t&nbsp; EtherType<br \/>\t\t\t&nbsp; Direcci&oacute;n IP<br \/>\t\t\t&nbsp; Tipo de protocolo<br \/>\t\t\t&nbsp; ToS<br \/>\t\t\t&nbsp; Preferencia de IP<br \/>\t\t\t&nbsp; Tr&aacute;fico de tipo IPv6<br \/>\t\t\t&nbsp; Puerto TCP\/UDP<br \/>\t\t\t<strong>Caracter&iacute;sticas L3<\/strong><br \/>\t\t\t&#8211; Interfaz IP<br \/>\t\t\t&nbsp; Admite 4 interfaces<br \/>\t\t\t&#8211; IPv6 Neighbor Discovery (ND)<br \/>\t\t\t&nbsp; Static Routing<br \/>\t\t\t&nbsp; 124 entradas de rutas IPv4 est&aacute;ticas<br \/>\t\t\t&#8211; 50 entradas de rutas IPv6 est&aacute;ticas<br \/>\t\t\t<strong>Lista de control de acceso (ACL)<\/strong><br \/>\t\t\t&#8211; M&aacute;x. 50 listas de acceso<br \/>\t\t\t&#8211; M&aacute;x. 768 reglas compartidas por IPv4, MAC e IPv6<br \/>\t\t\t&#8211; Cada regla puede asociarse a un solo puerto<br \/>\t\t\t&#8211; ACL basado en<br \/>\t\t\t&nbsp; Direcci&oacute;n MAC<br \/>\t\t\t&nbsp; &#8211; M&aacute;scara de prioridad 802.1p<br \/>\t\t\t&nbsp; &#8211; M&aacute;scara VID<br \/>\t\t\t&nbsp; &#8211; M&aacute;scara de direcci&oacute;n MAC de origen\/destino<br \/>\t\t\t&nbsp; &#8211; M&aacute;scara EtherType<br \/>\t\t\t&nbsp; Direcci&oacute;n IP<br \/>\t\t\t&nbsp; &#8211; M&aacute;scara de direcci&oacute;n IP de origen\/destino<br \/>\t\t\t&nbsp; &#8211; M&aacute;scara DSCP<br \/>\t\t\t&nbsp; &#8211; M&aacute;scara de tipo de protocolo<br \/>\t\t\t&nbsp; &#8211; M&aacute;scara de n&uacute;mero de puerto TCP\/UDP<br \/>\t\t\t&nbsp; Direcci&oacute;n IPv6<br \/>\t\t\t&nbsp; &#8211; M&aacute;scara de direcci&oacute;n IP de origen\/destino<br \/>\t\t\t&nbsp; &#8211; M&aacute;scara DSCP<br \/>\t\t\t&nbsp; &#8211; M&aacute;scara de tipo de protocolo<br \/>\t\t\t&nbsp; &#8211; M&aacute;scara de n&uacute;mero de puerto TCP\/UDP<br \/>\t\t\t&nbsp; &#8211; M&aacute;scara de clase de tr&aacute;fico IPv6<br \/>\t\t\t<strong>Caracter&iacute;sticas de seguridad<\/strong><br \/>\t\t\t&#8211; Broadcast\/Multicast\/Control Unicast Storm<br \/>\t\t\t&#8211; D-Link Safeguard Engine<br \/>\t\t\t&#8211; Segmentaci&oacute;n del tr&aacute;fico<br \/>\t\t\t&#8211; SSH v2<br \/>\t\t\t&#8211; TLS v.1.2<br \/>\t\t\t&#8211; Prevenci&oacute;n de ataques DoS<br \/>\t\t\t&#8211; Control de acceso basado en puertos 802.1X<br \/>\t\t\t&#8211; Protecci&oacute;n de los puertos<br \/>\t\t\t&nbsp; Admite hasta 64 direcciones MAC por puerto<br \/>\t\t\t&#8211; ARP Spoofing para prevenir la suplantaci&oacute;n de identidad<br \/>\t\t\t&nbsp; M&aacute;x. 127 entradas<br \/>\t\t\t&#8211; Detecci&oacute;n de servidor DHCP<br \/>\t\t\t&#8211; Vinculaci&oacute;n de puertos IP-MAC (vinculaci&oacute;n inteligente)<br \/>\t\t\t&nbsp; Inspecci&oacute;n ARP<br \/>\t\t\t&nbsp; &#8211; M&aacute;x. 64 entradas<br \/>\t\t\t&nbsp; Inspecci&oacute;n IPv4<br \/>\t\t\t&nbsp; &#8211; M&aacute;x. 127 entradas<br \/>\t\t\t&nbsp; Inspecci&oacute;n IPv6<br \/>\t\t\t&nbsp; &#8211; M&aacute;x. 63 entradas<br \/>\t\t\t&nbsp; DHCP snooping<br \/>\t\t\t&nbsp; &#8211; M&aacute;x. 512 entradas<br \/>\t\t\t<strong>AAA<\/strong><br \/>\t\t\t&#8211; Autenticaci&oacute;n 802.1X<br \/>\t\t\t&nbsp; Compatible con base de datos local\/RADIUS<br \/>\t\t\t&nbsp; Admite control de acceso basado en puerto<br \/>\t\t\t&nbsp; Compatible con EAP, OTP, TLS, TTLS, PEAP<br \/>\t\t\t&nbsp; M&aacute;x. 128 entradas cuando se utiliza una base de datos local<br \/>\t\t\t&#8211; Servidor RADIUS IPv6<br \/>\t\t\t&#8211; Admite autenticaci&oacute;n MD5<br \/>\t\t\t<strong>OAM<\/strong><br \/>\t\t\t&#8211; Diagn&oacute;stico de los cables<br \/>\t\t\t&#8211; Restablecimiento de f&aacute;brica<br \/>\t\t\t<strong>Gesti&oacute;n de red<\/strong><br \/>\t\t\t&#8211; GUI de tipo Web<br \/>\t\t\t&#8211; Asistente de red D-Link<br \/>\t\t\t&#8211; Puerto consola<br \/>\t\t\t&#8211; Full Command Line Interface (CLI)1<br \/>\t\t\t&#8211; Servidor Telnet<br \/>\t\t\t&#8211; Cliente TFTP<br \/>\t\t\t&#8211; MDI\/MDIX configurable<br \/>\t\t\t&#8211; SNMP<br \/>\t\t\t&nbsp; Admite v1\/v2c\/v3<br \/>\t\t\t&#8211; SNMP Trap<br \/>\t\t\t&#8211; Copia de seguridad\/actualizaci&oacute;n de firmware<br \/>\t\t\t&#8211; Smart Wizard<br \/>\t\t\t&#8211; Carga\/descarga del archivo de configuraci&oacute;n<br \/>\t\t\t&#8211; BootP\/cliente DHCP<br \/>\t\t\t&#8211; Registro del sistema<br \/>\t\t\t&nbsp; M&aacute;x. 500 entradas de registro<br \/>\t\t\t&#8211; SNTP<br \/>\t\t\t&#8211; ICMP v6<br \/>\t\t\t&#8211; IPv4\/v6 doble pila<br \/>\t\t\t&#8211; Configuraci&oacute;n autom&aacute;tica de DHCP<br \/>\t\t\t&#8211; Ajuste de la hora<br \/>\t\t\t&nbsp; SNTP<br \/>\t\t\t&#8211; RMONv1<br \/>\t\t\t&#8211; Host de confianza<br \/>\t\t\t&#8211; Imagen dual<br \/>\t\t\t&#8211; Configuraci&oacute;n dual<\/td>\n<\/tr>\n<tr>\n<td><strong>Fecha Revisi&oacute;n<\/strong><\/td>\n<td>13-06-2022 por MPM<\/td>\n<\/tr>\n<\/table>\n","protected":false},"excerpt":{"rendered":"<p>&nbsp; Marca D-Link Modelo DGS-1250-52XMP\/E Caracter&iacute;sticas Hardware General &#8211; Versi&oacute;n de hardware: A1 &#8211; Interfaces: &nbsp; 48 x 10\/100\/1000BASE-T PoE &nbsp; 4 puertos 10G SFP+ &nbsp; Puerto de consola RJ-45 para la gesti&oacute;n de CLI &#8211; Est&aacute;ndares de los puertos: &nbsp; IEEE 802.3 10BASE-T Ethernet (cobre de par trenzado) &nbsp; IEEE 802.3u 100BASE-TX Fast Ethernet&hellip;&nbsp;<a href=\"https:\/\/aivlisoft.net\/shop\/producto\/d-link-dgs-1250-52xmp-e-switch-48xg-poe4x10g-sfp\/\" rel=\"bookmark\"><span class=\"screen-reader-text\">D-Link DGS-1250-52XMP\/E Switch 48xG PoE+4x10G SFP+<\/span><\/a><\/p>\n","protected":false},"featured_media":20604,"template":"","meta":{"neve_meta_sidebar":"","neve_meta_container":"","neve_meta_enable_content_width":"","neve_meta_content_width":0,"neve_meta_title_alignment":"","neve_meta_author_avatar":"","neve_post_elements_order":"","neve_meta_disable_header":"","neve_meta_disable_footer":"","neve_meta_disable_title":""},"product_brand":[],"product_cat":[8771],"product_tag":[7342],"class_list":{"0":"post-20603","1":"product","2":"type-product","3":"status-publish","4":"has-post-thumbnail","6":"product_cat-switches-armario","7":"product_tag-dgs-1250-52xmp-e","9":"first","10":"instock","11":"taxable","12":"shipping-taxable","13":"purchasable","14":"product-type-simple"},"yoast_head":"<!-- This site is optimized with the Yoast SEO plugin v26.0 - https:\/\/yoast.com\/wordpress\/plugins\/seo\/ -->\n<title>D-Link DGS-1250-52XMP\/E Switch 48xG PoE+4x10G SFP+ - Aivlisoft Inform\u00e1tica<\/title>\n<meta name=\"robots\" content=\"index, follow, max-snippet:-1, max-image-preview:large, max-video-preview:-1\" \/>\n<link rel=\"canonical\" href=\"https:\/\/aivlisoft.net\/shop\/producto\/d-link-dgs-1250-52xmp-e-switch-48xg-poe4x10g-sfp\/\" \/>\n<meta property=\"og:locale\" content=\"es_ES\" \/>\n<meta property=\"og:type\" content=\"article\" \/>\n<meta property=\"og:title\" content=\"D-Link DGS-1250-52XMP\/E Switch 48xG PoE+4x10G SFP+ - Aivlisoft Inform\u00e1tica\" \/>\n<meta property=\"og:description\" content=\"&nbsp; Marca D-Link Modelo DGS-1250-52XMP\/E Caracter&iacute;sticas Hardware General &#8211; Versi&oacute;n de hardware: A1 &#8211; Interfaces: &nbsp; 48 x 10\/100\/1000BASE-T PoE &nbsp; 4 puertos 10G SFP+ &nbsp; Puerto de consola RJ-45 para la gesti&oacute;n de CLI &#8211; Est&aacute;ndares de los puertos: &nbsp; IEEE 802.3 10BASE-T Ethernet (cobre de par trenzado) &nbsp; IEEE 802.3u 100BASE-TX Fast Ethernet&hellip;&nbsp;D-Link DGS-1250-52XMP\/E Switch 48xG PoE+4x10G SFP+\" \/>\n<meta property=\"og:url\" content=\"https:\/\/aivlisoft.net\/shop\/producto\/d-link-dgs-1250-52xmp-e-switch-48xg-poe4x10g-sfp\/\" \/>\n<meta property=\"og:site_name\" content=\"Aivlisoft Inform\u00e1tica\" \/>\n<meta property=\"article:modified_time\" content=\"2025-01-14T11:51:41+00:00\" \/>\n<meta property=\"og:image\" content=\"https:\/\/aivlisoft.net\/shop\/wp-content\/uploads\/2025\/01\/NSWSAR0333_800.jpg\" \/>\n\t<meta property=\"og:image:width\" content=\"800\" \/>\n\t<meta property=\"og:image:height\" content=\"800\" \/>\n\t<meta property=\"og:image:type\" content=\"image\/jpeg\" \/>\n<meta name=\"twitter:card\" content=\"summary_large_image\" \/>\n<meta name=\"twitter:label1\" content=\"Tiempo de lectura\" \/>\n\t<meta name=\"twitter:data1\" content=\"6 minutos\" \/>\n<script type=\"application\/ld+json\" class=\"yoast-schema-graph\">{\"@context\":\"https:\/\/schema.org\",\"@graph\":[{\"@type\":\"WebPage\",\"@id\":\"https:\/\/aivlisoft.net\/shop\/producto\/d-link-dgs-1250-52xmp-e-switch-48xg-poe4x10g-sfp\/\",\"url\":\"https:\/\/aivlisoft.net\/shop\/producto\/d-link-dgs-1250-52xmp-e-switch-48xg-poe4x10g-sfp\/\",\"name\":\"D-Link DGS-1250-52XMP\/E Switch 48xG PoE+4x10G SFP+ - Aivlisoft Inform\u00e1tica\",\"isPartOf\":{\"@id\":\"https:\/\/aivlisoft.net\/shop\/#website\"},\"primaryImageOfPage\":{\"@id\":\"https:\/\/aivlisoft.net\/shop\/producto\/d-link-dgs-1250-52xmp-e-switch-48xg-poe4x10g-sfp\/#primaryimage\"},\"image\":{\"@id\":\"https:\/\/aivlisoft.net\/shop\/producto\/d-link-dgs-1250-52xmp-e-switch-48xg-poe4x10g-sfp\/#primaryimage\"},\"thumbnailUrl\":\"https:\/\/aivlisoft.net\/shop\/wp-content\/uploads\/2025\/01\/NSWSAR0333_800.jpg\",\"datePublished\":\"2025-01-13T15:44:36+00:00\",\"dateModified\":\"2025-01-14T11:51:41+00:00\",\"breadcrumb\":{\"@id\":\"https:\/\/aivlisoft.net\/shop\/producto\/d-link-dgs-1250-52xmp-e-switch-48xg-poe4x10g-sfp\/#breadcrumb\"},\"inLanguage\":\"es\",\"potentialAction\":[{\"@type\":\"ReadAction\",\"target\":[\"https:\/\/aivlisoft.net\/shop\/producto\/d-link-dgs-1250-52xmp-e-switch-48xg-poe4x10g-sfp\/\"]}]},{\"@type\":\"ImageObject\",\"inLanguage\":\"es\",\"@id\":\"https:\/\/aivlisoft.net\/shop\/producto\/d-link-dgs-1250-52xmp-e-switch-48xg-poe4x10g-sfp\/#primaryimage\",\"url\":\"https:\/\/aivlisoft.net\/shop\/wp-content\/uploads\/2025\/01\/NSWSAR0333_800.jpg\",\"contentUrl\":\"https:\/\/aivlisoft.net\/shop\/wp-content\/uploads\/2025\/01\/NSWSAR0333_800.jpg\",\"width\":800,\"height\":800},{\"@type\":\"BreadcrumbList\",\"@id\":\"https:\/\/aivlisoft.net\/shop\/producto\/d-link-dgs-1250-52xmp-e-switch-48xg-poe4x10g-sfp\/#breadcrumb\",\"itemListElement\":[{\"@type\":\"ListItem\",\"position\":1,\"name\":\"Portada\",\"item\":\"https:\/\/aivlisoft.net\/shop\/\"},{\"@type\":\"ListItem\",\"position\":2,\"name\":\"Tienda\",\"item\":\"https:\/\/aivlisoft.net\/shop\/tienda\/\"},{\"@type\":\"ListItem\",\"position\":3,\"name\":\"D-Link DGS-1250-52XMP\/E Switch 48xG PoE+4x10G SFP+\"}]},{\"@type\":\"WebSite\",\"@id\":\"https:\/\/aivlisoft.net\/shop\/#website\",\"url\":\"https:\/\/aivlisoft.net\/shop\/\",\"name\":\"Aivlisoft Inform\u00e1tica\",\"description\":\"En Aivlisoft Inform\u00e1tica ofrecemos soluciones tecnol\u00f3gicas para empresas: venta de ordenadores, consumibles, perif\u00e9ricos y m\u00e1s. Calidad, atenci\u00f3n personalizada y los mejores precios para tu negocio.\",\"publisher\":{\"@id\":\"https:\/\/aivlisoft.net\/shop\/#organization\"},\"potentialAction\":[{\"@type\":\"SearchAction\",\"target\":{\"@type\":\"EntryPoint\",\"urlTemplate\":\"https:\/\/aivlisoft.net\/shop\/?s={search_term_string}\"},\"query-input\":{\"@type\":\"PropertyValueSpecification\",\"valueRequired\":true,\"valueName\":\"search_term_string\"}}],\"inLanguage\":\"es\"},{\"@type\":\"Organization\",\"@id\":\"https:\/\/aivlisoft.net\/shop\/#organization\",\"name\":\"Aivlisoft Inform\u00e1tica\",\"url\":\"https:\/\/aivlisoft.net\/shop\/\",\"logo\":{\"@type\":\"ImageObject\",\"inLanguage\":\"es\",\"@id\":\"https:\/\/aivlisoft.net\/shop\/#\/schema\/logo\/image\/\",\"url\":\"https:\/\/aivlisoft.net\/shop\/wp-content\/uploads\/2024\/12\/removal.ai_5b848c54-0cdf-4140-95c5-c5536bb7573b-logodef.png\",\"contentUrl\":\"https:\/\/aivlisoft.net\/shop\/wp-content\/uploads\/2024\/12\/removal.ai_5b848c54-0cdf-4140-95c5-c5536bb7573b-logodef.png\",\"width\":484,\"height\":182,\"caption\":\"Aivlisoft Inform\u00e1tica\"},\"image\":{\"@id\":\"https:\/\/aivlisoft.net\/shop\/#\/schema\/logo\/image\/\"}}]}<\/script>\n<!-- \/ Yoast SEO plugin. -->","yoast_head_json":{"title":"D-Link DGS-1250-52XMP\/E Switch 48xG PoE+4x10G SFP+ - Aivlisoft Inform\u00e1tica","robots":{"index":"index","follow":"follow","max-snippet":"max-snippet:-1","max-image-preview":"max-image-preview:large","max-video-preview":"max-video-preview:-1"},"canonical":"https:\/\/aivlisoft.net\/shop\/producto\/d-link-dgs-1250-52xmp-e-switch-48xg-poe4x10g-sfp\/","og_locale":"es_ES","og_type":"article","og_title":"D-Link DGS-1250-52XMP\/E Switch 48xG PoE+4x10G SFP+ - Aivlisoft Inform\u00e1tica","og_description":"&nbsp; Marca D-Link Modelo DGS-1250-52XMP\/E Caracter&iacute;sticas Hardware General &#8211; Versi&oacute;n de hardware: A1 &#8211; Interfaces: &nbsp; 48 x 10\/100\/1000BASE-T PoE &nbsp; 4 puertos 10G SFP+ &nbsp; Puerto de consola RJ-45 para la gesti&oacute;n de CLI &#8211; Est&aacute;ndares de los puertos: &nbsp; IEEE 802.3 10BASE-T Ethernet (cobre de par trenzado) &nbsp; IEEE 802.3u 100BASE-TX Fast Ethernet&hellip;&nbsp;D-Link DGS-1250-52XMP\/E Switch 48xG PoE+4x10G SFP+","og_url":"https:\/\/aivlisoft.net\/shop\/producto\/d-link-dgs-1250-52xmp-e-switch-48xg-poe4x10g-sfp\/","og_site_name":"Aivlisoft Inform\u00e1tica","article_modified_time":"2025-01-14T11:51:41+00:00","og_image":[{"width":800,"height":800,"url":"https:\/\/aivlisoft.net\/shop\/wp-content\/uploads\/2025\/01\/NSWSAR0333_800.jpg","type":"image\/jpeg"}],"twitter_card":"summary_large_image","twitter_misc":{"Tiempo de lectura":"6 minutos"},"schema":{"@context":"https:\/\/schema.org","@graph":[{"@type":"WebPage","@id":"https:\/\/aivlisoft.net\/shop\/producto\/d-link-dgs-1250-52xmp-e-switch-48xg-poe4x10g-sfp\/","url":"https:\/\/aivlisoft.net\/shop\/producto\/d-link-dgs-1250-52xmp-e-switch-48xg-poe4x10g-sfp\/","name":"D-Link DGS-1250-52XMP\/E Switch 48xG PoE+4x10G SFP+ - Aivlisoft Inform\u00e1tica","isPartOf":{"@id":"https:\/\/aivlisoft.net\/shop\/#website"},"primaryImageOfPage":{"@id":"https:\/\/aivlisoft.net\/shop\/producto\/d-link-dgs-1250-52xmp-e-switch-48xg-poe4x10g-sfp\/#primaryimage"},"image":{"@id":"https:\/\/aivlisoft.net\/shop\/producto\/d-link-dgs-1250-52xmp-e-switch-48xg-poe4x10g-sfp\/#primaryimage"},"thumbnailUrl":"https:\/\/aivlisoft.net\/shop\/wp-content\/uploads\/2025\/01\/NSWSAR0333_800.jpg","datePublished":"2025-01-13T15:44:36+00:00","dateModified":"2025-01-14T11:51:41+00:00","breadcrumb":{"@id":"https:\/\/aivlisoft.net\/shop\/producto\/d-link-dgs-1250-52xmp-e-switch-48xg-poe4x10g-sfp\/#breadcrumb"},"inLanguage":"es","potentialAction":[{"@type":"ReadAction","target":["https:\/\/aivlisoft.net\/shop\/producto\/d-link-dgs-1250-52xmp-e-switch-48xg-poe4x10g-sfp\/"]}]},{"@type":"ImageObject","inLanguage":"es","@id":"https:\/\/aivlisoft.net\/shop\/producto\/d-link-dgs-1250-52xmp-e-switch-48xg-poe4x10g-sfp\/#primaryimage","url":"https:\/\/aivlisoft.net\/shop\/wp-content\/uploads\/2025\/01\/NSWSAR0333_800.jpg","contentUrl":"https:\/\/aivlisoft.net\/shop\/wp-content\/uploads\/2025\/01\/NSWSAR0333_800.jpg","width":800,"height":800},{"@type":"BreadcrumbList","@id":"https:\/\/aivlisoft.net\/shop\/producto\/d-link-dgs-1250-52xmp-e-switch-48xg-poe4x10g-sfp\/#breadcrumb","itemListElement":[{"@type":"ListItem","position":1,"name":"Portada","item":"https:\/\/aivlisoft.net\/shop\/"},{"@type":"ListItem","position":2,"name":"Tienda","item":"https:\/\/aivlisoft.net\/shop\/tienda\/"},{"@type":"ListItem","position":3,"name":"D-Link DGS-1250-52XMP\/E Switch 48xG PoE+4x10G SFP+"}]},{"@type":"WebSite","@id":"https:\/\/aivlisoft.net\/shop\/#website","url":"https:\/\/aivlisoft.net\/shop\/","name":"Aivlisoft Inform\u00e1tica","description":"En Aivlisoft Inform\u00e1tica ofrecemos soluciones tecnol\u00f3gicas para empresas: venta de ordenadores, consumibles, perif\u00e9ricos y m\u00e1s. Calidad, atenci\u00f3n personalizada y los mejores precios para tu negocio.","publisher":{"@id":"https:\/\/aivlisoft.net\/shop\/#organization"},"potentialAction":[{"@type":"SearchAction","target":{"@type":"EntryPoint","urlTemplate":"https:\/\/aivlisoft.net\/shop\/?s={search_term_string}"},"query-input":{"@type":"PropertyValueSpecification","valueRequired":true,"valueName":"search_term_string"}}],"inLanguage":"es"},{"@type":"Organization","@id":"https:\/\/aivlisoft.net\/shop\/#organization","name":"Aivlisoft Inform\u00e1tica","url":"https:\/\/aivlisoft.net\/shop\/","logo":{"@type":"ImageObject","inLanguage":"es","@id":"https:\/\/aivlisoft.net\/shop\/#\/schema\/logo\/image\/","url":"https:\/\/aivlisoft.net\/shop\/wp-content\/uploads\/2024\/12\/removal.ai_5b848c54-0cdf-4140-95c5-c5536bb7573b-logodef.png","contentUrl":"https:\/\/aivlisoft.net\/shop\/wp-content\/uploads\/2024\/12\/removal.ai_5b848c54-0cdf-4140-95c5-c5536bb7573b-logodef.png","width":484,"height":182,"caption":"Aivlisoft Inform\u00e1tica"},"image":{"@id":"https:\/\/aivlisoft.net\/shop\/#\/schema\/logo\/image\/"}}]}},"_links":{"self":[{"href":"https:\/\/aivlisoft.net\/shop\/wp-json\/wp\/v2\/product\/20603","targetHints":{"allow":["GET"]}}],"collection":[{"href":"https:\/\/aivlisoft.net\/shop\/wp-json\/wp\/v2\/product"}],"about":[{"href":"https:\/\/aivlisoft.net\/shop\/wp-json\/wp\/v2\/types\/product"}],"wp:featuredmedia":[{"embeddable":true,"href":"https:\/\/aivlisoft.net\/shop\/wp-json\/wp\/v2\/media\/20604"}],"wp:attachment":[{"href":"https:\/\/aivlisoft.net\/shop\/wp-json\/wp\/v2\/media?parent=20603"}],"wp:term":[{"taxonomy":"product_brand","embeddable":true,"href":"https:\/\/aivlisoft.net\/shop\/wp-json\/wp\/v2\/product_brand?post=20603"},{"taxonomy":"product_cat","embeddable":true,"href":"https:\/\/aivlisoft.net\/shop\/wp-json\/wp\/v2\/product_cat?post=20603"},{"taxonomy":"product_tag","embeddable":true,"href":"https:\/\/aivlisoft.net\/shop\/wp-json\/wp\/v2\/product_tag?post=20603"}],"curies":[{"name":"wp","href":"https:\/\/api.w.org\/{rel}","templated":true}]}}