{"id":20590,"date":"2025-01-13T15:44:22","date_gmt":"2025-01-13T15:44:22","guid":{"rendered":"https:\/\/aivlisoft.com\/?post_type=product&#038;p=20590"},"modified":"2025-01-14T11:51:35","modified_gmt":"2025-01-14T11:51:35","slug":"d-link-dgs-1510-28xmp-e-switch-l2-24xgb-poe-4x10gb","status":"publish","type":"product","link":"https:\/\/aivlisoft.net\/shop\/producto\/d-link-dgs-1510-28xmp-e-switch-l2-24xgb-poe-4x10gb\/","title":{"rendered":"D-Link DGS-1510-28XMP\/E Switch L2 24xGB PoE 4x10Gb"},"content":{"rendered":"<p>&nbsp;<\/p>\n<table class=\"tabla_caracteristicas k-table\" width=\"100%\">\n<tr>\n<td><strong>Marca<\/strong><\/td>\n<td>D-Link<\/td>\n<\/tr>\n<tr>\n<td><strong>Modelo<\/strong><\/td>\n<td><strong>DGS-1510-28XMP\/E<\/strong><\/td>\n<\/tr>\n<tr>\n<td valign=\"top\"><strong>Puertos<\/strong><\/td>\n<td>&#8211; 24 x 10\/100\/1000 Mbps PoE capable + 4 x 10G SFP+<\/td>\n<\/tr>\n<tr>\n<td valign=\"top\"><strong>Est&aacute;ndares<\/strong><\/td>\n<td>&#8211; IEEE 802.3 10BASE-T Ethernet<br \/>\t\t\t&#8211; IEEE 802.3u 100BASE-TX Fast Ethernet<br \/>\t\t\t&#8211; IEEE 802.3ab 1000BASE-T Gigabit Ethernet<br \/>\t\t\t&#8211; 802.3ae 10 GbE<br \/>\t\t\t&#8211; IEEE 802.3x Flow Control for Full-Duplex Mode<br \/>\t\t\t&#8211; Auto-negotiation<\/td>\n<\/tr>\n<tr>\n<td valign=\"top\"><strong>Caracter&iacute;sticas<\/strong><\/td>\n<td>&#8211; Full\/half duplex for 10\/100 Mbps and Gigabit speed<br \/>\t\t\t&#8211; Switching capacity: 128 Gbps<br \/>\t\t\t&#8211; M&eacute;todo de transmisi&oacute;n: Store-and-forward<br \/>\t\t\t&#8211; Tabla de direcciones MAC: 16,000 entradas por dispositivo<br \/>\t\t\t&#8211; Maximum 64 bytes Packet Forwarding Rate: 95.24 Mpps<br \/>\t\t\t&#8211; PoE Standard: IEEE 802.3af, 802.3at<br \/>\t\t\t<strong>Stackability<\/strong><br \/>\t\t\t&#8211; Virtual Stacking Support<br \/>\t\t\t&#8211; Physical Stacking<br \/>\t\t\t<strong>L2 Features<\/strong><br \/>\t\t\t&#8211; MAC Address Table: Up to 16,384<br \/>\t\t\t&#8211; Flow Control<br \/>\t\t\t&#8211; Jumbo Frame up to 9,216 Bytes<br \/>\t\t\t&#8211; IGMP Snooping<br \/>\t\t\t&#8211; MLD Snooping<br \/>\t\t\t&#8211; Spanning Tree Protocol<br \/>\t\t\t&#8211; Loopback Detection v4.07<br \/>\t\t\t&#8211; 802.3ad Link Aggregation<br \/>\t\t\t&#8211; Port Mirroring<br \/>\t\t\t&#8211; Multicast Filtering<br \/>\t\t\t&#8211; Ethernet Ring Protection Switching (ERPS)<br \/>\t\t\t<strong>VLAN<\/strong><br \/>\t\t\t&#8211; 802.1Q Tagged VLAN<br \/>\t\t\t&#8211; 4K VLAN Groups<br \/>\t\t\t&#8211; Configurable VID: 0~4094<br \/>\t\t\t&#8211; GVRP<br \/>\t\t\t&#8211; Asymmetric VLAN<br \/>\t\t\t&#8211; Auto Voice VLAN<br \/>\t\t\t&#8211; Auto Surveillance VLAN&nbsp; 2.1<br \/>\t\t\t&#8211; MAC-based VLAN<br \/>\t\t\t&#8211; Protocol-based VLAN<br \/>\t\t\t<strong>Quality of Service (QoS)<\/strong><br \/>\t\t\t&#8211; CoS based on<br \/>\t\t\t&#8211; 802.1p Quality of Service<br \/>\t\t\t&#8211; Queue Handling<br \/>\t\t\t&#8211; 8 queues per port<br \/>\t\t\t&#8211; Bandwidth Control<br \/>\t\t\t<strong>L3 Features<\/strong><br \/>\t\t\t&#8211; ARP<br \/>\t\t\t&#8211; IPv6 Neighbour Discovery (ND)<br \/>\t\t\t&#8211; 16 IP interfaces<br \/>\t\t\t&#8211; Default Routing<br \/>\t\t\t&#8211; Static Routing<br \/>\t\t\t&#8211; UDP helper<br \/>\t\t\t<strong>Access Control List (ACL)<\/strong><br \/>\t\t\t&#8211; ACL based on<br \/>\t\t\t&#8211; ACL Actions<br \/>\t\t\t&#8211; Max. 256 access list<br \/>\t\t\t&#8211; Max. 768 rules<br \/>\t\t\t&#8211; Single or multiple ports (each rule)<br \/>\t\t\t&#8211; Time-based ACL<br \/>\t\t\t&#8211; ACL Statistics<br \/>\t\t\t<strong>Security<\/strong><br \/>\t\t\t&#8211; Port Security<br \/>\t\t\t&#8211; Broadcast\/Multicast\/Unicast Storm Control<br \/>\t\t\t&#8211; Dynamic ARP Inspection<br \/>\t\t\t&#8211; D-Link Safeguard Engine<br \/>\t\t\t&#8211; DHCP Server Screening<br \/>\t\t\t&#8211; ARP Spoofing Prevention<br \/>\t\t\t&#8211; SSH<br \/>\t\t\t&#8211; BPDU Attack Protection<br \/>\t\t\t&#8211; DoS Attack Prevention<br \/>\t\t\t&#8211; SSL<br \/>\t\t\t&#8211; Traffic Segmentation<br \/>\t\t\t&#8211; IP-MAC-Port Binding<br \/>\t\t\t<strong>AAA<\/strong><br \/>\t\t\t&#8211; Compound Authentication<br \/>\t\t\t&#8211; 802.1X Port and MAC-based Authentication<br \/>\t\t\t&#8211; Web-based Access Control (WAC)<br \/>\t\t\t&#8211; Guest VLAN<br \/>\t\t\t&#8211; RADIUS and TACACS+ authentication for switch access<br \/>\t\t\t&#8211; RADIUS and TACACS+ accounting<br \/>\t\t\t&#8211; MAC-based Access Control (MAC)<br \/>\t\t\t&#8211; Japan Web-based Access Control (JWAC)<br \/>\t\t\t<strong>Management<\/strong><br \/>\t\t\t&#8211; Command Line Interface (CLI)<br \/>\t\t\t&#8211; Telnet Server<br \/>\t\t\t&#8211; TFTP Client<br \/>\t\t\t&#8211; IPv6 Neighbor Discovery<br \/>\t\t\t&#8211; Configurable MDI\/MDIX<br \/>\t\t\t&#8211; SNMP<br \/>\t\t\t&#8211; SNMP Trap<br \/>\t\t\t&#8211; System Log<br \/>\t\t\t&#8211; Debug command<br \/>\t\t\t&#8211; Dual images<br \/>\t\t\t&#8211; Surveillance mode<br \/>\t\t\t&#8211; DHCP Client<br \/>\t\t\t&#8211; D-Link Network Assistant support<br \/>\t\t\t&#8211; SNTP<br \/>\t\t\t&#8211; ICMPv6<br \/>\t\t\t&#8211; IPv4\/v6 Dual Stack<br \/>\t\t\t&#8211; DHCP Auto Configuration<br \/>\t\t\t&#8211; RMON v1<br \/>\t\t\t&#8211; LLDP, LLDP-MED<br \/>\t\t\t&#8211; DHCP relay<br \/>\t\t\t&#8211; Web-based GUI<br \/>\t\t\t&#8211; TFTP Client<br \/>\t\t\t&#8211; NTP<br \/>\t\t\t&#8211; Telnet client (supports CLI only)<\/td>\n<\/tr>\n<tr>\n<td valign=\"top\"><strong>Otras Caracteristicas<\/strong><\/td>\n<td><strong>Fisicas<\/strong><br \/>\t\t\t&#8211; Dimensiones: 440 x 308 x 44 mm<br \/>\t\t\t&#8211; Peso: 4.25 kg<br \/>\t\t\t<strong>Certificaciones<\/strong><br \/>\t\t\t&#8211; CE<br \/>\t\t\t&#8211; FCC<br \/>\t\t\t&#8211; C-Tick<br \/>\t\t\t&#8211; VCCI<br \/>\t\t\t&#8211; BSMI<\/td>\n<\/tr>\n<tr>\n<td><strong>Fecha Revisi&oacute;n<\/strong><\/td>\n<td>09-06-2022 por MPM<\/td>\n<\/tr>\n<\/table>\n","protected":false},"excerpt":{"rendered":"<p>&nbsp; Marca D-Link Modelo DGS-1510-28XMP\/E Puertos &#8211; 24 x 10\/100\/1000 Mbps PoE capable + 4 x 10G SFP+ Est&aacute;ndares &#8211; IEEE 802.3 10BASE-T Ethernet &#8211; IEEE 802.3u 100BASE-TX Fast Ethernet &#8211; IEEE 802.3ab 1000BASE-T Gigabit Ethernet &#8211; 802.3ae 10 GbE &#8211; IEEE 802.3x Flow Control for Full-Duplex Mode &#8211; Auto-negotiation Caracter&iacute;sticas &#8211; Full\/half duplex for&hellip;&nbsp;<a href=\"https:\/\/aivlisoft.net\/shop\/producto\/d-link-dgs-1510-28xmp-e-switch-l2-24xgb-poe-4x10gb\/\" rel=\"bookmark\"><span class=\"screen-reader-text\">D-Link DGS-1510-28XMP\/E Switch L2 24xGB PoE 4x10Gb<\/span><\/a><\/p>\n","protected":false},"featured_media":20591,"template":"","meta":{"neve_meta_sidebar":"","neve_meta_container":"","neve_meta_enable_content_width":"","neve_meta_content_width":0,"neve_meta_title_alignment":"","neve_meta_author_avatar":"","neve_post_elements_order":"","neve_meta_disable_header":"","neve_meta_disable_footer":"","neve_meta_disable_title":""},"product_brand":[],"product_cat":[8771],"product_tag":[7337],"class_list":{"0":"post-20590","1":"product","2":"type-product","3":"status-publish","4":"has-post-thumbnail","6":"product_cat-switches-armario","7":"product_tag-dgs-1510-28xmp-e","9":"first","10":"instock","11":"taxable","12":"shipping-taxable","13":"purchasable","14":"product-type-simple"},"yoast_head":"<!-- This site is optimized with the Yoast SEO plugin v26.0 - https:\/\/yoast.com\/wordpress\/plugins\/seo\/ -->\n<title>D-Link DGS-1510-28XMP\/E Switch L2 24xGB PoE 4x10Gb - Aivlisoft Inform\u00e1tica<\/title>\n<meta name=\"robots\" content=\"index, follow, max-snippet:-1, max-image-preview:large, max-video-preview:-1\" \/>\n<link rel=\"canonical\" href=\"https:\/\/aivlisoft.net\/shop\/producto\/d-link-dgs-1510-28xmp-e-switch-l2-24xgb-poe-4x10gb\/\" \/>\n<meta property=\"og:locale\" content=\"es_ES\" \/>\n<meta property=\"og:type\" content=\"article\" \/>\n<meta property=\"og:title\" content=\"D-Link DGS-1510-28XMP\/E Switch L2 24xGB PoE 4x10Gb - Aivlisoft Inform\u00e1tica\" \/>\n<meta property=\"og:description\" content=\"&nbsp; Marca D-Link Modelo DGS-1510-28XMP\/E Puertos &#8211; 24 x 10\/100\/1000 Mbps PoE capable + 4 x 10G SFP+ Est&aacute;ndares &#8211; IEEE 802.3 10BASE-T Ethernet &#8211; IEEE 802.3u 100BASE-TX Fast Ethernet &#8211; IEEE 802.3ab 1000BASE-T Gigabit Ethernet &#8211; 802.3ae 10 GbE &#8211; IEEE 802.3x Flow Control for Full-Duplex Mode &#8211; Auto-negotiation Caracter&iacute;sticas &#8211; Full\/half duplex for&hellip;&nbsp;D-Link DGS-1510-28XMP\/E Switch L2 24xGB PoE 4x10Gb\" \/>\n<meta property=\"og:url\" content=\"https:\/\/aivlisoft.net\/shop\/producto\/d-link-dgs-1510-28xmp-e-switch-l2-24xgb-poe-4x10gb\/\" \/>\n<meta property=\"og:site_name\" content=\"Aivlisoft Inform\u00e1tica\" \/>\n<meta property=\"article:modified_time\" content=\"2025-01-14T11:51:35+00:00\" \/>\n<meta property=\"og:image\" content=\"https:\/\/aivlisoft.net\/shop\/wp-content\/uploads\/2025\/01\/NSWSAR0328_800.jpg\" \/>\n\t<meta property=\"og:image:width\" content=\"800\" \/>\n\t<meta property=\"og:image:height\" content=\"800\" \/>\n\t<meta property=\"og:image:type\" content=\"image\/jpeg\" \/>\n<meta name=\"twitter:card\" content=\"summary_large_image\" \/>\n<meta name=\"twitter:label1\" content=\"Tiempo de lectura\" \/>\n\t<meta name=\"twitter:data1\" content=\"2 minutos\" \/>\n<script type=\"application\/ld+json\" class=\"yoast-schema-graph\">{\"@context\":\"https:\/\/schema.org\",\"@graph\":[{\"@type\":\"WebPage\",\"@id\":\"https:\/\/aivlisoft.net\/shop\/producto\/d-link-dgs-1510-28xmp-e-switch-l2-24xgb-poe-4x10gb\/\",\"url\":\"https:\/\/aivlisoft.net\/shop\/producto\/d-link-dgs-1510-28xmp-e-switch-l2-24xgb-poe-4x10gb\/\",\"name\":\"D-Link DGS-1510-28XMP\/E Switch L2 24xGB PoE 4x10Gb - Aivlisoft Inform\u00e1tica\",\"isPartOf\":{\"@id\":\"https:\/\/aivlisoft.net\/shop\/#website\"},\"primaryImageOfPage\":{\"@id\":\"https:\/\/aivlisoft.net\/shop\/producto\/d-link-dgs-1510-28xmp-e-switch-l2-24xgb-poe-4x10gb\/#primaryimage\"},\"image\":{\"@id\":\"https:\/\/aivlisoft.net\/shop\/producto\/d-link-dgs-1510-28xmp-e-switch-l2-24xgb-poe-4x10gb\/#primaryimage\"},\"thumbnailUrl\":\"https:\/\/aivlisoft.net\/shop\/wp-content\/uploads\/2025\/01\/NSWSAR0328_800.jpg\",\"datePublished\":\"2025-01-13T15:44:22+00:00\",\"dateModified\":\"2025-01-14T11:51:35+00:00\",\"breadcrumb\":{\"@id\":\"https:\/\/aivlisoft.net\/shop\/producto\/d-link-dgs-1510-28xmp-e-switch-l2-24xgb-poe-4x10gb\/#breadcrumb\"},\"inLanguage\":\"es\",\"potentialAction\":[{\"@type\":\"ReadAction\",\"target\":[\"https:\/\/aivlisoft.net\/shop\/producto\/d-link-dgs-1510-28xmp-e-switch-l2-24xgb-poe-4x10gb\/\"]}]},{\"@type\":\"ImageObject\",\"inLanguage\":\"es\",\"@id\":\"https:\/\/aivlisoft.net\/shop\/producto\/d-link-dgs-1510-28xmp-e-switch-l2-24xgb-poe-4x10gb\/#primaryimage\",\"url\":\"https:\/\/aivlisoft.net\/shop\/wp-content\/uploads\/2025\/01\/NSWSAR0328_800.jpg\",\"contentUrl\":\"https:\/\/aivlisoft.net\/shop\/wp-content\/uploads\/2025\/01\/NSWSAR0328_800.jpg\",\"width\":800,\"height\":800},{\"@type\":\"BreadcrumbList\",\"@id\":\"https:\/\/aivlisoft.net\/shop\/producto\/d-link-dgs-1510-28xmp-e-switch-l2-24xgb-poe-4x10gb\/#breadcrumb\",\"itemListElement\":[{\"@type\":\"ListItem\",\"position\":1,\"name\":\"Portada\",\"item\":\"https:\/\/aivlisoft.net\/shop\/\"},{\"@type\":\"ListItem\",\"position\":2,\"name\":\"Tienda\",\"item\":\"https:\/\/aivlisoft.net\/shop\/tienda\/\"},{\"@type\":\"ListItem\",\"position\":3,\"name\":\"D-Link DGS-1510-28XMP\/E Switch L2 24xGB PoE 4x10Gb\"}]},{\"@type\":\"WebSite\",\"@id\":\"https:\/\/aivlisoft.net\/shop\/#website\",\"url\":\"https:\/\/aivlisoft.net\/shop\/\",\"name\":\"Aivlisoft Inform\u00e1tica\",\"description\":\"En Aivlisoft Inform\u00e1tica ofrecemos soluciones tecnol\u00f3gicas para empresas: venta de ordenadores, consumibles, perif\u00e9ricos y m\u00e1s. Calidad, atenci\u00f3n personalizada y los mejores precios para tu negocio.\",\"publisher\":{\"@id\":\"https:\/\/aivlisoft.net\/shop\/#organization\"},\"potentialAction\":[{\"@type\":\"SearchAction\",\"target\":{\"@type\":\"EntryPoint\",\"urlTemplate\":\"https:\/\/aivlisoft.net\/shop\/?s={search_term_string}\"},\"query-input\":{\"@type\":\"PropertyValueSpecification\",\"valueRequired\":true,\"valueName\":\"search_term_string\"}}],\"inLanguage\":\"es\"},{\"@type\":\"Organization\",\"@id\":\"https:\/\/aivlisoft.net\/shop\/#organization\",\"name\":\"Aivlisoft Inform\u00e1tica\",\"url\":\"https:\/\/aivlisoft.net\/shop\/\",\"logo\":{\"@type\":\"ImageObject\",\"inLanguage\":\"es\",\"@id\":\"https:\/\/aivlisoft.net\/shop\/#\/schema\/logo\/image\/\",\"url\":\"https:\/\/aivlisoft.net\/shop\/wp-content\/uploads\/2024\/12\/removal.ai_5b848c54-0cdf-4140-95c5-c5536bb7573b-logodef.png\",\"contentUrl\":\"https:\/\/aivlisoft.net\/shop\/wp-content\/uploads\/2024\/12\/removal.ai_5b848c54-0cdf-4140-95c5-c5536bb7573b-logodef.png\",\"width\":484,\"height\":182,\"caption\":\"Aivlisoft Inform\u00e1tica\"},\"image\":{\"@id\":\"https:\/\/aivlisoft.net\/shop\/#\/schema\/logo\/image\/\"}}]}<\/script>\n<!-- \/ Yoast SEO plugin. -->","yoast_head_json":{"title":"D-Link DGS-1510-28XMP\/E Switch L2 24xGB PoE 4x10Gb - Aivlisoft Inform\u00e1tica","robots":{"index":"index","follow":"follow","max-snippet":"max-snippet:-1","max-image-preview":"max-image-preview:large","max-video-preview":"max-video-preview:-1"},"canonical":"https:\/\/aivlisoft.net\/shop\/producto\/d-link-dgs-1510-28xmp-e-switch-l2-24xgb-poe-4x10gb\/","og_locale":"es_ES","og_type":"article","og_title":"D-Link DGS-1510-28XMP\/E Switch L2 24xGB PoE 4x10Gb - Aivlisoft Inform\u00e1tica","og_description":"&nbsp; Marca D-Link Modelo DGS-1510-28XMP\/E Puertos &#8211; 24 x 10\/100\/1000 Mbps PoE capable + 4 x 10G SFP+ Est&aacute;ndares &#8211; IEEE 802.3 10BASE-T Ethernet &#8211; IEEE 802.3u 100BASE-TX Fast Ethernet &#8211; IEEE 802.3ab 1000BASE-T Gigabit Ethernet &#8211; 802.3ae 10 GbE &#8211; IEEE 802.3x Flow Control for Full-Duplex Mode &#8211; Auto-negotiation Caracter&iacute;sticas &#8211; Full\/half duplex for&hellip;&nbsp;D-Link DGS-1510-28XMP\/E Switch L2 24xGB PoE 4x10Gb","og_url":"https:\/\/aivlisoft.net\/shop\/producto\/d-link-dgs-1510-28xmp-e-switch-l2-24xgb-poe-4x10gb\/","og_site_name":"Aivlisoft Inform\u00e1tica","article_modified_time":"2025-01-14T11:51:35+00:00","og_image":[{"width":800,"height":800,"url":"https:\/\/aivlisoft.net\/shop\/wp-content\/uploads\/2025\/01\/NSWSAR0328_800.jpg","type":"image\/jpeg"}],"twitter_card":"summary_large_image","twitter_misc":{"Tiempo de lectura":"2 minutos"},"schema":{"@context":"https:\/\/schema.org","@graph":[{"@type":"WebPage","@id":"https:\/\/aivlisoft.net\/shop\/producto\/d-link-dgs-1510-28xmp-e-switch-l2-24xgb-poe-4x10gb\/","url":"https:\/\/aivlisoft.net\/shop\/producto\/d-link-dgs-1510-28xmp-e-switch-l2-24xgb-poe-4x10gb\/","name":"D-Link DGS-1510-28XMP\/E Switch L2 24xGB PoE 4x10Gb - Aivlisoft Inform\u00e1tica","isPartOf":{"@id":"https:\/\/aivlisoft.net\/shop\/#website"},"primaryImageOfPage":{"@id":"https:\/\/aivlisoft.net\/shop\/producto\/d-link-dgs-1510-28xmp-e-switch-l2-24xgb-poe-4x10gb\/#primaryimage"},"image":{"@id":"https:\/\/aivlisoft.net\/shop\/producto\/d-link-dgs-1510-28xmp-e-switch-l2-24xgb-poe-4x10gb\/#primaryimage"},"thumbnailUrl":"https:\/\/aivlisoft.net\/shop\/wp-content\/uploads\/2025\/01\/NSWSAR0328_800.jpg","datePublished":"2025-01-13T15:44:22+00:00","dateModified":"2025-01-14T11:51:35+00:00","breadcrumb":{"@id":"https:\/\/aivlisoft.net\/shop\/producto\/d-link-dgs-1510-28xmp-e-switch-l2-24xgb-poe-4x10gb\/#breadcrumb"},"inLanguage":"es","potentialAction":[{"@type":"ReadAction","target":["https:\/\/aivlisoft.net\/shop\/producto\/d-link-dgs-1510-28xmp-e-switch-l2-24xgb-poe-4x10gb\/"]}]},{"@type":"ImageObject","inLanguage":"es","@id":"https:\/\/aivlisoft.net\/shop\/producto\/d-link-dgs-1510-28xmp-e-switch-l2-24xgb-poe-4x10gb\/#primaryimage","url":"https:\/\/aivlisoft.net\/shop\/wp-content\/uploads\/2025\/01\/NSWSAR0328_800.jpg","contentUrl":"https:\/\/aivlisoft.net\/shop\/wp-content\/uploads\/2025\/01\/NSWSAR0328_800.jpg","width":800,"height":800},{"@type":"BreadcrumbList","@id":"https:\/\/aivlisoft.net\/shop\/producto\/d-link-dgs-1510-28xmp-e-switch-l2-24xgb-poe-4x10gb\/#breadcrumb","itemListElement":[{"@type":"ListItem","position":1,"name":"Portada","item":"https:\/\/aivlisoft.net\/shop\/"},{"@type":"ListItem","position":2,"name":"Tienda","item":"https:\/\/aivlisoft.net\/shop\/tienda\/"},{"@type":"ListItem","position":3,"name":"D-Link DGS-1510-28XMP\/E Switch L2 24xGB PoE 4x10Gb"}]},{"@type":"WebSite","@id":"https:\/\/aivlisoft.net\/shop\/#website","url":"https:\/\/aivlisoft.net\/shop\/","name":"Aivlisoft Inform\u00e1tica","description":"En Aivlisoft Inform\u00e1tica ofrecemos soluciones tecnol\u00f3gicas para empresas: venta de ordenadores, consumibles, perif\u00e9ricos y m\u00e1s. Calidad, atenci\u00f3n personalizada y los mejores precios para tu negocio.","publisher":{"@id":"https:\/\/aivlisoft.net\/shop\/#organization"},"potentialAction":[{"@type":"SearchAction","target":{"@type":"EntryPoint","urlTemplate":"https:\/\/aivlisoft.net\/shop\/?s={search_term_string}"},"query-input":{"@type":"PropertyValueSpecification","valueRequired":true,"valueName":"search_term_string"}}],"inLanguage":"es"},{"@type":"Organization","@id":"https:\/\/aivlisoft.net\/shop\/#organization","name":"Aivlisoft Inform\u00e1tica","url":"https:\/\/aivlisoft.net\/shop\/","logo":{"@type":"ImageObject","inLanguage":"es","@id":"https:\/\/aivlisoft.net\/shop\/#\/schema\/logo\/image\/","url":"https:\/\/aivlisoft.net\/shop\/wp-content\/uploads\/2024\/12\/removal.ai_5b848c54-0cdf-4140-95c5-c5536bb7573b-logodef.png","contentUrl":"https:\/\/aivlisoft.net\/shop\/wp-content\/uploads\/2024\/12\/removal.ai_5b848c54-0cdf-4140-95c5-c5536bb7573b-logodef.png","width":484,"height":182,"caption":"Aivlisoft Inform\u00e1tica"},"image":{"@id":"https:\/\/aivlisoft.net\/shop\/#\/schema\/logo\/image\/"}}]}},"_links":{"self":[{"href":"https:\/\/aivlisoft.net\/shop\/wp-json\/wp\/v2\/product\/20590","targetHints":{"allow":["GET"]}}],"collection":[{"href":"https:\/\/aivlisoft.net\/shop\/wp-json\/wp\/v2\/product"}],"about":[{"href":"https:\/\/aivlisoft.net\/shop\/wp-json\/wp\/v2\/types\/product"}],"wp:featuredmedia":[{"embeddable":true,"href":"https:\/\/aivlisoft.net\/shop\/wp-json\/wp\/v2\/media\/20591"}],"wp:attachment":[{"href":"https:\/\/aivlisoft.net\/shop\/wp-json\/wp\/v2\/media?parent=20590"}],"wp:term":[{"taxonomy":"product_brand","embeddable":true,"href":"https:\/\/aivlisoft.net\/shop\/wp-json\/wp\/v2\/product_brand?post=20590"},{"taxonomy":"product_cat","embeddable":true,"href":"https:\/\/aivlisoft.net\/shop\/wp-json\/wp\/v2\/product_cat?post=20590"},{"taxonomy":"product_tag","embeddable":true,"href":"https:\/\/aivlisoft.net\/shop\/wp-json\/wp\/v2\/product_tag?post=20590"}],"curies":[{"name":"wp","href":"https:\/\/api.w.org\/{rel}","templated":true}]}}