{"id":20587,"date":"2025-01-13T15:44:21","date_gmt":"2025-01-13T15:44:21","guid":{"rendered":"https:\/\/aivlisoft.com\/?post_type=product&#038;p=20587"},"modified":"2025-01-14T11:51:34","modified_gmt":"2025-01-14T11:51:34","slug":"d-link-dgs-1510-28p-e-switch-l2-24xgb-poe-2xsfp","status":"publish","type":"product","link":"https:\/\/aivlisoft.net\/shop\/producto\/d-link-dgs-1510-28p-e-switch-l2-24xgb-poe-2xsfp\/","title":{"rendered":"D-Link DGS-1510-28P\/E Switch L2 24xGB PoE 2xSFP+"},"content":{"rendered":"<p>Las series DGS-1510 es la &uacute;tlima generaci&oacute;n de switches configurables de D-Link con un puerto 10G, haciendolo ideal para el desarrollo en entornos SME\/SMB. La serie DGS-1510 proporciona una interconexi&oacute;n fiable y escalable entre otros core switches y edge switches con muchas capacidades y flexibilidad simplificada. Disponible en 16, 24 o 48 puertos de 10\/100\/1000 Mbps con puertos de fibra adicionales para stacking f&iacute;sico o uplink.<br \/>&nbsp;<\/p>\n<table class=\"tabla_caracteristicas k-table\" width=\"100%\">\n<tr>\n<td><strong>Marca<\/strong><\/td>\n<td>D-Link<\/td>\n<\/tr>\n<tr>\n<td><strong>Modelo<\/strong><\/td>\n<td><strong>DGS-1510-28P\/E<\/strong><\/td>\n<\/tr>\n<tr>\n<td valign=\"top\"><strong>Caracter&iacute;sticas<\/strong><\/td>\n<td>\n<div>&#8211; Puertos 10 \/ 100 \/ 1000 BASE-TX: 24 puertos<br \/>\t\t\t&#8211; Puertos Gigabit SFP: 2 Puertos<br \/>\t\t\t&#8211; Puertos 10G SFP+: 2 puertos<br \/>\t\t\t&#8211; Interruptor de Capacidad: 92 Gbps<br \/>\t\t\t&#8211; M&aacute;xima velocidad de env&iacute;o: 68.45 Mpps<br \/>\t\t\t&#8211; Tabla de direcciones MAC Tama&ntilde;o: 16K<br \/>\t\t\t&#8211; Buffer de Paquetes: 1.5 Mbits<br \/>\t\t\t&#8211; Enlace \/ Actividad (por puerto): S&iacute;<br \/>\t\t\t<strong>F&iacute;sica y Ambiental<\/strong><br \/>\t\t\t&#8211; Consumo de energ&iacute;a (Max): 193 W<br \/>\t\t\t&#8211; Entrada de energ&iacute;a: 100 a 240 VCA, 50 a 60Hz<br \/>\t\t\t&#8211; Dimensiones (W x D x H): 440 x 250 x 44 mm<br \/>\t\t\t&#8211; Peso: 2.54 kg<br \/>\t\t\t&#8211; Temperatura<br \/>\t\t\t&nbsp; De funcionamiento: -5 &deg; a 50 &deg; C<br \/>\t\t\t&nbsp; Almacenamiento: -20 &deg; a 70 &deg; C<br \/>\t\t\t&#8211; Humedad<br \/>\t\t\t&nbsp; De funcionamiento: 0% ~ 95% sin condensaci&oacute;n<br \/>\t\t\t&nbsp; Almacenamiento: 0% ~ 95% sin condensaci&oacute;n<br \/>\t\t\t&#8211; EMI \/ EMC: CE, FCC, C-Tick, VCCI, BSMI, CCC<br \/>\t\t\t&#8211; Seguridad: cUL, CB<br \/>\t\t\t<strong>Caracter&iacute;sticas L2<br \/>\t\t\t&#8211;<\/strong> Tabla de direcciones MAC: hasta 16.384<br \/>\t\t\t&#8211; Control de flujo<br \/>\t\t\t&nbsp; 802.3x Control de flujo<br \/>\t\t\t&nbsp; Prevenci&oacute;n del bloqueo de HOL<br \/>\t\t\t&#8211; Cuadros Jumbo hasta 9216 bytes<br \/>\t\t\t&#8211; IGMP Snooping<br \/>\t\t\t&nbsp; IGMP v1 \/ v2 \/ v3<br \/>\t\t\t&nbsp; Soporta 512 Grupos<br \/>\t\t\t&nbsp; IGMP Snooping Querier<br \/>\t\t\t&#8211; Agregaci&oacute;n de enlaces 802.3ad:<br \/>\t\t\t&nbsp; Max. 32 grupos por dispositivo \/ 8 puertos por grupo<br \/>\t\t\t&#8211; Detecci&oacute;n de bucle inverso<br \/>\t\t\t&#8211; Espejo de puertos<br \/>\t\t\t&nbsp; Soporta 4 grupos de espejo<br \/>\t\t\t&nbsp; Uno a uno<br \/>\t\t\t&nbsp; Muchos a uno<br \/>\t\t\t&#8211; Protocolo Spanning Tree<br \/>\t\t\t&nbsp; 802.1D STP<br \/>\t\t\t&nbsp; 802.1w RSTP<br \/>\t\t\t&nbsp; 802.1s MSTP<br \/>\t\t\t<strong>VLAN<\/strong><br \/>\t\t\t&#8211; 802.1Q Tagged VLAN<br \/>\t\t\t&#8211; VLAN de vigilancia autom&aacute;tica<br \/>\t\t\t&#8211; VLAN de voz<br \/>\t\t\t&#8211; VLAN de administraci&oacute;n<br \/>\t\t\t&#8211; VLAN asim&eacute;trica<br \/>\t\t\t&#8211; Grupo VLAN<br \/>\t\t\t&nbsp; Max. 4094 VIDs<br \/>\t\t\t<strong>Calidad de Servicio (QoS)<\/strong><br \/>\t\t\t&#8211; Prioridad 802.1p<br \/>\t\t\t&#8211; 8 colas por puerto<br \/>\t\t\t&#8211; Manejo de colas<br \/>\t\t\t&nbsp; Estricto<br \/>\t\t\t&nbsp; Robo Redondeado Ponderado (WRR)<br \/>\t\t\t&#8211; Control de ancho de banda basado en puertos (limitaci&oacute;n de velocidad)<br \/>\t\t\t&nbsp; Entrada\/Salida: 64 Kbps<br \/>\t\t\t<strong>Gesti&oacute;n<\/strong><br \/>\t\t\t&#8211; CLI<br \/>\t\t\t&#8211; Telnet<br \/>\t\t\t&#8211; Cliente TFTP<br \/>\t\t\t&#8211; IPv6 Neighbor Discovery<br \/>\t\t\t&#8211; Autoconfiguraci&oacute;n DHCP<br \/>\t\t\t&#8211; Modo de conmutaci&oacute;n de vigilancia<br \/>\t\t\t&#8211; Utilidad del Asistente de red D-Link<br \/>\t\t\t<strong>Seguridad<\/strong><br \/>\t\t\t&#8211; Salvaguardia de D-Link<br \/>\t\t\t&#8211; Segmentaci&oacute;n del tr&aacute;fico<br \/>\t\t\t&#8211; Control de tormenta unicast de difusi&oacute;n \/ multicast \/ desconocido<br \/>\t\t\t&#8211; Prevenci&oacute;n de ataque de DoS<br \/>\t\t\t&#8211; SSL<br \/>\t\t\t<strong>Caracter&iacute;sticas L3<\/strong><br \/>\t\t\t&#8211; ARP<br \/>\t\t\t&nbsp; 256 ARP est&aacute;ticas<br \/>\t\t\t&nbsp; Soporta ARP gratuito<br \/>\t\t\t&#8211; IPV6 Neighbour Discovery<br \/>\t\t\t&#8211; 16 interfaces IP^<br \/>\t\t\t&#8211; Default routing<br \/>\t\t\t&#8211; Static routing<br \/>\t\t\t&nbsp; 64 IPV4 entradas de Static Route<br \/>\t\t\t&nbsp; 32 IPV6 entradas de Static Route<br \/>\t\t\t&#8211; Ayuda UDP<br \/>\t\t\t<strong>Acces Control List (ACL)<\/strong><br \/>\t\t\t&#8211; ACL basada es<br \/>\t\t\t&nbsp; Prioridad 802.1p<br \/>\t\t\t&nbsp; VLAN<br \/>\t\t\t&nbsp; Direcci&oacute;n MAC<br \/>\t\t\t&nbsp; Tipo Ethernet<br \/>\t\t\t&nbsp; DCSP<br \/>\t\t\t&nbsp; Tipo de protocolo<br \/>\t\t\t&nbsp; N&uacute;mero de puerto TCP\/UDP<br \/>\t\t\t&#8211; Acciones ACL: permit \/ deny<br \/>\t\t\t&#8211; M&aacute;ximo de 256 access list<br \/>\t\t\t&#8211; M&aacute;ximo de 768 reglas<br \/>\t\t\t&#8211; ACL basada en tiempo<br \/>\t\t\t&#8211; Estad&iacute;sticas ACL<br \/>\t\t\t<strong>AAA<\/strong><br \/>\t\t\t&#8211; Autenticaci&oacute;n compuesta<br \/>\t\t\t&#8211; Autenticaci&oacute;n 802.1X basada en Puertos y MAC<br \/>\t\t\t&nbsp; Soporta RADIUS y Servidor Local<br \/>\t\t\t&nbsp; Soporta EAP, OTP, TLS, TTLS, PEAP<br \/>\t\t\t&#8211; Control de acceso basado en web (WAC)<br \/>\t\t\t&nbsp; Control de acceso basado en puerto<br \/>\t\t\t&nbsp; Control de acceso basado en host<br \/>\t\t\t&nbsp; Asignaci&oacute;n din&aacute;mica de VLAN<br \/>\t\t\t&#8211; VLAN de invitados<br \/>\t\t\t&#8211; Autenticaci&oacute;n RADIUS y TACACS+ para acceso por switch<br \/>\t\t\t&#8211; Contabilidad RADIUS y TACACS+<br \/>\t\t\t&#8211; Control de acceso basado en MAC (MAC)<br \/>\t\t\t&nbsp; Control de acceso basado en puerto<br \/>\t\t\t&nbsp; Control de acceso basado en host<br \/>\t\t\t&nbsp; Asignaci&oacute;n din&aacute;mica de VLAN<br \/>\t\t\t<strong>D-Link Green<\/strong><br \/>\t\t\t&#8211; Ahorro de energ&iacute;a por<br \/>\t\t\t&nbsp; Estado del enlace<br \/>\t\t\t&nbsp; LED apagado<br \/>\t\t\t&nbsp; Apagado del puerto<br \/>\t\t\t&#8211; Hibernaci&oacute;n del sistema<br \/>\t\t\t&#8211; Time-based PoE<br \/>\t\t\t<strong>Est&aacute;ndares<\/strong><\/div>\n<p>\t\t\t&#8211; IEEE 802.3 10BASE-T Ethernet<br \/>\t\t\t&#8211; IEEE 802.3u 100BASE-TX Fast Ethernet<br \/>\t\t\t&#8211; IEEE 802.3ab 1000BASE-T Gigabit Ethernet<br \/>\t\t\t&#8211; 802.3ae 10 GbE<br \/>\t\t\t&#8211; IEEE 802.3x Flow Control para Full-Duplex Mode<br \/>\t\t\t&#8211; Auto-negociaci&oacute;n<\/td>\n<\/tr>\n<tr>\n<td><strong>Fecha Revisi&oacute;n<\/strong><\/td>\n<td>09-06-2022 por MPM<\/td>\n<\/tr>\n<\/table>\n","protected":false},"excerpt":{"rendered":"<p>Las series DGS-1510 es la &uacute;tlima generaci&oacute;n de switches configurables de D-Link con un puerto 10G, haciendolo ideal para el desarrollo en entornos SME\/SMB. La serie DGS-1510 proporciona una interconexi&oacute;n fiable y escalable entre otros core switches y edge switches con muchas capacidades y flexibilidad simplificada. Disponible en 16, 24 o 48 puertos de 10\/100\/1000&hellip;&nbsp;<a href=\"https:\/\/aivlisoft.net\/shop\/producto\/d-link-dgs-1510-28p-e-switch-l2-24xgb-poe-2xsfp\/\" rel=\"bookmark\"><span class=\"screen-reader-text\">D-Link DGS-1510-28P\/E Switch L2 24xGB PoE 2xSFP+<\/span><\/a><\/p>\n","protected":false},"featured_media":20588,"template":"","meta":{"neve_meta_sidebar":"","neve_meta_container":"","neve_meta_enable_content_width":"","neve_meta_content_width":0,"neve_meta_title_alignment":"","neve_meta_author_avatar":"","neve_post_elements_order":"","neve_meta_disable_header":"","neve_meta_disable_footer":"","neve_meta_disable_title":""},"product_brand":[],"product_cat":[8771],"product_tag":[7336],"class_list":{"0":"post-20587","1":"product","2":"type-product","3":"status-publish","4":"has-post-thumbnail","6":"product_cat-switches-armario","7":"product_tag-dgs-1510-28p-e","9":"first","10":"instock","11":"taxable","12":"shipping-taxable","13":"purchasable","14":"product-type-simple"},"yoast_head":"<!-- This site is optimized with the Yoast SEO plugin v26.0 - https:\/\/yoast.com\/wordpress\/plugins\/seo\/ -->\n<title>D-Link DGS-1510-28P\/E Switch L2 24xGB PoE 2xSFP+ - Aivlisoft Inform\u00e1tica<\/title>\n<meta name=\"robots\" content=\"index, follow, max-snippet:-1, max-image-preview:large, max-video-preview:-1\" \/>\n<link rel=\"canonical\" href=\"https:\/\/aivlisoft.net\/shop\/producto\/d-link-dgs-1510-28p-e-switch-l2-24xgb-poe-2xsfp\/\" \/>\n<meta property=\"og:locale\" content=\"es_ES\" \/>\n<meta property=\"og:type\" content=\"article\" \/>\n<meta property=\"og:title\" content=\"D-Link DGS-1510-28P\/E Switch L2 24xGB PoE 2xSFP+ - Aivlisoft Inform\u00e1tica\" \/>\n<meta property=\"og:description\" content=\"Las series DGS-1510 es la &uacute;tlima generaci&oacute;n de switches configurables de D-Link con un puerto 10G, haciendolo ideal para el desarrollo en entornos SME\/SMB. La serie DGS-1510 proporciona una interconexi&oacute;n fiable y escalable entre otros core switches y edge switches con muchas capacidades y flexibilidad simplificada. Disponible en 16, 24 o 48 puertos de 10\/100\/1000&hellip;&nbsp;D-Link DGS-1510-28P\/E Switch L2 24xGB PoE 2xSFP+\" \/>\n<meta property=\"og:url\" content=\"https:\/\/aivlisoft.net\/shop\/producto\/d-link-dgs-1510-28p-e-switch-l2-24xgb-poe-2xsfp\/\" \/>\n<meta property=\"og:site_name\" content=\"Aivlisoft Inform\u00e1tica\" \/>\n<meta property=\"article:modified_time\" content=\"2025-01-14T11:51:34+00:00\" \/>\n<meta property=\"og:image\" content=\"https:\/\/aivlisoft.net\/shop\/wp-content\/uploads\/2025\/01\/NSWSAR0327_800.jpg\" \/>\n\t<meta property=\"og:image:width\" content=\"800\" \/>\n\t<meta property=\"og:image:height\" content=\"800\" \/>\n\t<meta property=\"og:image:type\" content=\"image\/jpeg\" \/>\n<meta name=\"twitter:card\" content=\"summary_large_image\" \/>\n<meta name=\"twitter:label1\" content=\"Tiempo de lectura\" \/>\n\t<meta name=\"twitter:data1\" content=\"4 minutos\" \/>\n<script type=\"application\/ld+json\" class=\"yoast-schema-graph\">{\"@context\":\"https:\/\/schema.org\",\"@graph\":[{\"@type\":\"WebPage\",\"@id\":\"https:\/\/aivlisoft.net\/shop\/producto\/d-link-dgs-1510-28p-e-switch-l2-24xgb-poe-2xsfp\/\",\"url\":\"https:\/\/aivlisoft.net\/shop\/producto\/d-link-dgs-1510-28p-e-switch-l2-24xgb-poe-2xsfp\/\",\"name\":\"D-Link DGS-1510-28P\/E Switch L2 24xGB PoE 2xSFP+ - Aivlisoft Inform\u00e1tica\",\"isPartOf\":{\"@id\":\"https:\/\/aivlisoft.net\/shop\/#website\"},\"primaryImageOfPage\":{\"@id\":\"https:\/\/aivlisoft.net\/shop\/producto\/d-link-dgs-1510-28p-e-switch-l2-24xgb-poe-2xsfp\/#primaryimage\"},\"image\":{\"@id\":\"https:\/\/aivlisoft.net\/shop\/producto\/d-link-dgs-1510-28p-e-switch-l2-24xgb-poe-2xsfp\/#primaryimage\"},\"thumbnailUrl\":\"https:\/\/aivlisoft.net\/shop\/wp-content\/uploads\/2025\/01\/NSWSAR0327_800.jpg\",\"datePublished\":\"2025-01-13T15:44:21+00:00\",\"dateModified\":\"2025-01-14T11:51:34+00:00\",\"breadcrumb\":{\"@id\":\"https:\/\/aivlisoft.net\/shop\/producto\/d-link-dgs-1510-28p-e-switch-l2-24xgb-poe-2xsfp\/#breadcrumb\"},\"inLanguage\":\"es\",\"potentialAction\":[{\"@type\":\"ReadAction\",\"target\":[\"https:\/\/aivlisoft.net\/shop\/producto\/d-link-dgs-1510-28p-e-switch-l2-24xgb-poe-2xsfp\/\"]}]},{\"@type\":\"ImageObject\",\"inLanguage\":\"es\",\"@id\":\"https:\/\/aivlisoft.net\/shop\/producto\/d-link-dgs-1510-28p-e-switch-l2-24xgb-poe-2xsfp\/#primaryimage\",\"url\":\"https:\/\/aivlisoft.net\/shop\/wp-content\/uploads\/2025\/01\/NSWSAR0327_800.jpg\",\"contentUrl\":\"https:\/\/aivlisoft.net\/shop\/wp-content\/uploads\/2025\/01\/NSWSAR0327_800.jpg\",\"width\":800,\"height\":800},{\"@type\":\"BreadcrumbList\",\"@id\":\"https:\/\/aivlisoft.net\/shop\/producto\/d-link-dgs-1510-28p-e-switch-l2-24xgb-poe-2xsfp\/#breadcrumb\",\"itemListElement\":[{\"@type\":\"ListItem\",\"position\":1,\"name\":\"Portada\",\"item\":\"https:\/\/aivlisoft.net\/shop\/\"},{\"@type\":\"ListItem\",\"position\":2,\"name\":\"Tienda\",\"item\":\"https:\/\/aivlisoft.net\/shop\/tienda\/\"},{\"@type\":\"ListItem\",\"position\":3,\"name\":\"D-Link DGS-1510-28P\/E Switch L2 24xGB PoE 2xSFP+\"}]},{\"@type\":\"WebSite\",\"@id\":\"https:\/\/aivlisoft.net\/shop\/#website\",\"url\":\"https:\/\/aivlisoft.net\/shop\/\",\"name\":\"Aivlisoft Inform\u00e1tica\",\"description\":\"En Aivlisoft Inform\u00e1tica ofrecemos soluciones tecnol\u00f3gicas para empresas: venta de ordenadores, consumibles, perif\u00e9ricos y m\u00e1s. Calidad, atenci\u00f3n personalizada y los mejores precios para tu negocio.\",\"publisher\":{\"@id\":\"https:\/\/aivlisoft.net\/shop\/#organization\"},\"potentialAction\":[{\"@type\":\"SearchAction\",\"target\":{\"@type\":\"EntryPoint\",\"urlTemplate\":\"https:\/\/aivlisoft.net\/shop\/?s={search_term_string}\"},\"query-input\":{\"@type\":\"PropertyValueSpecification\",\"valueRequired\":true,\"valueName\":\"search_term_string\"}}],\"inLanguage\":\"es\"},{\"@type\":\"Organization\",\"@id\":\"https:\/\/aivlisoft.net\/shop\/#organization\",\"name\":\"Aivlisoft Inform\u00e1tica\",\"url\":\"https:\/\/aivlisoft.net\/shop\/\",\"logo\":{\"@type\":\"ImageObject\",\"inLanguage\":\"es\",\"@id\":\"https:\/\/aivlisoft.net\/shop\/#\/schema\/logo\/image\/\",\"url\":\"https:\/\/aivlisoft.net\/shop\/wp-content\/uploads\/2024\/12\/removal.ai_5b848c54-0cdf-4140-95c5-c5536bb7573b-logodef.png\",\"contentUrl\":\"https:\/\/aivlisoft.net\/shop\/wp-content\/uploads\/2024\/12\/removal.ai_5b848c54-0cdf-4140-95c5-c5536bb7573b-logodef.png\",\"width\":484,\"height\":182,\"caption\":\"Aivlisoft Inform\u00e1tica\"},\"image\":{\"@id\":\"https:\/\/aivlisoft.net\/shop\/#\/schema\/logo\/image\/\"}}]}<\/script>\n<!-- \/ Yoast SEO plugin. -->","yoast_head_json":{"title":"D-Link DGS-1510-28P\/E Switch L2 24xGB PoE 2xSFP+ - Aivlisoft Inform\u00e1tica","robots":{"index":"index","follow":"follow","max-snippet":"max-snippet:-1","max-image-preview":"max-image-preview:large","max-video-preview":"max-video-preview:-1"},"canonical":"https:\/\/aivlisoft.net\/shop\/producto\/d-link-dgs-1510-28p-e-switch-l2-24xgb-poe-2xsfp\/","og_locale":"es_ES","og_type":"article","og_title":"D-Link DGS-1510-28P\/E Switch L2 24xGB PoE 2xSFP+ - Aivlisoft Inform\u00e1tica","og_description":"Las series DGS-1510 es la &uacute;tlima generaci&oacute;n de switches configurables de D-Link con un puerto 10G, haciendolo ideal para el desarrollo en entornos SME\/SMB. La serie DGS-1510 proporciona una interconexi&oacute;n fiable y escalable entre otros core switches y edge switches con muchas capacidades y flexibilidad simplificada. Disponible en 16, 24 o 48 puertos de 10\/100\/1000&hellip;&nbsp;D-Link DGS-1510-28P\/E Switch L2 24xGB PoE 2xSFP+","og_url":"https:\/\/aivlisoft.net\/shop\/producto\/d-link-dgs-1510-28p-e-switch-l2-24xgb-poe-2xsfp\/","og_site_name":"Aivlisoft Inform\u00e1tica","article_modified_time":"2025-01-14T11:51:34+00:00","og_image":[{"width":800,"height":800,"url":"https:\/\/aivlisoft.net\/shop\/wp-content\/uploads\/2025\/01\/NSWSAR0327_800.jpg","type":"image\/jpeg"}],"twitter_card":"summary_large_image","twitter_misc":{"Tiempo de lectura":"4 minutos"},"schema":{"@context":"https:\/\/schema.org","@graph":[{"@type":"WebPage","@id":"https:\/\/aivlisoft.net\/shop\/producto\/d-link-dgs-1510-28p-e-switch-l2-24xgb-poe-2xsfp\/","url":"https:\/\/aivlisoft.net\/shop\/producto\/d-link-dgs-1510-28p-e-switch-l2-24xgb-poe-2xsfp\/","name":"D-Link DGS-1510-28P\/E Switch L2 24xGB PoE 2xSFP+ - Aivlisoft Inform\u00e1tica","isPartOf":{"@id":"https:\/\/aivlisoft.net\/shop\/#website"},"primaryImageOfPage":{"@id":"https:\/\/aivlisoft.net\/shop\/producto\/d-link-dgs-1510-28p-e-switch-l2-24xgb-poe-2xsfp\/#primaryimage"},"image":{"@id":"https:\/\/aivlisoft.net\/shop\/producto\/d-link-dgs-1510-28p-e-switch-l2-24xgb-poe-2xsfp\/#primaryimage"},"thumbnailUrl":"https:\/\/aivlisoft.net\/shop\/wp-content\/uploads\/2025\/01\/NSWSAR0327_800.jpg","datePublished":"2025-01-13T15:44:21+00:00","dateModified":"2025-01-14T11:51:34+00:00","breadcrumb":{"@id":"https:\/\/aivlisoft.net\/shop\/producto\/d-link-dgs-1510-28p-e-switch-l2-24xgb-poe-2xsfp\/#breadcrumb"},"inLanguage":"es","potentialAction":[{"@type":"ReadAction","target":["https:\/\/aivlisoft.net\/shop\/producto\/d-link-dgs-1510-28p-e-switch-l2-24xgb-poe-2xsfp\/"]}]},{"@type":"ImageObject","inLanguage":"es","@id":"https:\/\/aivlisoft.net\/shop\/producto\/d-link-dgs-1510-28p-e-switch-l2-24xgb-poe-2xsfp\/#primaryimage","url":"https:\/\/aivlisoft.net\/shop\/wp-content\/uploads\/2025\/01\/NSWSAR0327_800.jpg","contentUrl":"https:\/\/aivlisoft.net\/shop\/wp-content\/uploads\/2025\/01\/NSWSAR0327_800.jpg","width":800,"height":800},{"@type":"BreadcrumbList","@id":"https:\/\/aivlisoft.net\/shop\/producto\/d-link-dgs-1510-28p-e-switch-l2-24xgb-poe-2xsfp\/#breadcrumb","itemListElement":[{"@type":"ListItem","position":1,"name":"Portada","item":"https:\/\/aivlisoft.net\/shop\/"},{"@type":"ListItem","position":2,"name":"Tienda","item":"https:\/\/aivlisoft.net\/shop\/tienda\/"},{"@type":"ListItem","position":3,"name":"D-Link DGS-1510-28P\/E Switch L2 24xGB PoE 2xSFP+"}]},{"@type":"WebSite","@id":"https:\/\/aivlisoft.net\/shop\/#website","url":"https:\/\/aivlisoft.net\/shop\/","name":"Aivlisoft Inform\u00e1tica","description":"En Aivlisoft Inform\u00e1tica ofrecemos soluciones tecnol\u00f3gicas para empresas: venta de ordenadores, consumibles, perif\u00e9ricos y m\u00e1s. Calidad, atenci\u00f3n personalizada y los mejores precios para tu negocio.","publisher":{"@id":"https:\/\/aivlisoft.net\/shop\/#organization"},"potentialAction":[{"@type":"SearchAction","target":{"@type":"EntryPoint","urlTemplate":"https:\/\/aivlisoft.net\/shop\/?s={search_term_string}"},"query-input":{"@type":"PropertyValueSpecification","valueRequired":true,"valueName":"search_term_string"}}],"inLanguage":"es"},{"@type":"Organization","@id":"https:\/\/aivlisoft.net\/shop\/#organization","name":"Aivlisoft Inform\u00e1tica","url":"https:\/\/aivlisoft.net\/shop\/","logo":{"@type":"ImageObject","inLanguage":"es","@id":"https:\/\/aivlisoft.net\/shop\/#\/schema\/logo\/image\/","url":"https:\/\/aivlisoft.net\/shop\/wp-content\/uploads\/2024\/12\/removal.ai_5b848c54-0cdf-4140-95c5-c5536bb7573b-logodef.png","contentUrl":"https:\/\/aivlisoft.net\/shop\/wp-content\/uploads\/2024\/12\/removal.ai_5b848c54-0cdf-4140-95c5-c5536bb7573b-logodef.png","width":484,"height":182,"caption":"Aivlisoft Inform\u00e1tica"},"image":{"@id":"https:\/\/aivlisoft.net\/shop\/#\/schema\/logo\/image\/"}}]}},"_links":{"self":[{"href":"https:\/\/aivlisoft.net\/shop\/wp-json\/wp\/v2\/product\/20587","targetHints":{"allow":["GET"]}}],"collection":[{"href":"https:\/\/aivlisoft.net\/shop\/wp-json\/wp\/v2\/product"}],"about":[{"href":"https:\/\/aivlisoft.net\/shop\/wp-json\/wp\/v2\/types\/product"}],"wp:featuredmedia":[{"embeddable":true,"href":"https:\/\/aivlisoft.net\/shop\/wp-json\/wp\/v2\/media\/20588"}],"wp:attachment":[{"href":"https:\/\/aivlisoft.net\/shop\/wp-json\/wp\/v2\/media?parent=20587"}],"wp:term":[{"taxonomy":"product_brand","embeddable":true,"href":"https:\/\/aivlisoft.net\/shop\/wp-json\/wp\/v2\/product_brand?post=20587"},{"taxonomy":"product_cat","embeddable":true,"href":"https:\/\/aivlisoft.net\/shop\/wp-json\/wp\/v2\/product_cat?post=20587"},{"taxonomy":"product_tag","embeddable":true,"href":"https:\/\/aivlisoft.net\/shop\/wp-json\/wp\/v2\/product_tag?post=20587"}],"curies":[{"name":"wp","href":"https:\/\/api.w.org\/{rel}","templated":true}]}}