{"id":20583,"date":"2025-01-13T15:44:19","date_gmt":"2025-01-13T15:44:19","guid":{"rendered":"https:\/\/aivlisoft.com\/?post_type=product&#038;p=20583"},"modified":"2025-01-14T11:51:33","modified_gmt":"2025-01-14T11:51:33","slug":"d-link-dgs-1510-52x-e-switch-l2-48xgb-4x10gb-sfp","status":"publish","type":"product","link":"https:\/\/aivlisoft.net\/shop\/producto\/d-link-dgs-1510-52x-e-switch-l2-48xgb-4x10gb-sfp\/","title":{"rendered":"D-Link DGS-1510-52X\/E Switch L2 48xGb 4x10Gb SFP+"},"content":{"rendered":"<p>Las series DGS-1510 es la &uacute;tlima generaci&oacute;n de switches configurables de D-Link con un puerto 10G, haciendolo ideal para el desarrollo en entornos SME\/SMB. La serie DGS-1510 proporciona una interconexi&oacute;n fiable y escalable entre otros core switches y edge switches con muchas capacidades y flexibilidad simplificada. Disponible en 16, 24 o 48 puertos de 10\/100\/1000 Mbps con puertos de fibra adicionales para stacking f&iacute;sico o uplink.<br \/>&nbsp;<\/p>\n<table class=\"tabla_caracteristicas k-table\" width=\"100%\">\n<tr>\n<td><strong>Marca<\/strong><\/td>\n<td>D-Link<\/td>\n<\/tr>\n<tr>\n<td><strong>Modelo<\/strong><\/td>\n<td><strong>DGS-1510-52X\/E<\/strong><\/td>\n<\/tr>\n<tr>\n<td valign=\"top\"><strong>Estandares soportados<\/strong><\/td>\n<td>\n<div>&#8211; IEEE 802.3 10Base-T Ethernet<\/div>\n<div>&#8211; IEEE 802.3u 100Base-TX Fast Ethernet<\/div>\n<div>&#8211; IEEE 802.3ab 1000Base-T Gigabit Ethernet<\/div>\n<div>&#8211; 802.3ae 10 GbE<\/div>\n<div>&#8211; IEEE 802.3x control de flujo para modo full-duplex<\/div>\n<div>&#8211; Auto negociaci&oacute;n<\/div>\n<\/td>\n<\/tr>\n<tr>\n<td valign=\"top\"><strong>Otras caracter&iacute;sticas<\/strong><\/td>\n<td>\n<div><strong>N&uacute;mero de puertos:<\/strong><\/div>\n<div>&nbsp; 48 x 10\/100\/1000 Mbps<\/div>\n<div>&nbsp; 2 x Gigabit SFP<\/div>\n<div>&nbsp; 4 x 10G SFP+<\/div>\n<div>&#8211; Cables de red:<\/div>\n<div>&nbsp; UTP Cat. 5, Cat. 5e (m&aacute;x 100 m.)<\/div>\n<div>&nbsp; EIA\/TIA-568 100-ohm STP (m&aacute;x 100 m.)<\/div>\n<div>&#8211; Modos de trabajo:<\/div>\n<div>&nbsp; Full\/Half duplex para velocidades 10\/100 Mbps y Gigabit<\/div>\n<div>&#8211; Rendimiento<\/div>\n<div>&nbsp; Capacidad del switch: 176 Gbps<\/div>\n<div>&nbsp; Tablas MAC: hastsa 16.000 entradas por dispositivo<\/div>\n<div>&nbsp; Seguimiento de paquetes de paquetes de 64 bytes:<\/div>\n<div>&nbsp; 130,95 Mpps (m&aacute;ximo)<\/div>\n<div>&nbsp; Buffer de paquetes: 3 MB por dispositivo<\/div>\n<div>&nbsp; MTBF: 433434,16 horas<\/div>\n<div>&#8211; Consumo el&eacute;ctrico m&aacute;ximo: 44,2 W (28,9 W en standby)<\/div>\n<div>&#8211; Ruido: 45,28 db(A) (2 ventiladores en total)<\/div>\n<div><strong>Dimensiones y peso<\/strong><\/div>\n<div>&#8211; 440 x 250 x 44 mm<\/div>\n<div>&#8211; Peso: 2,40 kg.<\/div>\n<\/td>\n<\/tr>\n<tr>\n<td><strong>Fecha Revisi&oacute;n<\/strong><\/td>\n<td>09-06-2022 por MPM<\/td>\n<\/tr>\n<\/table>\n","protected":false},"excerpt":{"rendered":"<p>Las series DGS-1510 es la &uacute;tlima generaci&oacute;n de switches configurables de D-Link con un puerto 10G, haciendolo ideal para el desarrollo en entornos SME\/SMB. La serie DGS-1510 proporciona una interconexi&oacute;n fiable y escalable entre otros core switches y edge switches con muchas capacidades y flexibilidad simplificada. Disponible en 16, 24 o 48 puertos de 10\/100\/1000&hellip;&nbsp;<a href=\"https:\/\/aivlisoft.net\/shop\/producto\/d-link-dgs-1510-52x-e-switch-l2-48xgb-4x10gb-sfp\/\" rel=\"bookmark\"><span class=\"screen-reader-text\">D-Link DGS-1510-52X\/E Switch L2 48xGb 4x10Gb SFP+<\/span><\/a><\/p>\n","protected":false},"featured_media":20584,"template":"","meta":{"neve_meta_sidebar":"","neve_meta_container":"","neve_meta_enable_content_width":"","neve_meta_content_width":0,"neve_meta_title_alignment":"","neve_meta_author_avatar":"","neve_post_elements_order":"","neve_meta_disable_header":"","neve_meta_disable_footer":"","neve_meta_disable_title":""},"product_brand":[],"product_cat":[8771],"product_tag":[7335],"class_list":{"0":"post-20583","1":"product","2":"type-product","3":"status-publish","4":"has-post-thumbnail","6":"product_cat-switches-armario","7":"product_tag-dgs-1510-52x-e","9":"first","10":"instock","11":"taxable","12":"shipping-taxable","13":"purchasable","14":"product-type-simple"},"yoast_head":"<!-- This site is optimized with the Yoast SEO plugin v26.0 - https:\/\/yoast.com\/wordpress\/plugins\/seo\/ -->\n<title>D-Link DGS-1510-52X\/E Switch L2 48xGb 4x10Gb SFP+ - Aivlisoft Inform\u00e1tica<\/title>\n<meta name=\"robots\" content=\"index, follow, max-snippet:-1, max-image-preview:large, max-video-preview:-1\" \/>\n<link rel=\"canonical\" href=\"https:\/\/aivlisoft.net\/shop\/producto\/d-link-dgs-1510-52x-e-switch-l2-48xgb-4x10gb-sfp\/\" \/>\n<meta property=\"og:locale\" content=\"es_ES\" \/>\n<meta property=\"og:type\" content=\"article\" \/>\n<meta property=\"og:title\" content=\"D-Link DGS-1510-52X\/E Switch L2 48xGb 4x10Gb SFP+ - Aivlisoft Inform\u00e1tica\" \/>\n<meta property=\"og:description\" content=\"Las series DGS-1510 es la &uacute;tlima generaci&oacute;n de switches configurables de D-Link con un puerto 10G, haciendolo ideal para el desarrollo en entornos SME\/SMB. La serie DGS-1510 proporciona una interconexi&oacute;n fiable y escalable entre otros core switches y edge switches con muchas capacidades y flexibilidad simplificada. Disponible en 16, 24 o 48 puertos de 10\/100\/1000&hellip;&nbsp;D-Link DGS-1510-52X\/E Switch L2 48xGb 4x10Gb SFP+\" \/>\n<meta property=\"og:url\" content=\"https:\/\/aivlisoft.net\/shop\/producto\/d-link-dgs-1510-52x-e-switch-l2-48xgb-4x10gb-sfp\/\" \/>\n<meta property=\"og:site_name\" content=\"Aivlisoft Inform\u00e1tica\" \/>\n<meta property=\"article:modified_time\" content=\"2025-01-14T11:51:33+00:00\" \/>\n<meta property=\"og:image\" content=\"https:\/\/aivlisoft.net\/shop\/wp-content\/uploads\/2025\/01\/NSWSAR0326_800.jpg\" \/>\n\t<meta property=\"og:image:width\" content=\"800\" \/>\n\t<meta property=\"og:image:height\" content=\"800\" \/>\n\t<meta property=\"og:image:type\" content=\"image\/jpeg\" \/>\n<meta name=\"twitter:card\" content=\"summary_large_image\" \/>\n<meta name=\"twitter:label1\" content=\"Tiempo de lectura\" \/>\n\t<meta name=\"twitter:data1\" content=\"1 minuto\" \/>\n<script type=\"application\/ld+json\" class=\"yoast-schema-graph\">{\"@context\":\"https:\/\/schema.org\",\"@graph\":[{\"@type\":\"WebPage\",\"@id\":\"https:\/\/aivlisoft.net\/shop\/producto\/d-link-dgs-1510-52x-e-switch-l2-48xgb-4x10gb-sfp\/\",\"url\":\"https:\/\/aivlisoft.net\/shop\/producto\/d-link-dgs-1510-52x-e-switch-l2-48xgb-4x10gb-sfp\/\",\"name\":\"D-Link DGS-1510-52X\/E Switch L2 48xGb 4x10Gb SFP+ - Aivlisoft Inform\u00e1tica\",\"isPartOf\":{\"@id\":\"https:\/\/aivlisoft.net\/shop\/#website\"},\"primaryImageOfPage\":{\"@id\":\"https:\/\/aivlisoft.net\/shop\/producto\/d-link-dgs-1510-52x-e-switch-l2-48xgb-4x10gb-sfp\/#primaryimage\"},\"image\":{\"@id\":\"https:\/\/aivlisoft.net\/shop\/producto\/d-link-dgs-1510-52x-e-switch-l2-48xgb-4x10gb-sfp\/#primaryimage\"},\"thumbnailUrl\":\"https:\/\/aivlisoft.net\/shop\/wp-content\/uploads\/2025\/01\/NSWSAR0326_800.jpg\",\"datePublished\":\"2025-01-13T15:44:19+00:00\",\"dateModified\":\"2025-01-14T11:51:33+00:00\",\"breadcrumb\":{\"@id\":\"https:\/\/aivlisoft.net\/shop\/producto\/d-link-dgs-1510-52x-e-switch-l2-48xgb-4x10gb-sfp\/#breadcrumb\"},\"inLanguage\":\"es\",\"potentialAction\":[{\"@type\":\"ReadAction\",\"target\":[\"https:\/\/aivlisoft.net\/shop\/producto\/d-link-dgs-1510-52x-e-switch-l2-48xgb-4x10gb-sfp\/\"]}]},{\"@type\":\"ImageObject\",\"inLanguage\":\"es\",\"@id\":\"https:\/\/aivlisoft.net\/shop\/producto\/d-link-dgs-1510-52x-e-switch-l2-48xgb-4x10gb-sfp\/#primaryimage\",\"url\":\"https:\/\/aivlisoft.net\/shop\/wp-content\/uploads\/2025\/01\/NSWSAR0326_800.jpg\",\"contentUrl\":\"https:\/\/aivlisoft.net\/shop\/wp-content\/uploads\/2025\/01\/NSWSAR0326_800.jpg\",\"width\":800,\"height\":800},{\"@type\":\"BreadcrumbList\",\"@id\":\"https:\/\/aivlisoft.net\/shop\/producto\/d-link-dgs-1510-52x-e-switch-l2-48xgb-4x10gb-sfp\/#breadcrumb\",\"itemListElement\":[{\"@type\":\"ListItem\",\"position\":1,\"name\":\"Portada\",\"item\":\"https:\/\/aivlisoft.net\/shop\/\"},{\"@type\":\"ListItem\",\"position\":2,\"name\":\"Tienda\",\"item\":\"https:\/\/aivlisoft.net\/shop\/tienda\/\"},{\"@type\":\"ListItem\",\"position\":3,\"name\":\"D-Link DGS-1510-52X\/E Switch L2 48xGb 4x10Gb SFP+\"}]},{\"@type\":\"WebSite\",\"@id\":\"https:\/\/aivlisoft.net\/shop\/#website\",\"url\":\"https:\/\/aivlisoft.net\/shop\/\",\"name\":\"Aivlisoft Inform\u00e1tica\",\"description\":\"En Aivlisoft Inform\u00e1tica ofrecemos soluciones tecnol\u00f3gicas para empresas: venta de ordenadores, consumibles, perif\u00e9ricos y m\u00e1s. Calidad, atenci\u00f3n personalizada y los mejores precios para tu negocio.\",\"publisher\":{\"@id\":\"https:\/\/aivlisoft.net\/shop\/#organization\"},\"potentialAction\":[{\"@type\":\"SearchAction\",\"target\":{\"@type\":\"EntryPoint\",\"urlTemplate\":\"https:\/\/aivlisoft.net\/shop\/?s={search_term_string}\"},\"query-input\":{\"@type\":\"PropertyValueSpecification\",\"valueRequired\":true,\"valueName\":\"search_term_string\"}}],\"inLanguage\":\"es\"},{\"@type\":\"Organization\",\"@id\":\"https:\/\/aivlisoft.net\/shop\/#organization\",\"name\":\"Aivlisoft Inform\u00e1tica\",\"url\":\"https:\/\/aivlisoft.net\/shop\/\",\"logo\":{\"@type\":\"ImageObject\",\"inLanguage\":\"es\",\"@id\":\"https:\/\/aivlisoft.net\/shop\/#\/schema\/logo\/image\/\",\"url\":\"https:\/\/aivlisoft.net\/shop\/wp-content\/uploads\/2024\/12\/removal.ai_5b848c54-0cdf-4140-95c5-c5536bb7573b-logodef.png\",\"contentUrl\":\"https:\/\/aivlisoft.net\/shop\/wp-content\/uploads\/2024\/12\/removal.ai_5b848c54-0cdf-4140-95c5-c5536bb7573b-logodef.png\",\"width\":484,\"height\":182,\"caption\":\"Aivlisoft Inform\u00e1tica\"},\"image\":{\"@id\":\"https:\/\/aivlisoft.net\/shop\/#\/schema\/logo\/image\/\"}}]}<\/script>\n<!-- \/ Yoast SEO plugin. -->","yoast_head_json":{"title":"D-Link DGS-1510-52X\/E Switch L2 48xGb 4x10Gb SFP+ - Aivlisoft Inform\u00e1tica","robots":{"index":"index","follow":"follow","max-snippet":"max-snippet:-1","max-image-preview":"max-image-preview:large","max-video-preview":"max-video-preview:-1"},"canonical":"https:\/\/aivlisoft.net\/shop\/producto\/d-link-dgs-1510-52x-e-switch-l2-48xgb-4x10gb-sfp\/","og_locale":"es_ES","og_type":"article","og_title":"D-Link DGS-1510-52X\/E Switch L2 48xGb 4x10Gb SFP+ - Aivlisoft Inform\u00e1tica","og_description":"Las series DGS-1510 es la &uacute;tlima generaci&oacute;n de switches configurables de D-Link con un puerto 10G, haciendolo ideal para el desarrollo en entornos SME\/SMB. La serie DGS-1510 proporciona una interconexi&oacute;n fiable y escalable entre otros core switches y edge switches con muchas capacidades y flexibilidad simplificada. Disponible en 16, 24 o 48 puertos de 10\/100\/1000&hellip;&nbsp;D-Link DGS-1510-52X\/E Switch L2 48xGb 4x10Gb SFP+","og_url":"https:\/\/aivlisoft.net\/shop\/producto\/d-link-dgs-1510-52x-e-switch-l2-48xgb-4x10gb-sfp\/","og_site_name":"Aivlisoft Inform\u00e1tica","article_modified_time":"2025-01-14T11:51:33+00:00","og_image":[{"width":800,"height":800,"url":"https:\/\/aivlisoft.net\/shop\/wp-content\/uploads\/2025\/01\/NSWSAR0326_800.jpg","type":"image\/jpeg"}],"twitter_card":"summary_large_image","twitter_misc":{"Tiempo de lectura":"1 minuto"},"schema":{"@context":"https:\/\/schema.org","@graph":[{"@type":"WebPage","@id":"https:\/\/aivlisoft.net\/shop\/producto\/d-link-dgs-1510-52x-e-switch-l2-48xgb-4x10gb-sfp\/","url":"https:\/\/aivlisoft.net\/shop\/producto\/d-link-dgs-1510-52x-e-switch-l2-48xgb-4x10gb-sfp\/","name":"D-Link DGS-1510-52X\/E Switch L2 48xGb 4x10Gb SFP+ - Aivlisoft Inform\u00e1tica","isPartOf":{"@id":"https:\/\/aivlisoft.net\/shop\/#website"},"primaryImageOfPage":{"@id":"https:\/\/aivlisoft.net\/shop\/producto\/d-link-dgs-1510-52x-e-switch-l2-48xgb-4x10gb-sfp\/#primaryimage"},"image":{"@id":"https:\/\/aivlisoft.net\/shop\/producto\/d-link-dgs-1510-52x-e-switch-l2-48xgb-4x10gb-sfp\/#primaryimage"},"thumbnailUrl":"https:\/\/aivlisoft.net\/shop\/wp-content\/uploads\/2025\/01\/NSWSAR0326_800.jpg","datePublished":"2025-01-13T15:44:19+00:00","dateModified":"2025-01-14T11:51:33+00:00","breadcrumb":{"@id":"https:\/\/aivlisoft.net\/shop\/producto\/d-link-dgs-1510-52x-e-switch-l2-48xgb-4x10gb-sfp\/#breadcrumb"},"inLanguage":"es","potentialAction":[{"@type":"ReadAction","target":["https:\/\/aivlisoft.net\/shop\/producto\/d-link-dgs-1510-52x-e-switch-l2-48xgb-4x10gb-sfp\/"]}]},{"@type":"ImageObject","inLanguage":"es","@id":"https:\/\/aivlisoft.net\/shop\/producto\/d-link-dgs-1510-52x-e-switch-l2-48xgb-4x10gb-sfp\/#primaryimage","url":"https:\/\/aivlisoft.net\/shop\/wp-content\/uploads\/2025\/01\/NSWSAR0326_800.jpg","contentUrl":"https:\/\/aivlisoft.net\/shop\/wp-content\/uploads\/2025\/01\/NSWSAR0326_800.jpg","width":800,"height":800},{"@type":"BreadcrumbList","@id":"https:\/\/aivlisoft.net\/shop\/producto\/d-link-dgs-1510-52x-e-switch-l2-48xgb-4x10gb-sfp\/#breadcrumb","itemListElement":[{"@type":"ListItem","position":1,"name":"Portada","item":"https:\/\/aivlisoft.net\/shop\/"},{"@type":"ListItem","position":2,"name":"Tienda","item":"https:\/\/aivlisoft.net\/shop\/tienda\/"},{"@type":"ListItem","position":3,"name":"D-Link DGS-1510-52X\/E Switch L2 48xGb 4x10Gb SFP+"}]},{"@type":"WebSite","@id":"https:\/\/aivlisoft.net\/shop\/#website","url":"https:\/\/aivlisoft.net\/shop\/","name":"Aivlisoft Inform\u00e1tica","description":"En Aivlisoft Inform\u00e1tica ofrecemos soluciones tecnol\u00f3gicas para empresas: venta de ordenadores, consumibles, perif\u00e9ricos y m\u00e1s. Calidad, atenci\u00f3n personalizada y los mejores precios para tu negocio.","publisher":{"@id":"https:\/\/aivlisoft.net\/shop\/#organization"},"potentialAction":[{"@type":"SearchAction","target":{"@type":"EntryPoint","urlTemplate":"https:\/\/aivlisoft.net\/shop\/?s={search_term_string}"},"query-input":{"@type":"PropertyValueSpecification","valueRequired":true,"valueName":"search_term_string"}}],"inLanguage":"es"},{"@type":"Organization","@id":"https:\/\/aivlisoft.net\/shop\/#organization","name":"Aivlisoft Inform\u00e1tica","url":"https:\/\/aivlisoft.net\/shop\/","logo":{"@type":"ImageObject","inLanguage":"es","@id":"https:\/\/aivlisoft.net\/shop\/#\/schema\/logo\/image\/","url":"https:\/\/aivlisoft.net\/shop\/wp-content\/uploads\/2024\/12\/removal.ai_5b848c54-0cdf-4140-95c5-c5536bb7573b-logodef.png","contentUrl":"https:\/\/aivlisoft.net\/shop\/wp-content\/uploads\/2024\/12\/removal.ai_5b848c54-0cdf-4140-95c5-c5536bb7573b-logodef.png","width":484,"height":182,"caption":"Aivlisoft Inform\u00e1tica"},"image":{"@id":"https:\/\/aivlisoft.net\/shop\/#\/schema\/logo\/image\/"}}]}},"_links":{"self":[{"href":"https:\/\/aivlisoft.net\/shop\/wp-json\/wp\/v2\/product\/20583","targetHints":{"allow":["GET"]}}],"collection":[{"href":"https:\/\/aivlisoft.net\/shop\/wp-json\/wp\/v2\/product"}],"about":[{"href":"https:\/\/aivlisoft.net\/shop\/wp-json\/wp\/v2\/types\/product"}],"wp:featuredmedia":[{"embeddable":true,"href":"https:\/\/aivlisoft.net\/shop\/wp-json\/wp\/v2\/media\/20584"}],"wp:attachment":[{"href":"https:\/\/aivlisoft.net\/shop\/wp-json\/wp\/v2\/media?parent=20583"}],"wp:term":[{"taxonomy":"product_brand","embeddable":true,"href":"https:\/\/aivlisoft.net\/shop\/wp-json\/wp\/v2\/product_brand?post=20583"},{"taxonomy":"product_cat","embeddable":true,"href":"https:\/\/aivlisoft.net\/shop\/wp-json\/wp\/v2\/product_cat?post=20583"},{"taxonomy":"product_tag","embeddable":true,"href":"https:\/\/aivlisoft.net\/shop\/wp-json\/wp\/v2\/product_tag?post=20583"}],"curies":[{"name":"wp","href":"https:\/\/api.w.org\/{rel}","templated":true}]}}