{"id":20565,"date":"2025-01-13T15:44:04","date_gmt":"2025-01-13T15:44:04","guid":{"rendered":"https:\/\/aivlisoft.com\/?post_type=product&#038;p=20565"},"modified":"2025-01-14T11:51:26","modified_gmt":"2025-01-14T11:51:26","slug":"aruba-instant-on-1830-24xgbe-12-poe-2xsfp-195w-swi","status":"publish","type":"product","link":"https:\/\/aivlisoft.net\/shop\/producto\/aruba-instant-on-1830-24xgbe-12-poe-2xsfp-195w-swi\/","title":{"rendered":"Aruba Instant On 1830 24xGbE 12 PoE 2xSFP 195W Swi"},"content":{"rendered":"<p><\/p>\n<table class=\"tabla_caracteristicas\" width=\"100%\">\n<tr>\n<td valign=\"top\"><strong>Marca<\/strong><\/td>\n<td>HPE ARUBA<\/td>\n<\/tr>\n<tr>\n<td valign=\"top\"><strong>Modelo<\/strong><\/td>\n<td><strong>JL813A<\/strong><\/td>\n<\/tr>\n<tr>\n<td valign=\"top\"><strong>Caracter&iacute;sticas<\/strong><\/td>\n<td><strong>Puertos y ranuras<\/strong><br \/>\t\t\t&#8211; 24 RJ-45 autosensing 10\/100\/1000 ports<br \/>\t\t\t&#8211; IEEE 802.3at Class 4 PoE (ports 1-12) (IEEE 802.3 Type 10BASE-T, IEEE 802.3u Type 100BASE-TX, IEEE 802.3ab Type 1000BASE-T)<br \/>\t\t\t&#8211; Duplex: 10BASE-T\/100BASETX: (medio o completo)<br \/>\t\t\t&#8211; 1000BASE-T: (solo completo)<br \/>\t\t\t&#8211; 2 SFP 1GbE ports<br \/>\t\t\t<strong>Caracter&iacute;sticas F&iacute;sicas<\/strong><br \/>\t\t\t&#8211; Dimensiones: 253.0(d) x 443.0(w) x 43.9(h) mm<br \/>\t\t\t&#8211; Peso: 7.65 lb (3.47 kg)<br \/>\t\t\t<strong>Procesador y memoria<\/strong><br \/>\t\t\t&#8211; ARM Cortex-A9 @ 800MHz, 512 MB SDRAM, 256 MB flash; packet buffer: 1.5MB<br \/>\t\t\t<strong>Desempe&ntilde;o<\/strong><br \/>\t\t\t&#8211; Latencia de 100 Mb: &lt; 5.2 uSec<br \/>\t\t\t&#8211; Latencia de 1000 Mb: &lt; 2.8 uSec<br \/>\t\t\t&#8211; Latencia de 10000 Mb: n\/a<br \/>\t\t\t&#8211; Rendimiento (Mpps): 38.68 Mpps<br \/>\t\t\t&#8211; Capacidad: 52 Gbps<br \/>\t\t\t&#8211; Tama&ntilde;o de la tabla de direcciones MAC (cant. de entradas): 16,000 entries<br \/>\t\t\t&#8211; Confiabilidad MTBF (a&ntilde;os): 96.6<br \/>\t\t\t<strong>Administraci&oacute;n de dispositivos<\/strong><br \/>\t\t\t&#8211; Aruba Instant On en la nube; navegador web y administrador SNMP<br \/>\t\t\t<strong>Caracter&iacute;sticas el&eacute;ctricas<\/strong><br \/>\t\t\t&#8211; Frecuencia: 50\/60 Hz<br \/>\t\t\t&#8211; Voltaje de CA: 100 a 127 \/ 200 a 240 VCA<br \/>\t\t\t&#8211; Corriente: 2.7A\/1.4A<br \/>\t\t\t&#8211; Potencia nominal m&aacute;xima: 100-127V: 244.6W \/ 200-220V: 237.2W<br \/>\t\t\t&#8211; Consumo de energ&iacute;a inactivo: 100-127V: 14.5W \/ 200-220V: 13.4W<br \/>\t\t\t&#8211; PoE: 195 W Class 4 PoE<br \/>\t\t\t&#8211; Suministro de energ&iacute;a: Suministro de energ&iacute;a interno<br \/>\t\t\t<strong>Instalaci&oacute;n<\/strong><br \/>\t\t\t&#8211; Se instala en un bastidor de telecomunicaciones EIA est&aacute;ndar de 19 pulgadas o gabinete equivalente.<br \/>\t\t\t&#8211; Incluye kit de bastidor de 2 postes.<br \/>\t\t\t&#8211; Se puede instalar en un escritorio.<br \/>\t\t\t&#8211; Se puede instalar en un bastidor.<br \/>\t\t\t&#8211; Se puede instalar en una pared con los puertos hacia arriba o abajo.<br \/>\t\t\t&#8211; Se puede instalar debajo de un escritorio con los soportes provistos.<br \/>\t\t\t<strong>Transceptores<\/strong><br \/>\t\t\t&#8211; Transceptor Aruba Instant On 1G SFP LC SX 500m OM2MMF (R9D16A)<br \/>\t\t\t&#8211; Transceptor Aruba 1G SFP LC LX 10km SMF (J4859D)<br \/>\t\t\t&#8211; Transceptor Aruba 1G SFP RJ45 T 100m Cat5e (J8177D)<\/td>\n<\/tr>\n<tr>\n<td valign=\"top\"><strong>Fecha de revisi&oacute;n<\/strong><\/td>\n<td>01-06-2022 por MPM<\/td>\n<\/tr>\n<\/table>\n","protected":false},"excerpt":{"rendered":"<p>Marca HPE ARUBA Modelo JL813A Caracter&iacute;sticas Puertos y ranuras &#8211; 24 RJ-45 autosensing 10\/100\/1000 ports &#8211; IEEE 802.3at Class 4 PoE (ports 1-12) (IEEE 802.3 Type 10BASE-T, IEEE 802.3u Type 100BASE-TX, IEEE 802.3ab Type 1000BASE-T) &#8211; Duplex: 10BASE-T\/100BASETX: (medio o completo) &#8211; 1000BASE-T: (solo completo) &#8211; 2 SFP 1GbE ports Caracter&iacute;sticas F&iacute;sicas &#8211; Dimensiones: 253.0(d)&hellip;&nbsp;<a href=\"https:\/\/aivlisoft.net\/shop\/producto\/aruba-instant-on-1830-24xgbe-12-poe-2xsfp-195w-swi\/\" rel=\"bookmark\"><span class=\"screen-reader-text\">Aruba Instant On 1830 24xGbE 12 PoE 2xSFP 195W Swi<\/span><\/a><\/p>\n","protected":false},"featured_media":20566,"template":"","meta":{"neve_meta_sidebar":"","neve_meta_container":"","neve_meta_enable_content_width":"","neve_meta_content_width":0,"neve_meta_title_alignment":"","neve_meta_author_avatar":"","neve_post_elements_order":"","neve_meta_disable_header":"","neve_meta_disable_footer":"","neve_meta_disable_title":""},"product_brand":[],"product_cat":[8771],"product_tag":[7330],"class_list":{"0":"post-20565","1":"product","2":"type-product","3":"status-publish","4":"has-post-thumbnail","6":"product_cat-switches-armario","7":"product_tag-jl813a","9":"first","10":"instock","11":"taxable","12":"shipping-taxable","13":"purchasable","14":"product-type-simple"},"yoast_head":"<!-- This site is optimized with the Yoast SEO plugin v26.0 - https:\/\/yoast.com\/wordpress\/plugins\/seo\/ -->\n<title>Aruba Instant On 1830 24xGbE 12 PoE 2xSFP 195W Swi - Aivlisoft Inform\u00e1tica<\/title>\n<meta name=\"robots\" content=\"index, follow, max-snippet:-1, max-image-preview:large, max-video-preview:-1\" \/>\n<link rel=\"canonical\" href=\"https:\/\/aivlisoft.net\/shop\/producto\/aruba-instant-on-1830-24xgbe-12-poe-2xsfp-195w-swi\/\" \/>\n<meta property=\"og:locale\" content=\"es_ES\" \/>\n<meta property=\"og:type\" content=\"article\" \/>\n<meta property=\"og:title\" content=\"Aruba Instant On 1830 24xGbE 12 PoE 2xSFP 195W Swi - Aivlisoft Inform\u00e1tica\" \/>\n<meta property=\"og:description\" content=\"Marca HPE ARUBA Modelo JL813A Caracter&iacute;sticas Puertos y ranuras &#8211; 24 RJ-45 autosensing 10\/100\/1000 ports &#8211; IEEE 802.3at Class 4 PoE (ports 1-12) (IEEE 802.3 Type 10BASE-T, IEEE 802.3u Type 100BASE-TX, IEEE 802.3ab Type 1000BASE-T) &#8211; Duplex: 10BASE-T\/100BASETX: (medio o completo) &#8211; 1000BASE-T: (solo completo) &#8211; 2 SFP 1GbE ports Caracter&iacute;sticas F&iacute;sicas &#8211; Dimensiones: 253.0(d)&hellip;&nbsp;Aruba Instant On 1830 24xGbE 12 PoE 2xSFP 195W Swi\" \/>\n<meta property=\"og:url\" content=\"https:\/\/aivlisoft.net\/shop\/producto\/aruba-instant-on-1830-24xgbe-12-poe-2xsfp-195w-swi\/\" \/>\n<meta property=\"og:site_name\" content=\"Aivlisoft Inform\u00e1tica\" \/>\n<meta property=\"article:modified_time\" content=\"2025-01-14T11:51:26+00:00\" \/>\n<meta property=\"og:image\" content=\"https:\/\/aivlisoft.net\/shop\/wp-content\/uploads\/2025\/01\/NSWSAR0320_800.jpg\" \/>\n\t<meta property=\"og:image:width\" content=\"800\" \/>\n\t<meta property=\"og:image:height\" content=\"800\" \/>\n\t<meta property=\"og:image:type\" content=\"image\/jpeg\" \/>\n<meta name=\"twitter:card\" content=\"summary_large_image\" \/>\n<meta name=\"twitter:label1\" content=\"Tiempo de lectura\" \/>\n\t<meta name=\"twitter:data1\" content=\"2 minutos\" \/>\n<script type=\"application\/ld+json\" class=\"yoast-schema-graph\">{\"@context\":\"https:\/\/schema.org\",\"@graph\":[{\"@type\":\"WebPage\",\"@id\":\"https:\/\/aivlisoft.net\/shop\/producto\/aruba-instant-on-1830-24xgbe-12-poe-2xsfp-195w-swi\/\",\"url\":\"https:\/\/aivlisoft.net\/shop\/producto\/aruba-instant-on-1830-24xgbe-12-poe-2xsfp-195w-swi\/\",\"name\":\"Aruba Instant On 1830 24xGbE 12 PoE 2xSFP 195W Swi - Aivlisoft Inform\u00e1tica\",\"isPartOf\":{\"@id\":\"https:\/\/aivlisoft.net\/shop\/#website\"},\"primaryImageOfPage\":{\"@id\":\"https:\/\/aivlisoft.net\/shop\/producto\/aruba-instant-on-1830-24xgbe-12-poe-2xsfp-195w-swi\/#primaryimage\"},\"image\":{\"@id\":\"https:\/\/aivlisoft.net\/shop\/producto\/aruba-instant-on-1830-24xgbe-12-poe-2xsfp-195w-swi\/#primaryimage\"},\"thumbnailUrl\":\"https:\/\/aivlisoft.net\/shop\/wp-content\/uploads\/2025\/01\/NSWSAR0320_800.jpg\",\"datePublished\":\"2025-01-13T15:44:04+00:00\",\"dateModified\":\"2025-01-14T11:51:26+00:00\",\"breadcrumb\":{\"@id\":\"https:\/\/aivlisoft.net\/shop\/producto\/aruba-instant-on-1830-24xgbe-12-poe-2xsfp-195w-swi\/#breadcrumb\"},\"inLanguage\":\"es\",\"potentialAction\":[{\"@type\":\"ReadAction\",\"target\":[\"https:\/\/aivlisoft.net\/shop\/producto\/aruba-instant-on-1830-24xgbe-12-poe-2xsfp-195w-swi\/\"]}]},{\"@type\":\"ImageObject\",\"inLanguage\":\"es\",\"@id\":\"https:\/\/aivlisoft.net\/shop\/producto\/aruba-instant-on-1830-24xgbe-12-poe-2xsfp-195w-swi\/#primaryimage\",\"url\":\"https:\/\/aivlisoft.net\/shop\/wp-content\/uploads\/2025\/01\/NSWSAR0320_800.jpg\",\"contentUrl\":\"https:\/\/aivlisoft.net\/shop\/wp-content\/uploads\/2025\/01\/NSWSAR0320_800.jpg\",\"width\":800,\"height\":800},{\"@type\":\"BreadcrumbList\",\"@id\":\"https:\/\/aivlisoft.net\/shop\/producto\/aruba-instant-on-1830-24xgbe-12-poe-2xsfp-195w-swi\/#breadcrumb\",\"itemListElement\":[{\"@type\":\"ListItem\",\"position\":1,\"name\":\"Portada\",\"item\":\"https:\/\/aivlisoft.net\/shop\/\"},{\"@type\":\"ListItem\",\"position\":2,\"name\":\"Tienda\",\"item\":\"https:\/\/aivlisoft.net\/shop\/tienda\/\"},{\"@type\":\"ListItem\",\"position\":3,\"name\":\"Aruba Instant On 1830 24xGbE 12 PoE 2xSFP 195W Swi\"}]},{\"@type\":\"WebSite\",\"@id\":\"https:\/\/aivlisoft.net\/shop\/#website\",\"url\":\"https:\/\/aivlisoft.net\/shop\/\",\"name\":\"Aivlisoft Inform\u00e1tica\",\"description\":\"En Aivlisoft Inform\u00e1tica ofrecemos soluciones tecnol\u00f3gicas para empresas: venta de ordenadores, consumibles, perif\u00e9ricos y m\u00e1s. Calidad, atenci\u00f3n personalizada y los mejores precios para tu negocio.\",\"publisher\":{\"@id\":\"https:\/\/aivlisoft.net\/shop\/#organization\"},\"potentialAction\":[{\"@type\":\"SearchAction\",\"target\":{\"@type\":\"EntryPoint\",\"urlTemplate\":\"https:\/\/aivlisoft.net\/shop\/?s={search_term_string}\"},\"query-input\":{\"@type\":\"PropertyValueSpecification\",\"valueRequired\":true,\"valueName\":\"search_term_string\"}}],\"inLanguage\":\"es\"},{\"@type\":\"Organization\",\"@id\":\"https:\/\/aivlisoft.net\/shop\/#organization\",\"name\":\"Aivlisoft Inform\u00e1tica\",\"url\":\"https:\/\/aivlisoft.net\/shop\/\",\"logo\":{\"@type\":\"ImageObject\",\"inLanguage\":\"es\",\"@id\":\"https:\/\/aivlisoft.net\/shop\/#\/schema\/logo\/image\/\",\"url\":\"https:\/\/aivlisoft.net\/shop\/wp-content\/uploads\/2024\/12\/removal.ai_5b848c54-0cdf-4140-95c5-c5536bb7573b-logodef.png\",\"contentUrl\":\"https:\/\/aivlisoft.net\/shop\/wp-content\/uploads\/2024\/12\/removal.ai_5b848c54-0cdf-4140-95c5-c5536bb7573b-logodef.png\",\"width\":484,\"height\":182,\"caption\":\"Aivlisoft Inform\u00e1tica\"},\"image\":{\"@id\":\"https:\/\/aivlisoft.net\/shop\/#\/schema\/logo\/image\/\"}}]}<\/script>\n<!-- \/ Yoast SEO plugin. -->","yoast_head_json":{"title":"Aruba Instant On 1830 24xGbE 12 PoE 2xSFP 195W Swi - Aivlisoft Inform\u00e1tica","robots":{"index":"index","follow":"follow","max-snippet":"max-snippet:-1","max-image-preview":"max-image-preview:large","max-video-preview":"max-video-preview:-1"},"canonical":"https:\/\/aivlisoft.net\/shop\/producto\/aruba-instant-on-1830-24xgbe-12-poe-2xsfp-195w-swi\/","og_locale":"es_ES","og_type":"article","og_title":"Aruba Instant On 1830 24xGbE 12 PoE 2xSFP 195W Swi - Aivlisoft Inform\u00e1tica","og_description":"Marca HPE ARUBA Modelo JL813A Caracter&iacute;sticas Puertos y ranuras &#8211; 24 RJ-45 autosensing 10\/100\/1000 ports &#8211; IEEE 802.3at Class 4 PoE (ports 1-12) (IEEE 802.3 Type 10BASE-T, IEEE 802.3u Type 100BASE-TX, IEEE 802.3ab Type 1000BASE-T) &#8211; Duplex: 10BASE-T\/100BASETX: (medio o completo) &#8211; 1000BASE-T: (solo completo) &#8211; 2 SFP 1GbE ports Caracter&iacute;sticas F&iacute;sicas &#8211; Dimensiones: 253.0(d)&hellip;&nbsp;Aruba Instant On 1830 24xGbE 12 PoE 2xSFP 195W Swi","og_url":"https:\/\/aivlisoft.net\/shop\/producto\/aruba-instant-on-1830-24xgbe-12-poe-2xsfp-195w-swi\/","og_site_name":"Aivlisoft Inform\u00e1tica","article_modified_time":"2025-01-14T11:51:26+00:00","og_image":[{"width":800,"height":800,"url":"https:\/\/aivlisoft.net\/shop\/wp-content\/uploads\/2025\/01\/NSWSAR0320_800.jpg","type":"image\/jpeg"}],"twitter_card":"summary_large_image","twitter_misc":{"Tiempo de lectura":"2 minutos"},"schema":{"@context":"https:\/\/schema.org","@graph":[{"@type":"WebPage","@id":"https:\/\/aivlisoft.net\/shop\/producto\/aruba-instant-on-1830-24xgbe-12-poe-2xsfp-195w-swi\/","url":"https:\/\/aivlisoft.net\/shop\/producto\/aruba-instant-on-1830-24xgbe-12-poe-2xsfp-195w-swi\/","name":"Aruba Instant On 1830 24xGbE 12 PoE 2xSFP 195W Swi - Aivlisoft Inform\u00e1tica","isPartOf":{"@id":"https:\/\/aivlisoft.net\/shop\/#website"},"primaryImageOfPage":{"@id":"https:\/\/aivlisoft.net\/shop\/producto\/aruba-instant-on-1830-24xgbe-12-poe-2xsfp-195w-swi\/#primaryimage"},"image":{"@id":"https:\/\/aivlisoft.net\/shop\/producto\/aruba-instant-on-1830-24xgbe-12-poe-2xsfp-195w-swi\/#primaryimage"},"thumbnailUrl":"https:\/\/aivlisoft.net\/shop\/wp-content\/uploads\/2025\/01\/NSWSAR0320_800.jpg","datePublished":"2025-01-13T15:44:04+00:00","dateModified":"2025-01-14T11:51:26+00:00","breadcrumb":{"@id":"https:\/\/aivlisoft.net\/shop\/producto\/aruba-instant-on-1830-24xgbe-12-poe-2xsfp-195w-swi\/#breadcrumb"},"inLanguage":"es","potentialAction":[{"@type":"ReadAction","target":["https:\/\/aivlisoft.net\/shop\/producto\/aruba-instant-on-1830-24xgbe-12-poe-2xsfp-195w-swi\/"]}]},{"@type":"ImageObject","inLanguage":"es","@id":"https:\/\/aivlisoft.net\/shop\/producto\/aruba-instant-on-1830-24xgbe-12-poe-2xsfp-195w-swi\/#primaryimage","url":"https:\/\/aivlisoft.net\/shop\/wp-content\/uploads\/2025\/01\/NSWSAR0320_800.jpg","contentUrl":"https:\/\/aivlisoft.net\/shop\/wp-content\/uploads\/2025\/01\/NSWSAR0320_800.jpg","width":800,"height":800},{"@type":"BreadcrumbList","@id":"https:\/\/aivlisoft.net\/shop\/producto\/aruba-instant-on-1830-24xgbe-12-poe-2xsfp-195w-swi\/#breadcrumb","itemListElement":[{"@type":"ListItem","position":1,"name":"Portada","item":"https:\/\/aivlisoft.net\/shop\/"},{"@type":"ListItem","position":2,"name":"Tienda","item":"https:\/\/aivlisoft.net\/shop\/tienda\/"},{"@type":"ListItem","position":3,"name":"Aruba Instant On 1830 24xGbE 12 PoE 2xSFP 195W Swi"}]},{"@type":"WebSite","@id":"https:\/\/aivlisoft.net\/shop\/#website","url":"https:\/\/aivlisoft.net\/shop\/","name":"Aivlisoft Inform\u00e1tica","description":"En Aivlisoft Inform\u00e1tica ofrecemos soluciones tecnol\u00f3gicas para empresas: venta de ordenadores, consumibles, perif\u00e9ricos y m\u00e1s. Calidad, atenci\u00f3n personalizada y los mejores precios para tu negocio.","publisher":{"@id":"https:\/\/aivlisoft.net\/shop\/#organization"},"potentialAction":[{"@type":"SearchAction","target":{"@type":"EntryPoint","urlTemplate":"https:\/\/aivlisoft.net\/shop\/?s={search_term_string}"},"query-input":{"@type":"PropertyValueSpecification","valueRequired":true,"valueName":"search_term_string"}}],"inLanguage":"es"},{"@type":"Organization","@id":"https:\/\/aivlisoft.net\/shop\/#organization","name":"Aivlisoft Inform\u00e1tica","url":"https:\/\/aivlisoft.net\/shop\/","logo":{"@type":"ImageObject","inLanguage":"es","@id":"https:\/\/aivlisoft.net\/shop\/#\/schema\/logo\/image\/","url":"https:\/\/aivlisoft.net\/shop\/wp-content\/uploads\/2024\/12\/removal.ai_5b848c54-0cdf-4140-95c5-c5536bb7573b-logodef.png","contentUrl":"https:\/\/aivlisoft.net\/shop\/wp-content\/uploads\/2024\/12\/removal.ai_5b848c54-0cdf-4140-95c5-c5536bb7573b-logodef.png","width":484,"height":182,"caption":"Aivlisoft Inform\u00e1tica"},"image":{"@id":"https:\/\/aivlisoft.net\/shop\/#\/schema\/logo\/image\/"}}]}},"_links":{"self":[{"href":"https:\/\/aivlisoft.net\/shop\/wp-json\/wp\/v2\/product\/20565","targetHints":{"allow":["GET"]}}],"collection":[{"href":"https:\/\/aivlisoft.net\/shop\/wp-json\/wp\/v2\/product"}],"about":[{"href":"https:\/\/aivlisoft.net\/shop\/wp-json\/wp\/v2\/types\/product"}],"wp:featuredmedia":[{"embeddable":true,"href":"https:\/\/aivlisoft.net\/shop\/wp-json\/wp\/v2\/media\/20566"}],"wp:attachment":[{"href":"https:\/\/aivlisoft.net\/shop\/wp-json\/wp\/v2\/media?parent=20565"}],"wp:term":[{"taxonomy":"product_brand","embeddable":true,"href":"https:\/\/aivlisoft.net\/shop\/wp-json\/wp\/v2\/product_brand?post=20565"},{"taxonomy":"product_cat","embeddable":true,"href":"https:\/\/aivlisoft.net\/shop\/wp-json\/wp\/v2\/product_cat?post=20565"},{"taxonomy":"product_tag","embeddable":true,"href":"https:\/\/aivlisoft.net\/shop\/wp-json\/wp\/v2\/product_tag?post=20565"}],"curies":[{"name":"wp","href":"https:\/\/api.w.org\/{rel}","templated":true}]}}