{"id":20526,"date":"2025-01-13T15:43:40","date_gmt":"2025-01-13T15:43:40","guid":{"rendered":"https:\/\/aivlisoft.com\/?post_type=product&#038;p=20526"},"modified":"2025-01-14T11:51:12","modified_gmt":"2025-01-14T11:51:12","slug":"tp-link-sg3428xmp-switch-l2-24xgb-poe-4slots","status":"publish","type":"product","link":"https:\/\/aivlisoft.net\/shop\/producto\/tp-link-sg3428xmp-switch-l2-24xgb-poe-4slots\/","title":{"rendered":"TP-Link SG3428XMP Switch L2 24xGb PoE+ 4Slots"},"content":{"rendered":"<p><\/p>\n<table class=\"tabla_caracteristicas\" width=\"100%\">\n<tr>\n<td><strong>Marca<\/strong><\/td>\n<td>TP-Link<\/td>\n<\/tr>\n<tr>\n<td valign=\"top\"><strong>Modelo<\/strong><\/td>\n<td><strong>TL-SG3428XMP<\/strong><\/td>\n<\/tr>\n<tr>\n<td valign=\"top\"><strong>Hardware<\/strong><\/td>\n<td>\n<div><strong>Interfaz<\/strong><br \/>\t\t\t&#8211; Puertos RJ45 de 24 &times; 10\/100\/1000 Mbps<br \/>\t\t\t&#8211; 4 ranuras 10G SFP +<br \/>\t\t\t&#8211; 1 puerto de consola RJ45<br \/>\t\t\t&#8211; 1 puerto de consola micro-USB<br \/>\t\t\t<strong>Alimentaci&oacute;n<\/strong><br \/>\t\t\t&#8211; Fuente de Alimentaci&oacute;n: 100-240 V AC~50\/60 Hz<br \/>\t\t\t&#8211; Puertos PoE+ (RJ45)<br \/>\t\t\t&nbsp; Standard: 802.3at\/af compliant<br \/>\t\t\t&nbsp; PoE+ Ports: 24 Ports, up to 30 W per port<br \/>\t\t\t&nbsp; Power Budget: 384 W<br \/>\t\t\t&#8211; Consumo de Potencia M&aacute;ximo:<br \/>\t\t\t&nbsp; 34,4 W (110 V \/ 60 Hz) (no hay ning&uacute;n dispositivo PD conectado)<br \/>\t\t\t&nbsp; 465,8 W (110 V \/ 60 Hz) (con dispositivo PD de 384 W conectado)<br \/>\t\t\t&#8211; Max Heat Dissipation:<br \/>\t\t\t&nbsp; 117,38 BTU \/ h (110 V \/ 60 Hz) (no hay ning&uacute;n dispositivo PD conectado)<br \/>\t\t\t&nbsp; 1589,31 BTU \/ h (110 V \/ 60 Hz) (con dispositivo PD de 384 W conectado)<br \/>\t\t\t&#8211; Montaje: Montaje en Rack<br \/>\t\t\t&#8211; Cantidad de Ventiladores: 2<\/div>\n<\/td>\n<\/tr>\n<tr>\n<td valign=\"top\"><strong>Software<\/strong><\/td>\n<td>\n<div><strong>Caracter&iacute;sticas L2 y L2+<\/strong><br \/>\t\t\t&#8211; Agregar un link<br \/>\t\t\t&nbsp; agregaci&oacute;n de enlaces est&aacute;ticos<br \/>\t\t\t&nbsp; LACP 802.3ad<br \/>\t\t\t&nbsp; Hasta 8 grupos de agregaci&oacute;n, que contienen 8 puertos por grupo<br \/>\t\t\t&#8211; Protocolo de &aacute;rbol de expansi&oacute;n<br \/>\t\t\t&nbsp; 802.1d STP<br \/>\t\t\t&nbsp; 802.1w RSTP<br \/>\t\t\t&nbsp; MSTP 802.1s<br \/>\t\t\t&nbsp; Seguridad STP: TC Protect, BPDU Filter, Root Protect<br \/>\t\t\t&#8211; Detecci&oacute;n de bucle invertido<br \/>\t\t\t&nbsp; Basado en puerto<br \/>\t\t\t&nbsp; Basado en VLAN<br \/>\t\t\t&#8211; Control de flujo<br \/>\t\t\t&nbsp; Control de flujo 802.3x<br \/>\t\t\t&nbsp; Prevenci&oacute;n de bloqueo HOL<br \/>\t\t\t&#8211; Reflejo<br \/>\t\t\t&nbsp; Duplicaci&oacute;n de puertos<br \/>\t\t\t&nbsp; Duplicaci&oacute;n de CPU<br \/>\t\t\t&nbsp; Doce y cincuenta y nueve de la noche<br \/>\t\t\t&nbsp; Muchos a uno<br \/>\t\t\t&nbsp; Tx \/ Rx \/ Ambos<br \/>\t\t\t<strong>VLAN<\/strong><br \/>\t\t\t&#8211; Grupo de VLAN<br \/>\t\t\t&nbsp; Grupos m&aacute;ximos de VLAN 4K<br \/>\t\t\t&#8211; VLAN etiquetada 802.1Q<br \/>\t\t\t&#8211; MAC VLAN: 30 entradas<br \/>\t\t\t&#8211; Protocolo VLAN: plantilla de protocolo 16, protocolo VLAN 16<br \/>\t\t\t&#8211; VLAN privada<br \/>\t\t\t&#8211; GVRP<br \/>\t\t\t&#8211; VLAN VPN (QinQ)<br \/>\t\t\t&nbsp; QinQ basado en puertos<br \/>\t\t\t&nbsp; QinQ selectivo<br \/>\t\t\t&#8211; VLAN de voz<br \/>\t\t\t<strong>Gesti&oacute;n<\/strong><br \/>\t\t\t&#8211; GUI basada en web<br \/>\t\t\t&#8211; Interfaz de l&iacute;nea de comandos (CLI) a trav&eacute;s del puerto de la consola, telnet<br \/>\t\t\t&#8211; SNMP v1 \/ v2c \/ v3<br \/>\t\t\t&nbsp; Trampa \/ Informar<br \/>\t\t\t&nbsp; RMON (1,2,3,9 grupos)<br \/>\t\t\t&#8211; Plantilla SDM<br \/>\t\t\t&#8211; Cliente DHCP \/ BOOTP<br \/>\t\t\t&#8211; 802.1ab LLDP \/ LLDP&nbsp; MED<br \/>\t\t\t&#8211; Instalaci&oacute;n autom&aacute;tica de DHCP<br \/>\t\t\t&#8211; Imagen dual, configuraci&oacute;n dual<br \/>\t\t\t&#8211; Supervisi&oacute;n de CPU<br \/>\t\t\t&#8211; Diagn&oacute;stico de cables<br \/>\t\t\t&#8211; EEE<br \/>\t\t\t&#8211; Recuperaci&oacute;n de contrase&ntilde;a<br \/>\t\t\t&#8211; SNTP<br \/>\t\t\t&#8211; Registro del sistema<br \/>\t\t\t<strong>Caracter&iacute;sticas Avanzadas<\/strong><br \/>\t\t\t&#8211; Admite controlador de hardware Omada (OC200 \/ OC300), controlador de software, controlador basado en la nube<br \/>\t\t\t&#8211; Descubrimiento autom&aacute;tico de dispositivos<br \/>\t\t\t&#8211; Configuraci&oacute;n por lotes<br \/>\t\t\t&#8211; Actualizaci&oacute;n de firmware por lotes<br \/>\t\t\t&#8211; Monitoreo de red inteligente<br \/>\t\t\t&#8211; Advertencias de eventos anormales<br \/>\t\t\t&#8211; Configuraci&oacute;n unificada<br \/>\t\t\t&#8211; Programa de reinicio<br \/>\t\t\t&#8211; ZTP (aprovisionamiento sin intervenci&oacute;n)<\/div>\n<\/td>\n<\/tr>\n<tr>\n<td valign=\"top\">\n<div><strong>Otras especificaciones<\/strong><\/div>\n<\/td>\n<td>\n<div>&#8211; Dimensiones: 17.3 &times; 13.0 &times; 1.7 in (440 &times; 330 &times; 44 mm)<\/div>\n<div><strong>Rendimiento<\/strong><br \/>\t\t\t&#8211; Capacidad de Conmutaci&oacute;n: 128 Gbps<br \/>\t\t\t&#8211; Tasa de Reenv&iacute;o de Paquetes: 95.23 Mpps<br \/>\t\t\t&#8211; Tabla de Direcciones MAC: 16 K<br \/>\t\t\t&#8211; Jumbo Frame: 9 KB<\/div>\n<div><strong>Certificaciones<\/strong><br \/>\t\t\t&#8211; FCC, CE, RoHS<br \/>\t\t\t<strong>Factores Ambientales<\/strong><br \/>\t\t\t&#8211; Temperatura de funcionamiento: 0~45&ordm;C (32&ordm;F~113&ordm;F)<br \/>\t\t\t&#8211; Temperatura de almacenamiento: -40&ordm;C~70&ordm;C (-40&ordm;F~158&ordm;F)<br \/>\t\t\t&#8211; Humedad de funcionamiento: 10%~90% sin condensaci&oacute;n<br \/>\t\t\t&#8211; Humedad de almacenamiento: 5%~90% sin condensaci&oacute;n<br \/>\t\t\t<strong>Contenido<\/strong><br \/>\t\t\t&#8211; Switch TL-SG3428XMP<br \/>\t\t\t&#8211; Cable de alimentaci&oacute;n<br \/>\t\t\t&#8211; Gu&iacute;a de Instalaci&oacute;n R&aacute;pida<br \/>\t\t\t&#8211; Kit de montaje en bastidor<br \/>\t\t\t&#8211; Patas de goma<\/div>\n<\/td>\n<\/tr>\n<tr>\n<td><strong>Fecha de revisi&oacute;n<\/strong><\/td>\n<td>17-03-2022 por MPM<\/td>\n<\/tr>\n<\/table>\n","protected":false},"excerpt":{"rendered":"<p>Marca TP-Link Modelo TL-SG3428XMP Hardware Interfaz &#8211; Puertos RJ45 de 24 &times; 10\/100\/1000 Mbps &#8211; 4 ranuras 10G SFP + &#8211; 1 puerto de consola RJ45 &#8211; 1 puerto de consola micro-USB Alimentaci&oacute;n &#8211; Fuente de Alimentaci&oacute;n: 100-240 V AC~50\/60 Hz &#8211; Puertos PoE+ (RJ45) &nbsp; Standard: 802.3at\/af compliant &nbsp; PoE+ Ports: 24 Ports, up&hellip;&nbsp;<a href=\"https:\/\/aivlisoft.net\/shop\/producto\/tp-link-sg3428xmp-switch-l2-24xgb-poe-4slots\/\" rel=\"bookmark\"><span class=\"screen-reader-text\">TP-Link SG3428XMP Switch L2 24xGb PoE+ 4Slots<\/span><\/a><\/p>\n","protected":false},"featured_media":20527,"template":"","meta":{"neve_meta_sidebar":"","neve_meta_container":"","neve_meta_enable_content_width":"","neve_meta_content_width":0,"neve_meta_title_alignment":"","neve_meta_author_avatar":"","neve_post_elements_order":"","neve_meta_disable_header":"","neve_meta_disable_footer":"","neve_meta_disable_title":""},"product_brand":[],"product_cat":[8771],"product_tag":[7320],"class_list":{"0":"post-20526","1":"product","2":"type-product","3":"status-publish","4":"has-post-thumbnail","6":"product_cat-switches-armario","7":"product_tag-sg3428xmp","9":"first","10":"instock","11":"taxable","12":"shipping-taxable","13":"purchasable","14":"product-type-simple"},"yoast_head":"<!-- This site is optimized with the Yoast SEO plugin v26.0 - https:\/\/yoast.com\/wordpress\/plugins\/seo\/ -->\n<title>TP-Link SG3428XMP Switch L2 24xGb PoE+ 4Slots - Aivlisoft Inform\u00e1tica<\/title>\n<meta name=\"robots\" content=\"index, follow, max-snippet:-1, max-image-preview:large, max-video-preview:-1\" \/>\n<link rel=\"canonical\" href=\"https:\/\/aivlisoft.net\/shop\/producto\/tp-link-sg3428xmp-switch-l2-24xgb-poe-4slots\/\" \/>\n<meta property=\"og:locale\" content=\"es_ES\" \/>\n<meta property=\"og:type\" content=\"article\" \/>\n<meta property=\"og:title\" content=\"TP-Link SG3428XMP Switch L2 24xGb PoE+ 4Slots - Aivlisoft Inform\u00e1tica\" \/>\n<meta property=\"og:description\" content=\"Marca TP-Link Modelo TL-SG3428XMP Hardware Interfaz &#8211; Puertos RJ45 de 24 &times; 10\/100\/1000 Mbps &#8211; 4 ranuras 10G SFP + &#8211; 1 puerto de consola RJ45 &#8211; 1 puerto de consola micro-USB Alimentaci&oacute;n &#8211; Fuente de Alimentaci&oacute;n: 100-240 V AC~50\/60 Hz &#8211; Puertos PoE+ (RJ45) &nbsp; Standard: 802.3at\/af compliant &nbsp; PoE+ Ports: 24 Ports, up&hellip;&nbsp;TP-Link SG3428XMP Switch L2 24xGb PoE+ 4Slots\" \/>\n<meta property=\"og:url\" content=\"https:\/\/aivlisoft.net\/shop\/producto\/tp-link-sg3428xmp-switch-l2-24xgb-poe-4slots\/\" \/>\n<meta property=\"og:site_name\" content=\"Aivlisoft Inform\u00e1tica\" \/>\n<meta property=\"article:modified_time\" content=\"2025-01-14T11:51:12+00:00\" \/>\n<meta property=\"og:image\" content=\"https:\/\/aivlisoft.net\/shop\/wp-content\/uploads\/2025\/01\/NSWSAR0308_800.jpg\" \/>\n\t<meta property=\"og:image:width\" content=\"800\" \/>\n\t<meta property=\"og:image:height\" content=\"800\" \/>\n\t<meta property=\"og:image:type\" content=\"image\/jpeg\" \/>\n<meta name=\"twitter:card\" content=\"summary_large_image\" \/>\n<meta name=\"twitter:label1\" content=\"Tiempo de lectura\" \/>\n\t<meta name=\"twitter:data1\" content=\"3 minutos\" \/>\n<script type=\"application\/ld+json\" class=\"yoast-schema-graph\">{\"@context\":\"https:\/\/schema.org\",\"@graph\":[{\"@type\":\"WebPage\",\"@id\":\"https:\/\/aivlisoft.net\/shop\/producto\/tp-link-sg3428xmp-switch-l2-24xgb-poe-4slots\/\",\"url\":\"https:\/\/aivlisoft.net\/shop\/producto\/tp-link-sg3428xmp-switch-l2-24xgb-poe-4slots\/\",\"name\":\"TP-Link SG3428XMP Switch L2 24xGb PoE+ 4Slots - Aivlisoft Inform\u00e1tica\",\"isPartOf\":{\"@id\":\"https:\/\/aivlisoft.net\/shop\/#website\"},\"primaryImageOfPage\":{\"@id\":\"https:\/\/aivlisoft.net\/shop\/producto\/tp-link-sg3428xmp-switch-l2-24xgb-poe-4slots\/#primaryimage\"},\"image\":{\"@id\":\"https:\/\/aivlisoft.net\/shop\/producto\/tp-link-sg3428xmp-switch-l2-24xgb-poe-4slots\/#primaryimage\"},\"thumbnailUrl\":\"https:\/\/aivlisoft.net\/shop\/wp-content\/uploads\/2025\/01\/NSWSAR0308_800.jpg\",\"datePublished\":\"2025-01-13T15:43:40+00:00\",\"dateModified\":\"2025-01-14T11:51:12+00:00\",\"breadcrumb\":{\"@id\":\"https:\/\/aivlisoft.net\/shop\/producto\/tp-link-sg3428xmp-switch-l2-24xgb-poe-4slots\/#breadcrumb\"},\"inLanguage\":\"es\",\"potentialAction\":[{\"@type\":\"ReadAction\",\"target\":[\"https:\/\/aivlisoft.net\/shop\/producto\/tp-link-sg3428xmp-switch-l2-24xgb-poe-4slots\/\"]}]},{\"@type\":\"ImageObject\",\"inLanguage\":\"es\",\"@id\":\"https:\/\/aivlisoft.net\/shop\/producto\/tp-link-sg3428xmp-switch-l2-24xgb-poe-4slots\/#primaryimage\",\"url\":\"https:\/\/aivlisoft.net\/shop\/wp-content\/uploads\/2025\/01\/NSWSAR0308_800.jpg\",\"contentUrl\":\"https:\/\/aivlisoft.net\/shop\/wp-content\/uploads\/2025\/01\/NSWSAR0308_800.jpg\",\"width\":800,\"height\":800},{\"@type\":\"BreadcrumbList\",\"@id\":\"https:\/\/aivlisoft.net\/shop\/producto\/tp-link-sg3428xmp-switch-l2-24xgb-poe-4slots\/#breadcrumb\",\"itemListElement\":[{\"@type\":\"ListItem\",\"position\":1,\"name\":\"Portada\",\"item\":\"https:\/\/aivlisoft.net\/shop\/\"},{\"@type\":\"ListItem\",\"position\":2,\"name\":\"Tienda\",\"item\":\"https:\/\/aivlisoft.net\/shop\/tienda\/\"},{\"@type\":\"ListItem\",\"position\":3,\"name\":\"TP-Link SG3428XMP Switch L2 24xGb PoE+ 4Slots\"}]},{\"@type\":\"WebSite\",\"@id\":\"https:\/\/aivlisoft.net\/shop\/#website\",\"url\":\"https:\/\/aivlisoft.net\/shop\/\",\"name\":\"Aivlisoft Inform\u00e1tica\",\"description\":\"En Aivlisoft Inform\u00e1tica ofrecemos soluciones tecnol\u00f3gicas para empresas: venta de ordenadores, consumibles, perif\u00e9ricos y m\u00e1s. Calidad, atenci\u00f3n personalizada y los mejores precios para tu negocio.\",\"publisher\":{\"@id\":\"https:\/\/aivlisoft.net\/shop\/#organization\"},\"potentialAction\":[{\"@type\":\"SearchAction\",\"target\":{\"@type\":\"EntryPoint\",\"urlTemplate\":\"https:\/\/aivlisoft.net\/shop\/?s={search_term_string}\"},\"query-input\":{\"@type\":\"PropertyValueSpecification\",\"valueRequired\":true,\"valueName\":\"search_term_string\"}}],\"inLanguage\":\"es\"},{\"@type\":\"Organization\",\"@id\":\"https:\/\/aivlisoft.net\/shop\/#organization\",\"name\":\"Aivlisoft Inform\u00e1tica\",\"url\":\"https:\/\/aivlisoft.net\/shop\/\",\"logo\":{\"@type\":\"ImageObject\",\"inLanguage\":\"es\",\"@id\":\"https:\/\/aivlisoft.net\/shop\/#\/schema\/logo\/image\/\",\"url\":\"https:\/\/aivlisoft.net\/shop\/wp-content\/uploads\/2024\/12\/removal.ai_5b848c54-0cdf-4140-95c5-c5536bb7573b-logodef.png\",\"contentUrl\":\"https:\/\/aivlisoft.net\/shop\/wp-content\/uploads\/2024\/12\/removal.ai_5b848c54-0cdf-4140-95c5-c5536bb7573b-logodef.png\",\"width\":484,\"height\":182,\"caption\":\"Aivlisoft Inform\u00e1tica\"},\"image\":{\"@id\":\"https:\/\/aivlisoft.net\/shop\/#\/schema\/logo\/image\/\"}}]}<\/script>\n<!-- \/ Yoast SEO plugin. -->","yoast_head_json":{"title":"TP-Link SG3428XMP Switch L2 24xGb PoE+ 4Slots - Aivlisoft Inform\u00e1tica","robots":{"index":"index","follow":"follow","max-snippet":"max-snippet:-1","max-image-preview":"max-image-preview:large","max-video-preview":"max-video-preview:-1"},"canonical":"https:\/\/aivlisoft.net\/shop\/producto\/tp-link-sg3428xmp-switch-l2-24xgb-poe-4slots\/","og_locale":"es_ES","og_type":"article","og_title":"TP-Link SG3428XMP Switch L2 24xGb PoE+ 4Slots - Aivlisoft Inform\u00e1tica","og_description":"Marca TP-Link Modelo TL-SG3428XMP Hardware Interfaz &#8211; Puertos RJ45 de 24 &times; 10\/100\/1000 Mbps &#8211; 4 ranuras 10G SFP + &#8211; 1 puerto de consola RJ45 &#8211; 1 puerto de consola micro-USB Alimentaci&oacute;n &#8211; Fuente de Alimentaci&oacute;n: 100-240 V AC~50\/60 Hz &#8211; Puertos PoE+ (RJ45) &nbsp; Standard: 802.3at\/af compliant &nbsp; PoE+ Ports: 24 Ports, up&hellip;&nbsp;TP-Link SG3428XMP Switch L2 24xGb PoE+ 4Slots","og_url":"https:\/\/aivlisoft.net\/shop\/producto\/tp-link-sg3428xmp-switch-l2-24xgb-poe-4slots\/","og_site_name":"Aivlisoft Inform\u00e1tica","article_modified_time":"2025-01-14T11:51:12+00:00","og_image":[{"width":800,"height":800,"url":"https:\/\/aivlisoft.net\/shop\/wp-content\/uploads\/2025\/01\/NSWSAR0308_800.jpg","type":"image\/jpeg"}],"twitter_card":"summary_large_image","twitter_misc":{"Tiempo de lectura":"3 minutos"},"schema":{"@context":"https:\/\/schema.org","@graph":[{"@type":"WebPage","@id":"https:\/\/aivlisoft.net\/shop\/producto\/tp-link-sg3428xmp-switch-l2-24xgb-poe-4slots\/","url":"https:\/\/aivlisoft.net\/shop\/producto\/tp-link-sg3428xmp-switch-l2-24xgb-poe-4slots\/","name":"TP-Link SG3428XMP Switch L2 24xGb PoE+ 4Slots - Aivlisoft Inform\u00e1tica","isPartOf":{"@id":"https:\/\/aivlisoft.net\/shop\/#website"},"primaryImageOfPage":{"@id":"https:\/\/aivlisoft.net\/shop\/producto\/tp-link-sg3428xmp-switch-l2-24xgb-poe-4slots\/#primaryimage"},"image":{"@id":"https:\/\/aivlisoft.net\/shop\/producto\/tp-link-sg3428xmp-switch-l2-24xgb-poe-4slots\/#primaryimage"},"thumbnailUrl":"https:\/\/aivlisoft.net\/shop\/wp-content\/uploads\/2025\/01\/NSWSAR0308_800.jpg","datePublished":"2025-01-13T15:43:40+00:00","dateModified":"2025-01-14T11:51:12+00:00","breadcrumb":{"@id":"https:\/\/aivlisoft.net\/shop\/producto\/tp-link-sg3428xmp-switch-l2-24xgb-poe-4slots\/#breadcrumb"},"inLanguage":"es","potentialAction":[{"@type":"ReadAction","target":["https:\/\/aivlisoft.net\/shop\/producto\/tp-link-sg3428xmp-switch-l2-24xgb-poe-4slots\/"]}]},{"@type":"ImageObject","inLanguage":"es","@id":"https:\/\/aivlisoft.net\/shop\/producto\/tp-link-sg3428xmp-switch-l2-24xgb-poe-4slots\/#primaryimage","url":"https:\/\/aivlisoft.net\/shop\/wp-content\/uploads\/2025\/01\/NSWSAR0308_800.jpg","contentUrl":"https:\/\/aivlisoft.net\/shop\/wp-content\/uploads\/2025\/01\/NSWSAR0308_800.jpg","width":800,"height":800},{"@type":"BreadcrumbList","@id":"https:\/\/aivlisoft.net\/shop\/producto\/tp-link-sg3428xmp-switch-l2-24xgb-poe-4slots\/#breadcrumb","itemListElement":[{"@type":"ListItem","position":1,"name":"Portada","item":"https:\/\/aivlisoft.net\/shop\/"},{"@type":"ListItem","position":2,"name":"Tienda","item":"https:\/\/aivlisoft.net\/shop\/tienda\/"},{"@type":"ListItem","position":3,"name":"TP-Link SG3428XMP Switch L2 24xGb PoE+ 4Slots"}]},{"@type":"WebSite","@id":"https:\/\/aivlisoft.net\/shop\/#website","url":"https:\/\/aivlisoft.net\/shop\/","name":"Aivlisoft Inform\u00e1tica","description":"En Aivlisoft Inform\u00e1tica ofrecemos soluciones tecnol\u00f3gicas para empresas: venta de ordenadores, consumibles, perif\u00e9ricos y m\u00e1s. Calidad, atenci\u00f3n personalizada y los mejores precios para tu negocio.","publisher":{"@id":"https:\/\/aivlisoft.net\/shop\/#organization"},"potentialAction":[{"@type":"SearchAction","target":{"@type":"EntryPoint","urlTemplate":"https:\/\/aivlisoft.net\/shop\/?s={search_term_string}"},"query-input":{"@type":"PropertyValueSpecification","valueRequired":true,"valueName":"search_term_string"}}],"inLanguage":"es"},{"@type":"Organization","@id":"https:\/\/aivlisoft.net\/shop\/#organization","name":"Aivlisoft Inform\u00e1tica","url":"https:\/\/aivlisoft.net\/shop\/","logo":{"@type":"ImageObject","inLanguage":"es","@id":"https:\/\/aivlisoft.net\/shop\/#\/schema\/logo\/image\/","url":"https:\/\/aivlisoft.net\/shop\/wp-content\/uploads\/2024\/12\/removal.ai_5b848c54-0cdf-4140-95c5-c5536bb7573b-logodef.png","contentUrl":"https:\/\/aivlisoft.net\/shop\/wp-content\/uploads\/2024\/12\/removal.ai_5b848c54-0cdf-4140-95c5-c5536bb7573b-logodef.png","width":484,"height":182,"caption":"Aivlisoft Inform\u00e1tica"},"image":{"@id":"https:\/\/aivlisoft.net\/shop\/#\/schema\/logo\/image\/"}}]}},"_links":{"self":[{"href":"https:\/\/aivlisoft.net\/shop\/wp-json\/wp\/v2\/product\/20526","targetHints":{"allow":["GET"]}}],"collection":[{"href":"https:\/\/aivlisoft.net\/shop\/wp-json\/wp\/v2\/product"}],"about":[{"href":"https:\/\/aivlisoft.net\/shop\/wp-json\/wp\/v2\/types\/product"}],"wp:featuredmedia":[{"embeddable":true,"href":"https:\/\/aivlisoft.net\/shop\/wp-json\/wp\/v2\/media\/20527"}],"wp:attachment":[{"href":"https:\/\/aivlisoft.net\/shop\/wp-json\/wp\/v2\/media?parent=20526"}],"wp:term":[{"taxonomy":"product_brand","embeddable":true,"href":"https:\/\/aivlisoft.net\/shop\/wp-json\/wp\/v2\/product_brand?post=20526"},{"taxonomy":"product_cat","embeddable":true,"href":"https:\/\/aivlisoft.net\/shop\/wp-json\/wp\/v2\/product_cat?post=20526"},{"taxonomy":"product_tag","embeddable":true,"href":"https:\/\/aivlisoft.net\/shop\/wp-json\/wp\/v2\/product_tag?post=20526"}],"curies":[{"name":"wp","href":"https:\/\/api.w.org\/{rel}","templated":true}]}}