{"id":20519,"date":"2025-01-13T15:43:37","date_gmt":"2025-01-13T15:43:37","guid":{"rendered":"https:\/\/aivlisoft.com\/?post_type=product&#038;p=20519"},"modified":"2025-01-14T11:51:11","modified_gmt":"2025-01-14T11:51:11","slug":"mikrotik-ccr2216-1g-12xs-2xq-router-l3-2xqsfp28","status":"publish","type":"product","link":"https:\/\/aivlisoft.net\/shop\/producto\/mikrotik-ccr2216-1g-12xs-2xq-router-l3-2xqsfp28\/","title":{"rendered":"Mikrotik CCR2216-1G-12XS-2XQ Router L3 2xQSFP28"},"content":{"rendered":"<p>&nbsp;<\/p>\n<table class=\"tabla_caracteristicas k-table\" width=\"100%\">\n<tr>\n<td><strong>Marca<\/strong><\/td>\n<td>Mikrotik<\/td>\n<\/tr>\n<tr>\n<td valign=\"top\"><strong>Modelo<\/strong><\/td>\n<td><strong>CCR2216-1G-12XS-2XQ<\/strong><\/td>\n<\/tr>\n<tr>\n<td valign=\"top\"><strong>Caracter&iacute;sticas<\/strong><\/td>\n<td>&#8211; Arquitectura: ARM 64bit<br \/>\t\t\t&#8211; CPU: AL73400<br \/>\t\t\t&#8211; Recuento de n&uacute;cleos de CPU: 16<br \/>\t\t\t&#8211; Frecuencia nominal de la CPU: 2000 MHz<br \/>\t\t\t&#8211; Licencia de enrutador OS: 6<br \/>\t\t\t&#8211; Sistema operativo: RouterOS<br \/>\t\t\t&#8211; Tama&ntilde;o de RAM: 16GB<br \/>\t\t\t&#8211; Tama&ntilde;o de almacenamiento: 128 MB NAND<br \/>\t\t\t&#8211; MTBF: Aproximadamente 200.000 horas a 25&ordm;C<br \/>\t\t\t&#8211; Dimensiones: 443 x 367 x 44 mm<br \/>\t\t\t<strong>Alimentaci&oacute;n<\/strong><br \/>\t\t\t&#8211; N&uacute;mero de entradas de CA: 2<br \/>\t\t\t&#8211; Rango de entrada de CA: 100-240<br \/>\t\t\t&#8211; Adaptador nominal tensi&oacute;n: 12V<br \/>\t\t\t&#8211; Adaptador nominal corriente: 12,5A<br \/>\t\t\t&#8211; Consumo m&aacute;ximo de energ&iacute;a: 128 W<br \/>\t\t\t&#8211; Consumo m&aacute;ximo de energ&iacute;a sin accesorios: 80 W<br \/>\t\t\t&#8211; Tipo de refrigeraci&oacute;n: 4<br \/>\t\t\t<strong>Puertos<\/strong><br \/>\t\t\t&#8211; Ethernet 10\/100\/1000: 1<br \/>\t\t\t&#8211; Fibra 25G SFP28: 12<br \/>\t\t\t&#8211; Fibra 100G QSFP28: 2<br \/>\t\t\t&#8211; Puerto de consola serie: RJ45<br \/>\t\t\t&#8211; N&uacute;mero de ranuras M.2: 2<br \/>\t\t\t<strong>Accesorios incluidos<\/strong><br \/>\t\t\t&#8211; 2 cables de alimentaci&oacute;n<br \/>\t\t\t&#8211; Orejas de montaje en rack<br \/>\t\t\t&#8211; Orejas de soporte traseras para montaje en rack<br \/>\t\t\t&#8211; Soporte de gesti&oacute;n de cables<br \/>\t\t\t&#8211; Juego de fijaci&oacute;n<\/td>\n<\/tr>\n<tr>\n<td><strong>Fecha de revisi&oacute;n<\/strong><\/td>\n<td>07-03-2022 por MPM<\/td>\n<\/tr>\n<\/table>\n","protected":false},"excerpt":{"rendered":"<p>&nbsp; Marca Mikrotik Modelo CCR2216-1G-12XS-2XQ Caracter&iacute;sticas &#8211; Arquitectura: ARM 64bit &#8211; CPU: AL73400 &#8211; Recuento de n&uacute;cleos de CPU: 16 &#8211; Frecuencia nominal de la CPU: 2000 MHz &#8211; Licencia de enrutador OS: 6 &#8211; Sistema operativo: RouterOS &#8211; Tama&ntilde;o de RAM: 16GB &#8211; Tama&ntilde;o de almacenamiento: 128 MB NAND &#8211; MTBF: Aproximadamente 200.000 horas&hellip;&nbsp;<a href=\"https:\/\/aivlisoft.net\/shop\/producto\/mikrotik-ccr2216-1g-12xs-2xq-router-l3-2xqsfp28\/\" rel=\"bookmark\"><span class=\"screen-reader-text\">Mikrotik CCR2216-1G-12XS-2XQ Router L3 2xQSFP28<\/span><\/a><\/p>\n","protected":false},"featured_media":20520,"template":"","meta":{"neve_meta_sidebar":"","neve_meta_container":"","neve_meta_enable_content_width":"","neve_meta_content_width":0,"neve_meta_title_alignment":"","neve_meta_author_avatar":"","neve_post_elements_order":"","neve_meta_disable_header":"","neve_meta_disable_footer":"","neve_meta_disable_title":""},"product_brand":[],"product_cat":[8771],"product_tag":[7318],"class_list":{"0":"post-20519","1":"product","2":"type-product","3":"status-publish","4":"has-post-thumbnail","6":"product_cat-switches-armario","7":"product_tag-ccr2216-1g-12xs-2xq","9":"first","10":"instock","11":"taxable","12":"shipping-taxable","13":"purchasable","14":"product-type-simple"},"yoast_head":"<!-- This site is optimized with the Yoast SEO plugin v26.0 - https:\/\/yoast.com\/wordpress\/plugins\/seo\/ -->\n<title>Mikrotik CCR2216-1G-12XS-2XQ Router L3 2xQSFP28 - Aivlisoft Inform\u00e1tica<\/title>\n<meta name=\"robots\" content=\"index, follow, max-snippet:-1, max-image-preview:large, max-video-preview:-1\" \/>\n<link rel=\"canonical\" href=\"https:\/\/aivlisoft.net\/shop\/producto\/mikrotik-ccr2216-1g-12xs-2xq-router-l3-2xqsfp28\/\" \/>\n<meta property=\"og:locale\" content=\"es_ES\" \/>\n<meta property=\"og:type\" content=\"article\" \/>\n<meta property=\"og:title\" content=\"Mikrotik CCR2216-1G-12XS-2XQ Router L3 2xQSFP28 - Aivlisoft Inform\u00e1tica\" \/>\n<meta property=\"og:description\" content=\"&nbsp; Marca Mikrotik Modelo CCR2216-1G-12XS-2XQ Caracter&iacute;sticas &#8211; Arquitectura: ARM 64bit &#8211; CPU: AL73400 &#8211; Recuento de n&uacute;cleos de CPU: 16 &#8211; Frecuencia nominal de la CPU: 2000 MHz &#8211; Licencia de enrutador OS: 6 &#8211; Sistema operativo: RouterOS &#8211; Tama&ntilde;o de RAM: 16GB &#8211; Tama&ntilde;o de almacenamiento: 128 MB NAND &#8211; MTBF: Aproximadamente 200.000 horas&hellip;&nbsp;Mikrotik CCR2216-1G-12XS-2XQ Router L3 2xQSFP28\" \/>\n<meta property=\"og:url\" content=\"https:\/\/aivlisoft.net\/shop\/producto\/mikrotik-ccr2216-1g-12xs-2xq-router-l3-2xqsfp28\/\" \/>\n<meta property=\"og:site_name\" content=\"Aivlisoft Inform\u00e1tica\" \/>\n<meta property=\"article:modified_time\" content=\"2025-01-14T11:51:11+00:00\" \/>\n<meta property=\"og:image\" content=\"https:\/\/aivlisoft.net\/shop\/wp-content\/uploads\/2025\/01\/NSWSAR0306_800.jpg\" \/>\n\t<meta property=\"og:image:width\" content=\"800\" \/>\n\t<meta property=\"og:image:height\" content=\"800\" \/>\n\t<meta property=\"og:image:type\" content=\"image\/jpeg\" \/>\n<meta name=\"twitter:card\" content=\"summary_large_image\" \/>\n<meta name=\"twitter:label1\" content=\"Tiempo de lectura\" \/>\n\t<meta name=\"twitter:data1\" content=\"1 minuto\" \/>\n<script type=\"application\/ld+json\" class=\"yoast-schema-graph\">{\"@context\":\"https:\/\/schema.org\",\"@graph\":[{\"@type\":\"WebPage\",\"@id\":\"https:\/\/aivlisoft.net\/shop\/producto\/mikrotik-ccr2216-1g-12xs-2xq-router-l3-2xqsfp28\/\",\"url\":\"https:\/\/aivlisoft.net\/shop\/producto\/mikrotik-ccr2216-1g-12xs-2xq-router-l3-2xqsfp28\/\",\"name\":\"Mikrotik CCR2216-1G-12XS-2XQ Router L3 2xQSFP28 - Aivlisoft Inform\u00e1tica\",\"isPartOf\":{\"@id\":\"https:\/\/aivlisoft.net\/shop\/#website\"},\"primaryImageOfPage\":{\"@id\":\"https:\/\/aivlisoft.net\/shop\/producto\/mikrotik-ccr2216-1g-12xs-2xq-router-l3-2xqsfp28\/#primaryimage\"},\"image\":{\"@id\":\"https:\/\/aivlisoft.net\/shop\/producto\/mikrotik-ccr2216-1g-12xs-2xq-router-l3-2xqsfp28\/#primaryimage\"},\"thumbnailUrl\":\"https:\/\/aivlisoft.net\/shop\/wp-content\/uploads\/2025\/01\/NSWSAR0306_800.jpg\",\"datePublished\":\"2025-01-13T15:43:37+00:00\",\"dateModified\":\"2025-01-14T11:51:11+00:00\",\"breadcrumb\":{\"@id\":\"https:\/\/aivlisoft.net\/shop\/producto\/mikrotik-ccr2216-1g-12xs-2xq-router-l3-2xqsfp28\/#breadcrumb\"},\"inLanguage\":\"es\",\"potentialAction\":[{\"@type\":\"ReadAction\",\"target\":[\"https:\/\/aivlisoft.net\/shop\/producto\/mikrotik-ccr2216-1g-12xs-2xq-router-l3-2xqsfp28\/\"]}]},{\"@type\":\"ImageObject\",\"inLanguage\":\"es\",\"@id\":\"https:\/\/aivlisoft.net\/shop\/producto\/mikrotik-ccr2216-1g-12xs-2xq-router-l3-2xqsfp28\/#primaryimage\",\"url\":\"https:\/\/aivlisoft.net\/shop\/wp-content\/uploads\/2025\/01\/NSWSAR0306_800.jpg\",\"contentUrl\":\"https:\/\/aivlisoft.net\/shop\/wp-content\/uploads\/2025\/01\/NSWSAR0306_800.jpg\",\"width\":800,\"height\":800},{\"@type\":\"BreadcrumbList\",\"@id\":\"https:\/\/aivlisoft.net\/shop\/producto\/mikrotik-ccr2216-1g-12xs-2xq-router-l3-2xqsfp28\/#breadcrumb\",\"itemListElement\":[{\"@type\":\"ListItem\",\"position\":1,\"name\":\"Portada\",\"item\":\"https:\/\/aivlisoft.net\/shop\/\"},{\"@type\":\"ListItem\",\"position\":2,\"name\":\"Tienda\",\"item\":\"https:\/\/aivlisoft.net\/shop\/tienda\/\"},{\"@type\":\"ListItem\",\"position\":3,\"name\":\"Mikrotik CCR2216-1G-12XS-2XQ Router L3 2xQSFP28\"}]},{\"@type\":\"WebSite\",\"@id\":\"https:\/\/aivlisoft.net\/shop\/#website\",\"url\":\"https:\/\/aivlisoft.net\/shop\/\",\"name\":\"Aivlisoft Inform\u00e1tica\",\"description\":\"En Aivlisoft Inform\u00e1tica ofrecemos soluciones tecnol\u00f3gicas para empresas: venta de ordenadores, consumibles, perif\u00e9ricos y m\u00e1s. Calidad, atenci\u00f3n personalizada y los mejores precios para tu negocio.\",\"publisher\":{\"@id\":\"https:\/\/aivlisoft.net\/shop\/#organization\"},\"potentialAction\":[{\"@type\":\"SearchAction\",\"target\":{\"@type\":\"EntryPoint\",\"urlTemplate\":\"https:\/\/aivlisoft.net\/shop\/?s={search_term_string}\"},\"query-input\":{\"@type\":\"PropertyValueSpecification\",\"valueRequired\":true,\"valueName\":\"search_term_string\"}}],\"inLanguage\":\"es\"},{\"@type\":\"Organization\",\"@id\":\"https:\/\/aivlisoft.net\/shop\/#organization\",\"name\":\"Aivlisoft Inform\u00e1tica\",\"url\":\"https:\/\/aivlisoft.net\/shop\/\",\"logo\":{\"@type\":\"ImageObject\",\"inLanguage\":\"es\",\"@id\":\"https:\/\/aivlisoft.net\/shop\/#\/schema\/logo\/image\/\",\"url\":\"https:\/\/aivlisoft.net\/shop\/wp-content\/uploads\/2024\/12\/removal.ai_5b848c54-0cdf-4140-95c5-c5536bb7573b-logodef.png\",\"contentUrl\":\"https:\/\/aivlisoft.net\/shop\/wp-content\/uploads\/2024\/12\/removal.ai_5b848c54-0cdf-4140-95c5-c5536bb7573b-logodef.png\",\"width\":484,\"height\":182,\"caption\":\"Aivlisoft Inform\u00e1tica\"},\"image\":{\"@id\":\"https:\/\/aivlisoft.net\/shop\/#\/schema\/logo\/image\/\"}}]}<\/script>\n<!-- \/ Yoast SEO plugin. -->","yoast_head_json":{"title":"Mikrotik CCR2216-1G-12XS-2XQ Router L3 2xQSFP28 - Aivlisoft Inform\u00e1tica","robots":{"index":"index","follow":"follow","max-snippet":"max-snippet:-1","max-image-preview":"max-image-preview:large","max-video-preview":"max-video-preview:-1"},"canonical":"https:\/\/aivlisoft.net\/shop\/producto\/mikrotik-ccr2216-1g-12xs-2xq-router-l3-2xqsfp28\/","og_locale":"es_ES","og_type":"article","og_title":"Mikrotik CCR2216-1G-12XS-2XQ Router L3 2xQSFP28 - Aivlisoft Inform\u00e1tica","og_description":"&nbsp; Marca Mikrotik Modelo CCR2216-1G-12XS-2XQ Caracter&iacute;sticas &#8211; Arquitectura: ARM 64bit &#8211; CPU: AL73400 &#8211; Recuento de n&uacute;cleos de CPU: 16 &#8211; Frecuencia nominal de la CPU: 2000 MHz &#8211; Licencia de enrutador OS: 6 &#8211; Sistema operativo: RouterOS &#8211; Tama&ntilde;o de RAM: 16GB &#8211; Tama&ntilde;o de almacenamiento: 128 MB NAND &#8211; MTBF: Aproximadamente 200.000 horas&hellip;&nbsp;Mikrotik CCR2216-1G-12XS-2XQ Router L3 2xQSFP28","og_url":"https:\/\/aivlisoft.net\/shop\/producto\/mikrotik-ccr2216-1g-12xs-2xq-router-l3-2xqsfp28\/","og_site_name":"Aivlisoft Inform\u00e1tica","article_modified_time":"2025-01-14T11:51:11+00:00","og_image":[{"width":800,"height":800,"url":"https:\/\/aivlisoft.net\/shop\/wp-content\/uploads\/2025\/01\/NSWSAR0306_800.jpg","type":"image\/jpeg"}],"twitter_card":"summary_large_image","twitter_misc":{"Tiempo de lectura":"1 minuto"},"schema":{"@context":"https:\/\/schema.org","@graph":[{"@type":"WebPage","@id":"https:\/\/aivlisoft.net\/shop\/producto\/mikrotik-ccr2216-1g-12xs-2xq-router-l3-2xqsfp28\/","url":"https:\/\/aivlisoft.net\/shop\/producto\/mikrotik-ccr2216-1g-12xs-2xq-router-l3-2xqsfp28\/","name":"Mikrotik CCR2216-1G-12XS-2XQ Router L3 2xQSFP28 - Aivlisoft Inform\u00e1tica","isPartOf":{"@id":"https:\/\/aivlisoft.net\/shop\/#website"},"primaryImageOfPage":{"@id":"https:\/\/aivlisoft.net\/shop\/producto\/mikrotik-ccr2216-1g-12xs-2xq-router-l3-2xqsfp28\/#primaryimage"},"image":{"@id":"https:\/\/aivlisoft.net\/shop\/producto\/mikrotik-ccr2216-1g-12xs-2xq-router-l3-2xqsfp28\/#primaryimage"},"thumbnailUrl":"https:\/\/aivlisoft.net\/shop\/wp-content\/uploads\/2025\/01\/NSWSAR0306_800.jpg","datePublished":"2025-01-13T15:43:37+00:00","dateModified":"2025-01-14T11:51:11+00:00","breadcrumb":{"@id":"https:\/\/aivlisoft.net\/shop\/producto\/mikrotik-ccr2216-1g-12xs-2xq-router-l3-2xqsfp28\/#breadcrumb"},"inLanguage":"es","potentialAction":[{"@type":"ReadAction","target":["https:\/\/aivlisoft.net\/shop\/producto\/mikrotik-ccr2216-1g-12xs-2xq-router-l3-2xqsfp28\/"]}]},{"@type":"ImageObject","inLanguage":"es","@id":"https:\/\/aivlisoft.net\/shop\/producto\/mikrotik-ccr2216-1g-12xs-2xq-router-l3-2xqsfp28\/#primaryimage","url":"https:\/\/aivlisoft.net\/shop\/wp-content\/uploads\/2025\/01\/NSWSAR0306_800.jpg","contentUrl":"https:\/\/aivlisoft.net\/shop\/wp-content\/uploads\/2025\/01\/NSWSAR0306_800.jpg","width":800,"height":800},{"@type":"BreadcrumbList","@id":"https:\/\/aivlisoft.net\/shop\/producto\/mikrotik-ccr2216-1g-12xs-2xq-router-l3-2xqsfp28\/#breadcrumb","itemListElement":[{"@type":"ListItem","position":1,"name":"Portada","item":"https:\/\/aivlisoft.net\/shop\/"},{"@type":"ListItem","position":2,"name":"Tienda","item":"https:\/\/aivlisoft.net\/shop\/tienda\/"},{"@type":"ListItem","position":3,"name":"Mikrotik CCR2216-1G-12XS-2XQ Router L3 2xQSFP28"}]},{"@type":"WebSite","@id":"https:\/\/aivlisoft.net\/shop\/#website","url":"https:\/\/aivlisoft.net\/shop\/","name":"Aivlisoft Inform\u00e1tica","description":"En Aivlisoft Inform\u00e1tica ofrecemos soluciones tecnol\u00f3gicas para empresas: venta de ordenadores, consumibles, perif\u00e9ricos y m\u00e1s. Calidad, atenci\u00f3n personalizada y los mejores precios para tu negocio.","publisher":{"@id":"https:\/\/aivlisoft.net\/shop\/#organization"},"potentialAction":[{"@type":"SearchAction","target":{"@type":"EntryPoint","urlTemplate":"https:\/\/aivlisoft.net\/shop\/?s={search_term_string}"},"query-input":{"@type":"PropertyValueSpecification","valueRequired":true,"valueName":"search_term_string"}}],"inLanguage":"es"},{"@type":"Organization","@id":"https:\/\/aivlisoft.net\/shop\/#organization","name":"Aivlisoft Inform\u00e1tica","url":"https:\/\/aivlisoft.net\/shop\/","logo":{"@type":"ImageObject","inLanguage":"es","@id":"https:\/\/aivlisoft.net\/shop\/#\/schema\/logo\/image\/","url":"https:\/\/aivlisoft.net\/shop\/wp-content\/uploads\/2024\/12\/removal.ai_5b848c54-0cdf-4140-95c5-c5536bb7573b-logodef.png","contentUrl":"https:\/\/aivlisoft.net\/shop\/wp-content\/uploads\/2024\/12\/removal.ai_5b848c54-0cdf-4140-95c5-c5536bb7573b-logodef.png","width":484,"height":182,"caption":"Aivlisoft Inform\u00e1tica"},"image":{"@id":"https:\/\/aivlisoft.net\/shop\/#\/schema\/logo\/image\/"}}]}},"_links":{"self":[{"href":"https:\/\/aivlisoft.net\/shop\/wp-json\/wp\/v2\/product\/20519","targetHints":{"allow":["GET"]}}],"collection":[{"href":"https:\/\/aivlisoft.net\/shop\/wp-json\/wp\/v2\/product"}],"about":[{"href":"https:\/\/aivlisoft.net\/shop\/wp-json\/wp\/v2\/types\/product"}],"wp:featuredmedia":[{"embeddable":true,"href":"https:\/\/aivlisoft.net\/shop\/wp-json\/wp\/v2\/media\/20520"}],"wp:attachment":[{"href":"https:\/\/aivlisoft.net\/shop\/wp-json\/wp\/v2\/media?parent=20519"}],"wp:term":[{"taxonomy":"product_brand","embeddable":true,"href":"https:\/\/aivlisoft.net\/shop\/wp-json\/wp\/v2\/product_brand?post=20519"},{"taxonomy":"product_cat","embeddable":true,"href":"https:\/\/aivlisoft.net\/shop\/wp-json\/wp\/v2\/product_cat?post=20519"},{"taxonomy":"product_tag","embeddable":true,"href":"https:\/\/aivlisoft.net\/shop\/wp-json\/wp\/v2\/product_tag?post=20519"}],"curies":[{"name":"wp","href":"https:\/\/api.w.org\/{rel}","templated":true}]}}