{"id":20512,"date":"2025-01-13T15:43:33","date_gmt":"2025-01-13T15:43:33","guid":{"rendered":"https:\/\/aivlisoft.com\/?post_type=product&#038;p=20512"},"modified":"2025-01-14T11:51:08","modified_gmt":"2025-01-14T11:51:08","slug":"ubiquiti-usw-pro-48-poe-switch-48xgb-4xsfp","status":"publish","type":"product","link":"https:\/\/aivlisoft.net\/shop\/producto\/ubiquiti-usw-pro-48-poe-switch-48xgb-4xsfp\/","title":{"rendered":"Ubiquiti USW-PRO-48-POE Switch 48xGb 4xSFP+"},"content":{"rendered":"<p><\/p>\n<table class=\"tabla_caracteristicas\" width=\"100%\">\n<tr>\n<td><strong>Marca<\/strong><\/td>\n<td>Ubiquiti<\/td>\n<\/tr>\n<tr>\n<td><strong>Modelo<\/strong><\/td>\n<td><strong>USW-Pro-48-PoE<\/strong><\/td>\n<\/tr>\n<tr>\n<td valign=\"top\"><strong>Especificaciones<\/strong><\/td>\n<td><strong>Mec&aacute;nicas<\/strong><br \/>\t\t\t&#8211; Dimensiones: 442.4 x 399.6 x 43.7 mm (17.42 x 15.73 x 1.72&quot;)<br \/>\t\t\t&#8211; Peso Sin montura: 6.25 kg (13.78 lb)<br \/>\t\t\t&#8211; Peso Con montura: 6.34 kg (13.98 lb)<br \/>\t\t\t&#8211; Interfaces de gesti&oacute;n<br \/>\t\t\t&nbsp;&nbsp; Ethernet<br \/>\t\t\t&nbsp;&nbsp; Bluetooth<br \/>\t\t\t&#8211; Interfaz de red:<br \/>\t\t\t&nbsp; (48) 10\/100\/1000 RJ45 Ports<br \/>\t\t\t&nbsp; (4) 1\/10G SFP+ Ethernet Ports<br \/>\t\t\t&#8211; LED:<br \/>\t\t\t&nbsp; System: Estado<br \/>\t\t\t&nbsp; Puerto RJ45: PoE; Speed\/Link\/Activity<br \/>\t\t\t&nbsp; Puerto SFP+: Link\/Activity<br \/>\t\t\t&#8211; Rendimiento total sin bloqueo: 88 Gbps<br \/>\t\t\t&#8211; Capacidad de conmutaci&oacute;n: 176 Gbps<br \/>\t\t\t&#8211; Tasa de reenv&iacute;o: 130.944 Mpps<br \/>\t\t\t&#8211; M&eacute;todo de potencia<br \/>\t\t\t&nbsp; Entrada universal: 100-240 V CA\/50-60 Hz<br \/>\t\t\t&nbsp; Entrada de CC USP RPS: 52 V CC, 11,54 A; 11,5 V CC, 5,22 A<br \/>\t\t\t&#8211; Fuente de alimentaci&oacute;n CA\/CC, interna: 660 W<br \/>\t\t\t&#8211; Rango de voltaje admitido: 100 a 240 VCA<br \/>\t\t\t&#8211; m&aacute;x. Consumo de energ&iacute;a (excluyendo la salida PoE): 60W<br \/>\t\t\t&#8211; Protecci&oacute;n ESD\/EMP:<br \/>\t\t\t&nbsp; Aire: &plusmn; 16 kV<br \/>\t\t\t&nbsp; Contacto: &plusmn; 12 kV<br \/>\t\t\t&#8211; Choque y vibraci&oacute;n: ETSI300-019-1.4 Est&aacute;ndar<br \/>\t\t\t<strong>PoE<\/strong><br \/>\t\t\t&#8211; Total Available PoE: 600W<br \/>\t\t\t&#8211; PoE Interfaces<br \/>\t\t\t&nbsp; Ports 1-40: POE+ IEEE 802.3af\/at, (pins 1, 2+; 3, 6-)<br \/>\t\t\t&nbsp; Ports 41-48: 60W PoE++ IEEE 802.3bt, (Pair A 1, 2+; 3, 6-) (Pair B 4 , 5+; 7, \ud83d\ude0e<br \/>\t\t\t&#8211; Max. PoE Voltaje por puerto PSE<br \/>\t\t\t&nbsp; 802.3at: 32W<br \/>\t\t\t&nbsp; 802.3bt: 64W<br \/>\t\t\t&#8211; Voltaje 802.3af Mode: 44-57V<br \/>\t\t\t&#8211; Voltaje 802.3at Mode: 50-57V<\/td>\n<\/tr>\n<tr>\n<td><strong>Fecha Revisi&oacute;n<\/strong><\/td>\n<td>18-02-2022 por MPM<\/td>\n<\/tr>\n<\/table>\n","protected":false},"excerpt":{"rendered":"<p>Marca Ubiquiti Modelo USW-Pro-48-PoE Especificaciones Mec&aacute;nicas &#8211; Dimensiones: 442.4 x 399.6 x 43.7 mm (17.42 x 15.73 x 1.72&quot;) &#8211; Peso Sin montura: 6.25 kg (13.78 lb) &#8211; Peso Con montura: 6.34 kg (13.98 lb) &#8211; Interfaces de gesti&oacute;n &nbsp;&nbsp; Ethernet &nbsp;&nbsp; Bluetooth &#8211; Interfaz de red: &nbsp; (48) 10\/100\/1000 RJ45 Ports &nbsp; (4) 1\/10G&hellip;&nbsp;<a href=\"https:\/\/aivlisoft.net\/shop\/producto\/ubiquiti-usw-pro-48-poe-switch-48xgb-4xsfp\/\" rel=\"bookmark\"><span class=\"screen-reader-text\">Ubiquiti USW-PRO-48-POE Switch 48xGb 4xSFP+<\/span><\/a><\/p>\n","protected":false},"featured_media":20513,"template":"","meta":{"neve_meta_sidebar":"","neve_meta_container":"","neve_meta_enable_content_width":"","neve_meta_content_width":0,"neve_meta_title_alignment":"","neve_meta_author_avatar":"","neve_post_elements_order":"","neve_meta_disable_header":"","neve_meta_disable_footer":"","neve_meta_disable_title":""},"product_brand":[],"product_cat":[8771],"product_tag":[7316],"class_list":{"0":"post-20512","1":"product","2":"type-product","3":"status-publish","4":"has-post-thumbnail","6":"product_cat-switches-armario","7":"product_tag-usw-pro-48-poe","9":"first","10":"instock","11":"taxable","12":"shipping-taxable","13":"purchasable","14":"product-type-simple"},"yoast_head":"<!-- This site is optimized with the Yoast SEO plugin v26.0 - https:\/\/yoast.com\/wordpress\/plugins\/seo\/ -->\n<title>Ubiquiti USW-PRO-48-POE Switch 48xGb 4xSFP+ - Aivlisoft Inform\u00e1tica<\/title>\n<meta name=\"robots\" content=\"index, follow, max-snippet:-1, max-image-preview:large, max-video-preview:-1\" \/>\n<link rel=\"canonical\" href=\"https:\/\/aivlisoft.net\/shop\/producto\/ubiquiti-usw-pro-48-poe-switch-48xgb-4xsfp\/\" \/>\n<meta property=\"og:locale\" content=\"es_ES\" \/>\n<meta property=\"og:type\" content=\"article\" \/>\n<meta property=\"og:title\" content=\"Ubiquiti USW-PRO-48-POE Switch 48xGb 4xSFP+ - Aivlisoft Inform\u00e1tica\" \/>\n<meta property=\"og:description\" content=\"Marca Ubiquiti Modelo USW-Pro-48-PoE Especificaciones Mec&aacute;nicas &#8211; Dimensiones: 442.4 x 399.6 x 43.7 mm (17.42 x 15.73 x 1.72&quot;) &#8211; Peso Sin montura: 6.25 kg (13.78 lb) &#8211; Peso Con montura: 6.34 kg (13.98 lb) &#8211; Interfaces de gesti&oacute;n &nbsp;&nbsp; Ethernet &nbsp;&nbsp; Bluetooth &#8211; Interfaz de red: &nbsp; (48) 10\/100\/1000 RJ45 Ports &nbsp; (4) 1\/10G&hellip;&nbsp;Ubiquiti USW-PRO-48-POE Switch 48xGb 4xSFP+\" \/>\n<meta property=\"og:url\" content=\"https:\/\/aivlisoft.net\/shop\/producto\/ubiquiti-usw-pro-48-poe-switch-48xgb-4xsfp\/\" \/>\n<meta property=\"og:site_name\" content=\"Aivlisoft Inform\u00e1tica\" \/>\n<meta property=\"article:modified_time\" content=\"2025-01-14T11:51:08+00:00\" \/>\n<meta property=\"og:image\" content=\"https:\/\/aivlisoft.net\/shop\/wp-content\/uploads\/2025\/01\/NSWSAR0304_800.jpg\" \/>\n\t<meta property=\"og:image:width\" content=\"800\" \/>\n\t<meta property=\"og:image:height\" content=\"800\" \/>\n\t<meta property=\"og:image:type\" content=\"image\/jpeg\" \/>\n<meta name=\"twitter:card\" content=\"summary_large_image\" \/>\n<meta name=\"twitter:label1\" content=\"Tiempo de lectura\" \/>\n\t<meta name=\"twitter:data1\" content=\"1 minuto\" \/>\n<script type=\"application\/ld+json\" class=\"yoast-schema-graph\">{\"@context\":\"https:\/\/schema.org\",\"@graph\":[{\"@type\":\"WebPage\",\"@id\":\"https:\/\/aivlisoft.net\/shop\/producto\/ubiquiti-usw-pro-48-poe-switch-48xgb-4xsfp\/\",\"url\":\"https:\/\/aivlisoft.net\/shop\/producto\/ubiquiti-usw-pro-48-poe-switch-48xgb-4xsfp\/\",\"name\":\"Ubiquiti USW-PRO-48-POE Switch 48xGb 4xSFP+ - Aivlisoft Inform\u00e1tica\",\"isPartOf\":{\"@id\":\"https:\/\/aivlisoft.net\/shop\/#website\"},\"primaryImageOfPage\":{\"@id\":\"https:\/\/aivlisoft.net\/shop\/producto\/ubiquiti-usw-pro-48-poe-switch-48xgb-4xsfp\/#primaryimage\"},\"image\":{\"@id\":\"https:\/\/aivlisoft.net\/shop\/producto\/ubiquiti-usw-pro-48-poe-switch-48xgb-4xsfp\/#primaryimage\"},\"thumbnailUrl\":\"https:\/\/aivlisoft.net\/shop\/wp-content\/uploads\/2025\/01\/NSWSAR0304_800.jpg\",\"datePublished\":\"2025-01-13T15:43:33+00:00\",\"dateModified\":\"2025-01-14T11:51:08+00:00\",\"breadcrumb\":{\"@id\":\"https:\/\/aivlisoft.net\/shop\/producto\/ubiquiti-usw-pro-48-poe-switch-48xgb-4xsfp\/#breadcrumb\"},\"inLanguage\":\"es\",\"potentialAction\":[{\"@type\":\"ReadAction\",\"target\":[\"https:\/\/aivlisoft.net\/shop\/producto\/ubiquiti-usw-pro-48-poe-switch-48xgb-4xsfp\/\"]}]},{\"@type\":\"ImageObject\",\"inLanguage\":\"es\",\"@id\":\"https:\/\/aivlisoft.net\/shop\/producto\/ubiquiti-usw-pro-48-poe-switch-48xgb-4xsfp\/#primaryimage\",\"url\":\"https:\/\/aivlisoft.net\/shop\/wp-content\/uploads\/2025\/01\/NSWSAR0304_800.jpg\",\"contentUrl\":\"https:\/\/aivlisoft.net\/shop\/wp-content\/uploads\/2025\/01\/NSWSAR0304_800.jpg\",\"width\":800,\"height\":800},{\"@type\":\"BreadcrumbList\",\"@id\":\"https:\/\/aivlisoft.net\/shop\/producto\/ubiquiti-usw-pro-48-poe-switch-48xgb-4xsfp\/#breadcrumb\",\"itemListElement\":[{\"@type\":\"ListItem\",\"position\":1,\"name\":\"Portada\",\"item\":\"https:\/\/aivlisoft.net\/shop\/\"},{\"@type\":\"ListItem\",\"position\":2,\"name\":\"Tienda\",\"item\":\"https:\/\/aivlisoft.net\/shop\/tienda\/\"},{\"@type\":\"ListItem\",\"position\":3,\"name\":\"Ubiquiti USW-PRO-48-POE Switch 48xGb 4xSFP+\"}]},{\"@type\":\"WebSite\",\"@id\":\"https:\/\/aivlisoft.net\/shop\/#website\",\"url\":\"https:\/\/aivlisoft.net\/shop\/\",\"name\":\"Aivlisoft Inform\u00e1tica\",\"description\":\"En Aivlisoft Inform\u00e1tica ofrecemos soluciones tecnol\u00f3gicas para empresas: venta de ordenadores, consumibles, perif\u00e9ricos y m\u00e1s. Calidad, atenci\u00f3n personalizada y los mejores precios para tu negocio.\",\"publisher\":{\"@id\":\"https:\/\/aivlisoft.net\/shop\/#organization\"},\"potentialAction\":[{\"@type\":\"SearchAction\",\"target\":{\"@type\":\"EntryPoint\",\"urlTemplate\":\"https:\/\/aivlisoft.net\/shop\/?s={search_term_string}\"},\"query-input\":{\"@type\":\"PropertyValueSpecification\",\"valueRequired\":true,\"valueName\":\"search_term_string\"}}],\"inLanguage\":\"es\"},{\"@type\":\"Organization\",\"@id\":\"https:\/\/aivlisoft.net\/shop\/#organization\",\"name\":\"Aivlisoft Inform\u00e1tica\",\"url\":\"https:\/\/aivlisoft.net\/shop\/\",\"logo\":{\"@type\":\"ImageObject\",\"inLanguage\":\"es\",\"@id\":\"https:\/\/aivlisoft.net\/shop\/#\/schema\/logo\/image\/\",\"url\":\"https:\/\/aivlisoft.net\/shop\/wp-content\/uploads\/2024\/12\/removal.ai_5b848c54-0cdf-4140-95c5-c5536bb7573b-logodef.png\",\"contentUrl\":\"https:\/\/aivlisoft.net\/shop\/wp-content\/uploads\/2024\/12\/removal.ai_5b848c54-0cdf-4140-95c5-c5536bb7573b-logodef.png\",\"width\":484,\"height\":182,\"caption\":\"Aivlisoft Inform\u00e1tica\"},\"image\":{\"@id\":\"https:\/\/aivlisoft.net\/shop\/#\/schema\/logo\/image\/\"}}]}<\/script>\n<!-- \/ Yoast SEO plugin. -->","yoast_head_json":{"title":"Ubiquiti USW-PRO-48-POE Switch 48xGb 4xSFP+ - Aivlisoft Inform\u00e1tica","robots":{"index":"index","follow":"follow","max-snippet":"max-snippet:-1","max-image-preview":"max-image-preview:large","max-video-preview":"max-video-preview:-1"},"canonical":"https:\/\/aivlisoft.net\/shop\/producto\/ubiquiti-usw-pro-48-poe-switch-48xgb-4xsfp\/","og_locale":"es_ES","og_type":"article","og_title":"Ubiquiti USW-PRO-48-POE Switch 48xGb 4xSFP+ - Aivlisoft Inform\u00e1tica","og_description":"Marca Ubiquiti Modelo USW-Pro-48-PoE Especificaciones Mec&aacute;nicas &#8211; Dimensiones: 442.4 x 399.6 x 43.7 mm (17.42 x 15.73 x 1.72&quot;) &#8211; Peso Sin montura: 6.25 kg (13.78 lb) &#8211; Peso Con montura: 6.34 kg (13.98 lb) &#8211; Interfaces de gesti&oacute;n &nbsp;&nbsp; Ethernet &nbsp;&nbsp; Bluetooth &#8211; Interfaz de red: &nbsp; (48) 10\/100\/1000 RJ45 Ports &nbsp; (4) 1\/10G&hellip;&nbsp;Ubiquiti USW-PRO-48-POE Switch 48xGb 4xSFP+","og_url":"https:\/\/aivlisoft.net\/shop\/producto\/ubiquiti-usw-pro-48-poe-switch-48xgb-4xsfp\/","og_site_name":"Aivlisoft Inform\u00e1tica","article_modified_time":"2025-01-14T11:51:08+00:00","og_image":[{"width":800,"height":800,"url":"https:\/\/aivlisoft.net\/shop\/wp-content\/uploads\/2025\/01\/NSWSAR0304_800.jpg","type":"image\/jpeg"}],"twitter_card":"summary_large_image","twitter_misc":{"Tiempo de lectura":"1 minuto"},"schema":{"@context":"https:\/\/schema.org","@graph":[{"@type":"WebPage","@id":"https:\/\/aivlisoft.net\/shop\/producto\/ubiquiti-usw-pro-48-poe-switch-48xgb-4xsfp\/","url":"https:\/\/aivlisoft.net\/shop\/producto\/ubiquiti-usw-pro-48-poe-switch-48xgb-4xsfp\/","name":"Ubiquiti USW-PRO-48-POE Switch 48xGb 4xSFP+ - Aivlisoft Inform\u00e1tica","isPartOf":{"@id":"https:\/\/aivlisoft.net\/shop\/#website"},"primaryImageOfPage":{"@id":"https:\/\/aivlisoft.net\/shop\/producto\/ubiquiti-usw-pro-48-poe-switch-48xgb-4xsfp\/#primaryimage"},"image":{"@id":"https:\/\/aivlisoft.net\/shop\/producto\/ubiquiti-usw-pro-48-poe-switch-48xgb-4xsfp\/#primaryimage"},"thumbnailUrl":"https:\/\/aivlisoft.net\/shop\/wp-content\/uploads\/2025\/01\/NSWSAR0304_800.jpg","datePublished":"2025-01-13T15:43:33+00:00","dateModified":"2025-01-14T11:51:08+00:00","breadcrumb":{"@id":"https:\/\/aivlisoft.net\/shop\/producto\/ubiquiti-usw-pro-48-poe-switch-48xgb-4xsfp\/#breadcrumb"},"inLanguage":"es","potentialAction":[{"@type":"ReadAction","target":["https:\/\/aivlisoft.net\/shop\/producto\/ubiquiti-usw-pro-48-poe-switch-48xgb-4xsfp\/"]}]},{"@type":"ImageObject","inLanguage":"es","@id":"https:\/\/aivlisoft.net\/shop\/producto\/ubiquiti-usw-pro-48-poe-switch-48xgb-4xsfp\/#primaryimage","url":"https:\/\/aivlisoft.net\/shop\/wp-content\/uploads\/2025\/01\/NSWSAR0304_800.jpg","contentUrl":"https:\/\/aivlisoft.net\/shop\/wp-content\/uploads\/2025\/01\/NSWSAR0304_800.jpg","width":800,"height":800},{"@type":"BreadcrumbList","@id":"https:\/\/aivlisoft.net\/shop\/producto\/ubiquiti-usw-pro-48-poe-switch-48xgb-4xsfp\/#breadcrumb","itemListElement":[{"@type":"ListItem","position":1,"name":"Portada","item":"https:\/\/aivlisoft.net\/shop\/"},{"@type":"ListItem","position":2,"name":"Tienda","item":"https:\/\/aivlisoft.net\/shop\/tienda\/"},{"@type":"ListItem","position":3,"name":"Ubiquiti USW-PRO-48-POE Switch 48xGb 4xSFP+"}]},{"@type":"WebSite","@id":"https:\/\/aivlisoft.net\/shop\/#website","url":"https:\/\/aivlisoft.net\/shop\/","name":"Aivlisoft Inform\u00e1tica","description":"En Aivlisoft Inform\u00e1tica ofrecemos soluciones tecnol\u00f3gicas para empresas: venta de ordenadores, consumibles, perif\u00e9ricos y m\u00e1s. Calidad, atenci\u00f3n personalizada y los mejores precios para tu negocio.","publisher":{"@id":"https:\/\/aivlisoft.net\/shop\/#organization"},"potentialAction":[{"@type":"SearchAction","target":{"@type":"EntryPoint","urlTemplate":"https:\/\/aivlisoft.net\/shop\/?s={search_term_string}"},"query-input":{"@type":"PropertyValueSpecification","valueRequired":true,"valueName":"search_term_string"}}],"inLanguage":"es"},{"@type":"Organization","@id":"https:\/\/aivlisoft.net\/shop\/#organization","name":"Aivlisoft Inform\u00e1tica","url":"https:\/\/aivlisoft.net\/shop\/","logo":{"@type":"ImageObject","inLanguage":"es","@id":"https:\/\/aivlisoft.net\/shop\/#\/schema\/logo\/image\/","url":"https:\/\/aivlisoft.net\/shop\/wp-content\/uploads\/2024\/12\/removal.ai_5b848c54-0cdf-4140-95c5-c5536bb7573b-logodef.png","contentUrl":"https:\/\/aivlisoft.net\/shop\/wp-content\/uploads\/2024\/12\/removal.ai_5b848c54-0cdf-4140-95c5-c5536bb7573b-logodef.png","width":484,"height":182,"caption":"Aivlisoft Inform\u00e1tica"},"image":{"@id":"https:\/\/aivlisoft.net\/shop\/#\/schema\/logo\/image\/"}}]}},"_links":{"self":[{"href":"https:\/\/aivlisoft.net\/shop\/wp-json\/wp\/v2\/product\/20512","targetHints":{"allow":["GET"]}}],"collection":[{"href":"https:\/\/aivlisoft.net\/shop\/wp-json\/wp\/v2\/product"}],"about":[{"href":"https:\/\/aivlisoft.net\/shop\/wp-json\/wp\/v2\/types\/product"}],"wp:featuredmedia":[{"embeddable":true,"href":"https:\/\/aivlisoft.net\/shop\/wp-json\/wp\/v2\/media\/20513"}],"wp:attachment":[{"href":"https:\/\/aivlisoft.net\/shop\/wp-json\/wp\/v2\/media?parent=20512"}],"wp:term":[{"taxonomy":"product_brand","embeddable":true,"href":"https:\/\/aivlisoft.net\/shop\/wp-json\/wp\/v2\/product_brand?post=20512"},{"taxonomy":"product_cat","embeddable":true,"href":"https:\/\/aivlisoft.net\/shop\/wp-json\/wp\/v2\/product_cat?post=20512"},{"taxonomy":"product_tag","embeddable":true,"href":"https:\/\/aivlisoft.net\/shop\/wp-json\/wp\/v2\/product_tag?post=20512"}],"curies":[{"name":"wp","href":"https:\/\/api.w.org\/{rel}","templated":true}]}}