{"id":20501,"date":"2025-01-13T15:43:27","date_gmt":"2025-01-13T15:43:27","guid":{"rendered":"https:\/\/aivlisoft.com\/?post_type=product&#038;p=20501"},"modified":"2025-01-14T11:51:06","modified_gmt":"2025-01-14T11:51:06","slug":"edimax-pro-gs-5654plx-switch-48xgb-poe-6xsfp","status":"publish","type":"product","link":"https:\/\/aivlisoft.net\/shop\/producto\/edimax-pro-gs-5654plx-switch-48xgb-poe-6xsfp\/","title":{"rendered":"Edimax PRO GS-5654PLX Switch 48xGb PoE+ 6xSFP+"},"content":{"rendered":"<p>&nbsp;<\/p>\n<table class=\"k-table\" width=\"100%\">\n<tr>\n<td><strong>Marca<\/strong><\/td>\n<td>Edimax Pro<\/td>\n<\/tr>\n<tr>\n<td><strong>Modelo<\/strong><\/td>\n<td><strong>GS-5654PLX<\/strong><\/td>\n<\/tr>\n<tr>\n<td><strong>Caracteristicas<\/strong><\/td>\n<td><strong>Puertos<\/strong><br \/>\t\t\t&#8211; 48 x puertos Gigabit RJ45 10\/100 \/ 1000Base-T<br \/>\t\t\t&#8211; 6 x puertos de enlace ascendente SFP + 10GBase-X 10 Gigabit<br \/>\t\t\t&#8211; 1 x puerto de consola RJ45<br \/>\t\t\t<strong>Hardware<\/strong><br \/>\t\t\t&#8211; Botones: bot&oacute;n de reinicio<br \/>\t\t\t&#8211; Indicadores LED: Por puerto: Enlace \/ Act, PoE: ALM (Alarma), PoE \/ Max, Por unidad: SYS (Sistema), PWR (Energ&iacute;a), Interruptor deslizante: Enlace \/ Act o PoE<br \/>\t\t\t&#8211; Entrada de energ&iacute;a: 100-240 V CA, 50-60 Hz, fuente de alimentaci&oacute;n interna<br \/>\t\t\t&#8211; Presupuesto total de energ&iacute;a: 400W<br \/>\t\t\t&#8211; Montaje: escritorio \/ montaje en bastidor (kit de montaje en bastidor incluido)<br \/>\t\t\t&#8211; Ventilador: 4 ventiladores con controlador t&eacute;rmico inteligente<br \/>\t\t\t&#8211; Dimensiones (L x W x H): 441 (W) x 330 (D) x 45 (H) mm<br \/>\t\t\t&#8211; Peso: 5,6 kg<br \/>\t\t\t<strong>Rendimiento<\/strong><br \/>\t\t\t&#8211; Capacidad de conmutaci&oacute;n: 216 Gbps<br \/>\t\t\t&#8211; Direcci&oacute;n MAC: 32K<br \/>\t\t\t&#8211; Tramas gigantes: 12K bytes<br \/>\t\t\t&#8211; Memoria de b&uacute;fer: 16 Mb<br \/>\t\t\t&#8211; Tasas de filtrado \/ reenv&iacute;o:<br \/>\t\t\t&nbsp; Max. 160,7 Mpps (tama&ntilde;o de paquete de 64 bytes)<br \/>\t\t\t&nbsp; Puerto de 10000 Mbps &#8211; 14,880,000pps<br \/>\t\t\t&nbsp; Puerto de 1000 Mbps &#8211; 1,488,000pps<br \/>\t\t\t&nbsp; Puerto de 100 Mbps &#8211; 148,800pps<br \/>\t\t\t&nbsp; Puerto de 10 Mbps &#8211; 14,880pps<br \/>\t\t\t<strong>PoE<\/strong><br \/>\t\t\t&#8211; Est&aacute;ndar: IEEE 802.3af (PoE), IEEE 802.3at (PoE +)<br \/>\t\t\t&#8211; Potencia de salida: hasta 30 W por puerto<br \/>\t\t\t&#8211; Asignaci&oacute;n de pines: 1\/2 (+), 3\/6 (-) End-Span (modo A)<br \/>\t\t\t&#8211; Gesti&oacute;n: estado de PoE, activaci&oacute;n \/ desactivaci&oacute;n de la programaci&oacute;n de PoE, verificaci&oacute;n activa de PoE PD, configuraci&oacute;n de prioridad por puerto<br \/>\t\t\t&#8211; PoE de largo alcance: PoE de larga distancia garantizado a 200 metros a 10 Mbps<br \/>\t\t\t&#8211; Protecci&oacute;n de retroalimentaci&oacute;n de energ&iacute;a: incorporada<br \/>\t\t\t<strong>Cracter&iacute;sticas Inteligentes<\/strong><br \/>\t\t\t&#8211; Calidad de servicio (QoS):<br \/>\t\t\t&nbsp; Limitaci&oacute;n de velocidad en paquetes enviados y recibidos por una interfaz<br \/>\t\t\t&nbsp; Ocho colas en cada puerto<br \/>\t\t\t&nbsp; Algoritmos de programaci&oacute;n de colas WRR, SP, WRR + SP<br \/>\t\t\t&nbsp; Remarcado de la prioridad 802.1py la prioridad DSCP<br \/>\t\t\t&nbsp; Limitaci&oacute;n de velocidad en cada cola y configuraci&oacute;n del tr&aacute;fico en los puertos<br \/>\t\t\t&#8211; Clase de servicio (CoS):<br \/>\t\t\t&nbsp; Clase de servicio IEEE 802.1p (SPQ, WRR)<br \/>\t\t\t&nbsp; CoS basado en puerto<br \/>\t\t\t&nbsp; Precedencia IP TOS<br \/>\t\t\t&nbsp; CoS basado en informaci&oacute;n de VLAN 802.1p<br \/>\t\t\t&nbsp; CoS basado en DSCP<br \/>\t\t\t&nbsp; CoS basado en TCP \/ UDP<br \/>\t\t\t&#8211; &Aacute;rbol de expansi&oacute;n:<br \/>\t\t\t&nbsp; Protocolo de &aacute;rbol de expansi&oacute;n (STP) IEEE 802.1d<br \/>\t\t\t&nbsp; Protocolo de &aacute;rbol de expansi&oacute;n m&uacute;ltiple IEEE 802.1s (MSTP)<br \/>\t\t\t&nbsp; Protocolo de &aacute;rbol de expansi&oacute;n r&aacute;pida IEEE 802.1w (RSTP)<br \/>\t\t\t&#8211; VLAN:<br \/>\t\t\t&nbsp; Hasta 256 VLAN y 4096 ID de VLAN<br \/>\t\t\t&nbsp; VLAN basada en etiquetas 802.1Q<br \/>\t\t\t&nbsp; VLAN basada en puerto<br \/>\t\t\t&nbsp; VLAN de vigilancia<br \/>\t\t\t&nbsp; VLAN de voz<br \/>\t\t\t&nbsp; MAC VLAN<br \/>\t\t\t&nbsp; GVRP<br \/>\t\t\t&#8211; IPV6:<br \/>\t\t\t&nbsp; IPv6 sobre Ethernet (RFC 2464)<br \/>\t\t\t&nbsp; Pila doble (RFC 4213)<br \/>\t\t\t&nbsp; ICMPv6 (RFC 4884)<br \/>\t\t\t&nbsp; Descubrimiento de vecinos (RFC 4861)<br \/>\t\t\t&nbsp; Configuraci&oacute;n autom&aacute;tica<br \/>\t\t\t&nbsp; Direcci&oacute;n IPv6 est&aacute;tica y longitud del prefijo<br \/>\t\t\t&nbsp; Puerta de enlace predeterminada IPv6 est&aacute;tica<br \/>\t\t\t&nbsp; Detecci&oacute;n de direcciones duplicadas IPv6<br \/>\t\t\t&#8211; Troncal de puertos: Troncal est&aacute;tico IEEE 802.3ad LACP hasta 8 grupos de troncales<br \/>\t\t\t&#8211; Inspecci&oacute;n IGMP:<br \/>\t\t\t&nbsp; Inspecci&oacute;n IGMP v1 \/ v2 \/ v3<br \/>\t\t\t&nbsp; Bloquear tr&aacute;fico de multidifusi&oacute;n desconocido<br \/>\t\t\t&#8211; Duplicaci&oacute;n de puertos: duplicaci&oacute;n de puertos tanto en el tr&aacute;fico de entrada como de salida<br \/>\t\t\t&#8211; Seguridad:<br \/>\t\t\t&nbsp; RADIO<br \/>\t\t\t&nbsp; AAA<br \/>\t\t\t&nbsp; Acceso de gesti&oacute;n<br \/>\t\t\t&nbsp; Gerente de autenticaci&oacute;n<br \/>\t\t\t&nbsp; Seguridad Portuaria<br \/>\t\t\t&nbsp; Puerto protegido<br \/>\t\t\t&nbsp; Control de tormentas<br \/>\t\t\t&nbsp; DoS<br \/>\t\t\t&nbsp; Inspecci&oacute;n din&aacute;mica de ARP<br \/>\t\t\t&nbsp; Indagaci&oacute;n DHCP<br \/>\t\t\t&nbsp; Guardia de fuente de IP<br \/>\t\t\t&#8211; Gesti&oacute;n:<br \/>\t\t\t&nbsp; Interfaz de usuario: gesti&oacute;n basada en web<br \/>\t\t\t&nbsp; Cuenta de usuario: configuraci&oacute;n de la cuenta de inicio de sesi&oacute;n<br \/>\t\t\t&nbsp; Actualizaci&oacute;n de firmware: actualizaci&oacute;n de firmware por WEB<br \/>\t\t\t&nbsp; Syslog: admite registro de eventos, registro de alarmas y registro de seguridad<br \/>\t\t\t&nbsp; Imagen de firmware dual para mecanismos robustos de conmutaci&oacute;n por error<\/td>\n<\/tr>\n<tr>\n<td><strong>Fecha Revisi&oacute;n<\/strong><\/td>\n<td>30-11-2021 por MSB<\/td>\n<\/tr>\n<\/table>\n<p><br class=\"k-br\" \/>&nbsp;<\/p>\n","protected":false},"excerpt":{"rendered":"<p>&nbsp; Marca Edimax Pro Modelo GS-5654PLX Caracteristicas Puertos &#8211; 48 x puertos Gigabit RJ45 10\/100 \/ 1000Base-T &#8211; 6 x puertos de enlace ascendente SFP + 10GBase-X 10 Gigabit &#8211; 1 x puerto de consola RJ45 Hardware &#8211; Botones: bot&oacute;n de reinicio &#8211; Indicadores LED: Por puerto: Enlace \/ Act, PoE: ALM (Alarma), PoE \/&hellip;&nbsp;<a href=\"https:\/\/aivlisoft.net\/shop\/producto\/edimax-pro-gs-5654plx-switch-48xgb-poe-6xsfp\/\" rel=\"bookmark\"><span class=\"screen-reader-text\">Edimax PRO GS-5654PLX Switch 48xGb PoE+ 6xSFP+<\/span><\/a><\/p>\n","protected":false},"featured_media":20502,"template":"","meta":{"neve_meta_sidebar":"","neve_meta_container":"","neve_meta_enable_content_width":"","neve_meta_content_width":0,"neve_meta_title_alignment":"","neve_meta_author_avatar":"","neve_post_elements_order":"","neve_meta_disable_header":"","neve_meta_disable_footer":"","neve_meta_disable_title":""},"product_brand":[],"product_cat":[8771],"product_tag":[7313],"class_list":{"0":"post-20501","1":"product","2":"type-product","3":"status-publish","4":"has-post-thumbnail","6":"product_cat-switches-armario","7":"product_tag-gs-5654plx","9":"first","10":"instock","11":"taxable","12":"shipping-taxable","13":"purchasable","14":"product-type-simple"},"yoast_head":"<!-- This site is optimized with the Yoast SEO plugin v26.0 - https:\/\/yoast.com\/wordpress\/plugins\/seo\/ -->\n<title>Edimax PRO GS-5654PLX Switch 48xGb PoE+ 6xSFP+ - Aivlisoft Inform\u00e1tica<\/title>\n<meta name=\"robots\" content=\"index, follow, max-snippet:-1, max-image-preview:large, max-video-preview:-1\" \/>\n<link rel=\"canonical\" href=\"https:\/\/aivlisoft.net\/shop\/producto\/edimax-pro-gs-5654plx-switch-48xgb-poe-6xsfp\/\" \/>\n<meta property=\"og:locale\" content=\"es_ES\" \/>\n<meta property=\"og:type\" content=\"article\" \/>\n<meta property=\"og:title\" content=\"Edimax PRO GS-5654PLX Switch 48xGb PoE+ 6xSFP+ - Aivlisoft Inform\u00e1tica\" \/>\n<meta property=\"og:description\" content=\"&nbsp; Marca Edimax Pro Modelo GS-5654PLX Caracteristicas Puertos &#8211; 48 x puertos Gigabit RJ45 10\/100 \/ 1000Base-T &#8211; 6 x puertos de enlace ascendente SFP + 10GBase-X 10 Gigabit &#8211; 1 x puerto de consola RJ45 Hardware &#8211; Botones: bot&oacute;n de reinicio &#8211; Indicadores LED: Por puerto: Enlace \/ Act, PoE: ALM (Alarma), PoE \/&hellip;&nbsp;Edimax PRO GS-5654PLX Switch 48xGb PoE+ 6xSFP+\" \/>\n<meta property=\"og:url\" content=\"https:\/\/aivlisoft.net\/shop\/producto\/edimax-pro-gs-5654plx-switch-48xgb-poe-6xsfp\/\" \/>\n<meta property=\"og:site_name\" content=\"Aivlisoft Inform\u00e1tica\" \/>\n<meta property=\"article:modified_time\" content=\"2025-01-14T11:51:06+00:00\" \/>\n<meta property=\"og:image\" content=\"https:\/\/aivlisoft.net\/shop\/wp-content\/uploads\/2025\/01\/NSWSAR0300_800.jpg\" \/>\n\t<meta property=\"og:image:width\" content=\"800\" \/>\n\t<meta property=\"og:image:height\" content=\"800\" \/>\n\t<meta property=\"og:image:type\" content=\"image\/jpeg\" \/>\n<meta name=\"twitter:card\" content=\"summary_large_image\" \/>\n<meta name=\"twitter:label1\" content=\"Tiempo de lectura\" \/>\n\t<meta name=\"twitter:data1\" content=\"4 minutos\" \/>\n<script type=\"application\/ld+json\" class=\"yoast-schema-graph\">{\"@context\":\"https:\/\/schema.org\",\"@graph\":[{\"@type\":\"WebPage\",\"@id\":\"https:\/\/aivlisoft.net\/shop\/producto\/edimax-pro-gs-5654plx-switch-48xgb-poe-6xsfp\/\",\"url\":\"https:\/\/aivlisoft.net\/shop\/producto\/edimax-pro-gs-5654plx-switch-48xgb-poe-6xsfp\/\",\"name\":\"Edimax PRO GS-5654PLX Switch 48xGb PoE+ 6xSFP+ - Aivlisoft Inform\u00e1tica\",\"isPartOf\":{\"@id\":\"https:\/\/aivlisoft.net\/shop\/#website\"},\"primaryImageOfPage\":{\"@id\":\"https:\/\/aivlisoft.net\/shop\/producto\/edimax-pro-gs-5654plx-switch-48xgb-poe-6xsfp\/#primaryimage\"},\"image\":{\"@id\":\"https:\/\/aivlisoft.net\/shop\/producto\/edimax-pro-gs-5654plx-switch-48xgb-poe-6xsfp\/#primaryimage\"},\"thumbnailUrl\":\"https:\/\/aivlisoft.net\/shop\/wp-content\/uploads\/2025\/01\/NSWSAR0300_800.jpg\",\"datePublished\":\"2025-01-13T15:43:27+00:00\",\"dateModified\":\"2025-01-14T11:51:06+00:00\",\"breadcrumb\":{\"@id\":\"https:\/\/aivlisoft.net\/shop\/producto\/edimax-pro-gs-5654plx-switch-48xgb-poe-6xsfp\/#breadcrumb\"},\"inLanguage\":\"es\",\"potentialAction\":[{\"@type\":\"ReadAction\",\"target\":[\"https:\/\/aivlisoft.net\/shop\/producto\/edimax-pro-gs-5654plx-switch-48xgb-poe-6xsfp\/\"]}]},{\"@type\":\"ImageObject\",\"inLanguage\":\"es\",\"@id\":\"https:\/\/aivlisoft.net\/shop\/producto\/edimax-pro-gs-5654plx-switch-48xgb-poe-6xsfp\/#primaryimage\",\"url\":\"https:\/\/aivlisoft.net\/shop\/wp-content\/uploads\/2025\/01\/NSWSAR0300_800.jpg\",\"contentUrl\":\"https:\/\/aivlisoft.net\/shop\/wp-content\/uploads\/2025\/01\/NSWSAR0300_800.jpg\",\"width\":800,\"height\":800},{\"@type\":\"BreadcrumbList\",\"@id\":\"https:\/\/aivlisoft.net\/shop\/producto\/edimax-pro-gs-5654plx-switch-48xgb-poe-6xsfp\/#breadcrumb\",\"itemListElement\":[{\"@type\":\"ListItem\",\"position\":1,\"name\":\"Portada\",\"item\":\"https:\/\/aivlisoft.net\/shop\/\"},{\"@type\":\"ListItem\",\"position\":2,\"name\":\"Tienda\",\"item\":\"https:\/\/aivlisoft.net\/shop\/tienda\/\"},{\"@type\":\"ListItem\",\"position\":3,\"name\":\"Edimax PRO GS-5654PLX Switch 48xGb PoE+ 6xSFP+\"}]},{\"@type\":\"WebSite\",\"@id\":\"https:\/\/aivlisoft.net\/shop\/#website\",\"url\":\"https:\/\/aivlisoft.net\/shop\/\",\"name\":\"Aivlisoft Inform\u00e1tica\",\"description\":\"En Aivlisoft Inform\u00e1tica ofrecemos soluciones tecnol\u00f3gicas para empresas: venta de ordenadores, consumibles, perif\u00e9ricos y m\u00e1s. Calidad, atenci\u00f3n personalizada y los mejores precios para tu negocio.\",\"publisher\":{\"@id\":\"https:\/\/aivlisoft.net\/shop\/#organization\"},\"potentialAction\":[{\"@type\":\"SearchAction\",\"target\":{\"@type\":\"EntryPoint\",\"urlTemplate\":\"https:\/\/aivlisoft.net\/shop\/?s={search_term_string}\"},\"query-input\":{\"@type\":\"PropertyValueSpecification\",\"valueRequired\":true,\"valueName\":\"search_term_string\"}}],\"inLanguage\":\"es\"},{\"@type\":\"Organization\",\"@id\":\"https:\/\/aivlisoft.net\/shop\/#organization\",\"name\":\"Aivlisoft Inform\u00e1tica\",\"url\":\"https:\/\/aivlisoft.net\/shop\/\",\"logo\":{\"@type\":\"ImageObject\",\"inLanguage\":\"es\",\"@id\":\"https:\/\/aivlisoft.net\/shop\/#\/schema\/logo\/image\/\",\"url\":\"https:\/\/aivlisoft.net\/shop\/wp-content\/uploads\/2024\/12\/removal.ai_5b848c54-0cdf-4140-95c5-c5536bb7573b-logodef.png\",\"contentUrl\":\"https:\/\/aivlisoft.net\/shop\/wp-content\/uploads\/2024\/12\/removal.ai_5b848c54-0cdf-4140-95c5-c5536bb7573b-logodef.png\",\"width\":484,\"height\":182,\"caption\":\"Aivlisoft Inform\u00e1tica\"},\"image\":{\"@id\":\"https:\/\/aivlisoft.net\/shop\/#\/schema\/logo\/image\/\"}}]}<\/script>\n<!-- \/ Yoast SEO plugin. -->","yoast_head_json":{"title":"Edimax PRO GS-5654PLX Switch 48xGb PoE+ 6xSFP+ - Aivlisoft Inform\u00e1tica","robots":{"index":"index","follow":"follow","max-snippet":"max-snippet:-1","max-image-preview":"max-image-preview:large","max-video-preview":"max-video-preview:-1"},"canonical":"https:\/\/aivlisoft.net\/shop\/producto\/edimax-pro-gs-5654plx-switch-48xgb-poe-6xsfp\/","og_locale":"es_ES","og_type":"article","og_title":"Edimax PRO GS-5654PLX Switch 48xGb PoE+ 6xSFP+ - Aivlisoft Inform\u00e1tica","og_description":"&nbsp; Marca Edimax Pro Modelo GS-5654PLX Caracteristicas Puertos &#8211; 48 x puertos Gigabit RJ45 10\/100 \/ 1000Base-T &#8211; 6 x puertos de enlace ascendente SFP + 10GBase-X 10 Gigabit &#8211; 1 x puerto de consola RJ45 Hardware &#8211; Botones: bot&oacute;n de reinicio &#8211; Indicadores LED: Por puerto: Enlace \/ Act, PoE: ALM (Alarma), PoE \/&hellip;&nbsp;Edimax PRO GS-5654PLX Switch 48xGb PoE+ 6xSFP+","og_url":"https:\/\/aivlisoft.net\/shop\/producto\/edimax-pro-gs-5654plx-switch-48xgb-poe-6xsfp\/","og_site_name":"Aivlisoft Inform\u00e1tica","article_modified_time":"2025-01-14T11:51:06+00:00","og_image":[{"width":800,"height":800,"url":"https:\/\/aivlisoft.net\/shop\/wp-content\/uploads\/2025\/01\/NSWSAR0300_800.jpg","type":"image\/jpeg"}],"twitter_card":"summary_large_image","twitter_misc":{"Tiempo de lectura":"4 minutos"},"schema":{"@context":"https:\/\/schema.org","@graph":[{"@type":"WebPage","@id":"https:\/\/aivlisoft.net\/shop\/producto\/edimax-pro-gs-5654plx-switch-48xgb-poe-6xsfp\/","url":"https:\/\/aivlisoft.net\/shop\/producto\/edimax-pro-gs-5654plx-switch-48xgb-poe-6xsfp\/","name":"Edimax PRO GS-5654PLX Switch 48xGb PoE+ 6xSFP+ - Aivlisoft Inform\u00e1tica","isPartOf":{"@id":"https:\/\/aivlisoft.net\/shop\/#website"},"primaryImageOfPage":{"@id":"https:\/\/aivlisoft.net\/shop\/producto\/edimax-pro-gs-5654plx-switch-48xgb-poe-6xsfp\/#primaryimage"},"image":{"@id":"https:\/\/aivlisoft.net\/shop\/producto\/edimax-pro-gs-5654plx-switch-48xgb-poe-6xsfp\/#primaryimage"},"thumbnailUrl":"https:\/\/aivlisoft.net\/shop\/wp-content\/uploads\/2025\/01\/NSWSAR0300_800.jpg","datePublished":"2025-01-13T15:43:27+00:00","dateModified":"2025-01-14T11:51:06+00:00","breadcrumb":{"@id":"https:\/\/aivlisoft.net\/shop\/producto\/edimax-pro-gs-5654plx-switch-48xgb-poe-6xsfp\/#breadcrumb"},"inLanguage":"es","potentialAction":[{"@type":"ReadAction","target":["https:\/\/aivlisoft.net\/shop\/producto\/edimax-pro-gs-5654plx-switch-48xgb-poe-6xsfp\/"]}]},{"@type":"ImageObject","inLanguage":"es","@id":"https:\/\/aivlisoft.net\/shop\/producto\/edimax-pro-gs-5654plx-switch-48xgb-poe-6xsfp\/#primaryimage","url":"https:\/\/aivlisoft.net\/shop\/wp-content\/uploads\/2025\/01\/NSWSAR0300_800.jpg","contentUrl":"https:\/\/aivlisoft.net\/shop\/wp-content\/uploads\/2025\/01\/NSWSAR0300_800.jpg","width":800,"height":800},{"@type":"BreadcrumbList","@id":"https:\/\/aivlisoft.net\/shop\/producto\/edimax-pro-gs-5654plx-switch-48xgb-poe-6xsfp\/#breadcrumb","itemListElement":[{"@type":"ListItem","position":1,"name":"Portada","item":"https:\/\/aivlisoft.net\/shop\/"},{"@type":"ListItem","position":2,"name":"Tienda","item":"https:\/\/aivlisoft.net\/shop\/tienda\/"},{"@type":"ListItem","position":3,"name":"Edimax PRO GS-5654PLX Switch 48xGb PoE+ 6xSFP+"}]},{"@type":"WebSite","@id":"https:\/\/aivlisoft.net\/shop\/#website","url":"https:\/\/aivlisoft.net\/shop\/","name":"Aivlisoft Inform\u00e1tica","description":"En Aivlisoft Inform\u00e1tica ofrecemos soluciones tecnol\u00f3gicas para empresas: venta de ordenadores, consumibles, perif\u00e9ricos y m\u00e1s. Calidad, atenci\u00f3n personalizada y los mejores precios para tu negocio.","publisher":{"@id":"https:\/\/aivlisoft.net\/shop\/#organization"},"potentialAction":[{"@type":"SearchAction","target":{"@type":"EntryPoint","urlTemplate":"https:\/\/aivlisoft.net\/shop\/?s={search_term_string}"},"query-input":{"@type":"PropertyValueSpecification","valueRequired":true,"valueName":"search_term_string"}}],"inLanguage":"es"},{"@type":"Organization","@id":"https:\/\/aivlisoft.net\/shop\/#organization","name":"Aivlisoft Inform\u00e1tica","url":"https:\/\/aivlisoft.net\/shop\/","logo":{"@type":"ImageObject","inLanguage":"es","@id":"https:\/\/aivlisoft.net\/shop\/#\/schema\/logo\/image\/","url":"https:\/\/aivlisoft.net\/shop\/wp-content\/uploads\/2024\/12\/removal.ai_5b848c54-0cdf-4140-95c5-c5536bb7573b-logodef.png","contentUrl":"https:\/\/aivlisoft.net\/shop\/wp-content\/uploads\/2024\/12\/removal.ai_5b848c54-0cdf-4140-95c5-c5536bb7573b-logodef.png","width":484,"height":182,"caption":"Aivlisoft Inform\u00e1tica"},"image":{"@id":"https:\/\/aivlisoft.net\/shop\/#\/schema\/logo\/image\/"}}]}},"_links":{"self":[{"href":"https:\/\/aivlisoft.net\/shop\/wp-json\/wp\/v2\/product\/20501","targetHints":{"allow":["GET"]}}],"collection":[{"href":"https:\/\/aivlisoft.net\/shop\/wp-json\/wp\/v2\/product"}],"about":[{"href":"https:\/\/aivlisoft.net\/shop\/wp-json\/wp\/v2\/types\/product"}],"wp:featuredmedia":[{"embeddable":true,"href":"https:\/\/aivlisoft.net\/shop\/wp-json\/wp\/v2\/media\/20502"}],"wp:attachment":[{"href":"https:\/\/aivlisoft.net\/shop\/wp-json\/wp\/v2\/media?parent=20501"}],"wp:term":[{"taxonomy":"product_brand","embeddable":true,"href":"https:\/\/aivlisoft.net\/shop\/wp-json\/wp\/v2\/product_brand?post=20501"},{"taxonomy":"product_cat","embeddable":true,"href":"https:\/\/aivlisoft.net\/shop\/wp-json\/wp\/v2\/product_cat?post=20501"},{"taxonomy":"product_tag","embeddable":true,"href":"https:\/\/aivlisoft.net\/shop\/wp-json\/wp\/v2\/product_tag?post=20501"}],"curies":[{"name":"wp","href":"https:\/\/api.w.org\/{rel}","templated":true}]}}