{"id":20490,"date":"2025-01-13T15:43:18","date_gmt":"2025-01-13T15:43:18","guid":{"rendered":"https:\/\/aivlisoft.com\/?post_type=product&#038;p=20490"},"modified":"2025-01-14T11:50:59","modified_gmt":"2025-01-14T11:50:59","slug":"edimax-pro-gs-5216plc-switch-18xgb-poe-2xsfp-surv","status":"publish","type":"product","link":"https:\/\/aivlisoft.net\/shop\/producto\/edimax-pro-gs-5216plc-switch-18xgb-poe-2xsfp-surv\/","title":{"rendered":"Edimax PRO GS-5216PLC Switch 18xGb PoE+ 2xSFP Surv"},"content":{"rendered":"<p>&#8211; Es compatible con el est&aacute;ndar ONVIF Profile Q, que es compatible con los dispositivos G\/Q\/S\/A\/C\/T\/M que cumplen con ONVIF para proporcionar una configuraci&oacute;n del sistema r&aacute;pida y f&aacute;cil, detecci&oacute;n de dispositivos y autenticaci&oacute;n de usuarios.<br \/>&#8211; Comprobaci&oacute;n de la vida de los dispositivos alimentados por PoE (PD) para mejorar la fiabilidad de la red. Si un PD no responde, el GS-5216PLC reiniciar&aacute; el PD.<br \/>&#8211; Compatible con IEEE 802.3af\/at PoE, hasta 30 W por puerto (presupuesto total de energ&iacute;a: 280 W) para alimentar dispositivos habilitados para PoE.<br \/>&#8211; PoE garantizado larga distancia a 200 metros.<br \/>&#8211; Pantalla LED de 4 d&iacute;gitos que muestra la potencia Total de PoE, la potencia disponible y el consumo de energ&iacute;a.<br \/>&#8211; Imagen de doble firmware para mecanismos de conmutaci&oacute;n por error robustos. Puede activar el firmware de copia de seguridad de inmediato mientras que el actual enfrenta problemas.<br \/>&#8211; VLAN de vigilancia IP y VLAN de voz para mejorar la calidad y la seguridad de video y voz.<br \/>&#8211; Detecci&oacute;n autom&aacute;tica de dispositivos alimentados (PD) y niveles de consumo de energ&iacute;a.<br \/>&#8211; Protecci&oacute;n de retroalimentaci&oacute;n el&eacute;ctrica para evitar da&ntilde;ar los puertos PoE.<br \/>&#8211; DHCP snooping para proteger la integridad del servidor DHCP leg&iacute;timo y sus operaciones.<br \/>&#8211; Soporta SNMP v3, Lista de Control de Acceso (ACL), QoS, CoS, STP, VLAN 802.1Q, IPv4\/IPv6, Port Trunking, IGMP v1\/v2\/v3 Snooping y Port Mirroring.<br \/>&#8211; Ventilador intercambiable en caliente y dise&ntilde;o de montaje en rack 1U de 19 pulgadas.<br \/>&nbsp;<\/p>\n<table width=\"100%\">\n<tr>\n<td><strong>Marca<\/strong><\/td>\n<td>Edimax Pro<\/td>\n<\/tr>\n<tr>\n<td><strong>Modelo<\/strong><\/td>\n<td><strong>GS-5216PLC<\/strong><\/td>\n<\/tr>\n<tr>\n<td><strong>Caracteristicas<\/strong><\/td>\n<td><strong>Hardware<\/strong><br \/>\t\t\t&#8211; M&eacute;todo de transmisi&oacute;n:Almacenar y reenviar<br \/>\t\t\t&#8211; Botones:Bot&oacute;n de selecci&oacute;n de estado del presupuesto de energ&iacute;a PoE bot&oacute;n de selecci&oacute;n<br \/>\t\t\t&#8211; Indicadores LED:Por puerto: Link\/Act, PoE: Act\/Status, por unidad: Power<br \/>\t\t\t&#8211; Entrada de energ&iacute;a:100-240V AC, 50-60 Hz, fuente de alimentaci&oacute;n interna<br \/>\t\t\t&#8211; Presupuesto total de energ&iacute;a:280 W<br \/>\t\t\t&#8211; Abanicar:1 x ventilador con bandeja de ventilador intercambiable en caliente<br \/>\t\t\t&#8211; Dimensiones (L x W x H):441 &times; 196 &times; 44 mm<br \/>\t\t\t&#8211; Peso:3,03 kg<br \/>\t\t\t<strong>Puertos<\/strong>:<br \/>\t\t\t&#8211; 16 x puertos<br \/>\t\t\t&#8211; RJ45 10\/100\/1000Base-T Gigabit 2 x RJ45 \/SFP Gigabit combo uplinks<br \/>\t\t\t<strong>Rendimiento<\/strong><br \/>\t\t\t&#8211; Capacidad de conmutaci&oacute;n:36 Gbps<br \/>\t\t\t&#8211; Tasa de reenv&iacute;o:26.7Mpps (tama&ntilde;o de paquete de 64 bytes)<br \/>\t\t\t&#8211; Direcci&oacute;n MAC:8K Bytes<br \/>\t\t\t&#8211; Marcos Jumbo:9K Bytes<br \/>\t\t\t&#8211; Memoria de b&uacute;fer:4,1 Mb<br \/>\t\t\t&#8211; Tasas de filtrado \/ reenv&iacute;o:Puerto de 1000Mbps &ndash; Puerto de 1.488.000pps a 100Mbps, Puerto de 148.800pps a 10Mbps &#8211; 14.880pps<\/td>\n<\/tr>\n<tr>\n<td><strong>Fecha Revisi&oacute;n<\/strong><\/td>\n<td>09-09-2021 por YMC<\/td>\n<\/tr>\n<\/table>\n","protected":false},"excerpt":{"rendered":"<p>&#8211; Es compatible con el est&aacute;ndar ONVIF Profile Q, que es compatible con los dispositivos G\/Q\/S\/A\/C\/T\/M que cumplen con ONVIF para proporcionar una configuraci&oacute;n del sistema r&aacute;pida y f&aacute;cil, detecci&oacute;n de dispositivos y autenticaci&oacute;n de usuarios.&#8211; Comprobaci&oacute;n de la vida de los dispositivos alimentados por PoE (PD) para mejorar la fiabilidad de la red. Si&hellip;&nbsp;<a href=\"https:\/\/aivlisoft.net\/shop\/producto\/edimax-pro-gs-5216plc-switch-18xgb-poe-2xsfp-surv\/\" rel=\"bookmark\"><span class=\"screen-reader-text\">Edimax PRO GS-5216PLC Switch 18xGb PoE+ 2xSFP Surv<\/span><\/a><\/p>\n","protected":false},"featured_media":20491,"template":"","meta":{"neve_meta_sidebar":"","neve_meta_container":"","neve_meta_enable_content_width":"","neve_meta_content_width":0,"neve_meta_title_alignment":"","neve_meta_author_avatar":"","neve_post_elements_order":"","neve_meta_disable_header":"","neve_meta_disable_footer":"","neve_meta_disable_title":""},"product_brand":[],"product_cat":[8771],"product_tag":[7310],"class_list":{"0":"post-20490","1":"product","2":"type-product","3":"status-publish","4":"has-post-thumbnail","6":"product_cat-switches-armario","7":"product_tag-gs-5216plc","9":"first","10":"instock","11":"taxable","12":"shipping-taxable","13":"purchasable","14":"product-type-simple"},"yoast_head":"<!-- This site is optimized with the Yoast SEO plugin v26.0 - https:\/\/yoast.com\/wordpress\/plugins\/seo\/ -->\n<title>Edimax PRO GS-5216PLC Switch 18xGb PoE+ 2xSFP Surv - Aivlisoft Inform\u00e1tica<\/title>\n<meta name=\"robots\" content=\"index, follow, max-snippet:-1, max-image-preview:large, max-video-preview:-1\" \/>\n<link rel=\"canonical\" href=\"https:\/\/aivlisoft.net\/shop\/producto\/edimax-pro-gs-5216plc-switch-18xgb-poe-2xsfp-surv\/\" \/>\n<meta property=\"og:locale\" content=\"es_ES\" \/>\n<meta property=\"og:type\" content=\"article\" \/>\n<meta property=\"og:title\" content=\"Edimax PRO GS-5216PLC Switch 18xGb PoE+ 2xSFP Surv - Aivlisoft Inform\u00e1tica\" \/>\n<meta property=\"og:description\" content=\"&#8211; Es compatible con el est&aacute;ndar ONVIF Profile Q, que es compatible con los dispositivos G\/Q\/S\/A\/C\/T\/M que cumplen con ONVIF para proporcionar una configuraci&oacute;n del sistema r&aacute;pida y f&aacute;cil, detecci&oacute;n de dispositivos y autenticaci&oacute;n de usuarios.&#8211; Comprobaci&oacute;n de la vida de los dispositivos alimentados por PoE (PD) para mejorar la fiabilidad de la red. Si&hellip;&nbsp;Edimax PRO GS-5216PLC Switch 18xGb PoE+ 2xSFP Surv\" \/>\n<meta property=\"og:url\" content=\"https:\/\/aivlisoft.net\/shop\/producto\/edimax-pro-gs-5216plc-switch-18xgb-poe-2xsfp-surv\/\" \/>\n<meta property=\"og:site_name\" content=\"Aivlisoft Inform\u00e1tica\" \/>\n<meta property=\"article:modified_time\" content=\"2025-01-14T11:50:59+00:00\" \/>\n<meta property=\"og:image\" content=\"https:\/\/aivlisoft.net\/shop\/wp-content\/uploads\/2025\/01\/NSWSAR0294_800.jpg\" \/>\n\t<meta property=\"og:image:width\" content=\"800\" \/>\n\t<meta property=\"og:image:height\" content=\"800\" \/>\n\t<meta property=\"og:image:type\" content=\"image\/jpeg\" \/>\n<meta name=\"twitter:card\" content=\"summary_large_image\" \/>\n<meta name=\"twitter:label1\" content=\"Tiempo de lectura\" \/>\n\t<meta name=\"twitter:data1\" content=\"2 minutos\" \/>\n<script type=\"application\/ld+json\" class=\"yoast-schema-graph\">{\"@context\":\"https:\/\/schema.org\",\"@graph\":[{\"@type\":\"WebPage\",\"@id\":\"https:\/\/aivlisoft.net\/shop\/producto\/edimax-pro-gs-5216plc-switch-18xgb-poe-2xsfp-surv\/\",\"url\":\"https:\/\/aivlisoft.net\/shop\/producto\/edimax-pro-gs-5216plc-switch-18xgb-poe-2xsfp-surv\/\",\"name\":\"Edimax PRO GS-5216PLC Switch 18xGb PoE+ 2xSFP Surv - Aivlisoft Inform\u00e1tica\",\"isPartOf\":{\"@id\":\"https:\/\/aivlisoft.net\/shop\/#website\"},\"primaryImageOfPage\":{\"@id\":\"https:\/\/aivlisoft.net\/shop\/producto\/edimax-pro-gs-5216plc-switch-18xgb-poe-2xsfp-surv\/#primaryimage\"},\"image\":{\"@id\":\"https:\/\/aivlisoft.net\/shop\/producto\/edimax-pro-gs-5216plc-switch-18xgb-poe-2xsfp-surv\/#primaryimage\"},\"thumbnailUrl\":\"https:\/\/aivlisoft.net\/shop\/wp-content\/uploads\/2025\/01\/NSWSAR0294_800.jpg\",\"datePublished\":\"2025-01-13T15:43:18+00:00\",\"dateModified\":\"2025-01-14T11:50:59+00:00\",\"breadcrumb\":{\"@id\":\"https:\/\/aivlisoft.net\/shop\/producto\/edimax-pro-gs-5216plc-switch-18xgb-poe-2xsfp-surv\/#breadcrumb\"},\"inLanguage\":\"es\",\"potentialAction\":[{\"@type\":\"ReadAction\",\"target\":[\"https:\/\/aivlisoft.net\/shop\/producto\/edimax-pro-gs-5216plc-switch-18xgb-poe-2xsfp-surv\/\"]}]},{\"@type\":\"ImageObject\",\"inLanguage\":\"es\",\"@id\":\"https:\/\/aivlisoft.net\/shop\/producto\/edimax-pro-gs-5216plc-switch-18xgb-poe-2xsfp-surv\/#primaryimage\",\"url\":\"https:\/\/aivlisoft.net\/shop\/wp-content\/uploads\/2025\/01\/NSWSAR0294_800.jpg\",\"contentUrl\":\"https:\/\/aivlisoft.net\/shop\/wp-content\/uploads\/2025\/01\/NSWSAR0294_800.jpg\",\"width\":800,\"height\":800},{\"@type\":\"BreadcrumbList\",\"@id\":\"https:\/\/aivlisoft.net\/shop\/producto\/edimax-pro-gs-5216plc-switch-18xgb-poe-2xsfp-surv\/#breadcrumb\",\"itemListElement\":[{\"@type\":\"ListItem\",\"position\":1,\"name\":\"Portada\",\"item\":\"https:\/\/aivlisoft.net\/shop\/\"},{\"@type\":\"ListItem\",\"position\":2,\"name\":\"Tienda\",\"item\":\"https:\/\/aivlisoft.net\/shop\/tienda\/\"},{\"@type\":\"ListItem\",\"position\":3,\"name\":\"Edimax PRO GS-5216PLC Switch 18xGb PoE+ 2xSFP Surv\"}]},{\"@type\":\"WebSite\",\"@id\":\"https:\/\/aivlisoft.net\/shop\/#website\",\"url\":\"https:\/\/aivlisoft.net\/shop\/\",\"name\":\"Aivlisoft Inform\u00e1tica\",\"description\":\"En Aivlisoft Inform\u00e1tica ofrecemos soluciones tecnol\u00f3gicas para empresas: venta de ordenadores, consumibles, perif\u00e9ricos y m\u00e1s. Calidad, atenci\u00f3n personalizada y los mejores precios para tu negocio.\",\"publisher\":{\"@id\":\"https:\/\/aivlisoft.net\/shop\/#organization\"},\"potentialAction\":[{\"@type\":\"SearchAction\",\"target\":{\"@type\":\"EntryPoint\",\"urlTemplate\":\"https:\/\/aivlisoft.net\/shop\/?s={search_term_string}\"},\"query-input\":{\"@type\":\"PropertyValueSpecification\",\"valueRequired\":true,\"valueName\":\"search_term_string\"}}],\"inLanguage\":\"es\"},{\"@type\":\"Organization\",\"@id\":\"https:\/\/aivlisoft.net\/shop\/#organization\",\"name\":\"Aivlisoft Inform\u00e1tica\",\"url\":\"https:\/\/aivlisoft.net\/shop\/\",\"logo\":{\"@type\":\"ImageObject\",\"inLanguage\":\"es\",\"@id\":\"https:\/\/aivlisoft.net\/shop\/#\/schema\/logo\/image\/\",\"url\":\"https:\/\/aivlisoft.net\/shop\/wp-content\/uploads\/2024\/12\/removal.ai_5b848c54-0cdf-4140-95c5-c5536bb7573b-logodef.png\",\"contentUrl\":\"https:\/\/aivlisoft.net\/shop\/wp-content\/uploads\/2024\/12\/removal.ai_5b848c54-0cdf-4140-95c5-c5536bb7573b-logodef.png\",\"width\":484,\"height\":182,\"caption\":\"Aivlisoft Inform\u00e1tica\"},\"image\":{\"@id\":\"https:\/\/aivlisoft.net\/shop\/#\/schema\/logo\/image\/\"}}]}<\/script>\n<!-- \/ Yoast SEO plugin. -->","yoast_head_json":{"title":"Edimax PRO GS-5216PLC Switch 18xGb PoE+ 2xSFP Surv - Aivlisoft Inform\u00e1tica","robots":{"index":"index","follow":"follow","max-snippet":"max-snippet:-1","max-image-preview":"max-image-preview:large","max-video-preview":"max-video-preview:-1"},"canonical":"https:\/\/aivlisoft.net\/shop\/producto\/edimax-pro-gs-5216plc-switch-18xgb-poe-2xsfp-surv\/","og_locale":"es_ES","og_type":"article","og_title":"Edimax PRO GS-5216PLC Switch 18xGb PoE+ 2xSFP Surv - Aivlisoft Inform\u00e1tica","og_description":"&#8211; Es compatible con el est&aacute;ndar ONVIF Profile Q, que es compatible con los dispositivos G\/Q\/S\/A\/C\/T\/M que cumplen con ONVIF para proporcionar una configuraci&oacute;n del sistema r&aacute;pida y f&aacute;cil, detecci&oacute;n de dispositivos y autenticaci&oacute;n de usuarios.&#8211; Comprobaci&oacute;n de la vida de los dispositivos alimentados por PoE (PD) para mejorar la fiabilidad de la red. Si&hellip;&nbsp;Edimax PRO GS-5216PLC Switch 18xGb PoE+ 2xSFP Surv","og_url":"https:\/\/aivlisoft.net\/shop\/producto\/edimax-pro-gs-5216plc-switch-18xgb-poe-2xsfp-surv\/","og_site_name":"Aivlisoft Inform\u00e1tica","article_modified_time":"2025-01-14T11:50:59+00:00","og_image":[{"width":800,"height":800,"url":"https:\/\/aivlisoft.net\/shop\/wp-content\/uploads\/2025\/01\/NSWSAR0294_800.jpg","type":"image\/jpeg"}],"twitter_card":"summary_large_image","twitter_misc":{"Tiempo de lectura":"2 minutos"},"schema":{"@context":"https:\/\/schema.org","@graph":[{"@type":"WebPage","@id":"https:\/\/aivlisoft.net\/shop\/producto\/edimax-pro-gs-5216plc-switch-18xgb-poe-2xsfp-surv\/","url":"https:\/\/aivlisoft.net\/shop\/producto\/edimax-pro-gs-5216plc-switch-18xgb-poe-2xsfp-surv\/","name":"Edimax PRO GS-5216PLC Switch 18xGb PoE+ 2xSFP Surv - Aivlisoft Inform\u00e1tica","isPartOf":{"@id":"https:\/\/aivlisoft.net\/shop\/#website"},"primaryImageOfPage":{"@id":"https:\/\/aivlisoft.net\/shop\/producto\/edimax-pro-gs-5216plc-switch-18xgb-poe-2xsfp-surv\/#primaryimage"},"image":{"@id":"https:\/\/aivlisoft.net\/shop\/producto\/edimax-pro-gs-5216plc-switch-18xgb-poe-2xsfp-surv\/#primaryimage"},"thumbnailUrl":"https:\/\/aivlisoft.net\/shop\/wp-content\/uploads\/2025\/01\/NSWSAR0294_800.jpg","datePublished":"2025-01-13T15:43:18+00:00","dateModified":"2025-01-14T11:50:59+00:00","breadcrumb":{"@id":"https:\/\/aivlisoft.net\/shop\/producto\/edimax-pro-gs-5216plc-switch-18xgb-poe-2xsfp-surv\/#breadcrumb"},"inLanguage":"es","potentialAction":[{"@type":"ReadAction","target":["https:\/\/aivlisoft.net\/shop\/producto\/edimax-pro-gs-5216plc-switch-18xgb-poe-2xsfp-surv\/"]}]},{"@type":"ImageObject","inLanguage":"es","@id":"https:\/\/aivlisoft.net\/shop\/producto\/edimax-pro-gs-5216plc-switch-18xgb-poe-2xsfp-surv\/#primaryimage","url":"https:\/\/aivlisoft.net\/shop\/wp-content\/uploads\/2025\/01\/NSWSAR0294_800.jpg","contentUrl":"https:\/\/aivlisoft.net\/shop\/wp-content\/uploads\/2025\/01\/NSWSAR0294_800.jpg","width":800,"height":800},{"@type":"BreadcrumbList","@id":"https:\/\/aivlisoft.net\/shop\/producto\/edimax-pro-gs-5216plc-switch-18xgb-poe-2xsfp-surv\/#breadcrumb","itemListElement":[{"@type":"ListItem","position":1,"name":"Portada","item":"https:\/\/aivlisoft.net\/shop\/"},{"@type":"ListItem","position":2,"name":"Tienda","item":"https:\/\/aivlisoft.net\/shop\/tienda\/"},{"@type":"ListItem","position":3,"name":"Edimax PRO GS-5216PLC Switch 18xGb PoE+ 2xSFP Surv"}]},{"@type":"WebSite","@id":"https:\/\/aivlisoft.net\/shop\/#website","url":"https:\/\/aivlisoft.net\/shop\/","name":"Aivlisoft Inform\u00e1tica","description":"En Aivlisoft Inform\u00e1tica ofrecemos soluciones tecnol\u00f3gicas para empresas: venta de ordenadores, consumibles, perif\u00e9ricos y m\u00e1s. Calidad, atenci\u00f3n personalizada y los mejores precios para tu negocio.","publisher":{"@id":"https:\/\/aivlisoft.net\/shop\/#organization"},"potentialAction":[{"@type":"SearchAction","target":{"@type":"EntryPoint","urlTemplate":"https:\/\/aivlisoft.net\/shop\/?s={search_term_string}"},"query-input":{"@type":"PropertyValueSpecification","valueRequired":true,"valueName":"search_term_string"}}],"inLanguage":"es"},{"@type":"Organization","@id":"https:\/\/aivlisoft.net\/shop\/#organization","name":"Aivlisoft Inform\u00e1tica","url":"https:\/\/aivlisoft.net\/shop\/","logo":{"@type":"ImageObject","inLanguage":"es","@id":"https:\/\/aivlisoft.net\/shop\/#\/schema\/logo\/image\/","url":"https:\/\/aivlisoft.net\/shop\/wp-content\/uploads\/2024\/12\/removal.ai_5b848c54-0cdf-4140-95c5-c5536bb7573b-logodef.png","contentUrl":"https:\/\/aivlisoft.net\/shop\/wp-content\/uploads\/2024\/12\/removal.ai_5b848c54-0cdf-4140-95c5-c5536bb7573b-logodef.png","width":484,"height":182,"caption":"Aivlisoft Inform\u00e1tica"},"image":{"@id":"https:\/\/aivlisoft.net\/shop\/#\/schema\/logo\/image\/"}}]}},"_links":{"self":[{"href":"https:\/\/aivlisoft.net\/shop\/wp-json\/wp\/v2\/product\/20490","targetHints":{"allow":["GET"]}}],"collection":[{"href":"https:\/\/aivlisoft.net\/shop\/wp-json\/wp\/v2\/product"}],"about":[{"href":"https:\/\/aivlisoft.net\/shop\/wp-json\/wp\/v2\/types\/product"}],"wp:featuredmedia":[{"embeddable":true,"href":"https:\/\/aivlisoft.net\/shop\/wp-json\/wp\/v2\/media\/20491"}],"wp:attachment":[{"href":"https:\/\/aivlisoft.net\/shop\/wp-json\/wp\/v2\/media?parent=20490"}],"wp:term":[{"taxonomy":"product_brand","embeddable":true,"href":"https:\/\/aivlisoft.net\/shop\/wp-json\/wp\/v2\/product_brand?post=20490"},{"taxonomy":"product_cat","embeddable":true,"href":"https:\/\/aivlisoft.net\/shop\/wp-json\/wp\/v2\/product_cat?post=20490"},{"taxonomy":"product_tag","embeddable":true,"href":"https:\/\/aivlisoft.net\/shop\/wp-json\/wp\/v2\/product_tag?post=20490"}],"curies":[{"name":"wp","href":"https:\/\/api.w.org\/{rel}","templated":true}]}}