{"id":20484,"date":"2025-01-13T15:43:15","date_gmt":"2025-01-13T15:43:15","guid":{"rendered":"https:\/\/aivlisoft.com\/?post_type=product&#038;p=20484"},"modified":"2025-01-14T11:50:57","modified_gmt":"2025-01-14T11:50:57","slug":"zyxel-gs1920-24v2-switch-24xgbe-4xgb-combo","status":"publish","type":"product","link":"https:\/\/aivlisoft.net\/shop\/producto\/zyxel-gs1920-24v2-switch-24xgbe-4xgb-combo\/","title":{"rendered":"Zyxel GS1920-24v2 Switch 24xGbE 4xGb Combo"},"content":{"rendered":"<p>&iexcl;Un switch administrado inteligente de nuevo aspecto con un dise&ntilde;o renovado por dentro y por fuera!<br \/>La serie GS1920v2 ampl&iacute;a el &eacute;xito de la serie GS1920 m&aacute;s vendida con un nuevo aspecto elegante y permite la gesti&oacute;n de la nube con la tecnolog&iacute;a Zyxel NebulaFlexTM.<br \/>&nbsp;<br \/>&nbsp;<\/p>\n<table width=\"100%\">\n<tr>\n<td><strong>Marca<\/strong><\/td>\n<td>ZyXEL<\/td>\n<\/tr>\n<tr>\n<td valign=\"top\"><strong>Modelo<\/strong><\/td>\n<td><strong>GS1920-24V2-EU0101F<\/strong><\/td>\n<\/tr>\n<tr>\n<td valign=\"top\"><strong>Puertos<\/strong><\/td>\n<td>&#8211; Recuento total de puertos: 10<br \/>\t\t\t&#8211; 100\/1000 Mbps&nbsp;&nbsp; &nbsp;: 8<br \/>\t\t\t&#8211; Combinaci&oacute;n Gigabit (RJ-45\/SFP): 2<br \/>\t\t\t&#8211; Gigabit SFP: &#8211;<\/td>\n<\/tr>\n<tr>\n<td valign=\"top\"><strong>Caracter&iacute;sticas<\/strong><\/td>\n<td><strong>Puertos e Interfaces<\/strong><br \/>\t\t\t&#8211; Cantidad de puertos b&aacute;sicos de conmutaci&oacute;n RJ-45 Ethernet: &nbsp;24<br \/>\t\t\t&#8211; Puertos tipo b&aacute;sico de conmutaci&oacute;n RJ-45 Ethernet: &nbsp;Gigabit Ethernet (10\/100\/1000)<br \/>\t\t\t&#8211; Combo SFP Cantidad de puertos: &nbsp;4<br \/>\t\t\t&#8211; Tecnolog&iacute;a de cableado ethernet de cobre: &nbsp;100BASE-TX,1000BASE-T<br \/>\t\t\t<strong>Transmisi&oacute;n de datos<\/strong><br \/>\t\t\t&#8211; Capacidad de conmutaci&oacute;n: &nbsp;56 Gbit\/s<br \/>\t\t\t&#8211; Tasa de reenv&iacute;o: &nbsp;42 Mpps<br \/>\t\t\t&#8211; Tabla de direcciones MAC: &nbsp;16000 entradas<br \/>\t\t\t<strong>Dise&ntilde;o<\/strong><br \/>\t\t\t&#8211; Montaje en rack&nbsp;<br \/>\t\t\t&#8211; Color del producto: &nbsp;Negro<br \/>\t\t\t&#8211; Indicadores LED&nbsp;<br \/>\t\t\t&#8211; Seguridad: &nbsp;LVD, BSMI<br \/>\t\t\t&#8211; Compatibilidad electromagn&eacute;tica: &nbsp;FCC 15 A, CE A, BSMI EMC<br \/>\t\t\t&#8211; Certificaci&oacute;n: &nbsp;RoHS<br \/>\t\t\t<strong>Control de energ&iacute;a<\/strong><br \/>\t\t\t&#8211; Consumo de energ&iacute;a (max): &nbsp;22,5 W<br \/>\t\t\t&#8211; Voltaje de entrada AC: &nbsp;100-240 V<br \/>\t\t\t&#8211; Frecuencia de entrada AC: &nbsp;50\/60 Hz<br \/>\t\t\t<strong>Condiciones ambientales<\/strong><br \/>\t\t\t&#8211; Intervalo de temperatura operativa: &nbsp;0 &#8211; 50 &deg;C<br \/>\t\t\t&#8211; Intervalo de temperatura de almacenaje: &nbsp;-40 &#8211; 70 &deg;C<br \/>\t\t\t&#8211; Intervalo de humedad relativa para funcionamiento: &nbsp;10 &#8211; 95%<br \/>\t\t\t&#8211; Intervalo de humedad relativa durante almacenaje: &nbsp;10 &#8211; 95%<br \/>\t\t\t&#8211; Disipaci&oacute;n del calor: &nbsp;76,73 BTU\/h<br \/>\t\t\t<strong>Peso y dimensiones<\/strong><br \/>\t\t\t&#8211; Ancho: &nbsp;441 mm<br \/>\t\t\t&#8211; Profundidad: &nbsp;131 mm<br \/>\t\t\t&#8211; Altura: &nbsp;44 mm<br \/>\t\t\t&#8211; Peso: &nbsp;2,1 kg<br \/>\t\t\t<strong>Caracter&iacute;sticas de administraci&oacute;n<\/strong><br \/>\t\t\t&#8211; Tipo de interruptor: &nbsp;Gestionado<br \/>\t\t\t&#8211; Calidad de servicio (QoS) soporte&nbsp;<br \/>\t\t\t&#8211; Registro de eventos en sistema MIB, soporte: &nbsp;RFC 1066, RFC 1213, RFC 1157, RFC 1493, RFC 1643, RFC 1757, RFC 2011.2012,2013, RFC 2233, RFC 2358, RFC 2674, RFC 2819,2925, RFC 3621, RFC 4022, RFC 4113, RFC 4292, RFC 4293<br \/>\t\t\t&#8211; Inspecci&oacute;n ARP&nbsp;<br \/>\t\t\t<strong>Desempe&ntilde;o<\/strong><br \/>\t\t\t&#8211; Memoria interna: &nbsp;256 MB<br \/>\t\t\t&#8211; Memoria Flash: &nbsp;32 MB<br \/>\t\t\t&#8211; Memoria intermedia de paquetes: &nbsp;1,5 MB<br \/>\t\t\t&#8211; Tiempo medio entre fallos: &nbsp;911301 h<br \/>\t\t\t&#8211; Alimentaci&oacute;n a trav&eacute;s de Ethernet (PoE)<br \/>\t\t\t&#8211; Energ&iacute;a sobre Ethernet (PoE): &nbsp;No<br \/>\t\t\t<strong>Seguridad<\/strong><br \/>\t\t\t&#8211; Algoritmos de seguridad soportados: &nbsp;802.1x RADIUS,SNMP,SNMPv3<br \/>\t\t\t&#8211; MAC, filtro de direcciones&nbsp;<br \/>\t\t\t&#8211; Lista de Control de Acceso (ACL)&nbsp;<br \/>\t\t\t&#8211; IGMP&nbsp;<br \/>\t\t\t&#8211; Vinculaci&oacute;n de puertos IP-MAC&nbsp;<br \/>\t\t\t&#8211; Autenticaci&oacute;n: &nbsp;VLAN de invitado, Autenticaci&oacute;n basada en puertos<br \/>\t\t\t&#8211; Protecci&oacute;n mediante contrase&ntilde;a&nbsp;<br \/>\t\t\t&#8211; Tipo de autenticaci&oacute;n: &nbsp;IEEE 802.1x,RADIUS<br \/>\t\t\t&#8211; Defensa CPU&nbsp;<br \/>\t\t\t&#8211; Intromisi&oacute;n DHCP&nbsp;<br \/>\t\t\t&#8211; Rel&eacute; DHCP&nbsp;<br \/>\t\t\t&#8211; Rel&eacute; DHCPv6&nbsp;<br \/>\t\t\t&#8211; Algoritmos de programaci&oacute;n de colas: &nbsp;SPQ,WFQ,Weighted Round Robin (WRR)<br \/>\t\t\t<strong>Conexi&oacute;n<\/strong><br \/>\t\t\t&#8211; Est&aacute;ndares de red: &nbsp;IEEE 802.1D,IEEE 802.1Q,IEEE 802.1ab,IEEE 802.1p,IEEE 802.1s,IEEE 802.1w,IEEE 802.1x,IEEE 802.3ab,IEEE 802.3ad,IEEE 802.3u,IEEE 802.3x,IEEE 802.3z<br \/>\t\t\t&#8211; Soporte de control de flujo&nbsp;<br \/>\t\t\t&#8211; Limitar tasa&nbsp;<br \/>\t\t\t&#8211; DHCP, cliente&nbsp;<br \/>\t\t\t&#8211; Protocolo de &aacute;rbol de expansi&oacute;n&nbsp;<br \/>\t\t\t&#8211; Soporte 10G: &nbsp;No<\/td>\n<\/tr>\n<tr>\n<td><strong>Fecha de revisi&oacute;n<\/strong><\/td>\n<td>09-09-2021 por YMC<\/td>\n<\/tr>\n<\/table>\n","protected":false},"excerpt":{"rendered":"<p>&iexcl;Un switch administrado inteligente de nuevo aspecto con un dise&ntilde;o renovado por dentro y por fuera!La serie GS1920v2 ampl&iacute;a el &eacute;xito de la serie GS1920 m&aacute;s vendida con un nuevo aspecto elegante y permite la gesti&oacute;n de la nube con la tecnolog&iacute;a Zyxel NebulaFlexTM.&nbsp;&nbsp; Marca ZyXEL Modelo GS1920-24V2-EU0101F Puertos &#8211; Recuento total de puertos: 10&hellip;&nbsp;<a href=\"https:\/\/aivlisoft.net\/shop\/producto\/zyxel-gs1920-24v2-switch-24xgbe-4xgb-combo\/\" rel=\"bookmark\"><span class=\"screen-reader-text\">Zyxel GS1920-24v2 Switch 24xGbE 4xGb Combo<\/span><\/a><\/p>\n","protected":false},"featured_media":20485,"template":"","meta":{"neve_meta_sidebar":"","neve_meta_container":"","neve_meta_enable_content_width":"","neve_meta_content_width":0,"neve_meta_title_alignment":"","neve_meta_author_avatar":"","neve_post_elements_order":"","neve_meta_disable_header":"","neve_meta_disable_footer":"","neve_meta_disable_title":""},"product_brand":[],"product_cat":[8771],"product_tag":[7308],"class_list":{"0":"post-20484","1":"product","2":"type-product","3":"status-publish","4":"has-post-thumbnail","6":"product_cat-switches-armario","7":"product_tag-gs1920-24v2-eu0101f","9":"first","10":"instock","11":"taxable","12":"shipping-taxable","13":"purchasable","14":"product-type-simple"},"yoast_head":"<!-- This site is optimized with the Yoast SEO plugin v26.0 - https:\/\/yoast.com\/wordpress\/plugins\/seo\/ -->\n<title>Zyxel GS1920-24v2 Switch 24xGbE 4xGb Combo - Aivlisoft Inform\u00e1tica<\/title>\n<meta name=\"robots\" content=\"index, follow, max-snippet:-1, max-image-preview:large, max-video-preview:-1\" \/>\n<link rel=\"canonical\" href=\"https:\/\/aivlisoft.net\/shop\/producto\/zyxel-gs1920-24v2-switch-24xgbe-4xgb-combo\/\" \/>\n<meta property=\"og:locale\" content=\"es_ES\" \/>\n<meta property=\"og:type\" content=\"article\" \/>\n<meta property=\"og:title\" content=\"Zyxel GS1920-24v2 Switch 24xGbE 4xGb Combo - Aivlisoft Inform\u00e1tica\" \/>\n<meta property=\"og:description\" content=\"&iexcl;Un switch administrado inteligente de nuevo aspecto con un dise&ntilde;o renovado por dentro y por fuera!La serie GS1920v2 ampl&iacute;a el &eacute;xito de la serie GS1920 m&aacute;s vendida con un nuevo aspecto elegante y permite la gesti&oacute;n de la nube con la tecnolog&iacute;a Zyxel NebulaFlexTM.&nbsp;&nbsp; Marca ZyXEL Modelo GS1920-24V2-EU0101F Puertos &#8211; Recuento total de puertos: 10&hellip;&nbsp;Zyxel GS1920-24v2 Switch 24xGbE 4xGb Combo\" \/>\n<meta property=\"og:url\" content=\"https:\/\/aivlisoft.net\/shop\/producto\/zyxel-gs1920-24v2-switch-24xgbe-4xgb-combo\/\" \/>\n<meta property=\"og:site_name\" content=\"Aivlisoft Inform\u00e1tica\" \/>\n<meta property=\"article:modified_time\" content=\"2025-01-14T11:50:57+00:00\" \/>\n<meta property=\"og:image\" content=\"https:\/\/aivlisoft.net\/shop\/wp-content\/uploads\/2025\/01\/NSWSAR0292_800.jpg\" \/>\n\t<meta property=\"og:image:width\" content=\"800\" \/>\n\t<meta property=\"og:image:height\" content=\"800\" \/>\n\t<meta property=\"og:image:type\" content=\"image\/jpeg\" \/>\n<meta name=\"twitter:card\" content=\"summary_large_image\" \/>\n<meta name=\"twitter:label1\" content=\"Tiempo de lectura\" \/>\n\t<meta name=\"twitter:data1\" content=\"3 minutos\" \/>\n<script type=\"application\/ld+json\" class=\"yoast-schema-graph\">{\"@context\":\"https:\/\/schema.org\",\"@graph\":[{\"@type\":\"WebPage\",\"@id\":\"https:\/\/aivlisoft.net\/shop\/producto\/zyxel-gs1920-24v2-switch-24xgbe-4xgb-combo\/\",\"url\":\"https:\/\/aivlisoft.net\/shop\/producto\/zyxel-gs1920-24v2-switch-24xgbe-4xgb-combo\/\",\"name\":\"Zyxel GS1920-24v2 Switch 24xGbE 4xGb Combo - Aivlisoft Inform\u00e1tica\",\"isPartOf\":{\"@id\":\"https:\/\/aivlisoft.net\/shop\/#website\"},\"primaryImageOfPage\":{\"@id\":\"https:\/\/aivlisoft.net\/shop\/producto\/zyxel-gs1920-24v2-switch-24xgbe-4xgb-combo\/#primaryimage\"},\"image\":{\"@id\":\"https:\/\/aivlisoft.net\/shop\/producto\/zyxel-gs1920-24v2-switch-24xgbe-4xgb-combo\/#primaryimage\"},\"thumbnailUrl\":\"https:\/\/aivlisoft.net\/shop\/wp-content\/uploads\/2025\/01\/NSWSAR0292_800.jpg\",\"datePublished\":\"2025-01-13T15:43:15+00:00\",\"dateModified\":\"2025-01-14T11:50:57+00:00\",\"breadcrumb\":{\"@id\":\"https:\/\/aivlisoft.net\/shop\/producto\/zyxel-gs1920-24v2-switch-24xgbe-4xgb-combo\/#breadcrumb\"},\"inLanguage\":\"es\",\"potentialAction\":[{\"@type\":\"ReadAction\",\"target\":[\"https:\/\/aivlisoft.net\/shop\/producto\/zyxel-gs1920-24v2-switch-24xgbe-4xgb-combo\/\"]}]},{\"@type\":\"ImageObject\",\"inLanguage\":\"es\",\"@id\":\"https:\/\/aivlisoft.net\/shop\/producto\/zyxel-gs1920-24v2-switch-24xgbe-4xgb-combo\/#primaryimage\",\"url\":\"https:\/\/aivlisoft.net\/shop\/wp-content\/uploads\/2025\/01\/NSWSAR0292_800.jpg\",\"contentUrl\":\"https:\/\/aivlisoft.net\/shop\/wp-content\/uploads\/2025\/01\/NSWSAR0292_800.jpg\",\"width\":800,\"height\":800},{\"@type\":\"BreadcrumbList\",\"@id\":\"https:\/\/aivlisoft.net\/shop\/producto\/zyxel-gs1920-24v2-switch-24xgbe-4xgb-combo\/#breadcrumb\",\"itemListElement\":[{\"@type\":\"ListItem\",\"position\":1,\"name\":\"Portada\",\"item\":\"https:\/\/aivlisoft.net\/shop\/\"},{\"@type\":\"ListItem\",\"position\":2,\"name\":\"Tienda\",\"item\":\"https:\/\/aivlisoft.net\/shop\/tienda\/\"},{\"@type\":\"ListItem\",\"position\":3,\"name\":\"Zyxel GS1920-24v2 Switch 24xGbE 4xGb Combo\"}]},{\"@type\":\"WebSite\",\"@id\":\"https:\/\/aivlisoft.net\/shop\/#website\",\"url\":\"https:\/\/aivlisoft.net\/shop\/\",\"name\":\"Aivlisoft Inform\u00e1tica\",\"description\":\"En Aivlisoft Inform\u00e1tica ofrecemos soluciones tecnol\u00f3gicas para empresas: venta de ordenadores, consumibles, perif\u00e9ricos y m\u00e1s. Calidad, atenci\u00f3n personalizada y los mejores precios para tu negocio.\",\"publisher\":{\"@id\":\"https:\/\/aivlisoft.net\/shop\/#organization\"},\"potentialAction\":[{\"@type\":\"SearchAction\",\"target\":{\"@type\":\"EntryPoint\",\"urlTemplate\":\"https:\/\/aivlisoft.net\/shop\/?s={search_term_string}\"},\"query-input\":{\"@type\":\"PropertyValueSpecification\",\"valueRequired\":true,\"valueName\":\"search_term_string\"}}],\"inLanguage\":\"es\"},{\"@type\":\"Organization\",\"@id\":\"https:\/\/aivlisoft.net\/shop\/#organization\",\"name\":\"Aivlisoft Inform\u00e1tica\",\"url\":\"https:\/\/aivlisoft.net\/shop\/\",\"logo\":{\"@type\":\"ImageObject\",\"inLanguage\":\"es\",\"@id\":\"https:\/\/aivlisoft.net\/shop\/#\/schema\/logo\/image\/\",\"url\":\"https:\/\/aivlisoft.net\/shop\/wp-content\/uploads\/2024\/12\/removal.ai_5b848c54-0cdf-4140-95c5-c5536bb7573b-logodef.png\",\"contentUrl\":\"https:\/\/aivlisoft.net\/shop\/wp-content\/uploads\/2024\/12\/removal.ai_5b848c54-0cdf-4140-95c5-c5536bb7573b-logodef.png\",\"width\":484,\"height\":182,\"caption\":\"Aivlisoft Inform\u00e1tica\"},\"image\":{\"@id\":\"https:\/\/aivlisoft.net\/shop\/#\/schema\/logo\/image\/\"}}]}<\/script>\n<!-- \/ Yoast SEO plugin. -->","yoast_head_json":{"title":"Zyxel GS1920-24v2 Switch 24xGbE 4xGb Combo - Aivlisoft Inform\u00e1tica","robots":{"index":"index","follow":"follow","max-snippet":"max-snippet:-1","max-image-preview":"max-image-preview:large","max-video-preview":"max-video-preview:-1"},"canonical":"https:\/\/aivlisoft.net\/shop\/producto\/zyxel-gs1920-24v2-switch-24xgbe-4xgb-combo\/","og_locale":"es_ES","og_type":"article","og_title":"Zyxel GS1920-24v2 Switch 24xGbE 4xGb Combo - Aivlisoft Inform\u00e1tica","og_description":"&iexcl;Un switch administrado inteligente de nuevo aspecto con un dise&ntilde;o renovado por dentro y por fuera!La serie GS1920v2 ampl&iacute;a el &eacute;xito de la serie GS1920 m&aacute;s vendida con un nuevo aspecto elegante y permite la gesti&oacute;n de la nube con la tecnolog&iacute;a Zyxel NebulaFlexTM.&nbsp;&nbsp; Marca ZyXEL Modelo GS1920-24V2-EU0101F Puertos &#8211; Recuento total de puertos: 10&hellip;&nbsp;Zyxel GS1920-24v2 Switch 24xGbE 4xGb Combo","og_url":"https:\/\/aivlisoft.net\/shop\/producto\/zyxel-gs1920-24v2-switch-24xgbe-4xgb-combo\/","og_site_name":"Aivlisoft Inform\u00e1tica","article_modified_time":"2025-01-14T11:50:57+00:00","og_image":[{"width":800,"height":800,"url":"https:\/\/aivlisoft.net\/shop\/wp-content\/uploads\/2025\/01\/NSWSAR0292_800.jpg","type":"image\/jpeg"}],"twitter_card":"summary_large_image","twitter_misc":{"Tiempo de lectura":"3 minutos"},"schema":{"@context":"https:\/\/schema.org","@graph":[{"@type":"WebPage","@id":"https:\/\/aivlisoft.net\/shop\/producto\/zyxel-gs1920-24v2-switch-24xgbe-4xgb-combo\/","url":"https:\/\/aivlisoft.net\/shop\/producto\/zyxel-gs1920-24v2-switch-24xgbe-4xgb-combo\/","name":"Zyxel GS1920-24v2 Switch 24xGbE 4xGb Combo - Aivlisoft Inform\u00e1tica","isPartOf":{"@id":"https:\/\/aivlisoft.net\/shop\/#website"},"primaryImageOfPage":{"@id":"https:\/\/aivlisoft.net\/shop\/producto\/zyxel-gs1920-24v2-switch-24xgbe-4xgb-combo\/#primaryimage"},"image":{"@id":"https:\/\/aivlisoft.net\/shop\/producto\/zyxel-gs1920-24v2-switch-24xgbe-4xgb-combo\/#primaryimage"},"thumbnailUrl":"https:\/\/aivlisoft.net\/shop\/wp-content\/uploads\/2025\/01\/NSWSAR0292_800.jpg","datePublished":"2025-01-13T15:43:15+00:00","dateModified":"2025-01-14T11:50:57+00:00","breadcrumb":{"@id":"https:\/\/aivlisoft.net\/shop\/producto\/zyxel-gs1920-24v2-switch-24xgbe-4xgb-combo\/#breadcrumb"},"inLanguage":"es","potentialAction":[{"@type":"ReadAction","target":["https:\/\/aivlisoft.net\/shop\/producto\/zyxel-gs1920-24v2-switch-24xgbe-4xgb-combo\/"]}]},{"@type":"ImageObject","inLanguage":"es","@id":"https:\/\/aivlisoft.net\/shop\/producto\/zyxel-gs1920-24v2-switch-24xgbe-4xgb-combo\/#primaryimage","url":"https:\/\/aivlisoft.net\/shop\/wp-content\/uploads\/2025\/01\/NSWSAR0292_800.jpg","contentUrl":"https:\/\/aivlisoft.net\/shop\/wp-content\/uploads\/2025\/01\/NSWSAR0292_800.jpg","width":800,"height":800},{"@type":"BreadcrumbList","@id":"https:\/\/aivlisoft.net\/shop\/producto\/zyxel-gs1920-24v2-switch-24xgbe-4xgb-combo\/#breadcrumb","itemListElement":[{"@type":"ListItem","position":1,"name":"Portada","item":"https:\/\/aivlisoft.net\/shop\/"},{"@type":"ListItem","position":2,"name":"Tienda","item":"https:\/\/aivlisoft.net\/shop\/tienda\/"},{"@type":"ListItem","position":3,"name":"Zyxel GS1920-24v2 Switch 24xGbE 4xGb Combo"}]},{"@type":"WebSite","@id":"https:\/\/aivlisoft.net\/shop\/#website","url":"https:\/\/aivlisoft.net\/shop\/","name":"Aivlisoft Inform\u00e1tica","description":"En Aivlisoft Inform\u00e1tica ofrecemos soluciones tecnol\u00f3gicas para empresas: venta de ordenadores, consumibles, perif\u00e9ricos y m\u00e1s. Calidad, atenci\u00f3n personalizada y los mejores precios para tu negocio.","publisher":{"@id":"https:\/\/aivlisoft.net\/shop\/#organization"},"potentialAction":[{"@type":"SearchAction","target":{"@type":"EntryPoint","urlTemplate":"https:\/\/aivlisoft.net\/shop\/?s={search_term_string}"},"query-input":{"@type":"PropertyValueSpecification","valueRequired":true,"valueName":"search_term_string"}}],"inLanguage":"es"},{"@type":"Organization","@id":"https:\/\/aivlisoft.net\/shop\/#organization","name":"Aivlisoft Inform\u00e1tica","url":"https:\/\/aivlisoft.net\/shop\/","logo":{"@type":"ImageObject","inLanguage":"es","@id":"https:\/\/aivlisoft.net\/shop\/#\/schema\/logo\/image\/","url":"https:\/\/aivlisoft.net\/shop\/wp-content\/uploads\/2024\/12\/removal.ai_5b848c54-0cdf-4140-95c5-c5536bb7573b-logodef.png","contentUrl":"https:\/\/aivlisoft.net\/shop\/wp-content\/uploads\/2024\/12\/removal.ai_5b848c54-0cdf-4140-95c5-c5536bb7573b-logodef.png","width":484,"height":182,"caption":"Aivlisoft Inform\u00e1tica"},"image":{"@id":"https:\/\/aivlisoft.net\/shop\/#\/schema\/logo\/image\/"}}]}},"_links":{"self":[{"href":"https:\/\/aivlisoft.net\/shop\/wp-json\/wp\/v2\/product\/20484","targetHints":{"allow":["GET"]}}],"collection":[{"href":"https:\/\/aivlisoft.net\/shop\/wp-json\/wp\/v2\/product"}],"about":[{"href":"https:\/\/aivlisoft.net\/shop\/wp-json\/wp\/v2\/types\/product"}],"wp:featuredmedia":[{"embeddable":true,"href":"https:\/\/aivlisoft.net\/shop\/wp-json\/wp\/v2\/media\/20485"}],"wp:attachment":[{"href":"https:\/\/aivlisoft.net\/shop\/wp-json\/wp\/v2\/media?parent=20484"}],"wp:term":[{"taxonomy":"product_brand","embeddable":true,"href":"https:\/\/aivlisoft.net\/shop\/wp-json\/wp\/v2\/product_brand?post=20484"},{"taxonomy":"product_cat","embeddable":true,"href":"https:\/\/aivlisoft.net\/shop\/wp-json\/wp\/v2\/product_cat?post=20484"},{"taxonomy":"product_tag","embeddable":true,"href":"https:\/\/aivlisoft.net\/shop\/wp-json\/wp\/v2\/product_tag?post=20484"}],"curies":[{"name":"wp","href":"https:\/\/api.w.org\/{rel}","templated":true}]}}