{"id":20481,"date":"2025-01-13T15:43:14","date_gmt":"2025-01-13T15:43:14","guid":{"rendered":"https:\/\/aivlisoft.com\/?post_type=product&#038;p=20481"},"modified":"2025-01-14T11:50:57","modified_gmt":"2025-01-14T11:50:57","slug":"zyxel-gs1920-8hpv2-switch-8xgbe-poe-2xgb-combo","status":"publish","type":"product","link":"https:\/\/aivlisoft.net\/shop\/producto\/zyxel-gs1920-8hpv2-switch-8xgbe-poe-2xgb-combo\/","title":{"rendered":"Zyxel GS1920-8HPv2 Switch 8xGbE PoE 2xGb Combo"},"content":{"rendered":"<p>&iexcl;Un switch administrado inteligente de nuevo aspecto con un dise&ntilde;o renovado por dentro y por fuera!<br \/>La serie GS1920v2 ampl&iacute;a el &eacute;xito de la serie GS1920 m&aacute;s vendida con un nuevo aspecto elegante y permite la gesti&oacute;n de la nube con la tecnolog&iacute;a Zyxel NebulaFlexTM.<br \/>&nbsp;<\/p>\n<table width=\"100%\">\n<tr>\n<td><strong>Marca<\/strong><\/td>\n<td>ZyXEL<\/td>\n<\/tr>\n<tr>\n<td valign=\"top\"><strong>Modelo<\/strong><\/td>\n<td><strong>GS1920-8HPV2-EU0101F<\/strong><\/td>\n<\/tr>\n<tr>\n<td valign=\"top\"><strong>Puertos<\/strong><\/td>\n<td>&#8211; Recuento total de puertos: 10<br \/>\t\t\t&#8211; 100\/1000 Mbps&nbsp;&nbsp; &nbsp;: 8<br \/>\t\t\t&#8211; Combinaci&oacute;n Gigabit (RJ-45\/SFP): 2<br \/>\t\t\t&#8211; Gigabit SFP: &#8211;<\/td>\n<\/tr>\n<tr>\n<td valign=\"top\"><strong>Caracter&iacute;sticas<\/strong><\/td>\n<td><strong>Red<\/strong><br \/>\t\t\t&#8211; DHCP, cliente<br \/>\t\t\t&#8211; Est&aacute;ndares de red:IEEE 802.1D, IEEE 802.1p, IEEE 802.1Q, IEEE 802.1s, IEEE 802.1w, IEEE 802.1x, IEEE 802.3ab, IEEE 802.3ad, IEEE 802.3af, IEEE 802.3at, IEEE 802.3u, IEEE 802.3x, IEEE 802.3z, IEEE 802.1ab<br \/>\t\t\t&#8211; Soporte de control de flujos<br \/>\t\t\t&#8211; Ethernet<br \/>\t\t\t&#8211; Frecuencia de entrada:50 &#8211; 60 Hz<br \/>\t\t\t&#8211; Voltaje de entrada:100 &#8211; 240 V<br \/>\t\t\t<strong>Detalles t&eacute;cnicos<\/strong><br \/>\t\t\t&#8211; Color:Negro<br \/>\t\t\t&#8211; Conexi&oacute;n de redes<br \/>\t\t\t&#8211; Conexi&oacute;n inal&aacute;mbrica:No<br \/>\t\t\t&#8211; Unidades de altura:1U<br \/>\t\t\t<strong>Conectividad<\/strong><br \/>\t\t\t&#8211; Puertos:8<br \/>\t\t\t&#8211; Cantidad de puertos PoE:8<br \/>\t\t\t&#8211; Tecnolog&iacute;a de cableado ethernet de cobre:100BASE-TX, 100BASE-TX<br \/>\t\t\t&#8211; Conectividad:Al&aacute;mbrico<br \/>\t\t\t<strong>Caracter&iacute;sticas de administraci&oacute;n<br \/>\t\t\t&#8211;<\/strong> Tipo de interruptor:Gestionado<br \/>\t\t\t<strong>Transmi&oacute;n de datos<br \/>\t\t\t&nbsp;<\/strong>-Tabla de direcciones MAC:16000 entradas<br \/>\t\t\t<strong>Control de energ&iacute;a<br \/>\t\t\t&#8211; <\/strong>Consumo de energ&iacute;a (max):161.8 W<br \/>\t\t\t<strong>Alimentaci&oacute;n a trav&eacute;s de Ethernet (PoE)<br \/>\t\t\t&#8211;<\/strong> Energ&iacute;a sobre Ethernet (PoE), soporte<br \/>\t\t\t<strong>Condiciones ambientales<\/strong><br \/>\t\t\t&#8211; Intervalo de humedad relativa durante almacenaje:10 &#8211; 95 %<br \/>\t\t\t&#8211; Intervalo de humedad relativa para funcionamiento:10 &#8211; 95 %<br \/>\t\t\t&#8211; Intervalo de temperatura de almacenaje:-40 &#8211; 70 &deg;C<br \/>\t\t\t&#8211; Intervalo de temperatura operativa:0 &#8211; 50 &deg;C<br \/>\t\t\t&#8211; Iluminaci&oacute;n\/Alarmas<br \/>\t\t\t&#8211; Indicadores LED<br \/>\t\t\t<strong>Seguridad<\/strong><br \/>\t\t\t&#8211; MAC, filtro de direcciones<br \/>\t\t\t<strong>Peso y dimensiones<\/strong><br \/>\t\t\t&#8211; Altura:44 mm<br \/>\t\t\t&#8211; Ancho:267 mm<br \/>\t\t\t&#8211; Peso:1.9 kg<br \/>\t\t\t&#8211; Profundidad:162 mm<\/td>\n<\/tr>\n<tr>\n<td><strong>Fecha de revisi&oacute;n<\/strong><\/td>\n<td>09-09-2021 por YMC<\/td>\n<\/tr>\n<\/table>\n","protected":false},"excerpt":{"rendered":"<p>&iexcl;Un switch administrado inteligente de nuevo aspecto con un dise&ntilde;o renovado por dentro y por fuera!La serie GS1920v2 ampl&iacute;a el &eacute;xito de la serie GS1920 m&aacute;s vendida con un nuevo aspecto elegante y permite la gesti&oacute;n de la nube con la tecnolog&iacute;a Zyxel NebulaFlexTM.&nbsp; Marca ZyXEL Modelo GS1920-8HPV2-EU0101F Puertos &#8211; Recuento total de puertos: 10&hellip;&nbsp;<a href=\"https:\/\/aivlisoft.net\/shop\/producto\/zyxel-gs1920-8hpv2-switch-8xgbe-poe-2xgb-combo\/\" rel=\"bookmark\"><span class=\"screen-reader-text\">Zyxel GS1920-8HPv2 Switch 8xGbE PoE 2xGb Combo<\/span><\/a><\/p>\n","protected":false},"featured_media":20482,"template":"","meta":{"neve_meta_sidebar":"","neve_meta_container":"","neve_meta_enable_content_width":"","neve_meta_content_width":0,"neve_meta_title_alignment":"","neve_meta_author_avatar":"","neve_post_elements_order":"","neve_meta_disable_header":"","neve_meta_disable_footer":"","neve_meta_disable_title":""},"product_brand":[],"product_cat":[8771],"product_tag":[7307],"class_list":{"0":"post-20481","1":"product","2":"type-product","3":"status-publish","4":"has-post-thumbnail","6":"product_cat-switches-armario","7":"product_tag-gs1920-8hpv2-eu0101f","9":"first","10":"instock","11":"taxable","12":"shipping-taxable","13":"purchasable","14":"product-type-simple"},"yoast_head":"<!-- This site is optimized with the Yoast SEO plugin v26.0 - https:\/\/yoast.com\/wordpress\/plugins\/seo\/ -->\n<title>Zyxel GS1920-8HPv2 Switch 8xGbE PoE 2xGb Combo - Aivlisoft Inform\u00e1tica<\/title>\n<meta name=\"robots\" content=\"index, follow, max-snippet:-1, max-image-preview:large, max-video-preview:-1\" \/>\n<link rel=\"canonical\" href=\"https:\/\/aivlisoft.net\/shop\/producto\/zyxel-gs1920-8hpv2-switch-8xgbe-poe-2xgb-combo\/\" \/>\n<meta property=\"og:locale\" content=\"es_ES\" \/>\n<meta property=\"og:type\" content=\"article\" \/>\n<meta property=\"og:title\" content=\"Zyxel GS1920-8HPv2 Switch 8xGbE PoE 2xGb Combo - Aivlisoft Inform\u00e1tica\" \/>\n<meta property=\"og:description\" content=\"&iexcl;Un switch administrado inteligente de nuevo aspecto con un dise&ntilde;o renovado por dentro y por fuera!La serie GS1920v2 ampl&iacute;a el &eacute;xito de la serie GS1920 m&aacute;s vendida con un nuevo aspecto elegante y permite la gesti&oacute;n de la nube con la tecnolog&iacute;a Zyxel NebulaFlexTM.&nbsp; Marca ZyXEL Modelo GS1920-8HPV2-EU0101F Puertos &#8211; Recuento total de puertos: 10&hellip;&nbsp;Zyxel GS1920-8HPv2 Switch 8xGbE PoE 2xGb Combo\" \/>\n<meta property=\"og:url\" content=\"https:\/\/aivlisoft.net\/shop\/producto\/zyxel-gs1920-8hpv2-switch-8xgbe-poe-2xgb-combo\/\" \/>\n<meta property=\"og:site_name\" content=\"Aivlisoft Inform\u00e1tica\" \/>\n<meta property=\"article:modified_time\" content=\"2025-01-14T11:50:57+00:00\" \/>\n<meta property=\"og:image\" content=\"https:\/\/aivlisoft.net\/shop\/wp-content\/uploads\/2025\/01\/NSWSAR0291_800.jpg\" \/>\n\t<meta property=\"og:image:width\" content=\"800\" \/>\n\t<meta property=\"og:image:height\" content=\"800\" \/>\n\t<meta property=\"og:image:type\" content=\"image\/jpeg\" \/>\n<meta name=\"twitter:card\" content=\"summary_large_image\" \/>\n<meta name=\"twitter:label1\" content=\"Tiempo de lectura\" \/>\n\t<meta name=\"twitter:data1\" content=\"2 minutos\" \/>\n<script type=\"application\/ld+json\" class=\"yoast-schema-graph\">{\"@context\":\"https:\/\/schema.org\",\"@graph\":[{\"@type\":\"WebPage\",\"@id\":\"https:\/\/aivlisoft.net\/shop\/producto\/zyxel-gs1920-8hpv2-switch-8xgbe-poe-2xgb-combo\/\",\"url\":\"https:\/\/aivlisoft.net\/shop\/producto\/zyxel-gs1920-8hpv2-switch-8xgbe-poe-2xgb-combo\/\",\"name\":\"Zyxel GS1920-8HPv2 Switch 8xGbE PoE 2xGb Combo - Aivlisoft Inform\u00e1tica\",\"isPartOf\":{\"@id\":\"https:\/\/aivlisoft.net\/shop\/#website\"},\"primaryImageOfPage\":{\"@id\":\"https:\/\/aivlisoft.net\/shop\/producto\/zyxel-gs1920-8hpv2-switch-8xgbe-poe-2xgb-combo\/#primaryimage\"},\"image\":{\"@id\":\"https:\/\/aivlisoft.net\/shop\/producto\/zyxel-gs1920-8hpv2-switch-8xgbe-poe-2xgb-combo\/#primaryimage\"},\"thumbnailUrl\":\"https:\/\/aivlisoft.net\/shop\/wp-content\/uploads\/2025\/01\/NSWSAR0291_800.jpg\",\"datePublished\":\"2025-01-13T15:43:14+00:00\",\"dateModified\":\"2025-01-14T11:50:57+00:00\",\"breadcrumb\":{\"@id\":\"https:\/\/aivlisoft.net\/shop\/producto\/zyxel-gs1920-8hpv2-switch-8xgbe-poe-2xgb-combo\/#breadcrumb\"},\"inLanguage\":\"es\",\"potentialAction\":[{\"@type\":\"ReadAction\",\"target\":[\"https:\/\/aivlisoft.net\/shop\/producto\/zyxel-gs1920-8hpv2-switch-8xgbe-poe-2xgb-combo\/\"]}]},{\"@type\":\"ImageObject\",\"inLanguage\":\"es\",\"@id\":\"https:\/\/aivlisoft.net\/shop\/producto\/zyxel-gs1920-8hpv2-switch-8xgbe-poe-2xgb-combo\/#primaryimage\",\"url\":\"https:\/\/aivlisoft.net\/shop\/wp-content\/uploads\/2025\/01\/NSWSAR0291_800.jpg\",\"contentUrl\":\"https:\/\/aivlisoft.net\/shop\/wp-content\/uploads\/2025\/01\/NSWSAR0291_800.jpg\",\"width\":800,\"height\":800},{\"@type\":\"BreadcrumbList\",\"@id\":\"https:\/\/aivlisoft.net\/shop\/producto\/zyxel-gs1920-8hpv2-switch-8xgbe-poe-2xgb-combo\/#breadcrumb\",\"itemListElement\":[{\"@type\":\"ListItem\",\"position\":1,\"name\":\"Portada\",\"item\":\"https:\/\/aivlisoft.net\/shop\/\"},{\"@type\":\"ListItem\",\"position\":2,\"name\":\"Tienda\",\"item\":\"https:\/\/aivlisoft.net\/shop\/tienda\/\"},{\"@type\":\"ListItem\",\"position\":3,\"name\":\"Zyxel GS1920-8HPv2 Switch 8xGbE PoE 2xGb Combo\"}]},{\"@type\":\"WebSite\",\"@id\":\"https:\/\/aivlisoft.net\/shop\/#website\",\"url\":\"https:\/\/aivlisoft.net\/shop\/\",\"name\":\"Aivlisoft Inform\u00e1tica\",\"description\":\"En Aivlisoft Inform\u00e1tica ofrecemos soluciones tecnol\u00f3gicas para empresas: venta de ordenadores, consumibles, perif\u00e9ricos y m\u00e1s. Calidad, atenci\u00f3n personalizada y los mejores precios para tu negocio.\",\"publisher\":{\"@id\":\"https:\/\/aivlisoft.net\/shop\/#organization\"},\"potentialAction\":[{\"@type\":\"SearchAction\",\"target\":{\"@type\":\"EntryPoint\",\"urlTemplate\":\"https:\/\/aivlisoft.net\/shop\/?s={search_term_string}\"},\"query-input\":{\"@type\":\"PropertyValueSpecification\",\"valueRequired\":true,\"valueName\":\"search_term_string\"}}],\"inLanguage\":\"es\"},{\"@type\":\"Organization\",\"@id\":\"https:\/\/aivlisoft.net\/shop\/#organization\",\"name\":\"Aivlisoft Inform\u00e1tica\",\"url\":\"https:\/\/aivlisoft.net\/shop\/\",\"logo\":{\"@type\":\"ImageObject\",\"inLanguage\":\"es\",\"@id\":\"https:\/\/aivlisoft.net\/shop\/#\/schema\/logo\/image\/\",\"url\":\"https:\/\/aivlisoft.net\/shop\/wp-content\/uploads\/2024\/12\/removal.ai_5b848c54-0cdf-4140-95c5-c5536bb7573b-logodef.png\",\"contentUrl\":\"https:\/\/aivlisoft.net\/shop\/wp-content\/uploads\/2024\/12\/removal.ai_5b848c54-0cdf-4140-95c5-c5536bb7573b-logodef.png\",\"width\":484,\"height\":182,\"caption\":\"Aivlisoft Inform\u00e1tica\"},\"image\":{\"@id\":\"https:\/\/aivlisoft.net\/shop\/#\/schema\/logo\/image\/\"}}]}<\/script>\n<!-- \/ Yoast SEO plugin. -->","yoast_head_json":{"title":"Zyxel GS1920-8HPv2 Switch 8xGbE PoE 2xGb Combo - Aivlisoft Inform\u00e1tica","robots":{"index":"index","follow":"follow","max-snippet":"max-snippet:-1","max-image-preview":"max-image-preview:large","max-video-preview":"max-video-preview:-1"},"canonical":"https:\/\/aivlisoft.net\/shop\/producto\/zyxel-gs1920-8hpv2-switch-8xgbe-poe-2xgb-combo\/","og_locale":"es_ES","og_type":"article","og_title":"Zyxel GS1920-8HPv2 Switch 8xGbE PoE 2xGb Combo - Aivlisoft Inform\u00e1tica","og_description":"&iexcl;Un switch administrado inteligente de nuevo aspecto con un dise&ntilde;o renovado por dentro y por fuera!La serie GS1920v2 ampl&iacute;a el &eacute;xito de la serie GS1920 m&aacute;s vendida con un nuevo aspecto elegante y permite la gesti&oacute;n de la nube con la tecnolog&iacute;a Zyxel NebulaFlexTM.&nbsp; Marca ZyXEL Modelo GS1920-8HPV2-EU0101F Puertos &#8211; Recuento total de puertos: 10&hellip;&nbsp;Zyxel GS1920-8HPv2 Switch 8xGbE PoE 2xGb Combo","og_url":"https:\/\/aivlisoft.net\/shop\/producto\/zyxel-gs1920-8hpv2-switch-8xgbe-poe-2xgb-combo\/","og_site_name":"Aivlisoft Inform\u00e1tica","article_modified_time":"2025-01-14T11:50:57+00:00","og_image":[{"width":800,"height":800,"url":"https:\/\/aivlisoft.net\/shop\/wp-content\/uploads\/2025\/01\/NSWSAR0291_800.jpg","type":"image\/jpeg"}],"twitter_card":"summary_large_image","twitter_misc":{"Tiempo de lectura":"2 minutos"},"schema":{"@context":"https:\/\/schema.org","@graph":[{"@type":"WebPage","@id":"https:\/\/aivlisoft.net\/shop\/producto\/zyxel-gs1920-8hpv2-switch-8xgbe-poe-2xgb-combo\/","url":"https:\/\/aivlisoft.net\/shop\/producto\/zyxel-gs1920-8hpv2-switch-8xgbe-poe-2xgb-combo\/","name":"Zyxel GS1920-8HPv2 Switch 8xGbE PoE 2xGb Combo - Aivlisoft Inform\u00e1tica","isPartOf":{"@id":"https:\/\/aivlisoft.net\/shop\/#website"},"primaryImageOfPage":{"@id":"https:\/\/aivlisoft.net\/shop\/producto\/zyxel-gs1920-8hpv2-switch-8xgbe-poe-2xgb-combo\/#primaryimage"},"image":{"@id":"https:\/\/aivlisoft.net\/shop\/producto\/zyxel-gs1920-8hpv2-switch-8xgbe-poe-2xgb-combo\/#primaryimage"},"thumbnailUrl":"https:\/\/aivlisoft.net\/shop\/wp-content\/uploads\/2025\/01\/NSWSAR0291_800.jpg","datePublished":"2025-01-13T15:43:14+00:00","dateModified":"2025-01-14T11:50:57+00:00","breadcrumb":{"@id":"https:\/\/aivlisoft.net\/shop\/producto\/zyxel-gs1920-8hpv2-switch-8xgbe-poe-2xgb-combo\/#breadcrumb"},"inLanguage":"es","potentialAction":[{"@type":"ReadAction","target":["https:\/\/aivlisoft.net\/shop\/producto\/zyxel-gs1920-8hpv2-switch-8xgbe-poe-2xgb-combo\/"]}]},{"@type":"ImageObject","inLanguage":"es","@id":"https:\/\/aivlisoft.net\/shop\/producto\/zyxel-gs1920-8hpv2-switch-8xgbe-poe-2xgb-combo\/#primaryimage","url":"https:\/\/aivlisoft.net\/shop\/wp-content\/uploads\/2025\/01\/NSWSAR0291_800.jpg","contentUrl":"https:\/\/aivlisoft.net\/shop\/wp-content\/uploads\/2025\/01\/NSWSAR0291_800.jpg","width":800,"height":800},{"@type":"BreadcrumbList","@id":"https:\/\/aivlisoft.net\/shop\/producto\/zyxel-gs1920-8hpv2-switch-8xgbe-poe-2xgb-combo\/#breadcrumb","itemListElement":[{"@type":"ListItem","position":1,"name":"Portada","item":"https:\/\/aivlisoft.net\/shop\/"},{"@type":"ListItem","position":2,"name":"Tienda","item":"https:\/\/aivlisoft.net\/shop\/tienda\/"},{"@type":"ListItem","position":3,"name":"Zyxel GS1920-8HPv2 Switch 8xGbE PoE 2xGb Combo"}]},{"@type":"WebSite","@id":"https:\/\/aivlisoft.net\/shop\/#website","url":"https:\/\/aivlisoft.net\/shop\/","name":"Aivlisoft Inform\u00e1tica","description":"En Aivlisoft Inform\u00e1tica ofrecemos soluciones tecnol\u00f3gicas para empresas: venta de ordenadores, consumibles, perif\u00e9ricos y m\u00e1s. Calidad, atenci\u00f3n personalizada y los mejores precios para tu negocio.","publisher":{"@id":"https:\/\/aivlisoft.net\/shop\/#organization"},"potentialAction":[{"@type":"SearchAction","target":{"@type":"EntryPoint","urlTemplate":"https:\/\/aivlisoft.net\/shop\/?s={search_term_string}"},"query-input":{"@type":"PropertyValueSpecification","valueRequired":true,"valueName":"search_term_string"}}],"inLanguage":"es"},{"@type":"Organization","@id":"https:\/\/aivlisoft.net\/shop\/#organization","name":"Aivlisoft Inform\u00e1tica","url":"https:\/\/aivlisoft.net\/shop\/","logo":{"@type":"ImageObject","inLanguage":"es","@id":"https:\/\/aivlisoft.net\/shop\/#\/schema\/logo\/image\/","url":"https:\/\/aivlisoft.net\/shop\/wp-content\/uploads\/2024\/12\/removal.ai_5b848c54-0cdf-4140-95c5-c5536bb7573b-logodef.png","contentUrl":"https:\/\/aivlisoft.net\/shop\/wp-content\/uploads\/2024\/12\/removal.ai_5b848c54-0cdf-4140-95c5-c5536bb7573b-logodef.png","width":484,"height":182,"caption":"Aivlisoft Inform\u00e1tica"},"image":{"@id":"https:\/\/aivlisoft.net\/shop\/#\/schema\/logo\/image\/"}}]}},"_links":{"self":[{"href":"https:\/\/aivlisoft.net\/shop\/wp-json\/wp\/v2\/product\/20481","targetHints":{"allow":["GET"]}}],"collection":[{"href":"https:\/\/aivlisoft.net\/shop\/wp-json\/wp\/v2\/product"}],"about":[{"href":"https:\/\/aivlisoft.net\/shop\/wp-json\/wp\/v2\/types\/product"}],"wp:featuredmedia":[{"embeddable":true,"href":"https:\/\/aivlisoft.net\/shop\/wp-json\/wp\/v2\/media\/20482"}],"wp:attachment":[{"href":"https:\/\/aivlisoft.net\/shop\/wp-json\/wp\/v2\/media?parent=20481"}],"wp:term":[{"taxonomy":"product_brand","embeddable":true,"href":"https:\/\/aivlisoft.net\/shop\/wp-json\/wp\/v2\/product_brand?post=20481"},{"taxonomy":"product_cat","embeddable":true,"href":"https:\/\/aivlisoft.net\/shop\/wp-json\/wp\/v2\/product_cat?post=20481"},{"taxonomy":"product_tag","embeddable":true,"href":"https:\/\/aivlisoft.net\/shop\/wp-json\/wp\/v2\/product_tag?post=20481"}],"curies":[{"name":"wp","href":"https:\/\/api.w.org\/{rel}","templated":true}]}}