{"id":20477,"date":"2025-01-13T15:43:12","date_gmt":"2025-01-13T15:43:12","guid":{"rendered":"https:\/\/aivlisoft.com\/?post_type=product&#038;p=20477"},"modified":"2025-01-14T11:50:56","modified_gmt":"2025-01-14T11:50:56","slug":"edimax-pro-gs-5654lx-switch-48xgb-6x10gbe-sfp","status":"publish","type":"product","link":"https:\/\/aivlisoft.net\/shop\/producto\/edimax-pro-gs-5654lx-switch-48xgb-6x10gbe-sfp\/","title":{"rendered":"Edimax PRO GS-5654LX Switch 48xGb 6x10GbE SFP+"},"content":{"rendered":"<p>&#8211; 48 puertos Gigabit Ethernet y 6 puertos de enlace ascendente SFP + 10Gigabit<br \/>&#8211; Ahorro de energ&iacute;a y reducci&oacute;n de ruido por controlador t&eacute;rmico inteligente para controlar las velocidades de cada ventilador o encender \/ apagar<br \/>&#8211; Protecci&oacute;n contra sobretensiones 6KV para evitar da&ntilde;os en el interruptor y los dispositivos conectados<br \/>&#8211; Imagen de firmware dual para mecanismos robustos de conmutaci&oacute;n por error.<br \/>&#8211; Ancho de banda del backplane de 216 Gbps<br \/>&#8211; 160,7 Mpps (tama&ntilde;o de paquete de 64 bytes) Tasa de reenv&iacute;o<br \/>&#8211; Tabla de direcciones MAC de 32K y trama Jumbo de 12KB<br \/>&#8211; Admite SNMP v3, Lista de control de acceso (ACL), QoS, VLAN 802.1Q, IPv4 \/ IPv6, Port Trunking, Port Mirroring, IGMP v1 \/ v2 \/ v3 Snooping, etc.<br \/>&nbsp;<\/p>\n<table width=\"100%\">\n<tr>\n<td><strong>Marca<\/strong><\/td>\n<td>Edimax Pro<\/td>\n<\/tr>\n<tr>\n<td><strong>Modelo<\/strong><\/td>\n<td><strong>GS-5654LX<\/strong><\/td>\n<\/tr>\n<tr>\n<td><strong>Caracteristicas<\/strong><\/td>\n<td><strong>Hardware<\/strong><br \/>\t\t\t&#8211; Botones: Bot&oacute;n de reinicio<br \/>\t\t\t&#8211; Entrada de alimentaci&oacute;n: 100-240 V CA, 50-60 Hz, fuente de alimentaci&oacute;n interna &nbsp;<br \/>\t\t\t&#8211; Montaje: Escritorio \/ montaje en bastidor (kit de montaje en bastidor incluido)<br \/>\t\t\t&#8211; Alojamiento: Metal<br \/>\t\t\t&#8211; Ventilador: 3 x ventilador con controlador t&eacute;rmico inteligente&nbsp;<br \/>\t\t\t&#8211; Dimensiones (L x An x Al): 441 (ancho) x 270 (fondo) x 45 (alto) mm<br \/>\t\t\t&#8211; Peso: 4,05 kg<br \/>\t\t\t<strong>Puertos<\/strong><br \/>\t\t\t&#8211; 48 puertos RJ45 10\/100 \/ 1000Base-T Gigabit<br \/>\t\t\t&#8211; 6 puertos SFP + 10GBase-X 10 puertos de enlace ascendente Gigabit<br \/>\t\t\t&#8211; 1 puerto de consola RJ45<br \/>\t\t\t<strong>Indicadores LED<\/strong><br \/>\t\t\t&#8211; Por puerto: enlace \/ acto<br \/>\t\t\t&#8211; por unidad: SYS (sistema), PWR (alimentaci&oacute;n)&nbsp;<br \/>\t\t\t<b>Rendimiento<br \/>\t\t\t&nbsp;Direcci&oacute;n MAC: 32K<br \/>\t\t\t&#8211;<\/b> Tramas gigantes: 12K bytes<br \/>\t\t\t<strong>Tasas de filtrado \/ reenv&iacute;o&nbsp;&nbsp; &nbsp;<\/strong><br \/>\t\t\t&#8211; Max. 160.7Mpps (64 bytes tama&ntilde;o del paquete)<br \/>\t\t\t&#8211; puerto 10000Mbps &#8211; 14,880,000pps&nbsp;<br \/>\t\t\t&#8211; puerto 1000 Mbps &#8211; 1,488,000pps&nbsp;<br \/>\t\t\t&#8211; puerto 100Mbps &#8211; 148,800pps&nbsp;<br \/>\t\t\t&#8211; puerto 10Mbps &#8211; 14,880pps&nbsp;<br \/>\t\t\t<strong>Calidad de servicio (QoS)&nbsp;&nbsp; &nbsp;<\/strong><br \/>\t\t\t&#8211; Limitaci&oacute;n de velocidad en paquetes enviados y recibidos por una interfaz<br \/>\t\t\t&#8211; Ocho colas en cada puerto<br \/>\t\t\t&#8211; Algoritmos de programaci&oacute;n de colas WRR, SP, WRR + SP<br \/>\t\t\t&#8211; Remarcado de la prioridad 802.1py la prioridad DSCP Limitaci&oacute;n de<br \/>\t\t\t&#8211; Velocidad en cada cola y configuraci&oacute;n del tr&aacute;fico en los puertos<br \/>\t\t\t<strong>Clase de servicio (CoS)&nbsp;&nbsp; &nbsp;<\/strong><br \/>\t\t\t&#8211; Clase de servicio IEEE 802.1p (SPQ, WRR)<br \/>\t\t\t&#8211; CoS basado en puerto<br \/>\t\t\t&#8211; IP TOS precedencia<br \/>\t\t\t&#8211; VLAN 802.1p CoS basado en informaci&oacute;n CoS<br \/>\t\t\t&#8211; Basado en DSCP CoS basado en<br \/>\t\t\t&#8211; TCP \/ UDP<br \/>\t\t\t<strong>&Aacute;rbol de expansi&oacute;n&nbsp;&nbsp; &nbsp;<\/strong><br \/>\t\t\t&#8211; Protocolo de &aacute;rbol de expansi&oacute;n IEEE 802.1d (STP)<br \/>\t\t\t&#8211; Protocolo de &aacute;rbol de expansi&oacute;n m&uacute;ltiple IEEE 802.1s (MSTP)&nbsp;<br \/>\t\t\t&#8211; Protocolo de &aacute;rbol de expansi&oacute;n r&aacute;pido IEEE 802.1w (RSTP)<br \/>\t\t\t<strong>VLAN&nbsp;&nbsp; &nbsp;<\/strong><br \/>\t\t\t&#8211; Hasta 256 VLAN y 4096 ID de VLAN<br \/>\t\t\t&#8211; VLAN basada en etiquetas 802.1Q VLAN basada en<br \/>\t\t\t&#8211; Puerto VLAN de<br \/>\t\t\t&#8211; Vigilancia VLAN de<br \/>\t\t\t&#8211; Voz VLAN<br \/>\t\t\t&#8211; MAC VLAN<br \/>\t\t\t&#8211; GVRP<br \/>\t\t\t<strong>IPV6&nbsp;&nbsp; &nbsp;<\/strong><br \/>\t\t\t&#8211; IPv6 sobre Ethernet (RFC 2464)<br \/>\t\t\t&#8211; Doble pila (RFC 4213)<br \/>\t\t\t&#8211; ICMPv6 (RFC 4884)<br \/>\t\t\t&#8211; Descubrimiento de vecinos (RFC 4861)<br \/>\t\t\t&#8211; Configuraci&oacute;n autom&aacute;tica<br \/>\t\t\t&#8211; Direcci&oacute;n IPv6 est&aacute;tica y longitud de prefijo<br \/>\t\t\t&#8211; Puerta de enlace predeterminada IPv6 est&aacute;tica<br \/>\t\t\t<strong>&#8211; Detecci&oacute;n de direcci&oacute;n duplicada IPv6<\/strong><br \/>\t\t\tAdministraci&oacute;n&nbsp;&nbsp; &nbsp;<br \/>\t\t\t&#8211; Interfaz de usuario: Gesti&oacute;n basada en web<br \/>\t\t\t&#8211; Cuenta de usuario: Configuraci&oacute;n de la cuenta de inicio de sesi&oacute;n<br \/>\t\t\t&#8211; Actualizaci&oacute;n de firmware: Actualizaci&oacute;n de firmware mediante WEB<br \/>\t\t\t&#8211; Syslog: Registro de eventos de soporte, registro de alarmas y registro de seguridad<br \/>\t\t\t&#8211; Imagen de firmware dual para mecanismos robustos de conmutaci&oacute;n por error.<br \/>\t\t\t<strong>Inspecci&oacute;n IGMP&nbsp;&nbsp; &nbsp;<\/strong><br \/>\t\t\t&#8211; IGMP v1 \/ v2 \/ v3 snooping<br \/>\t\t\t&#8211; Bloquear tr&aacute;fico de multidifusi&oacute;n desconocido<\/td>\n<\/tr>\n<tr>\n<td><strong>Fecha Revisi&oacute;n<\/strong><\/td>\n<td>09-08-2021 por YMC<\/td>\n<\/tr>\n<\/table>\n","protected":false},"excerpt":{"rendered":"<p>&#8211; 48 puertos Gigabit Ethernet y 6 puertos de enlace ascendente SFP + 10Gigabit&#8211; Ahorro de energ&iacute;a y reducci&oacute;n de ruido por controlador t&eacute;rmico inteligente para controlar las velocidades de cada ventilador o encender \/ apagar&#8211; Protecci&oacute;n contra sobretensiones 6KV para evitar da&ntilde;os en el interruptor y los dispositivos conectados&#8211; Imagen de firmware dual para&hellip;&nbsp;<a href=\"https:\/\/aivlisoft.net\/shop\/producto\/edimax-pro-gs-5654lx-switch-48xgb-6x10gbe-sfp\/\" rel=\"bookmark\"><span class=\"screen-reader-text\">Edimax PRO GS-5654LX Switch 48xGb 6x10GbE SFP+<\/span><\/a><\/p>\n","protected":false},"featured_media":20478,"template":"","meta":{"neve_meta_sidebar":"","neve_meta_container":"","neve_meta_enable_content_width":"","neve_meta_content_width":0,"neve_meta_title_alignment":"","neve_meta_author_avatar":"","neve_post_elements_order":"","neve_meta_disable_header":"","neve_meta_disable_footer":"","neve_meta_disable_title":""},"product_brand":[],"product_cat":[8771],"product_tag":[7306],"class_list":{"0":"post-20477","1":"product","2":"type-product","3":"status-publish","4":"has-post-thumbnail","6":"product_cat-switches-armario","7":"product_tag-gs-5654lx","9":"first","10":"instock","11":"taxable","12":"shipping-taxable","13":"purchasable","14":"product-type-simple"},"yoast_head":"<!-- This site is optimized with the Yoast SEO plugin v26.0 - https:\/\/yoast.com\/wordpress\/plugins\/seo\/ -->\n<title>Edimax PRO GS-5654LX Switch 48xGb 6x10GbE SFP+ - Aivlisoft Inform\u00e1tica<\/title>\n<meta name=\"robots\" content=\"index, follow, max-snippet:-1, max-image-preview:large, max-video-preview:-1\" \/>\n<link rel=\"canonical\" href=\"https:\/\/aivlisoft.net\/shop\/producto\/edimax-pro-gs-5654lx-switch-48xgb-6x10gbe-sfp\/\" \/>\n<meta property=\"og:locale\" content=\"es_ES\" \/>\n<meta property=\"og:type\" content=\"article\" \/>\n<meta property=\"og:title\" content=\"Edimax PRO GS-5654LX Switch 48xGb 6x10GbE SFP+ - Aivlisoft Inform\u00e1tica\" \/>\n<meta property=\"og:description\" content=\"&#8211; 48 puertos Gigabit Ethernet y 6 puertos de enlace ascendente SFP + 10Gigabit&#8211; Ahorro de energ&iacute;a y reducci&oacute;n de ruido por controlador t&eacute;rmico inteligente para controlar las velocidades de cada ventilador o encender \/ apagar&#8211; Protecci&oacute;n contra sobretensiones 6KV para evitar da&ntilde;os en el interruptor y los dispositivos conectados&#8211; Imagen de firmware dual para&hellip;&nbsp;Edimax PRO GS-5654LX Switch 48xGb 6x10GbE SFP+\" \/>\n<meta property=\"og:url\" content=\"https:\/\/aivlisoft.net\/shop\/producto\/edimax-pro-gs-5654lx-switch-48xgb-6x10gbe-sfp\/\" \/>\n<meta property=\"og:site_name\" content=\"Aivlisoft Inform\u00e1tica\" \/>\n<meta property=\"article:modified_time\" content=\"2025-01-14T11:50:56+00:00\" \/>\n<meta property=\"og:image\" content=\"https:\/\/aivlisoft.net\/shop\/wp-content\/uploads\/2025\/01\/NSWSAR0290_800.jpg\" \/>\n\t<meta property=\"og:image:width\" content=\"800\" \/>\n\t<meta property=\"og:image:height\" content=\"800\" \/>\n\t<meta property=\"og:image:type\" content=\"image\/jpeg\" \/>\n<meta name=\"twitter:card\" content=\"summary_large_image\" \/>\n<meta name=\"twitter:label1\" content=\"Tiempo de lectura\" \/>\n\t<meta name=\"twitter:data1\" content=\"3 minutos\" \/>\n<script type=\"application\/ld+json\" class=\"yoast-schema-graph\">{\"@context\":\"https:\/\/schema.org\",\"@graph\":[{\"@type\":\"WebPage\",\"@id\":\"https:\/\/aivlisoft.net\/shop\/producto\/edimax-pro-gs-5654lx-switch-48xgb-6x10gbe-sfp\/\",\"url\":\"https:\/\/aivlisoft.net\/shop\/producto\/edimax-pro-gs-5654lx-switch-48xgb-6x10gbe-sfp\/\",\"name\":\"Edimax PRO GS-5654LX Switch 48xGb 6x10GbE SFP+ - Aivlisoft Inform\u00e1tica\",\"isPartOf\":{\"@id\":\"https:\/\/aivlisoft.net\/shop\/#website\"},\"primaryImageOfPage\":{\"@id\":\"https:\/\/aivlisoft.net\/shop\/producto\/edimax-pro-gs-5654lx-switch-48xgb-6x10gbe-sfp\/#primaryimage\"},\"image\":{\"@id\":\"https:\/\/aivlisoft.net\/shop\/producto\/edimax-pro-gs-5654lx-switch-48xgb-6x10gbe-sfp\/#primaryimage\"},\"thumbnailUrl\":\"https:\/\/aivlisoft.net\/shop\/wp-content\/uploads\/2025\/01\/NSWSAR0290_800.jpg\",\"datePublished\":\"2025-01-13T15:43:12+00:00\",\"dateModified\":\"2025-01-14T11:50:56+00:00\",\"breadcrumb\":{\"@id\":\"https:\/\/aivlisoft.net\/shop\/producto\/edimax-pro-gs-5654lx-switch-48xgb-6x10gbe-sfp\/#breadcrumb\"},\"inLanguage\":\"es\",\"potentialAction\":[{\"@type\":\"ReadAction\",\"target\":[\"https:\/\/aivlisoft.net\/shop\/producto\/edimax-pro-gs-5654lx-switch-48xgb-6x10gbe-sfp\/\"]}]},{\"@type\":\"ImageObject\",\"inLanguage\":\"es\",\"@id\":\"https:\/\/aivlisoft.net\/shop\/producto\/edimax-pro-gs-5654lx-switch-48xgb-6x10gbe-sfp\/#primaryimage\",\"url\":\"https:\/\/aivlisoft.net\/shop\/wp-content\/uploads\/2025\/01\/NSWSAR0290_800.jpg\",\"contentUrl\":\"https:\/\/aivlisoft.net\/shop\/wp-content\/uploads\/2025\/01\/NSWSAR0290_800.jpg\",\"width\":800,\"height\":800},{\"@type\":\"BreadcrumbList\",\"@id\":\"https:\/\/aivlisoft.net\/shop\/producto\/edimax-pro-gs-5654lx-switch-48xgb-6x10gbe-sfp\/#breadcrumb\",\"itemListElement\":[{\"@type\":\"ListItem\",\"position\":1,\"name\":\"Portada\",\"item\":\"https:\/\/aivlisoft.net\/shop\/\"},{\"@type\":\"ListItem\",\"position\":2,\"name\":\"Tienda\",\"item\":\"https:\/\/aivlisoft.net\/shop\/tienda\/\"},{\"@type\":\"ListItem\",\"position\":3,\"name\":\"Edimax PRO GS-5654LX Switch 48xGb 6x10GbE SFP+\"}]},{\"@type\":\"WebSite\",\"@id\":\"https:\/\/aivlisoft.net\/shop\/#website\",\"url\":\"https:\/\/aivlisoft.net\/shop\/\",\"name\":\"Aivlisoft Inform\u00e1tica\",\"description\":\"En Aivlisoft Inform\u00e1tica ofrecemos soluciones tecnol\u00f3gicas para empresas: venta de ordenadores, consumibles, perif\u00e9ricos y m\u00e1s. Calidad, atenci\u00f3n personalizada y los mejores precios para tu negocio.\",\"publisher\":{\"@id\":\"https:\/\/aivlisoft.net\/shop\/#organization\"},\"potentialAction\":[{\"@type\":\"SearchAction\",\"target\":{\"@type\":\"EntryPoint\",\"urlTemplate\":\"https:\/\/aivlisoft.net\/shop\/?s={search_term_string}\"},\"query-input\":{\"@type\":\"PropertyValueSpecification\",\"valueRequired\":true,\"valueName\":\"search_term_string\"}}],\"inLanguage\":\"es\"},{\"@type\":\"Organization\",\"@id\":\"https:\/\/aivlisoft.net\/shop\/#organization\",\"name\":\"Aivlisoft Inform\u00e1tica\",\"url\":\"https:\/\/aivlisoft.net\/shop\/\",\"logo\":{\"@type\":\"ImageObject\",\"inLanguage\":\"es\",\"@id\":\"https:\/\/aivlisoft.net\/shop\/#\/schema\/logo\/image\/\",\"url\":\"https:\/\/aivlisoft.net\/shop\/wp-content\/uploads\/2024\/12\/removal.ai_5b848c54-0cdf-4140-95c5-c5536bb7573b-logodef.png\",\"contentUrl\":\"https:\/\/aivlisoft.net\/shop\/wp-content\/uploads\/2024\/12\/removal.ai_5b848c54-0cdf-4140-95c5-c5536bb7573b-logodef.png\",\"width\":484,\"height\":182,\"caption\":\"Aivlisoft Inform\u00e1tica\"},\"image\":{\"@id\":\"https:\/\/aivlisoft.net\/shop\/#\/schema\/logo\/image\/\"}}]}<\/script>\n<!-- \/ Yoast SEO plugin. -->","yoast_head_json":{"title":"Edimax PRO GS-5654LX Switch 48xGb 6x10GbE SFP+ - Aivlisoft Inform\u00e1tica","robots":{"index":"index","follow":"follow","max-snippet":"max-snippet:-1","max-image-preview":"max-image-preview:large","max-video-preview":"max-video-preview:-1"},"canonical":"https:\/\/aivlisoft.net\/shop\/producto\/edimax-pro-gs-5654lx-switch-48xgb-6x10gbe-sfp\/","og_locale":"es_ES","og_type":"article","og_title":"Edimax PRO GS-5654LX Switch 48xGb 6x10GbE SFP+ - Aivlisoft Inform\u00e1tica","og_description":"&#8211; 48 puertos Gigabit Ethernet y 6 puertos de enlace ascendente SFP + 10Gigabit&#8211; Ahorro de energ&iacute;a y reducci&oacute;n de ruido por controlador t&eacute;rmico inteligente para controlar las velocidades de cada ventilador o encender \/ apagar&#8211; Protecci&oacute;n contra sobretensiones 6KV para evitar da&ntilde;os en el interruptor y los dispositivos conectados&#8211; Imagen de firmware dual para&hellip;&nbsp;Edimax PRO GS-5654LX Switch 48xGb 6x10GbE SFP+","og_url":"https:\/\/aivlisoft.net\/shop\/producto\/edimax-pro-gs-5654lx-switch-48xgb-6x10gbe-sfp\/","og_site_name":"Aivlisoft Inform\u00e1tica","article_modified_time":"2025-01-14T11:50:56+00:00","og_image":[{"width":800,"height":800,"url":"https:\/\/aivlisoft.net\/shop\/wp-content\/uploads\/2025\/01\/NSWSAR0290_800.jpg","type":"image\/jpeg"}],"twitter_card":"summary_large_image","twitter_misc":{"Tiempo de lectura":"3 minutos"},"schema":{"@context":"https:\/\/schema.org","@graph":[{"@type":"WebPage","@id":"https:\/\/aivlisoft.net\/shop\/producto\/edimax-pro-gs-5654lx-switch-48xgb-6x10gbe-sfp\/","url":"https:\/\/aivlisoft.net\/shop\/producto\/edimax-pro-gs-5654lx-switch-48xgb-6x10gbe-sfp\/","name":"Edimax PRO GS-5654LX Switch 48xGb 6x10GbE SFP+ - Aivlisoft Inform\u00e1tica","isPartOf":{"@id":"https:\/\/aivlisoft.net\/shop\/#website"},"primaryImageOfPage":{"@id":"https:\/\/aivlisoft.net\/shop\/producto\/edimax-pro-gs-5654lx-switch-48xgb-6x10gbe-sfp\/#primaryimage"},"image":{"@id":"https:\/\/aivlisoft.net\/shop\/producto\/edimax-pro-gs-5654lx-switch-48xgb-6x10gbe-sfp\/#primaryimage"},"thumbnailUrl":"https:\/\/aivlisoft.net\/shop\/wp-content\/uploads\/2025\/01\/NSWSAR0290_800.jpg","datePublished":"2025-01-13T15:43:12+00:00","dateModified":"2025-01-14T11:50:56+00:00","breadcrumb":{"@id":"https:\/\/aivlisoft.net\/shop\/producto\/edimax-pro-gs-5654lx-switch-48xgb-6x10gbe-sfp\/#breadcrumb"},"inLanguage":"es","potentialAction":[{"@type":"ReadAction","target":["https:\/\/aivlisoft.net\/shop\/producto\/edimax-pro-gs-5654lx-switch-48xgb-6x10gbe-sfp\/"]}]},{"@type":"ImageObject","inLanguage":"es","@id":"https:\/\/aivlisoft.net\/shop\/producto\/edimax-pro-gs-5654lx-switch-48xgb-6x10gbe-sfp\/#primaryimage","url":"https:\/\/aivlisoft.net\/shop\/wp-content\/uploads\/2025\/01\/NSWSAR0290_800.jpg","contentUrl":"https:\/\/aivlisoft.net\/shop\/wp-content\/uploads\/2025\/01\/NSWSAR0290_800.jpg","width":800,"height":800},{"@type":"BreadcrumbList","@id":"https:\/\/aivlisoft.net\/shop\/producto\/edimax-pro-gs-5654lx-switch-48xgb-6x10gbe-sfp\/#breadcrumb","itemListElement":[{"@type":"ListItem","position":1,"name":"Portada","item":"https:\/\/aivlisoft.net\/shop\/"},{"@type":"ListItem","position":2,"name":"Tienda","item":"https:\/\/aivlisoft.net\/shop\/tienda\/"},{"@type":"ListItem","position":3,"name":"Edimax PRO GS-5654LX Switch 48xGb 6x10GbE SFP+"}]},{"@type":"WebSite","@id":"https:\/\/aivlisoft.net\/shop\/#website","url":"https:\/\/aivlisoft.net\/shop\/","name":"Aivlisoft Inform\u00e1tica","description":"En Aivlisoft Inform\u00e1tica ofrecemos soluciones tecnol\u00f3gicas para empresas: venta de ordenadores, consumibles, perif\u00e9ricos y m\u00e1s. Calidad, atenci\u00f3n personalizada y los mejores precios para tu negocio.","publisher":{"@id":"https:\/\/aivlisoft.net\/shop\/#organization"},"potentialAction":[{"@type":"SearchAction","target":{"@type":"EntryPoint","urlTemplate":"https:\/\/aivlisoft.net\/shop\/?s={search_term_string}"},"query-input":{"@type":"PropertyValueSpecification","valueRequired":true,"valueName":"search_term_string"}}],"inLanguage":"es"},{"@type":"Organization","@id":"https:\/\/aivlisoft.net\/shop\/#organization","name":"Aivlisoft Inform\u00e1tica","url":"https:\/\/aivlisoft.net\/shop\/","logo":{"@type":"ImageObject","inLanguage":"es","@id":"https:\/\/aivlisoft.net\/shop\/#\/schema\/logo\/image\/","url":"https:\/\/aivlisoft.net\/shop\/wp-content\/uploads\/2024\/12\/removal.ai_5b848c54-0cdf-4140-95c5-c5536bb7573b-logodef.png","contentUrl":"https:\/\/aivlisoft.net\/shop\/wp-content\/uploads\/2024\/12\/removal.ai_5b848c54-0cdf-4140-95c5-c5536bb7573b-logodef.png","width":484,"height":182,"caption":"Aivlisoft Inform\u00e1tica"},"image":{"@id":"https:\/\/aivlisoft.net\/shop\/#\/schema\/logo\/image\/"}}]}},"_links":{"self":[{"href":"https:\/\/aivlisoft.net\/shop\/wp-json\/wp\/v2\/product\/20477","targetHints":{"allow":["GET"]}}],"collection":[{"href":"https:\/\/aivlisoft.net\/shop\/wp-json\/wp\/v2\/product"}],"about":[{"href":"https:\/\/aivlisoft.net\/shop\/wp-json\/wp\/v2\/types\/product"}],"wp:featuredmedia":[{"embeddable":true,"href":"https:\/\/aivlisoft.net\/shop\/wp-json\/wp\/v2\/media\/20478"}],"wp:attachment":[{"href":"https:\/\/aivlisoft.net\/shop\/wp-json\/wp\/v2\/media?parent=20477"}],"wp:term":[{"taxonomy":"product_brand","embeddable":true,"href":"https:\/\/aivlisoft.net\/shop\/wp-json\/wp\/v2\/product_brand?post=20477"},{"taxonomy":"product_cat","embeddable":true,"href":"https:\/\/aivlisoft.net\/shop\/wp-json\/wp\/v2\/product_cat?post=20477"},{"taxonomy":"product_tag","embeddable":true,"href":"https:\/\/aivlisoft.net\/shop\/wp-json\/wp\/v2\/product_tag?post=20477"}],"curies":[{"name":"wp","href":"https:\/\/api.w.org\/{rel}","templated":true}]}}