{"id":20473,"date":"2025-01-13T15:43:10","date_gmt":"2025-01-13T15:43:10","guid":{"rendered":"https:\/\/aivlisoft.com\/?post_type=product&#038;p=20473"},"modified":"2025-01-14T11:50:55","modified_gmt":"2025-01-14T11:50:55","slug":"edimax-gs-5210pl-switch-10xgb-poe-2xsfp-surve","status":"publish","type":"product","link":"https:\/\/aivlisoft.net\/shop\/producto\/edimax-gs-5210pl-switch-10xgb-poe-2xsfp-surve\/","title":{"rendered":"Edimax GS-5210PL Switch 10xGb PoE+ 2xSFP Surve"},"content":{"rendered":"<p>&#8211; Admite el est&aacute;ndar ONVIF, que es compatible con dispositivos de perfiles G \/ S \/ A \/ C \/ T \/ M que cumplen con ONVIF para proporcionar configuraciones del sistema, descubrimiento de dispositivos y autenticaci&oacute;n de usuario r&aacute;pidos y f&aacute;ciles.<br \/>&#8211; PoE garantizado de larga distancia a 200 metros.<br \/>&#8211; Verificaci&oacute;n en vivo de dispositivos alimentados por PoE (PD) para mejorar la confiabilidad de la red. Si un PD no responde, el GS-5210PL reiniciar&aacute; el PD.<br \/>&#8211; Cumple con IEEE 802.3af \/ at PoE, hasta 30 W por puerto (presupuesto total de energ&iacute;a: 110 W) para alimentar dispositivos habilitados para PoE.<br \/>&#8211; Imagen de firmware dual para mecanismos robustos de conmutaci&oacute;n por error. Puede activar el firmware de respaldo de inmediato mientras el actual enfrenta problemas.<br \/>&#8211; VLAN de vigilancia IP y VLAN de voz para mejorar la calidad de video y voz.<br \/>&#8211; Pantalla LED de 4 d&iacute;gitos que muestra la potencia PoE total, la potencia disponible y el consumo de energ&iacute;a.<br \/>&#8211; Detecci&oacute;n autom&aacute;tica de dispositivos alimentados (PD) y niveles de consumo de energ&iacute;a.<br \/>&#8211; Protecci&oacute;n de retroalimentaci&oacute;n de energ&iacute;a para evitar da&ntilde;ar los puertos PoE.<br \/>&#8211; Indagaci&oacute;n de DHCP para proteger la integridad del servidor DHCP leg&iacute;timo y sus operaciones.<br \/>&#8211; Admite SNMP v3, Lista de control de acceso (ACL), QoS, CoS, STP, VLAN 802.1Q, IPv4 \/ IPv6, Port Trunking, IGMP v1 \/ v2 \/ v3 Snooping y Port Mirroring.<br \/>&nbsp;<\/p>\n<table width=\"100%\">\n<tr>\n<td><strong>Marca<\/strong><\/td>\n<td>Edimax Pro<\/td>\n<\/tr>\n<tr>\n<td><strong>Modelo<\/strong><\/td>\n<td><strong>GS-5210PL<\/strong><\/td>\n<\/tr>\n<tr>\n<td><strong>Caracteristicas<\/strong><\/td>\n<td><strong>Hardware<\/strong><br \/>\t\t\t&#8211; M&eacute;todo de transmisi&oacute;n: Almacenamiento y reenvio<br \/>\t\t\t&#8211; Botones: Bot&oacute;n de reinicio<br \/>\t\t\t&#8211; Indicadores LED: Por puerto: Enlace \/ Act, PoE: Act \/ Estado, Por unidad: Energ&iacute;a&nbsp;<br \/>\t\t\t&#8211; Entrada de alimentaci&oacute;n: 100-240 V CA, 50-60 Hz, fuente de alimentaci&oacute;n interna&nbsp;<br \/>\t\t\t&#8211; Presupuesto total de energ&iacute;a: 110W<br \/>\t\t\t&#8211; Dimensiones (L x An x Al): 330 &times; 230 &times; 44 mil&iacute;metro<br \/>\t\t\t&#8211; Peso: 2,3 kg<br \/>\t\t\t<strong>Puertos<\/strong><br \/>\t\t\t&#8211; 10 puertos Gigabit RJ45 10\/100 \/ 1000Base-T<br \/>\t\t\t&#8211; 2 enlaces ascendentes SFP<br \/>\t\t\t<strong>Rendimiento<\/strong><br \/>\t\t\t&#8211; Capacidad de conmutaci&oacute;n&nbsp;&nbsp; &nbsp;24 Gbps<br \/>\t\t\t&#8211; Tasa de reenv&iacute;o&nbsp;&nbsp; &nbsp;17,8 Mpps (tama&ntilde;o de paquete de 64 bytes)<br \/>\t\t\t&#8211; Direcci&oacute;n MAC&nbsp;&nbsp; &nbsp;8K<br \/>\t\t\t&#8211; Tramas gigantes&nbsp;&nbsp; &nbsp;9K bytes<br \/>\t\t\t<strong>Tasas de filtrado \/ reenv&iacute;o&nbsp;&nbsp; &nbsp;<\/strong><br \/>\t\t\t&#8211; Puerto de 1000<br \/>\t\t\t&#8211; Mbps &#8211; 1,488,000pps<br \/>\t\t\t&#8211; Puerto de 100 Mbps &#8211; 148,800pps Puerto de 10 Mbps &#8211; 14,880pps<br \/>\t\t\t<strong>Alimentaci&oacute;n a trav&eacute;s de ethernet<\/strong><br \/>\t\t\t&#8211; Est&aacute;ndar: IEEE 802.3af (PoE), IEEE 802.3at (PoE +)<br \/>\t\t\t&#8211; Salida de potencia: Hasta 30 W por puerto<br \/>\t\t\t&#8211; Asignaci&oacute;n de pines: 1\/2 (+), 3\/6 (-) End-Span (modo A)<br \/>\t\t\t&#8211; Administraci&oacute;n: Estado de PoE, encendido \/ apagado de PoE, verificaci&oacute;n activa de PoE PD, configuraci&oacute;n de prioridad por puerto<br \/>\t\t\t&#8211; PoE de largo alcance: PoE garantizado de largo alcance hasta 200 metros a 10 Mbps<br \/>\t\t\t&#8211; Protecci&oacute;n de retroalimentaci&oacute;n de energ&iacute;a: Incorporado<br \/>\t\t\t<strong>Caracter&iacute;sticas inteligentes<\/strong><br \/>\t\t\t&#8211; Troncalizaci&oacute;n de puertos&nbsp;&nbsp; &nbsp;Troncal est&aacute;tica IEEE 802.3ad LACP hasta 8 grupos de troncales<br \/>\t\t\t&#8211; Inspecci&oacute;n IGMP&nbsp;&nbsp; &nbsp;Inspecci&oacute;n IGMP v1 \/ v2 \/ v3<br \/>\t\t\t&#8211; Duplicaci&oacute;n de puertos&nbsp;&nbsp; &nbsp;Duplicaci&oacute;n de puertos tanto en el tr&aacute;fico de entrada como de salida<br \/>\t\t\t<strong>Calidad de servicio (QoS)&nbsp;&nbsp; &nbsp;<\/strong><br \/>\t\t\t&#8211; Limitaci&oacute;n de velocidad en paquetes enviados y recibidos por una interfaz<br \/>\t\t\t&#8211; Ocho colas en cada puerto<br \/>\t\t\t&#8211; Algoritmos de programaci&oacute;n de colas WRR, SP, WRR + SP<br \/>\t\t\t&#8211; Remarcado de la prioridad 802.1py la prioridad DSCP Limitaci&oacute;n de<br \/>\t\t\t&#8211; Velocidad en cada cola y configuraci&oacute;n del tr&aacute;fico en los puertos<br \/>\t\t\t<strong>Clase de servicio (CoS)&nbsp;&nbsp; &nbsp;<\/strong><br \/>\t\t\t&#8211; Clase de servicio IEEE 802.1p (SPQ, WRR)<br \/>\t\t\t&#8211; CoS basado en puerto<br \/>\t\t\t&#8211; IP TOS precedencia<br \/>\t\t\t&#8211; VLAN 802.1p CoS basado en informaci&oacute;n CoS<br \/>\t\t\t&#8211; Basado en DSCP CoS basado en<br \/>\t\t\t&#8211; TCP \/ UDP<br \/>\t\t\t<strong>&Aacute;rbol de expansi&oacute;n&nbsp;&nbsp; &nbsp;<\/strong><br \/>\t\t\t&#8211; Protocolo de &aacute;rbol de expansi&oacute;n IEEE 802.1d (STP)<br \/>\t\t\t&#8211; Protocolo de &aacute;rbol de expansi&oacute;n r&aacute;pido IEEE 802.1w (RSTP)<br \/>\t\t\t<strong>VLAN&nbsp;&nbsp; &nbsp;<\/strong><br \/>\t\t\t&#8211; Hasta 200 VLAN y 4096 ID de VLAN<br \/>\t\t\t&#8211; VLAN basada en etiquetas 802.1Q VLAN basada en<br \/>\t\t\t&#8211; Puerto VLAN de<br \/>\t\t\t&#8211; Vigilancia VLAN de<br \/>\t\t\t&#8211; Voz VLAN<br \/>\t\t\t&#8211; MAC VLAN<br \/>\t\t\t&#8211; GVRP<br \/>\t\t\t<strong>IPV6&nbsp;&nbsp; &nbsp;<\/strong><br \/>\t\t\t&#8211; IPv6 sobre Ethernet (RFC 2464)<br \/>\t\t\t&#8211; Doble pila (RFC 4213)<br \/>\t\t\t&#8211; ICMPv6 (RFC 4884)<br \/>\t\t\t&#8211; Descubrimiento de vecinos (RFC 4861)<br \/>\t\t\t&#8211; Configuraci&oacute;n autom&aacute;tica<br \/>\t\t\t&#8211; Direcci&oacute;n IPv6 est&aacute;tica y longitud de prefijo<br \/>\t\t\t&#8211; Puerta de enlace predeterminada IPv6 est&aacute;tica<br \/>\t\t\t&#8211; Detecci&oacute;n de direcci&oacute;n duplicada IPv6<\/td>\n<\/tr>\n<tr>\n<td><strong>Fecha Revisi&oacute;n<\/strong><\/td>\n<td>09-08-2021 por YMC<\/td>\n<\/tr>\n<\/table>\n","protected":false},"excerpt":{"rendered":"<p>&#8211; Admite el est&aacute;ndar ONVIF, que es compatible con dispositivos de perfiles G \/ S \/ A \/ C \/ T \/ M que cumplen con ONVIF para proporcionar configuraciones del sistema, descubrimiento de dispositivos y autenticaci&oacute;n de usuario r&aacute;pidos y f&aacute;ciles.&#8211; PoE garantizado de larga distancia a 200 metros.&#8211; Verificaci&oacute;n en vivo de dispositivos&hellip;&nbsp;<a href=\"https:\/\/aivlisoft.net\/shop\/producto\/edimax-gs-5210pl-switch-10xgb-poe-2xsfp-surve\/\" rel=\"bookmark\"><span class=\"screen-reader-text\">Edimax GS-5210PL Switch 10xGb PoE+ 2xSFP Surve<\/span><\/a><\/p>\n","protected":false},"featured_media":20474,"template":"","meta":{"neve_meta_sidebar":"","neve_meta_container":"","neve_meta_enable_content_width":"","neve_meta_content_width":0,"neve_meta_title_alignment":"","neve_meta_author_avatar":"","neve_post_elements_order":"","neve_meta_disable_header":"","neve_meta_disable_footer":"","neve_meta_disable_title":""},"product_brand":[],"product_cat":[8771],"product_tag":[7305],"class_list":{"0":"post-20473","1":"product","2":"type-product","3":"status-publish","4":"has-post-thumbnail","6":"product_cat-switches-armario","7":"product_tag-gs-5210pl","9":"first","10":"instock","11":"taxable","12":"shipping-taxable","13":"purchasable","14":"product-type-simple"},"yoast_head":"<!-- This site is optimized with the Yoast SEO plugin v26.0 - https:\/\/yoast.com\/wordpress\/plugins\/seo\/ -->\n<title>Edimax GS-5210PL Switch 10xGb PoE+ 2xSFP Surve - Aivlisoft Inform\u00e1tica<\/title>\n<meta name=\"robots\" content=\"index, follow, max-snippet:-1, max-image-preview:large, max-video-preview:-1\" \/>\n<link rel=\"canonical\" href=\"https:\/\/aivlisoft.net\/shop\/producto\/edimax-gs-5210pl-switch-10xgb-poe-2xsfp-surve\/\" \/>\n<meta property=\"og:locale\" content=\"es_ES\" \/>\n<meta property=\"og:type\" content=\"article\" \/>\n<meta property=\"og:title\" content=\"Edimax GS-5210PL Switch 10xGb PoE+ 2xSFP Surve - Aivlisoft Inform\u00e1tica\" \/>\n<meta property=\"og:description\" content=\"&#8211; Admite el est&aacute;ndar ONVIF, que es compatible con dispositivos de perfiles G \/ S \/ A \/ C \/ T \/ M que cumplen con ONVIF para proporcionar configuraciones del sistema, descubrimiento de dispositivos y autenticaci&oacute;n de usuario r&aacute;pidos y f&aacute;ciles.&#8211; PoE garantizado de larga distancia a 200 metros.&#8211; Verificaci&oacute;n en vivo de dispositivos&hellip;&nbsp;Edimax GS-5210PL Switch 10xGb PoE+ 2xSFP Surve\" \/>\n<meta property=\"og:url\" content=\"https:\/\/aivlisoft.net\/shop\/producto\/edimax-gs-5210pl-switch-10xgb-poe-2xsfp-surve\/\" \/>\n<meta property=\"og:site_name\" content=\"Aivlisoft Inform\u00e1tica\" \/>\n<meta property=\"article:modified_time\" content=\"2025-01-14T11:50:55+00:00\" \/>\n<meta property=\"og:image\" content=\"https:\/\/aivlisoft.net\/shop\/wp-content\/uploads\/2025\/01\/NSWSAR0289_800.jpg\" \/>\n\t<meta property=\"og:image:width\" content=\"800\" \/>\n\t<meta property=\"og:image:height\" content=\"800\" \/>\n\t<meta property=\"og:image:type\" content=\"image\/jpeg\" \/>\n<meta name=\"twitter:card\" content=\"summary_large_image\" \/>\n<meta name=\"twitter:label1\" content=\"Tiempo de lectura\" \/>\n\t<meta name=\"twitter:data1\" content=\"4 minutos\" \/>\n<script type=\"application\/ld+json\" class=\"yoast-schema-graph\">{\"@context\":\"https:\/\/schema.org\",\"@graph\":[{\"@type\":\"WebPage\",\"@id\":\"https:\/\/aivlisoft.net\/shop\/producto\/edimax-gs-5210pl-switch-10xgb-poe-2xsfp-surve\/\",\"url\":\"https:\/\/aivlisoft.net\/shop\/producto\/edimax-gs-5210pl-switch-10xgb-poe-2xsfp-surve\/\",\"name\":\"Edimax GS-5210PL Switch 10xGb PoE+ 2xSFP Surve - Aivlisoft Inform\u00e1tica\",\"isPartOf\":{\"@id\":\"https:\/\/aivlisoft.net\/shop\/#website\"},\"primaryImageOfPage\":{\"@id\":\"https:\/\/aivlisoft.net\/shop\/producto\/edimax-gs-5210pl-switch-10xgb-poe-2xsfp-surve\/#primaryimage\"},\"image\":{\"@id\":\"https:\/\/aivlisoft.net\/shop\/producto\/edimax-gs-5210pl-switch-10xgb-poe-2xsfp-surve\/#primaryimage\"},\"thumbnailUrl\":\"https:\/\/aivlisoft.net\/shop\/wp-content\/uploads\/2025\/01\/NSWSAR0289_800.jpg\",\"datePublished\":\"2025-01-13T15:43:10+00:00\",\"dateModified\":\"2025-01-14T11:50:55+00:00\",\"breadcrumb\":{\"@id\":\"https:\/\/aivlisoft.net\/shop\/producto\/edimax-gs-5210pl-switch-10xgb-poe-2xsfp-surve\/#breadcrumb\"},\"inLanguage\":\"es\",\"potentialAction\":[{\"@type\":\"ReadAction\",\"target\":[\"https:\/\/aivlisoft.net\/shop\/producto\/edimax-gs-5210pl-switch-10xgb-poe-2xsfp-surve\/\"]}]},{\"@type\":\"ImageObject\",\"inLanguage\":\"es\",\"@id\":\"https:\/\/aivlisoft.net\/shop\/producto\/edimax-gs-5210pl-switch-10xgb-poe-2xsfp-surve\/#primaryimage\",\"url\":\"https:\/\/aivlisoft.net\/shop\/wp-content\/uploads\/2025\/01\/NSWSAR0289_800.jpg\",\"contentUrl\":\"https:\/\/aivlisoft.net\/shop\/wp-content\/uploads\/2025\/01\/NSWSAR0289_800.jpg\",\"width\":800,\"height\":800},{\"@type\":\"BreadcrumbList\",\"@id\":\"https:\/\/aivlisoft.net\/shop\/producto\/edimax-gs-5210pl-switch-10xgb-poe-2xsfp-surve\/#breadcrumb\",\"itemListElement\":[{\"@type\":\"ListItem\",\"position\":1,\"name\":\"Portada\",\"item\":\"https:\/\/aivlisoft.net\/shop\/\"},{\"@type\":\"ListItem\",\"position\":2,\"name\":\"Tienda\",\"item\":\"https:\/\/aivlisoft.net\/shop\/tienda\/\"},{\"@type\":\"ListItem\",\"position\":3,\"name\":\"Edimax GS-5210PL Switch 10xGb PoE+ 2xSFP Surve\"}]},{\"@type\":\"WebSite\",\"@id\":\"https:\/\/aivlisoft.net\/shop\/#website\",\"url\":\"https:\/\/aivlisoft.net\/shop\/\",\"name\":\"Aivlisoft Inform\u00e1tica\",\"description\":\"En Aivlisoft Inform\u00e1tica ofrecemos soluciones tecnol\u00f3gicas para empresas: venta de ordenadores, consumibles, perif\u00e9ricos y m\u00e1s. Calidad, atenci\u00f3n personalizada y los mejores precios para tu negocio.\",\"publisher\":{\"@id\":\"https:\/\/aivlisoft.net\/shop\/#organization\"},\"potentialAction\":[{\"@type\":\"SearchAction\",\"target\":{\"@type\":\"EntryPoint\",\"urlTemplate\":\"https:\/\/aivlisoft.net\/shop\/?s={search_term_string}\"},\"query-input\":{\"@type\":\"PropertyValueSpecification\",\"valueRequired\":true,\"valueName\":\"search_term_string\"}}],\"inLanguage\":\"es\"},{\"@type\":\"Organization\",\"@id\":\"https:\/\/aivlisoft.net\/shop\/#organization\",\"name\":\"Aivlisoft Inform\u00e1tica\",\"url\":\"https:\/\/aivlisoft.net\/shop\/\",\"logo\":{\"@type\":\"ImageObject\",\"inLanguage\":\"es\",\"@id\":\"https:\/\/aivlisoft.net\/shop\/#\/schema\/logo\/image\/\",\"url\":\"https:\/\/aivlisoft.net\/shop\/wp-content\/uploads\/2024\/12\/removal.ai_5b848c54-0cdf-4140-95c5-c5536bb7573b-logodef.png\",\"contentUrl\":\"https:\/\/aivlisoft.net\/shop\/wp-content\/uploads\/2024\/12\/removal.ai_5b848c54-0cdf-4140-95c5-c5536bb7573b-logodef.png\",\"width\":484,\"height\":182,\"caption\":\"Aivlisoft Inform\u00e1tica\"},\"image\":{\"@id\":\"https:\/\/aivlisoft.net\/shop\/#\/schema\/logo\/image\/\"}}]}<\/script>\n<!-- \/ Yoast SEO plugin. -->","yoast_head_json":{"title":"Edimax GS-5210PL Switch 10xGb PoE+ 2xSFP Surve - Aivlisoft Inform\u00e1tica","robots":{"index":"index","follow":"follow","max-snippet":"max-snippet:-1","max-image-preview":"max-image-preview:large","max-video-preview":"max-video-preview:-1"},"canonical":"https:\/\/aivlisoft.net\/shop\/producto\/edimax-gs-5210pl-switch-10xgb-poe-2xsfp-surve\/","og_locale":"es_ES","og_type":"article","og_title":"Edimax GS-5210PL Switch 10xGb PoE+ 2xSFP Surve - Aivlisoft Inform\u00e1tica","og_description":"&#8211; Admite el est&aacute;ndar ONVIF, que es compatible con dispositivos de perfiles G \/ S \/ A \/ C \/ T \/ M que cumplen con ONVIF para proporcionar configuraciones del sistema, descubrimiento de dispositivos y autenticaci&oacute;n de usuario r&aacute;pidos y f&aacute;ciles.&#8211; PoE garantizado de larga distancia a 200 metros.&#8211; Verificaci&oacute;n en vivo de dispositivos&hellip;&nbsp;Edimax GS-5210PL Switch 10xGb PoE+ 2xSFP Surve","og_url":"https:\/\/aivlisoft.net\/shop\/producto\/edimax-gs-5210pl-switch-10xgb-poe-2xsfp-surve\/","og_site_name":"Aivlisoft Inform\u00e1tica","article_modified_time":"2025-01-14T11:50:55+00:00","og_image":[{"width":800,"height":800,"url":"https:\/\/aivlisoft.net\/shop\/wp-content\/uploads\/2025\/01\/NSWSAR0289_800.jpg","type":"image\/jpeg"}],"twitter_card":"summary_large_image","twitter_misc":{"Tiempo de lectura":"4 minutos"},"schema":{"@context":"https:\/\/schema.org","@graph":[{"@type":"WebPage","@id":"https:\/\/aivlisoft.net\/shop\/producto\/edimax-gs-5210pl-switch-10xgb-poe-2xsfp-surve\/","url":"https:\/\/aivlisoft.net\/shop\/producto\/edimax-gs-5210pl-switch-10xgb-poe-2xsfp-surve\/","name":"Edimax GS-5210PL Switch 10xGb PoE+ 2xSFP Surve - Aivlisoft Inform\u00e1tica","isPartOf":{"@id":"https:\/\/aivlisoft.net\/shop\/#website"},"primaryImageOfPage":{"@id":"https:\/\/aivlisoft.net\/shop\/producto\/edimax-gs-5210pl-switch-10xgb-poe-2xsfp-surve\/#primaryimage"},"image":{"@id":"https:\/\/aivlisoft.net\/shop\/producto\/edimax-gs-5210pl-switch-10xgb-poe-2xsfp-surve\/#primaryimage"},"thumbnailUrl":"https:\/\/aivlisoft.net\/shop\/wp-content\/uploads\/2025\/01\/NSWSAR0289_800.jpg","datePublished":"2025-01-13T15:43:10+00:00","dateModified":"2025-01-14T11:50:55+00:00","breadcrumb":{"@id":"https:\/\/aivlisoft.net\/shop\/producto\/edimax-gs-5210pl-switch-10xgb-poe-2xsfp-surve\/#breadcrumb"},"inLanguage":"es","potentialAction":[{"@type":"ReadAction","target":["https:\/\/aivlisoft.net\/shop\/producto\/edimax-gs-5210pl-switch-10xgb-poe-2xsfp-surve\/"]}]},{"@type":"ImageObject","inLanguage":"es","@id":"https:\/\/aivlisoft.net\/shop\/producto\/edimax-gs-5210pl-switch-10xgb-poe-2xsfp-surve\/#primaryimage","url":"https:\/\/aivlisoft.net\/shop\/wp-content\/uploads\/2025\/01\/NSWSAR0289_800.jpg","contentUrl":"https:\/\/aivlisoft.net\/shop\/wp-content\/uploads\/2025\/01\/NSWSAR0289_800.jpg","width":800,"height":800},{"@type":"BreadcrumbList","@id":"https:\/\/aivlisoft.net\/shop\/producto\/edimax-gs-5210pl-switch-10xgb-poe-2xsfp-surve\/#breadcrumb","itemListElement":[{"@type":"ListItem","position":1,"name":"Portada","item":"https:\/\/aivlisoft.net\/shop\/"},{"@type":"ListItem","position":2,"name":"Tienda","item":"https:\/\/aivlisoft.net\/shop\/tienda\/"},{"@type":"ListItem","position":3,"name":"Edimax GS-5210PL Switch 10xGb PoE+ 2xSFP Surve"}]},{"@type":"WebSite","@id":"https:\/\/aivlisoft.net\/shop\/#website","url":"https:\/\/aivlisoft.net\/shop\/","name":"Aivlisoft Inform\u00e1tica","description":"En Aivlisoft Inform\u00e1tica ofrecemos soluciones tecnol\u00f3gicas para empresas: venta de ordenadores, consumibles, perif\u00e9ricos y m\u00e1s. Calidad, atenci\u00f3n personalizada y los mejores precios para tu negocio.","publisher":{"@id":"https:\/\/aivlisoft.net\/shop\/#organization"},"potentialAction":[{"@type":"SearchAction","target":{"@type":"EntryPoint","urlTemplate":"https:\/\/aivlisoft.net\/shop\/?s={search_term_string}"},"query-input":{"@type":"PropertyValueSpecification","valueRequired":true,"valueName":"search_term_string"}}],"inLanguage":"es"},{"@type":"Organization","@id":"https:\/\/aivlisoft.net\/shop\/#organization","name":"Aivlisoft Inform\u00e1tica","url":"https:\/\/aivlisoft.net\/shop\/","logo":{"@type":"ImageObject","inLanguage":"es","@id":"https:\/\/aivlisoft.net\/shop\/#\/schema\/logo\/image\/","url":"https:\/\/aivlisoft.net\/shop\/wp-content\/uploads\/2024\/12\/removal.ai_5b848c54-0cdf-4140-95c5-c5536bb7573b-logodef.png","contentUrl":"https:\/\/aivlisoft.net\/shop\/wp-content\/uploads\/2024\/12\/removal.ai_5b848c54-0cdf-4140-95c5-c5536bb7573b-logodef.png","width":484,"height":182,"caption":"Aivlisoft Inform\u00e1tica"},"image":{"@id":"https:\/\/aivlisoft.net\/shop\/#\/schema\/logo\/image\/"}}]}},"_links":{"self":[{"href":"https:\/\/aivlisoft.net\/shop\/wp-json\/wp\/v2\/product\/20473","targetHints":{"allow":["GET"]}}],"collection":[{"href":"https:\/\/aivlisoft.net\/shop\/wp-json\/wp\/v2\/product"}],"about":[{"href":"https:\/\/aivlisoft.net\/shop\/wp-json\/wp\/v2\/types\/product"}],"wp:featuredmedia":[{"embeddable":true,"href":"https:\/\/aivlisoft.net\/shop\/wp-json\/wp\/v2\/media\/20474"}],"wp:attachment":[{"href":"https:\/\/aivlisoft.net\/shop\/wp-json\/wp\/v2\/media?parent=20473"}],"wp:term":[{"taxonomy":"product_brand","embeddable":true,"href":"https:\/\/aivlisoft.net\/shop\/wp-json\/wp\/v2\/product_brand?post=20473"},{"taxonomy":"product_cat","embeddable":true,"href":"https:\/\/aivlisoft.net\/shop\/wp-json\/wp\/v2\/product_cat?post=20473"},{"taxonomy":"product_tag","embeddable":true,"href":"https:\/\/aivlisoft.net\/shop\/wp-json\/wp\/v2\/product_tag?post=20473"}],"curies":[{"name":"wp","href":"https:\/\/api.w.org\/{rel}","templated":true}]}}