{"id":20434,"date":"2025-01-13T15:42:47","date_gmt":"2025-01-13T15:42:47","guid":{"rendered":"https:\/\/aivlisoft.com\/?post_type=product&#038;p=20434"},"modified":"2025-01-14T11:50:43","modified_gmt":"2025-01-14T11:50:43","slug":"d-link-dxs-3610-54t-si-switch-l3-48x10gbe-qsfp","status":"publish","type":"product","link":"https:\/\/aivlisoft.net\/shop\/producto\/d-link-dxs-3610-54t-si-switch-l3-48x10gbe-qsfp\/","title":{"rendered":"D-Link DXS-3610-54T\/SI Switch L3 48x10GbE QSFP+"},"content":{"rendered":"<p><\/p>\n<table class=\"tabla_caracteristicas k-table\" width=\"100%\">\n<tr>\n<td><strong>Marca<\/strong><\/td>\n<td>D-Link<\/td>\n<\/tr>\n<tr>\n<td><strong>Modelo<\/strong><\/td>\n<td><strong>DXS-3610-54T\/SI<\/strong><\/td>\n<\/tr>\n<tr>\n<td valign=\"top\"><strong>Caracter&iacute;sticas<\/strong><\/td>\n<td><strong>General<\/strong><br \/>\t\t\t&#8211; Montaje en rack 1U<br \/>\t\t\t&#8211; Interfaces:<br \/>\t\t\t&nbsp; 48 puertos Base-T de 1 \/ 10GbE<br \/>\t\t\t&nbsp; 6 puertos QSFP + \/ QSFP28 de 40 \/ 100GbE<br \/>\t\t\t&#8211; Puerto de consola: puerto de consola RJ-45 para administraci&oacute;n fuera de banda<br \/>\t\t\t&#8211; Puerto de administraci&oacute;n: Ethernet 10\/100\/1000 BASE-T RJ-45 para administraci&oacute;n remota fuera de banda<br \/>\t\t\t&#8211; Puerto USB: 1 x puerto USB 2.0 tipo A<br \/>\t\t\t<strong>Performance<\/strong><br \/>\t\t\t&#8211; Capacidad de conmutaci&oacute;n: 2,16 Tbps<br \/>\t\t\t&#8211; M&aacute;x. Tasa de reenv&iacute;o: 1607.04 Mpps<br \/>\t\t\t&#8211; Memoria de b&uacute;fer de paquetes: 32 MB<br \/>\t\t\t&#8211; Tabla de direcciones MAC: hasta 288KI<br \/>\t\t\t&#8211; Tabla de enrutamiento Pv4: hasta 32K<br \/>\t\t\t&#8211; Tabla de enrutamiento IPv6: hasta 16K<br \/>\t\t\t&#8211; Tabla de reenv&iacute;o de IPv4: hasta 144K<br \/>\t\t\t&#8211; Tabla de reenv&iacute;o de IPv6: hasta 144k<br \/>\t\t\t&#8211; Tama&ntilde;o de trama Jumbo: 9436 bytes<br \/>\t\t\t<strong>Caracter&iacute;sticas f&iacute;sicas<\/strong><br \/>\t\t\t&#8211; Entrada de alimentaci&oacute;n: dise&ntilde;o de fuente de alimentaci&oacute;n redundante 1 + 1<br \/>\t\t\t&#8211; Entrada: 100 a 240 V CA, 50\/60 Hz<br \/>\t\t\t&#8211; Consumo m&aacute;ximo de energ&iacute;a: 330.2 W<br \/>\t\t\t&#8211; Consumo de energ&iacute;a en espera: 108.2 W<br \/>\t\t\t&#8211; Disipaci&oacute;n de calor (m&aacute;x.): 1126 BTU \/ hr<br \/>\t\t\t&#8211; Ac&uacute;stica: M&aacute;x: 76,6 dB (A): M&iacute;n .: 69,7 dB (A)<br \/>\t\t\t&#8211; Ventiladores: 5 x ventiladores<br \/>\t\t\t&#8211; Dimensiones (An x L x Al): 441,0 x 487,44 x 43,5 mm<br \/>\t\t\t&#8211; Peso: 9,88 kg<br \/>\t\t\t&#8211; Temperatura de funcionamiento: 0 a 45 &deg; C<br \/>\t\t\t&#8211; Temperatura de almacenamiento: -40 a 70 &deg; C<br \/>\t\t\t&#8211; Humedad de funcionamiento: 0% a 95% RH<br \/>\t\t\t&#8211; Humedad de almacenamiento: 0% a 95% RH<br \/>\t\t\t&#8211; MTBF: TBD<br \/>\t\t\t&#8211; Seguridad: CB, cUL, LVD<br \/>\t\t\t&#8211; EMI \/ EMC: FCC, CE, C-Tick, IC, VCC<br \/>\t\t\t<strong>VLAN<\/strong><br \/>\t\t\t&#8211; 802.1Q<br \/>\t\t\t&#8211; VLAN basada en protocolo 802.1v<br \/>\t\t\t&#8211; VLAN doble (Q-in-Q)<br \/>\t\t\t&nbsp; Q-in-Q basado en puertos<br \/>\t\t\t&nbsp; Q-in-Q selectivo<br \/>\t\t\t&#8211; VLAN basada en puerto<br \/>\t\t\t&#8211; VLAN basada en MAC<br \/>\t\t\t&#8211; VLAN basada en subred<br \/>\t\t\t&#8211; VLAN privada<br \/>\t\t\t&#8211; Grupo de VLAN<br \/>\t\t\t&nbsp; M&aacute;x. Grupos de VLAN est&aacute;tica 4K<br \/>\t\t\t&nbsp; M&aacute;x. 4094 VID<br \/>\t\t\t&#8211; GVRP: Hasta 4K VLAN din&aacute;micas<br \/>\t\t\t&#8211; Traducci&oacute;n de VLAN<br \/>\t\t\t&#8211; ISM VLAN (VLAN de multidifusi&oacute;n)<br \/>\t\t\t&#8211; VLAN privada<br \/>\t\t\t&#8211; Super VLAN<br \/>\t\t\t&#8211; Troncalizaci&oacute;n de VLAN<br \/>\t\t\t<strong>L2 Caracter&iacute;sticas<\/strong><br \/>\t\t\t&#8211; Tabla de direcciones MAC: Max 288K entradas<br \/>\t\t\t&#8211; Control de flujo<br \/>\t\t\t&nbsp; Control de flujo 802.3x cuando se usa d&uacute;plex completo<br \/>\t\t\t&nbsp; Contrapresi&oacute;n cuando se usa semid&uacute;plex<br \/>\t\t\t&nbsp; Prevenci&oacute;n de bloqueo HOL<br \/>\t\t\t&#8211; Protocolo de &aacute;rbol de expansi&oacute;n<br \/>\t\t\t&nbsp; 802.1D STP<br \/>\t\t\t&nbsp; 802.1w RSTP<br \/>\t\t\t&nbsp; MSTP 802.1s<br \/>\t\t\t&nbsp; Admite la restricci&oacute;n de ra&iacute;ces<br \/>\t\t\t&#8211; Trama Jumbo: hasta 9416 bytes<br \/>\t\t\t&#8211; Grupo de agregaci&oacute;n de enlaces de varios chasis (MLAG)<br \/>\t\t\t&#8211; Agregaci&oacute;n de enlaces 802.1AX<br \/>\t\t\t&#8211; M&aacute;x. 32 grupos por dispositivo, 12 puertos por grupo<br \/>\t\t\t&#8211; ERPS (conmutaci&oacute;n de protecci&oacute;n de anillo Ethernet)<br \/>\t\t\t&#8211; Duplicaci&oacute;n de puertos<br \/>\t\t\t&nbsp; Admite uno a uno, varios a uno<br \/>\t\t\t&nbsp; Soporta Mirroring para Tx \/ Rx \/ Ambos<br \/>\t\t\t&nbsp; Admite 4 grupos de duplicaci&oacute;n<br \/>\t\t\t&#8211; Reflejo de flujo<br \/>\t\t\t&nbsp; Admite uno a uno, varios a uno<br \/>\t\t\t&nbsp; Soporta Mirroring para Rx<br \/>\t\t\t&nbsp; Admite 4 grupos de duplicaci&oacute;n<br \/>\t\t\t&#8211; Reflejo RSPAN<br \/>\t\t\t&#8211; Detecci&oacute;n de bucle invertido<br \/>\t\t\t&#8211; T&uacute;nel de protocolo L2<br \/>\t\t\t<strong>Calidad de Servicio (QoS)<\/strong><br \/>\t\t\t&#8211; Calidad de servicio (QoS) 802.1p<br \/>\t\t\t&#8211; 8 colas por puerto<br \/>\t\t\t&#8211; Manejo de colas<br \/>\t\t\t&nbsp; Estricto<br \/>\t\t\t&nbsp; Round Robin ponderado (WRR)<br \/>\t\t\t&nbsp; Estricto + WRR<br \/>\t\t\t&nbsp; Ronda Robin (RR)<br \/>\t\t\t&nbsp; Round Robin de d&eacute;ficit ponderado (WDRR)<br \/>\t\t\t&#8211; QoS basada en:<br \/>\t\t\t&nbsp; Colas de prioridad 802.1p<br \/>\t\t\t&nbsp; DSCP<br \/>\t\t\t&nbsp; direcci&oacute;n IP<br \/>\t\t\t&nbsp; Direcci&oacute;n MAC<br \/>\t\t\t&nbsp; VLAN<br \/>\t\t\t&nbsp; Clase de tr&aacute;fico IPv6<br \/>\t\t\t&nbsp; Etiqueta de flujo IPv6<br \/>\t\t\t&nbsp; Puerto TCP \/ UDP<br \/>\t\t\t&#8211; Control de Ancho de Banda<br \/>\t\t\t&nbsp; Basado en puerto (entrada \/ salida, granularidad m&iacute;n 8 Kb\/s)<br \/>\t\t\t&nbsp; Basado en flujo (entrada \/ salida, granularidad m&iacute;n 8 Kb\/s)<br \/>\t\t\t&nbsp; Control de ancho de banda por cola (min. Granularidad 8 Kb\/s)<br \/>\t\t\t&#8211; Marcador de tres colores<br \/>\t\t\t&nbsp; trTCM<br \/>\t\t\t&nbsp; srTCM<br \/>\t\t\t&#8211; Control de congesti&oacute;n: WRED<br \/>\t\t\t&#8211; Soporte para las siguientes acciones:<br \/>\t\t\t&nbsp; Observaci&oacute;n de la etiqueta de prioridad 802.1p<br \/>\t\t\t&nbsp; Observaci&oacute;n de la etiqueta TOS \/ DSCP<br \/>\t\t\t&nbsp; Control de Ancho de Banda<br \/>\t\t\t&nbsp; Tasa de informaci&oacute;n comprometida (CIR)<br \/>\t\t\t<strong>Seguridad<\/strong><br \/>\t\t\t&#8211; Seguridad de puerto: admite hasta 12K direcciones MAC por puerto \/ sistema<br \/>\t\t\t&#8211; Control de tormentas de difusi&oacute;n \/ multidifusi&oacute;n \/ unidifusi&oacute;n<br \/>\t\t\t&#8211; Motor de protecci&oacute;n D-Link<br \/>\t\t\t&#8211; Detecci&oacute;n del servidor DHCP<br \/>\t\t\t&#8211; Enlace de puerto IP-MAC (IMPB)<br \/>\t\t\t&#8211; Inspecci&oacute;n din&aacute;mica de ARP<br \/>\t\t\t&#8211; Protecci&oacute;n de fuente de IP<br \/>\t\t\t&#8211; Indagaci&oacute;n DHCP<br \/>\t\t\t&#8211; Snooping de IPv6<br \/>\t\t\t&#8211; Guardia DHCPv6<br \/>\t\t\t&#8211; Guardia de publicidad de ruta (RA) IPv6<br \/>\t\t\t&#8211; Inspecci&oacute;n IPv6 ND<br \/>\t\t\t&#8211; Prevenci&oacute;n de suplantaci&oacute;n de identidad ARP: M&aacute;x. 64 entradas<br \/>\t\t\t&#8211; Segmentaci&oacute;n de tr&aacute;fico<br \/>\t\t\t&#8211; SSL<br \/>\t\t\t&nbsp; Admite acceso IPv4 \/ v6<br \/>\t\t\t&nbsp; Soporta TLS 1.2<br \/>\t\t\t&#8211; SSH<br \/>\t\t\t&nbsp; Soporta v2<br \/>\t\t\t&nbsp; Admite acceso IPv4 \/ v6<br \/>\t\t\t&#8211; Protecci&oacute;n contra ataques BPDU<br \/>\t\t\t&#8211; Prevenci&oacute;n de ataques DOS<\/td>\n<\/tr>\n<tr>\n<td><strong>Fecha Revisi&oacute;n<\/strong><\/td>\n<td>12-04-2021 por MPM<\/td>\n<\/tr>\n<\/table>\n","protected":false},"excerpt":{"rendered":"<p>Marca D-Link Modelo DXS-3610-54T\/SI Caracter&iacute;sticas General &#8211; Montaje en rack 1U &#8211; Interfaces: &nbsp; 48 puertos Base-T de 1 \/ 10GbE &nbsp; 6 puertos QSFP + \/ QSFP28 de 40 \/ 100GbE &#8211; Puerto de consola: puerto de consola RJ-45 para administraci&oacute;n fuera de banda &#8211; Puerto de administraci&oacute;n: Ethernet 10\/100\/1000 BASE-T RJ-45 para administraci&oacute;n&hellip;&nbsp;<a href=\"https:\/\/aivlisoft.net\/shop\/producto\/d-link-dxs-3610-54t-si-switch-l3-48x10gbe-qsfp\/\" rel=\"bookmark\"><span class=\"screen-reader-text\">D-Link DXS-3610-54T\/SI Switch L3 48x10GbE QSFP+<\/span><\/a><\/p>\n","protected":false},"featured_media":20435,"template":"","meta":{"neve_meta_sidebar":"","neve_meta_container":"","neve_meta_enable_content_width":"","neve_meta_content_width":0,"neve_meta_title_alignment":"","neve_meta_author_avatar":"","neve_post_elements_order":"","neve_meta_disable_header":"","neve_meta_disable_footer":"","neve_meta_disable_title":""},"product_brand":[],"product_cat":[8771],"product_tag":[7294],"class_list":{"0":"post-20434","1":"product","2":"type-product","3":"status-publish","4":"has-post-thumbnail","6":"product_cat-switches-armario","7":"product_tag-dxs-3610-54t-si","9":"first","10":"instock","11":"taxable","12":"shipping-taxable","13":"purchasable","14":"product-type-simple"},"yoast_head":"<!-- This site is optimized with the Yoast SEO plugin v26.0 - https:\/\/yoast.com\/wordpress\/plugins\/seo\/ -->\n<title>D-Link DXS-3610-54T\/SI Switch L3 48x10GbE QSFP+ - Aivlisoft Inform\u00e1tica<\/title>\n<meta name=\"robots\" content=\"index, follow, max-snippet:-1, max-image-preview:large, max-video-preview:-1\" \/>\n<link rel=\"canonical\" href=\"https:\/\/aivlisoft.net\/shop\/producto\/d-link-dxs-3610-54t-si-switch-l3-48x10gbe-qsfp\/\" \/>\n<meta property=\"og:locale\" content=\"es_ES\" \/>\n<meta property=\"og:type\" content=\"article\" \/>\n<meta property=\"og:title\" content=\"D-Link DXS-3610-54T\/SI Switch L3 48x10GbE QSFP+ - Aivlisoft Inform\u00e1tica\" \/>\n<meta property=\"og:description\" content=\"Marca D-Link Modelo DXS-3610-54T\/SI Caracter&iacute;sticas General &#8211; Montaje en rack 1U &#8211; Interfaces: &nbsp; 48 puertos Base-T de 1 \/ 10GbE &nbsp; 6 puertos QSFP + \/ QSFP28 de 40 \/ 100GbE &#8211; Puerto de consola: puerto de consola RJ-45 para administraci&oacute;n fuera de banda &#8211; Puerto de administraci&oacute;n: Ethernet 10\/100\/1000 BASE-T RJ-45 para administraci&oacute;n&hellip;&nbsp;D-Link DXS-3610-54T\/SI Switch L3 48x10GbE QSFP+\" \/>\n<meta property=\"og:url\" content=\"https:\/\/aivlisoft.net\/shop\/producto\/d-link-dxs-3610-54t-si-switch-l3-48x10gbe-qsfp\/\" \/>\n<meta property=\"og:site_name\" content=\"Aivlisoft Inform\u00e1tica\" \/>\n<meta property=\"article:modified_time\" content=\"2025-01-14T11:50:43+00:00\" \/>\n<meta property=\"og:image\" content=\"https:\/\/aivlisoft.net\/shop\/wp-content\/uploads\/2025\/01\/NSWSAR0275_800.jpg\" \/>\n\t<meta property=\"og:image:width\" content=\"800\" \/>\n\t<meta property=\"og:image:height\" content=\"800\" \/>\n\t<meta property=\"og:image:type\" content=\"image\/jpeg\" \/>\n<meta name=\"twitter:card\" content=\"summary_large_image\" \/>\n<meta name=\"twitter:label1\" content=\"Tiempo de lectura\" \/>\n\t<meta name=\"twitter:data1\" content=\"4 minutos\" \/>\n<script type=\"application\/ld+json\" class=\"yoast-schema-graph\">{\"@context\":\"https:\/\/schema.org\",\"@graph\":[{\"@type\":\"WebPage\",\"@id\":\"https:\/\/aivlisoft.net\/shop\/producto\/d-link-dxs-3610-54t-si-switch-l3-48x10gbe-qsfp\/\",\"url\":\"https:\/\/aivlisoft.net\/shop\/producto\/d-link-dxs-3610-54t-si-switch-l3-48x10gbe-qsfp\/\",\"name\":\"D-Link DXS-3610-54T\/SI Switch L3 48x10GbE QSFP+ - Aivlisoft Inform\u00e1tica\",\"isPartOf\":{\"@id\":\"https:\/\/aivlisoft.net\/shop\/#website\"},\"primaryImageOfPage\":{\"@id\":\"https:\/\/aivlisoft.net\/shop\/producto\/d-link-dxs-3610-54t-si-switch-l3-48x10gbe-qsfp\/#primaryimage\"},\"image\":{\"@id\":\"https:\/\/aivlisoft.net\/shop\/producto\/d-link-dxs-3610-54t-si-switch-l3-48x10gbe-qsfp\/#primaryimage\"},\"thumbnailUrl\":\"https:\/\/aivlisoft.net\/shop\/wp-content\/uploads\/2025\/01\/NSWSAR0275_800.jpg\",\"datePublished\":\"2025-01-13T15:42:47+00:00\",\"dateModified\":\"2025-01-14T11:50:43+00:00\",\"breadcrumb\":{\"@id\":\"https:\/\/aivlisoft.net\/shop\/producto\/d-link-dxs-3610-54t-si-switch-l3-48x10gbe-qsfp\/#breadcrumb\"},\"inLanguage\":\"es\",\"potentialAction\":[{\"@type\":\"ReadAction\",\"target\":[\"https:\/\/aivlisoft.net\/shop\/producto\/d-link-dxs-3610-54t-si-switch-l3-48x10gbe-qsfp\/\"]}]},{\"@type\":\"ImageObject\",\"inLanguage\":\"es\",\"@id\":\"https:\/\/aivlisoft.net\/shop\/producto\/d-link-dxs-3610-54t-si-switch-l3-48x10gbe-qsfp\/#primaryimage\",\"url\":\"https:\/\/aivlisoft.net\/shop\/wp-content\/uploads\/2025\/01\/NSWSAR0275_800.jpg\",\"contentUrl\":\"https:\/\/aivlisoft.net\/shop\/wp-content\/uploads\/2025\/01\/NSWSAR0275_800.jpg\",\"width\":800,\"height\":800},{\"@type\":\"BreadcrumbList\",\"@id\":\"https:\/\/aivlisoft.net\/shop\/producto\/d-link-dxs-3610-54t-si-switch-l3-48x10gbe-qsfp\/#breadcrumb\",\"itemListElement\":[{\"@type\":\"ListItem\",\"position\":1,\"name\":\"Portada\",\"item\":\"https:\/\/aivlisoft.net\/shop\/\"},{\"@type\":\"ListItem\",\"position\":2,\"name\":\"Tienda\",\"item\":\"https:\/\/aivlisoft.net\/shop\/tienda\/\"},{\"@type\":\"ListItem\",\"position\":3,\"name\":\"D-Link DXS-3610-54T\/SI Switch L3 48x10GbE QSFP+\"}]},{\"@type\":\"WebSite\",\"@id\":\"https:\/\/aivlisoft.net\/shop\/#website\",\"url\":\"https:\/\/aivlisoft.net\/shop\/\",\"name\":\"Aivlisoft Inform\u00e1tica\",\"description\":\"En Aivlisoft Inform\u00e1tica ofrecemos soluciones tecnol\u00f3gicas para empresas: venta de ordenadores, consumibles, perif\u00e9ricos y m\u00e1s. Calidad, atenci\u00f3n personalizada y los mejores precios para tu negocio.\",\"publisher\":{\"@id\":\"https:\/\/aivlisoft.net\/shop\/#organization\"},\"potentialAction\":[{\"@type\":\"SearchAction\",\"target\":{\"@type\":\"EntryPoint\",\"urlTemplate\":\"https:\/\/aivlisoft.net\/shop\/?s={search_term_string}\"},\"query-input\":{\"@type\":\"PropertyValueSpecification\",\"valueRequired\":true,\"valueName\":\"search_term_string\"}}],\"inLanguage\":\"es\"},{\"@type\":\"Organization\",\"@id\":\"https:\/\/aivlisoft.net\/shop\/#organization\",\"name\":\"Aivlisoft Inform\u00e1tica\",\"url\":\"https:\/\/aivlisoft.net\/shop\/\",\"logo\":{\"@type\":\"ImageObject\",\"inLanguage\":\"es\",\"@id\":\"https:\/\/aivlisoft.net\/shop\/#\/schema\/logo\/image\/\",\"url\":\"https:\/\/aivlisoft.net\/shop\/wp-content\/uploads\/2024\/12\/removal.ai_5b848c54-0cdf-4140-95c5-c5536bb7573b-logodef.png\",\"contentUrl\":\"https:\/\/aivlisoft.net\/shop\/wp-content\/uploads\/2024\/12\/removal.ai_5b848c54-0cdf-4140-95c5-c5536bb7573b-logodef.png\",\"width\":484,\"height\":182,\"caption\":\"Aivlisoft Inform\u00e1tica\"},\"image\":{\"@id\":\"https:\/\/aivlisoft.net\/shop\/#\/schema\/logo\/image\/\"}}]}<\/script>\n<!-- \/ Yoast SEO plugin. -->","yoast_head_json":{"title":"D-Link DXS-3610-54T\/SI Switch L3 48x10GbE QSFP+ - Aivlisoft Inform\u00e1tica","robots":{"index":"index","follow":"follow","max-snippet":"max-snippet:-1","max-image-preview":"max-image-preview:large","max-video-preview":"max-video-preview:-1"},"canonical":"https:\/\/aivlisoft.net\/shop\/producto\/d-link-dxs-3610-54t-si-switch-l3-48x10gbe-qsfp\/","og_locale":"es_ES","og_type":"article","og_title":"D-Link DXS-3610-54T\/SI Switch L3 48x10GbE QSFP+ - Aivlisoft Inform\u00e1tica","og_description":"Marca D-Link Modelo DXS-3610-54T\/SI Caracter&iacute;sticas General &#8211; Montaje en rack 1U &#8211; Interfaces: &nbsp; 48 puertos Base-T de 1 \/ 10GbE &nbsp; 6 puertos QSFP + \/ QSFP28 de 40 \/ 100GbE &#8211; Puerto de consola: puerto de consola RJ-45 para administraci&oacute;n fuera de banda &#8211; Puerto de administraci&oacute;n: Ethernet 10\/100\/1000 BASE-T RJ-45 para administraci&oacute;n&hellip;&nbsp;D-Link DXS-3610-54T\/SI Switch L3 48x10GbE QSFP+","og_url":"https:\/\/aivlisoft.net\/shop\/producto\/d-link-dxs-3610-54t-si-switch-l3-48x10gbe-qsfp\/","og_site_name":"Aivlisoft Inform\u00e1tica","article_modified_time":"2025-01-14T11:50:43+00:00","og_image":[{"width":800,"height":800,"url":"https:\/\/aivlisoft.net\/shop\/wp-content\/uploads\/2025\/01\/NSWSAR0275_800.jpg","type":"image\/jpeg"}],"twitter_card":"summary_large_image","twitter_misc":{"Tiempo de lectura":"4 minutos"},"schema":{"@context":"https:\/\/schema.org","@graph":[{"@type":"WebPage","@id":"https:\/\/aivlisoft.net\/shop\/producto\/d-link-dxs-3610-54t-si-switch-l3-48x10gbe-qsfp\/","url":"https:\/\/aivlisoft.net\/shop\/producto\/d-link-dxs-3610-54t-si-switch-l3-48x10gbe-qsfp\/","name":"D-Link DXS-3610-54T\/SI Switch L3 48x10GbE QSFP+ - Aivlisoft Inform\u00e1tica","isPartOf":{"@id":"https:\/\/aivlisoft.net\/shop\/#website"},"primaryImageOfPage":{"@id":"https:\/\/aivlisoft.net\/shop\/producto\/d-link-dxs-3610-54t-si-switch-l3-48x10gbe-qsfp\/#primaryimage"},"image":{"@id":"https:\/\/aivlisoft.net\/shop\/producto\/d-link-dxs-3610-54t-si-switch-l3-48x10gbe-qsfp\/#primaryimage"},"thumbnailUrl":"https:\/\/aivlisoft.net\/shop\/wp-content\/uploads\/2025\/01\/NSWSAR0275_800.jpg","datePublished":"2025-01-13T15:42:47+00:00","dateModified":"2025-01-14T11:50:43+00:00","breadcrumb":{"@id":"https:\/\/aivlisoft.net\/shop\/producto\/d-link-dxs-3610-54t-si-switch-l3-48x10gbe-qsfp\/#breadcrumb"},"inLanguage":"es","potentialAction":[{"@type":"ReadAction","target":["https:\/\/aivlisoft.net\/shop\/producto\/d-link-dxs-3610-54t-si-switch-l3-48x10gbe-qsfp\/"]}]},{"@type":"ImageObject","inLanguage":"es","@id":"https:\/\/aivlisoft.net\/shop\/producto\/d-link-dxs-3610-54t-si-switch-l3-48x10gbe-qsfp\/#primaryimage","url":"https:\/\/aivlisoft.net\/shop\/wp-content\/uploads\/2025\/01\/NSWSAR0275_800.jpg","contentUrl":"https:\/\/aivlisoft.net\/shop\/wp-content\/uploads\/2025\/01\/NSWSAR0275_800.jpg","width":800,"height":800},{"@type":"BreadcrumbList","@id":"https:\/\/aivlisoft.net\/shop\/producto\/d-link-dxs-3610-54t-si-switch-l3-48x10gbe-qsfp\/#breadcrumb","itemListElement":[{"@type":"ListItem","position":1,"name":"Portada","item":"https:\/\/aivlisoft.net\/shop\/"},{"@type":"ListItem","position":2,"name":"Tienda","item":"https:\/\/aivlisoft.net\/shop\/tienda\/"},{"@type":"ListItem","position":3,"name":"D-Link DXS-3610-54T\/SI Switch L3 48x10GbE QSFP+"}]},{"@type":"WebSite","@id":"https:\/\/aivlisoft.net\/shop\/#website","url":"https:\/\/aivlisoft.net\/shop\/","name":"Aivlisoft Inform\u00e1tica","description":"En Aivlisoft Inform\u00e1tica ofrecemos soluciones tecnol\u00f3gicas para empresas: venta de ordenadores, consumibles, perif\u00e9ricos y m\u00e1s. Calidad, atenci\u00f3n personalizada y los mejores precios para tu negocio.","publisher":{"@id":"https:\/\/aivlisoft.net\/shop\/#organization"},"potentialAction":[{"@type":"SearchAction","target":{"@type":"EntryPoint","urlTemplate":"https:\/\/aivlisoft.net\/shop\/?s={search_term_string}"},"query-input":{"@type":"PropertyValueSpecification","valueRequired":true,"valueName":"search_term_string"}}],"inLanguage":"es"},{"@type":"Organization","@id":"https:\/\/aivlisoft.net\/shop\/#organization","name":"Aivlisoft Inform\u00e1tica","url":"https:\/\/aivlisoft.net\/shop\/","logo":{"@type":"ImageObject","inLanguage":"es","@id":"https:\/\/aivlisoft.net\/shop\/#\/schema\/logo\/image\/","url":"https:\/\/aivlisoft.net\/shop\/wp-content\/uploads\/2024\/12\/removal.ai_5b848c54-0cdf-4140-95c5-c5536bb7573b-logodef.png","contentUrl":"https:\/\/aivlisoft.net\/shop\/wp-content\/uploads\/2024\/12\/removal.ai_5b848c54-0cdf-4140-95c5-c5536bb7573b-logodef.png","width":484,"height":182,"caption":"Aivlisoft Inform\u00e1tica"},"image":{"@id":"https:\/\/aivlisoft.net\/shop\/#\/schema\/logo\/image\/"}}]}},"_links":{"self":[{"href":"https:\/\/aivlisoft.net\/shop\/wp-json\/wp\/v2\/product\/20434","targetHints":{"allow":["GET"]}}],"collection":[{"href":"https:\/\/aivlisoft.net\/shop\/wp-json\/wp\/v2\/product"}],"about":[{"href":"https:\/\/aivlisoft.net\/shop\/wp-json\/wp\/v2\/types\/product"}],"wp:featuredmedia":[{"embeddable":true,"href":"https:\/\/aivlisoft.net\/shop\/wp-json\/wp\/v2\/media\/20435"}],"wp:attachment":[{"href":"https:\/\/aivlisoft.net\/shop\/wp-json\/wp\/v2\/media?parent=20434"}],"wp:term":[{"taxonomy":"product_brand","embeddable":true,"href":"https:\/\/aivlisoft.net\/shop\/wp-json\/wp\/v2\/product_brand?post=20434"},{"taxonomy":"product_cat","embeddable":true,"href":"https:\/\/aivlisoft.net\/shop\/wp-json\/wp\/v2\/product_cat?post=20434"},{"taxonomy":"product_tag","embeddable":true,"href":"https:\/\/aivlisoft.net\/shop\/wp-json\/wp\/v2\/product_tag?post=20434"}],"curies":[{"name":"wp","href":"https:\/\/api.w.org\/{rel}","templated":true}]}}