{"id":20426,"date":"2025-01-13T15:42:42","date_gmt":"2025-01-13T15:42:42","guid":{"rendered":"https:\/\/aivlisoft.com\/?post_type=product&#038;p=20426"},"modified":"2025-01-14T11:50:42","modified_gmt":"2025-01-14T11:50:42","slug":"zyxel-gs1100-24e-v3-switch-24xgb","status":"publish","type":"product","link":"https:\/\/aivlisoft.net\/shop\/producto\/zyxel-gs1100-24e-v3-switch-24xgb\/","title":{"rendered":"ZyXEL GS1100-24E V3 Switch 24xGB"},"content":{"rendered":"<p>&nbsp;<\/p>\n<table class=\"tabla_caracteristicas k-table\" width=\"100%\">\n<tr>\n<td><strong>Marca<\/strong><\/td>\n<td>ZyXEL<\/td>\n<\/tr>\n<tr>\n<td><strong>Modelo<\/strong><\/td>\n<td><strong>GS1100-24E-EU0103F<\/strong><\/td>\n<\/tr>\n<tr>\n<td valign=\"top\"><strong>Interfaces<\/strong><\/td>\n<td>&#8211; N&uacute;mero total de puertos: 24<br \/>\t\t\t&#8211; 100\/1000 Mbps: 24<\/td>\n<\/tr>\n<tr>\n<td valign=\"top\"><strong>Rendimiento<\/strong><\/td>\n<td>&#8211; Capacidad de conmutaci&oacute;n (Gbps): 48<br \/>\t\t\t&#8211; Tasa de reenv&iacute;o (Mpps): 35,7<br \/>\t\t\t&#8211; B&uacute;fer de paquetes (byte): 525 K<br \/>\t\t\t&#8211; Jumbo frame: 10 K<br \/>\t\t\t&#8211; Tabla de direcciones MAC: 8 K<br \/>\t\t\t&#8211; Auto MDI \/ MDI-X<br \/>\t\t\t&#8211; CoS 802.1p<br \/>\t\t\t&#8211; Paso de paquetes de VLAN<\/td>\n<\/tr>\n<tr>\n<td valign=\"top\"><strong>Otras caracter&iacute;sticas<\/strong><\/td>\n<td>&#8211; Dimensiones (An x Prof x Al): 267 x 162 x 42 mm<br \/>\t\t\t&#8211; Peso: 1,5 kg<br \/>\t\t\t&#8211; Temperatura de funcionamiento: 0 &deg; C a 40 &deg; C<br \/>\t\t\t&#8211; Humedad de funcionamiento: 10% a 90% (sin condensaci&oacute;n)<br \/>\t\t\t&#8211; Temperatura de almacenamiento: -40 &deg; C a 70 &deg; C \/ -40 &deg;<br \/>\t\t\t&#8211; Humedad de almacenamiento: 10% a 95% (sin condensaci&oacute;n)<br \/>\t\t\t&#8211; MTBF (h): 366,919<br \/>\t\t\t&#8211; Disipaci&oacute;n de calor (BTU \/ h): 43,53<br \/>\t\t\t&#8211; Sin ventilador<br \/>\t\t\t<strong>Requisitos de energ&iacute;a<\/strong><br \/>\t\t\t&#8211; Voltaje de entrada de CA: 100 &#8211; 240 V CA, 50\/60 Hz<br \/>\t\t\t&#8211; Fuente de alimentaci&oacute;n: interna<br \/>\t\t\t&#8211; Consumo m&aacute;ximo de energ&iacute;a: 13 W<br \/>\t\t\t<strong>Incluye<\/strong><br \/>\t\t\t&#8211; Cable de alimentaci&oacute;n<br \/>\t\t\t&#8211; Kit de montaje en pared<br \/>\t\t\t&#8211; Kit de montaje en rack<\/td>\n<\/tr>\n<tr>\n<td><strong>Fecha Revisi&oacute;n<\/strong><\/td>\n<td>13-05-2021 por MSB<\/td>\n<\/tr>\n<\/table>\n","protected":false},"excerpt":{"rendered":"<p>&nbsp; Marca ZyXEL Modelo GS1100-24E-EU0103F Interfaces &#8211; N&uacute;mero total de puertos: 24 &#8211; 100\/1000 Mbps: 24 Rendimiento &#8211; Capacidad de conmutaci&oacute;n (Gbps): 48 &#8211; Tasa de reenv&iacute;o (Mpps): 35,7 &#8211; B&uacute;fer de paquetes (byte): 525 K &#8211; Jumbo frame: 10 K &#8211; Tabla de direcciones MAC: 8 K &#8211; Auto MDI \/ MDI-X &#8211; CoS&hellip;&nbsp;<a href=\"https:\/\/aivlisoft.net\/shop\/producto\/zyxel-gs1100-24e-v3-switch-24xgb\/\" rel=\"bookmark\"><span class=\"screen-reader-text\">ZyXEL GS1100-24E V3 Switch 24xGB<\/span><\/a><\/p>\n","protected":false},"featured_media":20427,"template":"","meta":{"neve_meta_sidebar":"","neve_meta_container":"","neve_meta_enable_content_width":"","neve_meta_content_width":0,"neve_meta_title_alignment":"","neve_meta_author_avatar":"","neve_post_elements_order":"","neve_meta_disable_header":"","neve_meta_disable_footer":"","neve_meta_disable_title":""},"product_brand":[],"product_cat":[8771],"product_tag":[7292],"class_list":{"0":"post-20426","1":"product","2":"type-product","3":"status-publish","4":"has-post-thumbnail","6":"product_cat-switches-armario","7":"product_tag-gs1100-24e-eu0103f","9":"first","10":"instock","11":"taxable","12":"shipping-taxable","13":"purchasable","14":"product-type-simple"},"yoast_head":"<!-- This site is optimized with the Yoast SEO plugin v26.0 - https:\/\/yoast.com\/wordpress\/plugins\/seo\/ -->\n<title>ZyXEL GS1100-24E V3 Switch 24xGB - Aivlisoft Inform\u00e1tica<\/title>\n<meta name=\"robots\" content=\"index, follow, max-snippet:-1, max-image-preview:large, max-video-preview:-1\" \/>\n<link rel=\"canonical\" href=\"https:\/\/aivlisoft.net\/shop\/producto\/zyxel-gs1100-24e-v3-switch-24xgb\/\" \/>\n<meta property=\"og:locale\" content=\"es_ES\" \/>\n<meta property=\"og:type\" content=\"article\" \/>\n<meta property=\"og:title\" content=\"ZyXEL GS1100-24E V3 Switch 24xGB - Aivlisoft Inform\u00e1tica\" \/>\n<meta property=\"og:description\" content=\"&nbsp; Marca ZyXEL Modelo GS1100-24E-EU0103F Interfaces &#8211; N&uacute;mero total de puertos: 24 &#8211; 100\/1000 Mbps: 24 Rendimiento &#8211; Capacidad de conmutaci&oacute;n (Gbps): 48 &#8211; Tasa de reenv&iacute;o (Mpps): 35,7 &#8211; B&uacute;fer de paquetes (byte): 525 K &#8211; Jumbo frame: 10 K &#8211; Tabla de direcciones MAC: 8 K &#8211; Auto MDI \/ MDI-X &#8211; CoS&hellip;&nbsp;ZyXEL GS1100-24E V3 Switch 24xGB\" \/>\n<meta property=\"og:url\" content=\"https:\/\/aivlisoft.net\/shop\/producto\/zyxel-gs1100-24e-v3-switch-24xgb\/\" \/>\n<meta property=\"og:site_name\" content=\"Aivlisoft Inform\u00e1tica\" \/>\n<meta property=\"article:modified_time\" content=\"2025-01-14T11:50:42+00:00\" \/>\n<meta property=\"og:image\" content=\"https:\/\/aivlisoft.net\/shop\/wp-content\/uploads\/2025\/01\/NSWSAR0273_800.jpg\" \/>\n\t<meta property=\"og:image:width\" content=\"800\" \/>\n\t<meta property=\"og:image:height\" content=\"800\" \/>\n\t<meta property=\"og:image:type\" content=\"image\/jpeg\" \/>\n<meta name=\"twitter:card\" content=\"summary_large_image\" \/>\n<meta name=\"twitter:label1\" content=\"Tiempo de lectura\" \/>\n\t<meta name=\"twitter:data1\" content=\"1 minuto\" \/>\n<script type=\"application\/ld+json\" class=\"yoast-schema-graph\">{\"@context\":\"https:\/\/schema.org\",\"@graph\":[{\"@type\":\"WebPage\",\"@id\":\"https:\/\/aivlisoft.net\/shop\/producto\/zyxel-gs1100-24e-v3-switch-24xgb\/\",\"url\":\"https:\/\/aivlisoft.net\/shop\/producto\/zyxel-gs1100-24e-v3-switch-24xgb\/\",\"name\":\"ZyXEL GS1100-24E V3 Switch 24xGB - Aivlisoft Inform\u00e1tica\",\"isPartOf\":{\"@id\":\"https:\/\/aivlisoft.net\/shop\/#website\"},\"primaryImageOfPage\":{\"@id\":\"https:\/\/aivlisoft.net\/shop\/producto\/zyxel-gs1100-24e-v3-switch-24xgb\/#primaryimage\"},\"image\":{\"@id\":\"https:\/\/aivlisoft.net\/shop\/producto\/zyxel-gs1100-24e-v3-switch-24xgb\/#primaryimage\"},\"thumbnailUrl\":\"https:\/\/aivlisoft.net\/shop\/wp-content\/uploads\/2025\/01\/NSWSAR0273_800.jpg\",\"datePublished\":\"2025-01-13T15:42:42+00:00\",\"dateModified\":\"2025-01-14T11:50:42+00:00\",\"breadcrumb\":{\"@id\":\"https:\/\/aivlisoft.net\/shop\/producto\/zyxel-gs1100-24e-v3-switch-24xgb\/#breadcrumb\"},\"inLanguage\":\"es\",\"potentialAction\":[{\"@type\":\"ReadAction\",\"target\":[\"https:\/\/aivlisoft.net\/shop\/producto\/zyxel-gs1100-24e-v3-switch-24xgb\/\"]}]},{\"@type\":\"ImageObject\",\"inLanguage\":\"es\",\"@id\":\"https:\/\/aivlisoft.net\/shop\/producto\/zyxel-gs1100-24e-v3-switch-24xgb\/#primaryimage\",\"url\":\"https:\/\/aivlisoft.net\/shop\/wp-content\/uploads\/2025\/01\/NSWSAR0273_800.jpg\",\"contentUrl\":\"https:\/\/aivlisoft.net\/shop\/wp-content\/uploads\/2025\/01\/NSWSAR0273_800.jpg\",\"width\":800,\"height\":800},{\"@type\":\"BreadcrumbList\",\"@id\":\"https:\/\/aivlisoft.net\/shop\/producto\/zyxel-gs1100-24e-v3-switch-24xgb\/#breadcrumb\",\"itemListElement\":[{\"@type\":\"ListItem\",\"position\":1,\"name\":\"Portada\",\"item\":\"https:\/\/aivlisoft.net\/shop\/\"},{\"@type\":\"ListItem\",\"position\":2,\"name\":\"Tienda\",\"item\":\"https:\/\/aivlisoft.net\/shop\/tienda\/\"},{\"@type\":\"ListItem\",\"position\":3,\"name\":\"ZyXEL GS1100-24E V3 Switch 24xGB\"}]},{\"@type\":\"WebSite\",\"@id\":\"https:\/\/aivlisoft.net\/shop\/#website\",\"url\":\"https:\/\/aivlisoft.net\/shop\/\",\"name\":\"Aivlisoft Inform\u00e1tica\",\"description\":\"En Aivlisoft Inform\u00e1tica ofrecemos soluciones tecnol\u00f3gicas para empresas: venta de ordenadores, consumibles, perif\u00e9ricos y m\u00e1s. Calidad, atenci\u00f3n personalizada y los mejores precios para tu negocio.\",\"publisher\":{\"@id\":\"https:\/\/aivlisoft.net\/shop\/#organization\"},\"potentialAction\":[{\"@type\":\"SearchAction\",\"target\":{\"@type\":\"EntryPoint\",\"urlTemplate\":\"https:\/\/aivlisoft.net\/shop\/?s={search_term_string}\"},\"query-input\":{\"@type\":\"PropertyValueSpecification\",\"valueRequired\":true,\"valueName\":\"search_term_string\"}}],\"inLanguage\":\"es\"},{\"@type\":\"Organization\",\"@id\":\"https:\/\/aivlisoft.net\/shop\/#organization\",\"name\":\"Aivlisoft Inform\u00e1tica\",\"url\":\"https:\/\/aivlisoft.net\/shop\/\",\"logo\":{\"@type\":\"ImageObject\",\"inLanguage\":\"es\",\"@id\":\"https:\/\/aivlisoft.net\/shop\/#\/schema\/logo\/image\/\",\"url\":\"https:\/\/aivlisoft.net\/shop\/wp-content\/uploads\/2024\/12\/removal.ai_5b848c54-0cdf-4140-95c5-c5536bb7573b-logodef.png\",\"contentUrl\":\"https:\/\/aivlisoft.net\/shop\/wp-content\/uploads\/2024\/12\/removal.ai_5b848c54-0cdf-4140-95c5-c5536bb7573b-logodef.png\",\"width\":484,\"height\":182,\"caption\":\"Aivlisoft Inform\u00e1tica\"},\"image\":{\"@id\":\"https:\/\/aivlisoft.net\/shop\/#\/schema\/logo\/image\/\"}}]}<\/script>\n<!-- \/ Yoast SEO plugin. -->","yoast_head_json":{"title":"ZyXEL GS1100-24E V3 Switch 24xGB - Aivlisoft Inform\u00e1tica","robots":{"index":"index","follow":"follow","max-snippet":"max-snippet:-1","max-image-preview":"max-image-preview:large","max-video-preview":"max-video-preview:-1"},"canonical":"https:\/\/aivlisoft.net\/shop\/producto\/zyxel-gs1100-24e-v3-switch-24xgb\/","og_locale":"es_ES","og_type":"article","og_title":"ZyXEL GS1100-24E V3 Switch 24xGB - Aivlisoft Inform\u00e1tica","og_description":"&nbsp; Marca ZyXEL Modelo GS1100-24E-EU0103F Interfaces &#8211; N&uacute;mero total de puertos: 24 &#8211; 100\/1000 Mbps: 24 Rendimiento &#8211; Capacidad de conmutaci&oacute;n (Gbps): 48 &#8211; Tasa de reenv&iacute;o (Mpps): 35,7 &#8211; B&uacute;fer de paquetes (byte): 525 K &#8211; Jumbo frame: 10 K &#8211; Tabla de direcciones MAC: 8 K &#8211; Auto MDI \/ MDI-X &#8211; CoS&hellip;&nbsp;ZyXEL GS1100-24E V3 Switch 24xGB","og_url":"https:\/\/aivlisoft.net\/shop\/producto\/zyxel-gs1100-24e-v3-switch-24xgb\/","og_site_name":"Aivlisoft Inform\u00e1tica","article_modified_time":"2025-01-14T11:50:42+00:00","og_image":[{"width":800,"height":800,"url":"https:\/\/aivlisoft.net\/shop\/wp-content\/uploads\/2025\/01\/NSWSAR0273_800.jpg","type":"image\/jpeg"}],"twitter_card":"summary_large_image","twitter_misc":{"Tiempo de lectura":"1 minuto"},"schema":{"@context":"https:\/\/schema.org","@graph":[{"@type":"WebPage","@id":"https:\/\/aivlisoft.net\/shop\/producto\/zyxel-gs1100-24e-v3-switch-24xgb\/","url":"https:\/\/aivlisoft.net\/shop\/producto\/zyxel-gs1100-24e-v3-switch-24xgb\/","name":"ZyXEL GS1100-24E V3 Switch 24xGB - Aivlisoft Inform\u00e1tica","isPartOf":{"@id":"https:\/\/aivlisoft.net\/shop\/#website"},"primaryImageOfPage":{"@id":"https:\/\/aivlisoft.net\/shop\/producto\/zyxel-gs1100-24e-v3-switch-24xgb\/#primaryimage"},"image":{"@id":"https:\/\/aivlisoft.net\/shop\/producto\/zyxel-gs1100-24e-v3-switch-24xgb\/#primaryimage"},"thumbnailUrl":"https:\/\/aivlisoft.net\/shop\/wp-content\/uploads\/2025\/01\/NSWSAR0273_800.jpg","datePublished":"2025-01-13T15:42:42+00:00","dateModified":"2025-01-14T11:50:42+00:00","breadcrumb":{"@id":"https:\/\/aivlisoft.net\/shop\/producto\/zyxel-gs1100-24e-v3-switch-24xgb\/#breadcrumb"},"inLanguage":"es","potentialAction":[{"@type":"ReadAction","target":["https:\/\/aivlisoft.net\/shop\/producto\/zyxel-gs1100-24e-v3-switch-24xgb\/"]}]},{"@type":"ImageObject","inLanguage":"es","@id":"https:\/\/aivlisoft.net\/shop\/producto\/zyxel-gs1100-24e-v3-switch-24xgb\/#primaryimage","url":"https:\/\/aivlisoft.net\/shop\/wp-content\/uploads\/2025\/01\/NSWSAR0273_800.jpg","contentUrl":"https:\/\/aivlisoft.net\/shop\/wp-content\/uploads\/2025\/01\/NSWSAR0273_800.jpg","width":800,"height":800},{"@type":"BreadcrumbList","@id":"https:\/\/aivlisoft.net\/shop\/producto\/zyxel-gs1100-24e-v3-switch-24xgb\/#breadcrumb","itemListElement":[{"@type":"ListItem","position":1,"name":"Portada","item":"https:\/\/aivlisoft.net\/shop\/"},{"@type":"ListItem","position":2,"name":"Tienda","item":"https:\/\/aivlisoft.net\/shop\/tienda\/"},{"@type":"ListItem","position":3,"name":"ZyXEL GS1100-24E V3 Switch 24xGB"}]},{"@type":"WebSite","@id":"https:\/\/aivlisoft.net\/shop\/#website","url":"https:\/\/aivlisoft.net\/shop\/","name":"Aivlisoft Inform\u00e1tica","description":"En Aivlisoft Inform\u00e1tica ofrecemos soluciones tecnol\u00f3gicas para empresas: venta de ordenadores, consumibles, perif\u00e9ricos y m\u00e1s. Calidad, atenci\u00f3n personalizada y los mejores precios para tu negocio.","publisher":{"@id":"https:\/\/aivlisoft.net\/shop\/#organization"},"potentialAction":[{"@type":"SearchAction","target":{"@type":"EntryPoint","urlTemplate":"https:\/\/aivlisoft.net\/shop\/?s={search_term_string}"},"query-input":{"@type":"PropertyValueSpecification","valueRequired":true,"valueName":"search_term_string"}}],"inLanguage":"es"},{"@type":"Organization","@id":"https:\/\/aivlisoft.net\/shop\/#organization","name":"Aivlisoft Inform\u00e1tica","url":"https:\/\/aivlisoft.net\/shop\/","logo":{"@type":"ImageObject","inLanguage":"es","@id":"https:\/\/aivlisoft.net\/shop\/#\/schema\/logo\/image\/","url":"https:\/\/aivlisoft.net\/shop\/wp-content\/uploads\/2024\/12\/removal.ai_5b848c54-0cdf-4140-95c5-c5536bb7573b-logodef.png","contentUrl":"https:\/\/aivlisoft.net\/shop\/wp-content\/uploads\/2024\/12\/removal.ai_5b848c54-0cdf-4140-95c5-c5536bb7573b-logodef.png","width":484,"height":182,"caption":"Aivlisoft Inform\u00e1tica"},"image":{"@id":"https:\/\/aivlisoft.net\/shop\/#\/schema\/logo\/image\/"}}]}},"_links":{"self":[{"href":"https:\/\/aivlisoft.net\/shop\/wp-json\/wp\/v2\/product\/20426","targetHints":{"allow":["GET"]}}],"collection":[{"href":"https:\/\/aivlisoft.net\/shop\/wp-json\/wp\/v2\/product"}],"about":[{"href":"https:\/\/aivlisoft.net\/shop\/wp-json\/wp\/v2\/types\/product"}],"wp:featuredmedia":[{"embeddable":true,"href":"https:\/\/aivlisoft.net\/shop\/wp-json\/wp\/v2\/media\/20427"}],"wp:attachment":[{"href":"https:\/\/aivlisoft.net\/shop\/wp-json\/wp\/v2\/media?parent=20426"}],"wp:term":[{"taxonomy":"product_brand","embeddable":true,"href":"https:\/\/aivlisoft.net\/shop\/wp-json\/wp\/v2\/product_brand?post=20426"},{"taxonomy":"product_cat","embeddable":true,"href":"https:\/\/aivlisoft.net\/shop\/wp-json\/wp\/v2\/product_cat?post=20426"},{"taxonomy":"product_tag","embeddable":true,"href":"https:\/\/aivlisoft.net\/shop\/wp-json\/wp\/v2\/product_tag?post=20426"}],"curies":[{"name":"wp","href":"https:\/\/api.w.org\/{rel}","templated":true}]}}