{"id":20418,"date":"2025-01-13T15:42:34","date_gmt":"2025-01-13T15:42:34","guid":{"rendered":"https:\/\/aivlisoft.com\/?post_type=product&#038;p=20418"},"modified":"2025-01-14T11:50:37","modified_gmt":"2025-01-14T11:50:37","slug":"tp-link-sl2428p-switch-24x10-100mbps-poe-4xgb","status":"publish","type":"product","link":"https:\/\/aivlisoft.net\/shop\/producto\/tp-link-sl2428p-switch-24x10-100mbps-poe-4xgb\/","title":{"rendered":"TP-Link SL2428P Switch 24&#215;10\/100Mbps PoE+ 4xGb"},"content":{"rendered":"<p><\/p>\n<table class=\"tabla_caracteristicas k-table\" width=\"100%\">\n<tbody>\n<tr>\n<td><strong>Marca<\/strong><\/td>\n<td>TP-Link<\/td>\n<\/tr>\n<tr>\n<td valign=\"top\"><strong>Modelo<\/strong><\/td>\n<td><strong>TL-SL2428P<\/strong><\/td>\n<\/tr>\n<tr>\n<td valign=\"top\">\n<div><strong>Especificaciones<\/strong><\/div>\n<\/td>\n<td><strong>Est&aacute;ndares y protocolos<\/strong><br \/>IEEE 802.3i, IEEE 802.3u, IEEE 802.3ab, IEEE802.3z, IEEE 802.3ad, IEEE 802.3x, IEEE 802.3az, IEEE 802.1d, IEEE 802.1s, IEEE 802.1w, IEEE 802.1q, IEEE 802.1x, IEEE 802.1p, IEEE 802.3af, IEEE 802.3at<br \/><strong>Interface<\/strong><br \/>&#8211; 24 x 10\/100Mbps RJ45 Ports<br \/>(Auto Negotiation\/Auto MDI\/MDIX)<br \/>&#8211; 4 x 10\/100\/1000Mbps RJ45 Ports<br \/>(Auto Negotiation\/Auto MDI\/MDIX)<br \/>&#8211; 2 x Combo Gigabit SFP Slots<br \/><strong>Red<\/strong><br \/>&#8211; 10BASE-T: UTP category 3, 4, 5 cable (maximum 100m)<br \/>&#8211; 100BASE-TX\/1000Base-T: UTP category 5, 5e or above cable<br \/>(maximum 100m)<br \/>&#8211; 1000BASE-X: MMF, SMF<br \/><strong><\/strong>&#8211; Cantidad de ventiladores: 2<br \/>&#8211; Bloqueo de seguridad f&iacute;sica: S&iacute;<br \/>&#8211; Presupuesto PoE: 250 W<br \/>&#8211; Dimensiones (An x Pr x Al): (440 x 180 x 44 mm)<br \/>&#8211; Montaje: montaje en bastidor<br \/>&#8211; Consumo m&aacute;ximo de energ&iacute;a:<br \/>&nbsp; 18,8 W (220 V \/ 50 Hz sin PD conectado)<br \/>&nbsp; 286,7 W (220 V \/ 50 Hz con PD de 250 W conectado)<br \/>&#8211; Disipaci&oacute;n de calor m&aacute;xima:<br \/>&nbsp; 64,1 BTU \/ h (sin PD conectado)<br \/>&nbsp; 977,6 BTU \/ h (220 V \/ 50 Hz con PD de 250 W conectado)<br \/><strong>Rendimiento<\/strong><br \/>&#8211; Capacidad de conmutaci&oacute;n: 12,8 Gbps<br \/>&#8211; Tasa de reenv&iacute;o de paquetes: 9.5 Mpps<br \/>&#8211; Tabla de direcciones MAC: 8K<br \/>&#8211; Trama Jumbo: 9216 bytes<strong><\/strong><\/td>\n<\/tr>\n<tr>\n<td><strong>Otras Caracter&iacute;sticas<\/strong><\/td>\n<td><strong><\/strong>&#8211; Certificaci&oacute;n: CE, FCC, RoHS<br \/>&#8211; Contenido del paquete: <br \/>&nbsp; TL-SL2428P<br \/>&nbsp; Cable de alimentaci&oacute;n<br \/>&nbsp; Gu&iacute;a de instalaci&oacute;n<br \/>&nbsp; Kit de montaje en bastidor<br \/>&nbsp; Patas de goma<br \/>&#8211; Requisitos del sistema: Microsoft&reg; Windows&reg; 98SE, NT, 2000, XP, Vista &trade; o Windows 7\/8, MAC&reg; OS, NetWare&reg;, UNIX&reg; o Linux.<br \/>&#8211; Entorno: <br \/>&nbsp; Temperatura de funcionamiento: 0 ? ~ 50 ?<br \/>&nbsp; Temperatura de almacenamiento: -40 ? ~ 70 ?<br \/>&nbsp; Humedad de funcionamiento: 10% ~ 90% sin condensaci&oacute;n<br \/>&nbsp; Humedad de almacenamiento: 5% ~ 90% sin condensaci&oacute;n<strong><\/strong><\/td>\n<\/tr>\n<tr>\n<td><strong>Fecha de revisi&oacute;n<\/strong><\/td>\n<td>20-11-2020 por MPM<\/td>\n<\/tr>\n<\/tbody>\n<\/table>\n","protected":false},"excerpt":{"rendered":"<p>Marca TP-Link Modelo TL-SL2428P Especificaciones Est&aacute;ndares y protocolosIEEE 802.3i, IEEE 802.3u, IEEE 802.3ab, IEEE802.3z, IEEE 802.3ad, IEEE 802.3x, IEEE 802.3az, IEEE 802.1d, IEEE 802.1s, IEEE 802.1w, IEEE 802.1q, IEEE 802.1x, IEEE 802.1p, IEEE 802.3af, IEEE 802.3atInterface&#8211; 24 x 10\/100Mbps RJ45 Ports(Auto Negotiation\/Auto MDI\/MDIX)&#8211; 4 x 10\/100\/1000Mbps RJ45 Ports(Auto Negotiation\/Auto MDI\/MDIX)&#8211; 2 x Combo Gigabit SFP&hellip;&nbsp;<a href=\"https:\/\/aivlisoft.net\/shop\/producto\/tp-link-sl2428p-switch-24x10-100mbps-poe-4xgb\/\" rel=\"bookmark\"><span class=\"screen-reader-text\">TP-Link SL2428P Switch 24&#215;10\/100Mbps PoE+ 4xGb<\/span><\/a><\/p>\n","protected":false},"featured_media":20419,"template":"","meta":{"neve_meta_sidebar":"","neve_meta_container":"","neve_meta_enable_content_width":"","neve_meta_content_width":0,"neve_meta_title_alignment":"","neve_meta_author_avatar":"","neve_post_elements_order":"","neve_meta_disable_header":"","neve_meta_disable_footer":"","neve_meta_disable_title":""},"product_brand":[],"product_cat":[8771],"product_tag":[7290],"class_list":{"0":"post-20418","1":"product","2":"type-product","3":"status-publish","4":"has-post-thumbnail","6":"product_cat-switches-armario","7":"product_tag-sl2428p","9":"first","10":"instock","11":"taxable","12":"shipping-taxable","13":"purchasable","14":"product-type-simple"},"yoast_head":"<!-- This site is optimized with the Yoast SEO plugin v26.0 - https:\/\/yoast.com\/wordpress\/plugins\/seo\/ -->\n<title>TP-Link SL2428P Switch 24x10\/100Mbps PoE+ 4xGb - Aivlisoft Inform\u00e1tica<\/title>\n<meta name=\"robots\" content=\"index, follow, max-snippet:-1, max-image-preview:large, max-video-preview:-1\" \/>\n<link rel=\"canonical\" href=\"https:\/\/aivlisoft.net\/shop\/producto\/tp-link-sl2428p-switch-24x10-100mbps-poe-4xgb\/\" \/>\n<meta property=\"og:locale\" content=\"es_ES\" \/>\n<meta property=\"og:type\" content=\"article\" \/>\n<meta property=\"og:title\" content=\"TP-Link SL2428P Switch 24x10\/100Mbps PoE+ 4xGb - Aivlisoft Inform\u00e1tica\" \/>\n<meta property=\"og:description\" content=\"Marca TP-Link Modelo TL-SL2428P Especificaciones Est&aacute;ndares y protocolosIEEE 802.3i, IEEE 802.3u, IEEE 802.3ab, IEEE802.3z, IEEE 802.3ad, IEEE 802.3x, IEEE 802.3az, IEEE 802.1d, IEEE 802.1s, IEEE 802.1w, IEEE 802.1q, IEEE 802.1x, IEEE 802.1p, IEEE 802.3af, IEEE 802.3atInterface&#8211; 24 x 10\/100Mbps RJ45 Ports(Auto Negotiation\/Auto MDI\/MDIX)&#8211; 4 x 10\/100\/1000Mbps RJ45 Ports(Auto Negotiation\/Auto MDI\/MDIX)&#8211; 2 x Combo Gigabit SFP&hellip;&nbsp;TP-Link SL2428P Switch 24&#215;10\/100Mbps PoE+ 4xGb\" \/>\n<meta property=\"og:url\" content=\"https:\/\/aivlisoft.net\/shop\/producto\/tp-link-sl2428p-switch-24x10-100mbps-poe-4xgb\/\" \/>\n<meta property=\"og:site_name\" content=\"Aivlisoft Inform\u00e1tica\" \/>\n<meta property=\"article:modified_time\" content=\"2025-01-14T11:50:37+00:00\" \/>\n<meta property=\"og:image\" content=\"https:\/\/aivlisoft.net\/shop\/wp-content\/uploads\/2025\/01\/NSWSAR0271_800.jpg\" \/>\n\t<meta property=\"og:image:width\" content=\"800\" \/>\n\t<meta property=\"og:image:height\" content=\"800\" \/>\n\t<meta property=\"og:image:type\" content=\"image\/jpeg\" \/>\n<meta name=\"twitter:card\" content=\"summary_large_image\" \/>\n<meta name=\"twitter:label1\" content=\"Tiempo de lectura\" \/>\n\t<meta name=\"twitter:data1\" content=\"1 minuto\" \/>\n<script type=\"application\/ld+json\" class=\"yoast-schema-graph\">{\"@context\":\"https:\/\/schema.org\",\"@graph\":[{\"@type\":\"WebPage\",\"@id\":\"https:\/\/aivlisoft.net\/shop\/producto\/tp-link-sl2428p-switch-24x10-100mbps-poe-4xgb\/\",\"url\":\"https:\/\/aivlisoft.net\/shop\/producto\/tp-link-sl2428p-switch-24x10-100mbps-poe-4xgb\/\",\"name\":\"TP-Link SL2428P Switch 24x10\/100Mbps PoE+ 4xGb - Aivlisoft Inform\u00e1tica\",\"isPartOf\":{\"@id\":\"https:\/\/aivlisoft.net\/shop\/#website\"},\"primaryImageOfPage\":{\"@id\":\"https:\/\/aivlisoft.net\/shop\/producto\/tp-link-sl2428p-switch-24x10-100mbps-poe-4xgb\/#primaryimage\"},\"image\":{\"@id\":\"https:\/\/aivlisoft.net\/shop\/producto\/tp-link-sl2428p-switch-24x10-100mbps-poe-4xgb\/#primaryimage\"},\"thumbnailUrl\":\"https:\/\/aivlisoft.net\/shop\/wp-content\/uploads\/2025\/01\/NSWSAR0271_800.jpg\",\"datePublished\":\"2025-01-13T15:42:34+00:00\",\"dateModified\":\"2025-01-14T11:50:37+00:00\",\"breadcrumb\":{\"@id\":\"https:\/\/aivlisoft.net\/shop\/producto\/tp-link-sl2428p-switch-24x10-100mbps-poe-4xgb\/#breadcrumb\"},\"inLanguage\":\"es\",\"potentialAction\":[{\"@type\":\"ReadAction\",\"target\":[\"https:\/\/aivlisoft.net\/shop\/producto\/tp-link-sl2428p-switch-24x10-100mbps-poe-4xgb\/\"]}]},{\"@type\":\"ImageObject\",\"inLanguage\":\"es\",\"@id\":\"https:\/\/aivlisoft.net\/shop\/producto\/tp-link-sl2428p-switch-24x10-100mbps-poe-4xgb\/#primaryimage\",\"url\":\"https:\/\/aivlisoft.net\/shop\/wp-content\/uploads\/2025\/01\/NSWSAR0271_800.jpg\",\"contentUrl\":\"https:\/\/aivlisoft.net\/shop\/wp-content\/uploads\/2025\/01\/NSWSAR0271_800.jpg\",\"width\":800,\"height\":800},{\"@type\":\"BreadcrumbList\",\"@id\":\"https:\/\/aivlisoft.net\/shop\/producto\/tp-link-sl2428p-switch-24x10-100mbps-poe-4xgb\/#breadcrumb\",\"itemListElement\":[{\"@type\":\"ListItem\",\"position\":1,\"name\":\"Portada\",\"item\":\"https:\/\/aivlisoft.net\/shop\/\"},{\"@type\":\"ListItem\",\"position\":2,\"name\":\"Tienda\",\"item\":\"https:\/\/aivlisoft.net\/shop\/tienda\/\"},{\"@type\":\"ListItem\",\"position\":3,\"name\":\"TP-Link SL2428P Switch 24&#215;10\/100Mbps PoE+ 4xGb\"}]},{\"@type\":\"WebSite\",\"@id\":\"https:\/\/aivlisoft.net\/shop\/#website\",\"url\":\"https:\/\/aivlisoft.net\/shop\/\",\"name\":\"Aivlisoft Inform\u00e1tica\",\"description\":\"En Aivlisoft Inform\u00e1tica ofrecemos soluciones tecnol\u00f3gicas para empresas: venta de ordenadores, consumibles, perif\u00e9ricos y m\u00e1s. Calidad, atenci\u00f3n personalizada y los mejores precios para tu negocio.\",\"publisher\":{\"@id\":\"https:\/\/aivlisoft.net\/shop\/#organization\"},\"potentialAction\":[{\"@type\":\"SearchAction\",\"target\":{\"@type\":\"EntryPoint\",\"urlTemplate\":\"https:\/\/aivlisoft.net\/shop\/?s={search_term_string}\"},\"query-input\":{\"@type\":\"PropertyValueSpecification\",\"valueRequired\":true,\"valueName\":\"search_term_string\"}}],\"inLanguage\":\"es\"},{\"@type\":\"Organization\",\"@id\":\"https:\/\/aivlisoft.net\/shop\/#organization\",\"name\":\"Aivlisoft Inform\u00e1tica\",\"url\":\"https:\/\/aivlisoft.net\/shop\/\",\"logo\":{\"@type\":\"ImageObject\",\"inLanguage\":\"es\",\"@id\":\"https:\/\/aivlisoft.net\/shop\/#\/schema\/logo\/image\/\",\"url\":\"https:\/\/aivlisoft.net\/shop\/wp-content\/uploads\/2024\/12\/removal.ai_5b848c54-0cdf-4140-95c5-c5536bb7573b-logodef.png\",\"contentUrl\":\"https:\/\/aivlisoft.net\/shop\/wp-content\/uploads\/2024\/12\/removal.ai_5b848c54-0cdf-4140-95c5-c5536bb7573b-logodef.png\",\"width\":484,\"height\":182,\"caption\":\"Aivlisoft Inform\u00e1tica\"},\"image\":{\"@id\":\"https:\/\/aivlisoft.net\/shop\/#\/schema\/logo\/image\/\"}}]}<\/script>\n<!-- \/ Yoast SEO plugin. -->","yoast_head_json":{"title":"TP-Link SL2428P Switch 24x10\/100Mbps PoE+ 4xGb - Aivlisoft Inform\u00e1tica","robots":{"index":"index","follow":"follow","max-snippet":"max-snippet:-1","max-image-preview":"max-image-preview:large","max-video-preview":"max-video-preview:-1"},"canonical":"https:\/\/aivlisoft.net\/shop\/producto\/tp-link-sl2428p-switch-24x10-100mbps-poe-4xgb\/","og_locale":"es_ES","og_type":"article","og_title":"TP-Link SL2428P Switch 24x10\/100Mbps PoE+ 4xGb - Aivlisoft Inform\u00e1tica","og_description":"Marca TP-Link Modelo TL-SL2428P Especificaciones Est&aacute;ndares y protocolosIEEE 802.3i, IEEE 802.3u, IEEE 802.3ab, IEEE802.3z, IEEE 802.3ad, IEEE 802.3x, IEEE 802.3az, IEEE 802.1d, IEEE 802.1s, IEEE 802.1w, IEEE 802.1q, IEEE 802.1x, IEEE 802.1p, IEEE 802.3af, IEEE 802.3atInterface&#8211; 24 x 10\/100Mbps RJ45 Ports(Auto Negotiation\/Auto MDI\/MDIX)&#8211; 4 x 10\/100\/1000Mbps RJ45 Ports(Auto Negotiation\/Auto MDI\/MDIX)&#8211; 2 x Combo Gigabit SFP&hellip;&nbsp;TP-Link SL2428P Switch 24&#215;10\/100Mbps PoE+ 4xGb","og_url":"https:\/\/aivlisoft.net\/shop\/producto\/tp-link-sl2428p-switch-24x10-100mbps-poe-4xgb\/","og_site_name":"Aivlisoft Inform\u00e1tica","article_modified_time":"2025-01-14T11:50:37+00:00","og_image":[{"width":800,"height":800,"url":"https:\/\/aivlisoft.net\/shop\/wp-content\/uploads\/2025\/01\/NSWSAR0271_800.jpg","type":"image\/jpeg"}],"twitter_card":"summary_large_image","twitter_misc":{"Tiempo de lectura":"1 minuto"},"schema":{"@context":"https:\/\/schema.org","@graph":[{"@type":"WebPage","@id":"https:\/\/aivlisoft.net\/shop\/producto\/tp-link-sl2428p-switch-24x10-100mbps-poe-4xgb\/","url":"https:\/\/aivlisoft.net\/shop\/producto\/tp-link-sl2428p-switch-24x10-100mbps-poe-4xgb\/","name":"TP-Link SL2428P Switch 24x10\/100Mbps PoE+ 4xGb - Aivlisoft Inform\u00e1tica","isPartOf":{"@id":"https:\/\/aivlisoft.net\/shop\/#website"},"primaryImageOfPage":{"@id":"https:\/\/aivlisoft.net\/shop\/producto\/tp-link-sl2428p-switch-24x10-100mbps-poe-4xgb\/#primaryimage"},"image":{"@id":"https:\/\/aivlisoft.net\/shop\/producto\/tp-link-sl2428p-switch-24x10-100mbps-poe-4xgb\/#primaryimage"},"thumbnailUrl":"https:\/\/aivlisoft.net\/shop\/wp-content\/uploads\/2025\/01\/NSWSAR0271_800.jpg","datePublished":"2025-01-13T15:42:34+00:00","dateModified":"2025-01-14T11:50:37+00:00","breadcrumb":{"@id":"https:\/\/aivlisoft.net\/shop\/producto\/tp-link-sl2428p-switch-24x10-100mbps-poe-4xgb\/#breadcrumb"},"inLanguage":"es","potentialAction":[{"@type":"ReadAction","target":["https:\/\/aivlisoft.net\/shop\/producto\/tp-link-sl2428p-switch-24x10-100mbps-poe-4xgb\/"]}]},{"@type":"ImageObject","inLanguage":"es","@id":"https:\/\/aivlisoft.net\/shop\/producto\/tp-link-sl2428p-switch-24x10-100mbps-poe-4xgb\/#primaryimage","url":"https:\/\/aivlisoft.net\/shop\/wp-content\/uploads\/2025\/01\/NSWSAR0271_800.jpg","contentUrl":"https:\/\/aivlisoft.net\/shop\/wp-content\/uploads\/2025\/01\/NSWSAR0271_800.jpg","width":800,"height":800},{"@type":"BreadcrumbList","@id":"https:\/\/aivlisoft.net\/shop\/producto\/tp-link-sl2428p-switch-24x10-100mbps-poe-4xgb\/#breadcrumb","itemListElement":[{"@type":"ListItem","position":1,"name":"Portada","item":"https:\/\/aivlisoft.net\/shop\/"},{"@type":"ListItem","position":2,"name":"Tienda","item":"https:\/\/aivlisoft.net\/shop\/tienda\/"},{"@type":"ListItem","position":3,"name":"TP-Link SL2428P Switch 24&#215;10\/100Mbps PoE+ 4xGb"}]},{"@type":"WebSite","@id":"https:\/\/aivlisoft.net\/shop\/#website","url":"https:\/\/aivlisoft.net\/shop\/","name":"Aivlisoft Inform\u00e1tica","description":"En Aivlisoft Inform\u00e1tica ofrecemos soluciones tecnol\u00f3gicas para empresas: venta de ordenadores, consumibles, perif\u00e9ricos y m\u00e1s. Calidad, atenci\u00f3n personalizada y los mejores precios para tu negocio.","publisher":{"@id":"https:\/\/aivlisoft.net\/shop\/#organization"},"potentialAction":[{"@type":"SearchAction","target":{"@type":"EntryPoint","urlTemplate":"https:\/\/aivlisoft.net\/shop\/?s={search_term_string}"},"query-input":{"@type":"PropertyValueSpecification","valueRequired":true,"valueName":"search_term_string"}}],"inLanguage":"es"},{"@type":"Organization","@id":"https:\/\/aivlisoft.net\/shop\/#organization","name":"Aivlisoft Inform\u00e1tica","url":"https:\/\/aivlisoft.net\/shop\/","logo":{"@type":"ImageObject","inLanguage":"es","@id":"https:\/\/aivlisoft.net\/shop\/#\/schema\/logo\/image\/","url":"https:\/\/aivlisoft.net\/shop\/wp-content\/uploads\/2024\/12\/removal.ai_5b848c54-0cdf-4140-95c5-c5536bb7573b-logodef.png","contentUrl":"https:\/\/aivlisoft.net\/shop\/wp-content\/uploads\/2024\/12\/removal.ai_5b848c54-0cdf-4140-95c5-c5536bb7573b-logodef.png","width":484,"height":182,"caption":"Aivlisoft Inform\u00e1tica"},"image":{"@id":"https:\/\/aivlisoft.net\/shop\/#\/schema\/logo\/image\/"}}]}},"_links":{"self":[{"href":"https:\/\/aivlisoft.net\/shop\/wp-json\/wp\/v2\/product\/20418","targetHints":{"allow":["GET"]}}],"collection":[{"href":"https:\/\/aivlisoft.net\/shop\/wp-json\/wp\/v2\/product"}],"about":[{"href":"https:\/\/aivlisoft.net\/shop\/wp-json\/wp\/v2\/types\/product"}],"wp:featuredmedia":[{"embeddable":true,"href":"https:\/\/aivlisoft.net\/shop\/wp-json\/wp\/v2\/media\/20419"}],"wp:attachment":[{"href":"https:\/\/aivlisoft.net\/shop\/wp-json\/wp\/v2\/media?parent=20418"}],"wp:term":[{"taxonomy":"product_brand","embeddable":true,"href":"https:\/\/aivlisoft.net\/shop\/wp-json\/wp\/v2\/product_brand?post=20418"},{"taxonomy":"product_cat","embeddable":true,"href":"https:\/\/aivlisoft.net\/shop\/wp-json\/wp\/v2\/product_cat?post=20418"},{"taxonomy":"product_tag","embeddable":true,"href":"https:\/\/aivlisoft.net\/shop\/wp-json\/wp\/v2\/product_tag?post=20418"}],"curies":[{"name":"wp","href":"https:\/\/api.w.org\/{rel}","templated":true}]}}