{"id":20416,"date":"2025-01-13T15:42:33","date_gmt":"2025-01-13T15:42:33","guid":{"rendered":"https:\/\/aivlisoft.com\/?post_type=product&#038;p=20416"},"modified":"2025-01-14T11:50:36","modified_gmt":"2025-01-14T11:50:36","slug":"zyxel-gs1900-24hpv2-switch-l2-24xgbe-poe-rackmount","status":"publish","type":"product","link":"https:\/\/aivlisoft.net\/shop\/producto\/zyxel-gs1900-24hpv2-switch-l2-24xgbe-poe-rackmount\/","title":{"rendered":"ZyXEL GS1900-24HPv2 Switch L2 24xGbE PoE Rackmount"},"content":{"rendered":"<p><\/p>\n<table class=\"tabla_caracteristicas k-table\" width=\"100%\">\n<tbody>\n<tr>\n<td><strong>Marca<\/strong><\/td>\n<td>ZyXEL<\/td>\n<\/tr>\n<tr>\n<td valign=\"top\"><strong>Modelo<\/strong><\/td>\n<td><strong>GS190024HPV2-EU0101F<\/strong><\/td>\n<\/tr>\n<tr>\n<td><strong>Puertos<\/strong><\/td>\n<td>\n<div>&#8211; Puertos totales: 26 <\/div>\n<p>&#8211; 100\/1000 Mbps: 24<br \/>&#8211; SFP 100\/1000 Mbps: 2<br \/>&#8211; Puertos PoE 802.3at: 24 (130W)<\/td>\n<\/tr>\n<tr>\n<td valign=\"top\">\n<div><strong>Caracter&iacute;sticas<\/strong><\/div>\n<\/td>\n<td><strong>Rendimiento<\/strong><br \/>&#8211; Capacidad de conmutaci&oacute;n (Gbps): 52<br \/>&#8211; Tasa de reenv&iacute;o (Mpps): 39<br \/>&#8211; B&uacute;fer de paquetes (byte): 525 K<br \/>&#8211; Tabla de direcciones MAC: 8 K<br \/>&#8211; Trama gigante (byte): 9 K<br \/><strong>Alimentaci&oacute;n<\/strong><br \/>&#8211; Entrada: 100-240 V CA, 50\/60 Hz<br \/>&#8211; Max. consumo de energ&iacute;a (vatios): 206.5<br \/><strong>F&iacute;sicas<\/strong><br \/>&#8211; Dimensiones (AxPxAl): 441 x 270 x 44<br \/>&#8211; Peso: 3,55<\/td>\n<\/tr>\n<tr>\n<td valign=\"top\"><\/td>\n<td><strong>Cumplimiento de normas<\/strong><br \/>&#8211; Ethernet IEEE 802.3 10BASE-T<br \/>&#8211; Ethernet IEEE 802.3u 100BASE-TX<br \/>&#8211; Ethernet IEEE 802.3ab (1000BASE-T)<br \/>&#8211; Control de flujo IEEE 802.3x<br \/>&#8211; Soporte IEEE 802.3az EEE<br \/>&#8211; Compatibilidad con IEEE 802.1p CoS<br \/>&#8211; IEEE 802.3af PoE (GS1900-8HP \/ 10HP \/ 24HP \/ 48HP)<br \/>&#8211; IEEE 802.3at PoE plus (GS1900-8HP \/ 10HP \/ 24HP \/ 48HP)<br \/>&#8211; Protocolo de &aacute;rbol de expansi&oacute;n IEEE 802.1D (STP)<br \/>&#8211; Protocolo de &aacute;rbol de expansi&oacute;n r&aacute;pida IEEE 802.1w (RSTP)<br \/>&#8211; Protocolo de &aacute;rbol de expansi&oacute;n m&uacute;ltiple IEEE 802.1s (MSTP)<br \/>&#8211; Funcionamiento full-duplex y half duplex con control de flujo y contrapresi&oacute;n IEEE 802.3x<br \/>&#8211; Almacenamiento y reenvio<br \/>&#8211; Auto MDI \/ MID-X<br \/><strong>Resiliencia y disponibilidad<\/strong><br \/>&#8211; Protocolo de &aacute;rbol de expansi&oacute;n IEEE 802.1D (STP)<br \/>&#8211; Protocolo de &aacute;rbol de expansi&oacute;n r&aacute;pida IEEE 802.1w (RSTP)<br \/>&#8211; Protocolo de &aacute;rbol de expansi&oacute;n m&uacute;ltiple IEEE 802.1s (MSTP)<br \/>&#8211; IEEE 802.3ad LACP<br \/>&#8211; Archivos de configuraci&oacute;n dual<br \/>&#8211; Im&aacute;genes duales<br \/><strong>Gesti&oacute;n de tr&aacute;fico y QoS<\/strong><br \/>&#8211; Etiquetado VLAN IEEE 802.1Q<br \/>&#8211; IEEE 802.3ad LACP<br \/>&#8211; VLAN de invitado<br \/>&#8211; VLAN de voz<br \/>&#8211; Control de tormentas<br \/>&#8211; Colas de prioridad IEEE 802.1p por puerto<br \/>&#8211; M&eacute;todo de cola IEEE 802.1p (SPQ \/ WRR)<br \/>&#8211; Mapeo de prioridad de entrada<br \/>&#8211; Limitaci&oacute;n de velocidad por puerto (entrada \/ salida)<br \/>&#8211; Control de flujo IEEE 802.3x<br \/><strong>Calidad de servicio (QoS)<\/strong><br \/>&#8211; Clase de servicio IEEE 802.1p (SPQ, WRR)<br \/>&#8211; CoS basado en puerto<br \/>&#8211; Precedencia IP TOS<br \/><strong>Seguridad<\/strong><br \/>&#8211; IEEE 802.1x<br \/>&#8211; Seguridad portuaria<br \/>&#8211; Filtrado MAC de capa 2<br \/>&#8211; Reenv&iacute;o de MAC est&aacute;tico<br \/>&#8211; RADIO<br \/>&#8211; TACACS +<br \/>&#8211; SSL<br \/>&#8211; VLAN de gesti&oacute;n<br \/>&#8211; Motor de defensa de CPU<br \/>&#8211; Prevenci&oacute;n DoS<br \/><strong>Multidifusi&oacute;n de capa 2<\/strong><br \/>&#8211; Snooping IGMP (v1, v2, v3)<br \/><strong>Gesti&oacute;n de IPv6<\/strong><br \/>&#8211; IPv6 sobre Ethernet (RFC 2464)<br \/>&#8211; Doble pila (RFC 4213)<br \/>&#8211; ICMPv6 (RFC 4884)<br \/>&#8211; Descubrimiento de vecinos (RFC 4861)<br \/>&#8211; Configuraci&oacute;n autom&aacute;tica<br \/>&#8211; Direcci&oacute;n IPv6 est&aacute;tica y longitud de prefijo<br \/>&#8211; Puerta de enlace predeterminada IPv6 est&aacute;tica<br \/>&#8211; Detecci&oacute;n de direcciones duplicadas IPv6<br \/><strong>Manejabilidad<\/strong><br \/>&#8211; SNMP v1, v2, v3<br \/>&#8211; RMON (1, 2, 3, 9)<br \/>&#8211; Respuesta de eco \/ eco ICMP<br \/>&#8211; Syslog<br \/>&#8211; IEEE 802.1AB LLDP<br \/>&#8211; IEEE 802.1AB LLDP-MED<br \/>&#8211; Nuevo para V2.60 LLDP-Power a trav&eacute;s de MDI<br \/><strong>Gesti&oacute;n de dispositivos<\/strong><br \/>&#8211; Interfaz web<br \/>&#8211; Actualizaci&oacute;n remota de firmware por Web<br \/>&#8211; Configuraci&oacute;n de guardar y recuperar<br \/>&#8211; Actualizaci&oacute;n de firmware a trav&eacute;s de SNMP<br \/>&#8211; Cliente DHCP<br \/>&#8211; Horario de verano<br \/>&#8211; NTP<br \/>&#8211; Duplicaci&oacute;n de puertos<br \/>&#8211; PoE programado<br \/>&#8211; Modo de consumo predeterminado de PoE<br \/>&#8211; Grupo de rango de tiempo para PoE programado<br \/><strong>MIB<\/strong><br \/>&#8211; RFC 1213 MIB II<br \/>&#8211; RFC 2819 RMON (grupo 1, 2, 3, 9)<br \/>&#8211; Trampas gen&eacute;ricas RFC 1215<br \/>&#8211; Puente RFC 1493<br \/>&#8211; MIB com&uacute;n privado de Zyxel<br \/><strong>Certificaciones<\/strong><br \/>&#8211; EMC<br \/>&nbsp; CE, FCC, C-Tick, Clase A (GS1900-24 \/ 24HP \/ 48 \/ 48HP)<br \/>&nbsp; CE, FCC, C-Tick, Clase B (GS1900-8 \/ 8HP \/ 10HP \/ 16 \/ 24E)<br \/>&nbsp; BSMI CNS13438<br \/>&#8211; La seguridad<br \/>&nbsp; LVD EN60950-1<br \/>&nbsp; BSMI CNS14336-1<br \/>&nbsp; CB IEC60950-1 (GS1900-8HP \/ 10HP \/ 16 \/ 24E \/ 24)<br \/>&#8211; RoHS<br \/><strong>Red Zyxel One<\/strong><br \/>&#8211; Descubrimiento de conmutadores, AP y puertas de enlace Zyxel<br \/>&#8211; Configuraciones centralizadas y por lotes:<br \/>&nbsp; Configuraci&oacute;n IP<br \/>&nbsp; Renovaci&oacute;n de IP<br \/>&nbsp; Restablecimiento de f&aacute;brica del dispositivo<br \/>&nbsp; Reinicio del dispositivo<br \/>&nbsp; Localizaci&oacute;n de dispositivos<br \/>&nbsp; Acceso a la GUI web<br \/>&nbsp; Configuraci&oacute;n de contrase&ntilde;a<br \/>&nbsp; Asociaci&oacute;n r&aacute;pida con un clic con Zyxel AP Configurator (ZAC)<br \/>&#8211; Detecci&oacute;n autom&aacute;tica del &uacute;ltimo firmware<br \/>&#8211; Muestra el n&uacute;mero de serie del dispositivo y la versi&oacute;n de hardware<br \/>&#8211; Opci&oacute;n de encendido \/ apagado del modo de nube para dispositivos de la serie h&iacute;brida<\/td>\n<\/tr>\n<tr>\n<td><strong>Fecha de revisi&oacute;n<\/strong><\/td>\n<td>20-11-2020 por MSB<\/td>\n<\/tr>\n<\/tbody>\n<\/table>\n","protected":false},"excerpt":{"rendered":"<p>Marca ZyXEL Modelo GS190024HPV2-EU0101F Puertos &#8211; Puertos totales: 26 &#8211; 100\/1000 Mbps: 24&#8211; SFP 100\/1000 Mbps: 2&#8211; Puertos PoE 802.3at: 24 (130W) Caracter&iacute;sticas Rendimiento&#8211; Capacidad de conmutaci&oacute;n (Gbps): 52&#8211; Tasa de reenv&iacute;o (Mpps): 39&#8211; B&uacute;fer de paquetes (byte): 525 K&#8211; Tabla de direcciones MAC: 8 K&#8211; Trama gigante (byte): 9 KAlimentaci&oacute;n&#8211; Entrada: 100-240 V CA,&hellip;&nbsp;<a href=\"https:\/\/aivlisoft.net\/shop\/producto\/zyxel-gs1900-24hpv2-switch-l2-24xgbe-poe-rackmount\/\" rel=\"bookmark\"><span class=\"screen-reader-text\">ZyXEL GS1900-24HPv2 Switch L2 24xGbE PoE Rackmount<\/span><\/a><\/p>\n","protected":false},"featured_media":20417,"template":"","meta":{"neve_meta_sidebar":"","neve_meta_container":"","neve_meta_enable_content_width":"","neve_meta_content_width":0,"neve_meta_title_alignment":"","neve_meta_author_avatar":"","neve_post_elements_order":"","neve_meta_disable_header":"","neve_meta_disable_footer":"","neve_meta_disable_title":""},"product_brand":[],"product_cat":[8771],"product_tag":[7289],"class_list":{"0":"post-20416","1":"product","2":"type-product","3":"status-publish","4":"has-post-thumbnail","6":"product_cat-switches-armario","7":"product_tag-gs190024hpv2-eu0101f","9":"first","10":"instock","11":"taxable","12":"shipping-taxable","13":"purchasable","14":"product-type-simple"},"yoast_head":"<!-- This site is optimized with the Yoast SEO plugin v26.0 - https:\/\/yoast.com\/wordpress\/plugins\/seo\/ -->\n<title>ZyXEL GS1900-24HPv2 Switch L2 24xGbE PoE Rackmount - Aivlisoft Inform\u00e1tica<\/title>\n<meta name=\"robots\" content=\"index, follow, max-snippet:-1, max-image-preview:large, max-video-preview:-1\" \/>\n<link rel=\"canonical\" href=\"https:\/\/aivlisoft.net\/shop\/producto\/zyxel-gs1900-24hpv2-switch-l2-24xgbe-poe-rackmount\/\" \/>\n<meta property=\"og:locale\" content=\"es_ES\" \/>\n<meta property=\"og:type\" content=\"article\" \/>\n<meta property=\"og:title\" content=\"ZyXEL GS1900-24HPv2 Switch L2 24xGbE PoE Rackmount - Aivlisoft Inform\u00e1tica\" \/>\n<meta property=\"og:description\" content=\"Marca ZyXEL Modelo GS190024HPV2-EU0101F Puertos &#8211; Puertos totales: 26 &#8211; 100\/1000 Mbps: 24&#8211; SFP 100\/1000 Mbps: 2&#8211; Puertos PoE 802.3at: 24 (130W) Caracter&iacute;sticas Rendimiento&#8211; Capacidad de conmutaci&oacute;n (Gbps): 52&#8211; Tasa de reenv&iacute;o (Mpps): 39&#8211; B&uacute;fer de paquetes (byte): 525 K&#8211; Tabla de direcciones MAC: 8 K&#8211; Trama gigante (byte): 9 KAlimentaci&oacute;n&#8211; Entrada: 100-240 V CA,&hellip;&nbsp;ZyXEL GS1900-24HPv2 Switch L2 24xGbE PoE Rackmount\" \/>\n<meta property=\"og:url\" content=\"https:\/\/aivlisoft.net\/shop\/producto\/zyxel-gs1900-24hpv2-switch-l2-24xgbe-poe-rackmount\/\" \/>\n<meta property=\"og:site_name\" content=\"Aivlisoft Inform\u00e1tica\" \/>\n<meta property=\"article:modified_time\" content=\"2025-01-14T11:50:36+00:00\" \/>\n<meta property=\"og:image\" content=\"https:\/\/aivlisoft.net\/shop\/wp-content\/uploads\/2025\/01\/NSWSAR0270_800.jpg\" \/>\n\t<meta property=\"og:image:width\" content=\"800\" \/>\n\t<meta property=\"og:image:height\" content=\"800\" \/>\n\t<meta property=\"og:image:type\" content=\"image\/jpeg\" \/>\n<meta name=\"twitter:card\" content=\"summary_large_image\" \/>\n<meta name=\"twitter:label1\" content=\"Tiempo de lectura\" \/>\n\t<meta name=\"twitter:data1\" content=\"4 minutos\" \/>\n<script type=\"application\/ld+json\" class=\"yoast-schema-graph\">{\"@context\":\"https:\/\/schema.org\",\"@graph\":[{\"@type\":\"WebPage\",\"@id\":\"https:\/\/aivlisoft.net\/shop\/producto\/zyxel-gs1900-24hpv2-switch-l2-24xgbe-poe-rackmount\/\",\"url\":\"https:\/\/aivlisoft.net\/shop\/producto\/zyxel-gs1900-24hpv2-switch-l2-24xgbe-poe-rackmount\/\",\"name\":\"ZyXEL GS1900-24HPv2 Switch L2 24xGbE PoE Rackmount - Aivlisoft Inform\u00e1tica\",\"isPartOf\":{\"@id\":\"https:\/\/aivlisoft.net\/shop\/#website\"},\"primaryImageOfPage\":{\"@id\":\"https:\/\/aivlisoft.net\/shop\/producto\/zyxel-gs1900-24hpv2-switch-l2-24xgbe-poe-rackmount\/#primaryimage\"},\"image\":{\"@id\":\"https:\/\/aivlisoft.net\/shop\/producto\/zyxel-gs1900-24hpv2-switch-l2-24xgbe-poe-rackmount\/#primaryimage\"},\"thumbnailUrl\":\"https:\/\/aivlisoft.net\/shop\/wp-content\/uploads\/2025\/01\/NSWSAR0270_800.jpg\",\"datePublished\":\"2025-01-13T15:42:33+00:00\",\"dateModified\":\"2025-01-14T11:50:36+00:00\",\"breadcrumb\":{\"@id\":\"https:\/\/aivlisoft.net\/shop\/producto\/zyxel-gs1900-24hpv2-switch-l2-24xgbe-poe-rackmount\/#breadcrumb\"},\"inLanguage\":\"es\",\"potentialAction\":[{\"@type\":\"ReadAction\",\"target\":[\"https:\/\/aivlisoft.net\/shop\/producto\/zyxel-gs1900-24hpv2-switch-l2-24xgbe-poe-rackmount\/\"]}]},{\"@type\":\"ImageObject\",\"inLanguage\":\"es\",\"@id\":\"https:\/\/aivlisoft.net\/shop\/producto\/zyxel-gs1900-24hpv2-switch-l2-24xgbe-poe-rackmount\/#primaryimage\",\"url\":\"https:\/\/aivlisoft.net\/shop\/wp-content\/uploads\/2025\/01\/NSWSAR0270_800.jpg\",\"contentUrl\":\"https:\/\/aivlisoft.net\/shop\/wp-content\/uploads\/2025\/01\/NSWSAR0270_800.jpg\",\"width\":800,\"height\":800},{\"@type\":\"BreadcrumbList\",\"@id\":\"https:\/\/aivlisoft.net\/shop\/producto\/zyxel-gs1900-24hpv2-switch-l2-24xgbe-poe-rackmount\/#breadcrumb\",\"itemListElement\":[{\"@type\":\"ListItem\",\"position\":1,\"name\":\"Portada\",\"item\":\"https:\/\/aivlisoft.net\/shop\/\"},{\"@type\":\"ListItem\",\"position\":2,\"name\":\"Tienda\",\"item\":\"https:\/\/aivlisoft.net\/shop\/tienda\/\"},{\"@type\":\"ListItem\",\"position\":3,\"name\":\"ZyXEL GS1900-24HPv2 Switch L2 24xGbE PoE Rackmount\"}]},{\"@type\":\"WebSite\",\"@id\":\"https:\/\/aivlisoft.net\/shop\/#website\",\"url\":\"https:\/\/aivlisoft.net\/shop\/\",\"name\":\"Aivlisoft Inform\u00e1tica\",\"description\":\"En Aivlisoft Inform\u00e1tica ofrecemos soluciones tecnol\u00f3gicas para empresas: venta de ordenadores, consumibles, perif\u00e9ricos y m\u00e1s. Calidad, atenci\u00f3n personalizada y los mejores precios para tu negocio.\",\"publisher\":{\"@id\":\"https:\/\/aivlisoft.net\/shop\/#organization\"},\"potentialAction\":[{\"@type\":\"SearchAction\",\"target\":{\"@type\":\"EntryPoint\",\"urlTemplate\":\"https:\/\/aivlisoft.net\/shop\/?s={search_term_string}\"},\"query-input\":{\"@type\":\"PropertyValueSpecification\",\"valueRequired\":true,\"valueName\":\"search_term_string\"}}],\"inLanguage\":\"es\"},{\"@type\":\"Organization\",\"@id\":\"https:\/\/aivlisoft.net\/shop\/#organization\",\"name\":\"Aivlisoft Inform\u00e1tica\",\"url\":\"https:\/\/aivlisoft.net\/shop\/\",\"logo\":{\"@type\":\"ImageObject\",\"inLanguage\":\"es\",\"@id\":\"https:\/\/aivlisoft.net\/shop\/#\/schema\/logo\/image\/\",\"url\":\"https:\/\/aivlisoft.net\/shop\/wp-content\/uploads\/2024\/12\/removal.ai_5b848c54-0cdf-4140-95c5-c5536bb7573b-logodef.png\",\"contentUrl\":\"https:\/\/aivlisoft.net\/shop\/wp-content\/uploads\/2024\/12\/removal.ai_5b848c54-0cdf-4140-95c5-c5536bb7573b-logodef.png\",\"width\":484,\"height\":182,\"caption\":\"Aivlisoft Inform\u00e1tica\"},\"image\":{\"@id\":\"https:\/\/aivlisoft.net\/shop\/#\/schema\/logo\/image\/\"}}]}<\/script>\n<!-- \/ Yoast SEO plugin. -->","yoast_head_json":{"title":"ZyXEL GS1900-24HPv2 Switch L2 24xGbE PoE Rackmount - Aivlisoft Inform\u00e1tica","robots":{"index":"index","follow":"follow","max-snippet":"max-snippet:-1","max-image-preview":"max-image-preview:large","max-video-preview":"max-video-preview:-1"},"canonical":"https:\/\/aivlisoft.net\/shop\/producto\/zyxel-gs1900-24hpv2-switch-l2-24xgbe-poe-rackmount\/","og_locale":"es_ES","og_type":"article","og_title":"ZyXEL GS1900-24HPv2 Switch L2 24xGbE PoE Rackmount - Aivlisoft Inform\u00e1tica","og_description":"Marca ZyXEL Modelo GS190024HPV2-EU0101F Puertos &#8211; Puertos totales: 26 &#8211; 100\/1000 Mbps: 24&#8211; SFP 100\/1000 Mbps: 2&#8211; Puertos PoE 802.3at: 24 (130W) Caracter&iacute;sticas Rendimiento&#8211; Capacidad de conmutaci&oacute;n (Gbps): 52&#8211; Tasa de reenv&iacute;o (Mpps): 39&#8211; B&uacute;fer de paquetes (byte): 525 K&#8211; Tabla de direcciones MAC: 8 K&#8211; Trama gigante (byte): 9 KAlimentaci&oacute;n&#8211; Entrada: 100-240 V CA,&hellip;&nbsp;ZyXEL GS1900-24HPv2 Switch L2 24xGbE PoE Rackmount","og_url":"https:\/\/aivlisoft.net\/shop\/producto\/zyxel-gs1900-24hpv2-switch-l2-24xgbe-poe-rackmount\/","og_site_name":"Aivlisoft Inform\u00e1tica","article_modified_time":"2025-01-14T11:50:36+00:00","og_image":[{"width":800,"height":800,"url":"https:\/\/aivlisoft.net\/shop\/wp-content\/uploads\/2025\/01\/NSWSAR0270_800.jpg","type":"image\/jpeg"}],"twitter_card":"summary_large_image","twitter_misc":{"Tiempo de lectura":"4 minutos"},"schema":{"@context":"https:\/\/schema.org","@graph":[{"@type":"WebPage","@id":"https:\/\/aivlisoft.net\/shop\/producto\/zyxel-gs1900-24hpv2-switch-l2-24xgbe-poe-rackmount\/","url":"https:\/\/aivlisoft.net\/shop\/producto\/zyxel-gs1900-24hpv2-switch-l2-24xgbe-poe-rackmount\/","name":"ZyXEL GS1900-24HPv2 Switch L2 24xGbE PoE Rackmount - Aivlisoft Inform\u00e1tica","isPartOf":{"@id":"https:\/\/aivlisoft.net\/shop\/#website"},"primaryImageOfPage":{"@id":"https:\/\/aivlisoft.net\/shop\/producto\/zyxel-gs1900-24hpv2-switch-l2-24xgbe-poe-rackmount\/#primaryimage"},"image":{"@id":"https:\/\/aivlisoft.net\/shop\/producto\/zyxel-gs1900-24hpv2-switch-l2-24xgbe-poe-rackmount\/#primaryimage"},"thumbnailUrl":"https:\/\/aivlisoft.net\/shop\/wp-content\/uploads\/2025\/01\/NSWSAR0270_800.jpg","datePublished":"2025-01-13T15:42:33+00:00","dateModified":"2025-01-14T11:50:36+00:00","breadcrumb":{"@id":"https:\/\/aivlisoft.net\/shop\/producto\/zyxel-gs1900-24hpv2-switch-l2-24xgbe-poe-rackmount\/#breadcrumb"},"inLanguage":"es","potentialAction":[{"@type":"ReadAction","target":["https:\/\/aivlisoft.net\/shop\/producto\/zyxel-gs1900-24hpv2-switch-l2-24xgbe-poe-rackmount\/"]}]},{"@type":"ImageObject","inLanguage":"es","@id":"https:\/\/aivlisoft.net\/shop\/producto\/zyxel-gs1900-24hpv2-switch-l2-24xgbe-poe-rackmount\/#primaryimage","url":"https:\/\/aivlisoft.net\/shop\/wp-content\/uploads\/2025\/01\/NSWSAR0270_800.jpg","contentUrl":"https:\/\/aivlisoft.net\/shop\/wp-content\/uploads\/2025\/01\/NSWSAR0270_800.jpg","width":800,"height":800},{"@type":"BreadcrumbList","@id":"https:\/\/aivlisoft.net\/shop\/producto\/zyxel-gs1900-24hpv2-switch-l2-24xgbe-poe-rackmount\/#breadcrumb","itemListElement":[{"@type":"ListItem","position":1,"name":"Portada","item":"https:\/\/aivlisoft.net\/shop\/"},{"@type":"ListItem","position":2,"name":"Tienda","item":"https:\/\/aivlisoft.net\/shop\/tienda\/"},{"@type":"ListItem","position":3,"name":"ZyXEL GS1900-24HPv2 Switch L2 24xGbE PoE Rackmount"}]},{"@type":"WebSite","@id":"https:\/\/aivlisoft.net\/shop\/#website","url":"https:\/\/aivlisoft.net\/shop\/","name":"Aivlisoft Inform\u00e1tica","description":"En Aivlisoft Inform\u00e1tica ofrecemos soluciones tecnol\u00f3gicas para empresas: venta de ordenadores, consumibles, perif\u00e9ricos y m\u00e1s. Calidad, atenci\u00f3n personalizada y los mejores precios para tu negocio.","publisher":{"@id":"https:\/\/aivlisoft.net\/shop\/#organization"},"potentialAction":[{"@type":"SearchAction","target":{"@type":"EntryPoint","urlTemplate":"https:\/\/aivlisoft.net\/shop\/?s={search_term_string}"},"query-input":{"@type":"PropertyValueSpecification","valueRequired":true,"valueName":"search_term_string"}}],"inLanguage":"es"},{"@type":"Organization","@id":"https:\/\/aivlisoft.net\/shop\/#organization","name":"Aivlisoft Inform\u00e1tica","url":"https:\/\/aivlisoft.net\/shop\/","logo":{"@type":"ImageObject","inLanguage":"es","@id":"https:\/\/aivlisoft.net\/shop\/#\/schema\/logo\/image\/","url":"https:\/\/aivlisoft.net\/shop\/wp-content\/uploads\/2024\/12\/removal.ai_5b848c54-0cdf-4140-95c5-c5536bb7573b-logodef.png","contentUrl":"https:\/\/aivlisoft.net\/shop\/wp-content\/uploads\/2024\/12\/removal.ai_5b848c54-0cdf-4140-95c5-c5536bb7573b-logodef.png","width":484,"height":182,"caption":"Aivlisoft Inform\u00e1tica"},"image":{"@id":"https:\/\/aivlisoft.net\/shop\/#\/schema\/logo\/image\/"}}]}},"_links":{"self":[{"href":"https:\/\/aivlisoft.net\/shop\/wp-json\/wp\/v2\/product\/20416","targetHints":{"allow":["GET"]}}],"collection":[{"href":"https:\/\/aivlisoft.net\/shop\/wp-json\/wp\/v2\/product"}],"about":[{"href":"https:\/\/aivlisoft.net\/shop\/wp-json\/wp\/v2\/types\/product"}],"wp:featuredmedia":[{"embeddable":true,"href":"https:\/\/aivlisoft.net\/shop\/wp-json\/wp\/v2\/media\/20417"}],"wp:attachment":[{"href":"https:\/\/aivlisoft.net\/shop\/wp-json\/wp\/v2\/media?parent=20416"}],"wp:term":[{"taxonomy":"product_brand","embeddable":true,"href":"https:\/\/aivlisoft.net\/shop\/wp-json\/wp\/v2\/product_brand?post=20416"},{"taxonomy":"product_cat","embeddable":true,"href":"https:\/\/aivlisoft.net\/shop\/wp-json\/wp\/v2\/product_cat?post=20416"},{"taxonomy":"product_tag","embeddable":true,"href":"https:\/\/aivlisoft.net\/shop\/wp-json\/wp\/v2\/product_tag?post=20416"}],"curies":[{"name":"wp","href":"https:\/\/api.w.org\/{rel}","templated":true}]}}