{"id":20410,"date":"2025-01-13T15:42:30","date_gmt":"2025-01-13T15:42:30","guid":{"rendered":"https:\/\/aivlisoft.com\/?post_type=product&#038;p=20410"},"modified":"2025-01-14T11:50:34","modified_gmt":"2025-01-14T11:50:34","slug":"d-link-dxs-1210-28s-switch-24x10g-sfp-4x10g","status":"publish","type":"product","link":"https:\/\/aivlisoft.net\/shop\/producto\/d-link-dxs-1210-28s-switch-24x10g-sfp-4x10g\/","title":{"rendered":"D-Link DXS-1210-28S Switch 24x10G SFP+ 4x10G"},"content":{"rendered":"<p><\/p>\n<table class=\"tabla_caracteristicas k-table\" width=\"100%\">\n<tbody>\n<tr>\n<td><strong>Marca<\/strong><\/td>\n<td>D-Link<\/td>\n<\/tr>\n<tr>\n<td><strong>Modelo<\/strong><\/td>\n<td><strong>DXS-1210-28S<\/strong><\/td>\n<\/tr>\n<tr>\n<td valign=\"top\"><strong>Puertos<\/strong><\/td>\n<td>&#8211; 24 x 10G SFP+<br \/>&#8211; 4 x 10GBASE-T<br \/>&#8211; 1 x RJ45 puerto de consola<\/td>\n<\/tr>\n<tr>\n<td valign=\"top\"><strong>Est&aacute;ndares<\/strong><\/td>\n<td>&#8211; IEEE 802.3u 100BASE-TX Fast Ethernet<br \/>&#8211; IEEE 802.3ab 1000BASE-T Gigabit Ethernet<br \/>&#8211; IEEE 802.3az Energy Efficiency Ethernet (EEE)<br \/>&#8211; IEEE 802.3an 10GBASE-T 10 Gigabit Ethernet<br \/>&#8211; IEEE 802.3ae 10GbE over fiber<br \/>&#8211; IEEE 802.3z 1000BASE-X<br \/>&#8211; Auto MDI\/MDIX support for 1000\/10GBASE-T<\/td>\n<\/tr>\n<tr>\n<td valign=\"top\"><strong>Caracter&iacute;sticas<\/strong><\/td>\n<td>&#8211; Cables de red para 10GBASE-T:<br \/>&nbsp; Cat. 6 (30 m m&aacute;x.)<br \/>&nbsp; Cat. 6A o Cat. 7 (100 m m&aacute;x.)<br \/>&#8211; Intercambio de interfaz de medios: ajuste autom&aacute;tico MDI \/ MDIX para todos los puertos de par trenzado<br \/><strong>Rendimiento<\/strong><br \/>&#8211; Capacidad de conmutaci&oacute;n: 560 Gbps<br \/>&#8211; Velocidad m&aacute;xima de reenv&iacute;o de paquetes: 416,64 Mpps<br \/>&#8211; M&eacute;todo de transmisi&oacute;n: almacenamiento y reenv&iacute;o<br \/>&#8211; Tabla de direcciones MAC: hasta 32.000 entradas por dispositivo<br \/><strong>F&iacute;sicas<\/strong><br \/>&#8211; Ac&uacute;stica:<br \/>&nbsp; Ventilador a alta velocidad: 52,3 dB (A)<br \/>&nbsp; Ventilador a baja velocidad: 40,2 dB (A)<br \/>&#8211; Ventiladores: 2 x ventilador inteligente<br \/>&#8211; Entrada de CA: 100 a 240 VCA<br \/>&#8211; Consumo m&aacute;ximo de energ&iacute;a: 85,7 W<br \/>&#8211; Consumo de energ&iacute;a en espera: 27,7 W<br \/>&#8211; Temperatura de funcionamiento: -5 a 50 &deg; C<br \/>&#8211; Temperatura de almacenamiento: -20 a 70 &deg; C<br \/>&#8211; Humedad de funcionamiento: 0% a 95% sin condensaci&oacute;n<br \/>&#8211; Humedad de almacenamiento: 0% a 95% sin condensaci&oacute;n<br \/>&#8211; Dimensiones (L x An x Al): 441 x 209,5 x 44 mm<br \/>&#8211; Peso: 3,27 kg<br \/>&#8211; Certificaciones:<br \/>&nbsp; CE Clase A<br \/>&nbsp; FCC Clase A<br \/>&nbsp; VCCI Clase A<br \/>&nbsp; IC<br \/>&nbsp; BSMI<\/td>\n<\/tr>\n<tr>\n<td><strong>Fecha Revisi&oacute;n<\/strong><\/td>\n<td>10-11-2020 por MSB<\/td>\n<\/tr>\n<\/tbody>\n<\/table>\n","protected":false},"excerpt":{"rendered":"<p>Marca D-Link Modelo DXS-1210-28S Puertos &#8211; 24 x 10G SFP+&#8211; 4 x 10GBASE-T&#8211; 1 x RJ45 puerto de consola Est&aacute;ndares &#8211; IEEE 802.3u 100BASE-TX Fast Ethernet&#8211; IEEE 802.3ab 1000BASE-T Gigabit Ethernet&#8211; IEEE 802.3az Energy Efficiency Ethernet (EEE)&#8211; IEEE 802.3an 10GBASE-T 10 Gigabit Ethernet&#8211; IEEE 802.3ae 10GbE over fiber&#8211; IEEE 802.3z 1000BASE-X&#8211; Auto MDI\/MDIX support for&hellip;&nbsp;<a href=\"https:\/\/aivlisoft.net\/shop\/producto\/d-link-dxs-1210-28s-switch-24x10g-sfp-4x10g\/\" rel=\"bookmark\"><span class=\"screen-reader-text\">D-Link DXS-1210-28S Switch 24x10G SFP+ 4x10G<\/span><\/a><\/p>\n","protected":false},"featured_media":20411,"template":"","meta":{"neve_meta_sidebar":"","neve_meta_container":"","neve_meta_enable_content_width":"","neve_meta_content_width":0,"neve_meta_title_alignment":"","neve_meta_author_avatar":"","neve_post_elements_order":"","neve_meta_disable_header":"","neve_meta_disable_footer":"","neve_meta_disable_title":""},"product_brand":[],"product_cat":[8771],"product_tag":[7287],"class_list":{"0":"post-20410","1":"product","2":"type-product","3":"status-publish","4":"has-post-thumbnail","6":"product_cat-switches-armario","7":"product_tag-dxs-1210-28s","9":"first","10":"instock","11":"taxable","12":"shipping-taxable","13":"purchasable","14":"product-type-simple"},"yoast_head":"<!-- This site is optimized with the Yoast SEO plugin v26.0 - https:\/\/yoast.com\/wordpress\/plugins\/seo\/ -->\n<title>D-Link DXS-1210-28S Switch 24x10G SFP+ 4x10G - Aivlisoft Inform\u00e1tica<\/title>\n<meta name=\"robots\" content=\"index, follow, max-snippet:-1, max-image-preview:large, max-video-preview:-1\" \/>\n<link rel=\"canonical\" href=\"https:\/\/aivlisoft.net\/shop\/producto\/d-link-dxs-1210-28s-switch-24x10g-sfp-4x10g\/\" \/>\n<meta property=\"og:locale\" content=\"es_ES\" \/>\n<meta property=\"og:type\" content=\"article\" \/>\n<meta property=\"og:title\" content=\"D-Link DXS-1210-28S Switch 24x10G SFP+ 4x10G - Aivlisoft Inform\u00e1tica\" \/>\n<meta property=\"og:description\" content=\"Marca D-Link Modelo DXS-1210-28S Puertos &#8211; 24 x 10G SFP+&#8211; 4 x 10GBASE-T&#8211; 1 x RJ45 puerto de consola Est&aacute;ndares &#8211; IEEE 802.3u 100BASE-TX Fast Ethernet&#8211; IEEE 802.3ab 1000BASE-T Gigabit Ethernet&#8211; IEEE 802.3az Energy Efficiency Ethernet (EEE)&#8211; IEEE 802.3an 10GBASE-T 10 Gigabit Ethernet&#8211; IEEE 802.3ae 10GbE over fiber&#8211; IEEE 802.3z 1000BASE-X&#8211; Auto MDI\/MDIX support for&hellip;&nbsp;D-Link DXS-1210-28S Switch 24x10G SFP+ 4x10G\" \/>\n<meta property=\"og:url\" content=\"https:\/\/aivlisoft.net\/shop\/producto\/d-link-dxs-1210-28s-switch-24x10g-sfp-4x10g\/\" \/>\n<meta property=\"og:site_name\" content=\"Aivlisoft Inform\u00e1tica\" \/>\n<meta property=\"article:modified_time\" content=\"2025-01-14T11:50:34+00:00\" \/>\n<meta property=\"og:image\" content=\"https:\/\/aivlisoft.net\/shop\/wp-content\/uploads\/2025\/01\/NSWSAR0266_800.jpg\" \/>\n\t<meta property=\"og:image:width\" content=\"800\" \/>\n\t<meta property=\"og:image:height\" content=\"800\" \/>\n\t<meta property=\"og:image:type\" content=\"image\/jpeg\" \/>\n<meta name=\"twitter:card\" content=\"summary_large_image\" \/>\n<meta name=\"twitter:label1\" content=\"Tiempo de lectura\" \/>\n\t<meta name=\"twitter:data1\" content=\"1 minuto\" \/>\n<script type=\"application\/ld+json\" class=\"yoast-schema-graph\">{\"@context\":\"https:\/\/schema.org\",\"@graph\":[{\"@type\":\"WebPage\",\"@id\":\"https:\/\/aivlisoft.net\/shop\/producto\/d-link-dxs-1210-28s-switch-24x10g-sfp-4x10g\/\",\"url\":\"https:\/\/aivlisoft.net\/shop\/producto\/d-link-dxs-1210-28s-switch-24x10g-sfp-4x10g\/\",\"name\":\"D-Link DXS-1210-28S Switch 24x10G SFP+ 4x10G - Aivlisoft Inform\u00e1tica\",\"isPartOf\":{\"@id\":\"https:\/\/aivlisoft.net\/shop\/#website\"},\"primaryImageOfPage\":{\"@id\":\"https:\/\/aivlisoft.net\/shop\/producto\/d-link-dxs-1210-28s-switch-24x10g-sfp-4x10g\/#primaryimage\"},\"image\":{\"@id\":\"https:\/\/aivlisoft.net\/shop\/producto\/d-link-dxs-1210-28s-switch-24x10g-sfp-4x10g\/#primaryimage\"},\"thumbnailUrl\":\"https:\/\/aivlisoft.net\/shop\/wp-content\/uploads\/2025\/01\/NSWSAR0266_800.jpg\",\"datePublished\":\"2025-01-13T15:42:30+00:00\",\"dateModified\":\"2025-01-14T11:50:34+00:00\",\"breadcrumb\":{\"@id\":\"https:\/\/aivlisoft.net\/shop\/producto\/d-link-dxs-1210-28s-switch-24x10g-sfp-4x10g\/#breadcrumb\"},\"inLanguage\":\"es\",\"potentialAction\":[{\"@type\":\"ReadAction\",\"target\":[\"https:\/\/aivlisoft.net\/shop\/producto\/d-link-dxs-1210-28s-switch-24x10g-sfp-4x10g\/\"]}]},{\"@type\":\"ImageObject\",\"inLanguage\":\"es\",\"@id\":\"https:\/\/aivlisoft.net\/shop\/producto\/d-link-dxs-1210-28s-switch-24x10g-sfp-4x10g\/#primaryimage\",\"url\":\"https:\/\/aivlisoft.net\/shop\/wp-content\/uploads\/2025\/01\/NSWSAR0266_800.jpg\",\"contentUrl\":\"https:\/\/aivlisoft.net\/shop\/wp-content\/uploads\/2025\/01\/NSWSAR0266_800.jpg\",\"width\":800,\"height\":800},{\"@type\":\"BreadcrumbList\",\"@id\":\"https:\/\/aivlisoft.net\/shop\/producto\/d-link-dxs-1210-28s-switch-24x10g-sfp-4x10g\/#breadcrumb\",\"itemListElement\":[{\"@type\":\"ListItem\",\"position\":1,\"name\":\"Portada\",\"item\":\"https:\/\/aivlisoft.net\/shop\/\"},{\"@type\":\"ListItem\",\"position\":2,\"name\":\"Tienda\",\"item\":\"https:\/\/aivlisoft.net\/shop\/tienda\/\"},{\"@type\":\"ListItem\",\"position\":3,\"name\":\"D-Link DXS-1210-28S Switch 24x10G SFP+ 4x10G\"}]},{\"@type\":\"WebSite\",\"@id\":\"https:\/\/aivlisoft.net\/shop\/#website\",\"url\":\"https:\/\/aivlisoft.net\/shop\/\",\"name\":\"Aivlisoft Inform\u00e1tica\",\"description\":\"En Aivlisoft Inform\u00e1tica ofrecemos soluciones tecnol\u00f3gicas para empresas: venta de ordenadores, consumibles, perif\u00e9ricos y m\u00e1s. Calidad, atenci\u00f3n personalizada y los mejores precios para tu negocio.\",\"publisher\":{\"@id\":\"https:\/\/aivlisoft.net\/shop\/#organization\"},\"potentialAction\":[{\"@type\":\"SearchAction\",\"target\":{\"@type\":\"EntryPoint\",\"urlTemplate\":\"https:\/\/aivlisoft.net\/shop\/?s={search_term_string}\"},\"query-input\":{\"@type\":\"PropertyValueSpecification\",\"valueRequired\":true,\"valueName\":\"search_term_string\"}}],\"inLanguage\":\"es\"},{\"@type\":\"Organization\",\"@id\":\"https:\/\/aivlisoft.net\/shop\/#organization\",\"name\":\"Aivlisoft Inform\u00e1tica\",\"url\":\"https:\/\/aivlisoft.net\/shop\/\",\"logo\":{\"@type\":\"ImageObject\",\"inLanguage\":\"es\",\"@id\":\"https:\/\/aivlisoft.net\/shop\/#\/schema\/logo\/image\/\",\"url\":\"https:\/\/aivlisoft.net\/shop\/wp-content\/uploads\/2024\/12\/removal.ai_5b848c54-0cdf-4140-95c5-c5536bb7573b-logodef.png\",\"contentUrl\":\"https:\/\/aivlisoft.net\/shop\/wp-content\/uploads\/2024\/12\/removal.ai_5b848c54-0cdf-4140-95c5-c5536bb7573b-logodef.png\",\"width\":484,\"height\":182,\"caption\":\"Aivlisoft Inform\u00e1tica\"},\"image\":{\"@id\":\"https:\/\/aivlisoft.net\/shop\/#\/schema\/logo\/image\/\"}}]}<\/script>\n<!-- \/ Yoast SEO plugin. -->","yoast_head_json":{"title":"D-Link DXS-1210-28S Switch 24x10G SFP+ 4x10G - Aivlisoft Inform\u00e1tica","robots":{"index":"index","follow":"follow","max-snippet":"max-snippet:-1","max-image-preview":"max-image-preview:large","max-video-preview":"max-video-preview:-1"},"canonical":"https:\/\/aivlisoft.net\/shop\/producto\/d-link-dxs-1210-28s-switch-24x10g-sfp-4x10g\/","og_locale":"es_ES","og_type":"article","og_title":"D-Link DXS-1210-28S Switch 24x10G SFP+ 4x10G - Aivlisoft Inform\u00e1tica","og_description":"Marca D-Link Modelo DXS-1210-28S Puertos &#8211; 24 x 10G SFP+&#8211; 4 x 10GBASE-T&#8211; 1 x RJ45 puerto de consola Est&aacute;ndares &#8211; IEEE 802.3u 100BASE-TX Fast Ethernet&#8211; IEEE 802.3ab 1000BASE-T Gigabit Ethernet&#8211; IEEE 802.3az Energy Efficiency Ethernet (EEE)&#8211; IEEE 802.3an 10GBASE-T 10 Gigabit Ethernet&#8211; IEEE 802.3ae 10GbE over fiber&#8211; IEEE 802.3z 1000BASE-X&#8211; Auto MDI\/MDIX support for&hellip;&nbsp;D-Link DXS-1210-28S Switch 24x10G SFP+ 4x10G","og_url":"https:\/\/aivlisoft.net\/shop\/producto\/d-link-dxs-1210-28s-switch-24x10g-sfp-4x10g\/","og_site_name":"Aivlisoft Inform\u00e1tica","article_modified_time":"2025-01-14T11:50:34+00:00","og_image":[{"width":800,"height":800,"url":"https:\/\/aivlisoft.net\/shop\/wp-content\/uploads\/2025\/01\/NSWSAR0266_800.jpg","type":"image\/jpeg"}],"twitter_card":"summary_large_image","twitter_misc":{"Tiempo de lectura":"1 minuto"},"schema":{"@context":"https:\/\/schema.org","@graph":[{"@type":"WebPage","@id":"https:\/\/aivlisoft.net\/shop\/producto\/d-link-dxs-1210-28s-switch-24x10g-sfp-4x10g\/","url":"https:\/\/aivlisoft.net\/shop\/producto\/d-link-dxs-1210-28s-switch-24x10g-sfp-4x10g\/","name":"D-Link DXS-1210-28S Switch 24x10G SFP+ 4x10G - Aivlisoft Inform\u00e1tica","isPartOf":{"@id":"https:\/\/aivlisoft.net\/shop\/#website"},"primaryImageOfPage":{"@id":"https:\/\/aivlisoft.net\/shop\/producto\/d-link-dxs-1210-28s-switch-24x10g-sfp-4x10g\/#primaryimage"},"image":{"@id":"https:\/\/aivlisoft.net\/shop\/producto\/d-link-dxs-1210-28s-switch-24x10g-sfp-4x10g\/#primaryimage"},"thumbnailUrl":"https:\/\/aivlisoft.net\/shop\/wp-content\/uploads\/2025\/01\/NSWSAR0266_800.jpg","datePublished":"2025-01-13T15:42:30+00:00","dateModified":"2025-01-14T11:50:34+00:00","breadcrumb":{"@id":"https:\/\/aivlisoft.net\/shop\/producto\/d-link-dxs-1210-28s-switch-24x10g-sfp-4x10g\/#breadcrumb"},"inLanguage":"es","potentialAction":[{"@type":"ReadAction","target":["https:\/\/aivlisoft.net\/shop\/producto\/d-link-dxs-1210-28s-switch-24x10g-sfp-4x10g\/"]}]},{"@type":"ImageObject","inLanguage":"es","@id":"https:\/\/aivlisoft.net\/shop\/producto\/d-link-dxs-1210-28s-switch-24x10g-sfp-4x10g\/#primaryimage","url":"https:\/\/aivlisoft.net\/shop\/wp-content\/uploads\/2025\/01\/NSWSAR0266_800.jpg","contentUrl":"https:\/\/aivlisoft.net\/shop\/wp-content\/uploads\/2025\/01\/NSWSAR0266_800.jpg","width":800,"height":800},{"@type":"BreadcrumbList","@id":"https:\/\/aivlisoft.net\/shop\/producto\/d-link-dxs-1210-28s-switch-24x10g-sfp-4x10g\/#breadcrumb","itemListElement":[{"@type":"ListItem","position":1,"name":"Portada","item":"https:\/\/aivlisoft.net\/shop\/"},{"@type":"ListItem","position":2,"name":"Tienda","item":"https:\/\/aivlisoft.net\/shop\/tienda\/"},{"@type":"ListItem","position":3,"name":"D-Link DXS-1210-28S Switch 24x10G SFP+ 4x10G"}]},{"@type":"WebSite","@id":"https:\/\/aivlisoft.net\/shop\/#website","url":"https:\/\/aivlisoft.net\/shop\/","name":"Aivlisoft Inform\u00e1tica","description":"En Aivlisoft Inform\u00e1tica ofrecemos soluciones tecnol\u00f3gicas para empresas: venta de ordenadores, consumibles, perif\u00e9ricos y m\u00e1s. Calidad, atenci\u00f3n personalizada y los mejores precios para tu negocio.","publisher":{"@id":"https:\/\/aivlisoft.net\/shop\/#organization"},"potentialAction":[{"@type":"SearchAction","target":{"@type":"EntryPoint","urlTemplate":"https:\/\/aivlisoft.net\/shop\/?s={search_term_string}"},"query-input":{"@type":"PropertyValueSpecification","valueRequired":true,"valueName":"search_term_string"}}],"inLanguage":"es"},{"@type":"Organization","@id":"https:\/\/aivlisoft.net\/shop\/#organization","name":"Aivlisoft Inform\u00e1tica","url":"https:\/\/aivlisoft.net\/shop\/","logo":{"@type":"ImageObject","inLanguage":"es","@id":"https:\/\/aivlisoft.net\/shop\/#\/schema\/logo\/image\/","url":"https:\/\/aivlisoft.net\/shop\/wp-content\/uploads\/2024\/12\/removal.ai_5b848c54-0cdf-4140-95c5-c5536bb7573b-logodef.png","contentUrl":"https:\/\/aivlisoft.net\/shop\/wp-content\/uploads\/2024\/12\/removal.ai_5b848c54-0cdf-4140-95c5-c5536bb7573b-logodef.png","width":484,"height":182,"caption":"Aivlisoft Inform\u00e1tica"},"image":{"@id":"https:\/\/aivlisoft.net\/shop\/#\/schema\/logo\/image\/"}}]}},"_links":{"self":[{"href":"https:\/\/aivlisoft.net\/shop\/wp-json\/wp\/v2\/product\/20410","targetHints":{"allow":["GET"]}}],"collection":[{"href":"https:\/\/aivlisoft.net\/shop\/wp-json\/wp\/v2\/product"}],"about":[{"href":"https:\/\/aivlisoft.net\/shop\/wp-json\/wp\/v2\/types\/product"}],"wp:featuredmedia":[{"embeddable":true,"href":"https:\/\/aivlisoft.net\/shop\/wp-json\/wp\/v2\/media\/20411"}],"wp:attachment":[{"href":"https:\/\/aivlisoft.net\/shop\/wp-json\/wp\/v2\/media?parent=20410"}],"wp:term":[{"taxonomy":"product_brand","embeddable":true,"href":"https:\/\/aivlisoft.net\/shop\/wp-json\/wp\/v2\/product_brand?post=20410"},{"taxonomy":"product_cat","embeddable":true,"href":"https:\/\/aivlisoft.net\/shop\/wp-json\/wp\/v2\/product_cat?post=20410"},{"taxonomy":"product_tag","embeddable":true,"href":"https:\/\/aivlisoft.net\/shop\/wp-json\/wp\/v2\/product_tag?post=20410"}],"curies":[{"name":"wp","href":"https:\/\/api.w.org\/{rel}","templated":true}]}}