{"id":20384,"date":"2025-01-13T15:42:17","date_gmt":"2025-01-13T15:42:17","guid":{"rendered":"https:\/\/aivlisoft.com\/?post_type=product&#038;p=20384"},"modified":"2025-01-14T11:50:28","modified_gmt":"2025-01-14T11:50:28","slug":"zyxel-gs1350-12hp-switch-10xgb-poe-2xsfp-130w","status":"publish","type":"product","link":"https:\/\/aivlisoft.net\/shop\/producto\/zyxel-gs1350-12hp-switch-10xgb-poe-2xsfp-130w\/","title":{"rendered":"ZyXEL GS1350-12HP Switch 10xGB PoE 2xSFP 130W"},"content":{"rendered":"<p><strong><\/strong><strong>Nuevas perspectivas<\/strong><br \/>Revestido en gris titanio, el GS1350 sobresale con una identidad llamativa dedicada a lo switch de videovigilancia.<\/p>\n<p><strong>Funciones de software PoE especializadas para videovigilancia.<\/strong><br \/>Detecte y recupere autom&aacute;ticamente c&aacute;maras IP y dispositivos alimentados con par&aacute;metros granulares personalizables adecuados para cualquier tipo de dispositivo y escenario.<\/p>\n<p><strong>F&aacute;cil para el despliegue a larga distancia<\/strong><br \/>Tradicionalmente, switch PoE entrega energ&iacute;a y datos dentro de la distancia de la limitaci&oacute;n de 100 metros. La serie GS1350 satisface la necesidad de implementar una c&aacute;mara IP o dispositivos de alimentaci&oacute;n utilizando el cable Cat 5e existente en ubicaciones distantes. Al habilitar el modo de rango extendido, logre instant&aacute;neamente implementaciones distantes de hasta 250 m. Ahorre su dinero y esfuerzo con solo un PoE.<\/p>\n<p><strong>Presupuesto de alta potencia, dise&ntilde;o intuitivo del panel frontal<\/strong><br \/>La serie GS1350 incluye cuatro modelos con grandes presupuestos de potencia de hasta 375 W que cumplen con el requisito de encender m&uacute;ltiples c&aacute;maras IP. El indicador LED intuitivo en el panel frontal permite inspeccionar el estado de PoE en tiempo real. Adem&aacute;s, el bot&oacute;n \u00abRestaurar\u00bb de un solo toque en la serie GS1350 ayuda a la recuperaci&oacute;n sin esfuerzo de configuraciones err&oacute;neas.<\/p>\n<table class=\"tabla_caracteristicas k-table\" width=\"100%\">\n<tbody>\n<tr>\n<td><strong>Marca<\/strong><\/td>\n<td>ZyXEL<\/td>\n<\/tr>\n<tr>\n<td valign=\"top\"><strong>Modelo<\/strong><\/td>\n<td><strong>GS1350-12HP-EU0101F<\/strong><\/td>\n<\/tr>\n<tr>\n<td valign=\"top\"><strong>Puertos<\/strong><\/td>\n<td>&#8211; Puertos totales: 12<br \/>&#8211; 10 x 100\/1000 Mbps<br \/>&#8211; 2 x Gigabit SFP<br \/>&#8211; 8 x Puertos configurables de rango extendido<\/td>\n<\/tr>\n<tr>\n<td valign=\"top\"><strong>Caracter&iacute;sticas<\/strong><\/td>\n<td><strong>Alimentaci&oacute;n<\/strong><br \/>&#8211; Entrada: 100 &#8211; 240 V AC, 50\/60 Hz<br \/>&#8211; M&aacute;ximo consumo: 160,3 W<br \/><strong>PoE<br \/><\/strong>&#8211; Puertos PoE: 8<br \/>&#8211; Potencia total PoE: 130W<br \/>&#8211; Est&aacute;ndar de PoE: 802.3af\/at<br \/><strong>Rendimiento<\/strong><strong><\/strong><br \/>&#8211; Capacidad de conmutaci&oacute;n: 24 Gbps<br \/>&#8211; Tasa de reenv&iacute;o: 17.8 Mbps<br \/>&#8211; Buffer de paquete: 525K bytes<br \/>&#8211; Tabla de direcciones MAC: 8 K<br \/><strong>Caracter&iacute;sticas F&iacute;sicas<\/strong><br \/>&#8211; Dimensiones:&nbsp;267 x 162 x 44 mm<br \/>&#8211; Peso: 1,63 Kg<br \/>&#8211; Accesorios incluidos: Cable de alimentaci&oacute;n, kit de montaje en rack<br \/><strong>Protecci&oacute;nes de sobretensi&oacute;n<\/strong><br \/>&#8211; Puerto ethernet: 4 KV<br \/>&#8211; Fuente de alimentaci&oacute;n (l&iacute;nea a tierra): 4 KV<br \/>&#8211; Fuente de alimentaci&oacute;n (l&iacute;nea a l&iacute;nea): 2 KV<br \/>&#8211; Protecci&oacute;n contra electricidad est&eacute;tica en el puerto Ethernet: 15 KV \/ 8 KV<br \/><strong>Caracter&iacute;sticas Ambientales<br \/><\/strong>&#8211; Temperatura de operaci&oacute;n: -20&ordm;C a 50&ordm;C \/ -4&ordm;F a 122&ordm;F<br \/>&#8211; Humedad de operaci&oacute;n: 5% a 95% (sin condensaci&oacute;n)<br \/>&#8211; Temperatura de almacenamiento: -40&ordm;C a 70&ordm;C \/ -40&ordm;F a 158&ordm;F<br \/>&#8211; Humedad de almacenamiento: 5% a 95% (sin condensaci&oacute;n)<br \/>&#8211; MTBF (tiempo medio entre fallos): 1.065.025,45 horas<br \/>&#8211; Disipaci&oacute;n de calor: 546,62 BTU\/hr<br \/>&#8211; Ruido ac&uacute;stico @ 25&ordm;C: 27,3 dBA<br \/><strong>Est&aacute;ndares<\/strong><br \/>&#8211; IEEE 802.3 10Base-T Ethernet<br \/>&#8211; IEEE 802.3u 100Base-Tx Ethernet<br \/>&#8211; IEEE 802.3ab 1000Base-T Ethernet<br \/>&#8211; IEEE 802.3z 1000 Base-X<br \/>&#8211; IEEE 802.3x flow control<br \/>&#8211; IEEE 802.3af PoE<br \/>&#8211; IEEE 802.3at PoE plus<br \/>&#8211; IEEE 802.3bt (GS1350-6HP)<br \/>&#8211; IEEE 802.3az EEE support \/ Green Ethernet<br \/>&#8211; IEEE 802.1p CoS support<br \/><strong>Certificaciones<\/strong><br \/>EMC<br \/>&#8211; CE, FCC, C-Tick, Class A<br \/>&#8211; BSMI CNS13438<br \/>Seguridad<br \/>&#8211; LVD EN62368-1<br \/>&#8211; BSMI CNS14336-1<br \/>Conforme con RoHS<\/td>\n<\/tr>\n<tr>\n<td><strong>Fecha de revisi&oacute;n<\/strong><\/td>\n<td>21-11-2019 por MRS<\/td>\n<\/tr>\n<\/tbody>\n<\/table>\n","protected":false},"excerpt":{"rendered":"<p>Nuevas perspectivasRevestido en gris titanio, el GS1350 sobresale con una identidad llamativa dedicada a lo switch de videovigilancia. Funciones de software PoE especializadas para videovigilancia.Detecte y recupere autom&aacute;ticamente c&aacute;maras IP y dispositivos alimentados con par&aacute;metros granulares personalizables adecuados para cualquier tipo de dispositivo y escenario. F&aacute;cil para el despliegue a larga distanciaTradicionalmente, switch PoE entrega&hellip;&nbsp;<a href=\"https:\/\/aivlisoft.net\/shop\/producto\/zyxel-gs1350-12hp-switch-10xgb-poe-2xsfp-130w\/\" rel=\"bookmark\"><span class=\"screen-reader-text\">ZyXEL GS1350-12HP Switch 10xGB PoE 2xSFP 130W<\/span><\/a><\/p>\n","protected":false},"featured_media":20385,"template":"","meta":{"neve_meta_sidebar":"","neve_meta_container":"","neve_meta_enable_content_width":"","neve_meta_content_width":0,"neve_meta_title_alignment":"","neve_meta_author_avatar":"","neve_post_elements_order":"","neve_meta_disable_header":"","neve_meta_disable_footer":"","neve_meta_disable_title":""},"product_brand":[],"product_cat":[8771],"product_tag":[7281],"class_list":{"0":"post-20384","1":"product","2":"type-product","3":"status-publish","4":"has-post-thumbnail","6":"product_cat-switches-armario","7":"product_tag-gs1350-12hp-eu0101f","9":"first","10":"instock","11":"taxable","12":"shipping-taxable","13":"purchasable","14":"product-type-simple"},"yoast_head":"<!-- This site is optimized with the Yoast SEO plugin v26.0 - https:\/\/yoast.com\/wordpress\/plugins\/seo\/ -->\n<title>ZyXEL GS1350-12HP Switch 10xGB PoE 2xSFP 130W - Aivlisoft Inform\u00e1tica<\/title>\n<meta name=\"robots\" content=\"index, follow, max-snippet:-1, max-image-preview:large, max-video-preview:-1\" \/>\n<link rel=\"canonical\" href=\"https:\/\/aivlisoft.net\/shop\/producto\/zyxel-gs1350-12hp-switch-10xgb-poe-2xsfp-130w\/\" \/>\n<meta property=\"og:locale\" content=\"es_ES\" \/>\n<meta property=\"og:type\" content=\"article\" \/>\n<meta property=\"og:title\" content=\"ZyXEL GS1350-12HP Switch 10xGB PoE 2xSFP 130W - Aivlisoft Inform\u00e1tica\" \/>\n<meta property=\"og:description\" content=\"Nuevas perspectivasRevestido en gris titanio, el GS1350 sobresale con una identidad llamativa dedicada a lo switch de videovigilancia. Funciones de software PoE especializadas para videovigilancia.Detecte y recupere autom&aacute;ticamente c&aacute;maras IP y dispositivos alimentados con par&aacute;metros granulares personalizables adecuados para cualquier tipo de dispositivo y escenario. F&aacute;cil para el despliegue a larga distanciaTradicionalmente, switch PoE entrega&hellip;&nbsp;ZyXEL GS1350-12HP Switch 10xGB PoE 2xSFP 130W\" \/>\n<meta property=\"og:url\" content=\"https:\/\/aivlisoft.net\/shop\/producto\/zyxel-gs1350-12hp-switch-10xgb-poe-2xsfp-130w\/\" \/>\n<meta property=\"og:site_name\" content=\"Aivlisoft Inform\u00e1tica\" \/>\n<meta property=\"article:modified_time\" content=\"2025-01-14T11:50:28+00:00\" \/>\n<meta property=\"og:image\" content=\"https:\/\/aivlisoft.net\/shop\/wp-content\/uploads\/2025\/01\/NSWSAR0250_800.jpg\" \/>\n\t<meta property=\"og:image:width\" content=\"800\" \/>\n\t<meta property=\"og:image:height\" content=\"800\" \/>\n\t<meta property=\"og:image:type\" content=\"image\/jpeg\" \/>\n<meta name=\"twitter:card\" content=\"summary_large_image\" \/>\n<meta name=\"twitter:label1\" content=\"Tiempo de lectura\" \/>\n\t<meta name=\"twitter:data1\" content=\"3 minutos\" \/>\n<script type=\"application\/ld+json\" class=\"yoast-schema-graph\">{\"@context\":\"https:\/\/schema.org\",\"@graph\":[{\"@type\":\"WebPage\",\"@id\":\"https:\/\/aivlisoft.net\/shop\/producto\/zyxel-gs1350-12hp-switch-10xgb-poe-2xsfp-130w\/\",\"url\":\"https:\/\/aivlisoft.net\/shop\/producto\/zyxel-gs1350-12hp-switch-10xgb-poe-2xsfp-130w\/\",\"name\":\"ZyXEL GS1350-12HP Switch 10xGB PoE 2xSFP 130W - Aivlisoft Inform\u00e1tica\",\"isPartOf\":{\"@id\":\"https:\/\/aivlisoft.net\/shop\/#website\"},\"primaryImageOfPage\":{\"@id\":\"https:\/\/aivlisoft.net\/shop\/producto\/zyxel-gs1350-12hp-switch-10xgb-poe-2xsfp-130w\/#primaryimage\"},\"image\":{\"@id\":\"https:\/\/aivlisoft.net\/shop\/producto\/zyxel-gs1350-12hp-switch-10xgb-poe-2xsfp-130w\/#primaryimage\"},\"thumbnailUrl\":\"https:\/\/aivlisoft.net\/shop\/wp-content\/uploads\/2025\/01\/NSWSAR0250_800.jpg\",\"datePublished\":\"2025-01-13T15:42:17+00:00\",\"dateModified\":\"2025-01-14T11:50:28+00:00\",\"breadcrumb\":{\"@id\":\"https:\/\/aivlisoft.net\/shop\/producto\/zyxel-gs1350-12hp-switch-10xgb-poe-2xsfp-130w\/#breadcrumb\"},\"inLanguage\":\"es\",\"potentialAction\":[{\"@type\":\"ReadAction\",\"target\":[\"https:\/\/aivlisoft.net\/shop\/producto\/zyxel-gs1350-12hp-switch-10xgb-poe-2xsfp-130w\/\"]}]},{\"@type\":\"ImageObject\",\"inLanguage\":\"es\",\"@id\":\"https:\/\/aivlisoft.net\/shop\/producto\/zyxel-gs1350-12hp-switch-10xgb-poe-2xsfp-130w\/#primaryimage\",\"url\":\"https:\/\/aivlisoft.net\/shop\/wp-content\/uploads\/2025\/01\/NSWSAR0250_800.jpg\",\"contentUrl\":\"https:\/\/aivlisoft.net\/shop\/wp-content\/uploads\/2025\/01\/NSWSAR0250_800.jpg\",\"width\":800,\"height\":800},{\"@type\":\"BreadcrumbList\",\"@id\":\"https:\/\/aivlisoft.net\/shop\/producto\/zyxel-gs1350-12hp-switch-10xgb-poe-2xsfp-130w\/#breadcrumb\",\"itemListElement\":[{\"@type\":\"ListItem\",\"position\":1,\"name\":\"Portada\",\"item\":\"https:\/\/aivlisoft.net\/shop\/\"},{\"@type\":\"ListItem\",\"position\":2,\"name\":\"Tienda\",\"item\":\"https:\/\/aivlisoft.net\/shop\/tienda\/\"},{\"@type\":\"ListItem\",\"position\":3,\"name\":\"ZyXEL GS1350-12HP Switch 10xGB PoE 2xSFP 130W\"}]},{\"@type\":\"WebSite\",\"@id\":\"https:\/\/aivlisoft.net\/shop\/#website\",\"url\":\"https:\/\/aivlisoft.net\/shop\/\",\"name\":\"Aivlisoft Inform\u00e1tica\",\"description\":\"En Aivlisoft Inform\u00e1tica ofrecemos soluciones tecnol\u00f3gicas para empresas: venta de ordenadores, consumibles, perif\u00e9ricos y m\u00e1s. Calidad, atenci\u00f3n personalizada y los mejores precios para tu negocio.\",\"publisher\":{\"@id\":\"https:\/\/aivlisoft.net\/shop\/#organization\"},\"potentialAction\":[{\"@type\":\"SearchAction\",\"target\":{\"@type\":\"EntryPoint\",\"urlTemplate\":\"https:\/\/aivlisoft.net\/shop\/?s={search_term_string}\"},\"query-input\":{\"@type\":\"PropertyValueSpecification\",\"valueRequired\":true,\"valueName\":\"search_term_string\"}}],\"inLanguage\":\"es\"},{\"@type\":\"Organization\",\"@id\":\"https:\/\/aivlisoft.net\/shop\/#organization\",\"name\":\"Aivlisoft Inform\u00e1tica\",\"url\":\"https:\/\/aivlisoft.net\/shop\/\",\"logo\":{\"@type\":\"ImageObject\",\"inLanguage\":\"es\",\"@id\":\"https:\/\/aivlisoft.net\/shop\/#\/schema\/logo\/image\/\",\"url\":\"https:\/\/aivlisoft.net\/shop\/wp-content\/uploads\/2024\/12\/removal.ai_5b848c54-0cdf-4140-95c5-c5536bb7573b-logodef.png\",\"contentUrl\":\"https:\/\/aivlisoft.net\/shop\/wp-content\/uploads\/2024\/12\/removal.ai_5b848c54-0cdf-4140-95c5-c5536bb7573b-logodef.png\",\"width\":484,\"height\":182,\"caption\":\"Aivlisoft Inform\u00e1tica\"},\"image\":{\"@id\":\"https:\/\/aivlisoft.net\/shop\/#\/schema\/logo\/image\/\"}}]}<\/script>\n<!-- \/ Yoast SEO plugin. -->","yoast_head_json":{"title":"ZyXEL GS1350-12HP Switch 10xGB PoE 2xSFP 130W - Aivlisoft Inform\u00e1tica","robots":{"index":"index","follow":"follow","max-snippet":"max-snippet:-1","max-image-preview":"max-image-preview:large","max-video-preview":"max-video-preview:-1"},"canonical":"https:\/\/aivlisoft.net\/shop\/producto\/zyxel-gs1350-12hp-switch-10xgb-poe-2xsfp-130w\/","og_locale":"es_ES","og_type":"article","og_title":"ZyXEL GS1350-12HP Switch 10xGB PoE 2xSFP 130W - Aivlisoft Inform\u00e1tica","og_description":"Nuevas perspectivasRevestido en gris titanio, el GS1350 sobresale con una identidad llamativa dedicada a lo switch de videovigilancia. Funciones de software PoE especializadas para videovigilancia.Detecte y recupere autom&aacute;ticamente c&aacute;maras IP y dispositivos alimentados con par&aacute;metros granulares personalizables adecuados para cualquier tipo de dispositivo y escenario. F&aacute;cil para el despliegue a larga distanciaTradicionalmente, switch PoE entrega&hellip;&nbsp;ZyXEL GS1350-12HP Switch 10xGB PoE 2xSFP 130W","og_url":"https:\/\/aivlisoft.net\/shop\/producto\/zyxel-gs1350-12hp-switch-10xgb-poe-2xsfp-130w\/","og_site_name":"Aivlisoft Inform\u00e1tica","article_modified_time":"2025-01-14T11:50:28+00:00","og_image":[{"width":800,"height":800,"url":"https:\/\/aivlisoft.net\/shop\/wp-content\/uploads\/2025\/01\/NSWSAR0250_800.jpg","type":"image\/jpeg"}],"twitter_card":"summary_large_image","twitter_misc":{"Tiempo de lectura":"3 minutos"},"schema":{"@context":"https:\/\/schema.org","@graph":[{"@type":"WebPage","@id":"https:\/\/aivlisoft.net\/shop\/producto\/zyxel-gs1350-12hp-switch-10xgb-poe-2xsfp-130w\/","url":"https:\/\/aivlisoft.net\/shop\/producto\/zyxel-gs1350-12hp-switch-10xgb-poe-2xsfp-130w\/","name":"ZyXEL GS1350-12HP Switch 10xGB PoE 2xSFP 130W - Aivlisoft Inform\u00e1tica","isPartOf":{"@id":"https:\/\/aivlisoft.net\/shop\/#website"},"primaryImageOfPage":{"@id":"https:\/\/aivlisoft.net\/shop\/producto\/zyxel-gs1350-12hp-switch-10xgb-poe-2xsfp-130w\/#primaryimage"},"image":{"@id":"https:\/\/aivlisoft.net\/shop\/producto\/zyxel-gs1350-12hp-switch-10xgb-poe-2xsfp-130w\/#primaryimage"},"thumbnailUrl":"https:\/\/aivlisoft.net\/shop\/wp-content\/uploads\/2025\/01\/NSWSAR0250_800.jpg","datePublished":"2025-01-13T15:42:17+00:00","dateModified":"2025-01-14T11:50:28+00:00","breadcrumb":{"@id":"https:\/\/aivlisoft.net\/shop\/producto\/zyxel-gs1350-12hp-switch-10xgb-poe-2xsfp-130w\/#breadcrumb"},"inLanguage":"es","potentialAction":[{"@type":"ReadAction","target":["https:\/\/aivlisoft.net\/shop\/producto\/zyxel-gs1350-12hp-switch-10xgb-poe-2xsfp-130w\/"]}]},{"@type":"ImageObject","inLanguage":"es","@id":"https:\/\/aivlisoft.net\/shop\/producto\/zyxel-gs1350-12hp-switch-10xgb-poe-2xsfp-130w\/#primaryimage","url":"https:\/\/aivlisoft.net\/shop\/wp-content\/uploads\/2025\/01\/NSWSAR0250_800.jpg","contentUrl":"https:\/\/aivlisoft.net\/shop\/wp-content\/uploads\/2025\/01\/NSWSAR0250_800.jpg","width":800,"height":800},{"@type":"BreadcrumbList","@id":"https:\/\/aivlisoft.net\/shop\/producto\/zyxel-gs1350-12hp-switch-10xgb-poe-2xsfp-130w\/#breadcrumb","itemListElement":[{"@type":"ListItem","position":1,"name":"Portada","item":"https:\/\/aivlisoft.net\/shop\/"},{"@type":"ListItem","position":2,"name":"Tienda","item":"https:\/\/aivlisoft.net\/shop\/tienda\/"},{"@type":"ListItem","position":3,"name":"ZyXEL GS1350-12HP Switch 10xGB PoE 2xSFP 130W"}]},{"@type":"WebSite","@id":"https:\/\/aivlisoft.net\/shop\/#website","url":"https:\/\/aivlisoft.net\/shop\/","name":"Aivlisoft Inform\u00e1tica","description":"En Aivlisoft Inform\u00e1tica ofrecemos soluciones tecnol\u00f3gicas para empresas: venta de ordenadores, consumibles, perif\u00e9ricos y m\u00e1s. Calidad, atenci\u00f3n personalizada y los mejores precios para tu negocio.","publisher":{"@id":"https:\/\/aivlisoft.net\/shop\/#organization"},"potentialAction":[{"@type":"SearchAction","target":{"@type":"EntryPoint","urlTemplate":"https:\/\/aivlisoft.net\/shop\/?s={search_term_string}"},"query-input":{"@type":"PropertyValueSpecification","valueRequired":true,"valueName":"search_term_string"}}],"inLanguage":"es"},{"@type":"Organization","@id":"https:\/\/aivlisoft.net\/shop\/#organization","name":"Aivlisoft Inform\u00e1tica","url":"https:\/\/aivlisoft.net\/shop\/","logo":{"@type":"ImageObject","inLanguage":"es","@id":"https:\/\/aivlisoft.net\/shop\/#\/schema\/logo\/image\/","url":"https:\/\/aivlisoft.net\/shop\/wp-content\/uploads\/2024\/12\/removal.ai_5b848c54-0cdf-4140-95c5-c5536bb7573b-logodef.png","contentUrl":"https:\/\/aivlisoft.net\/shop\/wp-content\/uploads\/2024\/12\/removal.ai_5b848c54-0cdf-4140-95c5-c5536bb7573b-logodef.png","width":484,"height":182,"caption":"Aivlisoft Inform\u00e1tica"},"image":{"@id":"https:\/\/aivlisoft.net\/shop\/#\/schema\/logo\/image\/"}}]}},"_links":{"self":[{"href":"https:\/\/aivlisoft.net\/shop\/wp-json\/wp\/v2\/product\/20384","targetHints":{"allow":["GET"]}}],"collection":[{"href":"https:\/\/aivlisoft.net\/shop\/wp-json\/wp\/v2\/product"}],"about":[{"href":"https:\/\/aivlisoft.net\/shop\/wp-json\/wp\/v2\/types\/product"}],"wp:featuredmedia":[{"embeddable":true,"href":"https:\/\/aivlisoft.net\/shop\/wp-json\/wp\/v2\/media\/20385"}],"wp:attachment":[{"href":"https:\/\/aivlisoft.net\/shop\/wp-json\/wp\/v2\/media?parent=20384"}],"wp:term":[{"taxonomy":"product_brand","embeddable":true,"href":"https:\/\/aivlisoft.net\/shop\/wp-json\/wp\/v2\/product_brand?post=20384"},{"taxonomy":"product_cat","embeddable":true,"href":"https:\/\/aivlisoft.net\/shop\/wp-json\/wp\/v2\/product_cat?post=20384"},{"taxonomy":"product_tag","embeddable":true,"href":"https:\/\/aivlisoft.net\/shop\/wp-json\/wp\/v2\/product_tag?post=20384"}],"curies":[{"name":"wp","href":"https:\/\/api.w.org\/{rel}","templated":true}]}}