{"id":20369,"date":"2025-01-13T15:42:05","date_gmt":"2025-01-13T15:42:05","guid":{"rendered":"https:\/\/aivlisoft.com\/?post_type=product&#038;p=20369"},"modified":"2025-01-14T11:50:20","modified_gmt":"2025-01-14T11:50:20","slug":"zyxel-gs1920-48hpv2-switch-44xgbe-poe-2xsfp-4xcomb","status":"publish","type":"product","link":"https:\/\/aivlisoft.net\/shop\/producto\/zyxel-gs1920-48hpv2-switch-44xgbe-poe-2xsfp-4xcomb\/","title":{"rendered":"ZyXEL GS1920-48HPv2 Switch 44xGbE PoE 2xSFP 4xComb"},"content":{"rendered":"<p><strong>&nbsp;<\/strong><\/p>\n<table class=\"tabla_caracteristicas k-table\" width=\"100%\">\n<tbody>\n<tr>\n<td><strong>Marca<\/strong><\/td>\n<td>ZyXEL<\/td>\n<\/tr>\n<tr>\n<td valign=\"top\"><strong>Modelo<\/strong><\/td>\n<td><strong>GS192048HPV2-EU0101F<\/strong><\/td>\n<\/tr>\n<tr>\n<td valign=\"top\"><strong>Puertos<\/strong><\/td>\n<td>&#8211; Puertos totales: 50<br \/>&#8211; 44 x 100\/1000 Mbps<br \/>&#8211; Gigabit Combo (RJ-45\/SFP): 4<br \/>&#8211; Gigabit SFP: 2<\/td>\n<\/tr>\n<tr>\n<td valign=\"top\"><strong>Caracter&iacute;sticas<\/strong><\/td>\n<td><strong>PoE<br \/><\/strong>&#8211; PoE Ports: 48<strong><br \/>&#8211; <\/strong>Total PoE: 375 W<strong><br \/>Alimentaci&oacute;n<br \/><\/strong>&#8211; Entrada: 100 &#8211; 240 V AC, 50\/60 Hz<br \/>&#8211; M&aacute;ximo consumo: 474.3 W<strong><\/strong><br \/><strong>Rendimiento<\/strong><strong><\/strong><br \/>&#8211; Capacidad de conmutaci&oacute;n: 100 Gbps<br \/>&#8211; Tasa de reenv&iacute;o: 74 Mbps<br \/>&#8211; Buffer de paquete: 1.5 M<br \/>&#8211; Tabla de direcciones MAC: 16 K<br \/>&#8211; Flash\/RAM: 32\/256 MB<br \/><strong>Caracter&iacute;sticas F&iacute;sicas<\/strong><br \/>&#8211; Dimensiones: 441 x 270 x 44 mm<br \/>&#8211; Peso: 4,1 Kg<br \/>&#8211; Accesorios incluidos: Cable de alimentaci&oacute;n, kit de montaje en rack<br \/><strong>Caracter&iacute;sticas Ambientales<br \/><\/strong>&#8211; Temperatura de operaci&oacute;n: 0&ordm;C a 50&ordm;C<br \/>&#8211; Humedad de operaci&oacute;n: 10% a 90% (sin condensaci&oacute;n)<br \/>&#8211; Temperatura de almacenamiento: -40&ordm;C a 70&ordm;C<br \/>&#8211; Humedad de almacenamiento: 10% a 90% (sin condensaci&oacute;n)<br \/>&#8211; MTBF (tiempo medio entre fallos): 502,509 horas<br \/>&#8211; Disipaci&oacute;n de calor: 1,617.36 BTU\/hr<br \/>&#8211; Ruido ac&uacute;stico: 26.5 dBA<\/td>\n<\/tr>\n<tr>\n<td><strong>Fecha de revisi&oacute;n<\/strong><\/td>\n<td>03-11-2020 por MPM<\/td>\n<\/tr>\n<\/tbody>\n<\/table>\n","protected":false},"excerpt":{"rendered":"<p>&nbsp; Marca ZyXEL Modelo GS192048HPV2-EU0101F Puertos &#8211; Puertos totales: 50&#8211; 44 x 100\/1000 Mbps&#8211; Gigabit Combo (RJ-45\/SFP): 4&#8211; Gigabit SFP: 2 Caracter&iacute;sticas PoE&#8211; PoE Ports: 48&#8211; Total PoE: 375 WAlimentaci&oacute;n&#8211; Entrada: 100 &#8211; 240 V AC, 50\/60 Hz&#8211; M&aacute;ximo consumo: 474.3 WRendimiento&#8211; Capacidad de conmutaci&oacute;n: 100 Gbps&#8211; Tasa de reenv&iacute;o: 74 Mbps&#8211; Buffer de paquete:&hellip;&nbsp;<a href=\"https:\/\/aivlisoft.net\/shop\/producto\/zyxel-gs1920-48hpv2-switch-44xgbe-poe-2xsfp-4xcomb\/\" rel=\"bookmark\"><span class=\"screen-reader-text\">ZyXEL GS1920-48HPv2 Switch 44xGbE PoE 2xSFP 4xComb<\/span><\/a><\/p>\n","protected":false},"featured_media":20370,"template":"","meta":{"neve_meta_sidebar":"","neve_meta_container":"","neve_meta_enable_content_width":"","neve_meta_content_width":0,"neve_meta_title_alignment":"","neve_meta_author_avatar":"","neve_post_elements_order":"","neve_meta_disable_header":"","neve_meta_disable_footer":"","neve_meta_disable_title":""},"product_brand":[],"product_cat":[8771],"product_tag":[7276],"class_list":{"0":"post-20369","1":"product","2":"type-product","3":"status-publish","4":"has-post-thumbnail","6":"product_cat-switches-armario","7":"product_tag-gs192048hpv2-eu0101f","9":"first","10":"instock","11":"taxable","12":"shipping-taxable","13":"purchasable","14":"product-type-simple"},"yoast_head":"<!-- This site is optimized with the Yoast SEO plugin v26.0 - https:\/\/yoast.com\/wordpress\/plugins\/seo\/ -->\n<title>ZyXEL GS1920-48HPv2 Switch 44xGbE PoE 2xSFP 4xComb - Aivlisoft Inform\u00e1tica<\/title>\n<meta name=\"robots\" content=\"index, follow, max-snippet:-1, max-image-preview:large, max-video-preview:-1\" \/>\n<link rel=\"canonical\" href=\"https:\/\/aivlisoft.net\/shop\/producto\/zyxel-gs1920-48hpv2-switch-44xgbe-poe-2xsfp-4xcomb\/\" \/>\n<meta property=\"og:locale\" content=\"es_ES\" \/>\n<meta property=\"og:type\" content=\"article\" \/>\n<meta property=\"og:title\" content=\"ZyXEL GS1920-48HPv2 Switch 44xGbE PoE 2xSFP 4xComb - Aivlisoft Inform\u00e1tica\" \/>\n<meta property=\"og:description\" content=\"&nbsp; Marca ZyXEL Modelo GS192048HPV2-EU0101F Puertos &#8211; Puertos totales: 50&#8211; 44 x 100\/1000 Mbps&#8211; Gigabit Combo (RJ-45\/SFP): 4&#8211; Gigabit SFP: 2 Caracter&iacute;sticas PoE&#8211; PoE Ports: 48&#8211; Total PoE: 375 WAlimentaci&oacute;n&#8211; Entrada: 100 &#8211; 240 V AC, 50\/60 Hz&#8211; M&aacute;ximo consumo: 474.3 WRendimiento&#8211; Capacidad de conmutaci&oacute;n: 100 Gbps&#8211; Tasa de reenv&iacute;o: 74 Mbps&#8211; Buffer de paquete:&hellip;&nbsp;ZyXEL GS1920-48HPv2 Switch 44xGbE PoE 2xSFP 4xComb\" \/>\n<meta property=\"og:url\" content=\"https:\/\/aivlisoft.net\/shop\/producto\/zyxel-gs1920-48hpv2-switch-44xgbe-poe-2xsfp-4xcomb\/\" \/>\n<meta property=\"og:site_name\" content=\"Aivlisoft Inform\u00e1tica\" \/>\n<meta property=\"article:modified_time\" content=\"2025-01-14T11:50:20+00:00\" \/>\n<meta property=\"og:image\" content=\"https:\/\/aivlisoft.net\/shop\/wp-content\/uploads\/2025\/01\/NSWSAR0239_800.jpg\" \/>\n\t<meta property=\"og:image:width\" content=\"800\" \/>\n\t<meta property=\"og:image:height\" content=\"800\" \/>\n\t<meta property=\"og:image:type\" content=\"image\/jpeg\" \/>\n<meta name=\"twitter:card\" content=\"summary_large_image\" \/>\n<meta name=\"twitter:label1\" content=\"Tiempo de lectura\" \/>\n\t<meta name=\"twitter:data1\" content=\"1 minuto\" \/>\n<script type=\"application\/ld+json\" class=\"yoast-schema-graph\">{\"@context\":\"https:\/\/schema.org\",\"@graph\":[{\"@type\":\"WebPage\",\"@id\":\"https:\/\/aivlisoft.net\/shop\/producto\/zyxel-gs1920-48hpv2-switch-44xgbe-poe-2xsfp-4xcomb\/\",\"url\":\"https:\/\/aivlisoft.net\/shop\/producto\/zyxel-gs1920-48hpv2-switch-44xgbe-poe-2xsfp-4xcomb\/\",\"name\":\"ZyXEL GS1920-48HPv2 Switch 44xGbE PoE 2xSFP 4xComb - Aivlisoft Inform\u00e1tica\",\"isPartOf\":{\"@id\":\"https:\/\/aivlisoft.net\/shop\/#website\"},\"primaryImageOfPage\":{\"@id\":\"https:\/\/aivlisoft.net\/shop\/producto\/zyxel-gs1920-48hpv2-switch-44xgbe-poe-2xsfp-4xcomb\/#primaryimage\"},\"image\":{\"@id\":\"https:\/\/aivlisoft.net\/shop\/producto\/zyxel-gs1920-48hpv2-switch-44xgbe-poe-2xsfp-4xcomb\/#primaryimage\"},\"thumbnailUrl\":\"https:\/\/aivlisoft.net\/shop\/wp-content\/uploads\/2025\/01\/NSWSAR0239_800.jpg\",\"datePublished\":\"2025-01-13T15:42:05+00:00\",\"dateModified\":\"2025-01-14T11:50:20+00:00\",\"breadcrumb\":{\"@id\":\"https:\/\/aivlisoft.net\/shop\/producto\/zyxel-gs1920-48hpv2-switch-44xgbe-poe-2xsfp-4xcomb\/#breadcrumb\"},\"inLanguage\":\"es\",\"potentialAction\":[{\"@type\":\"ReadAction\",\"target\":[\"https:\/\/aivlisoft.net\/shop\/producto\/zyxel-gs1920-48hpv2-switch-44xgbe-poe-2xsfp-4xcomb\/\"]}]},{\"@type\":\"ImageObject\",\"inLanguage\":\"es\",\"@id\":\"https:\/\/aivlisoft.net\/shop\/producto\/zyxel-gs1920-48hpv2-switch-44xgbe-poe-2xsfp-4xcomb\/#primaryimage\",\"url\":\"https:\/\/aivlisoft.net\/shop\/wp-content\/uploads\/2025\/01\/NSWSAR0239_800.jpg\",\"contentUrl\":\"https:\/\/aivlisoft.net\/shop\/wp-content\/uploads\/2025\/01\/NSWSAR0239_800.jpg\",\"width\":800,\"height\":800},{\"@type\":\"BreadcrumbList\",\"@id\":\"https:\/\/aivlisoft.net\/shop\/producto\/zyxel-gs1920-48hpv2-switch-44xgbe-poe-2xsfp-4xcomb\/#breadcrumb\",\"itemListElement\":[{\"@type\":\"ListItem\",\"position\":1,\"name\":\"Portada\",\"item\":\"https:\/\/aivlisoft.net\/shop\/\"},{\"@type\":\"ListItem\",\"position\":2,\"name\":\"Tienda\",\"item\":\"https:\/\/aivlisoft.net\/shop\/tienda\/\"},{\"@type\":\"ListItem\",\"position\":3,\"name\":\"ZyXEL GS1920-48HPv2 Switch 44xGbE PoE 2xSFP 4xComb\"}]},{\"@type\":\"WebSite\",\"@id\":\"https:\/\/aivlisoft.net\/shop\/#website\",\"url\":\"https:\/\/aivlisoft.net\/shop\/\",\"name\":\"Aivlisoft Inform\u00e1tica\",\"description\":\"En Aivlisoft Inform\u00e1tica ofrecemos soluciones tecnol\u00f3gicas para empresas: venta de ordenadores, consumibles, perif\u00e9ricos y m\u00e1s. Calidad, atenci\u00f3n personalizada y los mejores precios para tu negocio.\",\"publisher\":{\"@id\":\"https:\/\/aivlisoft.net\/shop\/#organization\"},\"potentialAction\":[{\"@type\":\"SearchAction\",\"target\":{\"@type\":\"EntryPoint\",\"urlTemplate\":\"https:\/\/aivlisoft.net\/shop\/?s={search_term_string}\"},\"query-input\":{\"@type\":\"PropertyValueSpecification\",\"valueRequired\":true,\"valueName\":\"search_term_string\"}}],\"inLanguage\":\"es\"},{\"@type\":\"Organization\",\"@id\":\"https:\/\/aivlisoft.net\/shop\/#organization\",\"name\":\"Aivlisoft Inform\u00e1tica\",\"url\":\"https:\/\/aivlisoft.net\/shop\/\",\"logo\":{\"@type\":\"ImageObject\",\"inLanguage\":\"es\",\"@id\":\"https:\/\/aivlisoft.net\/shop\/#\/schema\/logo\/image\/\",\"url\":\"https:\/\/aivlisoft.net\/shop\/wp-content\/uploads\/2024\/12\/removal.ai_5b848c54-0cdf-4140-95c5-c5536bb7573b-logodef.png\",\"contentUrl\":\"https:\/\/aivlisoft.net\/shop\/wp-content\/uploads\/2024\/12\/removal.ai_5b848c54-0cdf-4140-95c5-c5536bb7573b-logodef.png\",\"width\":484,\"height\":182,\"caption\":\"Aivlisoft Inform\u00e1tica\"},\"image\":{\"@id\":\"https:\/\/aivlisoft.net\/shop\/#\/schema\/logo\/image\/\"}}]}<\/script>\n<!-- \/ Yoast SEO plugin. -->","yoast_head_json":{"title":"ZyXEL GS1920-48HPv2 Switch 44xGbE PoE 2xSFP 4xComb - Aivlisoft Inform\u00e1tica","robots":{"index":"index","follow":"follow","max-snippet":"max-snippet:-1","max-image-preview":"max-image-preview:large","max-video-preview":"max-video-preview:-1"},"canonical":"https:\/\/aivlisoft.net\/shop\/producto\/zyxel-gs1920-48hpv2-switch-44xgbe-poe-2xsfp-4xcomb\/","og_locale":"es_ES","og_type":"article","og_title":"ZyXEL GS1920-48HPv2 Switch 44xGbE PoE 2xSFP 4xComb - Aivlisoft Inform\u00e1tica","og_description":"&nbsp; Marca ZyXEL Modelo GS192048HPV2-EU0101F Puertos &#8211; Puertos totales: 50&#8211; 44 x 100\/1000 Mbps&#8211; Gigabit Combo (RJ-45\/SFP): 4&#8211; Gigabit SFP: 2 Caracter&iacute;sticas PoE&#8211; PoE Ports: 48&#8211; Total PoE: 375 WAlimentaci&oacute;n&#8211; Entrada: 100 &#8211; 240 V AC, 50\/60 Hz&#8211; M&aacute;ximo consumo: 474.3 WRendimiento&#8211; Capacidad de conmutaci&oacute;n: 100 Gbps&#8211; Tasa de reenv&iacute;o: 74 Mbps&#8211; Buffer de paquete:&hellip;&nbsp;ZyXEL GS1920-48HPv2 Switch 44xGbE PoE 2xSFP 4xComb","og_url":"https:\/\/aivlisoft.net\/shop\/producto\/zyxel-gs1920-48hpv2-switch-44xgbe-poe-2xsfp-4xcomb\/","og_site_name":"Aivlisoft Inform\u00e1tica","article_modified_time":"2025-01-14T11:50:20+00:00","og_image":[{"width":800,"height":800,"url":"https:\/\/aivlisoft.net\/shop\/wp-content\/uploads\/2025\/01\/NSWSAR0239_800.jpg","type":"image\/jpeg"}],"twitter_card":"summary_large_image","twitter_misc":{"Tiempo de lectura":"1 minuto"},"schema":{"@context":"https:\/\/schema.org","@graph":[{"@type":"WebPage","@id":"https:\/\/aivlisoft.net\/shop\/producto\/zyxel-gs1920-48hpv2-switch-44xgbe-poe-2xsfp-4xcomb\/","url":"https:\/\/aivlisoft.net\/shop\/producto\/zyxel-gs1920-48hpv2-switch-44xgbe-poe-2xsfp-4xcomb\/","name":"ZyXEL GS1920-48HPv2 Switch 44xGbE PoE 2xSFP 4xComb - Aivlisoft Inform\u00e1tica","isPartOf":{"@id":"https:\/\/aivlisoft.net\/shop\/#website"},"primaryImageOfPage":{"@id":"https:\/\/aivlisoft.net\/shop\/producto\/zyxel-gs1920-48hpv2-switch-44xgbe-poe-2xsfp-4xcomb\/#primaryimage"},"image":{"@id":"https:\/\/aivlisoft.net\/shop\/producto\/zyxel-gs1920-48hpv2-switch-44xgbe-poe-2xsfp-4xcomb\/#primaryimage"},"thumbnailUrl":"https:\/\/aivlisoft.net\/shop\/wp-content\/uploads\/2025\/01\/NSWSAR0239_800.jpg","datePublished":"2025-01-13T15:42:05+00:00","dateModified":"2025-01-14T11:50:20+00:00","breadcrumb":{"@id":"https:\/\/aivlisoft.net\/shop\/producto\/zyxel-gs1920-48hpv2-switch-44xgbe-poe-2xsfp-4xcomb\/#breadcrumb"},"inLanguage":"es","potentialAction":[{"@type":"ReadAction","target":["https:\/\/aivlisoft.net\/shop\/producto\/zyxel-gs1920-48hpv2-switch-44xgbe-poe-2xsfp-4xcomb\/"]}]},{"@type":"ImageObject","inLanguage":"es","@id":"https:\/\/aivlisoft.net\/shop\/producto\/zyxel-gs1920-48hpv2-switch-44xgbe-poe-2xsfp-4xcomb\/#primaryimage","url":"https:\/\/aivlisoft.net\/shop\/wp-content\/uploads\/2025\/01\/NSWSAR0239_800.jpg","contentUrl":"https:\/\/aivlisoft.net\/shop\/wp-content\/uploads\/2025\/01\/NSWSAR0239_800.jpg","width":800,"height":800},{"@type":"BreadcrumbList","@id":"https:\/\/aivlisoft.net\/shop\/producto\/zyxel-gs1920-48hpv2-switch-44xgbe-poe-2xsfp-4xcomb\/#breadcrumb","itemListElement":[{"@type":"ListItem","position":1,"name":"Portada","item":"https:\/\/aivlisoft.net\/shop\/"},{"@type":"ListItem","position":2,"name":"Tienda","item":"https:\/\/aivlisoft.net\/shop\/tienda\/"},{"@type":"ListItem","position":3,"name":"ZyXEL GS1920-48HPv2 Switch 44xGbE PoE 2xSFP 4xComb"}]},{"@type":"WebSite","@id":"https:\/\/aivlisoft.net\/shop\/#website","url":"https:\/\/aivlisoft.net\/shop\/","name":"Aivlisoft Inform\u00e1tica","description":"En Aivlisoft Inform\u00e1tica ofrecemos soluciones tecnol\u00f3gicas para empresas: venta de ordenadores, consumibles, perif\u00e9ricos y m\u00e1s. Calidad, atenci\u00f3n personalizada y los mejores precios para tu negocio.","publisher":{"@id":"https:\/\/aivlisoft.net\/shop\/#organization"},"potentialAction":[{"@type":"SearchAction","target":{"@type":"EntryPoint","urlTemplate":"https:\/\/aivlisoft.net\/shop\/?s={search_term_string}"},"query-input":{"@type":"PropertyValueSpecification","valueRequired":true,"valueName":"search_term_string"}}],"inLanguage":"es"},{"@type":"Organization","@id":"https:\/\/aivlisoft.net\/shop\/#organization","name":"Aivlisoft Inform\u00e1tica","url":"https:\/\/aivlisoft.net\/shop\/","logo":{"@type":"ImageObject","inLanguage":"es","@id":"https:\/\/aivlisoft.net\/shop\/#\/schema\/logo\/image\/","url":"https:\/\/aivlisoft.net\/shop\/wp-content\/uploads\/2024\/12\/removal.ai_5b848c54-0cdf-4140-95c5-c5536bb7573b-logodef.png","contentUrl":"https:\/\/aivlisoft.net\/shop\/wp-content\/uploads\/2024\/12\/removal.ai_5b848c54-0cdf-4140-95c5-c5536bb7573b-logodef.png","width":484,"height":182,"caption":"Aivlisoft Inform\u00e1tica"},"image":{"@id":"https:\/\/aivlisoft.net\/shop\/#\/schema\/logo\/image\/"}}]}},"_links":{"self":[{"href":"https:\/\/aivlisoft.net\/shop\/wp-json\/wp\/v2\/product\/20369","targetHints":{"allow":["GET"]}}],"collection":[{"href":"https:\/\/aivlisoft.net\/shop\/wp-json\/wp\/v2\/product"}],"about":[{"href":"https:\/\/aivlisoft.net\/shop\/wp-json\/wp\/v2\/types\/product"}],"wp:featuredmedia":[{"embeddable":true,"href":"https:\/\/aivlisoft.net\/shop\/wp-json\/wp\/v2\/media\/20370"}],"wp:attachment":[{"href":"https:\/\/aivlisoft.net\/shop\/wp-json\/wp\/v2\/media?parent=20369"}],"wp:term":[{"taxonomy":"product_brand","embeddable":true,"href":"https:\/\/aivlisoft.net\/shop\/wp-json\/wp\/v2\/product_brand?post=20369"},{"taxonomy":"product_cat","embeddable":true,"href":"https:\/\/aivlisoft.net\/shop\/wp-json\/wp\/v2\/product_cat?post=20369"},{"taxonomy":"product_tag","embeddable":true,"href":"https:\/\/aivlisoft.net\/shop\/wp-json\/wp\/v2\/product_tag?post=20369"}],"curies":[{"name":"wp","href":"https:\/\/api.w.org\/{rel}","templated":true}]}}