{"id":20344,"date":"2025-01-13T15:41:49","date_gmt":"2025-01-13T15:41:49","guid":{"rendered":"https:\/\/aivlisoft.com\/?post_type=product&#038;p=20344"},"modified":"2025-01-14T11:50:12","modified_gmt":"2025-01-14T11:50:12","slug":"tp-link-tl-sg1016pe-switch-16xgb-poe","status":"publish","type":"product","link":"https:\/\/aivlisoft.net\/shop\/producto\/tp-link-tl-sg1016pe-switch-16xgb-poe\/","title":{"rendered":"TP-LINK TL-SG1016PE Switch 16xGB PoE+"},"content":{"rendered":"<p><\/p>\n<table>\n<tbody>\n<tr>\n<td><strong>Marca<\/strong><\/td>\n<td>TP-Link<\/td>\n<\/tr>\n<tr>\n<td><strong>Modelo<\/strong><\/td>\n<td><strong>TL-SG1016PE<\/strong><\/td>\n<\/tr>\n<tr>\n<td><strong>Caracteristicas<\/strong><\/td>\n<td><strong>Hardware<br \/><\/strong>&#8211; Est&aacute;ndares y Protocolos: IEEE 802.3, IEEE 802.3u, IEEE 802.3ab, IEEE 802.3x, IEEE 802.1q, IEEE 802.1p<br \/>&#8211; Interfaz: 16 puertos RJ45 a 10\/100\/1000 Mbps con negociaci&oacute;n autom&aacute;tica<br \/>&nbsp; (MDI\/MDIX autom&aacute;tico)<br \/>&#8211; Medios de Red: 10BASE-T: UTP categorias 3, 4, 5 cable (m&aacute;ximo 100m)<br \/>&nbsp; EIA\/TIA-568 100&Omega; STP (m&aacute;ximo 100m)<br \/>&nbsp; 100BASE-TX: UTP categorias 5, 5e cable (m&aacute;ximo 100m)<br \/>&nbsp; EIA\/TIA-568 100&Omega; STP (m&aacute;ximo 100m)<br \/>&nbsp; 1000BASE-T: UTP categorias 5, 5e, 6 o superior cable (m&aacute;ximo 100m)<br \/>&nbsp; EIA\/TIA-568 100&Omega; STP (m&aacute;ximo 100m)<br \/>&#8211; Cantidad de Ventiladores: 1<br \/>&#8211; Fuente de Alimentaci&oacute;n: 100-240VAC, 50\/60Hz<br \/>&#8211; Consumo de Potencia: M&aacute;ximo: 124.4W (220V\/50Hz)<br \/>&#8211; Puertos PoE (RJ45): Est&aacute;ndar: 802.3 at<br \/>&nbsp; Puertos PoE: Puertos 1-8<br \/>&nbsp; Potencia m&aacute;xima: 110W<br \/>&#8211; Dimensiones: 294 x 180 x 44 mm.<strong><\/strong><strong><br \/>Software<br \/><\/strong>&#8211; Calidad de Servicio: Soporta prioridad 802.1p\/DSCP<br \/>&nbsp; Soporta 4 colas de prioridad<br \/>&nbsp; L&iacute;mite de env&iacute;o<br \/>&nbsp; Control de Tormentas<br \/>&#8211; Caracter&iacute;sticas L2: IGMP Snooping V1\/V2\/V3<br \/>&nbsp; Agregaci&oacute;n de enlaces<br \/>&nbsp; Port Mirroring<br \/>&nbsp; Diagnostico de Cable<br \/>&nbsp; Prevenci&oacute;n Loop<br \/>&#8211; VLAN: Soporta hasta 128 VLANs simult&aacute;neamente (de 4K VLAN IDs)<br \/>&nbsp; MTU\/Port\/Tag VLAN<br \/>&#8211; Gesti&oacute;n: GUI gesti&oacute;n-Web<br \/>&nbsp; Utilidad de Configuraci&oacute;n Easy Smart<br \/>&#8211; M&eacute;todo de Transmisi&oacute;n: Store-And-Forward<\/td>\n<\/tr>\n<tr>\n<td><strong>Rendimiento<\/strong><\/td>\n<td>&#8211; Capacidad de Conmutaci&oacute;n: 32Gbps<br \/>&#8211; Tasa de Reenv&iacute;o de Paquetes: 23.8Mbps<br \/>&#8211; Tabla de Direcciones MAC: 8K<br \/>&#8211; Memoria del Buffer de Paquete: 4.1Mbit<br \/>&#8211; Jumbo Frame: 9KB<\/td>\n<\/tr>\n<tr>\n<td><strong>Otras<\/strong><\/td>\n<td>&#8211; Certificaciones: FCC, CE, RoHS<br \/>&#8211; Requisitos del sistema: Utilidad para Microsoft&reg; Windows&reg;<br \/>&#8211; Environment: Temperatura de Funcionamiento: 0&ordm;C~40&ordm;C<br \/>&#8211; Temperatura de Almacenamiento: -40&ordm;C~70&ordm;C<br \/>&#8211; Humedad de Funcionamiento: 10%~90% sin condensaci&oacute;n<br \/>&#8211; Humedad de Almacenamiento: 5%~90% sin condensaci&oacute;n<br \/><strong>Contenido<\/strong><br \/>&#8211; TL-SG1016PE<br \/>&#8211; Cable de alimentaci&oacute;n<br \/>&#8211; Manual de usuario<br \/>&#8211; CD de recursos<br \/>&#8211; Kit de montaje en bastidor<br \/>&#8211; Puntos de goma<\/td>\n<\/tr>\n<tr>\n<td><strong>Fecha de revisi&oacute;n<\/strong><\/td>\n<td>17-04-2018 por MSB<\/td>\n<\/tr>\n<\/tbody>\n<\/table>\n","protected":false},"excerpt":{"rendered":"<p>Marca TP-Link Modelo TL-SG1016PE Caracteristicas Hardware&#8211; Est&aacute;ndares y Protocolos: IEEE 802.3, IEEE 802.3u, IEEE 802.3ab, IEEE 802.3x, IEEE 802.1q, IEEE 802.1p&#8211; Interfaz: 16 puertos RJ45 a 10\/100\/1000 Mbps con negociaci&oacute;n autom&aacute;tica&nbsp; (MDI\/MDIX autom&aacute;tico)&#8211; Medios de Red: 10BASE-T: UTP categorias 3, 4, 5 cable (m&aacute;ximo 100m)&nbsp; EIA\/TIA-568 100&Omega; STP (m&aacute;ximo 100m)&nbsp; 100BASE-TX: UTP categorias 5, 5e&hellip;&nbsp;<a href=\"https:\/\/aivlisoft.net\/shop\/producto\/tp-link-tl-sg1016pe-switch-16xgb-poe\/\" rel=\"bookmark\"><span class=\"screen-reader-text\">TP-LINK TL-SG1016PE Switch 16xGB PoE+<\/span><\/a><\/p>\n","protected":false},"featured_media":20345,"template":"","meta":{"neve_meta_sidebar":"","neve_meta_container":"","neve_meta_enable_content_width":"","neve_meta_content_width":0,"neve_meta_title_alignment":"","neve_meta_author_avatar":"","neve_post_elements_order":"","neve_meta_disable_header":"","neve_meta_disable_footer":"","neve_meta_disable_title":""},"product_brand":[],"product_cat":[8771],"product_tag":[7269],"class_list":{"0":"post-20344","1":"product","2":"type-product","3":"status-publish","4":"has-post-thumbnail","6":"product_cat-switches-armario","7":"product_tag-tl-sg1016pe","9":"first","10":"instock","11":"taxable","12":"shipping-taxable","13":"purchasable","14":"product-type-simple"},"yoast_head":"<!-- This site is optimized with the Yoast SEO plugin v26.0 - https:\/\/yoast.com\/wordpress\/plugins\/seo\/ -->\n<title>TP-LINK TL-SG1016PE Switch 16xGB PoE+ - Aivlisoft Inform\u00e1tica<\/title>\n<meta name=\"robots\" content=\"index, follow, max-snippet:-1, max-image-preview:large, max-video-preview:-1\" \/>\n<link rel=\"canonical\" href=\"https:\/\/aivlisoft.net\/shop\/producto\/tp-link-tl-sg1016pe-switch-16xgb-poe\/\" \/>\n<meta property=\"og:locale\" content=\"es_ES\" \/>\n<meta property=\"og:type\" content=\"article\" \/>\n<meta property=\"og:title\" content=\"TP-LINK TL-SG1016PE Switch 16xGB PoE+ - Aivlisoft Inform\u00e1tica\" \/>\n<meta property=\"og:description\" content=\"Marca TP-Link Modelo TL-SG1016PE Caracteristicas Hardware&#8211; Est&aacute;ndares y Protocolos: IEEE 802.3, IEEE 802.3u, IEEE 802.3ab, IEEE 802.3x, IEEE 802.1q, IEEE 802.1p&#8211; Interfaz: 16 puertos RJ45 a 10\/100\/1000 Mbps con negociaci&oacute;n autom&aacute;tica&nbsp; (MDI\/MDIX autom&aacute;tico)&#8211; Medios de Red: 10BASE-T: UTP categorias 3, 4, 5 cable (m&aacute;ximo 100m)&nbsp; EIA\/TIA-568 100&Omega; STP (m&aacute;ximo 100m)&nbsp; 100BASE-TX: UTP categorias 5, 5e&hellip;&nbsp;TP-LINK TL-SG1016PE Switch 16xGB PoE+\" \/>\n<meta property=\"og:url\" content=\"https:\/\/aivlisoft.net\/shop\/producto\/tp-link-tl-sg1016pe-switch-16xgb-poe\/\" \/>\n<meta property=\"og:site_name\" content=\"Aivlisoft Inform\u00e1tica\" \/>\n<meta property=\"article:modified_time\" content=\"2025-01-14T11:50:12+00:00\" \/>\n<meta property=\"og:image\" content=\"https:\/\/aivlisoft.net\/shop\/wp-content\/uploads\/2025\/01\/NSWSAR0215_800.jpg\" \/>\n\t<meta property=\"og:image:width\" content=\"800\" \/>\n\t<meta property=\"og:image:height\" content=\"800\" \/>\n\t<meta property=\"og:image:type\" content=\"image\/jpeg\" \/>\n<meta name=\"twitter:card\" content=\"summary_large_image\" \/>\n<meta name=\"twitter:label1\" content=\"Tiempo de lectura\" \/>\n\t<meta name=\"twitter:data1\" content=\"2 minutos\" \/>\n<script type=\"application\/ld+json\" class=\"yoast-schema-graph\">{\"@context\":\"https:\/\/schema.org\",\"@graph\":[{\"@type\":\"WebPage\",\"@id\":\"https:\/\/aivlisoft.net\/shop\/producto\/tp-link-tl-sg1016pe-switch-16xgb-poe\/\",\"url\":\"https:\/\/aivlisoft.net\/shop\/producto\/tp-link-tl-sg1016pe-switch-16xgb-poe\/\",\"name\":\"TP-LINK TL-SG1016PE Switch 16xGB PoE+ - Aivlisoft Inform\u00e1tica\",\"isPartOf\":{\"@id\":\"https:\/\/aivlisoft.net\/shop\/#website\"},\"primaryImageOfPage\":{\"@id\":\"https:\/\/aivlisoft.net\/shop\/producto\/tp-link-tl-sg1016pe-switch-16xgb-poe\/#primaryimage\"},\"image\":{\"@id\":\"https:\/\/aivlisoft.net\/shop\/producto\/tp-link-tl-sg1016pe-switch-16xgb-poe\/#primaryimage\"},\"thumbnailUrl\":\"https:\/\/aivlisoft.net\/shop\/wp-content\/uploads\/2025\/01\/NSWSAR0215_800.jpg\",\"datePublished\":\"2025-01-13T15:41:49+00:00\",\"dateModified\":\"2025-01-14T11:50:12+00:00\",\"breadcrumb\":{\"@id\":\"https:\/\/aivlisoft.net\/shop\/producto\/tp-link-tl-sg1016pe-switch-16xgb-poe\/#breadcrumb\"},\"inLanguage\":\"es\",\"potentialAction\":[{\"@type\":\"ReadAction\",\"target\":[\"https:\/\/aivlisoft.net\/shop\/producto\/tp-link-tl-sg1016pe-switch-16xgb-poe\/\"]}]},{\"@type\":\"ImageObject\",\"inLanguage\":\"es\",\"@id\":\"https:\/\/aivlisoft.net\/shop\/producto\/tp-link-tl-sg1016pe-switch-16xgb-poe\/#primaryimage\",\"url\":\"https:\/\/aivlisoft.net\/shop\/wp-content\/uploads\/2025\/01\/NSWSAR0215_800.jpg\",\"contentUrl\":\"https:\/\/aivlisoft.net\/shop\/wp-content\/uploads\/2025\/01\/NSWSAR0215_800.jpg\",\"width\":800,\"height\":800},{\"@type\":\"BreadcrumbList\",\"@id\":\"https:\/\/aivlisoft.net\/shop\/producto\/tp-link-tl-sg1016pe-switch-16xgb-poe\/#breadcrumb\",\"itemListElement\":[{\"@type\":\"ListItem\",\"position\":1,\"name\":\"Portada\",\"item\":\"https:\/\/aivlisoft.net\/shop\/\"},{\"@type\":\"ListItem\",\"position\":2,\"name\":\"Tienda\",\"item\":\"https:\/\/aivlisoft.net\/shop\/tienda\/\"},{\"@type\":\"ListItem\",\"position\":3,\"name\":\"TP-LINK TL-SG1016PE Switch 16xGB PoE+\"}]},{\"@type\":\"WebSite\",\"@id\":\"https:\/\/aivlisoft.net\/shop\/#website\",\"url\":\"https:\/\/aivlisoft.net\/shop\/\",\"name\":\"Aivlisoft Inform\u00e1tica\",\"description\":\"En Aivlisoft Inform\u00e1tica ofrecemos soluciones tecnol\u00f3gicas para empresas: venta de ordenadores, consumibles, perif\u00e9ricos y m\u00e1s. Calidad, atenci\u00f3n personalizada y los mejores precios para tu negocio.\",\"publisher\":{\"@id\":\"https:\/\/aivlisoft.net\/shop\/#organization\"},\"potentialAction\":[{\"@type\":\"SearchAction\",\"target\":{\"@type\":\"EntryPoint\",\"urlTemplate\":\"https:\/\/aivlisoft.net\/shop\/?s={search_term_string}\"},\"query-input\":{\"@type\":\"PropertyValueSpecification\",\"valueRequired\":true,\"valueName\":\"search_term_string\"}}],\"inLanguage\":\"es\"},{\"@type\":\"Organization\",\"@id\":\"https:\/\/aivlisoft.net\/shop\/#organization\",\"name\":\"Aivlisoft Inform\u00e1tica\",\"url\":\"https:\/\/aivlisoft.net\/shop\/\",\"logo\":{\"@type\":\"ImageObject\",\"inLanguage\":\"es\",\"@id\":\"https:\/\/aivlisoft.net\/shop\/#\/schema\/logo\/image\/\",\"url\":\"https:\/\/aivlisoft.net\/shop\/wp-content\/uploads\/2024\/12\/removal.ai_5b848c54-0cdf-4140-95c5-c5536bb7573b-logodef.png\",\"contentUrl\":\"https:\/\/aivlisoft.net\/shop\/wp-content\/uploads\/2024\/12\/removal.ai_5b848c54-0cdf-4140-95c5-c5536bb7573b-logodef.png\",\"width\":484,\"height\":182,\"caption\":\"Aivlisoft Inform\u00e1tica\"},\"image\":{\"@id\":\"https:\/\/aivlisoft.net\/shop\/#\/schema\/logo\/image\/\"}}]}<\/script>\n<!-- \/ Yoast SEO plugin. -->","yoast_head_json":{"title":"TP-LINK TL-SG1016PE Switch 16xGB PoE+ - Aivlisoft Inform\u00e1tica","robots":{"index":"index","follow":"follow","max-snippet":"max-snippet:-1","max-image-preview":"max-image-preview:large","max-video-preview":"max-video-preview:-1"},"canonical":"https:\/\/aivlisoft.net\/shop\/producto\/tp-link-tl-sg1016pe-switch-16xgb-poe\/","og_locale":"es_ES","og_type":"article","og_title":"TP-LINK TL-SG1016PE Switch 16xGB PoE+ - Aivlisoft Inform\u00e1tica","og_description":"Marca TP-Link Modelo TL-SG1016PE Caracteristicas Hardware&#8211; Est&aacute;ndares y Protocolos: IEEE 802.3, IEEE 802.3u, IEEE 802.3ab, IEEE 802.3x, IEEE 802.1q, IEEE 802.1p&#8211; Interfaz: 16 puertos RJ45 a 10\/100\/1000 Mbps con negociaci&oacute;n autom&aacute;tica&nbsp; (MDI\/MDIX autom&aacute;tico)&#8211; Medios de Red: 10BASE-T: UTP categorias 3, 4, 5 cable (m&aacute;ximo 100m)&nbsp; EIA\/TIA-568 100&Omega; STP (m&aacute;ximo 100m)&nbsp; 100BASE-TX: UTP categorias 5, 5e&hellip;&nbsp;TP-LINK TL-SG1016PE Switch 16xGB PoE+","og_url":"https:\/\/aivlisoft.net\/shop\/producto\/tp-link-tl-sg1016pe-switch-16xgb-poe\/","og_site_name":"Aivlisoft Inform\u00e1tica","article_modified_time":"2025-01-14T11:50:12+00:00","og_image":[{"width":800,"height":800,"url":"https:\/\/aivlisoft.net\/shop\/wp-content\/uploads\/2025\/01\/NSWSAR0215_800.jpg","type":"image\/jpeg"}],"twitter_card":"summary_large_image","twitter_misc":{"Tiempo de lectura":"2 minutos"},"schema":{"@context":"https:\/\/schema.org","@graph":[{"@type":"WebPage","@id":"https:\/\/aivlisoft.net\/shop\/producto\/tp-link-tl-sg1016pe-switch-16xgb-poe\/","url":"https:\/\/aivlisoft.net\/shop\/producto\/tp-link-tl-sg1016pe-switch-16xgb-poe\/","name":"TP-LINK TL-SG1016PE Switch 16xGB PoE+ - Aivlisoft Inform\u00e1tica","isPartOf":{"@id":"https:\/\/aivlisoft.net\/shop\/#website"},"primaryImageOfPage":{"@id":"https:\/\/aivlisoft.net\/shop\/producto\/tp-link-tl-sg1016pe-switch-16xgb-poe\/#primaryimage"},"image":{"@id":"https:\/\/aivlisoft.net\/shop\/producto\/tp-link-tl-sg1016pe-switch-16xgb-poe\/#primaryimage"},"thumbnailUrl":"https:\/\/aivlisoft.net\/shop\/wp-content\/uploads\/2025\/01\/NSWSAR0215_800.jpg","datePublished":"2025-01-13T15:41:49+00:00","dateModified":"2025-01-14T11:50:12+00:00","breadcrumb":{"@id":"https:\/\/aivlisoft.net\/shop\/producto\/tp-link-tl-sg1016pe-switch-16xgb-poe\/#breadcrumb"},"inLanguage":"es","potentialAction":[{"@type":"ReadAction","target":["https:\/\/aivlisoft.net\/shop\/producto\/tp-link-tl-sg1016pe-switch-16xgb-poe\/"]}]},{"@type":"ImageObject","inLanguage":"es","@id":"https:\/\/aivlisoft.net\/shop\/producto\/tp-link-tl-sg1016pe-switch-16xgb-poe\/#primaryimage","url":"https:\/\/aivlisoft.net\/shop\/wp-content\/uploads\/2025\/01\/NSWSAR0215_800.jpg","contentUrl":"https:\/\/aivlisoft.net\/shop\/wp-content\/uploads\/2025\/01\/NSWSAR0215_800.jpg","width":800,"height":800},{"@type":"BreadcrumbList","@id":"https:\/\/aivlisoft.net\/shop\/producto\/tp-link-tl-sg1016pe-switch-16xgb-poe\/#breadcrumb","itemListElement":[{"@type":"ListItem","position":1,"name":"Portada","item":"https:\/\/aivlisoft.net\/shop\/"},{"@type":"ListItem","position":2,"name":"Tienda","item":"https:\/\/aivlisoft.net\/shop\/tienda\/"},{"@type":"ListItem","position":3,"name":"TP-LINK TL-SG1016PE Switch 16xGB PoE+"}]},{"@type":"WebSite","@id":"https:\/\/aivlisoft.net\/shop\/#website","url":"https:\/\/aivlisoft.net\/shop\/","name":"Aivlisoft Inform\u00e1tica","description":"En Aivlisoft Inform\u00e1tica ofrecemos soluciones tecnol\u00f3gicas para empresas: venta de ordenadores, consumibles, perif\u00e9ricos y m\u00e1s. Calidad, atenci\u00f3n personalizada y los mejores precios para tu negocio.","publisher":{"@id":"https:\/\/aivlisoft.net\/shop\/#organization"},"potentialAction":[{"@type":"SearchAction","target":{"@type":"EntryPoint","urlTemplate":"https:\/\/aivlisoft.net\/shop\/?s={search_term_string}"},"query-input":{"@type":"PropertyValueSpecification","valueRequired":true,"valueName":"search_term_string"}}],"inLanguage":"es"},{"@type":"Organization","@id":"https:\/\/aivlisoft.net\/shop\/#organization","name":"Aivlisoft Inform\u00e1tica","url":"https:\/\/aivlisoft.net\/shop\/","logo":{"@type":"ImageObject","inLanguage":"es","@id":"https:\/\/aivlisoft.net\/shop\/#\/schema\/logo\/image\/","url":"https:\/\/aivlisoft.net\/shop\/wp-content\/uploads\/2024\/12\/removal.ai_5b848c54-0cdf-4140-95c5-c5536bb7573b-logodef.png","contentUrl":"https:\/\/aivlisoft.net\/shop\/wp-content\/uploads\/2024\/12\/removal.ai_5b848c54-0cdf-4140-95c5-c5536bb7573b-logodef.png","width":484,"height":182,"caption":"Aivlisoft Inform\u00e1tica"},"image":{"@id":"https:\/\/aivlisoft.net\/shop\/#\/schema\/logo\/image\/"}}]}},"_links":{"self":[{"href":"https:\/\/aivlisoft.net\/shop\/wp-json\/wp\/v2\/product\/20344","targetHints":{"allow":["GET"]}}],"collection":[{"href":"https:\/\/aivlisoft.net\/shop\/wp-json\/wp\/v2\/product"}],"about":[{"href":"https:\/\/aivlisoft.net\/shop\/wp-json\/wp\/v2\/types\/product"}],"wp:featuredmedia":[{"embeddable":true,"href":"https:\/\/aivlisoft.net\/shop\/wp-json\/wp\/v2\/media\/20345"}],"wp:attachment":[{"href":"https:\/\/aivlisoft.net\/shop\/wp-json\/wp\/v2\/media?parent=20344"}],"wp:term":[{"taxonomy":"product_brand","embeddable":true,"href":"https:\/\/aivlisoft.net\/shop\/wp-json\/wp\/v2\/product_brand?post=20344"},{"taxonomy":"product_cat","embeddable":true,"href":"https:\/\/aivlisoft.net\/shop\/wp-json\/wp\/v2\/product_cat?post=20344"},{"taxonomy":"product_tag","embeddable":true,"href":"https:\/\/aivlisoft.net\/shop\/wp-json\/wp\/v2\/product_tag?post=20344"}],"curies":[{"name":"wp","href":"https:\/\/api.w.org\/{rel}","templated":true}]}}