{"id":20337,"date":"2025-01-13T15:41:45","date_gmt":"2025-01-13T15:41:45","guid":{"rendered":"https:\/\/aivlisoft.com\/?post_type=product&#038;p=20337"},"modified":"2025-01-14T11:50:10","modified_gmt":"2025-01-14T11:50:10","slug":"d-link-dxs-1210-10ts-switch-8x10gb-2xsfp","status":"publish","type":"product","link":"https:\/\/aivlisoft.net\/shop\/producto\/d-link-dxs-1210-10ts-switch-8x10gb-2xsfp\/","title":{"rendered":"D-Link DXS-1210-10TS Switch 8x10GB 2xSFP+"},"content":{"rendered":"<p><\/p>\n<table class=\"tabla_caracteristicas k-table\" width=\"100%\">\n<tbody>\n<tr>\n<td><strong>Marca<\/strong><\/td>\n<td>D-Link<\/td>\n<\/tr>\n<tr>\n<td><strong>Modelo<\/strong><\/td>\n<td><strong>DXS-1210-10TS<\/strong><\/td>\n<\/tr>\n<tr>\n<td valign=\"top\"><strong>Puertos<\/strong><\/td>\n<td>&#8211; 8 x 10GBASE-T<br \/>&#8211; 2 x SFP+<\/td>\n<\/tr>\n<tr>\n<td valign=\"top\"><strong>Rendimiento<\/strong><\/td>\n<td>&#8211; Capacidad de conmutaci&oacute;n: 200 Gbps<br \/>&#8211; Velocidad m&aacute;xima de env&iacute;o de paquetes: 148,8 Mpps<br \/>&#8211; Tabla de direcciones MAC: Hasta 16.000 entradas por dispositivo<\/td>\n<\/tr>\n<tr>\n<td valign=\"top\"><strong>Caracter&iacute;sticas<\/strong><\/td>\n<td><strong>Seguridad<\/strong><br \/>&#8211; cUL<br \/>&#8211; CB<br \/>&#8211; CE<br \/>&#8211; CCC<br \/>&#8211; BSMI<br \/><strong>Caracter&iacute;sticas L2<\/strong><br \/>&#8211; Tabla de direcciones MAC<br \/>&#8211; Hasta 16K entradas<br \/>&#8211; Direcciones MAC est&aacute;ticas<br \/>&#8211; 1K<br \/>&#8211; IGMP Snooping<br \/>&#8211; IGMP v1\/v2\/v3 Snooping<br \/>&#8211; Admite 384 grupos IGMP<br \/>&#8211; Admite al menos 128 direcciones est&aacute;ticas de multidifusi&oacute;n<br \/>&#8211; IGMP Snooping por VLAN<br \/>&#8211; Asistencia r&aacute;pida basada en host-licencia<br \/>&#8211; MLD Snooping<br \/>&#8211; MLD v1\/v2 Snooping<br \/>&#8211; Admite 384 grupos<br \/>&#8211; Admite 128 direcciones est&aacute;ticas de multidifusi&oacute;n<br \/>&#8211; Asistencia r&aacute;pida basada en licencia de host<br \/>&#8211; LLDP<br \/>&#8211; LLDP-MED<br \/>&#8211; Protocolo Spanning Tree<br \/>&#8211; 802.1D STP<br \/>&#8211; 802.1w RSTP<br \/>&#8211; 802.1s MSTP<br \/>&#8211; Control del flujo<br \/>&#8211; Control 802.3x del flujo<br \/>&#8211; Prevenci&oacute;n de bloqueo HOL<br \/>&#8211; Copia de puertos<br \/>&#8211; De uno a uno<br \/>&#8211; De muchos a uno<br \/>&#8211; Compatible con copia para Tx\/Rx\/Both<br \/>&#8211; 802.3ad Link Aggregation:<br \/>&#8211; M&aacute;ximo de 8 grupos \/ 8 puertos por grupo<br \/>&#8211; Jumbo Frame<br \/>&#8211; Hasta 9 KB<br \/>&#8211; Detecci&oacute;n de loopback<br \/>&#8211; ERPS (Ethernet Ring Protection Switching) 1<br \/><strong>VLAN<\/strong><br \/>&#8211; 802.1Q VLAN<br \/>&#8211; VLAN basada en puerto<br \/>&#8211; 4K grupos de VLAN<br \/>&#8211; VID configurable<br \/>&#8211; 1~4094<br \/>&#8211; VLAN de voz1<br \/>&#8211; VLAN con vigilancia autom&aacute;tica1<br \/>&#8211; GVRP1<br \/>&#8211; VLAN asim&eacute;trica<br \/><strong>Calidad de Servicio (QoS)<\/strong><br \/>&#8211; Basado en CoS<br \/>&#8211; Colas de prioridad 802.1p<br \/>&#8211; DSCP<br \/>&#8211; ToS<br \/>&#8211; Tr&aacute;fico de tipo IPv6<br \/>&#8211; Puerto TCP\/UDP<br \/>&#8211; VLAN ID<br \/>&#8211; Direcci&oacute;n MAC<br \/>&#8211; Tipo Ether<br \/>&#8211; Direcci&oacute;n IP<br \/>&#8211; Tipo de protocolo<br \/>&#8211; Etiqueta de flujo IPv6<br \/>&#8211; Cola de prioridad 802.1p<br \/>&#8211; 8 colas por puerto<br \/>&#8211; Gesti&oacute;n de colas<br \/>&#8211; Estricto<br \/>&#8211; Round Robin ponderado (WRR)<br \/>&#8211; D&eacute;ficit de Round Robin (DRR)<br \/>&#8211; D&eacute;ficit de Round Robin ponderado (WDRR)<br \/>&#8211; Control del ancho de banda<br \/>&#8211; Basado en puerto (entrada\/salida, granularidad min. 64 Kbps)<br \/>&#8211; iSCSI Awareness1<br \/><strong>Caracter&iacute;sticas L3<\/strong><br \/>&#8211; Interfaz IP<br \/>&#8211; Compatible con interfaces 16 IPv4\/v6<br \/>&#8211; ARP<br \/>&#8211; 768 ARP est&aacute;tico<br \/>&#8211; Ruta predeterminada<br \/>&#8211; IPv6 Neighbor Discovery (ND)<br \/>&#8211; Ruta est&aacute;tica<br \/>&#8211; M&aacute;x. 32 entradas IPv4<br \/>&#8211; M&aacute;x. 32 entradas IPv6<br \/><strong>Lista de control de acceso (ACL)<\/strong><br \/>&#8211; M&aacute;x. 50 lista de acceso<br \/>&#8211; M&aacute;x. 256 reglas ACL<br \/>&#8211; M&aacute;x. 50 mapas de acceso VLAN1<br \/>&#8211; ACL basado en<br \/>&#8211; prioridad 802.1p<br \/>&#8211; VLAN1<br \/>&#8211; Direcci&oacute;n MAC<br \/>&#8211; Tipo Ether<br \/>&#8211; Direcci&oacute;n IP<br \/>&#8211; DSCP<br \/>&#8211; Tipo de protocolo<br \/>&#8211; N&uacute;mero de puerto TCP\/UDP<br \/>&#8211; Tr&aacute;fico de tipo IPv6<br \/>&#8211; Etiqueta de flujo IPv6<br \/><strong>Seguridad<\/strong><br \/>&#8211; Broadcast\/Multicast\/Control Unicast Storm<br \/>&#8211; Motor de seguridad D-Link<br \/>&#8211; Detecci&oacute;n de servidor DHCP<br \/>&#8211; IP-MAC-Vinculaci&oacute;n de puertos<br \/>&#8211; DHCP Snooping1<br \/>&#8211; IP Source Guard1<br \/>&#8211; Inspecci&oacute;n din&aacute;mica de ARP1<br \/>&#8211; IPv6 Snooping1<br \/>&#8211; IPv6 Source Guard1<br \/>&#8211; DHCPv6 Guard1<br \/>&#8211; Inspecci&oacute;n IPv6 ND1<br \/>&#8211; IPv6 Route Advertisement (RA) Guard1<br \/>&#8211; Segmentaci&oacute;n del tr&aacute;fico<br \/>&#8211; SSH1<br \/>&#8211; Compatibilidad v1\/ v2<br \/>&#8211; Compatibilidad IPv4\/ IPv6<br \/>&#8211; SSL<br \/>&#8211; Compatibilidad v1\/v2\/v3<br \/>&#8211; Compatibilidad IPv4\/IPv6<br \/>&#8211; ARP para prevenir la suplantaci&oacute;n de identidad1<br \/>&#8211; M&aacute;x. 127 entradas<br \/>&#8211; Prevenci&oacute;n de ataques DoS<br \/>&#8211; Protecci&oacute;n de los puertos<br \/>&#8211; Admite hasta 6.656 direcciones MAC por puerto<br \/>&#8211; Detecci&oacute;n de direcciones duplicadas<br \/><strong>OAM<\/strong><br \/>&#8211; Diagn&oacute;stico de los cables<br \/><strong>AAA<\/strong><br \/>&#8211; Control de acceso de tipo Web(WAC)1<br \/>&#8211; Compatible con base de datos local\/RADIUS<br \/>&#8211; Admite control de acceso basado en puerto<br \/>&#8211; Admite control de acceso basado en host<br \/>&#8211; Compatible con asignaci&oacute;n din&aacute;mica de VLAN<br \/>&#8211; Pol&iacute;tica de asignaci&oacute;n basada en identidad (VLAN\/ACL\/QoS)<br \/>&#8211; Autenticaci&oacute;n 802.1X1<br \/>&#8211; Compatible con asignaci&oacute;n din&aacute;mica de VLAN<br \/>&#8211; Pol&iacute;tica de asignaci&oacute;n basada en identidad (VLAN\/ACL\/QoS)<br \/>&#8211; Compatible con base de datos local\/RADIUS<br \/>&#8211; Admite control de acceso basado en puerto<br \/>&#8211; Admite control de acceso basado en host<br \/>&#8211; Compatible con EAP, OTP, TLS, TTLS, PEAP<br \/>&#8211; Compatible con servidor RADIUS IPv4\/IPv61<br \/>&#8211; Compatible con IPv4\/IPv6 TACACS+1<br \/>&#8211; Guest VLAN1<br \/>&#8211; Autenticaci&oacute;n compuesta1<br \/>&#8211; Autenticaci&oacute;n para acceso de administraci&oacute;n<br \/>&#8211; Autenticaci&oacute;n de Failover de base de datos1<br \/>&#8211; Control de acceso basado en MAC (MAC)1<br \/>&#8211; Compatible con base de datos local\/RADIUS<br \/>&#8211; Admite control de acceso basado en puerto<br \/>&#8211; Admite control de acceso basado en host<br \/>&#8211; Compatible con asignaci&oacute;n din&aacute;mica de VLAN<br \/>&#8211; Pol&iacute;tica de asignaci&oacute;n basada en identidad (VLAN\/ACL\/QoS)<br \/><strong>Administraci&oacute;n<\/strong><br \/>&#8211; GUI de tipo Web<br \/>&#8211; Asistente de red D-Link<br \/>&#8211; CLI compacto<br \/>&#8211; Servidor Telnet<br \/>&#8211; Cliente TFTP<br \/>&#8211; MDI\/MDIX configurable<br \/>&#8211; SNMP<br \/>&#8211; Admite v1\/v2c\/v3<br \/>&#8211; SNMP Trap<br \/>&#8211; Smart Wizard<br \/>&#8211; LLDP<br \/>&#8211; LLDP-MED<br \/>&#8211; DHCP Relay1<br \/>&#8211; Registro del sistema<br \/>&#8211; BootP\/cliente DHCP<br \/>&#8211; SNTP1<br \/>&#8211; ICMP v6<br \/>&#8211; IPv4\/v6 doble pila<br \/>&#8211; Configuraci&oacute;n autom&aacute;tica DHCP1<br \/>&#8211; RMON v1\/v21<br \/>&#8211; Host de confianza<br \/>&#8211; Im&aacute;genes duales<br \/>&#8211; Configuraciones duales1<br \/>&#8211; Cliente DNS1<br \/>&#8211; Comando de depuraci&oacute;n<\/td>\n<\/tr>\n<tr>\n<td valign=\"top\"><strong>Otras Caracteristicas<\/strong><\/td>\n<td>&#8211; Dimensiones (L X An X Al): 440 x 210 x 44 mm<br \/>&#8211; Peso: 3,1 kg<br \/><strong>Certificaciones<\/strong><br \/>&#8211; CE<br \/>&#8211; FCC<br \/>&#8211; C-Ticket<br \/>&#8211; VCCI<br \/>&#8211; BSMI<br \/>&#8211; CCC<\/td>\n<\/tr>\n<tr>\n<td><strong>Fecha Revisi&oacute;n<\/strong><\/td>\n<td>14-02-2018 por MSB<\/td>\n<\/tr>\n<\/tbody>\n<\/table>\n","protected":false},"excerpt":{"rendered":"<p>Marca D-Link Modelo DXS-1210-10TS Puertos &#8211; 8 x 10GBASE-T&#8211; 2 x SFP+ Rendimiento &#8211; Capacidad de conmutaci&oacute;n: 200 Gbps&#8211; Velocidad m&aacute;xima de env&iacute;o de paquetes: 148,8 Mpps&#8211; Tabla de direcciones MAC: Hasta 16.000 entradas por dispositivo Caracter&iacute;sticas Seguridad&#8211; cUL&#8211; CB&#8211; CE&#8211; CCC&#8211; BSMICaracter&iacute;sticas L2&#8211; Tabla de direcciones MAC&#8211; Hasta 16K entradas&#8211; Direcciones MAC est&aacute;ticas&#8211; 1K&#8211;&hellip;&nbsp;<a href=\"https:\/\/aivlisoft.net\/shop\/producto\/d-link-dxs-1210-10ts-switch-8x10gb-2xsfp\/\" rel=\"bookmark\"><span class=\"screen-reader-text\">D-Link DXS-1210-10TS Switch 8x10GB 2xSFP+<\/span><\/a><\/p>\n","protected":false},"featured_media":20338,"template":"","meta":{"neve_meta_sidebar":"","neve_meta_container":"","neve_meta_enable_content_width":"","neve_meta_content_width":0,"neve_meta_title_alignment":"","neve_meta_author_avatar":"","neve_post_elements_order":"","neve_meta_disable_header":"","neve_meta_disable_footer":"","neve_meta_disable_title":""},"product_brand":[],"product_cat":[8771],"product_tag":[7266],"class_list":{"0":"post-20337","1":"product","2":"type-product","3":"status-publish","4":"has-post-thumbnail","6":"product_cat-switches-armario","7":"product_tag-dxs-1210-10ts","9":"first","10":"instock","11":"taxable","12":"shipping-taxable","13":"purchasable","14":"product-type-simple"},"yoast_head":"<!-- This site is optimized with the Yoast SEO plugin v26.0 - https:\/\/yoast.com\/wordpress\/plugins\/seo\/ -->\n<title>D-Link DXS-1210-10TS Switch 8x10GB 2xSFP+ - Aivlisoft Inform\u00e1tica<\/title>\n<meta name=\"robots\" content=\"index, follow, max-snippet:-1, max-image-preview:large, max-video-preview:-1\" \/>\n<link rel=\"canonical\" href=\"https:\/\/aivlisoft.net\/shop\/producto\/d-link-dxs-1210-10ts-switch-8x10gb-2xsfp\/\" \/>\n<meta property=\"og:locale\" content=\"es_ES\" \/>\n<meta property=\"og:type\" content=\"article\" \/>\n<meta property=\"og:title\" content=\"D-Link DXS-1210-10TS Switch 8x10GB 2xSFP+ - Aivlisoft Inform\u00e1tica\" \/>\n<meta property=\"og:description\" content=\"Marca D-Link Modelo DXS-1210-10TS Puertos &#8211; 8 x 10GBASE-T&#8211; 2 x SFP+ Rendimiento &#8211; Capacidad de conmutaci&oacute;n: 200 Gbps&#8211; Velocidad m&aacute;xima de env&iacute;o de paquetes: 148,8 Mpps&#8211; Tabla de direcciones MAC: Hasta 16.000 entradas por dispositivo Caracter&iacute;sticas Seguridad&#8211; cUL&#8211; CB&#8211; CE&#8211; CCC&#8211; BSMICaracter&iacute;sticas L2&#8211; Tabla de direcciones MAC&#8211; Hasta 16K entradas&#8211; Direcciones MAC est&aacute;ticas&#8211; 1K&#8211;&hellip;&nbsp;D-Link DXS-1210-10TS Switch 8x10GB 2xSFP+\" \/>\n<meta property=\"og:url\" content=\"https:\/\/aivlisoft.net\/shop\/producto\/d-link-dxs-1210-10ts-switch-8x10gb-2xsfp\/\" \/>\n<meta property=\"og:site_name\" content=\"Aivlisoft Inform\u00e1tica\" \/>\n<meta property=\"article:modified_time\" content=\"2025-01-14T11:50:10+00:00\" \/>\n<meta property=\"og:image\" content=\"https:\/\/aivlisoft.net\/shop\/wp-content\/uploads\/2025\/01\/NSWSAR0205_800.jpg\" \/>\n\t<meta property=\"og:image:width\" content=\"800\" \/>\n\t<meta property=\"og:image:height\" content=\"800\" \/>\n\t<meta property=\"og:image:type\" content=\"image\/jpeg\" \/>\n<meta name=\"twitter:card\" content=\"summary_large_image\" \/>\n<meta name=\"twitter:label1\" content=\"Tiempo de lectura\" \/>\n\t<meta name=\"twitter:data1\" content=\"4 minutos\" \/>\n<script type=\"application\/ld+json\" class=\"yoast-schema-graph\">{\"@context\":\"https:\/\/schema.org\",\"@graph\":[{\"@type\":\"WebPage\",\"@id\":\"https:\/\/aivlisoft.net\/shop\/producto\/d-link-dxs-1210-10ts-switch-8x10gb-2xsfp\/\",\"url\":\"https:\/\/aivlisoft.net\/shop\/producto\/d-link-dxs-1210-10ts-switch-8x10gb-2xsfp\/\",\"name\":\"D-Link DXS-1210-10TS Switch 8x10GB 2xSFP+ - Aivlisoft Inform\u00e1tica\",\"isPartOf\":{\"@id\":\"https:\/\/aivlisoft.net\/shop\/#website\"},\"primaryImageOfPage\":{\"@id\":\"https:\/\/aivlisoft.net\/shop\/producto\/d-link-dxs-1210-10ts-switch-8x10gb-2xsfp\/#primaryimage\"},\"image\":{\"@id\":\"https:\/\/aivlisoft.net\/shop\/producto\/d-link-dxs-1210-10ts-switch-8x10gb-2xsfp\/#primaryimage\"},\"thumbnailUrl\":\"https:\/\/aivlisoft.net\/shop\/wp-content\/uploads\/2025\/01\/NSWSAR0205_800.jpg\",\"datePublished\":\"2025-01-13T15:41:45+00:00\",\"dateModified\":\"2025-01-14T11:50:10+00:00\",\"breadcrumb\":{\"@id\":\"https:\/\/aivlisoft.net\/shop\/producto\/d-link-dxs-1210-10ts-switch-8x10gb-2xsfp\/#breadcrumb\"},\"inLanguage\":\"es\",\"potentialAction\":[{\"@type\":\"ReadAction\",\"target\":[\"https:\/\/aivlisoft.net\/shop\/producto\/d-link-dxs-1210-10ts-switch-8x10gb-2xsfp\/\"]}]},{\"@type\":\"ImageObject\",\"inLanguage\":\"es\",\"@id\":\"https:\/\/aivlisoft.net\/shop\/producto\/d-link-dxs-1210-10ts-switch-8x10gb-2xsfp\/#primaryimage\",\"url\":\"https:\/\/aivlisoft.net\/shop\/wp-content\/uploads\/2025\/01\/NSWSAR0205_800.jpg\",\"contentUrl\":\"https:\/\/aivlisoft.net\/shop\/wp-content\/uploads\/2025\/01\/NSWSAR0205_800.jpg\",\"width\":800,\"height\":800},{\"@type\":\"BreadcrumbList\",\"@id\":\"https:\/\/aivlisoft.net\/shop\/producto\/d-link-dxs-1210-10ts-switch-8x10gb-2xsfp\/#breadcrumb\",\"itemListElement\":[{\"@type\":\"ListItem\",\"position\":1,\"name\":\"Portada\",\"item\":\"https:\/\/aivlisoft.net\/shop\/\"},{\"@type\":\"ListItem\",\"position\":2,\"name\":\"Tienda\",\"item\":\"https:\/\/aivlisoft.net\/shop\/tienda\/\"},{\"@type\":\"ListItem\",\"position\":3,\"name\":\"D-Link DXS-1210-10TS Switch 8x10GB 2xSFP+\"}]},{\"@type\":\"WebSite\",\"@id\":\"https:\/\/aivlisoft.net\/shop\/#website\",\"url\":\"https:\/\/aivlisoft.net\/shop\/\",\"name\":\"Aivlisoft Inform\u00e1tica\",\"description\":\"En Aivlisoft Inform\u00e1tica ofrecemos soluciones tecnol\u00f3gicas para empresas: venta de ordenadores, consumibles, perif\u00e9ricos y m\u00e1s. Calidad, atenci\u00f3n personalizada y los mejores precios para tu negocio.\",\"publisher\":{\"@id\":\"https:\/\/aivlisoft.net\/shop\/#organization\"},\"potentialAction\":[{\"@type\":\"SearchAction\",\"target\":{\"@type\":\"EntryPoint\",\"urlTemplate\":\"https:\/\/aivlisoft.net\/shop\/?s={search_term_string}\"},\"query-input\":{\"@type\":\"PropertyValueSpecification\",\"valueRequired\":true,\"valueName\":\"search_term_string\"}}],\"inLanguage\":\"es\"},{\"@type\":\"Organization\",\"@id\":\"https:\/\/aivlisoft.net\/shop\/#organization\",\"name\":\"Aivlisoft Inform\u00e1tica\",\"url\":\"https:\/\/aivlisoft.net\/shop\/\",\"logo\":{\"@type\":\"ImageObject\",\"inLanguage\":\"es\",\"@id\":\"https:\/\/aivlisoft.net\/shop\/#\/schema\/logo\/image\/\",\"url\":\"https:\/\/aivlisoft.net\/shop\/wp-content\/uploads\/2024\/12\/removal.ai_5b848c54-0cdf-4140-95c5-c5536bb7573b-logodef.png\",\"contentUrl\":\"https:\/\/aivlisoft.net\/shop\/wp-content\/uploads\/2024\/12\/removal.ai_5b848c54-0cdf-4140-95c5-c5536bb7573b-logodef.png\",\"width\":484,\"height\":182,\"caption\":\"Aivlisoft Inform\u00e1tica\"},\"image\":{\"@id\":\"https:\/\/aivlisoft.net\/shop\/#\/schema\/logo\/image\/\"}}]}<\/script>\n<!-- \/ Yoast SEO plugin. -->","yoast_head_json":{"title":"D-Link DXS-1210-10TS Switch 8x10GB 2xSFP+ - Aivlisoft Inform\u00e1tica","robots":{"index":"index","follow":"follow","max-snippet":"max-snippet:-1","max-image-preview":"max-image-preview:large","max-video-preview":"max-video-preview:-1"},"canonical":"https:\/\/aivlisoft.net\/shop\/producto\/d-link-dxs-1210-10ts-switch-8x10gb-2xsfp\/","og_locale":"es_ES","og_type":"article","og_title":"D-Link DXS-1210-10TS Switch 8x10GB 2xSFP+ - Aivlisoft Inform\u00e1tica","og_description":"Marca D-Link Modelo DXS-1210-10TS Puertos &#8211; 8 x 10GBASE-T&#8211; 2 x SFP+ Rendimiento &#8211; Capacidad de conmutaci&oacute;n: 200 Gbps&#8211; Velocidad m&aacute;xima de env&iacute;o de paquetes: 148,8 Mpps&#8211; Tabla de direcciones MAC: Hasta 16.000 entradas por dispositivo Caracter&iacute;sticas Seguridad&#8211; cUL&#8211; CB&#8211; CE&#8211; CCC&#8211; BSMICaracter&iacute;sticas L2&#8211; Tabla de direcciones MAC&#8211; Hasta 16K entradas&#8211; Direcciones MAC est&aacute;ticas&#8211; 1K&#8211;&hellip;&nbsp;D-Link DXS-1210-10TS Switch 8x10GB 2xSFP+","og_url":"https:\/\/aivlisoft.net\/shop\/producto\/d-link-dxs-1210-10ts-switch-8x10gb-2xsfp\/","og_site_name":"Aivlisoft Inform\u00e1tica","article_modified_time":"2025-01-14T11:50:10+00:00","og_image":[{"width":800,"height":800,"url":"https:\/\/aivlisoft.net\/shop\/wp-content\/uploads\/2025\/01\/NSWSAR0205_800.jpg","type":"image\/jpeg"}],"twitter_card":"summary_large_image","twitter_misc":{"Tiempo de lectura":"4 minutos"},"schema":{"@context":"https:\/\/schema.org","@graph":[{"@type":"WebPage","@id":"https:\/\/aivlisoft.net\/shop\/producto\/d-link-dxs-1210-10ts-switch-8x10gb-2xsfp\/","url":"https:\/\/aivlisoft.net\/shop\/producto\/d-link-dxs-1210-10ts-switch-8x10gb-2xsfp\/","name":"D-Link DXS-1210-10TS Switch 8x10GB 2xSFP+ - Aivlisoft Inform\u00e1tica","isPartOf":{"@id":"https:\/\/aivlisoft.net\/shop\/#website"},"primaryImageOfPage":{"@id":"https:\/\/aivlisoft.net\/shop\/producto\/d-link-dxs-1210-10ts-switch-8x10gb-2xsfp\/#primaryimage"},"image":{"@id":"https:\/\/aivlisoft.net\/shop\/producto\/d-link-dxs-1210-10ts-switch-8x10gb-2xsfp\/#primaryimage"},"thumbnailUrl":"https:\/\/aivlisoft.net\/shop\/wp-content\/uploads\/2025\/01\/NSWSAR0205_800.jpg","datePublished":"2025-01-13T15:41:45+00:00","dateModified":"2025-01-14T11:50:10+00:00","breadcrumb":{"@id":"https:\/\/aivlisoft.net\/shop\/producto\/d-link-dxs-1210-10ts-switch-8x10gb-2xsfp\/#breadcrumb"},"inLanguage":"es","potentialAction":[{"@type":"ReadAction","target":["https:\/\/aivlisoft.net\/shop\/producto\/d-link-dxs-1210-10ts-switch-8x10gb-2xsfp\/"]}]},{"@type":"ImageObject","inLanguage":"es","@id":"https:\/\/aivlisoft.net\/shop\/producto\/d-link-dxs-1210-10ts-switch-8x10gb-2xsfp\/#primaryimage","url":"https:\/\/aivlisoft.net\/shop\/wp-content\/uploads\/2025\/01\/NSWSAR0205_800.jpg","contentUrl":"https:\/\/aivlisoft.net\/shop\/wp-content\/uploads\/2025\/01\/NSWSAR0205_800.jpg","width":800,"height":800},{"@type":"BreadcrumbList","@id":"https:\/\/aivlisoft.net\/shop\/producto\/d-link-dxs-1210-10ts-switch-8x10gb-2xsfp\/#breadcrumb","itemListElement":[{"@type":"ListItem","position":1,"name":"Portada","item":"https:\/\/aivlisoft.net\/shop\/"},{"@type":"ListItem","position":2,"name":"Tienda","item":"https:\/\/aivlisoft.net\/shop\/tienda\/"},{"@type":"ListItem","position":3,"name":"D-Link DXS-1210-10TS Switch 8x10GB 2xSFP+"}]},{"@type":"WebSite","@id":"https:\/\/aivlisoft.net\/shop\/#website","url":"https:\/\/aivlisoft.net\/shop\/","name":"Aivlisoft Inform\u00e1tica","description":"En Aivlisoft Inform\u00e1tica ofrecemos soluciones tecnol\u00f3gicas para empresas: venta de ordenadores, consumibles, perif\u00e9ricos y m\u00e1s. Calidad, atenci\u00f3n personalizada y los mejores precios para tu negocio.","publisher":{"@id":"https:\/\/aivlisoft.net\/shop\/#organization"},"potentialAction":[{"@type":"SearchAction","target":{"@type":"EntryPoint","urlTemplate":"https:\/\/aivlisoft.net\/shop\/?s={search_term_string}"},"query-input":{"@type":"PropertyValueSpecification","valueRequired":true,"valueName":"search_term_string"}}],"inLanguage":"es"},{"@type":"Organization","@id":"https:\/\/aivlisoft.net\/shop\/#organization","name":"Aivlisoft Inform\u00e1tica","url":"https:\/\/aivlisoft.net\/shop\/","logo":{"@type":"ImageObject","inLanguage":"es","@id":"https:\/\/aivlisoft.net\/shop\/#\/schema\/logo\/image\/","url":"https:\/\/aivlisoft.net\/shop\/wp-content\/uploads\/2024\/12\/removal.ai_5b848c54-0cdf-4140-95c5-c5536bb7573b-logodef.png","contentUrl":"https:\/\/aivlisoft.net\/shop\/wp-content\/uploads\/2024\/12\/removal.ai_5b848c54-0cdf-4140-95c5-c5536bb7573b-logodef.png","width":484,"height":182,"caption":"Aivlisoft Inform\u00e1tica"},"image":{"@id":"https:\/\/aivlisoft.net\/shop\/#\/schema\/logo\/image\/"}}]}},"_links":{"self":[{"href":"https:\/\/aivlisoft.net\/shop\/wp-json\/wp\/v2\/product\/20337","targetHints":{"allow":["GET"]}}],"collection":[{"href":"https:\/\/aivlisoft.net\/shop\/wp-json\/wp\/v2\/product"}],"about":[{"href":"https:\/\/aivlisoft.net\/shop\/wp-json\/wp\/v2\/types\/product"}],"wp:featuredmedia":[{"embeddable":true,"href":"https:\/\/aivlisoft.net\/shop\/wp-json\/wp\/v2\/media\/20338"}],"wp:attachment":[{"href":"https:\/\/aivlisoft.net\/shop\/wp-json\/wp\/v2\/media?parent=20337"}],"wp:term":[{"taxonomy":"product_brand","embeddable":true,"href":"https:\/\/aivlisoft.net\/shop\/wp-json\/wp\/v2\/product_brand?post=20337"},{"taxonomy":"product_cat","embeddable":true,"href":"https:\/\/aivlisoft.net\/shop\/wp-json\/wp\/v2\/product_cat?post=20337"},{"taxonomy":"product_tag","embeddable":true,"href":"https:\/\/aivlisoft.net\/shop\/wp-json\/wp\/v2\/product_tag?post=20337"}],"curies":[{"name":"wp","href":"https:\/\/api.w.org\/{rel}","templated":true}]}}