{"id":20331,"date":"2025-01-13T15:41:42","date_gmt":"2025-01-13T15:41:42","guid":{"rendered":"https:\/\/aivlisoft.com\/?post_type=product&#038;p=20331"},"modified":"2025-01-14T11:50:08","modified_gmt":"2025-01-14T11:50:08","slug":"d-link-dgs-3630-28sc-switch-l3-24xsfp-4x10gb","status":"publish","type":"product","link":"https:\/\/aivlisoft.net\/shop\/producto\/d-link-dgs-3630-28sc-switch-l3-24xsfp-4x10gb\/","title":{"rendered":"D-Link DGS-3630-28SC Switch L3 24xSFP 4x10GB"},"content":{"rendered":"<p><\/p>\n<table class=\"tabla_caracteristicas k-table\" width=\"100%\">\n<tbody>\n<tr>\n<td><strong>Marca<\/strong><\/td>\n<td>D-Link<\/td>\n<\/tr>\n<tr>\n<td><strong>Modelo<\/strong><\/td>\n<td><strong>DGS-3630-28SC\/SI<\/strong><\/td>\n<\/tr>\n<tr>\n<td valign=\"top\"><strong>Puertos<\/strong><\/td>\n<td>&#8211; 20 x SFP<br \/>&#8211; 4 x 1000BASE-T\/SFP combo<br \/>&#8211; 4 x 10 GbE SFP+<br \/>&#8211; Console Port: RJ45 and Mini USB console ports for out-of-band CLI management<br \/>&#8211; Management Port: 10\/100\/1000BASE-T RJ-45 Ethernet for out-of-band IP management<br \/>&#8211; Alarm Port: 1 x RJ-45<br \/>&#8211; USB Port: 1 x USB 2.0 Type A<\/td>\n<\/tr>\n<tr>\n<td valign=\"top\"><strong>Despempe&ntilde;o<\/strong><\/td>\n<td>&#8211; Switching Capacity: 128 Gbps<br \/>&#8211; Maximum Packet Forwarding Rate: 95.24 Mpps<br \/>&#8211; Packet Buffer: 4 MBytes<br \/>&#8211; MAC Address Table: 68K entries<br \/>&#8211; IPv4 Routing Table: 16K entries<br \/>&#8211; IPv6 Routing Table: 7K entries<br \/>&#8211; IPv4 Forwarding Table: 32K entries<br \/>&#8211; IPv6 Forwarding Table: 16K entries<br \/>&#8211; Jumbo Frame Size: 12 KBytes<\/td>\n<\/tr>\n<tr>\n<td valign=\"top\"><strong>Caracter&iacute;sticas<\/strong><\/td>\n<td><strong>Stackability<\/strong><br \/>&#8211; Physical Stacking<br \/>&#8211; Virtual Stacking\/Clustering of up to 32 units<br \/><strong>L2 Features<\/strong><br \/>&#8211; MAC Address Table : up to 68K entries4<br \/>&#8211; Flow Control<br \/>&#8211; Spanning Tree Protocol<br \/>&#8211; Jumbo Frame: up to 12 Kbytes<br \/>&#8211; 802.1AX Link Aggregation<br \/>&#8211; ERPS (Ethernet Ring Protection Switching) version 2<br \/>&#8211; Port Mirroring<br \/>&#8211; Flow Mirroring<br \/>&#8211; VLAN Mirroring<br \/>&#8211; RSPAN<br \/>&#8211; L2 Protocol Tunneling<br \/><strong>VLAN<\/strong><br \/>&#8211; 802.1Q<br \/>&#8211; 802.1v Protocol-based VLAN<br \/>&#8211; Double VLAN (Q-in-Q)<br \/>&#8211; Port-based VLAN<br \/>&#8211; MAC-based VLAN<br \/>&#8211; Subnet-based VLAN<br \/>&#8211; Private VLAN<br \/>&#8211; VLAN Group<br \/>&#8211; Multicast VLAN (ISM VLAN for IPv4\/IPv6)<br \/>&#8211; Voice VLAN<br \/>&#8211; Auto Surveillance VLAN<br \/>&#8211; VLAN Trunking<br \/>&#8211; GVRP: Up to 4K dynamic VLANs<br \/>&#8211; Asymmetric VLAN<br \/><strong>L2 Multicast<\/strong><br \/>&#8211; MLD Snooping<br \/>&#8211; IGMP Snooping<br \/>&#8211; PIM Snooping<br \/><strong>L3 Features<\/strong><br \/>&#8211; IPv4 ARP\/IPv6 ND: support up to 32K\/16K4<br \/>&#8211; Gratuitous ARP<br \/>&#8211; IP Interface<br \/>&#8211; Loopback Interface<br \/>&#8211; Proxy ARP<br \/>&#8211; IPv6 Tunneling<br \/>&#8211; VRRP v2\/v3<br \/>&#8211; IP Helper<br \/><strong>L3 Routing<\/strong><br \/>&#8211; Supports 16K hardware routing entries shared by IPv4\/IPv6<br \/>&#8211; Supports up to 32K hardware L3 forwarding entries shared by IPv4\/IPv62<br \/>&#8211; Static Route<br \/>&#8211; IPv4\/IPv6 Default Route<br \/>&#8211; PBR (Policy-based Route)<br \/>&#8211; Null Route<br \/>&#8211; Route Preference<br \/>&#8211; Route Redistribution<br \/>&#8211; Graceful Restart (GR) Helper<br \/>&#8211; BFD (Bidirectional Forwarding Detection)<br \/>&#8211; RIPv1\/v2\/ng<br \/><strong>L3 Multicast<\/strong><br \/>&#8211; IGMP\/MLD Filtering<br \/><strong>QoS (Quality of Service)<\/strong><br \/>&#8211; 802.1p<br \/>&#8211; 8 queues per port<br \/>&#8211; Queue Handling<br \/>&#8211; Congestion Control<br \/>&#8211; 802.1Qbb Priority-based Flow Control (PFC) for 10 GbE port<br \/>&#8211; Bandwidth Control<br \/>&#8211; Policy Map<br \/>&#8211; CoS based on:<br \/>&#8211; Three Color Marker<br \/><strong>ACL (Access Control List)<\/strong><br \/>&#8211; ACL based on<br \/>&#8211; Max. ACL entries<br \/>&#8211; Time-based ACL<br \/><strong>Security<\/strong><br \/>&#8211; Port Security<br \/>&#8211; Broadcast\/Multicast\/Unicast Storm Control<br \/>&#8211; D-Link Safeguard Engine<br \/>&#8211; DHCP Server Screening<br \/>&#8211; Dynamic ARP Inspection<br \/>&#8211; IP Source Guard<br \/>&#8211; DHCP Snooping<br \/>&#8211; IPv6 Snooping<br \/>&#8211; Dynamic ARP Inspection (DAI)<br \/>&#8211; DHCPv6 Guard<br \/>&#8211; IPv6 Route Advertisement (RA) Guard<br \/>&#8211; IPv6 ND Inspection<br \/>&#8211; Duplicate Address Detection (DAD)<br \/>&#8211; ARP Spoofing Prevention<br \/>&#8211; L3 Control Packet Filtering<br \/>&#8211; Unicast Reverse Path Forwarding (URPF)<br \/>&#8211; Traffic Segmentation<br \/>&#8211; SSL<br \/>&#8211; SSH<br \/>&#8211; BPDU Attack Prevention<br \/>&#8211; DOS Attack Prevention<br \/>&#8211; NetBIOS\/NetBEUI filtering<br \/><strong>AAA<\/strong><br \/>&#8211; 802.1X Authentication<br \/>&#8211; Web-based Access Control (WAC)<br \/>&#8211; Compound Authentication<br \/>&#8211; MAC-based Access Control (MAC)<br \/>&#8211; Guest VLAN<br \/>&#8211; Microsoft&reg; NAP<br \/>&#8211; Privilege Level for Management Access<br \/>&#8211; RAIDUS and TACACS+ Authentication<br \/>&#8211; Authentication Database Failover<br \/>&#8211; RADIUS\/TACACS+ Accounting<br \/><strong>Management<\/strong><br \/>&#8211; NTPv3\/v4<br \/>&#8211; Precision Time Protocol (PTP)<br \/>&#8211; Web-based GUI<br \/>&#8211; Command Line Interface (CLI)<br \/>&#8211; Telnet Server for IPv4\/IPv6 access<br \/>&#8211; Telnet Client for IPv4\/IPv6<br \/>&#8211; SNMP<br \/>&#8211; SNMP Trap<br \/>&#8211; TFTP Client for IPv4\/IPv6<br \/>&#8211; FTP Client for IPv4\/IPv6<br \/>&#8211; IPv4 SFTP Server<br \/>&#8211; RCP<br \/>&#8211; System Log for IPv4\/IPv6 Syslog Server<br \/>&#8211; SMTP<br \/>&#8211; RMONv1<br \/>&#8211; RMONv2<br \/>&#8211; Command Logging<br \/>&#8211; LLDP\/LLDP-MED<br \/>&#8211; D-Link Discover Protocol (DDP)<br \/>&#8211; DHCP Client option 12<br \/>&#8211; DHCP Auto-configuration<br \/>&#8211; DHCP Auto-image<br \/>&#8211; DHCP Relay option 60\/61\/62\/18\/37\/125<br \/>&#8211; DHCP\/DHCPv6 Local Relay<br \/>&#8211; DHCP Server<br \/>&#8211; DHCPv6 Prefix Delegation (PD)<br \/>&#8211; Multiple Images\/ Multiple Configurations<br \/>&#8211; DNS Relay for IPv4\/IPv6<br \/>&#8211; DNS Client for IPv4\/IPv6<br \/>&#8211; Debug Command<br \/>&#8211; Password Recovery\/ Encryption<br \/>&#8211; Ping\/ Traceroute for IPv4\/IPv6<br \/>&#8211; Microsoft&reg; Network Load Balancing (NLB)<br \/>&#8211; Switch Resource Management (SRM)<br \/>&#8211; sFlow<br \/>&#8211; D-Link License Management System (DLMS)<\/td>\n<\/tr>\n<tr>\n<td valign=\"top\"><strong>Otras Caracteristicas<\/strong><\/td>\n<td>&#8211; Consumo M&aacute;ximo: 63.58W<br \/>&#8211; Consumo: 30.1W<br \/>&#8211; Dimensiones: 441 x 259.8 x 44 mm<br \/>&#8211; Peso: 3.79 kg<br \/>&#8211; EMI\/EMC: CE, FCC Class A, C-Tick, VCCI, BSMI, CCC<\/td>\n<\/tr>\n<tr>\n<td><strong>Fecha Revisi&oacute;n<\/strong><\/td>\n<td>14-02-2018&nbsp;por MSB<\/td>\n<\/tr>\n<\/tbody>\n<\/table>\n","protected":false},"excerpt":{"rendered":"<p>Marca D-Link Modelo DGS-3630-28SC\/SI Puertos &#8211; 20 x SFP&#8211; 4 x 1000BASE-T\/SFP combo&#8211; 4 x 10 GbE SFP+&#8211; Console Port: RJ45 and Mini USB console ports for out-of-band CLI management&#8211; Management Port: 10\/100\/1000BASE-T RJ-45 Ethernet for out-of-band IP management&#8211; Alarm Port: 1 x RJ-45&#8211; USB Port: 1 x USB 2.0 Type A Despempe&ntilde;o &#8211; Switching&hellip;&nbsp;<a href=\"https:\/\/aivlisoft.net\/shop\/producto\/d-link-dgs-3630-28sc-switch-l3-24xsfp-4x10gb\/\" rel=\"bookmark\"><span class=\"screen-reader-text\">D-Link DGS-3630-28SC Switch L3 24xSFP 4x10GB<\/span><\/a><\/p>\n","protected":false},"featured_media":20332,"template":"","meta":{"neve_meta_sidebar":"","neve_meta_container":"","neve_meta_enable_content_width":"","neve_meta_content_width":0,"neve_meta_title_alignment":"","neve_meta_author_avatar":"","neve_post_elements_order":"","neve_meta_disable_header":"","neve_meta_disable_footer":"","neve_meta_disable_title":""},"product_brand":[],"product_cat":[8771],"product_tag":[7264],"class_list":{"0":"post-20331","1":"product","2":"type-product","3":"status-publish","4":"has-post-thumbnail","6":"product_cat-switches-armario","7":"product_tag-dgs-3630-28sc-si","9":"first","10":"instock","11":"taxable","12":"shipping-taxable","13":"purchasable","14":"product-type-simple"},"yoast_head":"<!-- This site is optimized with the Yoast SEO plugin v26.0 - https:\/\/yoast.com\/wordpress\/plugins\/seo\/ -->\n<title>D-Link DGS-3630-28SC Switch L3 24xSFP 4x10GB - Aivlisoft Inform\u00e1tica<\/title>\n<meta name=\"robots\" content=\"index, follow, max-snippet:-1, max-image-preview:large, max-video-preview:-1\" \/>\n<link rel=\"canonical\" href=\"https:\/\/aivlisoft.net\/shop\/producto\/d-link-dgs-3630-28sc-switch-l3-24xsfp-4x10gb\/\" \/>\n<meta property=\"og:locale\" content=\"es_ES\" \/>\n<meta property=\"og:type\" content=\"article\" \/>\n<meta property=\"og:title\" content=\"D-Link DGS-3630-28SC Switch L3 24xSFP 4x10GB - Aivlisoft Inform\u00e1tica\" \/>\n<meta property=\"og:description\" content=\"Marca D-Link Modelo DGS-3630-28SC\/SI Puertos &#8211; 20 x SFP&#8211; 4 x 1000BASE-T\/SFP combo&#8211; 4 x 10 GbE SFP+&#8211; Console Port: RJ45 and Mini USB console ports for out-of-band CLI management&#8211; Management Port: 10\/100\/1000BASE-T RJ-45 Ethernet for out-of-band IP management&#8211; Alarm Port: 1 x RJ-45&#8211; USB Port: 1 x USB 2.0 Type A Despempe&ntilde;o &#8211; Switching&hellip;&nbsp;D-Link DGS-3630-28SC Switch L3 24xSFP 4x10GB\" \/>\n<meta property=\"og:url\" content=\"https:\/\/aivlisoft.net\/shop\/producto\/d-link-dgs-3630-28sc-switch-l3-24xsfp-4x10gb\/\" \/>\n<meta property=\"og:site_name\" content=\"Aivlisoft Inform\u00e1tica\" \/>\n<meta property=\"article:modified_time\" content=\"2025-01-14T11:50:08+00:00\" \/>\n<meta property=\"og:image\" content=\"https:\/\/aivlisoft.net\/shop\/wp-content\/uploads\/2025\/01\/NSWSAR0202_800.jpg\" \/>\n\t<meta property=\"og:image:width\" content=\"800\" \/>\n\t<meta property=\"og:image:height\" content=\"800\" \/>\n\t<meta property=\"og:image:type\" content=\"image\/jpeg\" \/>\n<meta name=\"twitter:card\" content=\"summary_large_image\" \/>\n<meta name=\"twitter:label1\" content=\"Tiempo de lectura\" \/>\n\t<meta name=\"twitter:data1\" content=\"3 minutos\" \/>\n<script type=\"application\/ld+json\" class=\"yoast-schema-graph\">{\"@context\":\"https:\/\/schema.org\",\"@graph\":[{\"@type\":\"WebPage\",\"@id\":\"https:\/\/aivlisoft.net\/shop\/producto\/d-link-dgs-3630-28sc-switch-l3-24xsfp-4x10gb\/\",\"url\":\"https:\/\/aivlisoft.net\/shop\/producto\/d-link-dgs-3630-28sc-switch-l3-24xsfp-4x10gb\/\",\"name\":\"D-Link DGS-3630-28SC Switch L3 24xSFP 4x10GB - Aivlisoft Inform\u00e1tica\",\"isPartOf\":{\"@id\":\"https:\/\/aivlisoft.net\/shop\/#website\"},\"primaryImageOfPage\":{\"@id\":\"https:\/\/aivlisoft.net\/shop\/producto\/d-link-dgs-3630-28sc-switch-l3-24xsfp-4x10gb\/#primaryimage\"},\"image\":{\"@id\":\"https:\/\/aivlisoft.net\/shop\/producto\/d-link-dgs-3630-28sc-switch-l3-24xsfp-4x10gb\/#primaryimage\"},\"thumbnailUrl\":\"https:\/\/aivlisoft.net\/shop\/wp-content\/uploads\/2025\/01\/NSWSAR0202_800.jpg\",\"datePublished\":\"2025-01-13T15:41:42+00:00\",\"dateModified\":\"2025-01-14T11:50:08+00:00\",\"breadcrumb\":{\"@id\":\"https:\/\/aivlisoft.net\/shop\/producto\/d-link-dgs-3630-28sc-switch-l3-24xsfp-4x10gb\/#breadcrumb\"},\"inLanguage\":\"es\",\"potentialAction\":[{\"@type\":\"ReadAction\",\"target\":[\"https:\/\/aivlisoft.net\/shop\/producto\/d-link-dgs-3630-28sc-switch-l3-24xsfp-4x10gb\/\"]}]},{\"@type\":\"ImageObject\",\"inLanguage\":\"es\",\"@id\":\"https:\/\/aivlisoft.net\/shop\/producto\/d-link-dgs-3630-28sc-switch-l3-24xsfp-4x10gb\/#primaryimage\",\"url\":\"https:\/\/aivlisoft.net\/shop\/wp-content\/uploads\/2025\/01\/NSWSAR0202_800.jpg\",\"contentUrl\":\"https:\/\/aivlisoft.net\/shop\/wp-content\/uploads\/2025\/01\/NSWSAR0202_800.jpg\",\"width\":800,\"height\":800},{\"@type\":\"BreadcrumbList\",\"@id\":\"https:\/\/aivlisoft.net\/shop\/producto\/d-link-dgs-3630-28sc-switch-l3-24xsfp-4x10gb\/#breadcrumb\",\"itemListElement\":[{\"@type\":\"ListItem\",\"position\":1,\"name\":\"Portada\",\"item\":\"https:\/\/aivlisoft.net\/shop\/\"},{\"@type\":\"ListItem\",\"position\":2,\"name\":\"Tienda\",\"item\":\"https:\/\/aivlisoft.net\/shop\/tienda\/\"},{\"@type\":\"ListItem\",\"position\":3,\"name\":\"D-Link DGS-3630-28SC Switch L3 24xSFP 4x10GB\"}]},{\"@type\":\"WebSite\",\"@id\":\"https:\/\/aivlisoft.net\/shop\/#website\",\"url\":\"https:\/\/aivlisoft.net\/shop\/\",\"name\":\"Aivlisoft Inform\u00e1tica\",\"description\":\"En Aivlisoft Inform\u00e1tica ofrecemos soluciones tecnol\u00f3gicas para empresas: venta de ordenadores, consumibles, perif\u00e9ricos y m\u00e1s. Calidad, atenci\u00f3n personalizada y los mejores precios para tu negocio.\",\"publisher\":{\"@id\":\"https:\/\/aivlisoft.net\/shop\/#organization\"},\"potentialAction\":[{\"@type\":\"SearchAction\",\"target\":{\"@type\":\"EntryPoint\",\"urlTemplate\":\"https:\/\/aivlisoft.net\/shop\/?s={search_term_string}\"},\"query-input\":{\"@type\":\"PropertyValueSpecification\",\"valueRequired\":true,\"valueName\":\"search_term_string\"}}],\"inLanguage\":\"es\"},{\"@type\":\"Organization\",\"@id\":\"https:\/\/aivlisoft.net\/shop\/#organization\",\"name\":\"Aivlisoft Inform\u00e1tica\",\"url\":\"https:\/\/aivlisoft.net\/shop\/\",\"logo\":{\"@type\":\"ImageObject\",\"inLanguage\":\"es\",\"@id\":\"https:\/\/aivlisoft.net\/shop\/#\/schema\/logo\/image\/\",\"url\":\"https:\/\/aivlisoft.net\/shop\/wp-content\/uploads\/2024\/12\/removal.ai_5b848c54-0cdf-4140-95c5-c5536bb7573b-logodef.png\",\"contentUrl\":\"https:\/\/aivlisoft.net\/shop\/wp-content\/uploads\/2024\/12\/removal.ai_5b848c54-0cdf-4140-95c5-c5536bb7573b-logodef.png\",\"width\":484,\"height\":182,\"caption\":\"Aivlisoft Inform\u00e1tica\"},\"image\":{\"@id\":\"https:\/\/aivlisoft.net\/shop\/#\/schema\/logo\/image\/\"}}]}<\/script>\n<!-- \/ Yoast SEO plugin. -->","yoast_head_json":{"title":"D-Link DGS-3630-28SC Switch L3 24xSFP 4x10GB - Aivlisoft Inform\u00e1tica","robots":{"index":"index","follow":"follow","max-snippet":"max-snippet:-1","max-image-preview":"max-image-preview:large","max-video-preview":"max-video-preview:-1"},"canonical":"https:\/\/aivlisoft.net\/shop\/producto\/d-link-dgs-3630-28sc-switch-l3-24xsfp-4x10gb\/","og_locale":"es_ES","og_type":"article","og_title":"D-Link DGS-3630-28SC Switch L3 24xSFP 4x10GB - Aivlisoft Inform\u00e1tica","og_description":"Marca D-Link Modelo DGS-3630-28SC\/SI Puertos &#8211; 20 x SFP&#8211; 4 x 1000BASE-T\/SFP combo&#8211; 4 x 10 GbE SFP+&#8211; Console Port: RJ45 and Mini USB console ports for out-of-band CLI management&#8211; Management Port: 10\/100\/1000BASE-T RJ-45 Ethernet for out-of-band IP management&#8211; Alarm Port: 1 x RJ-45&#8211; USB Port: 1 x USB 2.0 Type A Despempe&ntilde;o &#8211; Switching&hellip;&nbsp;D-Link DGS-3630-28SC Switch L3 24xSFP 4x10GB","og_url":"https:\/\/aivlisoft.net\/shop\/producto\/d-link-dgs-3630-28sc-switch-l3-24xsfp-4x10gb\/","og_site_name":"Aivlisoft Inform\u00e1tica","article_modified_time":"2025-01-14T11:50:08+00:00","og_image":[{"width":800,"height":800,"url":"https:\/\/aivlisoft.net\/shop\/wp-content\/uploads\/2025\/01\/NSWSAR0202_800.jpg","type":"image\/jpeg"}],"twitter_card":"summary_large_image","twitter_misc":{"Tiempo de lectura":"3 minutos"},"schema":{"@context":"https:\/\/schema.org","@graph":[{"@type":"WebPage","@id":"https:\/\/aivlisoft.net\/shop\/producto\/d-link-dgs-3630-28sc-switch-l3-24xsfp-4x10gb\/","url":"https:\/\/aivlisoft.net\/shop\/producto\/d-link-dgs-3630-28sc-switch-l3-24xsfp-4x10gb\/","name":"D-Link DGS-3630-28SC Switch L3 24xSFP 4x10GB - Aivlisoft Inform\u00e1tica","isPartOf":{"@id":"https:\/\/aivlisoft.net\/shop\/#website"},"primaryImageOfPage":{"@id":"https:\/\/aivlisoft.net\/shop\/producto\/d-link-dgs-3630-28sc-switch-l3-24xsfp-4x10gb\/#primaryimage"},"image":{"@id":"https:\/\/aivlisoft.net\/shop\/producto\/d-link-dgs-3630-28sc-switch-l3-24xsfp-4x10gb\/#primaryimage"},"thumbnailUrl":"https:\/\/aivlisoft.net\/shop\/wp-content\/uploads\/2025\/01\/NSWSAR0202_800.jpg","datePublished":"2025-01-13T15:41:42+00:00","dateModified":"2025-01-14T11:50:08+00:00","breadcrumb":{"@id":"https:\/\/aivlisoft.net\/shop\/producto\/d-link-dgs-3630-28sc-switch-l3-24xsfp-4x10gb\/#breadcrumb"},"inLanguage":"es","potentialAction":[{"@type":"ReadAction","target":["https:\/\/aivlisoft.net\/shop\/producto\/d-link-dgs-3630-28sc-switch-l3-24xsfp-4x10gb\/"]}]},{"@type":"ImageObject","inLanguage":"es","@id":"https:\/\/aivlisoft.net\/shop\/producto\/d-link-dgs-3630-28sc-switch-l3-24xsfp-4x10gb\/#primaryimage","url":"https:\/\/aivlisoft.net\/shop\/wp-content\/uploads\/2025\/01\/NSWSAR0202_800.jpg","contentUrl":"https:\/\/aivlisoft.net\/shop\/wp-content\/uploads\/2025\/01\/NSWSAR0202_800.jpg","width":800,"height":800},{"@type":"BreadcrumbList","@id":"https:\/\/aivlisoft.net\/shop\/producto\/d-link-dgs-3630-28sc-switch-l3-24xsfp-4x10gb\/#breadcrumb","itemListElement":[{"@type":"ListItem","position":1,"name":"Portada","item":"https:\/\/aivlisoft.net\/shop\/"},{"@type":"ListItem","position":2,"name":"Tienda","item":"https:\/\/aivlisoft.net\/shop\/tienda\/"},{"@type":"ListItem","position":3,"name":"D-Link DGS-3630-28SC Switch L3 24xSFP 4x10GB"}]},{"@type":"WebSite","@id":"https:\/\/aivlisoft.net\/shop\/#website","url":"https:\/\/aivlisoft.net\/shop\/","name":"Aivlisoft Inform\u00e1tica","description":"En Aivlisoft Inform\u00e1tica ofrecemos soluciones tecnol\u00f3gicas para empresas: venta de ordenadores, consumibles, perif\u00e9ricos y m\u00e1s. Calidad, atenci\u00f3n personalizada y los mejores precios para tu negocio.","publisher":{"@id":"https:\/\/aivlisoft.net\/shop\/#organization"},"potentialAction":[{"@type":"SearchAction","target":{"@type":"EntryPoint","urlTemplate":"https:\/\/aivlisoft.net\/shop\/?s={search_term_string}"},"query-input":{"@type":"PropertyValueSpecification","valueRequired":true,"valueName":"search_term_string"}}],"inLanguage":"es"},{"@type":"Organization","@id":"https:\/\/aivlisoft.net\/shop\/#organization","name":"Aivlisoft Inform\u00e1tica","url":"https:\/\/aivlisoft.net\/shop\/","logo":{"@type":"ImageObject","inLanguage":"es","@id":"https:\/\/aivlisoft.net\/shop\/#\/schema\/logo\/image\/","url":"https:\/\/aivlisoft.net\/shop\/wp-content\/uploads\/2024\/12\/removal.ai_5b848c54-0cdf-4140-95c5-c5536bb7573b-logodef.png","contentUrl":"https:\/\/aivlisoft.net\/shop\/wp-content\/uploads\/2024\/12\/removal.ai_5b848c54-0cdf-4140-95c5-c5536bb7573b-logodef.png","width":484,"height":182,"caption":"Aivlisoft Inform\u00e1tica"},"image":{"@id":"https:\/\/aivlisoft.net\/shop\/#\/schema\/logo\/image\/"}}]}},"_links":{"self":[{"href":"https:\/\/aivlisoft.net\/shop\/wp-json\/wp\/v2\/product\/20331","targetHints":{"allow":["GET"]}}],"collection":[{"href":"https:\/\/aivlisoft.net\/shop\/wp-json\/wp\/v2\/product"}],"about":[{"href":"https:\/\/aivlisoft.net\/shop\/wp-json\/wp\/v2\/types\/product"}],"wp:featuredmedia":[{"embeddable":true,"href":"https:\/\/aivlisoft.net\/shop\/wp-json\/wp\/v2\/media\/20332"}],"wp:attachment":[{"href":"https:\/\/aivlisoft.net\/shop\/wp-json\/wp\/v2\/media?parent=20331"}],"wp:term":[{"taxonomy":"product_brand","embeddable":true,"href":"https:\/\/aivlisoft.net\/shop\/wp-json\/wp\/v2\/product_brand?post=20331"},{"taxonomy":"product_cat","embeddable":true,"href":"https:\/\/aivlisoft.net\/shop\/wp-json\/wp\/v2\/product_cat?post=20331"},{"taxonomy":"product_tag","embeddable":true,"href":"https:\/\/aivlisoft.net\/shop\/wp-json\/wp\/v2\/product_tag?post=20331"}],"curies":[{"name":"wp","href":"https:\/\/api.w.org\/{rel}","templated":true}]}}