{"id":20324,"date":"2025-01-13T15:41:37","date_gmt":"2025-01-13T15:41:37","guid":{"rendered":"https:\/\/aivlisoft.com\/?post_type=product&#038;p=20324"},"modified":"2025-01-14T11:50:07","modified_gmt":"2025-01-14T11:50:07","slug":"d-link-dgs-1026mp-switch-24xgb-poe-2xsfp","status":"publish","type":"product","link":"https:\/\/aivlisoft.net\/shop\/producto\/d-link-dgs-1026mp-switch-24xgb-poe-2xsfp\/","title":{"rendered":"D-Link DGS-1026MP Switch 24xGB PoE+ 2xSFP"},"content":{"rendered":"<p><\/p>\n<table>\n<tbody>\n<tr>\n<td><strong>Marca<\/strong><\/td>\n<td>D-Link<\/td>\n<\/tr>\n<tr>\n<td><strong>Modelo<\/strong><\/td>\n<td><strong>DGS-1026MP<\/strong><\/td>\n<\/tr>\n<tr>\n<td><strong>Interfaz<\/strong><\/td>\n<td>&#8211; Puertos: 24 x 10\/100\/1000 Mbps<br \/>&#8211; Puertos combinados: 2 x 10\/100 \/ 1000BASE-T \/ SFP<\/td>\n<\/tr>\n<tr>\n<td><strong>Est&aacute;ndares<\/strong><\/td>\n<td>&#8211; IEEE 802.3 10BASE-T Ethernet<br \/>&#8211; Fast Ethernet IEEE 802.3u 100BASE-TX<br \/>&#8211; Gigabit Ethernet IEEE 802.3ab 1000BASE-T<br \/>&#8211; IEEE 802.3z<br \/>&#8211; Control de flujo IEEE 802.3x<br \/>&#8211; IEEE 802.3az Energy Efficient Ethernet (EEE)<\/td>\n<\/tr>\n<tr>\n<td><strong>Caracteristicas<\/strong><\/td>\n<td>&#8211; Capacidad de conmutaci&oacute;n: 52 Gbps<br \/>&#8211; 64 Byte Max. Velocidad de reenv&iacute;o: 38.69 Mpps<br \/>&#8211; Intercambio de interfaz de medios: Auto MDI \/ MDI-X<br \/>&#8211; M&eacute;todo de transmisi&oacute;n: Store-and-forward<br \/>&#8211; Tabla de direcciones MAC: 8K (8192) entradas por dispositivo<br \/>&#8211; Memoria del b&uacute;fer de paquetes: 512 KB por dispositivo<br \/>&#8211; Est&aacute;ndares de PoE: IEEE 802.3at, IEEE 802.3af<br \/>&#8211; Puertos PoE: Puertos 1 a 24<br \/>&#8211; Potencia PoE: 370W, hasta 30W por puerto<br \/>F&iacute;sicas<br \/>&#8211; Ventilador: 2 x ventiladores inteligentes<br \/>&#8211; Dimensiones: 440 x 250.4 x 44 mm<br \/>&#8211; Peso: 3.1 kg (6.83 lbs)<br \/>&#8211; Entrada de energ&iacute;a: entrada de CA: 100 a 240 V CA, 50\/60 Hz<br \/>Consumo<br \/>&#8211; M&aacute;ximo:<br \/>&nbsp; 444.1 W (PoE encendido)<br \/>&nbsp; 82.1 W (PoE desactivado)<br \/>&nbsp; En espera: 240 V: 18.25 W<br \/>Temperatura<br \/>&#8211; En funcionamiento: 0 a 50 ?C<br \/>&#8211; Almacenamiento: -40 a 70 ?C<br \/>Humedad<br \/>&#8211; En funcionamiento: 10% a 90% HR, sin condensaci&oacute;n<br \/>&#8211; Almacenamiento: 5% a 90% HR, sin condensaci&oacute;n<br \/>MTBF<br \/>&#8211; 205,975 horas<br \/>Disipaci&oacute;n de calor<br \/>&#8211; 1,515 BTU \/ h<br \/>EMI<br \/>&#8211; Clase A de la FCC<br \/>&#8211; CE<br \/>&#8211; CCC<br \/>&#8211; RoHS<br \/>&#8211; VCCI<br \/>&#8211; BSMI<br \/>&#8211; RCM<br \/>La seguridad<br \/>&#8211; UL \/ CSA 60950-1<br \/>&#8211; EN 60950-1<br \/>&#8211; IEC 60950-1<\/td>\n<\/tr>\n<tr>\n<td><strong>Fecha de revisi&oacute;n<\/strong><\/td>\n<td>13-02-2018 por MSB<\/td>\n<\/tr>\n<\/tbody>\n<\/table>\n","protected":false},"excerpt":{"rendered":"<p>Marca D-Link Modelo DGS-1026MP Interfaz &#8211; Puertos: 24 x 10\/100\/1000 Mbps&#8211; Puertos combinados: 2 x 10\/100 \/ 1000BASE-T \/ SFP Est&aacute;ndares &#8211; IEEE 802.3 10BASE-T Ethernet&#8211; Fast Ethernet IEEE 802.3u 100BASE-TX&#8211; Gigabit Ethernet IEEE 802.3ab 1000BASE-T&#8211; IEEE 802.3z&#8211; Control de flujo IEEE 802.3x&#8211; IEEE 802.3az Energy Efficient Ethernet (EEE) Caracteristicas &#8211; Capacidad de conmutaci&oacute;n: 52&hellip;&nbsp;<a href=\"https:\/\/aivlisoft.net\/shop\/producto\/d-link-dgs-1026mp-switch-24xgb-poe-2xsfp\/\" rel=\"bookmark\"><span class=\"screen-reader-text\">D-Link DGS-1026MP Switch 24xGB PoE+ 2xSFP<\/span><\/a><\/p>\n","protected":false},"featured_media":20325,"template":"","meta":{"neve_meta_sidebar":"","neve_meta_container":"","neve_meta_enable_content_width":"","neve_meta_content_width":0,"neve_meta_title_alignment":"","neve_meta_author_avatar":"","neve_post_elements_order":"","neve_meta_disable_header":"","neve_meta_disable_footer":"","neve_meta_disable_title":""},"product_brand":[],"product_cat":[8771],"product_tag":[7262],"class_list":{"0":"post-20324","1":"product","2":"type-product","3":"status-publish","4":"has-post-thumbnail","6":"product_cat-switches-armario","7":"product_tag-dgs-1026mp","9":"first","10":"instock","11":"taxable","12":"shipping-taxable","13":"purchasable","14":"product-type-simple"},"yoast_head":"<!-- This site is optimized with the Yoast SEO plugin v26.0 - https:\/\/yoast.com\/wordpress\/plugins\/seo\/ -->\n<title>D-Link DGS-1026MP Switch 24xGB PoE+ 2xSFP - Aivlisoft Inform\u00e1tica<\/title>\n<meta name=\"robots\" content=\"index, follow, max-snippet:-1, max-image-preview:large, max-video-preview:-1\" \/>\n<link rel=\"canonical\" href=\"https:\/\/aivlisoft.net\/shop\/producto\/d-link-dgs-1026mp-switch-24xgb-poe-2xsfp\/\" \/>\n<meta property=\"og:locale\" content=\"es_ES\" \/>\n<meta property=\"og:type\" content=\"article\" \/>\n<meta property=\"og:title\" content=\"D-Link DGS-1026MP Switch 24xGB PoE+ 2xSFP - Aivlisoft Inform\u00e1tica\" \/>\n<meta property=\"og:description\" content=\"Marca D-Link Modelo DGS-1026MP Interfaz &#8211; Puertos: 24 x 10\/100\/1000 Mbps&#8211; Puertos combinados: 2 x 10\/100 \/ 1000BASE-T \/ SFP Est&aacute;ndares &#8211; IEEE 802.3 10BASE-T Ethernet&#8211; Fast Ethernet IEEE 802.3u 100BASE-TX&#8211; Gigabit Ethernet IEEE 802.3ab 1000BASE-T&#8211; IEEE 802.3z&#8211; Control de flujo IEEE 802.3x&#8211; IEEE 802.3az Energy Efficient Ethernet (EEE) Caracteristicas &#8211; Capacidad de conmutaci&oacute;n: 52&hellip;&nbsp;D-Link DGS-1026MP Switch 24xGB PoE+ 2xSFP\" \/>\n<meta property=\"og:url\" content=\"https:\/\/aivlisoft.net\/shop\/producto\/d-link-dgs-1026mp-switch-24xgb-poe-2xsfp\/\" \/>\n<meta property=\"og:site_name\" content=\"Aivlisoft Inform\u00e1tica\" \/>\n<meta property=\"article:modified_time\" content=\"2025-01-14T11:50:07+00:00\" \/>\n<meta property=\"og:image\" content=\"https:\/\/aivlisoft.net\/shop\/wp-content\/uploads\/2025\/01\/NSWSAR0197_800.jpg\" \/>\n\t<meta property=\"og:image:width\" content=\"800\" \/>\n\t<meta property=\"og:image:height\" content=\"800\" \/>\n\t<meta property=\"og:image:type\" content=\"image\/jpeg\" \/>\n<meta name=\"twitter:card\" content=\"summary_large_image\" \/>\n<meta name=\"twitter:label1\" content=\"Tiempo de lectura\" \/>\n\t<meta name=\"twitter:data1\" content=\"1 minuto\" \/>\n<script type=\"application\/ld+json\" class=\"yoast-schema-graph\">{\"@context\":\"https:\/\/schema.org\",\"@graph\":[{\"@type\":\"WebPage\",\"@id\":\"https:\/\/aivlisoft.net\/shop\/producto\/d-link-dgs-1026mp-switch-24xgb-poe-2xsfp\/\",\"url\":\"https:\/\/aivlisoft.net\/shop\/producto\/d-link-dgs-1026mp-switch-24xgb-poe-2xsfp\/\",\"name\":\"D-Link DGS-1026MP Switch 24xGB PoE+ 2xSFP - Aivlisoft Inform\u00e1tica\",\"isPartOf\":{\"@id\":\"https:\/\/aivlisoft.net\/shop\/#website\"},\"primaryImageOfPage\":{\"@id\":\"https:\/\/aivlisoft.net\/shop\/producto\/d-link-dgs-1026mp-switch-24xgb-poe-2xsfp\/#primaryimage\"},\"image\":{\"@id\":\"https:\/\/aivlisoft.net\/shop\/producto\/d-link-dgs-1026mp-switch-24xgb-poe-2xsfp\/#primaryimage\"},\"thumbnailUrl\":\"https:\/\/aivlisoft.net\/shop\/wp-content\/uploads\/2025\/01\/NSWSAR0197_800.jpg\",\"datePublished\":\"2025-01-13T15:41:37+00:00\",\"dateModified\":\"2025-01-14T11:50:07+00:00\",\"breadcrumb\":{\"@id\":\"https:\/\/aivlisoft.net\/shop\/producto\/d-link-dgs-1026mp-switch-24xgb-poe-2xsfp\/#breadcrumb\"},\"inLanguage\":\"es\",\"potentialAction\":[{\"@type\":\"ReadAction\",\"target\":[\"https:\/\/aivlisoft.net\/shop\/producto\/d-link-dgs-1026mp-switch-24xgb-poe-2xsfp\/\"]}]},{\"@type\":\"ImageObject\",\"inLanguage\":\"es\",\"@id\":\"https:\/\/aivlisoft.net\/shop\/producto\/d-link-dgs-1026mp-switch-24xgb-poe-2xsfp\/#primaryimage\",\"url\":\"https:\/\/aivlisoft.net\/shop\/wp-content\/uploads\/2025\/01\/NSWSAR0197_800.jpg\",\"contentUrl\":\"https:\/\/aivlisoft.net\/shop\/wp-content\/uploads\/2025\/01\/NSWSAR0197_800.jpg\",\"width\":800,\"height\":800},{\"@type\":\"BreadcrumbList\",\"@id\":\"https:\/\/aivlisoft.net\/shop\/producto\/d-link-dgs-1026mp-switch-24xgb-poe-2xsfp\/#breadcrumb\",\"itemListElement\":[{\"@type\":\"ListItem\",\"position\":1,\"name\":\"Portada\",\"item\":\"https:\/\/aivlisoft.net\/shop\/\"},{\"@type\":\"ListItem\",\"position\":2,\"name\":\"Tienda\",\"item\":\"https:\/\/aivlisoft.net\/shop\/tienda\/\"},{\"@type\":\"ListItem\",\"position\":3,\"name\":\"D-Link DGS-1026MP Switch 24xGB PoE+ 2xSFP\"}]},{\"@type\":\"WebSite\",\"@id\":\"https:\/\/aivlisoft.net\/shop\/#website\",\"url\":\"https:\/\/aivlisoft.net\/shop\/\",\"name\":\"Aivlisoft Inform\u00e1tica\",\"description\":\"En Aivlisoft Inform\u00e1tica ofrecemos soluciones tecnol\u00f3gicas para empresas: venta de ordenadores, consumibles, perif\u00e9ricos y m\u00e1s. Calidad, atenci\u00f3n personalizada y los mejores precios para tu negocio.\",\"publisher\":{\"@id\":\"https:\/\/aivlisoft.net\/shop\/#organization\"},\"potentialAction\":[{\"@type\":\"SearchAction\",\"target\":{\"@type\":\"EntryPoint\",\"urlTemplate\":\"https:\/\/aivlisoft.net\/shop\/?s={search_term_string}\"},\"query-input\":{\"@type\":\"PropertyValueSpecification\",\"valueRequired\":true,\"valueName\":\"search_term_string\"}}],\"inLanguage\":\"es\"},{\"@type\":\"Organization\",\"@id\":\"https:\/\/aivlisoft.net\/shop\/#organization\",\"name\":\"Aivlisoft Inform\u00e1tica\",\"url\":\"https:\/\/aivlisoft.net\/shop\/\",\"logo\":{\"@type\":\"ImageObject\",\"inLanguage\":\"es\",\"@id\":\"https:\/\/aivlisoft.net\/shop\/#\/schema\/logo\/image\/\",\"url\":\"https:\/\/aivlisoft.net\/shop\/wp-content\/uploads\/2024\/12\/removal.ai_5b848c54-0cdf-4140-95c5-c5536bb7573b-logodef.png\",\"contentUrl\":\"https:\/\/aivlisoft.net\/shop\/wp-content\/uploads\/2024\/12\/removal.ai_5b848c54-0cdf-4140-95c5-c5536bb7573b-logodef.png\",\"width\":484,\"height\":182,\"caption\":\"Aivlisoft Inform\u00e1tica\"},\"image\":{\"@id\":\"https:\/\/aivlisoft.net\/shop\/#\/schema\/logo\/image\/\"}}]}<\/script>\n<!-- \/ Yoast SEO plugin. -->","yoast_head_json":{"title":"D-Link DGS-1026MP Switch 24xGB PoE+ 2xSFP - Aivlisoft Inform\u00e1tica","robots":{"index":"index","follow":"follow","max-snippet":"max-snippet:-1","max-image-preview":"max-image-preview:large","max-video-preview":"max-video-preview:-1"},"canonical":"https:\/\/aivlisoft.net\/shop\/producto\/d-link-dgs-1026mp-switch-24xgb-poe-2xsfp\/","og_locale":"es_ES","og_type":"article","og_title":"D-Link DGS-1026MP Switch 24xGB PoE+ 2xSFP - Aivlisoft Inform\u00e1tica","og_description":"Marca D-Link Modelo DGS-1026MP Interfaz &#8211; Puertos: 24 x 10\/100\/1000 Mbps&#8211; Puertos combinados: 2 x 10\/100 \/ 1000BASE-T \/ SFP Est&aacute;ndares &#8211; IEEE 802.3 10BASE-T Ethernet&#8211; Fast Ethernet IEEE 802.3u 100BASE-TX&#8211; Gigabit Ethernet IEEE 802.3ab 1000BASE-T&#8211; IEEE 802.3z&#8211; Control de flujo IEEE 802.3x&#8211; IEEE 802.3az Energy Efficient Ethernet (EEE) Caracteristicas &#8211; Capacidad de conmutaci&oacute;n: 52&hellip;&nbsp;D-Link DGS-1026MP Switch 24xGB PoE+ 2xSFP","og_url":"https:\/\/aivlisoft.net\/shop\/producto\/d-link-dgs-1026mp-switch-24xgb-poe-2xsfp\/","og_site_name":"Aivlisoft Inform\u00e1tica","article_modified_time":"2025-01-14T11:50:07+00:00","og_image":[{"width":800,"height":800,"url":"https:\/\/aivlisoft.net\/shop\/wp-content\/uploads\/2025\/01\/NSWSAR0197_800.jpg","type":"image\/jpeg"}],"twitter_card":"summary_large_image","twitter_misc":{"Tiempo de lectura":"1 minuto"},"schema":{"@context":"https:\/\/schema.org","@graph":[{"@type":"WebPage","@id":"https:\/\/aivlisoft.net\/shop\/producto\/d-link-dgs-1026mp-switch-24xgb-poe-2xsfp\/","url":"https:\/\/aivlisoft.net\/shop\/producto\/d-link-dgs-1026mp-switch-24xgb-poe-2xsfp\/","name":"D-Link DGS-1026MP Switch 24xGB PoE+ 2xSFP - Aivlisoft Inform\u00e1tica","isPartOf":{"@id":"https:\/\/aivlisoft.net\/shop\/#website"},"primaryImageOfPage":{"@id":"https:\/\/aivlisoft.net\/shop\/producto\/d-link-dgs-1026mp-switch-24xgb-poe-2xsfp\/#primaryimage"},"image":{"@id":"https:\/\/aivlisoft.net\/shop\/producto\/d-link-dgs-1026mp-switch-24xgb-poe-2xsfp\/#primaryimage"},"thumbnailUrl":"https:\/\/aivlisoft.net\/shop\/wp-content\/uploads\/2025\/01\/NSWSAR0197_800.jpg","datePublished":"2025-01-13T15:41:37+00:00","dateModified":"2025-01-14T11:50:07+00:00","breadcrumb":{"@id":"https:\/\/aivlisoft.net\/shop\/producto\/d-link-dgs-1026mp-switch-24xgb-poe-2xsfp\/#breadcrumb"},"inLanguage":"es","potentialAction":[{"@type":"ReadAction","target":["https:\/\/aivlisoft.net\/shop\/producto\/d-link-dgs-1026mp-switch-24xgb-poe-2xsfp\/"]}]},{"@type":"ImageObject","inLanguage":"es","@id":"https:\/\/aivlisoft.net\/shop\/producto\/d-link-dgs-1026mp-switch-24xgb-poe-2xsfp\/#primaryimage","url":"https:\/\/aivlisoft.net\/shop\/wp-content\/uploads\/2025\/01\/NSWSAR0197_800.jpg","contentUrl":"https:\/\/aivlisoft.net\/shop\/wp-content\/uploads\/2025\/01\/NSWSAR0197_800.jpg","width":800,"height":800},{"@type":"BreadcrumbList","@id":"https:\/\/aivlisoft.net\/shop\/producto\/d-link-dgs-1026mp-switch-24xgb-poe-2xsfp\/#breadcrumb","itemListElement":[{"@type":"ListItem","position":1,"name":"Portada","item":"https:\/\/aivlisoft.net\/shop\/"},{"@type":"ListItem","position":2,"name":"Tienda","item":"https:\/\/aivlisoft.net\/shop\/tienda\/"},{"@type":"ListItem","position":3,"name":"D-Link DGS-1026MP Switch 24xGB PoE+ 2xSFP"}]},{"@type":"WebSite","@id":"https:\/\/aivlisoft.net\/shop\/#website","url":"https:\/\/aivlisoft.net\/shop\/","name":"Aivlisoft Inform\u00e1tica","description":"En Aivlisoft Inform\u00e1tica ofrecemos soluciones tecnol\u00f3gicas para empresas: venta de ordenadores, consumibles, perif\u00e9ricos y m\u00e1s. Calidad, atenci\u00f3n personalizada y los mejores precios para tu negocio.","publisher":{"@id":"https:\/\/aivlisoft.net\/shop\/#organization"},"potentialAction":[{"@type":"SearchAction","target":{"@type":"EntryPoint","urlTemplate":"https:\/\/aivlisoft.net\/shop\/?s={search_term_string}"},"query-input":{"@type":"PropertyValueSpecification","valueRequired":true,"valueName":"search_term_string"}}],"inLanguage":"es"},{"@type":"Organization","@id":"https:\/\/aivlisoft.net\/shop\/#organization","name":"Aivlisoft Inform\u00e1tica","url":"https:\/\/aivlisoft.net\/shop\/","logo":{"@type":"ImageObject","inLanguage":"es","@id":"https:\/\/aivlisoft.net\/shop\/#\/schema\/logo\/image\/","url":"https:\/\/aivlisoft.net\/shop\/wp-content\/uploads\/2024\/12\/removal.ai_5b848c54-0cdf-4140-95c5-c5536bb7573b-logodef.png","contentUrl":"https:\/\/aivlisoft.net\/shop\/wp-content\/uploads\/2024\/12\/removal.ai_5b848c54-0cdf-4140-95c5-c5536bb7573b-logodef.png","width":484,"height":182,"caption":"Aivlisoft Inform\u00e1tica"},"image":{"@id":"https:\/\/aivlisoft.net\/shop\/#\/schema\/logo\/image\/"}}]}},"_links":{"self":[{"href":"https:\/\/aivlisoft.net\/shop\/wp-json\/wp\/v2\/product\/20324","targetHints":{"allow":["GET"]}}],"collection":[{"href":"https:\/\/aivlisoft.net\/shop\/wp-json\/wp\/v2\/product"}],"about":[{"href":"https:\/\/aivlisoft.net\/shop\/wp-json\/wp\/v2\/types\/product"}],"wp:featuredmedia":[{"embeddable":true,"href":"https:\/\/aivlisoft.net\/shop\/wp-json\/wp\/v2\/media\/20325"}],"wp:attachment":[{"href":"https:\/\/aivlisoft.net\/shop\/wp-json\/wp\/v2\/media?parent=20324"}],"wp:term":[{"taxonomy":"product_brand","embeddable":true,"href":"https:\/\/aivlisoft.net\/shop\/wp-json\/wp\/v2\/product_brand?post=20324"},{"taxonomy":"product_cat","embeddable":true,"href":"https:\/\/aivlisoft.net\/shop\/wp-json\/wp\/v2\/product_cat?post=20324"},{"taxonomy":"product_tag","embeddable":true,"href":"https:\/\/aivlisoft.net\/shop\/wp-json\/wp\/v2\/product_tag?post=20324"}],"curies":[{"name":"wp","href":"https:\/\/api.w.org\/{rel}","templated":true}]}}