{"id":20310,"date":"2025-01-13T15:41:26","date_gmt":"2025-01-13T15:41:26","guid":{"rendered":"https:\/\/aivlisoft.com\/?post_type=product&#038;p=20310"},"modified":"2025-01-14T11:49:58","modified_gmt":"2025-01-14T11:49:58","slug":"ubiquiti-unifi-switch-us-16-xg-12x10gb-sfp-4x10gb","status":"publish","type":"product","link":"https:\/\/aivlisoft.net\/shop\/producto\/ubiquiti-unifi-switch-us-16-xg-12x10gb-sfp-4x10gb\/","title":{"rendered":"Ubiquiti UniFi Switch US-16-XG 12x10GB SFP+ 4x10GB"},"content":{"rendered":"<p>Construya y amplie su red con el switch UBIQUITI US-16-XG, parte de la l&iacute;nea de productos UniFi Switch. El UBIQUITI US-16-XG es un switch totalmente gestionado con 12 puertos SFP+ 10G y 4 puertos RJ45 10G, que ofrece un rendimiento robusto y conmutaci&oacute;n inteligente para redes en expansi&oacute;n. El UBIQUITI US-16-XG ofrece un extenso conjunto de funciones Layer 2 y protocolos de conmutaci&oacute;n avanzados y tambien ciertas funciones de enrutamiento de Layer 3.<\/p>\n<table class=\"tabla_caracteristicas k-table\" width=\"100%\">\n<tbody>\n<tr>\n<td><strong>Marca<\/strong><\/td>\n<td>Ubiquiti<\/td>\n<\/tr>\n<tr>\n<td valign=\"top\"><strong>Modelo<\/strong><\/td>\n<td><strong>US-16-XG<\/strong><\/td>\n<\/tr>\n<tr>\n<td valign=\"top\"><strong>Caracteristicas<\/strong><\/td>\n<td>&#8211; Dimensiones 443 x 221 x 43 mm<br \/>&#8211; Peso 2.71 kg<br \/>&#8211; Carcasa Acero galvanizado<br \/>&#8211; Ancho de banda sin bloqueo 160 Gbps<br \/>&#8211; Capacidad de conmutaci&oacute;n 320 Gbps<br \/>&#8211; Reenvio de paquetes 238.10 Mpps<br \/>&#8211; Consumo m&aacute;ximo 36W (Excluidos modulos de fibra)<br \/>&#8211; Sistema de alimentacion 100-240VAC\/50-60 Hz<br \/>&#8211; Rango de voltaje soportado: 100 a 240VAC<br \/>&nbsp; 25 a 16VDC (conector Jack 2.5mm)<br \/>&#8211; Fuente de alimentaci&oacute;n AC\/DC, Interna, 56W DC<br \/>&#8211; LEDs Speed\/Link\/Activity<br \/>&#8211; Interfaces de red<br \/>&nbsp; (12) 1\/10 Gbps SFP+ Ethernet<br \/>&nbsp; (4) 1\/10 Gbps RJ45 Ethernet<br \/>&#8211; Interfaz de gesti&oacute;n (1) RJ45 Serial Port, Ethernet In\/Out Band<br \/>&#8211; Certificationes CE, FCC, IC<br \/>&#8211; Rack Mount Si, 1U<br \/>&#8211; ESD\/EMP Protection Air: &plusmn; 24 kV, Contact: &plusmn; 24 kV<br \/>&#8211; Temperatura de funcionamiento -5 a40&deg; C<br \/>&#8211; Humedad de funcionamiento 5 a 95% Sin condensacion<br \/>&#8211; Shock and Vibration ETSI300-019-1.4 Standard<\/td>\n<\/tr>\n<tr>\n<td><strong>Fecha de revisi&oacute;n<\/strong><\/td>\n<td>30-06-2017 por MSB<\/td>\n<\/tr>\n<\/tbody>\n<\/table>\n","protected":false},"excerpt":{"rendered":"<p>Construya y amplie su red con el switch UBIQUITI US-16-XG, parte de la l&iacute;nea de productos UniFi Switch. El UBIQUITI US-16-XG es un switch totalmente gestionado con 12 puertos SFP+ 10G y 4 puertos RJ45 10G, que ofrece un rendimiento robusto y conmutaci&oacute;n inteligente para redes en expansi&oacute;n. El UBIQUITI US-16-XG ofrece un extenso conjunto&hellip;&nbsp;<a href=\"https:\/\/aivlisoft.net\/shop\/producto\/ubiquiti-unifi-switch-us-16-xg-12x10gb-sfp-4x10gb\/\" rel=\"bookmark\"><span class=\"screen-reader-text\">Ubiquiti UniFi Switch US-16-XG 12x10GB SFP+ 4x10GB<\/span><\/a><\/p>\n","protected":false},"featured_media":20311,"template":"","meta":{"neve_meta_sidebar":"","neve_meta_container":"","neve_meta_enable_content_width":"","neve_meta_content_width":0,"neve_meta_title_alignment":"","neve_meta_author_avatar":"","neve_post_elements_order":"","neve_meta_disable_header":"","neve_meta_disable_footer":"","neve_meta_disable_title":""},"product_brand":[],"product_cat":[8771],"product_tag":[7256],"class_list":{"0":"post-20310","1":"product","2":"type-product","3":"status-publish","4":"has-post-thumbnail","6":"product_cat-switches-armario","7":"product_tag-us-16-xg","9":"first","10":"instock","11":"taxable","12":"shipping-taxable","13":"purchasable","14":"product-type-simple"},"yoast_head":"<!-- This site is optimized with the Yoast SEO plugin v26.0 - https:\/\/yoast.com\/wordpress\/plugins\/seo\/ -->\n<title>Ubiquiti UniFi Switch US-16-XG 12x10GB SFP+ 4x10GB - Aivlisoft Inform\u00e1tica<\/title>\n<meta name=\"robots\" content=\"index, follow, max-snippet:-1, max-image-preview:large, max-video-preview:-1\" \/>\n<link rel=\"canonical\" href=\"https:\/\/aivlisoft.net\/shop\/producto\/ubiquiti-unifi-switch-us-16-xg-12x10gb-sfp-4x10gb\/\" \/>\n<meta property=\"og:locale\" content=\"es_ES\" \/>\n<meta property=\"og:type\" content=\"article\" \/>\n<meta property=\"og:title\" content=\"Ubiquiti UniFi Switch US-16-XG 12x10GB SFP+ 4x10GB - Aivlisoft Inform\u00e1tica\" \/>\n<meta property=\"og:description\" content=\"Construya y amplie su red con el switch UBIQUITI US-16-XG, parte de la l&iacute;nea de productos UniFi Switch. El UBIQUITI US-16-XG es un switch totalmente gestionado con 12 puertos SFP+ 10G y 4 puertos RJ45 10G, que ofrece un rendimiento robusto y conmutaci&oacute;n inteligente para redes en expansi&oacute;n. El UBIQUITI US-16-XG ofrece un extenso conjunto&hellip;&nbsp;Ubiquiti UniFi Switch US-16-XG 12x10GB SFP+ 4x10GB\" \/>\n<meta property=\"og:url\" content=\"https:\/\/aivlisoft.net\/shop\/producto\/ubiquiti-unifi-switch-us-16-xg-12x10gb-sfp-4x10gb\/\" \/>\n<meta property=\"og:site_name\" content=\"Aivlisoft Inform\u00e1tica\" \/>\n<meta property=\"article:modified_time\" content=\"2025-01-14T11:49:58+00:00\" \/>\n<meta property=\"og:image\" content=\"https:\/\/aivlisoft.net\/shop\/wp-content\/uploads\/2025\/01\/NSWSAR0181_800.jpg\" \/>\n\t<meta property=\"og:image:width\" content=\"800\" \/>\n\t<meta property=\"og:image:height\" content=\"800\" \/>\n\t<meta property=\"og:image:type\" content=\"image\/jpeg\" \/>\n<meta name=\"twitter:card\" content=\"summary_large_image\" \/>\n<meta name=\"twitter:label1\" content=\"Tiempo de lectura\" \/>\n\t<meta name=\"twitter:data1\" content=\"1 minuto\" \/>\n<script type=\"application\/ld+json\" class=\"yoast-schema-graph\">{\"@context\":\"https:\/\/schema.org\",\"@graph\":[{\"@type\":\"WebPage\",\"@id\":\"https:\/\/aivlisoft.net\/shop\/producto\/ubiquiti-unifi-switch-us-16-xg-12x10gb-sfp-4x10gb\/\",\"url\":\"https:\/\/aivlisoft.net\/shop\/producto\/ubiquiti-unifi-switch-us-16-xg-12x10gb-sfp-4x10gb\/\",\"name\":\"Ubiquiti UniFi Switch US-16-XG 12x10GB SFP+ 4x10GB - Aivlisoft Inform\u00e1tica\",\"isPartOf\":{\"@id\":\"https:\/\/aivlisoft.net\/shop\/#website\"},\"primaryImageOfPage\":{\"@id\":\"https:\/\/aivlisoft.net\/shop\/producto\/ubiquiti-unifi-switch-us-16-xg-12x10gb-sfp-4x10gb\/#primaryimage\"},\"image\":{\"@id\":\"https:\/\/aivlisoft.net\/shop\/producto\/ubiquiti-unifi-switch-us-16-xg-12x10gb-sfp-4x10gb\/#primaryimage\"},\"thumbnailUrl\":\"https:\/\/aivlisoft.net\/shop\/wp-content\/uploads\/2025\/01\/NSWSAR0181_800.jpg\",\"datePublished\":\"2025-01-13T15:41:26+00:00\",\"dateModified\":\"2025-01-14T11:49:58+00:00\",\"breadcrumb\":{\"@id\":\"https:\/\/aivlisoft.net\/shop\/producto\/ubiquiti-unifi-switch-us-16-xg-12x10gb-sfp-4x10gb\/#breadcrumb\"},\"inLanguage\":\"es\",\"potentialAction\":[{\"@type\":\"ReadAction\",\"target\":[\"https:\/\/aivlisoft.net\/shop\/producto\/ubiquiti-unifi-switch-us-16-xg-12x10gb-sfp-4x10gb\/\"]}]},{\"@type\":\"ImageObject\",\"inLanguage\":\"es\",\"@id\":\"https:\/\/aivlisoft.net\/shop\/producto\/ubiquiti-unifi-switch-us-16-xg-12x10gb-sfp-4x10gb\/#primaryimage\",\"url\":\"https:\/\/aivlisoft.net\/shop\/wp-content\/uploads\/2025\/01\/NSWSAR0181_800.jpg\",\"contentUrl\":\"https:\/\/aivlisoft.net\/shop\/wp-content\/uploads\/2025\/01\/NSWSAR0181_800.jpg\",\"width\":800,\"height\":800},{\"@type\":\"BreadcrumbList\",\"@id\":\"https:\/\/aivlisoft.net\/shop\/producto\/ubiquiti-unifi-switch-us-16-xg-12x10gb-sfp-4x10gb\/#breadcrumb\",\"itemListElement\":[{\"@type\":\"ListItem\",\"position\":1,\"name\":\"Portada\",\"item\":\"https:\/\/aivlisoft.net\/shop\/\"},{\"@type\":\"ListItem\",\"position\":2,\"name\":\"Tienda\",\"item\":\"https:\/\/aivlisoft.net\/shop\/tienda\/\"},{\"@type\":\"ListItem\",\"position\":3,\"name\":\"Ubiquiti UniFi Switch US-16-XG 12x10GB SFP+ 4x10GB\"}]},{\"@type\":\"WebSite\",\"@id\":\"https:\/\/aivlisoft.net\/shop\/#website\",\"url\":\"https:\/\/aivlisoft.net\/shop\/\",\"name\":\"Aivlisoft Inform\u00e1tica\",\"description\":\"En Aivlisoft Inform\u00e1tica ofrecemos soluciones tecnol\u00f3gicas para empresas: venta de ordenadores, consumibles, perif\u00e9ricos y m\u00e1s. Calidad, atenci\u00f3n personalizada y los mejores precios para tu negocio.\",\"publisher\":{\"@id\":\"https:\/\/aivlisoft.net\/shop\/#organization\"},\"potentialAction\":[{\"@type\":\"SearchAction\",\"target\":{\"@type\":\"EntryPoint\",\"urlTemplate\":\"https:\/\/aivlisoft.net\/shop\/?s={search_term_string}\"},\"query-input\":{\"@type\":\"PropertyValueSpecification\",\"valueRequired\":true,\"valueName\":\"search_term_string\"}}],\"inLanguage\":\"es\"},{\"@type\":\"Organization\",\"@id\":\"https:\/\/aivlisoft.net\/shop\/#organization\",\"name\":\"Aivlisoft Inform\u00e1tica\",\"url\":\"https:\/\/aivlisoft.net\/shop\/\",\"logo\":{\"@type\":\"ImageObject\",\"inLanguage\":\"es\",\"@id\":\"https:\/\/aivlisoft.net\/shop\/#\/schema\/logo\/image\/\",\"url\":\"https:\/\/aivlisoft.net\/shop\/wp-content\/uploads\/2024\/12\/removal.ai_5b848c54-0cdf-4140-95c5-c5536bb7573b-logodef.png\",\"contentUrl\":\"https:\/\/aivlisoft.net\/shop\/wp-content\/uploads\/2024\/12\/removal.ai_5b848c54-0cdf-4140-95c5-c5536bb7573b-logodef.png\",\"width\":484,\"height\":182,\"caption\":\"Aivlisoft Inform\u00e1tica\"},\"image\":{\"@id\":\"https:\/\/aivlisoft.net\/shop\/#\/schema\/logo\/image\/\"}}]}<\/script>\n<!-- \/ Yoast SEO plugin. -->","yoast_head_json":{"title":"Ubiquiti UniFi Switch US-16-XG 12x10GB SFP+ 4x10GB - Aivlisoft Inform\u00e1tica","robots":{"index":"index","follow":"follow","max-snippet":"max-snippet:-1","max-image-preview":"max-image-preview:large","max-video-preview":"max-video-preview:-1"},"canonical":"https:\/\/aivlisoft.net\/shop\/producto\/ubiquiti-unifi-switch-us-16-xg-12x10gb-sfp-4x10gb\/","og_locale":"es_ES","og_type":"article","og_title":"Ubiquiti UniFi Switch US-16-XG 12x10GB SFP+ 4x10GB - Aivlisoft Inform\u00e1tica","og_description":"Construya y amplie su red con el switch UBIQUITI US-16-XG, parte de la l&iacute;nea de productos UniFi Switch. El UBIQUITI US-16-XG es un switch totalmente gestionado con 12 puertos SFP+ 10G y 4 puertos RJ45 10G, que ofrece un rendimiento robusto y conmutaci&oacute;n inteligente para redes en expansi&oacute;n. El UBIQUITI US-16-XG ofrece un extenso conjunto&hellip;&nbsp;Ubiquiti UniFi Switch US-16-XG 12x10GB SFP+ 4x10GB","og_url":"https:\/\/aivlisoft.net\/shop\/producto\/ubiquiti-unifi-switch-us-16-xg-12x10gb-sfp-4x10gb\/","og_site_name":"Aivlisoft Inform\u00e1tica","article_modified_time":"2025-01-14T11:49:58+00:00","og_image":[{"width":800,"height":800,"url":"https:\/\/aivlisoft.net\/shop\/wp-content\/uploads\/2025\/01\/NSWSAR0181_800.jpg","type":"image\/jpeg"}],"twitter_card":"summary_large_image","twitter_misc":{"Tiempo de lectura":"1 minuto"},"schema":{"@context":"https:\/\/schema.org","@graph":[{"@type":"WebPage","@id":"https:\/\/aivlisoft.net\/shop\/producto\/ubiquiti-unifi-switch-us-16-xg-12x10gb-sfp-4x10gb\/","url":"https:\/\/aivlisoft.net\/shop\/producto\/ubiquiti-unifi-switch-us-16-xg-12x10gb-sfp-4x10gb\/","name":"Ubiquiti UniFi Switch US-16-XG 12x10GB SFP+ 4x10GB - Aivlisoft Inform\u00e1tica","isPartOf":{"@id":"https:\/\/aivlisoft.net\/shop\/#website"},"primaryImageOfPage":{"@id":"https:\/\/aivlisoft.net\/shop\/producto\/ubiquiti-unifi-switch-us-16-xg-12x10gb-sfp-4x10gb\/#primaryimage"},"image":{"@id":"https:\/\/aivlisoft.net\/shop\/producto\/ubiquiti-unifi-switch-us-16-xg-12x10gb-sfp-4x10gb\/#primaryimage"},"thumbnailUrl":"https:\/\/aivlisoft.net\/shop\/wp-content\/uploads\/2025\/01\/NSWSAR0181_800.jpg","datePublished":"2025-01-13T15:41:26+00:00","dateModified":"2025-01-14T11:49:58+00:00","breadcrumb":{"@id":"https:\/\/aivlisoft.net\/shop\/producto\/ubiquiti-unifi-switch-us-16-xg-12x10gb-sfp-4x10gb\/#breadcrumb"},"inLanguage":"es","potentialAction":[{"@type":"ReadAction","target":["https:\/\/aivlisoft.net\/shop\/producto\/ubiquiti-unifi-switch-us-16-xg-12x10gb-sfp-4x10gb\/"]}]},{"@type":"ImageObject","inLanguage":"es","@id":"https:\/\/aivlisoft.net\/shop\/producto\/ubiquiti-unifi-switch-us-16-xg-12x10gb-sfp-4x10gb\/#primaryimage","url":"https:\/\/aivlisoft.net\/shop\/wp-content\/uploads\/2025\/01\/NSWSAR0181_800.jpg","contentUrl":"https:\/\/aivlisoft.net\/shop\/wp-content\/uploads\/2025\/01\/NSWSAR0181_800.jpg","width":800,"height":800},{"@type":"BreadcrumbList","@id":"https:\/\/aivlisoft.net\/shop\/producto\/ubiquiti-unifi-switch-us-16-xg-12x10gb-sfp-4x10gb\/#breadcrumb","itemListElement":[{"@type":"ListItem","position":1,"name":"Portada","item":"https:\/\/aivlisoft.net\/shop\/"},{"@type":"ListItem","position":2,"name":"Tienda","item":"https:\/\/aivlisoft.net\/shop\/tienda\/"},{"@type":"ListItem","position":3,"name":"Ubiquiti UniFi Switch US-16-XG 12x10GB SFP+ 4x10GB"}]},{"@type":"WebSite","@id":"https:\/\/aivlisoft.net\/shop\/#website","url":"https:\/\/aivlisoft.net\/shop\/","name":"Aivlisoft Inform\u00e1tica","description":"En Aivlisoft Inform\u00e1tica ofrecemos soluciones tecnol\u00f3gicas para empresas: venta de ordenadores, consumibles, perif\u00e9ricos y m\u00e1s. Calidad, atenci\u00f3n personalizada y los mejores precios para tu negocio.","publisher":{"@id":"https:\/\/aivlisoft.net\/shop\/#organization"},"potentialAction":[{"@type":"SearchAction","target":{"@type":"EntryPoint","urlTemplate":"https:\/\/aivlisoft.net\/shop\/?s={search_term_string}"},"query-input":{"@type":"PropertyValueSpecification","valueRequired":true,"valueName":"search_term_string"}}],"inLanguage":"es"},{"@type":"Organization","@id":"https:\/\/aivlisoft.net\/shop\/#organization","name":"Aivlisoft Inform\u00e1tica","url":"https:\/\/aivlisoft.net\/shop\/","logo":{"@type":"ImageObject","inLanguage":"es","@id":"https:\/\/aivlisoft.net\/shop\/#\/schema\/logo\/image\/","url":"https:\/\/aivlisoft.net\/shop\/wp-content\/uploads\/2024\/12\/removal.ai_5b848c54-0cdf-4140-95c5-c5536bb7573b-logodef.png","contentUrl":"https:\/\/aivlisoft.net\/shop\/wp-content\/uploads\/2024\/12\/removal.ai_5b848c54-0cdf-4140-95c5-c5536bb7573b-logodef.png","width":484,"height":182,"caption":"Aivlisoft Inform\u00e1tica"},"image":{"@id":"https:\/\/aivlisoft.net\/shop\/#\/schema\/logo\/image\/"}}]}},"_links":{"self":[{"href":"https:\/\/aivlisoft.net\/shop\/wp-json\/wp\/v2\/product\/20310","targetHints":{"allow":["GET"]}}],"collection":[{"href":"https:\/\/aivlisoft.net\/shop\/wp-json\/wp\/v2\/product"}],"about":[{"href":"https:\/\/aivlisoft.net\/shop\/wp-json\/wp\/v2\/types\/product"}],"wp:featuredmedia":[{"embeddable":true,"href":"https:\/\/aivlisoft.net\/shop\/wp-json\/wp\/v2\/media\/20311"}],"wp:attachment":[{"href":"https:\/\/aivlisoft.net\/shop\/wp-json\/wp\/v2\/media?parent=20310"}],"wp:term":[{"taxonomy":"product_brand","embeddable":true,"href":"https:\/\/aivlisoft.net\/shop\/wp-json\/wp\/v2\/product_brand?post=20310"},{"taxonomy":"product_cat","embeddable":true,"href":"https:\/\/aivlisoft.net\/shop\/wp-json\/wp\/v2\/product_cat?post=20310"},{"taxonomy":"product_tag","embeddable":true,"href":"https:\/\/aivlisoft.net\/shop\/wp-json\/wp\/v2\/product_tag?post=20310"}],"curies":[{"name":"wp","href":"https:\/\/api.w.org\/{rel}","templated":true}]}}