{"id":20307,"date":"2025-01-13T15:41:25","date_gmt":"2025-01-13T15:41:25","guid":{"rendered":"https:\/\/aivlisoft.com\/?post_type=product&#038;p=20307"},"modified":"2025-01-14T11:49:57","modified_gmt":"2025-01-14T11:49:57","slug":"mikrotik-css326-24g-2srm-switch-24xgb-2xsfp","status":"publish","type":"product","link":"https:\/\/aivlisoft.net\/shop\/producto\/mikrotik-css326-24g-2srm-switch-24xgb-2xsfp\/","title":{"rendered":"MikroTik CSS326-24G-2S+RM Switch 24xGB 2xSFP+"},"content":{"rendered":"<p><strong>CSS326-24G-2S+RM<\/strong><br \/>Mikrotik Cloud Smart Switch 326-24G-2S+RM 24x puertos Gbe, 2x puertos SFP+, SwOS.<br \/>Switch Gigabit Ethernet de 24 puertos basado en SwOS con dos puertos SFP +, conectividad de velocidad de cable con varias caracter&iacute;sticas de switching nuevas. El dispositivo est&aacute; potenciado por un chip de switching Marvell DX. El dispositivo corre bajo un sistema operativo dise&ntilde;ado espec&iacute;ficamente para los productos switch MikroTik &#8211; SwOS. SwOS es configurable desde un navegador web. Ofrece toda las funcionalidades b&aacute;sicas de un switch gestionable, y adem&aacute;s: permite administrar el reenv&iacute;o de puerto a puerto, aplicar filtros MAC, configurar VLANs, duplicar tr&aacute;fico, aplicar limitaciones de ancho de banda e incluso ajustar algunos campos de encabezado de MAC e IP. Los puertos SFP admiten m&oacute;dulos SFP de 1,25 Gb y SFP + de 10 Gb.<\/p>\n<table class=\"tabla_caracteristicas k-table\" width=\"100%\">\n<tbody>\n<tr>\n<td><strong>Marca<\/strong><\/td>\n<td>Mikrotik<\/td>\n<\/tr>\n<tr>\n<td valign=\"top\"><strong>Modelo<\/strong><\/td>\n<td><strong>CSS326-24G-2S+RM<\/strong><\/td>\n<\/tr>\n<tr>\n<td valign=\"top\"><strong>Especificaciones<\/strong><\/td>\n<td>&#8211; Modelo de chip switch: 98DX3216A1<br \/>&#8211; Tipo de almacenamiento: Flash<br \/>&#8211; Capacidad almacenamiento: 2 MB<br \/>&#8211; 10\/100\/1000 Ethernet ports: 24<br \/>&#8211; SFP+ cages: 2<br \/>&#8211; Sistema Operativo: SwOS<br \/>&#8211; Voltaje de entrada soportado: 12 &#8211; 30 V (conectos jack or PoE pasivo)<br \/>&#8211; Dimensiones: 440 x 144 x 44 mm<br \/>&#8211; Temperatura de trabajo: -40&deg;C .. +70&deg;C tested<br \/>&#8211; Consumo Max de energ&iacute;a: 19 W<br \/>&#8211; Puerto Serial: RJ45<\/td>\n<\/tr>\n<tr>\n<td valign=\"top\"><strong>Caracter&iacute;sticas<\/strong><\/td>\n<td>&#8211; Capacidad de switching de Capa 2 sin bloqueo<br \/>&#8211; 16K tabla de host<br \/>&#8211; VLAN IEEE 802.1Q<br \/>&#8211; Soporta m&aacute;s de 4K VLAN simult&aacute;neas<br \/>&#8211; Aislamiento de puertos<br \/>&#8211; Seguridad de puertos<br \/>&#8211; Control de tormentas de broadcast<br \/>&#8211; Duplicado de puertos de tr&aacute;fico de entrada \/ salida<br \/>&#8211; Protocolo Rapid Spanning Tree<br \/>&#8211; Lista de control de acceso<br \/>&#8211; MikroTik descubrimiento de vecinos<br \/>&#8211; SNMP v1<br \/>&#8211; GUI basada en web<\/td>\n<\/tr>\n<tr>\n<td><strong>Fecha de revisi&oacute;n<\/strong><\/td>\n<td>08-08-2017 por MSB<\/td>\n<\/tr>\n<\/tbody>\n<\/table>\n","protected":false},"excerpt":{"rendered":"<p>CSS326-24G-2S+RMMikrotik Cloud Smart Switch 326-24G-2S+RM 24x puertos Gbe, 2x puertos SFP+, SwOS.Switch Gigabit Ethernet de 24 puertos basado en SwOS con dos puertos SFP +, conectividad de velocidad de cable con varias caracter&iacute;sticas de switching nuevas. El dispositivo est&aacute; potenciado por un chip de switching Marvell DX. El dispositivo corre bajo un sistema operativo dise&ntilde;ado&hellip;&nbsp;<a href=\"https:\/\/aivlisoft.net\/shop\/producto\/mikrotik-css326-24g-2srm-switch-24xgb-2xsfp\/\" rel=\"bookmark\"><span class=\"screen-reader-text\">MikroTik CSS326-24G-2S+RM Switch 24xGB 2xSFP+<\/span><\/a><\/p>\n","protected":false},"featured_media":20308,"template":"","meta":{"neve_meta_sidebar":"","neve_meta_container":"","neve_meta_enable_content_width":"","neve_meta_content_width":0,"neve_meta_title_alignment":"","neve_meta_author_avatar":"","neve_post_elements_order":"","neve_meta_disable_header":"","neve_meta_disable_footer":"","neve_meta_disable_title":""},"product_brand":[],"product_cat":[8771],"product_tag":[7255],"class_list":{"0":"post-20307","1":"product","2":"type-product","3":"status-publish","4":"has-post-thumbnail","6":"product_cat-switches-armario","7":"product_tag-css326-24g-2srm","9":"first","10":"instock","11":"taxable","12":"shipping-taxable","13":"purchasable","14":"product-type-simple"},"yoast_head":"<!-- This site is optimized with the Yoast SEO plugin v26.0 - https:\/\/yoast.com\/wordpress\/plugins\/seo\/ -->\n<title>MikroTik CSS326-24G-2S+RM Switch 24xGB 2xSFP+ - Aivlisoft Inform\u00e1tica<\/title>\n<meta name=\"robots\" content=\"index, follow, max-snippet:-1, max-image-preview:large, max-video-preview:-1\" \/>\n<link rel=\"canonical\" href=\"https:\/\/aivlisoft.net\/shop\/producto\/mikrotik-css326-24g-2srm-switch-24xgb-2xsfp\/\" \/>\n<meta property=\"og:locale\" content=\"es_ES\" \/>\n<meta property=\"og:type\" content=\"article\" \/>\n<meta property=\"og:title\" content=\"MikroTik CSS326-24G-2S+RM Switch 24xGB 2xSFP+ - Aivlisoft Inform\u00e1tica\" \/>\n<meta property=\"og:description\" content=\"CSS326-24G-2S+RMMikrotik Cloud Smart Switch 326-24G-2S+RM 24x puertos Gbe, 2x puertos SFP+, SwOS.Switch Gigabit Ethernet de 24 puertos basado en SwOS con dos puertos SFP +, conectividad de velocidad de cable con varias caracter&iacute;sticas de switching nuevas. El dispositivo est&aacute; potenciado por un chip de switching Marvell DX. El dispositivo corre bajo un sistema operativo dise&ntilde;ado&hellip;&nbsp;MikroTik CSS326-24G-2S+RM Switch 24xGB 2xSFP+\" \/>\n<meta property=\"og:url\" content=\"https:\/\/aivlisoft.net\/shop\/producto\/mikrotik-css326-24g-2srm-switch-24xgb-2xsfp\/\" \/>\n<meta property=\"og:site_name\" content=\"Aivlisoft Inform\u00e1tica\" \/>\n<meta property=\"article:modified_time\" content=\"2025-01-14T11:49:57+00:00\" \/>\n<meta property=\"og:image\" content=\"https:\/\/aivlisoft.net\/shop\/wp-content\/uploads\/2025\/01\/NSWSAR0167_800.jpg\" \/>\n\t<meta property=\"og:image:width\" content=\"800\" \/>\n\t<meta property=\"og:image:height\" content=\"800\" \/>\n\t<meta property=\"og:image:type\" content=\"image\/jpeg\" \/>\n<meta name=\"twitter:card\" content=\"summary_large_image\" \/>\n<meta name=\"twitter:label1\" content=\"Tiempo de lectura\" \/>\n\t<meta name=\"twitter:data1\" content=\"1 minuto\" \/>\n<script type=\"application\/ld+json\" class=\"yoast-schema-graph\">{\"@context\":\"https:\/\/schema.org\",\"@graph\":[{\"@type\":\"WebPage\",\"@id\":\"https:\/\/aivlisoft.net\/shop\/producto\/mikrotik-css326-24g-2srm-switch-24xgb-2xsfp\/\",\"url\":\"https:\/\/aivlisoft.net\/shop\/producto\/mikrotik-css326-24g-2srm-switch-24xgb-2xsfp\/\",\"name\":\"MikroTik CSS326-24G-2S+RM Switch 24xGB 2xSFP+ - Aivlisoft Inform\u00e1tica\",\"isPartOf\":{\"@id\":\"https:\/\/aivlisoft.net\/shop\/#website\"},\"primaryImageOfPage\":{\"@id\":\"https:\/\/aivlisoft.net\/shop\/producto\/mikrotik-css326-24g-2srm-switch-24xgb-2xsfp\/#primaryimage\"},\"image\":{\"@id\":\"https:\/\/aivlisoft.net\/shop\/producto\/mikrotik-css326-24g-2srm-switch-24xgb-2xsfp\/#primaryimage\"},\"thumbnailUrl\":\"https:\/\/aivlisoft.net\/shop\/wp-content\/uploads\/2025\/01\/NSWSAR0167_800.jpg\",\"datePublished\":\"2025-01-13T15:41:25+00:00\",\"dateModified\":\"2025-01-14T11:49:57+00:00\",\"breadcrumb\":{\"@id\":\"https:\/\/aivlisoft.net\/shop\/producto\/mikrotik-css326-24g-2srm-switch-24xgb-2xsfp\/#breadcrumb\"},\"inLanguage\":\"es\",\"potentialAction\":[{\"@type\":\"ReadAction\",\"target\":[\"https:\/\/aivlisoft.net\/shop\/producto\/mikrotik-css326-24g-2srm-switch-24xgb-2xsfp\/\"]}]},{\"@type\":\"ImageObject\",\"inLanguage\":\"es\",\"@id\":\"https:\/\/aivlisoft.net\/shop\/producto\/mikrotik-css326-24g-2srm-switch-24xgb-2xsfp\/#primaryimage\",\"url\":\"https:\/\/aivlisoft.net\/shop\/wp-content\/uploads\/2025\/01\/NSWSAR0167_800.jpg\",\"contentUrl\":\"https:\/\/aivlisoft.net\/shop\/wp-content\/uploads\/2025\/01\/NSWSAR0167_800.jpg\",\"width\":800,\"height\":800},{\"@type\":\"BreadcrumbList\",\"@id\":\"https:\/\/aivlisoft.net\/shop\/producto\/mikrotik-css326-24g-2srm-switch-24xgb-2xsfp\/#breadcrumb\",\"itemListElement\":[{\"@type\":\"ListItem\",\"position\":1,\"name\":\"Portada\",\"item\":\"https:\/\/aivlisoft.net\/shop\/\"},{\"@type\":\"ListItem\",\"position\":2,\"name\":\"Tienda\",\"item\":\"https:\/\/aivlisoft.net\/shop\/tienda\/\"},{\"@type\":\"ListItem\",\"position\":3,\"name\":\"MikroTik CSS326-24G-2S+RM Switch 24xGB 2xSFP+\"}]},{\"@type\":\"WebSite\",\"@id\":\"https:\/\/aivlisoft.net\/shop\/#website\",\"url\":\"https:\/\/aivlisoft.net\/shop\/\",\"name\":\"Aivlisoft Inform\u00e1tica\",\"description\":\"En Aivlisoft Inform\u00e1tica ofrecemos soluciones tecnol\u00f3gicas para empresas: venta de ordenadores, consumibles, perif\u00e9ricos y m\u00e1s. Calidad, atenci\u00f3n personalizada y los mejores precios para tu negocio.\",\"publisher\":{\"@id\":\"https:\/\/aivlisoft.net\/shop\/#organization\"},\"potentialAction\":[{\"@type\":\"SearchAction\",\"target\":{\"@type\":\"EntryPoint\",\"urlTemplate\":\"https:\/\/aivlisoft.net\/shop\/?s={search_term_string}\"},\"query-input\":{\"@type\":\"PropertyValueSpecification\",\"valueRequired\":true,\"valueName\":\"search_term_string\"}}],\"inLanguage\":\"es\"},{\"@type\":\"Organization\",\"@id\":\"https:\/\/aivlisoft.net\/shop\/#organization\",\"name\":\"Aivlisoft Inform\u00e1tica\",\"url\":\"https:\/\/aivlisoft.net\/shop\/\",\"logo\":{\"@type\":\"ImageObject\",\"inLanguage\":\"es\",\"@id\":\"https:\/\/aivlisoft.net\/shop\/#\/schema\/logo\/image\/\",\"url\":\"https:\/\/aivlisoft.net\/shop\/wp-content\/uploads\/2024\/12\/removal.ai_5b848c54-0cdf-4140-95c5-c5536bb7573b-logodef.png\",\"contentUrl\":\"https:\/\/aivlisoft.net\/shop\/wp-content\/uploads\/2024\/12\/removal.ai_5b848c54-0cdf-4140-95c5-c5536bb7573b-logodef.png\",\"width\":484,\"height\":182,\"caption\":\"Aivlisoft Inform\u00e1tica\"},\"image\":{\"@id\":\"https:\/\/aivlisoft.net\/shop\/#\/schema\/logo\/image\/\"}}]}<\/script>\n<!-- \/ Yoast SEO plugin. -->","yoast_head_json":{"title":"MikroTik CSS326-24G-2S+RM Switch 24xGB 2xSFP+ - Aivlisoft Inform\u00e1tica","robots":{"index":"index","follow":"follow","max-snippet":"max-snippet:-1","max-image-preview":"max-image-preview:large","max-video-preview":"max-video-preview:-1"},"canonical":"https:\/\/aivlisoft.net\/shop\/producto\/mikrotik-css326-24g-2srm-switch-24xgb-2xsfp\/","og_locale":"es_ES","og_type":"article","og_title":"MikroTik CSS326-24G-2S+RM Switch 24xGB 2xSFP+ - Aivlisoft Inform\u00e1tica","og_description":"CSS326-24G-2S+RMMikrotik Cloud Smart Switch 326-24G-2S+RM 24x puertos Gbe, 2x puertos SFP+, SwOS.Switch Gigabit Ethernet de 24 puertos basado en SwOS con dos puertos SFP +, conectividad de velocidad de cable con varias caracter&iacute;sticas de switching nuevas. El dispositivo est&aacute; potenciado por un chip de switching Marvell DX. El dispositivo corre bajo un sistema operativo dise&ntilde;ado&hellip;&nbsp;MikroTik CSS326-24G-2S+RM Switch 24xGB 2xSFP+","og_url":"https:\/\/aivlisoft.net\/shop\/producto\/mikrotik-css326-24g-2srm-switch-24xgb-2xsfp\/","og_site_name":"Aivlisoft Inform\u00e1tica","article_modified_time":"2025-01-14T11:49:57+00:00","og_image":[{"width":800,"height":800,"url":"https:\/\/aivlisoft.net\/shop\/wp-content\/uploads\/2025\/01\/NSWSAR0167_800.jpg","type":"image\/jpeg"}],"twitter_card":"summary_large_image","twitter_misc":{"Tiempo de lectura":"1 minuto"},"schema":{"@context":"https:\/\/schema.org","@graph":[{"@type":"WebPage","@id":"https:\/\/aivlisoft.net\/shop\/producto\/mikrotik-css326-24g-2srm-switch-24xgb-2xsfp\/","url":"https:\/\/aivlisoft.net\/shop\/producto\/mikrotik-css326-24g-2srm-switch-24xgb-2xsfp\/","name":"MikroTik CSS326-24G-2S+RM Switch 24xGB 2xSFP+ - Aivlisoft Inform\u00e1tica","isPartOf":{"@id":"https:\/\/aivlisoft.net\/shop\/#website"},"primaryImageOfPage":{"@id":"https:\/\/aivlisoft.net\/shop\/producto\/mikrotik-css326-24g-2srm-switch-24xgb-2xsfp\/#primaryimage"},"image":{"@id":"https:\/\/aivlisoft.net\/shop\/producto\/mikrotik-css326-24g-2srm-switch-24xgb-2xsfp\/#primaryimage"},"thumbnailUrl":"https:\/\/aivlisoft.net\/shop\/wp-content\/uploads\/2025\/01\/NSWSAR0167_800.jpg","datePublished":"2025-01-13T15:41:25+00:00","dateModified":"2025-01-14T11:49:57+00:00","breadcrumb":{"@id":"https:\/\/aivlisoft.net\/shop\/producto\/mikrotik-css326-24g-2srm-switch-24xgb-2xsfp\/#breadcrumb"},"inLanguage":"es","potentialAction":[{"@type":"ReadAction","target":["https:\/\/aivlisoft.net\/shop\/producto\/mikrotik-css326-24g-2srm-switch-24xgb-2xsfp\/"]}]},{"@type":"ImageObject","inLanguage":"es","@id":"https:\/\/aivlisoft.net\/shop\/producto\/mikrotik-css326-24g-2srm-switch-24xgb-2xsfp\/#primaryimage","url":"https:\/\/aivlisoft.net\/shop\/wp-content\/uploads\/2025\/01\/NSWSAR0167_800.jpg","contentUrl":"https:\/\/aivlisoft.net\/shop\/wp-content\/uploads\/2025\/01\/NSWSAR0167_800.jpg","width":800,"height":800},{"@type":"BreadcrumbList","@id":"https:\/\/aivlisoft.net\/shop\/producto\/mikrotik-css326-24g-2srm-switch-24xgb-2xsfp\/#breadcrumb","itemListElement":[{"@type":"ListItem","position":1,"name":"Portada","item":"https:\/\/aivlisoft.net\/shop\/"},{"@type":"ListItem","position":2,"name":"Tienda","item":"https:\/\/aivlisoft.net\/shop\/tienda\/"},{"@type":"ListItem","position":3,"name":"MikroTik CSS326-24G-2S+RM Switch 24xGB 2xSFP+"}]},{"@type":"WebSite","@id":"https:\/\/aivlisoft.net\/shop\/#website","url":"https:\/\/aivlisoft.net\/shop\/","name":"Aivlisoft Inform\u00e1tica","description":"En Aivlisoft Inform\u00e1tica ofrecemos soluciones tecnol\u00f3gicas para empresas: venta de ordenadores, consumibles, perif\u00e9ricos y m\u00e1s. Calidad, atenci\u00f3n personalizada y los mejores precios para tu negocio.","publisher":{"@id":"https:\/\/aivlisoft.net\/shop\/#organization"},"potentialAction":[{"@type":"SearchAction","target":{"@type":"EntryPoint","urlTemplate":"https:\/\/aivlisoft.net\/shop\/?s={search_term_string}"},"query-input":{"@type":"PropertyValueSpecification","valueRequired":true,"valueName":"search_term_string"}}],"inLanguage":"es"},{"@type":"Organization","@id":"https:\/\/aivlisoft.net\/shop\/#organization","name":"Aivlisoft Inform\u00e1tica","url":"https:\/\/aivlisoft.net\/shop\/","logo":{"@type":"ImageObject","inLanguage":"es","@id":"https:\/\/aivlisoft.net\/shop\/#\/schema\/logo\/image\/","url":"https:\/\/aivlisoft.net\/shop\/wp-content\/uploads\/2024\/12\/removal.ai_5b848c54-0cdf-4140-95c5-c5536bb7573b-logodef.png","contentUrl":"https:\/\/aivlisoft.net\/shop\/wp-content\/uploads\/2024\/12\/removal.ai_5b848c54-0cdf-4140-95c5-c5536bb7573b-logodef.png","width":484,"height":182,"caption":"Aivlisoft Inform\u00e1tica"},"image":{"@id":"https:\/\/aivlisoft.net\/shop\/#\/schema\/logo\/image\/"}}]}},"_links":{"self":[{"href":"https:\/\/aivlisoft.net\/shop\/wp-json\/wp\/v2\/product\/20307","targetHints":{"allow":["GET"]}}],"collection":[{"href":"https:\/\/aivlisoft.net\/shop\/wp-json\/wp\/v2\/product"}],"about":[{"href":"https:\/\/aivlisoft.net\/shop\/wp-json\/wp\/v2\/types\/product"}],"wp:featuredmedia":[{"embeddable":true,"href":"https:\/\/aivlisoft.net\/shop\/wp-json\/wp\/v2\/media\/20308"}],"wp:attachment":[{"href":"https:\/\/aivlisoft.net\/shop\/wp-json\/wp\/v2\/media?parent=20307"}],"wp:term":[{"taxonomy":"product_brand","embeddable":true,"href":"https:\/\/aivlisoft.net\/shop\/wp-json\/wp\/v2\/product_brand?post=20307"},{"taxonomy":"product_cat","embeddable":true,"href":"https:\/\/aivlisoft.net\/shop\/wp-json\/wp\/v2\/product_cat?post=20307"},{"taxonomy":"product_tag","embeddable":true,"href":"https:\/\/aivlisoft.net\/shop\/wp-json\/wp\/v2\/product_tag?post=20307"}],"curies":[{"name":"wp","href":"https:\/\/api.w.org\/{rel}","templated":true}]}}