{"id":20292,"date":"2025-01-13T15:41:13","date_gmt":"2025-01-13T15:41:13","guid":{"rendered":"https:\/\/aivlisoft.com\/?post_type=product&#038;p=20292"},"modified":"2025-01-14T11:49:50","modified_gmt":"2025-01-14T11:49:50","slug":"d-link-go-sw-24g-switch-24xgb-metal","status":"publish","type":"product","link":"https:\/\/aivlisoft.net\/shop\/producto\/d-link-go-sw-24g-switch-24xgb-metal\/","title":{"rendered":"D-Link GO-SW-24G Switch 24xGB Metal"},"content":{"rendered":"<p><\/p>\n<table class=\"tabla_caracteristicas k-table\" width=\"100%\">\n<tbody>\n<tr>\n<td><strong>Marca<\/strong><\/td>\n<td>DLink<\/td>\n<\/tr>\n<tr>\n<td><strong>Modelo<\/strong><\/td>\n<td><strong><\/strong><strong>GO-SW-24G<\/strong><\/td>\n<\/tr>\n<tr>\n<td valign=\"top\"><strong>Estandares soportados<\/strong><\/td>\n<td>&#8211; IEEE 802.3, IEEE 802.3ab, IEEE 802.3az, IEEE 802.3u, IEEE 802.3x<\/td>\n<\/tr>\n<tr>\n<td valign=\"top\"><strong>Otras caracter&iacute;sticas<\/strong><\/td>\n<td><strong>Gesti&oacute;n<\/strong><br \/>&#8211; Tipo de switch no gestionado<br \/><strong>Puertos e Interfaces<\/strong><br \/>&#8211; 24 x RJ-45 Gigabit Ethernet (10\/100\/1000)<br \/>&#8211; Tecnolog&iacute;a de cableado ethernet de cobre 1000BASE-T, 100BASE-TX, 10BASE-T<br \/>&#8211; Jack de entrada CD<br \/><strong>Red<\/strong><br \/>&#8211; Bidireccional completo (Full duplex) <br \/>&#8211; Soporte de control de flujo<br \/>&#8211; Auto MDI \/ MDI-X<br \/><strong>Transmisi&oacute;n de datos<\/strong><br \/>&#8211; Tabla de direcciones MAC 8000 entradas<br \/>&#8211; Capacidad de conmutaci&oacute;n 48 Gbit\/s<br \/>&#8211; Jumbo Frames, soporte<br \/><strong>Dise&ntilde;o<\/strong><br \/>&#8211; Color del producto Negro<br \/>&#8211; Posibilidad de montar en rack<br \/>&#8211; Indicadores LED Actividad, Enlace<br \/>&#8211; Dise&ntilde;o Independiente<br \/>&#8211; Material de la carcasa De pl&aacute;stico<br \/>&#8211; Certificaci&oacute;n RoHS, FCC, CE, C-Tick, CB, cUL<br \/><strong>Desempe&ntilde;o<\/strong><br \/>&#8211; Memoria intermedia de paquetes 2 MB<br \/>&#8211; Tiempo medio entre fallos 336072 h<br \/><strong>Control de energ&iacute;a<\/strong><br \/>&#8211; Voltaje de entrada 12 V<br \/>&#8211; Consumo energ&eacute;tico 15,7 W<br \/>&#8211; Corriente de entrada 1,5 A<br \/><strong>Condiciones ambientales<\/strong><br \/>&#8211; Intervalo de temperatura operativa 0 &#8211; 40 &deg;C<br \/>&#8211; Intervalo de temperatura de almacenaje -10 &#8211; 70 &deg;C<br \/>&#8211; Intervalo de humedad relativa para funcionamiento 5 &#8211; 90 %<br \/>&#8211; Disipaci&oacute;n del calor 53,58 BTU\/h<br \/><strong>Peso y dimensiones<\/strong><br \/>&#8211; Ancho 25,7 cm<br \/>&#8211; Profundidad 17,8 cm<br \/>&#8211; Altura 4,6 cm<br \/>&#8211; Peso 760 g<\/td>\n<\/tr>\n<tr>\n<td><strong>Fecha Revisi&oacute;n<\/strong><\/td>\n<td>20-06-2016 por MSB<\/td>\n<\/tr>\n<\/tbody>\n<\/table>\n","protected":false},"excerpt":{"rendered":"<p>Marca DLink Modelo GO-SW-24G Estandares soportados &#8211; IEEE 802.3, IEEE 802.3ab, IEEE 802.3az, IEEE 802.3u, IEEE 802.3x Otras caracter&iacute;sticas Gesti&oacute;n&#8211; Tipo de switch no gestionadoPuertos e Interfaces&#8211; 24 x RJ-45 Gigabit Ethernet (10\/100\/1000)&#8211; Tecnolog&iacute;a de cableado ethernet de cobre 1000BASE-T, 100BASE-TX, 10BASE-T&#8211; Jack de entrada CDRed&#8211; Bidireccional completo (Full duplex) &#8211; Soporte de control de&hellip;&nbsp;<a href=\"https:\/\/aivlisoft.net\/shop\/producto\/d-link-go-sw-24g-switch-24xgb-metal\/\" rel=\"bookmark\"><span class=\"screen-reader-text\">D-Link GO-SW-24G Switch 24xGB Metal<\/span><\/a><\/p>\n","protected":false},"featured_media":20293,"template":"","meta":{"neve_meta_sidebar":"","neve_meta_container":"","neve_meta_enable_content_width":"","neve_meta_content_width":0,"neve_meta_title_alignment":"","neve_meta_author_avatar":"","neve_post_elements_order":"","neve_meta_disable_header":"","neve_meta_disable_footer":"","neve_meta_disable_title":""},"product_brand":[],"product_cat":[8771],"product_tag":[7250],"class_list":{"0":"post-20292","1":"product","2":"type-product","3":"status-publish","4":"has-post-thumbnail","6":"product_cat-switches-armario","7":"product_tag-go-sw-24g","9":"first","10":"instock","11":"taxable","12":"shipping-taxable","13":"purchasable","14":"product-type-simple"},"yoast_head":"<!-- This site is optimized with the Yoast SEO plugin v26.0 - https:\/\/yoast.com\/wordpress\/plugins\/seo\/ -->\n<title>D-Link GO-SW-24G Switch 24xGB Metal - Aivlisoft Inform\u00e1tica<\/title>\n<meta name=\"robots\" content=\"index, follow, max-snippet:-1, max-image-preview:large, max-video-preview:-1\" \/>\n<link rel=\"canonical\" href=\"https:\/\/aivlisoft.net\/shop\/producto\/d-link-go-sw-24g-switch-24xgb-metal\/\" \/>\n<meta property=\"og:locale\" content=\"es_ES\" \/>\n<meta property=\"og:type\" content=\"article\" \/>\n<meta property=\"og:title\" content=\"D-Link GO-SW-24G Switch 24xGB Metal - Aivlisoft Inform\u00e1tica\" \/>\n<meta property=\"og:description\" content=\"Marca DLink Modelo GO-SW-24G Estandares soportados &#8211; IEEE 802.3, IEEE 802.3ab, IEEE 802.3az, IEEE 802.3u, IEEE 802.3x Otras caracter&iacute;sticas Gesti&oacute;n&#8211; Tipo de switch no gestionadoPuertos e Interfaces&#8211; 24 x RJ-45 Gigabit Ethernet (10\/100\/1000)&#8211; Tecnolog&iacute;a de cableado ethernet de cobre 1000BASE-T, 100BASE-TX, 10BASE-T&#8211; Jack de entrada CDRed&#8211; Bidireccional completo (Full duplex) &#8211; Soporte de control de&hellip;&nbsp;D-Link GO-SW-24G Switch 24xGB Metal\" \/>\n<meta property=\"og:url\" content=\"https:\/\/aivlisoft.net\/shop\/producto\/d-link-go-sw-24g-switch-24xgb-metal\/\" \/>\n<meta property=\"og:site_name\" content=\"Aivlisoft Inform\u00e1tica\" \/>\n<meta property=\"article:modified_time\" content=\"2025-01-14T11:49:50+00:00\" \/>\n<meta property=\"og:image\" content=\"https:\/\/aivlisoft.net\/shop\/wp-content\/uploads\/2025\/01\/NSWSAR0143_800.jpg\" \/>\n\t<meta property=\"og:image:width\" content=\"800\" \/>\n\t<meta property=\"og:image:height\" content=\"800\" \/>\n\t<meta property=\"og:image:type\" content=\"image\/jpeg\" \/>\n<meta name=\"twitter:card\" content=\"summary_large_image\" \/>\n<meta name=\"twitter:label1\" content=\"Tiempo de lectura\" \/>\n\t<meta name=\"twitter:data1\" content=\"1 minuto\" \/>\n<script type=\"application\/ld+json\" class=\"yoast-schema-graph\">{\"@context\":\"https:\/\/schema.org\",\"@graph\":[{\"@type\":\"WebPage\",\"@id\":\"https:\/\/aivlisoft.net\/shop\/producto\/d-link-go-sw-24g-switch-24xgb-metal\/\",\"url\":\"https:\/\/aivlisoft.net\/shop\/producto\/d-link-go-sw-24g-switch-24xgb-metal\/\",\"name\":\"D-Link GO-SW-24G Switch 24xGB Metal - Aivlisoft Inform\u00e1tica\",\"isPartOf\":{\"@id\":\"https:\/\/aivlisoft.net\/shop\/#website\"},\"primaryImageOfPage\":{\"@id\":\"https:\/\/aivlisoft.net\/shop\/producto\/d-link-go-sw-24g-switch-24xgb-metal\/#primaryimage\"},\"image\":{\"@id\":\"https:\/\/aivlisoft.net\/shop\/producto\/d-link-go-sw-24g-switch-24xgb-metal\/#primaryimage\"},\"thumbnailUrl\":\"https:\/\/aivlisoft.net\/shop\/wp-content\/uploads\/2025\/01\/NSWSAR0143_800.jpg\",\"datePublished\":\"2025-01-13T15:41:13+00:00\",\"dateModified\":\"2025-01-14T11:49:50+00:00\",\"breadcrumb\":{\"@id\":\"https:\/\/aivlisoft.net\/shop\/producto\/d-link-go-sw-24g-switch-24xgb-metal\/#breadcrumb\"},\"inLanguage\":\"es\",\"potentialAction\":[{\"@type\":\"ReadAction\",\"target\":[\"https:\/\/aivlisoft.net\/shop\/producto\/d-link-go-sw-24g-switch-24xgb-metal\/\"]}]},{\"@type\":\"ImageObject\",\"inLanguage\":\"es\",\"@id\":\"https:\/\/aivlisoft.net\/shop\/producto\/d-link-go-sw-24g-switch-24xgb-metal\/#primaryimage\",\"url\":\"https:\/\/aivlisoft.net\/shop\/wp-content\/uploads\/2025\/01\/NSWSAR0143_800.jpg\",\"contentUrl\":\"https:\/\/aivlisoft.net\/shop\/wp-content\/uploads\/2025\/01\/NSWSAR0143_800.jpg\",\"width\":800,\"height\":800},{\"@type\":\"BreadcrumbList\",\"@id\":\"https:\/\/aivlisoft.net\/shop\/producto\/d-link-go-sw-24g-switch-24xgb-metal\/#breadcrumb\",\"itemListElement\":[{\"@type\":\"ListItem\",\"position\":1,\"name\":\"Portada\",\"item\":\"https:\/\/aivlisoft.net\/shop\/\"},{\"@type\":\"ListItem\",\"position\":2,\"name\":\"Tienda\",\"item\":\"https:\/\/aivlisoft.net\/shop\/tienda\/\"},{\"@type\":\"ListItem\",\"position\":3,\"name\":\"D-Link GO-SW-24G Switch 24xGB Metal\"}]},{\"@type\":\"WebSite\",\"@id\":\"https:\/\/aivlisoft.net\/shop\/#website\",\"url\":\"https:\/\/aivlisoft.net\/shop\/\",\"name\":\"Aivlisoft Inform\u00e1tica\",\"description\":\"En Aivlisoft Inform\u00e1tica ofrecemos soluciones tecnol\u00f3gicas para empresas: venta de ordenadores, consumibles, perif\u00e9ricos y m\u00e1s. Calidad, atenci\u00f3n personalizada y los mejores precios para tu negocio.\",\"publisher\":{\"@id\":\"https:\/\/aivlisoft.net\/shop\/#organization\"},\"potentialAction\":[{\"@type\":\"SearchAction\",\"target\":{\"@type\":\"EntryPoint\",\"urlTemplate\":\"https:\/\/aivlisoft.net\/shop\/?s={search_term_string}\"},\"query-input\":{\"@type\":\"PropertyValueSpecification\",\"valueRequired\":true,\"valueName\":\"search_term_string\"}}],\"inLanguage\":\"es\"},{\"@type\":\"Organization\",\"@id\":\"https:\/\/aivlisoft.net\/shop\/#organization\",\"name\":\"Aivlisoft Inform\u00e1tica\",\"url\":\"https:\/\/aivlisoft.net\/shop\/\",\"logo\":{\"@type\":\"ImageObject\",\"inLanguage\":\"es\",\"@id\":\"https:\/\/aivlisoft.net\/shop\/#\/schema\/logo\/image\/\",\"url\":\"https:\/\/aivlisoft.net\/shop\/wp-content\/uploads\/2024\/12\/removal.ai_5b848c54-0cdf-4140-95c5-c5536bb7573b-logodef.png\",\"contentUrl\":\"https:\/\/aivlisoft.net\/shop\/wp-content\/uploads\/2024\/12\/removal.ai_5b848c54-0cdf-4140-95c5-c5536bb7573b-logodef.png\",\"width\":484,\"height\":182,\"caption\":\"Aivlisoft Inform\u00e1tica\"},\"image\":{\"@id\":\"https:\/\/aivlisoft.net\/shop\/#\/schema\/logo\/image\/\"}}]}<\/script>\n<!-- \/ Yoast SEO plugin. -->","yoast_head_json":{"title":"D-Link GO-SW-24G Switch 24xGB Metal - Aivlisoft Inform\u00e1tica","robots":{"index":"index","follow":"follow","max-snippet":"max-snippet:-1","max-image-preview":"max-image-preview:large","max-video-preview":"max-video-preview:-1"},"canonical":"https:\/\/aivlisoft.net\/shop\/producto\/d-link-go-sw-24g-switch-24xgb-metal\/","og_locale":"es_ES","og_type":"article","og_title":"D-Link GO-SW-24G Switch 24xGB Metal - Aivlisoft Inform\u00e1tica","og_description":"Marca DLink Modelo GO-SW-24G Estandares soportados &#8211; IEEE 802.3, IEEE 802.3ab, IEEE 802.3az, IEEE 802.3u, IEEE 802.3x Otras caracter&iacute;sticas Gesti&oacute;n&#8211; Tipo de switch no gestionadoPuertos e Interfaces&#8211; 24 x RJ-45 Gigabit Ethernet (10\/100\/1000)&#8211; Tecnolog&iacute;a de cableado ethernet de cobre 1000BASE-T, 100BASE-TX, 10BASE-T&#8211; Jack de entrada CDRed&#8211; Bidireccional completo (Full duplex) &#8211; Soporte de control de&hellip;&nbsp;D-Link GO-SW-24G Switch 24xGB Metal","og_url":"https:\/\/aivlisoft.net\/shop\/producto\/d-link-go-sw-24g-switch-24xgb-metal\/","og_site_name":"Aivlisoft Inform\u00e1tica","article_modified_time":"2025-01-14T11:49:50+00:00","og_image":[{"width":800,"height":800,"url":"https:\/\/aivlisoft.net\/shop\/wp-content\/uploads\/2025\/01\/NSWSAR0143_800.jpg","type":"image\/jpeg"}],"twitter_card":"summary_large_image","twitter_misc":{"Tiempo de lectura":"1 minuto"},"schema":{"@context":"https:\/\/schema.org","@graph":[{"@type":"WebPage","@id":"https:\/\/aivlisoft.net\/shop\/producto\/d-link-go-sw-24g-switch-24xgb-metal\/","url":"https:\/\/aivlisoft.net\/shop\/producto\/d-link-go-sw-24g-switch-24xgb-metal\/","name":"D-Link GO-SW-24G Switch 24xGB Metal - Aivlisoft Inform\u00e1tica","isPartOf":{"@id":"https:\/\/aivlisoft.net\/shop\/#website"},"primaryImageOfPage":{"@id":"https:\/\/aivlisoft.net\/shop\/producto\/d-link-go-sw-24g-switch-24xgb-metal\/#primaryimage"},"image":{"@id":"https:\/\/aivlisoft.net\/shop\/producto\/d-link-go-sw-24g-switch-24xgb-metal\/#primaryimage"},"thumbnailUrl":"https:\/\/aivlisoft.net\/shop\/wp-content\/uploads\/2025\/01\/NSWSAR0143_800.jpg","datePublished":"2025-01-13T15:41:13+00:00","dateModified":"2025-01-14T11:49:50+00:00","breadcrumb":{"@id":"https:\/\/aivlisoft.net\/shop\/producto\/d-link-go-sw-24g-switch-24xgb-metal\/#breadcrumb"},"inLanguage":"es","potentialAction":[{"@type":"ReadAction","target":["https:\/\/aivlisoft.net\/shop\/producto\/d-link-go-sw-24g-switch-24xgb-metal\/"]}]},{"@type":"ImageObject","inLanguage":"es","@id":"https:\/\/aivlisoft.net\/shop\/producto\/d-link-go-sw-24g-switch-24xgb-metal\/#primaryimage","url":"https:\/\/aivlisoft.net\/shop\/wp-content\/uploads\/2025\/01\/NSWSAR0143_800.jpg","contentUrl":"https:\/\/aivlisoft.net\/shop\/wp-content\/uploads\/2025\/01\/NSWSAR0143_800.jpg","width":800,"height":800},{"@type":"BreadcrumbList","@id":"https:\/\/aivlisoft.net\/shop\/producto\/d-link-go-sw-24g-switch-24xgb-metal\/#breadcrumb","itemListElement":[{"@type":"ListItem","position":1,"name":"Portada","item":"https:\/\/aivlisoft.net\/shop\/"},{"@type":"ListItem","position":2,"name":"Tienda","item":"https:\/\/aivlisoft.net\/shop\/tienda\/"},{"@type":"ListItem","position":3,"name":"D-Link GO-SW-24G Switch 24xGB Metal"}]},{"@type":"WebSite","@id":"https:\/\/aivlisoft.net\/shop\/#website","url":"https:\/\/aivlisoft.net\/shop\/","name":"Aivlisoft Inform\u00e1tica","description":"En Aivlisoft Inform\u00e1tica ofrecemos soluciones tecnol\u00f3gicas para empresas: venta de ordenadores, consumibles, perif\u00e9ricos y m\u00e1s. Calidad, atenci\u00f3n personalizada y los mejores precios para tu negocio.","publisher":{"@id":"https:\/\/aivlisoft.net\/shop\/#organization"},"potentialAction":[{"@type":"SearchAction","target":{"@type":"EntryPoint","urlTemplate":"https:\/\/aivlisoft.net\/shop\/?s={search_term_string}"},"query-input":{"@type":"PropertyValueSpecification","valueRequired":true,"valueName":"search_term_string"}}],"inLanguage":"es"},{"@type":"Organization","@id":"https:\/\/aivlisoft.net\/shop\/#organization","name":"Aivlisoft Inform\u00e1tica","url":"https:\/\/aivlisoft.net\/shop\/","logo":{"@type":"ImageObject","inLanguage":"es","@id":"https:\/\/aivlisoft.net\/shop\/#\/schema\/logo\/image\/","url":"https:\/\/aivlisoft.net\/shop\/wp-content\/uploads\/2024\/12\/removal.ai_5b848c54-0cdf-4140-95c5-c5536bb7573b-logodef.png","contentUrl":"https:\/\/aivlisoft.net\/shop\/wp-content\/uploads\/2024\/12\/removal.ai_5b848c54-0cdf-4140-95c5-c5536bb7573b-logodef.png","width":484,"height":182,"caption":"Aivlisoft Inform\u00e1tica"},"image":{"@id":"https:\/\/aivlisoft.net\/shop\/#\/schema\/logo\/image\/"}}]}},"_links":{"self":[{"href":"https:\/\/aivlisoft.net\/shop\/wp-json\/wp\/v2\/product\/20292","targetHints":{"allow":["GET"]}}],"collection":[{"href":"https:\/\/aivlisoft.net\/shop\/wp-json\/wp\/v2\/product"}],"about":[{"href":"https:\/\/aivlisoft.net\/shop\/wp-json\/wp\/v2\/types\/product"}],"wp:featuredmedia":[{"embeddable":true,"href":"https:\/\/aivlisoft.net\/shop\/wp-json\/wp\/v2\/media\/20293"}],"wp:attachment":[{"href":"https:\/\/aivlisoft.net\/shop\/wp-json\/wp\/v2\/media?parent=20292"}],"wp:term":[{"taxonomy":"product_brand","embeddable":true,"href":"https:\/\/aivlisoft.net\/shop\/wp-json\/wp\/v2\/product_brand?post=20292"},{"taxonomy":"product_cat","embeddable":true,"href":"https:\/\/aivlisoft.net\/shop\/wp-json\/wp\/v2\/product_cat?post=20292"},{"taxonomy":"product_tag","embeddable":true,"href":"https:\/\/aivlisoft.net\/shop\/wp-json\/wp\/v2\/product_tag?post=20292"}],"curies":[{"name":"wp","href":"https:\/\/api.w.org\/{rel}","templated":true}]}}