{"id":20289,"date":"2025-01-13T15:41:11","date_gmt":"2025-01-13T15:41:11","guid":{"rendered":"https:\/\/aivlisoft.com\/?post_type=product&#038;p=20289"},"modified":"2025-01-14T11:49:49","modified_gmt":"2025-01-14T11:49:49","slug":"ubiquiti-unifi-switch-us-16-150w-16xgb-2xsfp","status":"publish","type":"product","link":"https:\/\/aivlisoft.net\/shop\/producto\/ubiquiti-unifi-switch-us-16-150w-16xgb-2xsfp\/","title":{"rendered":"Ubiquiti UniFi Switch US-16-150W 16xGB 2xSFP"},"content":{"rendered":"<p>El switch UniFi ofrece un rendimiento robusto sobre sus 18 puertos de conmutaci&oacute;n independientes. Dos puertos SFP ofrecen conectividad de fibra &oacute;ptica para soportar enlaces ascendentes de hasta 1 Gbps&nbsp; y 16 puertos Gigabit Ethernet ofrecen 802.3sf\/at PoE pasivo compartiendo un total de 150W PoE. <br \/>El switch de Unifi se integra con el software UniFi Controller para la gesti&oacute;n centralizada de los dispositivos Unifi. Tambi&eacute;n cuenta con opciones de montaje vers&aacute;tiles, se puede colocar sobre un escritorio o montarse en pared o estante.<\/p>\n<table class=\"tabla_caracteristicas k-table\" width=\"100%\">\n<tbody>\n<tr>\n<td><strong>Marca<\/strong><\/td>\n<td>Ubiquiti<\/td>\n<\/tr>\n<tr>\n<td valign=\"top\"><strong>Modelo<\/strong><\/td>\n<td><strong>US-16-150W<\/strong><\/td>\n<\/tr>\n<tr>\n<td valign=\"top\"><strong>Puertos<\/strong><\/td>\n<td>&#8211; 16 x 10\/100\/1000 Mbps RJ45 Puertos Ethernet<br \/>&#8211; 2 x 1 Gbps SFP puertos Ethernet<br \/><strong>Interfaz de gesti&oacute;n<\/strong><br \/>&#8211; (1) RJ45 puerto serie fuera de la banda (Reservado para uso futuro), Ethernet en banda<\/td>\n<\/tr>\n<tr>\n<td valign=\"top\"><strong>Caracteristicas<\/strong><\/td>\n<td>&#8211; Dimensiones: 443 x 43 x 221 mm <br \/>&#8211; Peso sin los soportes de montaje: 2,80 kg<br \/>&#8211; Peso con soportes de montaje: 2,89 kg<br \/>&#8211; Total sin bloqueo rendimiento: 18 Gbps<br \/>&#8211; Capacidad de conmutaci&oacute;n: 36 Gbps<br \/>&#8211; Velocidad de reenv&iacute;o: 26.78 Mpps<br \/>&#8211; Max. Consumo energ&iacute;a con salida PoE: 150W<br \/>&#8211; Max. Consumo energ&iacute;a sin salida PoE: 28W<br \/>&#8211; Alimentaci&oacute;n: 100-240 \/ 50-60 Hz, universal input<br \/>&#8211; Fuente de alimentaci&oacute;n: AC \/ DC, Interior, 150W DC<br \/>&#8211; LEDs por puertos de datos RJ45: PoE, velocidad \/ Enlace \/ Actividad<br \/>&#8211; LEDs por Puertos de datos SFP: Velocidad \/ enlace \/ actividad<br \/>&#8211; Certificaciones: CE, FCC, IC<br \/>&#8211; ESD \/ EMP protecci&oacute;n del aire: &plusmn; 24 kV, contacto: &plusmn; 24 kV<br \/>&#8211; Temperatura de funcionamiento: -5&ordm; a 40 &deg; C <br \/>&#8211; Humedad de funcionamiento: 5% a 95% sin condensaci&oacute;n<br \/>&#8211; Golpes y vibraciones: ETSI300-019-1.4 Est&aacute;ndar<\/td>\n<\/tr>\n<tr>\n<td valign=\"top\"><strong>Enlaces<\/strong><\/td>\n<td><a href=\"https:\/\/dl.ubnt.com\/datasheets\/unifi\/UniFi_Switch_DS.pdf\" target=\"_blank\">Folleto t&eacute;cnico<\/a><br \/><a href=\"https:\/\/dl.ubnt.com\/guides\/UniFi_Switch\/US-16-150W_QSG.pdf\" target=\"_blank\">Gu&iacute;a inicio rapido<\/a><\/td>\n<\/tr>\n<tr>\n<td><strong>Fecha de revisi&oacute;n<\/strong><\/td>\n<td>19-05-2016 por MSB<\/td>\n<\/tr>\n<\/tbody>\n<\/table>\n","protected":false},"excerpt":{"rendered":"<p>El switch UniFi ofrece un rendimiento robusto sobre sus 18 puertos de conmutaci&oacute;n independientes. Dos puertos SFP ofrecen conectividad de fibra &oacute;ptica para soportar enlaces ascendentes de hasta 1 Gbps&nbsp; y 16 puertos Gigabit Ethernet ofrecen 802.3sf\/at PoE pasivo compartiendo un total de 150W PoE. El switch de Unifi se integra con el software UniFi&hellip;&nbsp;<a href=\"https:\/\/aivlisoft.net\/shop\/producto\/ubiquiti-unifi-switch-us-16-150w-16xgb-2xsfp\/\" rel=\"bookmark\"><span class=\"screen-reader-text\">Ubiquiti UniFi Switch US-16-150W 16xGB 2xSFP<\/span><\/a><\/p>\n","protected":false},"featured_media":20290,"template":"","meta":{"neve_meta_sidebar":"","neve_meta_container":"","neve_meta_enable_content_width":"","neve_meta_content_width":0,"neve_meta_title_alignment":"","neve_meta_author_avatar":"","neve_post_elements_order":"","neve_meta_disable_header":"","neve_meta_disable_footer":"","neve_meta_disable_title":""},"product_brand":[],"product_cat":[8771],"product_tag":[7249],"class_list":{"0":"post-20289","1":"product","2":"type-product","3":"status-publish","4":"has-post-thumbnail","6":"product_cat-switches-armario","7":"product_tag-us-16-150w","9":"first","10":"instock","11":"taxable","12":"shipping-taxable","13":"purchasable","14":"product-type-simple"},"yoast_head":"<!-- This site is optimized with the Yoast SEO plugin v26.0 - https:\/\/yoast.com\/wordpress\/plugins\/seo\/ -->\n<title>Ubiquiti UniFi Switch US-16-150W 16xGB 2xSFP - Aivlisoft Inform\u00e1tica<\/title>\n<meta name=\"robots\" content=\"index, follow, max-snippet:-1, max-image-preview:large, max-video-preview:-1\" \/>\n<link rel=\"canonical\" href=\"https:\/\/aivlisoft.net\/shop\/producto\/ubiquiti-unifi-switch-us-16-150w-16xgb-2xsfp\/\" \/>\n<meta property=\"og:locale\" content=\"es_ES\" \/>\n<meta property=\"og:type\" content=\"article\" \/>\n<meta property=\"og:title\" content=\"Ubiquiti UniFi Switch US-16-150W 16xGB 2xSFP - Aivlisoft Inform\u00e1tica\" \/>\n<meta property=\"og:description\" content=\"El switch UniFi ofrece un rendimiento robusto sobre sus 18 puertos de conmutaci&oacute;n independientes. Dos puertos SFP ofrecen conectividad de fibra &oacute;ptica para soportar enlaces ascendentes de hasta 1 Gbps&nbsp; y 16 puertos Gigabit Ethernet ofrecen 802.3sf\/at PoE pasivo compartiendo un total de 150W PoE. El switch de Unifi se integra con el software UniFi&hellip;&nbsp;Ubiquiti UniFi Switch US-16-150W 16xGB 2xSFP\" \/>\n<meta property=\"og:url\" content=\"https:\/\/aivlisoft.net\/shop\/producto\/ubiquiti-unifi-switch-us-16-150w-16xgb-2xsfp\/\" \/>\n<meta property=\"og:site_name\" content=\"Aivlisoft Inform\u00e1tica\" \/>\n<meta property=\"article:modified_time\" content=\"2025-01-14T11:49:49+00:00\" \/>\n<meta property=\"og:image\" content=\"https:\/\/aivlisoft.net\/shop\/wp-content\/uploads\/2025\/01\/NSWSAR0140_800.jpg\" \/>\n\t<meta property=\"og:image:width\" content=\"800\" \/>\n\t<meta property=\"og:image:height\" content=\"800\" \/>\n\t<meta property=\"og:image:type\" content=\"image\/jpeg\" \/>\n<meta name=\"twitter:card\" content=\"summary_large_image\" \/>\n<meta name=\"twitter:label1\" content=\"Tiempo de lectura\" \/>\n\t<meta name=\"twitter:data1\" content=\"1 minuto\" \/>\n<script type=\"application\/ld+json\" class=\"yoast-schema-graph\">{\"@context\":\"https:\/\/schema.org\",\"@graph\":[{\"@type\":\"WebPage\",\"@id\":\"https:\/\/aivlisoft.net\/shop\/producto\/ubiquiti-unifi-switch-us-16-150w-16xgb-2xsfp\/\",\"url\":\"https:\/\/aivlisoft.net\/shop\/producto\/ubiquiti-unifi-switch-us-16-150w-16xgb-2xsfp\/\",\"name\":\"Ubiquiti UniFi Switch US-16-150W 16xGB 2xSFP - Aivlisoft Inform\u00e1tica\",\"isPartOf\":{\"@id\":\"https:\/\/aivlisoft.net\/shop\/#website\"},\"primaryImageOfPage\":{\"@id\":\"https:\/\/aivlisoft.net\/shop\/producto\/ubiquiti-unifi-switch-us-16-150w-16xgb-2xsfp\/#primaryimage\"},\"image\":{\"@id\":\"https:\/\/aivlisoft.net\/shop\/producto\/ubiquiti-unifi-switch-us-16-150w-16xgb-2xsfp\/#primaryimage\"},\"thumbnailUrl\":\"https:\/\/aivlisoft.net\/shop\/wp-content\/uploads\/2025\/01\/NSWSAR0140_800.jpg\",\"datePublished\":\"2025-01-13T15:41:11+00:00\",\"dateModified\":\"2025-01-14T11:49:49+00:00\",\"breadcrumb\":{\"@id\":\"https:\/\/aivlisoft.net\/shop\/producto\/ubiquiti-unifi-switch-us-16-150w-16xgb-2xsfp\/#breadcrumb\"},\"inLanguage\":\"es\",\"potentialAction\":[{\"@type\":\"ReadAction\",\"target\":[\"https:\/\/aivlisoft.net\/shop\/producto\/ubiquiti-unifi-switch-us-16-150w-16xgb-2xsfp\/\"]}]},{\"@type\":\"ImageObject\",\"inLanguage\":\"es\",\"@id\":\"https:\/\/aivlisoft.net\/shop\/producto\/ubiquiti-unifi-switch-us-16-150w-16xgb-2xsfp\/#primaryimage\",\"url\":\"https:\/\/aivlisoft.net\/shop\/wp-content\/uploads\/2025\/01\/NSWSAR0140_800.jpg\",\"contentUrl\":\"https:\/\/aivlisoft.net\/shop\/wp-content\/uploads\/2025\/01\/NSWSAR0140_800.jpg\",\"width\":800,\"height\":800},{\"@type\":\"BreadcrumbList\",\"@id\":\"https:\/\/aivlisoft.net\/shop\/producto\/ubiquiti-unifi-switch-us-16-150w-16xgb-2xsfp\/#breadcrumb\",\"itemListElement\":[{\"@type\":\"ListItem\",\"position\":1,\"name\":\"Portada\",\"item\":\"https:\/\/aivlisoft.net\/shop\/\"},{\"@type\":\"ListItem\",\"position\":2,\"name\":\"Tienda\",\"item\":\"https:\/\/aivlisoft.net\/shop\/tienda\/\"},{\"@type\":\"ListItem\",\"position\":3,\"name\":\"Ubiquiti UniFi Switch US-16-150W 16xGB 2xSFP\"}]},{\"@type\":\"WebSite\",\"@id\":\"https:\/\/aivlisoft.net\/shop\/#website\",\"url\":\"https:\/\/aivlisoft.net\/shop\/\",\"name\":\"Aivlisoft Inform\u00e1tica\",\"description\":\"En Aivlisoft Inform\u00e1tica ofrecemos soluciones tecnol\u00f3gicas para empresas: venta de ordenadores, consumibles, perif\u00e9ricos y m\u00e1s. Calidad, atenci\u00f3n personalizada y los mejores precios para tu negocio.\",\"publisher\":{\"@id\":\"https:\/\/aivlisoft.net\/shop\/#organization\"},\"potentialAction\":[{\"@type\":\"SearchAction\",\"target\":{\"@type\":\"EntryPoint\",\"urlTemplate\":\"https:\/\/aivlisoft.net\/shop\/?s={search_term_string}\"},\"query-input\":{\"@type\":\"PropertyValueSpecification\",\"valueRequired\":true,\"valueName\":\"search_term_string\"}}],\"inLanguage\":\"es\"},{\"@type\":\"Organization\",\"@id\":\"https:\/\/aivlisoft.net\/shop\/#organization\",\"name\":\"Aivlisoft Inform\u00e1tica\",\"url\":\"https:\/\/aivlisoft.net\/shop\/\",\"logo\":{\"@type\":\"ImageObject\",\"inLanguage\":\"es\",\"@id\":\"https:\/\/aivlisoft.net\/shop\/#\/schema\/logo\/image\/\",\"url\":\"https:\/\/aivlisoft.net\/shop\/wp-content\/uploads\/2024\/12\/removal.ai_5b848c54-0cdf-4140-95c5-c5536bb7573b-logodef.png\",\"contentUrl\":\"https:\/\/aivlisoft.net\/shop\/wp-content\/uploads\/2024\/12\/removal.ai_5b848c54-0cdf-4140-95c5-c5536bb7573b-logodef.png\",\"width\":484,\"height\":182,\"caption\":\"Aivlisoft Inform\u00e1tica\"},\"image\":{\"@id\":\"https:\/\/aivlisoft.net\/shop\/#\/schema\/logo\/image\/\"}}]}<\/script>\n<!-- \/ Yoast SEO plugin. -->","yoast_head_json":{"title":"Ubiquiti UniFi Switch US-16-150W 16xGB 2xSFP - Aivlisoft Inform\u00e1tica","robots":{"index":"index","follow":"follow","max-snippet":"max-snippet:-1","max-image-preview":"max-image-preview:large","max-video-preview":"max-video-preview:-1"},"canonical":"https:\/\/aivlisoft.net\/shop\/producto\/ubiquiti-unifi-switch-us-16-150w-16xgb-2xsfp\/","og_locale":"es_ES","og_type":"article","og_title":"Ubiquiti UniFi Switch US-16-150W 16xGB 2xSFP - Aivlisoft Inform\u00e1tica","og_description":"El switch UniFi ofrece un rendimiento robusto sobre sus 18 puertos de conmutaci&oacute;n independientes. Dos puertos SFP ofrecen conectividad de fibra &oacute;ptica para soportar enlaces ascendentes de hasta 1 Gbps&nbsp; y 16 puertos Gigabit Ethernet ofrecen 802.3sf\/at PoE pasivo compartiendo un total de 150W PoE. El switch de Unifi se integra con el software UniFi&hellip;&nbsp;Ubiquiti UniFi Switch US-16-150W 16xGB 2xSFP","og_url":"https:\/\/aivlisoft.net\/shop\/producto\/ubiquiti-unifi-switch-us-16-150w-16xgb-2xsfp\/","og_site_name":"Aivlisoft Inform\u00e1tica","article_modified_time":"2025-01-14T11:49:49+00:00","og_image":[{"width":800,"height":800,"url":"https:\/\/aivlisoft.net\/shop\/wp-content\/uploads\/2025\/01\/NSWSAR0140_800.jpg","type":"image\/jpeg"}],"twitter_card":"summary_large_image","twitter_misc":{"Tiempo de lectura":"1 minuto"},"schema":{"@context":"https:\/\/schema.org","@graph":[{"@type":"WebPage","@id":"https:\/\/aivlisoft.net\/shop\/producto\/ubiquiti-unifi-switch-us-16-150w-16xgb-2xsfp\/","url":"https:\/\/aivlisoft.net\/shop\/producto\/ubiquiti-unifi-switch-us-16-150w-16xgb-2xsfp\/","name":"Ubiquiti UniFi Switch US-16-150W 16xGB 2xSFP - Aivlisoft Inform\u00e1tica","isPartOf":{"@id":"https:\/\/aivlisoft.net\/shop\/#website"},"primaryImageOfPage":{"@id":"https:\/\/aivlisoft.net\/shop\/producto\/ubiquiti-unifi-switch-us-16-150w-16xgb-2xsfp\/#primaryimage"},"image":{"@id":"https:\/\/aivlisoft.net\/shop\/producto\/ubiquiti-unifi-switch-us-16-150w-16xgb-2xsfp\/#primaryimage"},"thumbnailUrl":"https:\/\/aivlisoft.net\/shop\/wp-content\/uploads\/2025\/01\/NSWSAR0140_800.jpg","datePublished":"2025-01-13T15:41:11+00:00","dateModified":"2025-01-14T11:49:49+00:00","breadcrumb":{"@id":"https:\/\/aivlisoft.net\/shop\/producto\/ubiquiti-unifi-switch-us-16-150w-16xgb-2xsfp\/#breadcrumb"},"inLanguage":"es","potentialAction":[{"@type":"ReadAction","target":["https:\/\/aivlisoft.net\/shop\/producto\/ubiquiti-unifi-switch-us-16-150w-16xgb-2xsfp\/"]}]},{"@type":"ImageObject","inLanguage":"es","@id":"https:\/\/aivlisoft.net\/shop\/producto\/ubiquiti-unifi-switch-us-16-150w-16xgb-2xsfp\/#primaryimage","url":"https:\/\/aivlisoft.net\/shop\/wp-content\/uploads\/2025\/01\/NSWSAR0140_800.jpg","contentUrl":"https:\/\/aivlisoft.net\/shop\/wp-content\/uploads\/2025\/01\/NSWSAR0140_800.jpg","width":800,"height":800},{"@type":"BreadcrumbList","@id":"https:\/\/aivlisoft.net\/shop\/producto\/ubiquiti-unifi-switch-us-16-150w-16xgb-2xsfp\/#breadcrumb","itemListElement":[{"@type":"ListItem","position":1,"name":"Portada","item":"https:\/\/aivlisoft.net\/shop\/"},{"@type":"ListItem","position":2,"name":"Tienda","item":"https:\/\/aivlisoft.net\/shop\/tienda\/"},{"@type":"ListItem","position":3,"name":"Ubiquiti UniFi Switch US-16-150W 16xGB 2xSFP"}]},{"@type":"WebSite","@id":"https:\/\/aivlisoft.net\/shop\/#website","url":"https:\/\/aivlisoft.net\/shop\/","name":"Aivlisoft Inform\u00e1tica","description":"En Aivlisoft Inform\u00e1tica ofrecemos soluciones tecnol\u00f3gicas para empresas: venta de ordenadores, consumibles, perif\u00e9ricos y m\u00e1s. Calidad, atenci\u00f3n personalizada y los mejores precios para tu negocio.","publisher":{"@id":"https:\/\/aivlisoft.net\/shop\/#organization"},"potentialAction":[{"@type":"SearchAction","target":{"@type":"EntryPoint","urlTemplate":"https:\/\/aivlisoft.net\/shop\/?s={search_term_string}"},"query-input":{"@type":"PropertyValueSpecification","valueRequired":true,"valueName":"search_term_string"}}],"inLanguage":"es"},{"@type":"Organization","@id":"https:\/\/aivlisoft.net\/shop\/#organization","name":"Aivlisoft Inform\u00e1tica","url":"https:\/\/aivlisoft.net\/shop\/","logo":{"@type":"ImageObject","inLanguage":"es","@id":"https:\/\/aivlisoft.net\/shop\/#\/schema\/logo\/image\/","url":"https:\/\/aivlisoft.net\/shop\/wp-content\/uploads\/2024\/12\/removal.ai_5b848c54-0cdf-4140-95c5-c5536bb7573b-logodef.png","contentUrl":"https:\/\/aivlisoft.net\/shop\/wp-content\/uploads\/2024\/12\/removal.ai_5b848c54-0cdf-4140-95c5-c5536bb7573b-logodef.png","width":484,"height":182,"caption":"Aivlisoft Inform\u00e1tica"},"image":{"@id":"https:\/\/aivlisoft.net\/shop\/#\/schema\/logo\/image\/"}}]}},"_links":{"self":[{"href":"https:\/\/aivlisoft.net\/shop\/wp-json\/wp\/v2\/product\/20289","targetHints":{"allow":["GET"]}}],"collection":[{"href":"https:\/\/aivlisoft.net\/shop\/wp-json\/wp\/v2\/product"}],"about":[{"href":"https:\/\/aivlisoft.net\/shop\/wp-json\/wp\/v2\/types\/product"}],"wp:featuredmedia":[{"embeddable":true,"href":"https:\/\/aivlisoft.net\/shop\/wp-json\/wp\/v2\/media\/20290"}],"wp:attachment":[{"href":"https:\/\/aivlisoft.net\/shop\/wp-json\/wp\/v2\/media?parent=20289"}],"wp:term":[{"taxonomy":"product_brand","embeddable":true,"href":"https:\/\/aivlisoft.net\/shop\/wp-json\/wp\/v2\/product_brand?post=20289"},{"taxonomy":"product_cat","embeddable":true,"href":"https:\/\/aivlisoft.net\/shop\/wp-json\/wp\/v2\/product_cat?post=20289"},{"taxonomy":"product_tag","embeddable":true,"href":"https:\/\/aivlisoft.net\/shop\/wp-json\/wp\/v2\/product_tag?post=20289"}],"curies":[{"name":"wp","href":"https:\/\/api.w.org\/{rel}","templated":true}]}}